{"id":6917,"date":"2024-10-06T20:40:07","date_gmt":"2024-10-06T20:40:07","guid":{"rendered":"https:\/\/megapets.eu\/dodavka\/"},"modified":"2024-10-06T20:40:07","modified_gmt":"2024-10-06T20:40:07","slug":"dodavka","status":"publish","type":"page","link":"https:\/\/megapets.eu\/cs\/dodavka\/","title":{"rendered":"Dod\u00e1vka"},"content":{"rendered":"<div class=\"wpb-content-wrapper\"><div class=\"porto-block\" data-id=\"6323\"><style>.wpb_custom_9bdc3fad9b77c07f8c32fe2d2273838e .porto-sicon-title{color: var(--porto-secondary-color);}.wpb_custom_9bdc3fad9b77c07f8c32fe2d2273838e.porto-sicon-mobile{--porto-infobox-mpos-align: center;}.wpb_custom_6e59a409a0311227dd42fdc628b1e726 .porto-sicon-title{color: #00a000;}.wpb_custom_6e59a409a0311227dd42fdc628b1e726.porto-sicon-mobile{--porto-infobox-mpos-align: center;}<\/style>.\r\n\r\n[vc_row][vc_column]<div class=\"porto-sicon-box  wpb_custom_9bdc3fad9b77c07f8c32fe2d2273838e style_1 default-icon flex-wrap\"><div class=\"porto-sicon-default\"><div class=\"porto-just-icon-wrapper porto-icon none\" style=\"color:var(--porto-secondary-color);font-size:24px;\"><i class=\"fas fa-th\"><\/i><\/div><\/div><div class=\"porto-sicon-header\"><h4 class=\"porto-sicon-title\" style=\"\">Paczkomaty<\/h4><\/div> <!-- header --><div class=\"porto-sicon-description\" style=\"\"><strong>Doru\u010den\u00ed do bal\u00edkomatu InPost:<\/strong> 15 z\u0142\r\nDoru\u010den\u00ed zdarma od 75 z\u0142<\/div> <!-- description --><\/div><!-- porto-sicon-box --><div class=\"porto-sicon-box  wpb_custom_9bdc3fad9b77c07f8c32fe2d2273838e style_1 default-icon flex-wrap\"><div class=\"porto-sicon-default\"><div class=\"porto-just-icon-wrapper porto-icon none\" style=\"color:var(--porto-secondary-color);font-size:24px;\"><i class=\"fas fa-shipping-fast\"><\/i><\/div><\/div><div class=\"porto-sicon-header\"><h4 class=\"porto-sicon-title\" style=\"\">Kur\u00fdrn\u00ed dod\u00e1vky<\/h4><\/div> <!-- header --><div class=\"porto-sicon-description\" style=\"\"><strong>Kur\u00fdr DPD:<\/strong> 12 z\u0142\r\nDoru\u010den\u00ed zdarma od 65 z\u0142\r\n\r\n<strong>Kur\u00fdr InPost:<\/strong> 15 z\u0142\r\nDoru\u010den\u00ed zdarma od 75 z\u0142<\/div> <!-- description --><\/div><!-- porto-sicon-box -->[vc_empty_space]<div class=\"porto-sicon-box  wpb_custom_6e59a409a0311227dd42fdc628b1e726 style_1 default-icon flex-wrap\"><div class=\"porto-sicon-default\"><div class=\"porto-just-icon-wrapper porto-icon none\" style=\"color:#009100;font-size:24px;\"><i class=\"fas fa-globe-americas\"><\/i><\/div><\/div><div class=\"porto-sicon-header\"><h3 class=\"porto-sicon-title\" style=\"\">Standardn\u00ed mezin\u00e1rodn\u00ed z\u00e1silky<\/h3><\/div> <!-- header --><div class=\"porto-sicon-description\" style=\"\"><strong>P\u0159eprava do zahrani\u010d\u00ed:<\/strong> \u00a369\r\nZahrnuje: Belgie, \u010cesk\u00e1 republika, D\u00e1nsko, Estonsko, Nizozemsko, Litva, Lucembursko, Loty\u0161sko, N\u011bmecko, Rakousko, Slovensko, Ma\u010farsko.\r\n\r\nDoprava zdarma od 650 z\u0142<\/div> <!-- description --><\/div><!-- porto-sicon-box --><div class=\"porto-sicon-box  wpb_custom_6e59a409a0311227dd42fdc628b1e726 style_1 default-icon flex-wrap\"><div class=\"porto-sicon-default\"><div class=\"porto-just-icon-wrapper porto-icon none\" style=\"color:#009100;font-size:24px;\"><i class=\"fas fa-globe\"><\/i><\/div><\/div><div class=\"porto-sicon-header\"><h3 class=\"porto-sicon-title\" style=\"\">Standardn\u00ed mezin\u00e1rodn\u00ed z\u00e1silky<\/h3><\/div> <!-- header --><div class=\"porto-sicon-description\" style=\"\"><strong>Doprava do zahrani\u010d\u00ed:<\/strong> \u00a399\r\nZahrnuje: Bulharsko, Chorvatsko, Finsko, Francie, \u0158ecko, \u0160pan\u011blsko, Irsko, Portugalsko, Rumunsko, Slovinsko, \u0160v\u00e9dsko, It\u00e1lie, Velk\u00e1 Brit\u00e1nie, \u0160v\u00fdcarsko.\r\n\r\nDoprava zdarma od 650 z\u0142<\/div> <!-- description --><\/div><!-- porto-sicon-box -->[vc_column_text css=\"\"]\ud83d\udce6 Zas\u00edl\u00e1n\u00ed do v\u0161ech zem\u00ed EU i do Anglie.[\/vc_column_text][\/vc_column][\/vc_row]<\/div>\n<\/div>","protected":false},"excerpt":{"rendered":". [vc_row][vc_column]Paczkomaty Doru\u010den\u00ed do bal\u00edkomatu InPost: 15 z\u0142 Doru\u010den\u00ed zdarma od 75 z\u0142 Kur\u00fdrn\u00ed dod\u00e1vky Kur\u00fdr DPD: 12 z\u0142 Doru\u010den\u00ed zdarma od 65 z\u0142 Kur\u00fdr InPost: 15 z\u0142 Doru\u010den\u00ed zdarma od 75 z\u0142 [vc_empty_space]Standardn\u00ed mezin\u00e1rodn\u00ed z\u00e1silky P\u0159eprava do zahrani\u010d\u00ed: \u00a369 Zahrnuje: Belgie, \u010cesk\u00e1 republika, D\u00e1nsko, Estonsko, Nizozemsko, Litva, Lucembursko, Loty\u0161sko, N\u011bmecko, Rakousko, Slovensko, Ma\u010farsko. Doprava [...]","protected":false},"author":4,"featured_media":0,"parent":0,"menu_order":0,"comment_status":"closed","ping_status":"closed","template":"","meta":{"_acf_changed":false,"footnotes":"","_links_to":"","_links_to_target":""},"class_list":["post-6917","page","type-page","status-publish","hentry"],"acf":[],"yoast_head":"<!-- This site is optimized with the Yoast SEO plugin v24.9 - https:\/\/yoast.com\/wordpress\/plugins\/seo\/ -->\n<title>Dod\u00e1vka | MegaPets<\/title>\n<meta name=\"robots\" content=\"index, follow, max-snippet:-1, max-image-preview:large, max-video-preview:-1\" \/>\n<link rel=\"canonical\" href=\"https:\/\/megapets.eu\/cs\/dodavka\/\" \/>\n<meta property=\"og:locale\" content=\"cs_CZ\" \/>\n<meta property=\"og:type\" content=\"article\" \/>\n<meta property=\"og:title\" content=\"Dod\u00e1vka | MegaPets\" \/>\n<meta property=\"og:url\" content=\"https:\/\/megapets.eu\/cs\/dodavka\/\" \/>\n<meta property=\"og:site_name\" content=\"MegaPets\" \/>\n<meta property=\"article:publisher\" content=\"https:\/\/www.facebook.com\/MegaPets.eu\/\" \/>\n<meta property=\"og:image\" content=\"https:\/\/megapets.eu\/wp-content\/uploads\/2025\/04\/megapets_eu-info-scaled.png\" \/>\n\t<meta property=\"og:image:width\" content=\"2560\" \/>\n\t<meta property=\"og:image:height\" content=\"1735\" \/>\n\t<meta property=\"og:image:type\" content=\"image\/png\" \/>\n<meta name=\"twitter:card\" content=\"summary_large_image\" \/>\n<script type=\"application\/ld+json\" class=\"yoast-schema-graph\">{\"@context\":\"https:\/\/schema.org\",\"@graph\":[{\"@type\":\"WebPage\",\"@id\":\"https:\/\/megapets.eu\/cs\/dodavka\/\",\"url\":\"https:\/\/megapets.eu\/cs\/dodavka\/\",\"name\":\"Dod\u00e1vka | MegaPets\",\"isPartOf\":{\"@id\":\"https:\/\/megapets.eu\/cs\/#website\"},\"datePublished\":\"2024-10-06T20:40:07+00:00\",\"breadcrumb\":{\"@id\":\"https:\/\/megapets.eu\/cs\/dodavka\/#breadcrumb\"},\"inLanguage\":\"cs\",\"potentialAction\":[{\"@type\":\"ReadAction\",\"target\":[\"https:\/\/megapets.eu\/cs\/dodavka\/\"]}]},{\"@type\":\"BreadcrumbList\",\"@id\":\"https:\/\/megapets.eu\/cs\/dodavka\/#breadcrumb\",\"itemListElement\":[{\"@type\":\"ListItem\",\"position\":1,\"name\":\"Strona g\u0142\u00f3wna\",\"item\":\"https:\/\/megapets.eu\/cs\/\"},{\"@type\":\"ListItem\",\"position\":2,\"name\":\"Dod\u00e1vka\"}]},{\"@type\":\"WebSite\",\"@id\":\"https:\/\/megapets.eu\/cs\/#website\",\"url\":\"https:\/\/megapets.eu\/cs\/\",\"name\":\"Mega Pets\",\"description\":\"Jedna z najwi\u0119kszych hodowli \u015blimak\u00f3w w Europie\",\"publisher\":{\"@id\":\"https:\/\/megapets.eu\/cs\/#organization\"},\"alternateName\":\"Mega Pets\",\"potentialAction\":[{\"@type\":\"SearchAction\",\"target\":{\"@type\":\"EntryPoint\",\"urlTemplate\":\"https:\/\/megapets.eu\/cs\/?s={search_term_string}\"},\"query-input\":{\"@type\":\"PropertyValueSpecification\",\"valueRequired\":true,\"valueName\":\"search_term_string\"}}],\"inLanguage\":\"cs\"},{\"@type\":\"Organization\",\"@id\":\"https:\/\/megapets.eu\/cs\/#organization\",\"name\":\"Mega Pets\",\"url\":\"https:\/\/megapets.eu\/cs\/\",\"logo\":{\"@type\":\"ImageObject\",\"inLanguage\":\"cs\",\"@id\":\"https:\/\/megapets.eu\/cs\/#\/schema\/logo\/image\/\",\"url\":\"https:\/\/megapets.eu\/wp-content\/uploads\/2025\/04\/megapets_eu-logo.png\",\"contentUrl\":\"https:\/\/megapets.eu\/wp-content\/uploads\/2025\/04\/megapets_eu-logo.png\",\"width\":2362,\"height\":2362,\"caption\":\"Mega Pets\"},\"image\":{\"@id\":\"https:\/\/megapets.eu\/cs\/#\/schema\/logo\/image\/\"},\"sameAs\":[\"https:\/\/www.facebook.com\/MegaPets.eu\/\"]}]}<\/script>\n<!-- \/ Yoast SEO plugin. -->","yoast_head_json":{"title":"Dod\u00e1vka | MegaPets","robots":{"index":"index","follow":"follow","max-snippet":"max-snippet:-1","max-image-preview":"max-image-preview:large","max-video-preview":"max-video-preview:-1"},"canonical":"https:\/\/megapets.eu\/cs\/dodavka\/","og_locale":"cs_CZ","og_type":"article","og_title":"Dod\u00e1vka | MegaPets","og_url":"https:\/\/megapets.eu\/cs\/dodavka\/","og_site_name":"MegaPets","article_publisher":"https:\/\/www.facebook.com\/MegaPets.eu\/","og_image":[{"width":2560,"height":1735,"url":"https:\/\/megapets.eu\/wp-content\/uploads\/2025\/04\/megapets_eu-info-scaled.png","type":"image\/png"}],"twitter_card":"summary_large_image","schema":{"@context":"https:\/\/schema.org","@graph":[{"@type":"WebPage","@id":"https:\/\/megapets.eu\/cs\/dodavka\/","url":"https:\/\/megapets.eu\/cs\/dodavka\/","name":"Dod\u00e1vka | MegaPets","isPartOf":{"@id":"https:\/\/megapets.eu\/cs\/#website"},"datePublished":"2024-10-06T20:40:07+00:00","breadcrumb":{"@id":"https:\/\/megapets.eu\/cs\/dodavka\/#breadcrumb"},"inLanguage":"cs","potentialAction":[{"@type":"ReadAction","target":["https:\/\/megapets.eu\/cs\/dodavka\/"]}]},{"@type":"BreadcrumbList","@id":"https:\/\/megapets.eu\/cs\/dodavka\/#breadcrumb","itemListElement":[{"@type":"ListItem","position":1,"name":"Strona g\u0142\u00f3wna","item":"https:\/\/megapets.eu\/cs\/"},{"@type":"ListItem","position":2,"name":"Dod\u00e1vka"}]},{"@type":"WebSite","@id":"https:\/\/megapets.eu\/cs\/#website","url":"https:\/\/megapets.eu\/cs\/","name":"Mega Pets","description":"Jedna z najwi\u0119kszych hodowli \u015blimak\u00f3w w Europie","publisher":{"@id":"https:\/\/megapets.eu\/cs\/#organization"},"alternateName":"Mega Pets","potentialAction":[{"@type":"SearchAction","target":{"@type":"EntryPoint","urlTemplate":"https:\/\/megapets.eu\/cs\/?s={search_term_string}"},"query-input":{"@type":"PropertyValueSpecification","valueRequired":true,"valueName":"search_term_string"}}],"inLanguage":"cs"},{"@type":"Organization","@id":"https:\/\/megapets.eu\/cs\/#organization","name":"Mega Pets","url":"https:\/\/megapets.eu\/cs\/","logo":{"@type":"ImageObject","inLanguage":"cs","@id":"https:\/\/megapets.eu\/cs\/#\/schema\/logo\/image\/","url":"https:\/\/megapets.eu\/wp-content\/uploads\/2025\/04\/megapets_eu-logo.png","contentUrl":"https:\/\/megapets.eu\/wp-content\/uploads\/2025\/04\/megapets_eu-logo.png","width":2362,"height":2362,"caption":"Mega Pets"},"image":{"@id":"https:\/\/megapets.eu\/cs\/#\/schema\/logo\/image\/"},"sameAs":["https:\/\/www.facebook.com\/MegaPets.eu\/"]}]}},"_links":{"self":[{"href":"https:\/\/megapets.eu\/cs\/wp-json\/wp\/v2\/pages\/6917","targetHints":{"allow":["GET"]}}],"collection":[{"href":"https:\/\/megapets.eu\/cs\/wp-json\/wp\/v2\/pages"}],"about":[{"href":"https:\/\/megapets.eu\/cs\/wp-json\/wp\/v2\/types\/page"}],"author":[{"embeddable":true,"href":"https:\/\/megapets.eu\/cs\/wp-json\/wp\/v2\/users\/4"}],"replies":[{"embeddable":true,"href":"https:\/\/megapets.eu\/cs\/wp-json\/wp\/v2\/comments?post=6917"}],"version-history":[{"count":0,"href":"https:\/\/megapets.eu\/cs\/wp-json\/wp\/v2\/pages\/6917\/revisions"}],"wp:attachment":[{"href":"https:\/\/megapets.eu\/cs\/wp-json\/wp\/v2\/media?parent=6917"}],"curies":[{"name":"wp","href":"https:\/\/api.w.org\/{rel}","templated":true}]}}