{"id":6343,"date":"2025-04-08T14:07:19","date_gmt":"2025-04-08T14:07:19","guid":{"rendered":"https:\/\/megapets.eu\/neza\u0159azen\u00e9\/archachatina-marginata-grevilleistandard-stripe-apex-para-p4\/"},"modified":"2025-09-30T18:07:39","modified_gmt":"2025-09-30T18:07:39","slug":"archachatina-marginata-grevilleistandard-stripe-apex-para-p4","status":"publish","type":"product","link":"https:\/\/megapets.eu\/cs\/sneci\/archachatina-marginata-grevilleistandard-stripe-apex-para-p4\/","title":{"rendered":"Archachatina marginata grevillei<br \/>standard &#8222;stripe apex&#8220; \/ para P4"},"content":{"rendered":"<p><span style=\"color: #424242; font-size: 15px;\"><strong><em><span style=\"color: #000000;\">Druh: <\/span><\/em><\/strong><span style=\"color: #000000;\"><em>Archachatina marginata grevillei<\/em><\/span><strong><em><br \/>\n<span style=\"color: #000000;\">Zvl\u00e1\u0161tn\u00ed ozna\u010den\u00ed rodu: <\/span><\/em><\/strong><em><span style=\"color: #000000;\">&#8222;stripe apex&#8220;<\/span><\/em><strong><em><br \/>\n<span style=\"color: #000000;\">Barevn\u00e1 varieta:<\/span><\/em><\/strong><em><span style=\"color: #000000;\"> standardn\u00ed<\/span><\/em><\/span><\/p>\n<p style=\"text-align: left;\"><span style=\"font-size: 15px;\"><strong><span style=\"color: #000000;\"><em><span style=\"color: #008000;\"><span style=\"color: #424242;\"><img decoding=\"async\" src=\"https:\/\/static.xx.fbcdn.net\/images\/emoji.php\/v9\/tb4\/1\/16\/2b50.png\" alt=\"\u2b50\ufe0f\" \/> <\/span><\/span><\/em><\/span><\/strong><span style=\"color: #000000;\"><em>Nab\u00edzen\u00e1 ml\u00e1\u010fata z nep\u0159\u00edbuzn\u00e9ho rodi\u010dovsk\u00e9ho p\u00e1ru, &#8222;stripe apex&#8220; &#8211; syt\u011b r\u016f\u017eov\u00fd vrchol, prvn\u00ed z\u00e1vity ulity zbarven\u00e9 tmav\u00fdmi pruhy.<\/em><\/span><\/span><\/p>\n<p style=\"text-align: left;\"><span style=\"font-size: 15px;\"><span style=\"color: #000000;\"><em><span style=\"color: #008000;\"><span style=\"color: #424242;\"><strong>\u2600\ufe0f<\/strong> <\/span><\/span><\/em><\/span><\/span><span style=\"font-size: 15px;\"><span style=\"color: #000000;\"><em><span style=\"color: #008000;\"><span style=\"color: #424242;\"><span style=\"color: #ff6600;\">Slune\u010dn\u00ed kr\u00e1sky na\u0161eho chovu, sen mnoha milovn\u00edk\u016f \u0161nek\u016f Archachatina marginata grevillei. Jedn\u00e1 se o mal\u00fd, kr\u00e1sn\u00fd a v chovech z\u0159\u00eddka v\u00eddan\u00fd exotick\u00fd druh pl\u017ee. Pouze vyl\u00edhl\u00e1 batolata tohoto druhu vypadaj\u00ed jako \u0161perkov\u00e9 kameny \ud83d\udc8e\ud83d\udc9c.<\/span><\/span><\/span><\/em><\/span><\/span><\/p>\n<p style=\"text-align: left;\"><span style=\"color: #000000; font-size: 15px;\"><em><span class=\"x1xsqp64 xiy17q3 x1o6pynw x19co3pv xdj266r xcwd3tp xat24cr x39eecv x2b8uid\" data-testid=\"emoji\"><span class=\"xexx8yu xn5pp95 x18d9i69 x2fxd7x x3jgonx x1bhl96m\"><img loading=\"lazy\" decoding=\"async\" class=\"\" src=\"https:\/\/static.xx.fbcdn.net\/images\/emoji.php\/v9\/t66\/1\/32\/1f4cc.png\" alt=\"\ud83d\udccc\" width=\"18\" height=\"18\" \/> C\u00edlov\u00e1 velikost ulity dosp\u011bl\u00e9ho jedince je asi 9-10 cm.<\/span><\/span><\/em><\/span><\/p>\n<p style=\"text-align: left;\"><span style=\"color: #000000; font-size: 15px;\"><em><img loading=\"lazy\" decoding=\"async\" class=\"xz74otr\" src=\"https:\/\/static.xx.fbcdn.net\/images\/emoji.php\/v9\/t1e\/1\/16\/1f33f.png\" alt=\"\ud83c\udf3f\" width=\"18\" height=\"18\" \/> <span style=\"color: #008000;\">Stejn\u011b jako v\u011bt\u0161ina druh\u016f rodu Archachatina jsou tito pl\u017ei nen\u00e1ro\u010dn\u00ed a p\u0159i zaji\u0161t\u011bn\u00ed z\u00e1kladn\u00edch podm\u00ednek pro \u00fadr\u017ebu se jim dob\u0159e da\u0159\u00ed.<\/span><\/em><\/span><\/p>\n","protected":false},"excerpt":{"rendered":"<ul>\n<li>Od nesouvisej\u00edc\u00edho p\u00e1ru:\n<ul>\n<li>P4<\/li>\n<\/ul>\n<\/li>\n<li>C\u00edlov\u00e1 velikost n\u00e1bojnice:\n<ul>\n<li>cca. 9-10 cm<\/li>\n<\/ul>\n<\/li>\n<li>Nab\u00edzen\u00e9 ml\u00e1d\u011b:\n<ul>\n<li>cca. 5-6 cm<\/li>\n<\/ul>\n<\/li>\n<li>Cena je za:\n<ul>\n<li>Cena za 1 ks<\/li>\n<\/ul>\n<\/li>\n<\/ul>\n","protected":false},"featured_media":6344,"template":"","meta":{"_acf_changed":false,"_links_to":"","_links_to_target":""},"product_cat":[161],"product_tag":[],"class_list":{"0":"post-6343","1":"product","2":"type-product","3":"status-publish","4":"has-post-thumbnail","6":"product_cat-sneci","8":"first","9":"outofstock","10":"shipping-taxable","11":"purchasable","12":"product-type-simple"},"acf":[],"yoast_head":"<!-- This site is optimized with the Yoast SEO plugin v24.9 - https:\/\/yoast.com\/wordpress\/plugins\/seo\/ -->\n<title>Archachatina marginata grevilleistandard &quot;stripe apex&quot; \/ para P4 | MegaPets<\/title>\n<meta name=\"robots\" content=\"index, follow, max-snippet:-1, max-image-preview:large, max-video-preview:-1\" \/>\n<link rel=\"canonical\" href=\"https:\/\/megapets.eu\/cs\/sneci\/archachatina-marginata-grevilleistandard-stripe-apex-para-p4\/\" \/>\n<meta property=\"og:locale\" content=\"cs_CZ\" \/>\n<meta property=\"og:type\" content=\"article\" \/>\n<meta property=\"og:title\" content=\"Archachatina marginata grevilleistandard &quot;stripe apex&quot; \/ para P4 | MegaPets\" \/>\n<meta property=\"og:description\" content=\"Od nesouvisej\u00edc\u00edho p\u00e1ru:  P4   C\u00edlov\u00e1 velikost n\u00e1bojnice:  cca. 9-10 cm   Nab\u00edzen\u00e9 ml\u00e1d\u011b:  cca. 5-6 cm   Cena je za:  Cena za 1 ks\" \/>\n<meta property=\"og:url\" content=\"https:\/\/megapets.eu\/cs\/sneci\/archachatina-marginata-grevilleistandard-stripe-apex-para-p4\/\" \/>\n<meta property=\"og:site_name\" content=\"MegaPets\" \/>\n<meta property=\"article:publisher\" content=\"https:\/\/www.facebook.com\/MegaPets.eu\/\" \/>\n<meta property=\"article:modified_time\" content=\"2025-09-30T18:07:39+00:00\" \/>\n<meta property=\"og:image\" content=\"https:\/\/megapets.eu\/wp-content\/uploads\/2025\/04\/221-1024x765.png\" \/>\n\t<meta property=\"og:image:width\" content=\"1024\" \/>\n\t<meta property=\"og:image:height\" content=\"765\" \/>\n\t<meta property=\"og:image:type\" content=\"image\/png\" \/>\n<meta name=\"twitter:card\" content=\"summary_large_image\" \/>\n<meta name=\"twitter:label1\" content=\"Odhadovan\u00e1 doba \u010dten\u00ed\" \/>\n\t<meta name=\"twitter:data1\" content=\"1 minuta\" \/>\n<script type=\"application\/ld+json\" class=\"yoast-schema-graph\">{\"@context\":\"https:\/\/schema.org\",\"@graph\":[{\"@type\":\"WebPage\",\"@id\":\"https:\/\/megapets.eu\/cs\/sneci\/archachatina-marginata-grevilleistandard-stripe-apex-para-p4\/\",\"url\":\"https:\/\/megapets.eu\/cs\/sneci\/archachatina-marginata-grevilleistandard-stripe-apex-para-p4\/\",\"name\":\"Archachatina marginata grevillei standard \\\"stripe apex\\\" \/ para P4 | MegaPets\",\"isPartOf\":{\"@id\":\"https:\/\/megapets.eu\/cs\/#website\"},\"primaryImageOfPage\":{\"@id\":\"https:\/\/megapets.eu\/cs\/sneci\/archachatina-marginata-grevilleistandard-stripe-apex-para-p4\/#primaryimage\"},\"image\":{\"@id\":\"https:\/\/megapets.eu\/cs\/sneci\/archachatina-marginata-grevilleistandard-stripe-apex-para-p4\/#primaryimage\"},\"thumbnailUrl\":\"https:\/\/megapets.eu\/wp-content\/uploads\/2025\/04\/221.png\",\"datePublished\":\"2025-04-08T14:07:19+00:00\",\"dateModified\":\"2025-09-30T18:07:39+00:00\",\"breadcrumb\":{\"@id\":\"https:\/\/megapets.eu\/cs\/sneci\/archachatina-marginata-grevilleistandard-stripe-apex-para-p4\/#breadcrumb\"},\"inLanguage\":\"cs\",\"potentialAction\":[{\"@type\":\"ReadAction\",\"target\":[\"https:\/\/megapets.eu\/cs\/sneci\/archachatina-marginata-grevilleistandard-stripe-apex-para-p4\/\"]}]},{\"@type\":\"ImageObject\",\"inLanguage\":\"cs\",\"@id\":\"https:\/\/megapets.eu\/cs\/sneci\/archachatina-marginata-grevilleistandard-stripe-apex-para-p4\/#primaryimage\",\"url\":\"https:\/\/megapets.eu\/wp-content\/uploads\/2025\/04\/221.png\",\"contentUrl\":\"https:\/\/megapets.eu\/wp-content\/uploads\/2025\/04\/221.png\",\"width\":2769,\"height\":2069},{\"@type\":\"BreadcrumbList\",\"@id\":\"https:\/\/megapets.eu\/cs\/sneci\/archachatina-marginata-grevilleistandard-stripe-apex-para-p4\/#breadcrumb\",\"itemListElement\":[{\"@type\":\"ListItem\",\"position\":1,\"name\":\"Strona g\u0142\u00f3wna\",\"item\":\"https:\/\/megapets.eu\/cs\/\"},{\"@type\":\"ListItem\",\"position\":2,\"name\":\"Obchod\",\"item\":\"https:\/\/megapets.eu\/obchod\/\"},{\"@type\":\"ListItem\",\"position\":3,\"name\":\"Archachatina marginata grevilleistandard &#8222;stripe apex\\\" \/ para P4\"}]},{\"@type\":\"WebSite\",\"@id\":\"https:\/\/megapets.eu\/cs\/#website\",\"url\":\"https:\/\/megapets.eu\/cs\/\",\"name\":\"Mega Pets\",\"description\":\"Jedna z najwi\u0119kszych hodowli \u015blimak\u00f3w w Europie\",\"publisher\":{\"@id\":\"https:\/\/megapets.eu\/cs\/#organization\"},\"alternateName\":\"Mega Pets\",\"potentialAction\":[{\"@type\":\"SearchAction\",\"target\":{\"@type\":\"EntryPoint\",\"urlTemplate\":\"https:\/\/megapets.eu\/cs\/?s={search_term_string}\"},\"query-input\":{\"@type\":\"PropertyValueSpecification\",\"valueRequired\":true,\"valueName\":\"search_term_string\"}}],\"inLanguage\":\"cs\"},{\"@type\":\"Organization\",\"@id\":\"https:\/\/megapets.eu\/cs\/#organization\",\"name\":\"Mega Pets\",\"url\":\"https:\/\/megapets.eu\/cs\/\",\"logo\":{\"@type\":\"ImageObject\",\"inLanguage\":\"cs\",\"@id\":\"https:\/\/megapets.eu\/cs\/#\/schema\/logo\/image\/\",\"url\":\"https:\/\/megapets.eu\/wp-content\/uploads\/2025\/04\/megapets_eu-logo.png\",\"contentUrl\":\"https:\/\/megapets.eu\/wp-content\/uploads\/2025\/04\/megapets_eu-logo.png\",\"width\":2362,\"height\":2362,\"caption\":\"Mega Pets\"},\"image\":{\"@id\":\"https:\/\/megapets.eu\/cs\/#\/schema\/logo\/image\/\"},\"sameAs\":[\"https:\/\/www.facebook.com\/MegaPets.eu\/\"]}]}<\/script>\n<!-- \/ Yoast SEO plugin. -->","yoast_head_json":{"title":"Archachatina marginata grevilleistandard \"stripe apex\" \/ para P4 | MegaPets","robots":{"index":"index","follow":"follow","max-snippet":"max-snippet:-1","max-image-preview":"max-image-preview:large","max-video-preview":"max-video-preview:-1"},"canonical":"https:\/\/megapets.eu\/cs\/sneci\/archachatina-marginata-grevilleistandard-stripe-apex-para-p4\/","og_locale":"cs_CZ","og_type":"article","og_title":"Archachatina marginata grevilleistandard \"stripe apex\" \/ para P4 | MegaPets","og_description":"Od nesouvisej\u00edc\u00edho p\u00e1ru:  P4   C\u00edlov\u00e1 velikost n\u00e1bojnice:  cca. 9-10 cm   Nab\u00edzen\u00e9 ml\u00e1d\u011b:  cca. 5-6 cm   Cena je za:  Cena za 1 ks","og_url":"https:\/\/megapets.eu\/cs\/sneci\/archachatina-marginata-grevilleistandard-stripe-apex-para-p4\/","og_site_name":"MegaPets","article_publisher":"https:\/\/www.facebook.com\/MegaPets.eu\/","article_modified_time":"2025-09-30T18:07:39+00:00","og_image":[{"width":1024,"height":765,"url":"https:\/\/megapets.eu\/wp-content\/uploads\/2025\/04\/221-1024x765.png","type":"image\/png"}],"twitter_card":"summary_large_image","twitter_misc":{"Odhadovan\u00e1 doba \u010dten\u00ed":"1 minuta"},"schema":{"@context":"https:\/\/schema.org","@graph":[{"@type":"WebPage","@id":"https:\/\/megapets.eu\/cs\/sneci\/archachatina-marginata-grevilleistandard-stripe-apex-para-p4\/","url":"https:\/\/megapets.eu\/cs\/sneci\/archachatina-marginata-grevilleistandard-stripe-apex-para-p4\/","name":"Archachatina marginata grevillei standard \"stripe apex\" \/ para P4 | MegaPets","isPartOf":{"@id":"https:\/\/megapets.eu\/cs\/#website"},"primaryImageOfPage":{"@id":"https:\/\/megapets.eu\/cs\/sneci\/archachatina-marginata-grevilleistandard-stripe-apex-para-p4\/#primaryimage"},"image":{"@id":"https:\/\/megapets.eu\/cs\/sneci\/archachatina-marginata-grevilleistandard-stripe-apex-para-p4\/#primaryimage"},"thumbnailUrl":"https:\/\/megapets.eu\/wp-content\/uploads\/2025\/04\/221.png","datePublished":"2025-04-08T14:07:19+00:00","dateModified":"2025-09-30T18:07:39+00:00","breadcrumb":{"@id":"https:\/\/megapets.eu\/cs\/sneci\/archachatina-marginata-grevilleistandard-stripe-apex-para-p4\/#breadcrumb"},"inLanguage":"cs","potentialAction":[{"@type":"ReadAction","target":["https:\/\/megapets.eu\/cs\/sneci\/archachatina-marginata-grevilleistandard-stripe-apex-para-p4\/"]}]},{"@type":"ImageObject","inLanguage":"cs","@id":"https:\/\/megapets.eu\/cs\/sneci\/archachatina-marginata-grevilleistandard-stripe-apex-para-p4\/#primaryimage","url":"https:\/\/megapets.eu\/wp-content\/uploads\/2025\/04\/221.png","contentUrl":"https:\/\/megapets.eu\/wp-content\/uploads\/2025\/04\/221.png","width":2769,"height":2069},{"@type":"BreadcrumbList","@id":"https:\/\/megapets.eu\/cs\/sneci\/archachatina-marginata-grevilleistandard-stripe-apex-para-p4\/#breadcrumb","itemListElement":[{"@type":"ListItem","position":1,"name":"Strona g\u0142\u00f3wna","item":"https:\/\/megapets.eu\/cs\/"},{"@type":"ListItem","position":2,"name":"Obchod","item":"https:\/\/megapets.eu\/obchod\/"},{"@type":"ListItem","position":3,"name":"Archachatina marginata grevilleistandard &#8222;stripe apex\" \/ para P4"}]},{"@type":"WebSite","@id":"https:\/\/megapets.eu\/cs\/#website","url":"https:\/\/megapets.eu\/cs\/","name":"Mega Pets","description":"Jedna z najwi\u0119kszych hodowli \u015blimak\u00f3w w Europie","publisher":{"@id":"https:\/\/megapets.eu\/cs\/#organization"},"alternateName":"Mega Pets","potentialAction":[{"@type":"SearchAction","target":{"@type":"EntryPoint","urlTemplate":"https:\/\/megapets.eu\/cs\/?s={search_term_string}"},"query-input":{"@type":"PropertyValueSpecification","valueRequired":true,"valueName":"search_term_string"}}],"inLanguage":"cs"},{"@type":"Organization","@id":"https:\/\/megapets.eu\/cs\/#organization","name":"Mega Pets","url":"https:\/\/megapets.eu\/cs\/","logo":{"@type":"ImageObject","inLanguage":"cs","@id":"https:\/\/megapets.eu\/cs\/#\/schema\/logo\/image\/","url":"https:\/\/megapets.eu\/wp-content\/uploads\/2025\/04\/megapets_eu-logo.png","contentUrl":"https:\/\/megapets.eu\/wp-content\/uploads\/2025\/04\/megapets_eu-logo.png","width":2362,"height":2362,"caption":"Mega Pets"},"image":{"@id":"https:\/\/megapets.eu\/cs\/#\/schema\/logo\/image\/"},"sameAs":["https:\/\/www.facebook.com\/MegaPets.eu\/"]}]}},"_links":{"self":[{"href":"https:\/\/megapets.eu\/cs\/wp-json\/wp\/v2\/product\/6343","targetHints":{"allow":["GET"]}}],"collection":[{"href":"https:\/\/megapets.eu\/cs\/wp-json\/wp\/v2\/product"}],"about":[{"href":"https:\/\/megapets.eu\/cs\/wp-json\/wp\/v2\/types\/product"}],"wp:featuredmedia":[{"embeddable":true,"href":"https:\/\/megapets.eu\/cs\/wp-json\/wp\/v2\/media\/6344"}],"wp:attachment":[{"href":"https:\/\/megapets.eu\/cs\/wp-json\/wp\/v2\/media?parent=6343"}],"wp:term":[{"taxonomy":"product_cat","embeddable":true,"href":"https:\/\/megapets.eu\/cs\/wp-json\/wp\/v2\/product_cat?post=6343"},{"taxonomy":"product_tag","embeddable":true,"href":"https:\/\/megapets.eu\/cs\/wp-json\/wp\/v2\/product_tag?post=6343"}],"curies":[{"name":"wp","href":"https:\/\/api.w.org\/{rel}","templated":true}]}}