{"id":6352,"date":"2025-04-10T09:51:28","date_gmt":"2025-04-10T09:51:28","guid":{"rendered":"https:\/\/megapets.eu\/neza\u0159azen\u00e9\/atlas-obrich-plzu-cast-i\/"},"modified":"2025-04-10T09:51:28","modified_gmt":"2025-04-10T09:51:28","slug":"atlas-obrich-plzu-cast-i","status":"publish","type":"product","link":"https:\/\/megapets.eu\/cs\/e-knihy\/atlas-obrich-plzu-cast-i\/","title":{"rendered":"Atlas ob\u0159\u00edch pl\u017e\u016f &#8211; \u010d\u00e1st I"},"content":{"rendered":"<div class=\"xdj266r x11i5rnm xat24cr x1mh8g0r x1vvkbs x126k92a\">\n<div dir=\"auto\">\n<p style=\"text-align: left;\"><span style=\"font-size: 15px; color: #333333;\"><em><span class=\"html-span xexx8yu x4uap5 x18d9i69 xkhd6sd x1hl2dhg x16tdsg8 x1vvkbs x3nfvp2 x1j61x8r x1fcty0u xdj266r xat24cr xgzva0m xhhsvwb xxymvpz xlup9mm x1kky2od\"><img loading=\"lazy\" decoding=\"async\" class=\"xz74otr x168nmei x13lgxp2 x5pf9jr xo71vjh\" src=\"https:\/\/static.xx.fbcdn.net\/images\/emoji.php\/v9\/t6c\/1\/16\/2764.png\" alt=\"\u2764\" width=\"16\" height=\"16\" \/> <\/span>P\u0159edstavujeme v\u00e1m jedine\u010dn\u00fd a bezplatn\u00fd <span class=\"html-span xexx8yu x4uap5 x18d9i69 xkhd6sd x1hl2dhg x16tdsg8 x1vvkbs x3nfvp2 x1j61x8r x1fcty0u xdj266r xat24cr xgzva0m xhhsvwb xxymvpz xlup9mm x1kky2od\"><img loading=\"lazy\" decoding=\"async\" class=\"xz74otr x168nmei x13lgxp2 x5pf9jr xo71vjh\" src=\"https:\/\/static.xx.fbcdn.net\/images\/emoji.php\/v9\/t9e\/1\/16\/1f4d6.png\" alt=\"\ud83d\udcd6\" width=\"16\" height=\"16\" \/><img loading=\"lazy\" decoding=\"async\" class=\"xz74otr x168nmei x13lgxp2 x5pf9jr xo71vjh\" src=\"https:\/\/static.xx.fbcdn.net\/images\/emoji.php\/v9\/tff\/1\/16\/1f40c.png\" alt=\"\ud83d\udc0c\" width=\"16\" height=\"16\" \/> <\/span>&#8222;Atlas ob\u0159\u00edch pl\u017e\u016f&#8220;, I. d\u00edl.<\/em><\/span><\/p>\n<p style=\"text-align: left;\"><span style=\"font-size: 15px; color: #333333;\"><em>Atlas ob\u0159\u00edch pl\u017e\u016f je kompendium znalost\u00ed o exotick\u00fdch pl\u017e\u00edch &#8211; p\u0159ipraven\u00e9 speci\u00e1ln\u011b pro v\u00e1s!<\/em><\/span><\/p>\n<p style=\"text-align: left;\"><span style=\"font-size: 15px; color: #333333;\"><em><span style=\"font-size: 15px;\"><span class=\"html-span xexx8yu x4uap5 x18d9i69 xkhd6sd x1hl2dhg x16tdsg8 x1vvkbs x3nfvp2 x1j61x8r x1fcty0u xdj266r xat24cr xgzva0m xhhsvwb xxymvpz xlup9mm x1kky2od\"><img loading=\"lazy\" decoding=\"async\" class=\"xz74otr x168nmei x13lgxp2 x5pf9jr xo71vjh\" src=\"https:\/\/static.xx.fbcdn.net\/images\/emoji.php\/v9\/tb4\/1\/16\/2b50.png\" alt=\"\u2b50\ufe0f\" width=\"16\" height=\"16\" \/><\/span> <\/span>V roce 2018 jsme realizovali n\u00e1\u0161 n\u00e1pad na prvn\u00ed knihu v\u011bnovanou ob\u0159\u00edm pl\u017e\u016fm &#8211; elegantn\u00ed a pe\u010dliv\u011b zpracovanou e-knihu v pol\u0161tin\u011b <span class=\"html-span xexx8yu x4uap5 x18d9i69 xkhd6sd x1hl2dhg x16tdsg8 x1vvkbs x3nfvp2 x1j61x8r x1fcty0u xdj266r xat24cr xgzva0m xhhsvwb xxymvpz xlup9mm x1kky2od\"><img loading=\"lazy\" decoding=\"async\" class=\"xz74otr x168nmei x13lgxp2 x5pf9jr xo71vjh\" src=\"https:\/\/static.xx.fbcdn.net\/images\/emoji.php\/v9\/te0\/1\/16\/1f1f5_1f1f1.png\" alt=\"\ud83c\uddf5\ud83c\uddf1\" width=\"16\" height=\"16\" \/><\/span> a angli\u010dtin\u011b <span class=\"html-span xexx8yu x4uap5 x18d9i69 xkhd6sd x1hl2dhg x16tdsg8 x1vvkbs x3nfvp2 x1j61x8r x1fcty0u xdj266r xat24cr xgzva0m xhhsvwb xxymvpz xlup9mm x1kky2od\"><img loading=\"lazy\" decoding=\"async\" class=\"xz74otr x168nmei x13lgxp2 x5pf9jr xo71vjh\" src=\"https:\/\/static.xx.fbcdn.net\/images\/emoji.php\/v9\/t96\/1\/16\/1f1ec_1f1e7.png\" alt=\"\ud83c\uddec\ud83c\udde7\" width=\"16\" height=\"16\" \/><\/span>. V pr\u016fb\u011bhu let jsme nashrom\u00e1\u017edili tolik materi\u00e1lu, \u017ee se n\u00e1\u0161 p\u016fvodn\u00ed n\u00e1pad zm\u011bnil v projekt v\u00edcesvazkov\u00e9ho , unik\u00e1tn\u00edho atlasu ob\u0159\u00edch pl\u017e\u016f. Cht\u011bli jsme, aby na\u0161e prvn\u00ed e-kniha byla z\u00e1kazn\u00edk\u016fm MegaPets.eu k dispozici zdarma, a n\u00e1\u0161 n\u00e1pad jsme pln\u011b realizovali! Str\u00e1nku po str\u00e1nce jsme na\u0161i publikaci roz\u0161i\u0159ovali a obohacovali o podrobnosti, kter\u00e9 d\u00e1le odr\u00e1\u017eej\u00ed jedine\u010dnost druh\u016f, poddruh\u016f a jejich barevn\u00fdch variet. Dali jsme si z\u00e1le\u017eet na tom, aby se jednalo o jedine\u010dn\u00e9 d\u00edlo, a tak jsme ka\u017ed\u00e9ho \u0161neka prezentovan\u00e9ho na jej\u00edch str\u00e1nk\u00e1ch vyp\u011bstovali z vaj\u00ed\u010dka. D\u00edky tomu kniha o\u017e\u00edv\u00e1 <span class=\"html-span xexx8yu x4uap5 x18d9i69 xkhd6sd x1hl2dhg x16tdsg8 x1vvkbs x3nfvp2 x1j61x8r x1fcty0u xdj266r xat24cr xgzva0m xhhsvwb xxymvpz xlup9mm x1kky2od\"><img loading=\"lazy\" decoding=\"async\" class=\"xz74otr x168nmei x13lgxp2 x5pf9jr xo71vjh\" src=\"https:\/\/static.xx.fbcdn.net\/images\/emoji.php\/v9\/t69\/1\/16\/1f331.png\" alt=\"\ud83c\udf31\" width=\"16\" height=\"16\" \/><\/span>, a ka\u017ed\u00e1 jej\u00ed str\u00e1nka pot\u011b\u0161\u00ed kr\u00e1sou <span class=\"html-span xexx8yu x4uap5 x18d9i69 xkhd6sd x1hl2dhg x16tdsg8 x1vvkbs x3nfvp2 x1j61x8r x1fcty0u xdj266r xat24cr xgzva0m xhhsvwb xxymvpz xlup9mm x1kky2od\"><img loading=\"lazy\" decoding=\"async\" class=\"xz74otr x168nmei x13lgxp2 x5pf9jr xo71vjh\" src=\"https:\/\/static.xx.fbcdn.net\/images\/emoji.php\/v9\/te3\/1\/16\/1f490.png\" alt=\"\ud83d\udc90\" width=\"16\" height=\"16\" \/><\/span>, smyslem pro detail a v\u00e1\u0161n\u00ed <span class=\"html-span xexx8yu x4uap5 x18d9i69 xkhd6sd x1hl2dhg x16tdsg8 x1vvkbs x3nfvp2 x1j61x8r x1fcty0u xdj266r xat24cr xgzva0m xhhsvwb xxymvpz xlup9mm x1kky2od\"><img loading=\"lazy\" decoding=\"async\" class=\"xz74otr x168nmei x13lgxp2 x5pf9jr xo71vjh\" src=\"https:\/\/static.xx.fbcdn.net\/images\/emoji.php\/v9\/t6c\/1\/16\/2764.png\" alt=\"\u2764\" width=\"16\" height=\"16\" \/><\/span>, kterou jsme do n\u00ed vlo\u017eili.<\/em><\/span><\/p>\n<p style=\"text-align: left;\"><span style=\"color: #333333; font-size: 15px;\"><em><span class=\"x1xsqp64 xiy17q3 x1o6pynw x19co3pv xdj266r xcwd3tp xat24cr x39eecv x2b8uid\" data-testid=\"emoji\"><span class=\"xexx8yu xn5pp95 x18d9i69 x2fxd7x x3jgonx x1bhl96m\"> <span style=\"font-size: 15px;\"><img loading=\"lazy\" decoding=\"async\" class=\"xz74otr\" src=\"https:\/\/static.xx.fbcdn.net\/images\/emoji.php\/v9\/t1e\/1\/16\/1f33f.png\" alt=\"\ud83c\udf3f\" width=\"18\" height=\"18\" \/> <\/span>Dal\u0161\u00ed v\u00fdzvy jsou p\u0159ed n\u00e1mi &#8211; vytvo\u0159it pro v\u00e1s celou knihovnu <span class=\"html-span xexx8yu x4uap5 x18d9i69 xkhd6sd x1hl2dhg x16tdsg8 x1vvkbs x3nfvp2 x1j61x8r x1fcty0u xdj266r xat24cr xgzva0m xhhsvwb xxymvpz xlup9mm x1kky2od\"><img loading=\"lazy\" decoding=\"async\" class=\"xz74otr x168nmei x13lgxp2 x5pf9jr xo71vjh\" src=\"https:\/\/static.xx.fbcdn.net\/images\/emoji.php\/v9\/t49\/1\/16\/1f4da.png\" alt=\"\ud83d\udcda\" width=\"16\" height=\"16\" \/><\/span>. Dal\u0161\u00ed d\u00edly se ji\u017e p\u0159ipravuj\u00ed.<\/span><\/span><\/em><\/span><\/p>\n<\/div>\n<\/div>\n","protected":false},"excerpt":{"rendered":"<p>P\u0159edstavujeme v\u00e1m jedine\u010dn\u00fd a bezplatn\u00fd &#8222;Atlas ob\u0159\u00edch pl\u017e\u016f&#8220;, I. d\u00edl. Atlas ob\u0159\u00edch pl\u017e\u016f je kompendium znalost\u00ed o exotick\u00fdch pl\u017e\u00edch &#8211; p\u0159ipraven\u00e9 speci\u00e1ln\u011b pro v\u00e1s! V roce 2018 jsme realizovali n\u00e1\u0161 n\u00e1pad na prvn\u00ed knihu v\u011bnovanou ob\u0159\u00edm pl\u017e\u016fm &#8211; elegantn\u00ed a pe\u010dliv\u011b zpracovanou e-knihu v pol\u0161tin\u011b a angli\u010dtin\u011b . V pr\u016fb\u011bhu let jsme nashrom\u00e1\u017edili tolik materi\u00e1lu, [&hellip;]<\/p>\n","protected":false},"featured_media":6356,"template":"","meta":{"_acf_changed":false,"_links_to":"","_links_to_target":""},"product_cat":[168],"product_tag":[],"class_list":{"0":"post-6352","1":"product","2":"type-product","3":"status-publish","4":"has-post-thumbnail","6":"product_cat-e-knihy","8":"first","9":"instock","10":"downloadable","11":"virtual","12":"purchasable","13":"product-type-simple"},"acf":[],"yoast_head":"<!-- This site is optimized with the Yoast SEO plugin v24.9 - https:\/\/yoast.com\/wordpress\/plugins\/seo\/ -->\n<title>Atlas ob\u0159\u00edch pl\u017e\u016f - \u010d\u00e1st I | MegaPets<\/title>\n<meta name=\"robots\" content=\"index, follow, max-snippet:-1, max-image-preview:large, max-video-preview:-1\" \/>\n<link rel=\"canonical\" href=\"https:\/\/megapets.eu\/cs\/e-knihy\/atlas-obrich-plzu-cast-i\/\" \/>\n<meta property=\"og:locale\" content=\"cs_CZ\" \/>\n<meta property=\"og:type\" content=\"article\" \/>\n<meta property=\"og:title\" content=\"Atlas ob\u0159\u00edch pl\u017e\u016f - \u010d\u00e1st I | MegaPets\" \/>\n<meta property=\"og:description\" content=\"P\u0159edstavujeme v\u00e1m jedine\u010dn\u00fd a bezplatn\u00fd &#8222;Atlas ob\u0159\u00edch pl\u017e\u016f&#8220;, I. d\u00edl. Atlas ob\u0159\u00edch pl\u017e\u016f je kompendium znalost\u00ed o exotick\u00fdch pl\u017e\u00edch &#8211; p\u0159ipraven\u00e9 speci\u00e1ln\u011b pro v\u00e1s! V roce 2018 jsme realizovali n\u00e1\u0161 n\u00e1pad na prvn\u00ed knihu v\u011bnovanou ob\u0159\u00edm pl\u017e\u016fm &#8211; elegantn\u00ed a pe\u010dliv\u011b zpracovanou e-knihu v pol\u0161tin\u011b a angli\u010dtin\u011b . V pr\u016fb\u011bhu let jsme nashrom\u00e1\u017edili tolik materi\u00e1lu, [&hellip;]\" \/>\n<meta property=\"og:url\" content=\"https:\/\/megapets.eu\/cs\/e-knihy\/atlas-obrich-plzu-cast-i\/\" \/>\n<meta property=\"og:site_name\" content=\"MegaPets\" \/>\n<meta property=\"article:publisher\" content=\"https:\/\/www.facebook.com\/MegaPets.eu\/\" \/>\n<meta property=\"og:image\" content=\"https:\/\/static.xx.fbcdn.net\/images\/emoji.php\/v9\/t6c\/1\/16\/2764.png\" \/>\n<meta name=\"twitter:card\" content=\"summary_large_image\" \/>\n<meta name=\"twitter:label1\" content=\"Odhadovan\u00e1 doba \u010dten\u00ed\" \/>\n\t<meta name=\"twitter:data1\" content=\"1 minuta\" \/>\n<script type=\"application\/ld+json\" class=\"yoast-schema-graph\">{\"@context\":\"https:\/\/schema.org\",\"@graph\":[{\"@type\":\"WebPage\",\"@id\":\"https:\/\/megapets.eu\/cs\/e-knihy\/atlas-obrich-plzu-cast-i\/\",\"url\":\"https:\/\/megapets.eu\/cs\/e-knihy\/atlas-obrich-plzu-cast-i\/\",\"name\":\"Atlas ob\u0159\u00edch pl\u017e\u016f - \u010d\u00e1st I | MegaPets\",\"isPartOf\":{\"@id\":\"https:\/\/megapets.eu\/cs\/#website\"},\"primaryImageOfPage\":{\"@id\":\"https:\/\/megapets.eu\/cs\/e-knihy\/atlas-obrich-plzu-cast-i\/#primaryimage\"},\"image\":{\"@id\":\"https:\/\/megapets.eu\/cs\/e-knihy\/atlas-obrich-plzu-cast-i\/#primaryimage\"},\"thumbnailUrl\":\"https:\/\/megapets.eu\/wp-content\/uploads\/2025\/04\/6789000-1.png\",\"datePublished\":\"2025-04-10T09:51:28+00:00\",\"breadcrumb\":{\"@id\":\"https:\/\/megapets.eu\/cs\/e-knihy\/atlas-obrich-plzu-cast-i\/#breadcrumb\"},\"inLanguage\":\"cs\",\"potentialAction\":[{\"@type\":\"ReadAction\",\"target\":[\"https:\/\/megapets.eu\/cs\/e-knihy\/atlas-obrich-plzu-cast-i\/\"]}]},{\"@type\":\"ImageObject\",\"inLanguage\":\"cs\",\"@id\":\"https:\/\/megapets.eu\/cs\/e-knihy\/atlas-obrich-plzu-cast-i\/#primaryimage\",\"url\":\"https:\/\/megapets.eu\/wp-content\/uploads\/2025\/04\/6789000-1.png\",\"contentUrl\":\"https:\/\/megapets.eu\/wp-content\/uploads\/2025\/04\/6789000-1.png\",\"width\":981,\"height\":671},{\"@type\":\"BreadcrumbList\",\"@id\":\"https:\/\/megapets.eu\/cs\/e-knihy\/atlas-obrich-plzu-cast-i\/#breadcrumb\",\"itemListElement\":[{\"@type\":\"ListItem\",\"position\":1,\"name\":\"Strona g\u0142\u00f3wna\",\"item\":\"https:\/\/megapets.eu\/cs\/\"},{\"@type\":\"ListItem\",\"position\":2,\"name\":\"Obchod\",\"item\":\"https:\/\/megapets.eu\/obchod\/\"},{\"@type\":\"ListItem\",\"position\":3,\"name\":\"Atlas ob\u0159\u00edch pl\u017e\u016f &#8211; \u010d\u00e1st I\"}]},{\"@type\":\"WebSite\",\"@id\":\"https:\/\/megapets.eu\/cs\/#website\",\"url\":\"https:\/\/megapets.eu\/cs\/\",\"name\":\"Mega Pets\",\"description\":\"Jedna z najwi\u0119kszych hodowli \u015blimak\u00f3w w Europie\",\"publisher\":{\"@id\":\"https:\/\/megapets.eu\/cs\/#organization\"},\"alternateName\":\"Mega Pets\",\"potentialAction\":[{\"@type\":\"SearchAction\",\"target\":{\"@type\":\"EntryPoint\",\"urlTemplate\":\"https:\/\/megapets.eu\/cs\/?s={search_term_string}\"},\"query-input\":{\"@type\":\"PropertyValueSpecification\",\"valueRequired\":true,\"valueName\":\"search_term_string\"}}],\"inLanguage\":\"cs\"},{\"@type\":\"Organization\",\"@id\":\"https:\/\/megapets.eu\/cs\/#organization\",\"name\":\"Mega Pets\",\"url\":\"https:\/\/megapets.eu\/cs\/\",\"logo\":{\"@type\":\"ImageObject\",\"inLanguage\":\"cs\",\"@id\":\"https:\/\/megapets.eu\/cs\/#\/schema\/logo\/image\/\",\"url\":\"https:\/\/megapets.eu\/wp-content\/uploads\/2025\/04\/megapets_eu-logo.png\",\"contentUrl\":\"https:\/\/megapets.eu\/wp-content\/uploads\/2025\/04\/megapets_eu-logo.png\",\"width\":2362,\"height\":2362,\"caption\":\"Mega Pets\"},\"image\":{\"@id\":\"https:\/\/megapets.eu\/cs\/#\/schema\/logo\/image\/\"},\"sameAs\":[\"https:\/\/www.facebook.com\/MegaPets.eu\/\"]}]}<\/script>\n<!-- \/ Yoast SEO plugin. -->","yoast_head_json":{"title":"Atlas ob\u0159\u00edch pl\u017e\u016f - \u010d\u00e1st I | MegaPets","robots":{"index":"index","follow":"follow","max-snippet":"max-snippet:-1","max-image-preview":"max-image-preview:large","max-video-preview":"max-video-preview:-1"},"canonical":"https:\/\/megapets.eu\/cs\/e-knihy\/atlas-obrich-plzu-cast-i\/","og_locale":"cs_CZ","og_type":"article","og_title":"Atlas ob\u0159\u00edch pl\u017e\u016f - \u010d\u00e1st I | MegaPets","og_description":"P\u0159edstavujeme v\u00e1m jedine\u010dn\u00fd a bezplatn\u00fd &#8222;Atlas ob\u0159\u00edch pl\u017e\u016f&#8220;, I. d\u00edl. Atlas ob\u0159\u00edch pl\u017e\u016f je kompendium znalost\u00ed o exotick\u00fdch pl\u017e\u00edch &#8211; p\u0159ipraven\u00e9 speci\u00e1ln\u011b pro v\u00e1s! V roce 2018 jsme realizovali n\u00e1\u0161 n\u00e1pad na prvn\u00ed knihu v\u011bnovanou ob\u0159\u00edm pl\u017e\u016fm &#8211; elegantn\u00ed a pe\u010dliv\u011b zpracovanou e-knihu v pol\u0161tin\u011b a angli\u010dtin\u011b . V pr\u016fb\u011bhu let jsme nashrom\u00e1\u017edili tolik materi\u00e1lu, [&hellip;]","og_url":"https:\/\/megapets.eu\/cs\/e-knihy\/atlas-obrich-plzu-cast-i\/","og_site_name":"MegaPets","article_publisher":"https:\/\/www.facebook.com\/MegaPets.eu\/","og_image":[{"url":"https:\/\/static.xx.fbcdn.net\/images\/emoji.php\/v9\/t6c\/1\/16\/2764.png","type":"","width":"","height":""}],"twitter_card":"summary_large_image","twitter_misc":{"Odhadovan\u00e1 doba \u010dten\u00ed":"1 minuta"},"schema":{"@context":"https:\/\/schema.org","@graph":[{"@type":"WebPage","@id":"https:\/\/megapets.eu\/cs\/e-knihy\/atlas-obrich-plzu-cast-i\/","url":"https:\/\/megapets.eu\/cs\/e-knihy\/atlas-obrich-plzu-cast-i\/","name":"Atlas ob\u0159\u00edch pl\u017e\u016f - \u010d\u00e1st I | MegaPets","isPartOf":{"@id":"https:\/\/megapets.eu\/cs\/#website"},"primaryImageOfPage":{"@id":"https:\/\/megapets.eu\/cs\/e-knihy\/atlas-obrich-plzu-cast-i\/#primaryimage"},"image":{"@id":"https:\/\/megapets.eu\/cs\/e-knihy\/atlas-obrich-plzu-cast-i\/#primaryimage"},"thumbnailUrl":"https:\/\/megapets.eu\/wp-content\/uploads\/2025\/04\/6789000-1.png","datePublished":"2025-04-10T09:51:28+00:00","breadcrumb":{"@id":"https:\/\/megapets.eu\/cs\/e-knihy\/atlas-obrich-plzu-cast-i\/#breadcrumb"},"inLanguage":"cs","potentialAction":[{"@type":"ReadAction","target":["https:\/\/megapets.eu\/cs\/e-knihy\/atlas-obrich-plzu-cast-i\/"]}]},{"@type":"ImageObject","inLanguage":"cs","@id":"https:\/\/megapets.eu\/cs\/e-knihy\/atlas-obrich-plzu-cast-i\/#primaryimage","url":"https:\/\/megapets.eu\/wp-content\/uploads\/2025\/04\/6789000-1.png","contentUrl":"https:\/\/megapets.eu\/wp-content\/uploads\/2025\/04\/6789000-1.png","width":981,"height":671},{"@type":"BreadcrumbList","@id":"https:\/\/megapets.eu\/cs\/e-knihy\/atlas-obrich-plzu-cast-i\/#breadcrumb","itemListElement":[{"@type":"ListItem","position":1,"name":"Strona g\u0142\u00f3wna","item":"https:\/\/megapets.eu\/cs\/"},{"@type":"ListItem","position":2,"name":"Obchod","item":"https:\/\/megapets.eu\/obchod\/"},{"@type":"ListItem","position":3,"name":"Atlas ob\u0159\u00edch pl\u017e\u016f &#8211; \u010d\u00e1st I"}]},{"@type":"WebSite","@id":"https:\/\/megapets.eu\/cs\/#website","url":"https:\/\/megapets.eu\/cs\/","name":"Mega Pets","description":"Jedna z najwi\u0119kszych hodowli \u015blimak\u00f3w w Europie","publisher":{"@id":"https:\/\/megapets.eu\/cs\/#organization"},"alternateName":"Mega Pets","potentialAction":[{"@type":"SearchAction","target":{"@type":"EntryPoint","urlTemplate":"https:\/\/megapets.eu\/cs\/?s={search_term_string}"},"query-input":{"@type":"PropertyValueSpecification","valueRequired":true,"valueName":"search_term_string"}}],"inLanguage":"cs"},{"@type":"Organization","@id":"https:\/\/megapets.eu\/cs\/#organization","name":"Mega Pets","url":"https:\/\/megapets.eu\/cs\/","logo":{"@type":"ImageObject","inLanguage":"cs","@id":"https:\/\/megapets.eu\/cs\/#\/schema\/logo\/image\/","url":"https:\/\/megapets.eu\/wp-content\/uploads\/2025\/04\/megapets_eu-logo.png","contentUrl":"https:\/\/megapets.eu\/wp-content\/uploads\/2025\/04\/megapets_eu-logo.png","width":2362,"height":2362,"caption":"Mega Pets"},"image":{"@id":"https:\/\/megapets.eu\/cs\/#\/schema\/logo\/image\/"},"sameAs":["https:\/\/www.facebook.com\/MegaPets.eu\/"]}]}},"_links":{"self":[{"href":"https:\/\/megapets.eu\/cs\/wp-json\/wp\/v2\/product\/6352","targetHints":{"allow":["GET"]}}],"collection":[{"href":"https:\/\/megapets.eu\/cs\/wp-json\/wp\/v2\/product"}],"about":[{"href":"https:\/\/megapets.eu\/cs\/wp-json\/wp\/v2\/types\/product"}],"wp:featuredmedia":[{"embeddable":true,"href":"https:\/\/megapets.eu\/cs\/wp-json\/wp\/v2\/media\/6356"}],"wp:attachment":[{"href":"https:\/\/megapets.eu\/cs\/wp-json\/wp\/v2\/media?parent=6352"}],"wp:term":[{"taxonomy":"product_cat","embeddable":true,"href":"https:\/\/megapets.eu\/cs\/wp-json\/wp\/v2\/product_cat?post=6352"},{"taxonomy":"product_tag","embeddable":true,"href":"https:\/\/megapets.eu\/cs\/wp-json\/wp\/v2\/product_tag?post=6352"}],"curies":[{"name":"wp","href":"https:\/\/api.w.org\/{rel}","templated":true}]}}