{"id":6357,"date":"2025-06-10T11:59:52","date_gmt":"2025-06-10T11:59:52","guid":{"rendered":"https:\/\/megapets.eu\/neza\u0159azen\u00e9\/baleni-gammarus-60-g-pro-exoticke-sneky\/"},"modified":"2025-06-10T11:59:52","modified_gmt":"2025-06-10T11:59:52","slug":"baleni-gammarus-60-g-pro-exoticke-sneky","status":"publish","type":"product","link":"https:\/\/megapets.eu\/cs\/prislusenstvi\/baleni-gammarus-60-g-pro-exoticke-sneky\/","title":{"rendered":"Balen\u00ed &#8222;Gammarus&#8220; 60 g <br \/> pro exotick\u00e9 \u0161neky"},"content":{"rendered":"<p><em><b>&#8222;Gammarus&#8220; <\/b>pro exotick\u00e9 \u0161neky.<\/em><\/p>\n<p><em>Obal &#8222;Gammarus&#8220; mlet\u00fd je su\u0161en\u00fd kl\u00ed\u010dek, bohat\u00fd na makro- a mikroprvky, p\u0159\u00edrodn\u00ed zdroj \u017eivo\u010di\u0161n\u00fdch b\u00edlkovin a chitinu. Gammarus je ide\u00e1ln\u00ed pro chov nejen exotick\u00fdch \u0161nek\u016f, ale i dal\u0161\u00edch terarijn\u00edch zv\u00ed\u0159at, nap\u0159. \u017e\u00ed\u017eal, krokod\u00fdl\u016f, exotick\u00fdch \u0161v\u00e1b\u016f atd.<\/em><\/p>\n<p><em><b>Cena se t\u00fdk\u00e1: <\/b>jednoho balen\u00ed<b> <\/b>&#8222;Gammarus&#8220;<b> <\/b>mlet\u00fd<b> <\/b>p\u0159ipraven\u00fd k pou\u017eit\u00ed. Jedno balen\u00ed obsahuje 60 g.<\/em><\/p>\n<p><em>Gammarus mlet\u00fd se snadno p\u0159ij\u00edm\u00e1 a d\u00e1vkuje po porc\u00edch va\u0161emu zv\u00ed\u0159eti. D\u00e1vkov\u00e1n\u00ed: jako dopln\u011bk stravy exotick\u00fdch \u0161nek\u016f p\u0159idejte jednou za 1-2 t\u00fddny mal\u00e9 mno\u017estv\u00ed mlet\u00fdch z\u00e1rodk\u016f &#8222;Gammarus&#8220; (1-2 \u0161petky v z\u00e1vislosti na velikosti \u0161neka) do z\u00e1kladn\u00ed stravy, posypte jimi zeleninu a ovoce pod\u00e1van\u00e9 ten den. Pokud je v\u00e1\u0161 sv\u011b\u0159enec exotick\u00fd \u0161nek &#8211; nedoporu\u010duje se pod\u00e1vat \u017eivo\u010di\u0161n\u00e9 b\u00edlkoviny \u010dast\u011bji ne\u017e jednou t\u00fddn\u011b.<\/em><\/p>\n<p><em>Doporu\u010dujeme dopl\u0148ky st\u0159\u00eddat a nab\u00edzet \u0161nekovi i jin\u00e9 druhy dopl\u0148k\u016f, kter\u00e9 jsou k dispozici v na\u0161\u00ed nab\u00eddce na megapets.eu, aby strava \u0161neka z\u016fstala pestr\u00e1 a kompletn\u00ed. Na\u0161e dopl\u0148ky byly vytvo\u0159eny s l\u00e1skou k \u0161nek\u016fm a vych\u00e1zej\u00ed z dlouholet\u00fdch chovatelsk\u00fdch zku\u0161enost\u00ed, tak\u017ee m\u016f\u017eeme zaru\u010dit jejich kvalitu a \u00fa\u010dinnost!<\/em><\/p>\n<p><em>\u2b50 Doporu\u010dujeme dopl\u0148ky, kter\u00e9 jsou schopny uspokojit pot\u0159eby v cenn\u00fdch \u017eivin\u00e1ch i t\u011bch nejn\u00e1ro\u010dn\u011bj\u0161\u00edch druh\u016f: &#8222;Protein &amp; Vitamin&#8220;, &#8222;Sm\u011bs exotick\u00fdch bylin&#8220;, &#8222;Gammarus&#8220; mlet\u00fd, &#8222;Kv\u011btinov\u00e1 sm\u011bs&#8220;. Dopl\u0148ky doporu\u010dujeme pou\u017e\u00edvat st\u0159\u00eddav\u011b, aby strava va\u0161eho zv\u00ed\u0159ete z\u016fstala pestr\u00e1 a kompletn\u00ed.<\/em><\/p>\n<p><em>\u2b50 V ka\u017edodenn\u00ed strav\u011b \u0161neka nesm\u00ed chyb\u011bt z\u00e1kladn\u00ed stavebn\u00ed kameny pro kr\u00e1snou a zdravou ulitu: &#8222;Calcium&#8220;, &#8222;Calcium mix&#8220;.<\/em><\/p>\n","protected":false},"excerpt":{"rendered":"<ul class=\"product_attributes\">\n<li><span style=\"color: #555555;\">Obsahuje:<\/span> Balen\u00ed obsahuje: 100% p\u0159\u00edrodn\u00ed bakterie<\/li>\n<li><span style=\"color: #555555;\"><\/span> 60 g<\/li>\n<li><span style=\"color: #555555;\">Cena plat\u00ed pro:<\/span> Cena plat\u00ed pro 1 balen\u00ed.<\/li>\n<\/ul>\n","protected":false},"featured_media":6358,"template":"","meta":{"_acf_changed":false,"_links_to":"","_links_to_target":""},"product_cat":[163],"product_tag":[164,166,165,167],"class_list":{"0":"post-6357","1":"product","2":"type-product","3":"status-publish","4":"has-post-thumbnail","6":"product_cat-prislusenstvi","7":"product_tag-pro-hlemyzde","8":"product_tag-pro-izopody","9":"product_tag-pro-lsti","10":"product_tag-pro-svaby","12":"first","13":"instock","14":"shipping-taxable","15":"purchasable","16":"product-type-simple"},"acf":[],"yoast_head":"<!-- This site is optimized with the Yoast SEO plugin v24.9 - https:\/\/yoast.com\/wordpress\/plugins\/seo\/ -->\n<title>Balen\u00ed &quot;Gammarus&quot; 60 g  pro exotick\u00e9 \u0161neky | MegaPets<\/title>\n<meta name=\"robots\" content=\"index, follow, max-snippet:-1, max-image-preview:large, max-video-preview:-1\" \/>\n<link rel=\"canonical\" href=\"https:\/\/megapets.eu\/cs\/prislusenstvi\/baleni-gammarus-60-g-pro-exoticke-sneky\/\" \/>\n<meta property=\"og:locale\" content=\"cs_CZ\" \/>\n<meta property=\"og:type\" content=\"article\" \/>\n<meta property=\"og:title\" content=\"Balen\u00ed &quot;Gammarus&quot; 60 g  pro exotick\u00e9 \u0161neky | MegaPets\" \/>\n<meta property=\"og:description\" content=\"Obsahuje: Balen\u00ed obsahuje: 100% p\u0159\u00edrodn\u00ed bakterie  60 g  Cena plat\u00ed pro: Cena plat\u00ed pro 1 balen\u00ed.\" \/>\n<meta property=\"og:url\" content=\"https:\/\/megapets.eu\/cs\/prislusenstvi\/baleni-gammarus-60-g-pro-exoticke-sneky\/\" \/>\n<meta property=\"og:site_name\" content=\"MegaPets\" \/>\n<meta property=\"article:publisher\" content=\"https:\/\/www.facebook.com\/MegaPets.eu\/\" \/>\n<meta property=\"og:image\" content=\"https:\/\/megapets.eu\/wp-content\/uploads\/2025\/06\/Gammarus-12345.png\" \/>\n\t<meta property=\"og:image:width\" content=\"1053\" \/>\n\t<meta property=\"og:image:height\" content=\"703\" \/>\n\t<meta property=\"og:image:type\" content=\"image\/png\" \/>\n<meta name=\"twitter:card\" content=\"summary_large_image\" \/>\n<meta name=\"twitter:label1\" content=\"Odhadovan\u00e1 doba \u010dten\u00ed\" \/>\n\t<meta name=\"twitter:data1\" content=\"2 minuta\" \/>\n<script type=\"application\/ld+json\" class=\"yoast-schema-graph\">{\"@context\":\"https:\/\/schema.org\",\"@graph\":[{\"@type\":\"WebPage\",\"@id\":\"https:\/\/megapets.eu\/cs\/prislusenstvi\/baleni-gammarus-60-g-pro-exoticke-sneky\/\",\"url\":\"https:\/\/megapets.eu\/cs\/prislusenstvi\/baleni-gammarus-60-g-pro-exoticke-sneky\/\",\"name\":\"Balen\u00ed \\\"Gammarus\\\" 60 g pro exotick\u00e9 \u0161neky | MegaPets\",\"isPartOf\":{\"@id\":\"https:\/\/megapets.eu\/cs\/#website\"},\"primaryImageOfPage\":{\"@id\":\"https:\/\/megapets.eu\/cs\/prislusenstvi\/baleni-gammarus-60-g-pro-exoticke-sneky\/#primaryimage\"},\"image\":{\"@id\":\"https:\/\/megapets.eu\/cs\/prislusenstvi\/baleni-gammarus-60-g-pro-exoticke-sneky\/#primaryimage\"},\"thumbnailUrl\":\"https:\/\/megapets.eu\/wp-content\/uploads\/2025\/06\/Gammarus-12345.png\",\"datePublished\":\"2025-06-10T11:59:52+00:00\",\"breadcrumb\":{\"@id\":\"https:\/\/megapets.eu\/cs\/prislusenstvi\/baleni-gammarus-60-g-pro-exoticke-sneky\/#breadcrumb\"},\"inLanguage\":\"cs\",\"potentialAction\":[{\"@type\":\"ReadAction\",\"target\":[\"https:\/\/megapets.eu\/cs\/prislusenstvi\/baleni-gammarus-60-g-pro-exoticke-sneky\/\"]}]},{\"@type\":\"ImageObject\",\"inLanguage\":\"cs\",\"@id\":\"https:\/\/megapets.eu\/cs\/prislusenstvi\/baleni-gammarus-60-g-pro-exoticke-sneky\/#primaryimage\",\"url\":\"https:\/\/megapets.eu\/wp-content\/uploads\/2025\/06\/Gammarus-12345.png\",\"contentUrl\":\"https:\/\/megapets.eu\/wp-content\/uploads\/2025\/06\/Gammarus-12345.png\",\"width\":1053,\"height\":703},{\"@type\":\"BreadcrumbList\",\"@id\":\"https:\/\/megapets.eu\/cs\/prislusenstvi\/baleni-gammarus-60-g-pro-exoticke-sneky\/#breadcrumb\",\"itemListElement\":[{\"@type\":\"ListItem\",\"position\":1,\"name\":\"Strona g\u0142\u00f3wna\",\"item\":\"https:\/\/megapets.eu\/cs\/\"},{\"@type\":\"ListItem\",\"position\":2,\"name\":\"Obchod\",\"item\":\"https:\/\/megapets.eu\/obchod\/\"},{\"@type\":\"ListItem\",\"position\":3,\"name\":\"Balen\u00ed &#8222;Gammarus\\\" 60 g pro exotick\u00e9 \u0161neky\"}]},{\"@type\":\"WebSite\",\"@id\":\"https:\/\/megapets.eu\/cs\/#website\",\"url\":\"https:\/\/megapets.eu\/cs\/\",\"name\":\"Mega Pets\",\"description\":\"Jedna z najwi\u0119kszych hodowli \u015blimak\u00f3w w Europie\",\"publisher\":{\"@id\":\"https:\/\/megapets.eu\/cs\/#organization\"},\"alternateName\":\"Mega Pets\",\"potentialAction\":[{\"@type\":\"SearchAction\",\"target\":{\"@type\":\"EntryPoint\",\"urlTemplate\":\"https:\/\/megapets.eu\/cs\/?s={search_term_string}\"},\"query-input\":{\"@type\":\"PropertyValueSpecification\",\"valueRequired\":true,\"valueName\":\"search_term_string\"}}],\"inLanguage\":\"cs\"},{\"@type\":\"Organization\",\"@id\":\"https:\/\/megapets.eu\/cs\/#organization\",\"name\":\"Mega Pets\",\"url\":\"https:\/\/megapets.eu\/cs\/\",\"logo\":{\"@type\":\"ImageObject\",\"inLanguage\":\"cs\",\"@id\":\"https:\/\/megapets.eu\/cs\/#\/schema\/logo\/image\/\",\"url\":\"https:\/\/megapets.eu\/wp-content\/uploads\/2025\/04\/megapets_eu-logo.png\",\"contentUrl\":\"https:\/\/megapets.eu\/wp-content\/uploads\/2025\/04\/megapets_eu-logo.png\",\"width\":2362,\"height\":2362,\"caption\":\"Mega Pets\"},\"image\":{\"@id\":\"https:\/\/megapets.eu\/cs\/#\/schema\/logo\/image\/\"},\"sameAs\":[\"https:\/\/www.facebook.com\/MegaPets.eu\/\"]}]}<\/script>\n<!-- \/ Yoast SEO plugin. -->","yoast_head_json":{"title":"Balen\u00ed \"Gammarus\" 60 g  pro exotick\u00e9 \u0161neky | MegaPets","robots":{"index":"index","follow":"follow","max-snippet":"max-snippet:-1","max-image-preview":"max-image-preview:large","max-video-preview":"max-video-preview:-1"},"canonical":"https:\/\/megapets.eu\/cs\/prislusenstvi\/baleni-gammarus-60-g-pro-exoticke-sneky\/","og_locale":"cs_CZ","og_type":"article","og_title":"Balen\u00ed \"Gammarus\" 60 g  pro exotick\u00e9 \u0161neky | MegaPets","og_description":"Obsahuje: Balen\u00ed obsahuje: 100% p\u0159\u00edrodn\u00ed bakterie  60 g  Cena plat\u00ed pro: Cena plat\u00ed pro 1 balen\u00ed.","og_url":"https:\/\/megapets.eu\/cs\/prislusenstvi\/baleni-gammarus-60-g-pro-exoticke-sneky\/","og_site_name":"MegaPets","article_publisher":"https:\/\/www.facebook.com\/MegaPets.eu\/","og_image":[{"width":1053,"height":703,"url":"https:\/\/megapets.eu\/wp-content\/uploads\/2025\/06\/Gammarus-12345.png","type":"image\/png"}],"twitter_card":"summary_large_image","twitter_misc":{"Odhadovan\u00e1 doba \u010dten\u00ed":"2 minuta"},"schema":{"@context":"https:\/\/schema.org","@graph":[{"@type":"WebPage","@id":"https:\/\/megapets.eu\/cs\/prislusenstvi\/baleni-gammarus-60-g-pro-exoticke-sneky\/","url":"https:\/\/megapets.eu\/cs\/prislusenstvi\/baleni-gammarus-60-g-pro-exoticke-sneky\/","name":"Balen\u00ed \"Gammarus\" 60 g pro exotick\u00e9 \u0161neky | MegaPets","isPartOf":{"@id":"https:\/\/megapets.eu\/cs\/#website"},"primaryImageOfPage":{"@id":"https:\/\/megapets.eu\/cs\/prislusenstvi\/baleni-gammarus-60-g-pro-exoticke-sneky\/#primaryimage"},"image":{"@id":"https:\/\/megapets.eu\/cs\/prislusenstvi\/baleni-gammarus-60-g-pro-exoticke-sneky\/#primaryimage"},"thumbnailUrl":"https:\/\/megapets.eu\/wp-content\/uploads\/2025\/06\/Gammarus-12345.png","datePublished":"2025-06-10T11:59:52+00:00","breadcrumb":{"@id":"https:\/\/megapets.eu\/cs\/prislusenstvi\/baleni-gammarus-60-g-pro-exoticke-sneky\/#breadcrumb"},"inLanguage":"cs","potentialAction":[{"@type":"ReadAction","target":["https:\/\/megapets.eu\/cs\/prislusenstvi\/baleni-gammarus-60-g-pro-exoticke-sneky\/"]}]},{"@type":"ImageObject","inLanguage":"cs","@id":"https:\/\/megapets.eu\/cs\/prislusenstvi\/baleni-gammarus-60-g-pro-exoticke-sneky\/#primaryimage","url":"https:\/\/megapets.eu\/wp-content\/uploads\/2025\/06\/Gammarus-12345.png","contentUrl":"https:\/\/megapets.eu\/wp-content\/uploads\/2025\/06\/Gammarus-12345.png","width":1053,"height":703},{"@type":"BreadcrumbList","@id":"https:\/\/megapets.eu\/cs\/prislusenstvi\/baleni-gammarus-60-g-pro-exoticke-sneky\/#breadcrumb","itemListElement":[{"@type":"ListItem","position":1,"name":"Strona g\u0142\u00f3wna","item":"https:\/\/megapets.eu\/cs\/"},{"@type":"ListItem","position":2,"name":"Obchod","item":"https:\/\/megapets.eu\/obchod\/"},{"@type":"ListItem","position":3,"name":"Balen\u00ed &#8222;Gammarus\" 60 g pro exotick\u00e9 \u0161neky"}]},{"@type":"WebSite","@id":"https:\/\/megapets.eu\/cs\/#website","url":"https:\/\/megapets.eu\/cs\/","name":"Mega Pets","description":"Jedna z najwi\u0119kszych hodowli \u015blimak\u00f3w w Europie","publisher":{"@id":"https:\/\/megapets.eu\/cs\/#organization"},"alternateName":"Mega Pets","potentialAction":[{"@type":"SearchAction","target":{"@type":"EntryPoint","urlTemplate":"https:\/\/megapets.eu\/cs\/?s={search_term_string}"},"query-input":{"@type":"PropertyValueSpecification","valueRequired":true,"valueName":"search_term_string"}}],"inLanguage":"cs"},{"@type":"Organization","@id":"https:\/\/megapets.eu\/cs\/#organization","name":"Mega Pets","url":"https:\/\/megapets.eu\/cs\/","logo":{"@type":"ImageObject","inLanguage":"cs","@id":"https:\/\/megapets.eu\/cs\/#\/schema\/logo\/image\/","url":"https:\/\/megapets.eu\/wp-content\/uploads\/2025\/04\/megapets_eu-logo.png","contentUrl":"https:\/\/megapets.eu\/wp-content\/uploads\/2025\/04\/megapets_eu-logo.png","width":2362,"height":2362,"caption":"Mega Pets"},"image":{"@id":"https:\/\/megapets.eu\/cs\/#\/schema\/logo\/image\/"},"sameAs":["https:\/\/www.facebook.com\/MegaPets.eu\/"]}]}},"_links":{"self":[{"href":"https:\/\/megapets.eu\/cs\/wp-json\/wp\/v2\/product\/6357","targetHints":{"allow":["GET"]}}],"collection":[{"href":"https:\/\/megapets.eu\/cs\/wp-json\/wp\/v2\/product"}],"about":[{"href":"https:\/\/megapets.eu\/cs\/wp-json\/wp\/v2\/types\/product"}],"wp:featuredmedia":[{"embeddable":true,"href":"https:\/\/megapets.eu\/cs\/wp-json\/wp\/v2\/media\/6358"}],"wp:attachment":[{"href":"https:\/\/megapets.eu\/cs\/wp-json\/wp\/v2\/media?parent=6357"}],"wp:term":[{"taxonomy":"product_cat","embeddable":true,"href":"https:\/\/megapets.eu\/cs\/wp-json\/wp\/v2\/product_cat?post=6357"},{"taxonomy":"product_tag","embeddable":true,"href":"https:\/\/megapets.eu\/cs\/wp-json\/wp\/v2\/product_tag?post=6357"}],"curies":[{"name":"wp","href":"https:\/\/api.w.org\/{rel}","templated":true}]}}