{"id":6365,"date":"2025-05-03T14:24:38","date_gmt":"2025-05-03T14:24:38","guid":{"rendered":"https:\/\/megapets.eu\/neza\u0159azen\u00e9\/archachatina-marginata-marginatatyp-2\/"},"modified":"2025-05-03T14:24:38","modified_gmt":"2025-05-03T14:24:38","slug":"archachatina-marginata-marginatatyp-2","status":"publish","type":"product","link":"https:\/\/megapets.eu\/cs\/sneci\/archachatina-marginata-marginatatyp-2\/","title":{"rendered":"Archachatina marginata marginata<br \/>typ 2"},"content":{"rendered":"<p style=\"text-align: left;\"><span style=\"color: #424242; font-size: 15px;\"><em><span style=\"color: #000000;\"><strong>Druh:<\/strong> <\/span><\/em><span style=\"color: #000000;\"><em>Archachatina marginata marginata (Swainson, 1821)<\/em><\/span><em><br \/>\n<strong><span style=\"color: #000000;\">Zvl\u00e1\u0161tn\u00ed ozna\u010den\u00ed rodu: <\/span><\/strong><\/em><em><span style=\"color: #000000;\">&#8222;typ 2&#8220;<\/span><\/em><em><br \/>\n<\/em><\/span><\/p>\n<p style=\"text-align: left;\"><span style=\"font-size: 15px;\"><strong><span style=\"color: #000000;\"><em><span style=\"color: #008000;\"><span style=\"color: #424242;\"><img decoding=\"async\" src=\"https:\/\/static.xx.fbcdn.net\/images\/emoji.php\/v9\/tb4\/1\/16\/2b50.png\" alt=\"\u2b50\ufe0f\" \/> <\/span><\/span><\/em><\/span><\/strong><span style=\"color: #000000;\"><em>Nab\u00edzen\u00e1 ml\u00e1\u010fata z nep\u0159\u00edbuzn\u00e9ho rodi\u010dovsk\u00e9ho p\u00e1ru. Pr\u016fb\u011b\u017en\u00fdm v\u00fdb\u011brem vhodn\u00fdch partner\u016f a vytv\u00e1\u0159en\u00edm p\u00e1r\u016f z generace na generaci se da\u0159\u00ed udr\u017eovat nep\u0159\u00edbuzn\u00e9, rodokmenov\u00e9 chovn\u00e9 linie kr\u00e1snoo\u010dek.<\/em><\/span><\/span><\/p>\n<p style=\"text-align: left;\"><span style=\"font-size: 15px;\"><span style=\"color: #000000;\"><em><span style=\"color: #008000;\"><span style=\"color: #424242;\"><img decoding=\"async\" src=\"https:\/\/static.xx.fbcdn.net\/images\/emoji.php\/v9\/t46\/1\/16\/1f90e.png\" alt=\"\ud83e\udd0e\" \/> Jedinci Archachatina marginata marginata &#8222;Type 2&#8220; se vyzna\u010duj\u00ed syt\u011b hn\u011bdou barvou s tmav\u011b hn\u011bd\u00fdmi akcenty v podob\u011b \u010detn\u00fdch vr\u00e1sek. Tykadla, hlava a pruh t\u00e1hnouc\u00ed se nap\u0159\u00ed\u010d t\u011blem z\u00edsk\u00e1vaj\u00ed hn\u011bdo\u010dern\u00fd odst\u00edn. V kombinaci s t\u00e9m\u011b\u0159 \u010dernou ulitou tak vznik\u00e1 jedine\u010dn\u00e1 barevn\u00e1 kompozice, kter\u00e1 je mezi milovn\u00edky ob\u0159\u00edch pl\u017e\u016f velmi cen\u011bn\u00e1.<\/span><\/span><\/em><\/span><\/span><\/p>\n<p style=\"text-align: left;\"><span style=\"color: #000000; font-size: 15px;\"><em><span class=\"x1xsqp64 xiy17q3 x1o6pynw x19co3pv xdj266r xcwd3tp xat24cr x39eecv x2b8uid\" data-testid=\"emoji\"><span class=\"xexx8yu xn5pp95 x18d9i69 x2fxd7x x3jgonx x1bhl96m\"><img loading=\"lazy\" decoding=\"async\" class=\"\" src=\"https:\/\/static.xx.fbcdn.net\/images\/emoji.php\/v9\/t66\/1\/32\/1f4cc.png\" alt=\"\ud83d\udccc\" width=\"18\" height=\"18\" \/> Typick\u00e1 velikost ulity tohoto druhu dosahuje zna\u010dn\u00fdch rozm\u011br\u016f kolem 12-14 cm.<\/span><\/span><\/em><\/span><\/p>\n<p style=\"text-align: left;\"><span style=\"color: #000000; font-size: 15px;\"><em><img loading=\"lazy\" decoding=\"async\" class=\"xz74otr\" src=\"https:\/\/static.xx.fbcdn.net\/images\/emoji.php\/v9\/t1e\/1\/16\/1f33f.png\" alt=\"\ud83c\udf3f\" width=\"18\" height=\"18\" \/> <span style=\"color: #008000;\">Stejn\u011b jako v\u011bt\u0161ina druh\u016f rodu Archachatina jsou tito pl\u017ei nen\u00e1ro\u010dn\u00ed a p\u0159i zaji\u0161t\u011bn\u00ed z\u00e1kladn\u00edch podm\u00ednek pro \u00fadr\u017ebu se jim dob\u0159e da\u0159\u00ed.<\/span><\/em><\/span><\/p>\n","protected":false},"excerpt":{"rendered":"<ul>\n<li>C\u00edlov\u00e1 velikost n\u00e1bojnice:\n<ul>\n<li>cca. 12-14 cm<\/li>\n<\/ul>\n<\/li>\n<li>Z nep\u0159\u00edbuzn\u00e9ho p\u00e1ru:\n<ul>\n<li>ano<\/li>\n<\/ul>\n<\/li>\n<li>Nab\u00edzen\u00e9 ml\u00e1d\u011b:\n<ul>\n<li>cca. 7-8 cm<\/li>\n<\/ul>\n<\/li>\n<li>Cena je za:\n<ul>\n<li>Cena za 1 ks<\/li>\n<\/ul>\n<\/li>\n<\/ul>\n","protected":false},"featured_media":11157,"template":"","meta":{"_acf_changed":false,"_links_to":"","_links_to_target":""},"product_cat":[161],"product_tag":[],"class_list":{"0":"post-6365","1":"product","2":"type-product","3":"status-publish","4":"has-post-thumbnail","6":"product_cat-sneci","8":"first","9":"outofstock","10":"shipping-taxable","11":"purchasable","12":"product-type-simple"},"acf":[],"yoast_head":"<!-- This site is optimized with the Yoast SEO plugin v24.9 - https:\/\/yoast.com\/wordpress\/plugins\/seo\/ -->\n<title>Archachatina marginata marginatatyp 2 | MegaPets<\/title>\n<meta name=\"robots\" content=\"index, follow, max-snippet:-1, max-image-preview:large, max-video-preview:-1\" \/>\n<link rel=\"canonical\" href=\"https:\/\/megapets.eu\/cs\/sneci\/archachatina-marginata-marginatatyp-2\/\" \/>\n<meta property=\"og:locale\" content=\"cs_CZ\" \/>\n<meta property=\"og:type\" content=\"article\" \/>\n<meta property=\"og:title\" content=\"Archachatina marginata marginatatyp 2 | MegaPets\" \/>\n<meta property=\"og:description\" content=\"C\u00edlov\u00e1 velikost n\u00e1bojnice:  cca. 12-14 cm   Z nep\u0159\u00edbuzn\u00e9ho p\u00e1ru:  ano   Nab\u00edzen\u00e9 ml\u00e1d\u011b:  cca. 7-8 cm   Cena je za:  Cena za 1 ks\" \/>\n<meta property=\"og:url\" content=\"https:\/\/megapets.eu\/cs\/sneci\/archachatina-marginata-marginatatyp-2\/\" \/>\n<meta property=\"og:site_name\" content=\"MegaPets\" \/>\n<meta property=\"article:publisher\" content=\"https:\/\/www.facebook.com\/MegaPets.eu\/\" \/>\n<meta property=\"og:image\" content=\"https:\/\/megapets.eu\/wp-content\/uploads\/2025\/05\/776.png\" \/>\n\t<meta property=\"og:image:width\" content=\"1050\" \/>\n\t<meta property=\"og:image:height\" content=\"690\" \/>\n\t<meta property=\"og:image:type\" content=\"image\/png\" \/>\n<meta name=\"twitter:card\" content=\"summary_large_image\" \/>\n<meta name=\"twitter:label1\" content=\"Odhadovan\u00e1 doba \u010dten\u00ed\" \/>\n\t<meta name=\"twitter:data1\" content=\"1 minuta\" \/>\n<script type=\"application\/ld+json\" class=\"yoast-schema-graph\">{\"@context\":\"https:\/\/schema.org\",\"@graph\":[{\"@type\":\"WebPage\",\"@id\":\"https:\/\/megapets.eu\/cs\/sneci\/archachatina-marginata-marginatatyp-2\/\",\"url\":\"https:\/\/megapets.eu\/cs\/sneci\/archachatina-marginata-marginatatyp-2\/\",\"name\":\"Archachatina marginata marginata typ 2 | MegaPets\",\"isPartOf\":{\"@id\":\"https:\/\/megapets.eu\/cs\/#website\"},\"primaryImageOfPage\":{\"@id\":\"https:\/\/megapets.eu\/cs\/sneci\/archachatina-marginata-marginatatyp-2\/#primaryimage\"},\"image\":{\"@id\":\"https:\/\/megapets.eu\/cs\/sneci\/archachatina-marginata-marginatatyp-2\/#primaryimage\"},\"thumbnailUrl\":\"https:\/\/megapets.eu\/wp-content\/uploads\/2025\/05\/AMM-type2-2.png\",\"datePublished\":\"2025-05-03T14:24:38+00:00\",\"breadcrumb\":{\"@id\":\"https:\/\/megapets.eu\/cs\/sneci\/archachatina-marginata-marginatatyp-2\/#breadcrumb\"},\"inLanguage\":\"cs\",\"potentialAction\":[{\"@type\":\"ReadAction\",\"target\":[\"https:\/\/megapets.eu\/cs\/sneci\/archachatina-marginata-marginatatyp-2\/\"]}]},{\"@type\":\"ImageObject\",\"inLanguage\":\"cs\",\"@id\":\"https:\/\/megapets.eu\/cs\/sneci\/archachatina-marginata-marginatatyp-2\/#primaryimage\",\"url\":\"https:\/\/megapets.eu\/wp-content\/uploads\/2025\/05\/AMM-type2-2.png\",\"contentUrl\":\"https:\/\/megapets.eu\/wp-content\/uploads\/2025\/05\/AMM-type2-2.png\",\"width\":1053,\"height\":691},{\"@type\":\"BreadcrumbList\",\"@id\":\"https:\/\/megapets.eu\/cs\/sneci\/archachatina-marginata-marginatatyp-2\/#breadcrumb\",\"itemListElement\":[{\"@type\":\"ListItem\",\"position\":1,\"name\":\"Strona g\u0142\u00f3wna\",\"item\":\"https:\/\/megapets.eu\/cs\/\"},{\"@type\":\"ListItem\",\"position\":2,\"name\":\"Obchod\",\"item\":\"https:\/\/megapets.eu\/obchod\/\"},{\"@type\":\"ListItem\",\"position\":3,\"name\":\"Archachatina marginata marginatatyp 2\"}]},{\"@type\":\"WebSite\",\"@id\":\"https:\/\/megapets.eu\/cs\/#website\",\"url\":\"https:\/\/megapets.eu\/cs\/\",\"name\":\"Mega Pets\",\"description\":\"Jedna z najwi\u0119kszych hodowli \u015blimak\u00f3w w Europie\",\"publisher\":{\"@id\":\"https:\/\/megapets.eu\/cs\/#organization\"},\"alternateName\":\"Mega Pets\",\"potentialAction\":[{\"@type\":\"SearchAction\",\"target\":{\"@type\":\"EntryPoint\",\"urlTemplate\":\"https:\/\/megapets.eu\/cs\/?s={search_term_string}\"},\"query-input\":{\"@type\":\"PropertyValueSpecification\",\"valueRequired\":true,\"valueName\":\"search_term_string\"}}],\"inLanguage\":\"cs\"},{\"@type\":\"Organization\",\"@id\":\"https:\/\/megapets.eu\/cs\/#organization\",\"name\":\"Mega Pets\",\"url\":\"https:\/\/megapets.eu\/cs\/\",\"logo\":{\"@type\":\"ImageObject\",\"inLanguage\":\"cs\",\"@id\":\"https:\/\/megapets.eu\/cs\/#\/schema\/logo\/image\/\",\"url\":\"https:\/\/megapets.eu\/wp-content\/uploads\/2025\/04\/megapets_eu-logo.png\",\"contentUrl\":\"https:\/\/megapets.eu\/wp-content\/uploads\/2025\/04\/megapets_eu-logo.png\",\"width\":2362,\"height\":2362,\"caption\":\"Mega Pets\"},\"image\":{\"@id\":\"https:\/\/megapets.eu\/cs\/#\/schema\/logo\/image\/\"},\"sameAs\":[\"https:\/\/www.facebook.com\/MegaPets.eu\/\"]}]}<\/script>\n<!-- \/ Yoast SEO plugin. -->","yoast_head_json":{"title":"Archachatina marginata marginatatyp 2 | MegaPets","robots":{"index":"index","follow":"follow","max-snippet":"max-snippet:-1","max-image-preview":"max-image-preview:large","max-video-preview":"max-video-preview:-1"},"canonical":"https:\/\/megapets.eu\/cs\/sneci\/archachatina-marginata-marginatatyp-2\/","og_locale":"cs_CZ","og_type":"article","og_title":"Archachatina marginata marginatatyp 2 | MegaPets","og_description":"C\u00edlov\u00e1 velikost n\u00e1bojnice:  cca. 12-14 cm   Z nep\u0159\u00edbuzn\u00e9ho p\u00e1ru:  ano   Nab\u00edzen\u00e9 ml\u00e1d\u011b:  cca. 7-8 cm   Cena je za:  Cena za 1 ks","og_url":"https:\/\/megapets.eu\/cs\/sneci\/archachatina-marginata-marginatatyp-2\/","og_site_name":"MegaPets","article_publisher":"https:\/\/www.facebook.com\/MegaPets.eu\/","og_image":[{"width":1050,"height":690,"url":"https:\/\/megapets.eu\/wp-content\/uploads\/2025\/05\/776.png","type":"image\/png"}],"twitter_card":"summary_large_image","twitter_misc":{"Odhadovan\u00e1 doba \u010dten\u00ed":"1 minuta"},"schema":{"@context":"https:\/\/schema.org","@graph":[{"@type":"WebPage","@id":"https:\/\/megapets.eu\/cs\/sneci\/archachatina-marginata-marginatatyp-2\/","url":"https:\/\/megapets.eu\/cs\/sneci\/archachatina-marginata-marginatatyp-2\/","name":"Archachatina marginata marginata typ 2 | MegaPets","isPartOf":{"@id":"https:\/\/megapets.eu\/cs\/#website"},"primaryImageOfPage":{"@id":"https:\/\/megapets.eu\/cs\/sneci\/archachatina-marginata-marginatatyp-2\/#primaryimage"},"image":{"@id":"https:\/\/megapets.eu\/cs\/sneci\/archachatina-marginata-marginatatyp-2\/#primaryimage"},"thumbnailUrl":"https:\/\/megapets.eu\/wp-content\/uploads\/2025\/05\/AMM-type2-2.png","datePublished":"2025-05-03T14:24:38+00:00","breadcrumb":{"@id":"https:\/\/megapets.eu\/cs\/sneci\/archachatina-marginata-marginatatyp-2\/#breadcrumb"},"inLanguage":"cs","potentialAction":[{"@type":"ReadAction","target":["https:\/\/megapets.eu\/cs\/sneci\/archachatina-marginata-marginatatyp-2\/"]}]},{"@type":"ImageObject","inLanguage":"cs","@id":"https:\/\/megapets.eu\/cs\/sneci\/archachatina-marginata-marginatatyp-2\/#primaryimage","url":"https:\/\/megapets.eu\/wp-content\/uploads\/2025\/05\/AMM-type2-2.png","contentUrl":"https:\/\/megapets.eu\/wp-content\/uploads\/2025\/05\/AMM-type2-2.png","width":1053,"height":691},{"@type":"BreadcrumbList","@id":"https:\/\/megapets.eu\/cs\/sneci\/archachatina-marginata-marginatatyp-2\/#breadcrumb","itemListElement":[{"@type":"ListItem","position":1,"name":"Strona g\u0142\u00f3wna","item":"https:\/\/megapets.eu\/cs\/"},{"@type":"ListItem","position":2,"name":"Obchod","item":"https:\/\/megapets.eu\/obchod\/"},{"@type":"ListItem","position":3,"name":"Archachatina marginata marginatatyp 2"}]},{"@type":"WebSite","@id":"https:\/\/megapets.eu\/cs\/#website","url":"https:\/\/megapets.eu\/cs\/","name":"Mega Pets","description":"Jedna z najwi\u0119kszych hodowli \u015blimak\u00f3w w Europie","publisher":{"@id":"https:\/\/megapets.eu\/cs\/#organization"},"alternateName":"Mega Pets","potentialAction":[{"@type":"SearchAction","target":{"@type":"EntryPoint","urlTemplate":"https:\/\/megapets.eu\/cs\/?s={search_term_string}"},"query-input":{"@type":"PropertyValueSpecification","valueRequired":true,"valueName":"search_term_string"}}],"inLanguage":"cs"},{"@type":"Organization","@id":"https:\/\/megapets.eu\/cs\/#organization","name":"Mega Pets","url":"https:\/\/megapets.eu\/cs\/","logo":{"@type":"ImageObject","inLanguage":"cs","@id":"https:\/\/megapets.eu\/cs\/#\/schema\/logo\/image\/","url":"https:\/\/megapets.eu\/wp-content\/uploads\/2025\/04\/megapets_eu-logo.png","contentUrl":"https:\/\/megapets.eu\/wp-content\/uploads\/2025\/04\/megapets_eu-logo.png","width":2362,"height":2362,"caption":"Mega Pets"},"image":{"@id":"https:\/\/megapets.eu\/cs\/#\/schema\/logo\/image\/"},"sameAs":["https:\/\/www.facebook.com\/MegaPets.eu\/"]}]}},"_links":{"self":[{"href":"https:\/\/megapets.eu\/cs\/wp-json\/wp\/v2\/product\/6365","targetHints":{"allow":["GET"]}}],"collection":[{"href":"https:\/\/megapets.eu\/cs\/wp-json\/wp\/v2\/product"}],"about":[{"href":"https:\/\/megapets.eu\/cs\/wp-json\/wp\/v2\/types\/product"}],"wp:featuredmedia":[{"embeddable":true,"href":"https:\/\/megapets.eu\/cs\/wp-json\/wp\/v2\/media\/11157"}],"wp:attachment":[{"href":"https:\/\/megapets.eu\/cs\/wp-json\/wp\/v2\/media?parent=6365"}],"wp:term":[{"taxonomy":"product_cat","embeddable":true,"href":"https:\/\/megapets.eu\/cs\/wp-json\/wp\/v2\/product_cat?post=6365"},{"taxonomy":"product_tag","embeddable":true,"href":"https:\/\/megapets.eu\/cs\/wp-json\/wp\/v2\/product_tag?post=6365"}],"curies":[{"name":"wp","href":"https:\/\/api.w.org\/{rel}","templated":true}]}}