{"id":6380,"date":"2025-06-09T19:40:44","date_gmt":"2025-06-09T19:40:44","guid":{"rendered":"https:\/\/megapets.eu\/neza\u0159azen\u00e9\/baleni-exoticke-bylinne-smesi-100-g-pro-exoticke-sneky\/"},"modified":"2025-06-09T19:40:44","modified_gmt":"2025-06-09T19:40:44","slug":"baleni-exoticke-bylinne-smesi-100-g-pro-exoticke-sneky","status":"publish","type":"product","link":"https:\/\/megapets.eu\/cs\/prislusenstvi\/baleni-exoticke-bylinne-smesi-100-g-pro-exoticke-sneky\/","title":{"rendered":"Balen\u00ed &#8222;Exotick\u00e9 bylinn\u00e9 sm\u011bsi&#8220; 100 g <br \/> pro exotick\u00e9 \u0161neky"},"content":{"rendered":"<p><strong><span style=\"color: #e87020; font-size: 15px;\"><em>Balen\u00ed &#8222;Exotic mix herb&#8220; 100 g<\/em><\/span><\/strong><\/p>\n<p><em><b>&#8222;Exotic mix herb&#8220; <\/b>pro exotick\u00e9 \u0161neky:<\/em><\/p>\n<p><em>Balen\u00ed &#8222;Exotic mix herb&#8220; obsahuje pe\u010dliv\u011b vybran\u00e9 byliny, cenn\u00fd a p\u0159\u00edrodn\u00ed dopln\u011bk, kter\u00fd pom\u00e1h\u00e1 obohatit stravu exotick\u00fdch \u0161nek\u016f na z\u00e1klad\u011b jejich pot\u0159eb vitam\u00edn\u016f a miner\u00e1l\u016f, slo\u017eek nezbytn\u00fdch pro zdrav\u00ed dom\u00e1c\u00edch zv\u00ed\u0159at.<\/em><\/p>\n<p><em><b>Cena je za: <\/b>jedno balen\u00ed<b> <\/b>&#8222;Exotic mix herb&#8220;<b> <\/b>p\u0159ipraven\u00e9 k pou\u017eit\u00ed. Jedno balen\u00ed obsahuje 100 g.<\/em><\/p>\n<p><em>Z rozemlet\u00fdch a proset\u00fdch bylin vznik\u00e1 jemn\u00fd pr\u00e1\u0161ek, kter\u00fd se snadno pou\u017e\u00edv\u00e1 a d\u00e1vkuje. D\u00e1vkov\u00e1n\u00ed: jako dopln\u011bk stravy exotick\u00fdch \u0161nek\u016f p\u0159idejte jednou za 1-2 t\u00fddny mal\u00e9 mno\u017estv\u00ed pr\u00e1\u0161ku &#8222;Exotick\u00fd bylinn\u00fd mix&#8220; (1-2 \u0161petky, v z\u00e1vislosti na velikosti \u0161neka) do z\u00e1kladn\u00ed stravy, posypte j\u00edm zeleninu a ovoce pod\u00e1van\u00e9 v ten den.<\/em><\/p>\n<p><em>Doporu\u010dujeme dopl\u0148ky st\u0159\u00eddat a nab\u00edzet \u0161nek\u016fm i jin\u00e9 druhy dopl\u0148k\u016f, kter\u00e9 jsou k dispozici v na\u0161\u00ed nab\u00eddce na megapets.eu, aby strava \u0161neka z\u016fstala pestr\u00e1 a kompletn\u00ed. P\u0159i dal\u0161\u00edm krmen\u00ed je lep\u0161\u00ed ud\u011blat kr\u00e1tkou p\u0159est\u00e1vku s &#8222;Exotickou bylinnou sm\u011bs\u00ed&#8220; a nab\u00eddnout sv\u00e9mu mazl\u00ed\u010dkovi jin\u00e9 druhy dopl\u0148k\u016f, nap\u0159\u00edklad sm\u011bs zrn &#8222;Protein &amp; Vitamin&#8220;, mlet\u00fd &#8222;Gammarus&#8220;, &#8222;Kv\u011btinovou sm\u011bs&#8220;. Na\u0161e dopl\u0148ky byly vytvo\u0159eny s l\u00e1skou ke \u0161nek\u016fm a vych\u00e1zej\u00ed z dlouholet\u00fdch chovatelsk\u00fdch zku\u0161enost\u00ed, tak\u017ee m\u016f\u017eeme zaru\u010dit jejich kvalitu a \u00fa\u010dinnost!<\/em><\/p>\n<p><em>Doporu\u010dujeme dopl\u0148ky, kter\u00e9 jsou schopny uspokojit pot\u0159eby v cenn\u00fdch \u017eivin\u00e1ch i t\u011bch nejn\u00e1ro\u010dn\u011bj\u0161\u00edch druh\u016f: &#8222;Protein &amp; Vitamin&#8220;, &#8222;Sm\u011bs exotick\u00fdch bylin&#8220;, &#8222;Gammarus&#8220; mlet\u00fd, . <\/em><\/p>\n","protected":false},"excerpt":{"rendered":"<ul class=\"product_attributes\">\n<li><span style=\"color: #555555;\">Obsahuje:<\/span> pe\u010dliv\u011b vybran\u00e9 byliny<\/li>\n<li><span style=\"color: #555555;\">Balen\u00ed obsahuje:<\/span> 100 g<\/li>\n<li><span style=\"color: #555555;\">Cena plat\u00ed pro:<\/span> Cena plat\u00ed pro 1 balen\u00ed.<\/li>\n<\/ul>\n","protected":false},"featured_media":6381,"template":"","meta":{"_acf_changed":false,"_links_to":"","_links_to_target":""},"product_cat":[163],"product_tag":[164,166,165,167],"class_list":{"0":"post-6380","1":"product","2":"type-product","3":"status-publish","4":"has-post-thumbnail","6":"product_cat-prislusenstvi","7":"product_tag-pro-hlemyzde","8":"product_tag-pro-izopody","9":"product_tag-pro-lsti","10":"product_tag-pro-svaby","12":"first","13":"instock","14":"shipping-taxable","15":"purchasable","16":"product-type-simple"},"acf":[],"yoast_head":"<!-- This site is optimized with the Yoast SEO plugin v24.9 - https:\/\/yoast.com\/wordpress\/plugins\/seo\/ -->\n<title>Balen\u00ed &quot;Exotick\u00e9 bylinn\u00e9 sm\u011bsi&quot; 100 g  pro exotick\u00e9 \u0161neky | MegaPets<\/title>\n<meta name=\"robots\" content=\"index, follow, max-snippet:-1, max-image-preview:large, max-video-preview:-1\" \/>\n<link rel=\"canonical\" href=\"https:\/\/megapets.eu\/cs\/prislusenstvi\/baleni-exoticke-bylinne-smesi-100-g-pro-exoticke-sneky\/\" \/>\n<meta property=\"og:locale\" content=\"cs_CZ\" \/>\n<meta property=\"og:type\" content=\"article\" \/>\n<meta property=\"og:title\" content=\"Balen\u00ed &quot;Exotick\u00e9 bylinn\u00e9 sm\u011bsi&quot; 100 g  pro exotick\u00e9 \u0161neky | MegaPets\" \/>\n<meta property=\"og:description\" content=\"Obsahuje: pe\u010dliv\u011b vybran\u00e9 byliny  Balen\u00ed obsahuje: 100 g  Cena plat\u00ed pro: Cena plat\u00ed pro 1 balen\u00ed.\" \/>\n<meta property=\"og:url\" content=\"https:\/\/megapets.eu\/cs\/prislusenstvi\/baleni-exoticke-bylinne-smesi-100-g-pro-exoticke-sneky\/\" \/>\n<meta property=\"og:site_name\" content=\"MegaPets\" \/>\n<meta property=\"article:publisher\" content=\"https:\/\/www.facebook.com\/MegaPets.eu\/\" \/>\n<meta property=\"og:image\" content=\"https:\/\/megapets.eu\/wp-content\/uploads\/2025\/06\/exotic-snails.png\" \/>\n\t<meta property=\"og:image:width\" content=\"1049\" \/>\n\t<meta property=\"og:image:height\" content=\"689\" \/>\n\t<meta property=\"og:image:type\" content=\"image\/png\" \/>\n<meta name=\"twitter:card\" content=\"summary_large_image\" \/>\n<meta name=\"twitter:label1\" content=\"Odhadovan\u00e1 doba \u010dten\u00ed\" \/>\n\t<meta name=\"twitter:data1\" content=\"1 minuta\" \/>\n<script type=\"application\/ld+json\" class=\"yoast-schema-graph\">{\"@context\":\"https:\/\/schema.org\",\"@graph\":[{\"@type\":\"WebPage\",\"@id\":\"https:\/\/megapets.eu\/cs\/prislusenstvi\/baleni-exoticke-bylinne-smesi-100-g-pro-exoticke-sneky\/\",\"url\":\"https:\/\/megapets.eu\/cs\/prislusenstvi\/baleni-exoticke-bylinne-smesi-100-g-pro-exoticke-sneky\/\",\"name\":\"Balen\u00ed \\\"Exotick\u00e9 bylinn\u00e9 sm\u011bsi\\\" 100 g pro exotick\u00e9 \u0161neky | MegaPets\",\"isPartOf\":{\"@id\":\"https:\/\/megapets.eu\/cs\/#website\"},\"primaryImageOfPage\":{\"@id\":\"https:\/\/megapets.eu\/cs\/prislusenstvi\/baleni-exoticke-bylinne-smesi-100-g-pro-exoticke-sneky\/#primaryimage\"},\"image\":{\"@id\":\"https:\/\/megapets.eu\/cs\/prislusenstvi\/baleni-exoticke-bylinne-smesi-100-g-pro-exoticke-sneky\/#primaryimage\"},\"thumbnailUrl\":\"https:\/\/megapets.eu\/wp-content\/uploads\/2025\/06\/exotic-snails.png\",\"datePublished\":\"2025-06-09T19:40:44+00:00\",\"breadcrumb\":{\"@id\":\"https:\/\/megapets.eu\/cs\/prislusenstvi\/baleni-exoticke-bylinne-smesi-100-g-pro-exoticke-sneky\/#breadcrumb\"},\"inLanguage\":\"cs\",\"potentialAction\":[{\"@type\":\"ReadAction\",\"target\":[\"https:\/\/megapets.eu\/cs\/prislusenstvi\/baleni-exoticke-bylinne-smesi-100-g-pro-exoticke-sneky\/\"]}]},{\"@type\":\"ImageObject\",\"inLanguage\":\"cs\",\"@id\":\"https:\/\/megapets.eu\/cs\/prislusenstvi\/baleni-exoticke-bylinne-smesi-100-g-pro-exoticke-sneky\/#primaryimage\",\"url\":\"https:\/\/megapets.eu\/wp-content\/uploads\/2025\/06\/exotic-snails.png\",\"contentUrl\":\"https:\/\/megapets.eu\/wp-content\/uploads\/2025\/06\/exotic-snails.png\",\"width\":1049,\"height\":689},{\"@type\":\"BreadcrumbList\",\"@id\":\"https:\/\/megapets.eu\/cs\/prislusenstvi\/baleni-exoticke-bylinne-smesi-100-g-pro-exoticke-sneky\/#breadcrumb\",\"itemListElement\":[{\"@type\":\"ListItem\",\"position\":1,\"name\":\"Strona g\u0142\u00f3wna\",\"item\":\"https:\/\/megapets.eu\/cs\/\"},{\"@type\":\"ListItem\",\"position\":2,\"name\":\"Obchod\",\"item\":\"https:\/\/megapets.eu\/obchod\/\"},{\"@type\":\"ListItem\",\"position\":3,\"name\":\"Balen\u00ed &#8222;Exotick\u00e9 bylinn\u00e9 sm\u011bsi\\\" 100 g pro exotick\u00e9 \u0161neky\"}]},{\"@type\":\"WebSite\",\"@id\":\"https:\/\/megapets.eu\/cs\/#website\",\"url\":\"https:\/\/megapets.eu\/cs\/\",\"name\":\"Mega Pets\",\"description\":\"Jedna z najwi\u0119kszych hodowli \u015blimak\u00f3w w Europie\",\"publisher\":{\"@id\":\"https:\/\/megapets.eu\/cs\/#organization\"},\"alternateName\":\"Mega Pets\",\"potentialAction\":[{\"@type\":\"SearchAction\",\"target\":{\"@type\":\"EntryPoint\",\"urlTemplate\":\"https:\/\/megapets.eu\/cs\/?s={search_term_string}\"},\"query-input\":{\"@type\":\"PropertyValueSpecification\",\"valueRequired\":true,\"valueName\":\"search_term_string\"}}],\"inLanguage\":\"cs\"},{\"@type\":\"Organization\",\"@id\":\"https:\/\/megapets.eu\/cs\/#organization\",\"name\":\"Mega Pets\",\"url\":\"https:\/\/megapets.eu\/cs\/\",\"logo\":{\"@type\":\"ImageObject\",\"inLanguage\":\"cs\",\"@id\":\"https:\/\/megapets.eu\/cs\/#\/schema\/logo\/image\/\",\"url\":\"https:\/\/megapets.eu\/wp-content\/uploads\/2025\/04\/megapets_eu-logo.png\",\"contentUrl\":\"https:\/\/megapets.eu\/wp-content\/uploads\/2025\/04\/megapets_eu-logo.png\",\"width\":2362,\"height\":2362,\"caption\":\"Mega Pets\"},\"image\":{\"@id\":\"https:\/\/megapets.eu\/cs\/#\/schema\/logo\/image\/\"},\"sameAs\":[\"https:\/\/www.facebook.com\/MegaPets.eu\/\"]}]}<\/script>\n<!-- \/ Yoast SEO plugin. -->","yoast_head_json":{"title":"Balen\u00ed \"Exotick\u00e9 bylinn\u00e9 sm\u011bsi\" 100 g  pro exotick\u00e9 \u0161neky | MegaPets","robots":{"index":"index","follow":"follow","max-snippet":"max-snippet:-1","max-image-preview":"max-image-preview:large","max-video-preview":"max-video-preview:-1"},"canonical":"https:\/\/megapets.eu\/cs\/prislusenstvi\/baleni-exoticke-bylinne-smesi-100-g-pro-exoticke-sneky\/","og_locale":"cs_CZ","og_type":"article","og_title":"Balen\u00ed \"Exotick\u00e9 bylinn\u00e9 sm\u011bsi\" 100 g  pro exotick\u00e9 \u0161neky | MegaPets","og_description":"Obsahuje: pe\u010dliv\u011b vybran\u00e9 byliny  Balen\u00ed obsahuje: 100 g  Cena plat\u00ed pro: Cena plat\u00ed pro 1 balen\u00ed.","og_url":"https:\/\/megapets.eu\/cs\/prislusenstvi\/baleni-exoticke-bylinne-smesi-100-g-pro-exoticke-sneky\/","og_site_name":"MegaPets","article_publisher":"https:\/\/www.facebook.com\/MegaPets.eu\/","og_image":[{"width":1049,"height":689,"url":"https:\/\/megapets.eu\/wp-content\/uploads\/2025\/06\/exotic-snails.png","type":"image\/png"}],"twitter_card":"summary_large_image","twitter_misc":{"Odhadovan\u00e1 doba \u010dten\u00ed":"1 minuta"},"schema":{"@context":"https:\/\/schema.org","@graph":[{"@type":"WebPage","@id":"https:\/\/megapets.eu\/cs\/prislusenstvi\/baleni-exoticke-bylinne-smesi-100-g-pro-exoticke-sneky\/","url":"https:\/\/megapets.eu\/cs\/prislusenstvi\/baleni-exoticke-bylinne-smesi-100-g-pro-exoticke-sneky\/","name":"Balen\u00ed \"Exotick\u00e9 bylinn\u00e9 sm\u011bsi\" 100 g pro exotick\u00e9 \u0161neky | MegaPets","isPartOf":{"@id":"https:\/\/megapets.eu\/cs\/#website"},"primaryImageOfPage":{"@id":"https:\/\/megapets.eu\/cs\/prislusenstvi\/baleni-exoticke-bylinne-smesi-100-g-pro-exoticke-sneky\/#primaryimage"},"image":{"@id":"https:\/\/megapets.eu\/cs\/prislusenstvi\/baleni-exoticke-bylinne-smesi-100-g-pro-exoticke-sneky\/#primaryimage"},"thumbnailUrl":"https:\/\/megapets.eu\/wp-content\/uploads\/2025\/06\/exotic-snails.png","datePublished":"2025-06-09T19:40:44+00:00","breadcrumb":{"@id":"https:\/\/megapets.eu\/cs\/prislusenstvi\/baleni-exoticke-bylinne-smesi-100-g-pro-exoticke-sneky\/#breadcrumb"},"inLanguage":"cs","potentialAction":[{"@type":"ReadAction","target":["https:\/\/megapets.eu\/cs\/prislusenstvi\/baleni-exoticke-bylinne-smesi-100-g-pro-exoticke-sneky\/"]}]},{"@type":"ImageObject","inLanguage":"cs","@id":"https:\/\/megapets.eu\/cs\/prislusenstvi\/baleni-exoticke-bylinne-smesi-100-g-pro-exoticke-sneky\/#primaryimage","url":"https:\/\/megapets.eu\/wp-content\/uploads\/2025\/06\/exotic-snails.png","contentUrl":"https:\/\/megapets.eu\/wp-content\/uploads\/2025\/06\/exotic-snails.png","width":1049,"height":689},{"@type":"BreadcrumbList","@id":"https:\/\/megapets.eu\/cs\/prislusenstvi\/baleni-exoticke-bylinne-smesi-100-g-pro-exoticke-sneky\/#breadcrumb","itemListElement":[{"@type":"ListItem","position":1,"name":"Strona g\u0142\u00f3wna","item":"https:\/\/megapets.eu\/cs\/"},{"@type":"ListItem","position":2,"name":"Obchod","item":"https:\/\/megapets.eu\/obchod\/"},{"@type":"ListItem","position":3,"name":"Balen\u00ed &#8222;Exotick\u00e9 bylinn\u00e9 sm\u011bsi\" 100 g pro exotick\u00e9 \u0161neky"}]},{"@type":"WebSite","@id":"https:\/\/megapets.eu\/cs\/#website","url":"https:\/\/megapets.eu\/cs\/","name":"Mega Pets","description":"Jedna z najwi\u0119kszych hodowli \u015blimak\u00f3w w Europie","publisher":{"@id":"https:\/\/megapets.eu\/cs\/#organization"},"alternateName":"Mega Pets","potentialAction":[{"@type":"SearchAction","target":{"@type":"EntryPoint","urlTemplate":"https:\/\/megapets.eu\/cs\/?s={search_term_string}"},"query-input":{"@type":"PropertyValueSpecification","valueRequired":true,"valueName":"search_term_string"}}],"inLanguage":"cs"},{"@type":"Organization","@id":"https:\/\/megapets.eu\/cs\/#organization","name":"Mega Pets","url":"https:\/\/megapets.eu\/cs\/","logo":{"@type":"ImageObject","inLanguage":"cs","@id":"https:\/\/megapets.eu\/cs\/#\/schema\/logo\/image\/","url":"https:\/\/megapets.eu\/wp-content\/uploads\/2025\/04\/megapets_eu-logo.png","contentUrl":"https:\/\/megapets.eu\/wp-content\/uploads\/2025\/04\/megapets_eu-logo.png","width":2362,"height":2362,"caption":"Mega Pets"},"image":{"@id":"https:\/\/megapets.eu\/cs\/#\/schema\/logo\/image\/"},"sameAs":["https:\/\/www.facebook.com\/MegaPets.eu\/"]}]}},"_links":{"self":[{"href":"https:\/\/megapets.eu\/cs\/wp-json\/wp\/v2\/product\/6380","targetHints":{"allow":["GET"]}}],"collection":[{"href":"https:\/\/megapets.eu\/cs\/wp-json\/wp\/v2\/product"}],"about":[{"href":"https:\/\/megapets.eu\/cs\/wp-json\/wp\/v2\/types\/product"}],"wp:featuredmedia":[{"embeddable":true,"href":"https:\/\/megapets.eu\/cs\/wp-json\/wp\/v2\/media\/6381"}],"wp:attachment":[{"href":"https:\/\/megapets.eu\/cs\/wp-json\/wp\/v2\/media?parent=6380"}],"wp:term":[{"taxonomy":"product_cat","embeddable":true,"href":"https:\/\/megapets.eu\/cs\/wp-json\/wp\/v2\/product_cat?post=6380"},{"taxonomy":"product_tag","embeddable":true,"href":"https:\/\/megapets.eu\/cs\/wp-json\/wp\/v2\/product_tag?post=6380"}],"curies":[{"name":"wp","href":"https:\/\/api.w.org\/{rel}","templated":true}]}}