{"id":6385,"date":"2025-06-03T09:27:55","date_gmt":"2025-06-03T09:27:55","guid":{"rendered":"https:\/\/megapets.eu\/neza\u0159azen\u00e9\/archachatina-marginata-ovumalbino-telo-par-p20\/"},"modified":"2025-06-03T09:27:55","modified_gmt":"2025-06-03T09:27:55","slug":"archachatina-marginata-ovumalbino-telo-par-p20","status":"publish","type":"product","link":"https:\/\/megapets.eu\/cs\/sneci\/archachatina-marginata-ovumalbino-telo-par-p20\/","title":{"rendered":"Archachatina marginata ovum<br \/>albino t\u011blo \/ p\u00e1r P20"},"content":{"rendered":"<p style=\"text-align: left;\"><span style=\"font-size: 15px;\"><strong><span style=\"color: #000000;\"><em>Druh: <\/em><\/span><\/strong><span style=\"color: #000000;\"><em>Archachatina marginata ovum (L. Pfeiffer, 1858).<\/em><\/span><strong><span style=\"color: #000000;\"><em><br \/>\nBarevn\u00e1 varieta:<\/em><\/span><\/strong><span style=\"color: #000000;\"><em> albinotick\u00e9 t\u011blo<\/em><\/span><\/span><\/p>\n<p style=\"text-align: left;\"><span style=\"font-size: 15px;\"><strong><span style=\"color: #000000;\"><em><span style=\"color: #008000;\"><span style=\"color: #424242;\"><img decoding=\"async\" src=\"https:\/\/static.xx.fbcdn.net\/images\/emoji.php\/v9\/tb4\/1\/16\/2b50.png\" alt=\"\u2b50\ufe0f\" \/> <\/span><\/span><\/em><\/span><\/strong><span style=\"color: #000000;\"><em>Nab\u00edzen\u00e1 ml\u00e1\u010fata z nep\u0159\u00edbuzn\u00e9ho rodi\u010dovsk\u00e9ho p\u00e1ru P20. D\u00edky pr\u016fb\u011b\u017en\u00e9mu v\u00fdb\u011bru vhodn\u00fdch partner\u016f a vytv\u00e1\u0159en\u00ed p\u00e1r\u016f z generace na generaci se da\u0159\u00ed udr\u017eovat nep\u0159\u00edbuzn\u00e9, plemenn\u00e9 chovn\u00e9 linie kr\u00e1sn\u00fdch, ob\u0159\u00edch archachatops\u016f.<\/em><\/span><\/span><\/p>\n<p style=\"text-align: left;\"><span style=\"font-size: 15px;\"><span style=\"color: #000000;\"><em><span style=\"color: #008000;\"><span style=\"color: #424242;\"><img decoding=\"async\" src=\"https:\/\/static.xx.fbcdn.net\/images\/emoji.php\/v9\/t6c\/1\/16\/2764.png\" alt=\"\u2764\" \/> Mezi barevn\u00fdmi varietami druhu Archachatina marginata ovum vynikaj\u00ed zejm\u00e9na pl\u017ei se zcela albinotick\u00fdm t\u011blem, kte\u0159\u00ed p\u0159itahuj\u00ed pozornost svou jemnou kr\u00e1sou. Jedinci s albinotick\u00fdm t\u011blem jsou m\u00e9n\u011b \u010dast\u00ed ne\u017e hn\u011bd\u011b zbarven\u00e9 variety \u0161nek\u016f a jsou pova\u017eov\u00e1ni za jedny z nejatraktivn\u011bj\u0161\u00edch a nejcenn\u011bj\u0161\u00edch odr\u016fd.<\/span><\/span><\/em><\/span><\/span><\/p>\n<p style=\"text-align: left;\"><span style=\"color: #000000; font-size: 15px;\"><em><span class=\"x1xsqp64 xiy17q3 x1o6pynw x19co3pv xdj266r xcwd3tp xat24cr x39eecv x2b8uid\" data-testid=\"emoji\"><span class=\"xexx8yu xn5pp95 x18d9i69 x2fxd7x x3jgonx x1bhl96m\"><img loading=\"lazy\" decoding=\"async\" class=\"\" src=\"https:\/\/static.xx.fbcdn.net\/images\/emoji.php\/v9\/t66\/1\/32\/1f4cc.png\" alt=\"\ud83d\udccc\" width=\"18\" height=\"18\" \/> Velikost ulity tohoto druhu obvykle dosahuje zna\u010dn\u00fdch rozm\u011br\u016f, kolem 12-15 cm.<\/span><\/span><\/em><\/span><\/p>\n<p style=\"text-align: left;\"><span style=\"color: #000000; font-size: 15px;\"><em><img loading=\"lazy\" decoding=\"async\" class=\"xz74otr\" src=\"https:\/\/static.xx.fbcdn.net\/images\/emoji.php\/v9\/t1e\/1\/16\/1f33f.png\" alt=\"\ud83c\udf3f\" width=\"18\" height=\"18\" \/> <span style=\"color: #008000;\">Hlem\u00fd\u017ed\u011b s alb\u00ednsk\u00fdm t\u011blem m\u016f\u017ee doma snadno chovat ka\u017ed\u00fd milovn\u00edk t\u00e9to kr\u00e1sn\u00e9 barevn\u00e9 variety. Albinoti\u010dt\u00ed jedinci nejsou n\u00e1ro\u010dn\u00ed a p\u0159i dodr\u017een\u00ed z\u00e1kladn\u00edch podm\u00ednek \u00fadr\u017eby dor\u016fstaj\u00ed obrovsk\u00fdch rozm\u011br\u016f.<\/span><\/em><\/span><\/p>\n","protected":false},"excerpt":{"rendered":"<ul>\n<li>C\u00edlov\u00e1 velikost n\u00e1bojnice:\n<ul>\n<li>cca. 12-15 cm<\/li>\n<\/ul>\n<\/li>\n<li>Z nep\u0159\u00edbuzn\u00e9ho p\u00e1ru:\n<ul>\n<li>P20<\/li>\n<\/ul>\n<\/li>\n<li>Nab\u00edzen\u00e9 ml\u00e1d\u011b:\n<ul>\n<li>cca. 4-5 cm<\/li>\n<\/ul>\n<\/li>\n<li>Cena je za:\n<ul>\n<li>Cena za 1 ks<\/li>\n<\/ul>\n<\/li>\n<\/ul>\n","protected":false},"featured_media":6347,"template":"","meta":{"_acf_changed":false,"_links_to":"","_links_to_target":""},"product_cat":[161],"product_tag":[],"class_list":{"0":"post-6385","1":"product","2":"type-product","3":"status-publish","4":"has-post-thumbnail","6":"product_cat-sneci","8":"first","9":"outofstock","10":"shipping-taxable","11":"purchasable","12":"product-type-simple"},"acf":[],"yoast_head":"<!-- This site is optimized with the Yoast SEO plugin v24.9 - https:\/\/yoast.com\/wordpress\/plugins\/seo\/ -->\n<title>Archachatina marginata ovumalbino t\u011blo \/ p\u00e1r P20 | MegaPets<\/title>\n<meta name=\"robots\" content=\"index, follow, max-snippet:-1, max-image-preview:large, max-video-preview:-1\" \/>\n<link rel=\"canonical\" href=\"https:\/\/megapets.eu\/cs\/sneci\/archachatina-marginata-ovumalbino-telo-par-p20\/\" \/>\n<meta property=\"og:locale\" content=\"cs_CZ\" \/>\n<meta property=\"og:type\" content=\"article\" \/>\n<meta property=\"og:title\" content=\"Archachatina marginata ovumalbino t\u011blo \/ p\u00e1r P20 | MegaPets\" \/>\n<meta property=\"og:description\" content=\"C\u00edlov\u00e1 velikost n\u00e1bojnice:  cca. 12-15 cm   Z nep\u0159\u00edbuzn\u00e9ho p\u00e1ru:  P20   Nab\u00edzen\u00e9 ml\u00e1d\u011b:  cca. 4-5 cm   Cena je za:  Cena za 1 ks\" \/>\n<meta property=\"og:url\" content=\"https:\/\/megapets.eu\/cs\/sneci\/archachatina-marginata-ovumalbino-telo-par-p20\/\" \/>\n<meta property=\"og:site_name\" content=\"MegaPets\" \/>\n<meta property=\"article:publisher\" content=\"https:\/\/www.facebook.com\/MegaPets.eu\/\" \/>\n<meta property=\"og:image\" content=\"https:\/\/megapets.eu\/wp-content\/uploads\/2025\/04\/Photo-coming-soon.png\" \/>\n\t<meta property=\"og:image:width\" content=\"835\" \/>\n\t<meta property=\"og:image:height\" content=\"557\" \/>\n\t<meta property=\"og:image:type\" content=\"image\/png\" \/>\n<meta name=\"twitter:card\" content=\"summary_large_image\" \/>\n<meta name=\"twitter:label1\" content=\"Odhadovan\u00e1 doba \u010dten\u00ed\" \/>\n\t<meta name=\"twitter:data1\" content=\"1 minuta\" \/>\n<script type=\"application\/ld+json\" class=\"yoast-schema-graph\">{\"@context\":\"https:\/\/schema.org\",\"@graph\":[{\"@type\":\"WebPage\",\"@id\":\"https:\/\/megapets.eu\/cs\/sneci\/archachatina-marginata-ovumalbino-telo-par-p20\/\",\"url\":\"https:\/\/megapets.eu\/cs\/sneci\/archachatina-marginata-ovumalbino-telo-par-p20\/\",\"name\":\"Archachatina marginata ovum albino t\u011blo \/ p\u00e1r P20 | MegaPets\",\"isPartOf\":{\"@id\":\"https:\/\/megapets.eu\/cs\/#website\"},\"primaryImageOfPage\":{\"@id\":\"https:\/\/megapets.eu\/cs\/sneci\/archachatina-marginata-ovumalbino-telo-par-p20\/#primaryimage\"},\"image\":{\"@id\":\"https:\/\/megapets.eu\/cs\/sneci\/archachatina-marginata-ovumalbino-telo-par-p20\/#primaryimage\"},\"thumbnailUrl\":\"https:\/\/megapets.eu\/wp-content\/uploads\/2025\/04\/Photo-coming-soon.png\",\"datePublished\":\"2025-06-03T09:27:55+00:00\",\"breadcrumb\":{\"@id\":\"https:\/\/megapets.eu\/cs\/sneci\/archachatina-marginata-ovumalbino-telo-par-p20\/#breadcrumb\"},\"inLanguage\":\"cs\",\"potentialAction\":[{\"@type\":\"ReadAction\",\"target\":[\"https:\/\/megapets.eu\/cs\/sneci\/archachatina-marginata-ovumalbino-telo-par-p20\/\"]}]},{\"@type\":\"ImageObject\",\"inLanguage\":\"cs\",\"@id\":\"https:\/\/megapets.eu\/cs\/sneci\/archachatina-marginata-ovumalbino-telo-par-p20\/#primaryimage\",\"url\":\"https:\/\/megapets.eu\/wp-content\/uploads\/2025\/04\/Photo-coming-soon.png\",\"contentUrl\":\"https:\/\/megapets.eu\/wp-content\/uploads\/2025\/04\/Photo-coming-soon.png\",\"width\":835,\"height\":557},{\"@type\":\"BreadcrumbList\",\"@id\":\"https:\/\/megapets.eu\/cs\/sneci\/archachatina-marginata-ovumalbino-telo-par-p20\/#breadcrumb\",\"itemListElement\":[{\"@type\":\"ListItem\",\"position\":1,\"name\":\"Strona g\u0142\u00f3wna\",\"item\":\"https:\/\/megapets.eu\/cs\/\"},{\"@type\":\"ListItem\",\"position\":2,\"name\":\"Obchod\",\"item\":\"https:\/\/megapets.eu\/obchod\/\"},{\"@type\":\"ListItem\",\"position\":3,\"name\":\"Archachatina marginata ovumalbino t\u011blo \/ p\u00e1r P20\"}]},{\"@type\":\"WebSite\",\"@id\":\"https:\/\/megapets.eu\/cs\/#website\",\"url\":\"https:\/\/megapets.eu\/cs\/\",\"name\":\"Mega Pets\",\"description\":\"Jedna z najwi\u0119kszych hodowli \u015blimak\u00f3w w Europie\",\"publisher\":{\"@id\":\"https:\/\/megapets.eu\/cs\/#organization\"},\"alternateName\":\"Mega Pets\",\"potentialAction\":[{\"@type\":\"SearchAction\",\"target\":{\"@type\":\"EntryPoint\",\"urlTemplate\":\"https:\/\/megapets.eu\/cs\/?s={search_term_string}\"},\"query-input\":{\"@type\":\"PropertyValueSpecification\",\"valueRequired\":true,\"valueName\":\"search_term_string\"}}],\"inLanguage\":\"cs\"},{\"@type\":\"Organization\",\"@id\":\"https:\/\/megapets.eu\/cs\/#organization\",\"name\":\"Mega Pets\",\"url\":\"https:\/\/megapets.eu\/cs\/\",\"logo\":{\"@type\":\"ImageObject\",\"inLanguage\":\"cs\",\"@id\":\"https:\/\/megapets.eu\/cs\/#\/schema\/logo\/image\/\",\"url\":\"https:\/\/megapets.eu\/wp-content\/uploads\/2025\/04\/megapets_eu-logo.png\",\"contentUrl\":\"https:\/\/megapets.eu\/wp-content\/uploads\/2025\/04\/megapets_eu-logo.png\",\"width\":2362,\"height\":2362,\"caption\":\"Mega Pets\"},\"image\":{\"@id\":\"https:\/\/megapets.eu\/cs\/#\/schema\/logo\/image\/\"},\"sameAs\":[\"https:\/\/www.facebook.com\/MegaPets.eu\/\"]}]}<\/script>\n<!-- \/ Yoast SEO plugin. -->","yoast_head_json":{"title":"Archachatina marginata ovumalbino t\u011blo \/ p\u00e1r P20 | MegaPets","robots":{"index":"index","follow":"follow","max-snippet":"max-snippet:-1","max-image-preview":"max-image-preview:large","max-video-preview":"max-video-preview:-1"},"canonical":"https:\/\/megapets.eu\/cs\/sneci\/archachatina-marginata-ovumalbino-telo-par-p20\/","og_locale":"cs_CZ","og_type":"article","og_title":"Archachatina marginata ovumalbino t\u011blo \/ p\u00e1r P20 | MegaPets","og_description":"C\u00edlov\u00e1 velikost n\u00e1bojnice:  cca. 12-15 cm   Z nep\u0159\u00edbuzn\u00e9ho p\u00e1ru:  P20   Nab\u00edzen\u00e9 ml\u00e1d\u011b:  cca. 4-5 cm   Cena je za:  Cena za 1 ks","og_url":"https:\/\/megapets.eu\/cs\/sneci\/archachatina-marginata-ovumalbino-telo-par-p20\/","og_site_name":"MegaPets","article_publisher":"https:\/\/www.facebook.com\/MegaPets.eu\/","og_image":[{"width":835,"height":557,"url":"https:\/\/megapets.eu\/wp-content\/uploads\/2025\/04\/Photo-coming-soon.png","type":"image\/png"}],"twitter_card":"summary_large_image","twitter_misc":{"Odhadovan\u00e1 doba \u010dten\u00ed":"1 minuta"},"schema":{"@context":"https:\/\/schema.org","@graph":[{"@type":"WebPage","@id":"https:\/\/megapets.eu\/cs\/sneci\/archachatina-marginata-ovumalbino-telo-par-p20\/","url":"https:\/\/megapets.eu\/cs\/sneci\/archachatina-marginata-ovumalbino-telo-par-p20\/","name":"Archachatina marginata ovum albino t\u011blo \/ p\u00e1r P20 | MegaPets","isPartOf":{"@id":"https:\/\/megapets.eu\/cs\/#website"},"primaryImageOfPage":{"@id":"https:\/\/megapets.eu\/cs\/sneci\/archachatina-marginata-ovumalbino-telo-par-p20\/#primaryimage"},"image":{"@id":"https:\/\/megapets.eu\/cs\/sneci\/archachatina-marginata-ovumalbino-telo-par-p20\/#primaryimage"},"thumbnailUrl":"https:\/\/megapets.eu\/wp-content\/uploads\/2025\/04\/Photo-coming-soon.png","datePublished":"2025-06-03T09:27:55+00:00","breadcrumb":{"@id":"https:\/\/megapets.eu\/cs\/sneci\/archachatina-marginata-ovumalbino-telo-par-p20\/#breadcrumb"},"inLanguage":"cs","potentialAction":[{"@type":"ReadAction","target":["https:\/\/megapets.eu\/cs\/sneci\/archachatina-marginata-ovumalbino-telo-par-p20\/"]}]},{"@type":"ImageObject","inLanguage":"cs","@id":"https:\/\/megapets.eu\/cs\/sneci\/archachatina-marginata-ovumalbino-telo-par-p20\/#primaryimage","url":"https:\/\/megapets.eu\/wp-content\/uploads\/2025\/04\/Photo-coming-soon.png","contentUrl":"https:\/\/megapets.eu\/wp-content\/uploads\/2025\/04\/Photo-coming-soon.png","width":835,"height":557},{"@type":"BreadcrumbList","@id":"https:\/\/megapets.eu\/cs\/sneci\/archachatina-marginata-ovumalbino-telo-par-p20\/#breadcrumb","itemListElement":[{"@type":"ListItem","position":1,"name":"Strona g\u0142\u00f3wna","item":"https:\/\/megapets.eu\/cs\/"},{"@type":"ListItem","position":2,"name":"Obchod","item":"https:\/\/megapets.eu\/obchod\/"},{"@type":"ListItem","position":3,"name":"Archachatina marginata ovumalbino t\u011blo \/ p\u00e1r P20"}]},{"@type":"WebSite","@id":"https:\/\/megapets.eu\/cs\/#website","url":"https:\/\/megapets.eu\/cs\/","name":"Mega Pets","description":"Jedna z najwi\u0119kszych hodowli \u015blimak\u00f3w w Europie","publisher":{"@id":"https:\/\/megapets.eu\/cs\/#organization"},"alternateName":"Mega Pets","potentialAction":[{"@type":"SearchAction","target":{"@type":"EntryPoint","urlTemplate":"https:\/\/megapets.eu\/cs\/?s={search_term_string}"},"query-input":{"@type":"PropertyValueSpecification","valueRequired":true,"valueName":"search_term_string"}}],"inLanguage":"cs"},{"@type":"Organization","@id":"https:\/\/megapets.eu\/cs\/#organization","name":"Mega Pets","url":"https:\/\/megapets.eu\/cs\/","logo":{"@type":"ImageObject","inLanguage":"cs","@id":"https:\/\/megapets.eu\/cs\/#\/schema\/logo\/image\/","url":"https:\/\/megapets.eu\/wp-content\/uploads\/2025\/04\/megapets_eu-logo.png","contentUrl":"https:\/\/megapets.eu\/wp-content\/uploads\/2025\/04\/megapets_eu-logo.png","width":2362,"height":2362,"caption":"Mega Pets"},"image":{"@id":"https:\/\/megapets.eu\/cs\/#\/schema\/logo\/image\/"},"sameAs":["https:\/\/www.facebook.com\/MegaPets.eu\/"]}]}},"_links":{"self":[{"href":"https:\/\/megapets.eu\/cs\/wp-json\/wp\/v2\/product\/6385","targetHints":{"allow":["GET"]}}],"collection":[{"href":"https:\/\/megapets.eu\/cs\/wp-json\/wp\/v2\/product"}],"about":[{"href":"https:\/\/megapets.eu\/cs\/wp-json\/wp\/v2\/types\/product"}],"wp:featuredmedia":[{"embeddable":true,"href":"https:\/\/megapets.eu\/cs\/wp-json\/wp\/v2\/media\/6347"}],"wp:attachment":[{"href":"https:\/\/megapets.eu\/cs\/wp-json\/wp\/v2\/media?parent=6385"}],"wp:term":[{"taxonomy":"product_cat","embeddable":true,"href":"https:\/\/megapets.eu\/cs\/wp-json\/wp\/v2\/product_cat?post=6385"},{"taxonomy":"product_tag","embeddable":true,"href":"https:\/\/megapets.eu\/cs\/wp-json\/wp\/v2\/product_tag?post=6385"}],"curies":[{"name":"wp","href":"https:\/\/api.w.org\/{rel}","templated":true}]}}