{"id":6402,"date":"2025-04-09T17:16:09","date_gmt":"2025-04-09T17:16:09","guid":{"rendered":"https:\/\/megapets.eu\/neza\u0159azen\u00e9\/lissachatina-fulicaalbino-body\/"},"modified":"2025-04-09T17:16:09","modified_gmt":"2025-04-09T17:16:09","slug":"lissachatina-fulicaalbino-body","status":"publish","type":"product","link":"https:\/\/megapets.eu\/cs\/sneci\/lissachatina-fulicaalbino-body\/","title":{"rendered":"Lissachatina fulica<br \/>albino body"},"content":{"rendered":"<p class=\"v1v1v1v1MsoNormal\"><span style=\"color: #424242;\"><strong><em><span style=\"font-size: 15px;\"><b>Druh: <\/b><\/span><\/em><\/strong><em><span style=\"font-size: 15px;\">Lissachatina fulica<\/span><\/em><strong><em><span style=\"font-size: 15px;\"><br \/>\nBarevn\u00e1 variace:<\/span><\/em><\/strong><em><span style=\"font-size: 15px;\"> alb\u00ednsk\u00e9 t\u011blo<\/span><\/em><\/span><\/p>\n<p class=\"v1v1v1v1MsoNormal\"><span style=\"font-size: 15px;\"><strong><em><span style=\"color: #008000;\">\u2b50\u2b50\u2b50<\/span><\/em><\/strong><em><span style=\"color: #008000;\"><span style=\"color: #424242;\"> Druh Lissachatina fulica je jedn\u00edm z nejobl\u00edben\u011bj\u0161\u00edch a nejzn\u00e1m\u011bj\u0161\u00edch africk\u00fdch \u0161nek\u016f mezi za\u010d\u00e1te\u010dn\u00edky. Tento druh je aktivn\u00ed a odoln\u00fd v\u016f\u010di chyb\u00e1m v chovu. Z tohoto d\u016fvodu je \u010dasto doporu\u010dov\u00e1n jako prvn\u00ed druh, se kter\u00fdm m\u016f\u017eete za\u010d\u00edt sv\u00e9 \u0161ne\u010d\u00ed dobrodru\u017estv\u00ed. T\u011blo Lissachatina fulica albino roste pom\u011brn\u011b rychle, velikost ulity dosp\u011bl\u00e9ho jedince tohoto druhu je asi 12-15 cm. <\/span><\/span><\/em><\/span><\/p>\n<p class=\"v1v1v1v1MsoNormal\"><span style=\"font-size: 15px;\"><em><span style=\"color: #008000;\"><span style=\"color: #424242;\">Prvn\u00ed fotografie ukazuje dosp\u011bl\u00e9ho \u0161neka druhu Lissachatina fulica albino body, druh\u00e1 fotografie ukazuje velikost mlad\u00fdch \u0161nek\u016f tohoto druhu, kter\u00e9 nab\u00edz\u00edme. <\/span><\/span><\/em><\/span><\/p>\n<p class=\"v1v1v1v1MsoNormal\"><span style=\"font-size: 15px;\"><em><span style=\"color: #008000;\"><img decoding=\"async\" src=\"https:\/\/static.xx.fbcdn.net\/images\/emoji.php\/v9\/tbe\/1\/16\/1f3c6.png\" alt=\"\ud83c\udfc6\" \/><span style=\"color: #e36a19;\"> V\u0161echna ml\u00e1\u010fata poch\u00e1zej\u00ed od na\u0161eho zn\u00e1m\u00e9ho registrovan\u00e9ho chovatele, tak\u017ee kupujete ze zn\u00e1m\u00e9ho zdroje, kde se o \u0161neky \u0159\u00e1dn\u011b star\u00e1me a pe\u010dliv\u011b sledujeme v\u00fdvoj ka\u017ed\u00e9ho z nich.<\/span><\/span><\/em><\/span><\/p>\n<p class=\"v1v1v1v1MsoNormal\"><span style=\"font-size: 15px; color: #424242;\"><em>Jak v\u00edte, pro chov \u0161nek\u016f se nejl\u00e9pe hod\u00ed plastov\u00e9 n\u00e1doby. N\u00e1doby, kter\u00e9 jsme p\u0159ipravili, jsou ide\u00e1ln\u00ed pro v\u00fdvoj p\u011bkn\u00e9ho nov\u00e9ho porostu \u0161ne\u010d\u00edch ulit). Chcete-li u\u0161et\u0159it \u010das p\u0159i kompletaci objedn\u00e1vky, doporu\u010dujeme za\u010d\u00edt se startovac\u00ed sadou, kter\u00e1 obsahuje z\u00e1kladn\u00ed p\u0159\u00edslu\u0161enstv\u00ed pro rychl\u00fd za\u010d\u00e1tek vlastn\u00edho chovu a n\u00e1vod.<\/em><\/span><\/p>\n<p><span style=\"font-size: 15px;\"><em><span style=\"color: #008000;\"><img loading=\"lazy\" decoding=\"async\" class=\"xz74otr\" src=\"https:\/\/static.xx.fbcdn.net\/images\/emoji.php\/v9\/t1e\/1\/16\/1f33f.png\" alt=\"\ud83c\udf3f\" width=\"16\" height=\"16\" \/> V\u0161e, co zv\u00ed\u0159e pot\u0159ebuje, je \u010derstv\u00e9, zral\u00e9 ovoce a zelenina, chovn\u00e1 n\u00e1doba a substr\u00e1t (nenechte substr\u00e1t vyschnout, ka\u017ed\u00e9 2-3 dny ter\u00e1rium post\u0159\u00edkejte). V denn\u00ed strav\u011b \u0161neka nesm\u00ed chyb\u011bt z\u00e1kladn\u00ed stavebn\u00ed k\u00e1men kr\u00e1sn\u00e9 a zdrav\u00e9 ulity; pr\u00e1\u0161ek z vaje\u010dn\u00fdch sko\u0159\u00e1pek a s\u00e9pie jsou p\u0159\u00edrodn\u00edmi zdroji dokonale straviteln\u00e9ho v\u00e1pn\u00edku. Informace o strav\u011b exotick\u00fdch \u0161nek\u016f najdete na na\u0161ich webov\u00fdch str\u00e1nk\u00e1ch.<\/span><\/em><\/span><\/p>\n","protected":false},"excerpt":{"rendered":"<ul>\n<li>Od nesouvisej\u00edc\u00edho p\u00e1ru:\n<ul>\n<li>P-<\/li>\n<\/ul>\n<\/li>\n<li>C\u00edlov\u00e1 velikost n\u00e1bojnice:\n<ul>\n<li>cca. 12-15 cm<\/li>\n<\/ul>\n<\/li>\n<li>Nab\u00edzen\u00e9 ml\u00e1d\u011b:\n<ul>\n<li>cca. 5 cm<\/li>\n<\/ul>\n<\/li>\n<li>Cena je za:\n<ul>\n<li>Cena za 1 ks<\/li>\n<\/ul>\n<\/li>\n<\/ul>\n","protected":false},"featured_media":10474,"template":"","meta":{"_acf_changed":false,"_links_to":"","_links_to_target":""},"product_cat":[161],"product_tag":[],"class_list":{"0":"post-6402","1":"product","2":"type-product","3":"status-publish","4":"has-post-thumbnail","6":"product_cat-sneci","8":"first","9":"outofstock","10":"shipping-taxable","11":"purchasable","12":"product-type-simple"},"acf":[],"yoast_head":"<!-- This site is optimized with the Yoast SEO plugin v24.9 - https:\/\/yoast.com\/wordpress\/plugins\/seo\/ -->\n<title>Lissachatina fulicaalbino body | MegaPets<\/title>\n<meta name=\"description\" content=\"Afri\u010dt\u00ed \u0161neci druhu Lissachatina fulica jsou mezi za\u010d\u00e1te\u010dn\u00edky jedni z nejobl\u00edben\u011bj\u0161\u00edch a nejzn\u00e1m\u011bj\u0161\u00edch africk\u00fdch \u0161nek\u016f. Tento druh je aktivn\u00ed a odoln\u00fd v\u016f\u010di chovatelsk\u00fdm chyb\u00e1m. Z tohoto d\u016fvodu je \u010dasto doporu\u010dov\u00e1n jako prvn\u00ed druh, se kter\u00fdm m\u016f\u017eete za\u010d\u00edt sv\u00e9 \u0161ne\u010d\u00ed dobrodru\u017estv\u00ed. T\u011blo Lissachatina fulica albino roste pom\u011brn\u011b rychle, velikost ulity dosp\u011bl\u00e9ho jedince tohoto druhu je asi 12-15 cm.\" \/>\n<meta name=\"robots\" content=\"index, follow, max-snippet:-1, max-image-preview:large, max-video-preview:-1\" \/>\n<link rel=\"canonical\" href=\"https:\/\/megapets.eu\/cs\/sneci\/lissachatina-fulicaalbino-body\/\" \/>\n<meta property=\"og:locale\" content=\"cs_CZ\" \/>\n<meta property=\"og:type\" content=\"article\" \/>\n<meta property=\"og:title\" content=\"Lissachatina fulicaalbino body | MegaPets\" \/>\n<meta property=\"og:description\" content=\"Afri\u010dt\u00ed \u0161neci druhu Lissachatina fulica jsou mezi za\u010d\u00e1te\u010dn\u00edky jedni z nejobl\u00edben\u011bj\u0161\u00edch a nejzn\u00e1m\u011bj\u0161\u00edch africk\u00fdch \u0161nek\u016f. Tento druh je aktivn\u00ed a odoln\u00fd v\u016f\u010di chovatelsk\u00fdm chyb\u00e1m. Z tohoto d\u016fvodu je \u010dasto doporu\u010dov\u00e1n jako prvn\u00ed druh, se kter\u00fdm m\u016f\u017eete za\u010d\u00edt sv\u00e9 \u0161ne\u010d\u00ed dobrodru\u017estv\u00ed. T\u011blo Lissachatina fulica albino roste pom\u011brn\u011b rychle, velikost ulity dosp\u011bl\u00e9ho jedince tohoto druhu je asi 12-15 cm.\" \/>\n<meta property=\"og:url\" content=\"https:\/\/megapets.eu\/cs\/sneci\/lissachatina-fulicaalbino-body\/\" \/>\n<meta property=\"og:site_name\" content=\"MegaPets\" \/>\n<meta property=\"article:publisher\" content=\"https:\/\/www.facebook.com\/MegaPets.eu\/\" \/>\n<meta property=\"og:image\" content=\"https:\/\/megapets.eu\/wp-content\/uploads\/2025\/04\/Liss.-fulica-1-Ex.png\" \/>\n\t<meta property=\"og:image:width\" content=\"1046\" \/>\n\t<meta property=\"og:image:height\" content=\"704\" \/>\n\t<meta property=\"og:image:type\" content=\"image\/png\" \/>\n<meta name=\"twitter:card\" content=\"summary_large_image\" \/>\n<meta name=\"twitter:label1\" content=\"Odhadovan\u00e1 doba \u010dten\u00ed\" \/>\n\t<meta name=\"twitter:data1\" content=\"2 minuta\" \/>\n<script type=\"application\/ld+json\" class=\"yoast-schema-graph\">{\"@context\":\"https:\/\/schema.org\",\"@graph\":[{\"@type\":\"WebPage\",\"@id\":\"https:\/\/megapets.eu\/cs\/sneci\/lissachatina-fulicaalbino-body\/\",\"url\":\"https:\/\/megapets.eu\/cs\/sneci\/lissachatina-fulicaalbino-body\/\",\"name\":\"Lissachatina fulica albino body | MegaPets\",\"isPartOf\":{\"@id\":\"https:\/\/megapets.eu\/cs\/#website\"},\"primaryImageOfPage\":{\"@id\":\"https:\/\/megapets.eu\/cs\/sneci\/lissachatina-fulicaalbino-body\/#primaryimage\"},\"image\":{\"@id\":\"https:\/\/megapets.eu\/cs\/sneci\/lissachatina-fulicaalbino-body\/#primaryimage\"},\"thumbnailUrl\":\"https:\/\/megapets.eu\/wp-content\/uploads\/2025\/04\/Liss.-fulica-1-Ex-1.png\",\"datePublished\":\"2025-04-09T17:16:09+00:00\",\"description\":\"Afri\u010dt\u00ed \u0161neci druhu Lissachatina fulica jsou mezi za\u010d\u00e1te\u010dn\u00edky jedni z nejobl\u00edben\u011bj\u0161\u00edch a nejzn\u00e1m\u011bj\u0161\u00edch africk\u00fdch \u0161nek\u016f. Tento druh je aktivn\u00ed a odoln\u00fd v\u016f\u010di chovatelsk\u00fdm chyb\u00e1m. Z tohoto d\u016fvodu je \u010dasto doporu\u010dov\u00e1n jako prvn\u00ed druh, se kter\u00fdm m\u016f\u017eete za\u010d\u00edt sv\u00e9 \u0161ne\u010d\u00ed dobrodru\u017estv\u00ed. T\u011blo Lissachatina fulica albino roste pom\u011brn\u011b rychle, velikost ulity dosp\u011bl\u00e9ho jedince tohoto druhu je asi 12-15 cm.\",\"breadcrumb\":{\"@id\":\"https:\/\/megapets.eu\/cs\/sneci\/lissachatina-fulicaalbino-body\/#breadcrumb\"},\"inLanguage\":\"cs\",\"potentialAction\":[{\"@type\":\"ReadAction\",\"target\":[\"https:\/\/megapets.eu\/cs\/sneci\/lissachatina-fulicaalbino-body\/\"]}]},{\"@type\":\"ImageObject\",\"inLanguage\":\"cs\",\"@id\":\"https:\/\/megapets.eu\/cs\/sneci\/lissachatina-fulicaalbino-body\/#primaryimage\",\"url\":\"https:\/\/megapets.eu\/wp-content\/uploads\/2025\/04\/Liss.-fulica-1-Ex-1.png\",\"contentUrl\":\"https:\/\/megapets.eu\/wp-content\/uploads\/2025\/04\/Liss.-fulica-1-Ex-1.png\",\"width\":1047,\"height\":691},{\"@type\":\"BreadcrumbList\",\"@id\":\"https:\/\/megapets.eu\/cs\/sneci\/lissachatina-fulicaalbino-body\/#breadcrumb\",\"itemListElement\":[{\"@type\":\"ListItem\",\"position\":1,\"name\":\"Strona g\u0142\u00f3wna\",\"item\":\"https:\/\/megapets.eu\/cs\/\"},{\"@type\":\"ListItem\",\"position\":2,\"name\":\"Obchod\",\"item\":\"https:\/\/megapets.eu\/obchod\/\"},{\"@type\":\"ListItem\",\"position\":3,\"name\":\"Lissachatina fulicaalbino body\"}]},{\"@type\":\"WebSite\",\"@id\":\"https:\/\/megapets.eu\/cs\/#website\",\"url\":\"https:\/\/megapets.eu\/cs\/\",\"name\":\"Mega Pets\",\"description\":\"Jedna z najwi\u0119kszych hodowli \u015blimak\u00f3w w Europie\",\"publisher\":{\"@id\":\"https:\/\/megapets.eu\/cs\/#organization\"},\"alternateName\":\"Mega Pets\",\"potentialAction\":[{\"@type\":\"SearchAction\",\"target\":{\"@type\":\"EntryPoint\",\"urlTemplate\":\"https:\/\/megapets.eu\/cs\/?s={search_term_string}\"},\"query-input\":{\"@type\":\"PropertyValueSpecification\",\"valueRequired\":true,\"valueName\":\"search_term_string\"}}],\"inLanguage\":\"cs\"},{\"@type\":\"Organization\",\"@id\":\"https:\/\/megapets.eu\/cs\/#organization\",\"name\":\"Mega Pets\",\"url\":\"https:\/\/megapets.eu\/cs\/\",\"logo\":{\"@type\":\"ImageObject\",\"inLanguage\":\"cs\",\"@id\":\"https:\/\/megapets.eu\/cs\/#\/schema\/logo\/image\/\",\"url\":\"https:\/\/megapets.eu\/wp-content\/uploads\/2025\/04\/megapets_eu-logo.png\",\"contentUrl\":\"https:\/\/megapets.eu\/wp-content\/uploads\/2025\/04\/megapets_eu-logo.png\",\"width\":2362,\"height\":2362,\"caption\":\"Mega Pets\"},\"image\":{\"@id\":\"https:\/\/megapets.eu\/cs\/#\/schema\/logo\/image\/\"},\"sameAs\":[\"https:\/\/www.facebook.com\/MegaPets.eu\/\"]}]}<\/script>\n<!-- \/ Yoast SEO plugin. -->","yoast_head_json":{"title":"Lissachatina fulicaalbino body | MegaPets","description":"Afri\u010dt\u00ed \u0161neci druhu Lissachatina fulica jsou mezi za\u010d\u00e1te\u010dn\u00edky jedni z nejobl\u00edben\u011bj\u0161\u00edch a nejzn\u00e1m\u011bj\u0161\u00edch africk\u00fdch \u0161nek\u016f. Tento druh je aktivn\u00ed a odoln\u00fd v\u016f\u010di chovatelsk\u00fdm chyb\u00e1m. Z tohoto d\u016fvodu je \u010dasto doporu\u010dov\u00e1n jako prvn\u00ed druh, se kter\u00fdm m\u016f\u017eete za\u010d\u00edt sv\u00e9 \u0161ne\u010d\u00ed dobrodru\u017estv\u00ed. T\u011blo Lissachatina fulica albino roste pom\u011brn\u011b rychle, velikost ulity dosp\u011bl\u00e9ho jedince tohoto druhu je asi 12-15 cm.","robots":{"index":"index","follow":"follow","max-snippet":"max-snippet:-1","max-image-preview":"max-image-preview:large","max-video-preview":"max-video-preview:-1"},"canonical":"https:\/\/megapets.eu\/cs\/sneci\/lissachatina-fulicaalbino-body\/","og_locale":"cs_CZ","og_type":"article","og_title":"Lissachatina fulicaalbino body | MegaPets","og_description":"Afri\u010dt\u00ed \u0161neci druhu Lissachatina fulica jsou mezi za\u010d\u00e1te\u010dn\u00edky jedni z nejobl\u00edben\u011bj\u0161\u00edch a nejzn\u00e1m\u011bj\u0161\u00edch africk\u00fdch \u0161nek\u016f. Tento druh je aktivn\u00ed a odoln\u00fd v\u016f\u010di chovatelsk\u00fdm chyb\u00e1m. Z tohoto d\u016fvodu je \u010dasto doporu\u010dov\u00e1n jako prvn\u00ed druh, se kter\u00fdm m\u016f\u017eete za\u010d\u00edt sv\u00e9 \u0161ne\u010d\u00ed dobrodru\u017estv\u00ed. T\u011blo Lissachatina fulica albino roste pom\u011brn\u011b rychle, velikost ulity dosp\u011bl\u00e9ho jedince tohoto druhu je asi 12-15 cm.","og_url":"https:\/\/megapets.eu\/cs\/sneci\/lissachatina-fulicaalbino-body\/","og_site_name":"MegaPets","article_publisher":"https:\/\/www.facebook.com\/MegaPets.eu\/","og_image":[{"width":1046,"height":704,"url":"https:\/\/megapets.eu\/wp-content\/uploads\/2025\/04\/Liss.-fulica-1-Ex.png","type":"image\/png"}],"twitter_card":"summary_large_image","twitter_misc":{"Odhadovan\u00e1 doba \u010dten\u00ed":"2 minuta"},"schema":{"@context":"https:\/\/schema.org","@graph":[{"@type":"WebPage","@id":"https:\/\/megapets.eu\/cs\/sneci\/lissachatina-fulicaalbino-body\/","url":"https:\/\/megapets.eu\/cs\/sneci\/lissachatina-fulicaalbino-body\/","name":"Lissachatina fulica albino body | MegaPets","isPartOf":{"@id":"https:\/\/megapets.eu\/cs\/#website"},"primaryImageOfPage":{"@id":"https:\/\/megapets.eu\/cs\/sneci\/lissachatina-fulicaalbino-body\/#primaryimage"},"image":{"@id":"https:\/\/megapets.eu\/cs\/sneci\/lissachatina-fulicaalbino-body\/#primaryimage"},"thumbnailUrl":"https:\/\/megapets.eu\/wp-content\/uploads\/2025\/04\/Liss.-fulica-1-Ex-1.png","datePublished":"2025-04-09T17:16:09+00:00","description":"Afri\u010dt\u00ed \u0161neci druhu Lissachatina fulica jsou mezi za\u010d\u00e1te\u010dn\u00edky jedni z nejobl\u00edben\u011bj\u0161\u00edch a nejzn\u00e1m\u011bj\u0161\u00edch africk\u00fdch \u0161nek\u016f. Tento druh je aktivn\u00ed a odoln\u00fd v\u016f\u010di chovatelsk\u00fdm chyb\u00e1m. Z tohoto d\u016fvodu je \u010dasto doporu\u010dov\u00e1n jako prvn\u00ed druh, se kter\u00fdm m\u016f\u017eete za\u010d\u00edt sv\u00e9 \u0161ne\u010d\u00ed dobrodru\u017estv\u00ed. T\u011blo Lissachatina fulica albino roste pom\u011brn\u011b rychle, velikost ulity dosp\u011bl\u00e9ho jedince tohoto druhu je asi 12-15 cm.","breadcrumb":{"@id":"https:\/\/megapets.eu\/cs\/sneci\/lissachatina-fulicaalbino-body\/#breadcrumb"},"inLanguage":"cs","potentialAction":[{"@type":"ReadAction","target":["https:\/\/megapets.eu\/cs\/sneci\/lissachatina-fulicaalbino-body\/"]}]},{"@type":"ImageObject","inLanguage":"cs","@id":"https:\/\/megapets.eu\/cs\/sneci\/lissachatina-fulicaalbino-body\/#primaryimage","url":"https:\/\/megapets.eu\/wp-content\/uploads\/2025\/04\/Liss.-fulica-1-Ex-1.png","contentUrl":"https:\/\/megapets.eu\/wp-content\/uploads\/2025\/04\/Liss.-fulica-1-Ex-1.png","width":1047,"height":691},{"@type":"BreadcrumbList","@id":"https:\/\/megapets.eu\/cs\/sneci\/lissachatina-fulicaalbino-body\/#breadcrumb","itemListElement":[{"@type":"ListItem","position":1,"name":"Strona g\u0142\u00f3wna","item":"https:\/\/megapets.eu\/cs\/"},{"@type":"ListItem","position":2,"name":"Obchod","item":"https:\/\/megapets.eu\/obchod\/"},{"@type":"ListItem","position":3,"name":"Lissachatina fulicaalbino body"}]},{"@type":"WebSite","@id":"https:\/\/megapets.eu\/cs\/#website","url":"https:\/\/megapets.eu\/cs\/","name":"Mega Pets","description":"Jedna z najwi\u0119kszych hodowli \u015blimak\u00f3w w Europie","publisher":{"@id":"https:\/\/megapets.eu\/cs\/#organization"},"alternateName":"Mega Pets","potentialAction":[{"@type":"SearchAction","target":{"@type":"EntryPoint","urlTemplate":"https:\/\/megapets.eu\/cs\/?s={search_term_string}"},"query-input":{"@type":"PropertyValueSpecification","valueRequired":true,"valueName":"search_term_string"}}],"inLanguage":"cs"},{"@type":"Organization","@id":"https:\/\/megapets.eu\/cs\/#organization","name":"Mega Pets","url":"https:\/\/megapets.eu\/cs\/","logo":{"@type":"ImageObject","inLanguage":"cs","@id":"https:\/\/megapets.eu\/cs\/#\/schema\/logo\/image\/","url":"https:\/\/megapets.eu\/wp-content\/uploads\/2025\/04\/megapets_eu-logo.png","contentUrl":"https:\/\/megapets.eu\/wp-content\/uploads\/2025\/04\/megapets_eu-logo.png","width":2362,"height":2362,"caption":"Mega Pets"},"image":{"@id":"https:\/\/megapets.eu\/cs\/#\/schema\/logo\/image\/"},"sameAs":["https:\/\/www.facebook.com\/MegaPets.eu\/"]}]}},"_links":{"self":[{"href":"https:\/\/megapets.eu\/cs\/wp-json\/wp\/v2\/product\/6402","targetHints":{"allow":["GET"]}}],"collection":[{"href":"https:\/\/megapets.eu\/cs\/wp-json\/wp\/v2\/product"}],"about":[{"href":"https:\/\/megapets.eu\/cs\/wp-json\/wp\/v2\/types\/product"}],"wp:featuredmedia":[{"embeddable":true,"href":"https:\/\/megapets.eu\/cs\/wp-json\/wp\/v2\/media\/10474"}],"wp:attachment":[{"href":"https:\/\/megapets.eu\/cs\/wp-json\/wp\/v2\/media?parent=6402"}],"wp:term":[{"taxonomy":"product_cat","embeddable":true,"href":"https:\/\/megapets.eu\/cs\/wp-json\/wp\/v2\/product_cat?post=6402"},{"taxonomy":"product_tag","embeddable":true,"href":"https:\/\/megapets.eu\/cs\/wp-json\/wp\/v2\/product_tag?post=6402"}],"curies":[{"name":"wp","href":"https:\/\/api.w.org\/{rel}","templated":true}]}}