{"id":6426,"date":"2025-05-31T09:01:04","date_gmt":"2025-05-31T09:01:04","guid":{"rendered":"https:\/\/megapets.eu\/neza\u0159azen\u00e9\/paraspirobolus-lucifugus-fluorescence-v-uv-svetle\/"},"modified":"2025-05-31T09:01:04","modified_gmt":"2025-05-31T09:01:04","slug":"paraspirobolus-lucifugus-fluorescence-v-uv-svetle","status":"publish","type":"product","link":"https:\/\/megapets.eu\/cs\/wije-cs\/paraspirobolus-lucifugus-fluorescence-v-uv-svetle\/","title":{"rendered":"Paraspirobolus lucifugus <br \/> Fluorescence v UV sv\u011btle"},"content":{"rendered":"<p class=\"v1v1v1v1MsoNormal\" style=\"text-align: left;\"><span style=\"color: #d94890;\"><strong><em><span style=\"font-size: 15px;\"><span style=\"color: #424242;\"><\/span><\/em><\/strong><\/span><strong><em><span style=\"font-size: 15px;\"><span style=\"color: #424242;\">Druh:<\/span> <span style=\"color: #3366ff;\">krokod\u00fdl Paraspirobolus lucifugus &#8211; Fluorescence pod UV sv\u011btlem.<\/span><\/span><\/em><\/strong><\/span><\/p>\n<p class=\"v1v1v1v1MsoNormal\" style=\"text-align: left;\"><span style=\"color: #424242;\"><strong><em><span style=\"font-size: 15px;\">Snadn\u00fd chov, proto vhodn\u00fd pro za\u010d\u00e1te\u010dn\u00edky.<\/span><\/em><\/strong><\/span><\/p>\n<p style=\"text-align: left;\"><span style=\"color: #800000;\"><span style=\"color: #424242;\"><strong><em><span style=\"font-size: 15px;\">Nen\u00ed mo\u017en\u00e9 p\u00e1rov\u00e1n\u00ed:<b> <\/b>samec a samice. <span style=\"color: #3366ff;\">Pro chov tohoto druhu doporu\u010dujeme zakoupit alespo\u0148 5 exempl\u00e1\u0159\u016f, ale nen\u00ed to nutn\u00e9, jedinec m\u016f\u017ee \u017e\u00edt samostatn\u011b.<\/span><\/span><\/span><\/em><\/strong><\/span><\/p>\n<p style=\"text-align: left;\"><span style=\"color: #800000;\"><strong><em><span style=\"font-size: 15px;\"><span style=\"color: #424242;\"><span style=\"color: #3366ff;\"><strong style=\"color: #424242;\">\ud83d\udc99\u2b50\ufe0f\ud83e\ude75 <\/strong>Fluorescence. N\u011bkter\u00e9 druhy terarijn\u00edch zv\u00ed\u0159at p\u0159i vystaven\u00ed UV sv\u011btlu za\u010dnou z\u00e1\u0159it modrozelenou barvou \ud83e\ude75\u2b50\ufe0f\ud83d\udc99<\/span><\/span><\/span><\/em><\/strong><\/span><\/p>\n<p style=\"text-align: left;\"><span style=\"color: #424242;\"><strong><em><span style=\"font-size: 15px;\"><strong style=\"color: #424242;\"><span style=\"color: #800000;\"><span style=\"color: #3366ff;\">\ud83e\ude75<\/span><\/span> Hled\u00e1te n\u011bco zaj\u00edmav\u00e9ho do chovu pro za\u010d\u00e1tek? <\/strong><span style=\"color: #3366ff;\">Krokod\u00fdli Paraspirobolus lucifugus jsou kr\u00e1sn\u00ed a snadno chovateln\u00ed tvorov\u00e9, kte\u0159\u00ed jsou pro \u010dlov\u011bka zcela bezpe\u010dn\u00ed a nekou\u0161ou. Maj\u00ed slab\u00e9 \u010delisti, kter\u00e9 jsou uzp\u016fsobeny k drcen\u00ed rostlinn\u00e9 hmoty. Krokod\u00fdli d\u00e1vaj\u00ed p\u0159ednost vlhk\u00fdm m\u00edst\u016fm, \u017eij\u00ed ve svrchn\u00ed vrstv\u011b substr\u00e1tu a \u017eiv\u00ed se listy, v\u00edceslo\u017ekov\u00fdm substr\u00e1tem ur\u010den\u00fdm pro chov krokod\u00fdl\u016f a zeleninou a ovocem.<\/span><\/span><\/em><\/strong><\/span><\/p>\n","protected":false},"excerpt":{"rendered":"<ul>\n<li>C\u00edlov\u00e1 velikost:\n<ul>\n<li>cca 4 cm<\/li>\n<\/ul>\n<\/li>\n<li>Nab\u00eddka pro mladistv\u00e9:\n<ul>\n<li>P\u0159ibli\u017en\u011b. 1-2 cm<\/li>\n<\/ul>\n<\/li>\n<li>Cena je za:\n<ul>\n<li>Cena za 1 ks<\/li>\n<\/ul>\n<\/li>\n<\/ul>\n","protected":false},"featured_media":6427,"template":"","meta":{"_acf_changed":false,"_links_to":"","_links_to_target":""},"product_cat":[160],"product_tag":[],"class_list":{"0":"post-6426","1":"product","2":"type-product","3":"status-publish","4":"has-post-thumbnail","6":"product_cat-wije-cs","8":"first","9":"instock","10":"shipping-taxable","11":"purchasable","12":"product-type-simple"},"acf":[],"yoast_head":"<!-- This site is optimized with the Yoast SEO plugin v24.9 - https:\/\/yoast.com\/wordpress\/plugins\/seo\/ -->\n<title>Paraspirobolus lucifugus  Fluorescence v UV sv\u011btle | MegaPets<\/title>\n<meta name=\"robots\" content=\"index, follow, max-snippet:-1, max-image-preview:large, max-video-preview:-1\" \/>\n<link rel=\"canonical\" href=\"https:\/\/megapets.eu\/cs\/wije-cs\/paraspirobolus-lucifugus-fluorescence-v-uv-svetle\/\" \/>\n<meta property=\"og:locale\" content=\"cs_CZ\" \/>\n<meta property=\"og:type\" content=\"article\" \/>\n<meta property=\"og:title\" content=\"Paraspirobolus lucifugus  Fluorescence v UV sv\u011btle | MegaPets\" \/>\n<meta property=\"og:description\" content=\"C\u00edlov\u00e1 velikost:  cca 4 cm   Nab\u00eddka pro mladistv\u00e9:  P\u0159ibli\u017en\u011b. 1-2 cm   Cena je za:  Cena za 1 ks\" \/>\n<meta property=\"og:url\" content=\"https:\/\/megapets.eu\/cs\/wije-cs\/paraspirobolus-lucifugus-fluorescence-v-uv-svetle\/\" \/>\n<meta property=\"og:site_name\" content=\"MegaPets\" \/>\n<meta property=\"article:publisher\" content=\"https:\/\/www.facebook.com\/MegaPets.eu\/\" \/>\n<meta property=\"og:image\" content=\"https:\/\/megapets.eu\/wp-content\/uploads\/2025\/05\/Paraspirobolus-lucifugus-2-exc.png\" \/>\n\t<meta property=\"og:image:width\" content=\"1047\" \/>\n\t<meta property=\"og:image:height\" content=\"692\" \/>\n\t<meta property=\"og:image:type\" content=\"image\/png\" \/>\n<meta name=\"twitter:card\" content=\"summary_large_image\" \/>\n<meta name=\"twitter:label1\" content=\"Odhadovan\u00e1 doba \u010dten\u00ed\" \/>\n\t<meta name=\"twitter:data1\" content=\"1 minuta\" \/>\n<script type=\"application\/ld+json\" class=\"yoast-schema-graph\">{\"@context\":\"https:\/\/schema.org\",\"@graph\":[{\"@type\":\"WebPage\",\"@id\":\"https:\/\/megapets.eu\/cs\/wije-cs\/paraspirobolus-lucifugus-fluorescence-v-uv-svetle\/\",\"url\":\"https:\/\/megapets.eu\/cs\/wije-cs\/paraspirobolus-lucifugus-fluorescence-v-uv-svetle\/\",\"name\":\"Paraspirobolus lucifugus Fluorescence v UV sv\u011btle | MegaPets\",\"isPartOf\":{\"@id\":\"https:\/\/megapets.eu\/cs\/#website\"},\"primaryImageOfPage\":{\"@id\":\"https:\/\/megapets.eu\/cs\/wije-cs\/paraspirobolus-lucifugus-fluorescence-v-uv-svetle\/#primaryimage\"},\"image\":{\"@id\":\"https:\/\/megapets.eu\/cs\/wije-cs\/paraspirobolus-lucifugus-fluorescence-v-uv-svetle\/#primaryimage\"},\"thumbnailUrl\":\"https:\/\/megapets.eu\/wp-content\/uploads\/2025\/05\/Paraspirobolus-lucifugus-2-exc.png\",\"datePublished\":\"2025-05-31T09:01:04+00:00\",\"breadcrumb\":{\"@id\":\"https:\/\/megapets.eu\/cs\/wije-cs\/paraspirobolus-lucifugus-fluorescence-v-uv-svetle\/#breadcrumb\"},\"inLanguage\":\"cs\",\"potentialAction\":[{\"@type\":\"ReadAction\",\"target\":[\"https:\/\/megapets.eu\/cs\/wije-cs\/paraspirobolus-lucifugus-fluorescence-v-uv-svetle\/\"]}]},{\"@type\":\"ImageObject\",\"inLanguage\":\"cs\",\"@id\":\"https:\/\/megapets.eu\/cs\/wije-cs\/paraspirobolus-lucifugus-fluorescence-v-uv-svetle\/#primaryimage\",\"url\":\"https:\/\/megapets.eu\/wp-content\/uploads\/2025\/05\/Paraspirobolus-lucifugus-2-exc.png\",\"contentUrl\":\"https:\/\/megapets.eu\/wp-content\/uploads\/2025\/05\/Paraspirobolus-lucifugus-2-exc.png\",\"width\":1047,\"height\":692},{\"@type\":\"BreadcrumbList\",\"@id\":\"https:\/\/megapets.eu\/cs\/wije-cs\/paraspirobolus-lucifugus-fluorescence-v-uv-svetle\/#breadcrumb\",\"itemListElement\":[{\"@type\":\"ListItem\",\"position\":1,\"name\":\"Strona g\u0142\u00f3wna\",\"item\":\"https:\/\/megapets.eu\/cs\/\"},{\"@type\":\"ListItem\",\"position\":2,\"name\":\"Obchod\",\"item\":\"https:\/\/megapets.eu\/obchod\/\"},{\"@type\":\"ListItem\",\"position\":3,\"name\":\"Paraspirobolus lucifugus Fluorescence v UV sv\u011btle\"}]},{\"@type\":\"WebSite\",\"@id\":\"https:\/\/megapets.eu\/cs\/#website\",\"url\":\"https:\/\/megapets.eu\/cs\/\",\"name\":\"Mega Pets\",\"description\":\"Jedna z najwi\u0119kszych hodowli \u015blimak\u00f3w w Europie\",\"publisher\":{\"@id\":\"https:\/\/megapets.eu\/cs\/#organization\"},\"alternateName\":\"Mega Pets\",\"potentialAction\":[{\"@type\":\"SearchAction\",\"target\":{\"@type\":\"EntryPoint\",\"urlTemplate\":\"https:\/\/megapets.eu\/cs\/?s={search_term_string}\"},\"query-input\":{\"@type\":\"PropertyValueSpecification\",\"valueRequired\":true,\"valueName\":\"search_term_string\"}}],\"inLanguage\":\"cs\"},{\"@type\":\"Organization\",\"@id\":\"https:\/\/megapets.eu\/cs\/#organization\",\"name\":\"Mega Pets\",\"url\":\"https:\/\/megapets.eu\/cs\/\",\"logo\":{\"@type\":\"ImageObject\",\"inLanguage\":\"cs\",\"@id\":\"https:\/\/megapets.eu\/cs\/#\/schema\/logo\/image\/\",\"url\":\"https:\/\/megapets.eu\/wp-content\/uploads\/2025\/04\/megapets_eu-logo.png\",\"contentUrl\":\"https:\/\/megapets.eu\/wp-content\/uploads\/2025\/04\/megapets_eu-logo.png\",\"width\":2362,\"height\":2362,\"caption\":\"Mega Pets\"},\"image\":{\"@id\":\"https:\/\/megapets.eu\/cs\/#\/schema\/logo\/image\/\"},\"sameAs\":[\"https:\/\/www.facebook.com\/MegaPets.eu\/\"]}]}<\/script>\n<!-- \/ Yoast SEO plugin. -->","yoast_head_json":{"title":"Paraspirobolus lucifugus  Fluorescence v UV sv\u011btle | MegaPets","robots":{"index":"index","follow":"follow","max-snippet":"max-snippet:-1","max-image-preview":"max-image-preview:large","max-video-preview":"max-video-preview:-1"},"canonical":"https:\/\/megapets.eu\/cs\/wije-cs\/paraspirobolus-lucifugus-fluorescence-v-uv-svetle\/","og_locale":"cs_CZ","og_type":"article","og_title":"Paraspirobolus lucifugus  Fluorescence v UV sv\u011btle | MegaPets","og_description":"C\u00edlov\u00e1 velikost:  cca 4 cm   Nab\u00eddka pro mladistv\u00e9:  P\u0159ibli\u017en\u011b. 1-2 cm   Cena je za:  Cena za 1 ks","og_url":"https:\/\/megapets.eu\/cs\/wije-cs\/paraspirobolus-lucifugus-fluorescence-v-uv-svetle\/","og_site_name":"MegaPets","article_publisher":"https:\/\/www.facebook.com\/MegaPets.eu\/","og_image":[{"width":1047,"height":692,"url":"https:\/\/megapets.eu\/wp-content\/uploads\/2025\/05\/Paraspirobolus-lucifugus-2-exc.png","type":"image\/png"}],"twitter_card":"summary_large_image","twitter_misc":{"Odhadovan\u00e1 doba \u010dten\u00ed":"1 minuta"},"schema":{"@context":"https:\/\/schema.org","@graph":[{"@type":"WebPage","@id":"https:\/\/megapets.eu\/cs\/wije-cs\/paraspirobolus-lucifugus-fluorescence-v-uv-svetle\/","url":"https:\/\/megapets.eu\/cs\/wije-cs\/paraspirobolus-lucifugus-fluorescence-v-uv-svetle\/","name":"Paraspirobolus lucifugus Fluorescence v UV sv\u011btle | MegaPets","isPartOf":{"@id":"https:\/\/megapets.eu\/cs\/#website"},"primaryImageOfPage":{"@id":"https:\/\/megapets.eu\/cs\/wije-cs\/paraspirobolus-lucifugus-fluorescence-v-uv-svetle\/#primaryimage"},"image":{"@id":"https:\/\/megapets.eu\/cs\/wije-cs\/paraspirobolus-lucifugus-fluorescence-v-uv-svetle\/#primaryimage"},"thumbnailUrl":"https:\/\/megapets.eu\/wp-content\/uploads\/2025\/05\/Paraspirobolus-lucifugus-2-exc.png","datePublished":"2025-05-31T09:01:04+00:00","breadcrumb":{"@id":"https:\/\/megapets.eu\/cs\/wije-cs\/paraspirobolus-lucifugus-fluorescence-v-uv-svetle\/#breadcrumb"},"inLanguage":"cs","potentialAction":[{"@type":"ReadAction","target":["https:\/\/megapets.eu\/cs\/wije-cs\/paraspirobolus-lucifugus-fluorescence-v-uv-svetle\/"]}]},{"@type":"ImageObject","inLanguage":"cs","@id":"https:\/\/megapets.eu\/cs\/wije-cs\/paraspirobolus-lucifugus-fluorescence-v-uv-svetle\/#primaryimage","url":"https:\/\/megapets.eu\/wp-content\/uploads\/2025\/05\/Paraspirobolus-lucifugus-2-exc.png","contentUrl":"https:\/\/megapets.eu\/wp-content\/uploads\/2025\/05\/Paraspirobolus-lucifugus-2-exc.png","width":1047,"height":692},{"@type":"BreadcrumbList","@id":"https:\/\/megapets.eu\/cs\/wije-cs\/paraspirobolus-lucifugus-fluorescence-v-uv-svetle\/#breadcrumb","itemListElement":[{"@type":"ListItem","position":1,"name":"Strona g\u0142\u00f3wna","item":"https:\/\/megapets.eu\/cs\/"},{"@type":"ListItem","position":2,"name":"Obchod","item":"https:\/\/megapets.eu\/obchod\/"},{"@type":"ListItem","position":3,"name":"Paraspirobolus lucifugus Fluorescence v UV sv\u011btle"}]},{"@type":"WebSite","@id":"https:\/\/megapets.eu\/cs\/#website","url":"https:\/\/megapets.eu\/cs\/","name":"Mega Pets","description":"Jedna z najwi\u0119kszych hodowli \u015blimak\u00f3w w Europie","publisher":{"@id":"https:\/\/megapets.eu\/cs\/#organization"},"alternateName":"Mega Pets","potentialAction":[{"@type":"SearchAction","target":{"@type":"EntryPoint","urlTemplate":"https:\/\/megapets.eu\/cs\/?s={search_term_string}"},"query-input":{"@type":"PropertyValueSpecification","valueRequired":true,"valueName":"search_term_string"}}],"inLanguage":"cs"},{"@type":"Organization","@id":"https:\/\/megapets.eu\/cs\/#organization","name":"Mega Pets","url":"https:\/\/megapets.eu\/cs\/","logo":{"@type":"ImageObject","inLanguage":"cs","@id":"https:\/\/megapets.eu\/cs\/#\/schema\/logo\/image\/","url":"https:\/\/megapets.eu\/wp-content\/uploads\/2025\/04\/megapets_eu-logo.png","contentUrl":"https:\/\/megapets.eu\/wp-content\/uploads\/2025\/04\/megapets_eu-logo.png","width":2362,"height":2362,"caption":"Mega Pets"},"image":{"@id":"https:\/\/megapets.eu\/cs\/#\/schema\/logo\/image\/"},"sameAs":["https:\/\/www.facebook.com\/MegaPets.eu\/"]}]}},"_links":{"self":[{"href":"https:\/\/megapets.eu\/cs\/wp-json\/wp\/v2\/product\/6426","targetHints":{"allow":["GET"]}}],"collection":[{"href":"https:\/\/megapets.eu\/cs\/wp-json\/wp\/v2\/product"}],"about":[{"href":"https:\/\/megapets.eu\/cs\/wp-json\/wp\/v2\/types\/product"}],"wp:featuredmedia":[{"embeddable":true,"href":"https:\/\/megapets.eu\/cs\/wp-json\/wp\/v2\/media\/6427"}],"wp:attachment":[{"href":"https:\/\/megapets.eu\/cs\/wp-json\/wp\/v2\/media?parent=6426"}],"wp:term":[{"taxonomy":"product_cat","embeddable":true,"href":"https:\/\/megapets.eu\/cs\/wp-json\/wp\/v2\/product_cat?post=6426"},{"taxonomy":"product_tag","embeddable":true,"href":"https:\/\/megapets.eu\/cs\/wp-json\/wp\/v2\/product_tag?post=6426"}],"curies":[{"name":"wp","href":"https:\/\/api.w.org\/{rel}","templated":true}]}}