{"id":6441,"date":"2025-05-13T18:51:12","date_gmt":"2025-05-13T18:51:12","guid":{"rendered":"https:\/\/megapets.eu\/neza\u0159azen\u00e9\/bile-svetryuklidova-ceta\/"},"modified":"2025-05-13T18:51:12","modified_gmt":"2025-05-13T18:51:12","slug":"bile-svetryuklidova-ceta","status":"publish","type":"product","link":"https:\/\/megapets.eu\/cs\/isopody-cs\/bile-svetryuklidova-ceta\/","title":{"rendered":"B\u00edl\u00e9 svetry<br \/>&#8222;\u00daklidov\u00e1 \u010deta&#8220;"},"content":{"rendered":"<p class=\"v1v1v1v1MsoNormal\"><span style=\"color: #424242;\"><strong><em><span style=\"font-size: 15px;\">Skokov\u00e9 ocasy: <\/span><\/em><\/strong><\/span><\/p>\n<p class=\"v1v1v1v1MsoNormal\"><span style=\"color: #424242;\"><strong><em><span style=\"font-size: 15px;\"> Skink<\/span><\/em> <em><span style=\"font-size: 15px;\">&#8218;Cleaning crew&#8216; <strong style=\"color: #424242;\"><span class=\"x1xsqp64 xiy17q3 x1o6pynw x19co3pv xdj266r xcwd3tp xat24cr x39eecv x2b8uid\" data-testid=\"emoji\"><span class=\"xexx8yu xn5pp95 x18d9i69 x2fxd7x x3jgonx x1bhl96m\"><span style=\"font-size: 15px; color: #424242;\"><span class=\"html-span xexx8yu x4uap5 x18d9i69 xkhd6sd x1hl2dhg x16tdsg8 x1vvkbs x3nfvp2 x1j61x8r x1fcty0u xdj266r xat24cr xgzva0m xhhsvwb xxymvpz xlup9mm x1kky2od\"><img loading=\"lazy\" decoding=\"async\" class=\"xz74otr\" src=\"https:\/\/static.xx.fbcdn.net\/images\/emoji.php\/v9\/ta4\/1\/16\/1f9f9.png\" alt=\"\ud83e\uddf9\" width=\"16\" height=\"16\" \/><img loading=\"lazy\" decoding=\"async\" class=\"xz74otr\" src=\"https:\/\/static.xx.fbcdn.net\/images\/emoji.php\/v9\/tbc\/1\/16\/1f30a.png\" alt=\"\ud83c\udf0a\" width=\"16\" height=\"16\" \/><\/span><span class=\"html-span xexx8yu x4uap5 x18d9i69 xkhd6sd x1hl2dhg x16tdsg8 x1vvkbs x3nfvp2 x1j61x8r x1fcty0u xdj266r xat24cr xgzva0m xhhsvwb xxymvpz xlup9mm x1kky2od\"><img loading=\"lazy\" decoding=\"async\" class=\"xz74otr\" src=\"https:\/\/static.xx.fbcdn.net\/images\/emoji.php\/v9\/t4f\/1\/16\/1f9fd.png\" alt=\"\ud83e\uddfd\" width=\"16\" height=\"16\" \/><\/span><\/span><\/span><\/span><\/strong>pro ter\u00e1rium.<\/span><\/em><\/strong><\/span><\/p>\n<p class=\"v1v1v1v1MsoNormal\"><span style=\"color: #424242;\"><strong><em><span style=\"font-size: 15px;\"><span class=\"x1xsqp64 xiy17q3 x1o6pynw x19co3pv xdj266r xcwd3tp xat24cr x39eecv x2b8uid\" data-testid=\"emoji\"><span class=\"xexx8yu xn5pp95 x18d9i69 x2fxd7x x3jgonx x1bhl96m\">\ud83c\udf3f <\/span><\/span>V\u0161e, co takov\u00e9 zv\u00ed\u0159e pot\u0159ebuje pro \u00fasp\u011b\u0161n\u00fd r\u016fst a \u017eivot v ter\u00e1riu, je:<\/span><\/em><\/strong><\/span><\/p>\n<p class=\"v1v1v1v1MsoNormal\"><span style=\"color: #008000;\"><strong><em><span style=\"font-size: 15px;\">* Substr\u00e1t \/ potrava: Krokod\u00fdl\u00ed a \u017e\u00ed\u017eal\u00ed substr\u00e1t nebo kokosov\u00fd substr\u00e1t;<\/span><\/em><\/strong><\/span><\/p>\n<p class=\"v1v1v1v1MsoNormal\"><span style=\"color: #008000;\"><strong><em><span style=\"font-size: 15px;\">* Potrava: \u010cerstv\u00e1 zelenina a ovoce;<\/span><\/em><\/strong><\/span><\/p>\n<p class=\"v1v1v1v1MsoNormal\"><span style=\"color: #008000;\"><strong><em><span style=\"font-size: 15px;\">* Potrava: S\u00e9pie &#8211; s\u00e9piov\u00e1 kost je pro terarijn\u00ed zv\u00ed\u0159ata p\u0159irozen\u00fdm zdrojem v\u00e1pn\u00edku; <\/span><\/em><\/strong><\/span><\/p>\n<p class=\"v1v1v1v1MsoNormal\"><span style=\"color: #008000;\"><strong><em><span style=\"font-size: 15px;\">* Potrava: Mlet\u00fd gammarus &#8211; su\u0161en\u00e9 kl\u00ed\u010dky bohat\u00e9 na makro- a mikro\u017eiviny, p\u0159\u00edrodn\u00ed zdroj \u017eivo\u010di\u0161n\u00fdch b\u00edlkovin a chitinu (k dost\u00e1n\u00ed na na\u0161\u00ed dal\u0161\u00ed aukci);<\/span><\/em><\/strong><\/span><\/p>\n<p class=\"v1v1v1v1MsoNormal\"><span style=\"color: #008000;\"><strong><em><span style=\"font-size: 15px;\">* Terarijn\u00ed: Pro chov izopod\u016f je ide\u00e1ln\u00ed faunabox nebo chovn\u00e1 n\u00e1doba;<\/span><\/em><\/strong><\/span><\/p>\n<p class=\"v1v1v1v1MsoNormal\"><span style=\"color: #008000;\"><strong><em><span style=\"font-size: 15px;\">* Nedovolte, aby substr\u00e1t zcela vyschl, jednou za \u010das ter\u00e1rium pokropte.<\/span><\/em><\/strong><\/span><\/p>\n","protected":false},"excerpt":{"rendered":"<ul class=\"product_attributes\">\n<li><strong>C\u00edlov\u00e1 velikost vzork\u016f:<\/strong> <span style=\"color: #000000;\">cca 0,1 cm<\/span><\/li>\n<li>Nab\u00edzen\u00e9 vzorky: <span style=\"color: #000000;\">n\u00e1hodn\u011b balen\u00e9<\/span><\/li>\n<li>Cena je za sadu: mix<span style=\"color: #000000;\"> kus\u016f.<\/span><\/li>\n<\/ul>\n","protected":false},"featured_media":6442,"template":"","meta":{"_acf_changed":false,"_links_to":"","_links_to_target":""},"product_cat":[169],"product_tag":[],"class_list":{"0":"post-6441","1":"product","2":"type-product","3":"status-publish","4":"has-post-thumbnail","6":"product_cat-isopody-cs","8":"first","9":"outofstock","10":"shipping-taxable","11":"purchasable","12":"product-type-simple"},"acf":[],"yoast_head":"<!-- This site is optimized with the Yoast SEO plugin v24.9 - https:\/\/yoast.com\/wordpress\/plugins\/seo\/ -->\n<title>B\u00edl\u00e9 svetry&quot;\u00daklidov\u00e1 \u010deta&quot; | MegaPets<\/title>\n<meta name=\"robots\" content=\"index, follow, max-snippet:-1, max-image-preview:large, max-video-preview:-1\" \/>\n<link rel=\"canonical\" href=\"https:\/\/megapets.eu\/cs\/isopody-cs\/bile-svetryuklidova-ceta\/\" \/>\n<meta property=\"og:locale\" content=\"cs_CZ\" \/>\n<meta property=\"og:type\" content=\"article\" \/>\n<meta property=\"og:title\" content=\"B\u00edl\u00e9 svetry&quot;\u00daklidov\u00e1 \u010deta&quot; | MegaPets\" \/>\n<meta property=\"og:description\" content=\"C\u00edlov\u00e1 velikost vzork\u016f: cca 0,1 cm  Nab\u00edzen\u00e9 vzorky: n\u00e1hodn\u011b balen\u00e9  Cena je za sadu: mix kus\u016f.\" \/>\n<meta property=\"og:url\" content=\"https:\/\/megapets.eu\/cs\/isopody-cs\/bile-svetryuklidova-ceta\/\" \/>\n<meta property=\"og:site_name\" content=\"MegaPets\" \/>\n<meta property=\"article:publisher\" content=\"https:\/\/www.facebook.com\/MegaPets.eu\/\" \/>\n<meta property=\"og:image\" content=\"https:\/\/megapets.eu\/wp-content\/uploads\/2025\/05\/Skoczogonkiex22.png\" \/>\n\t<meta property=\"og:image:width\" content=\"1045\" \/>\n\t<meta property=\"og:image:height\" content=\"687\" \/>\n\t<meta property=\"og:image:type\" content=\"image\/png\" \/>\n<meta name=\"twitter:card\" content=\"summary_large_image\" \/>\n<meta name=\"twitter:label1\" content=\"Odhadovan\u00e1 doba \u010dten\u00ed\" \/>\n\t<meta name=\"twitter:data1\" content=\"1 minuta\" \/>\n<script type=\"application\/ld+json\" class=\"yoast-schema-graph\">{\"@context\":\"https:\/\/schema.org\",\"@graph\":[{\"@type\":\"WebPage\",\"@id\":\"https:\/\/megapets.eu\/cs\/isopody-cs\/bile-svetryuklidova-ceta\/\",\"url\":\"https:\/\/megapets.eu\/cs\/isopody-cs\/bile-svetryuklidova-ceta\/\",\"name\":\"B\u00edl\u00e9 svetry \\\"\u00daklidov\u00e1 \u010deta\\\" | MegaPets\",\"isPartOf\":{\"@id\":\"https:\/\/megapets.eu\/cs\/#website\"},\"primaryImageOfPage\":{\"@id\":\"https:\/\/megapets.eu\/cs\/isopody-cs\/bile-svetryuklidova-ceta\/#primaryimage\"},\"image\":{\"@id\":\"https:\/\/megapets.eu\/cs\/isopody-cs\/bile-svetryuklidova-ceta\/#primaryimage\"},\"thumbnailUrl\":\"https:\/\/megapets.eu\/wp-content\/uploads\/2025\/05\/Skoczogonkiex22.png\",\"datePublished\":\"2025-05-13T18:51:12+00:00\",\"breadcrumb\":{\"@id\":\"https:\/\/megapets.eu\/cs\/isopody-cs\/bile-svetryuklidova-ceta\/#breadcrumb\"},\"inLanguage\":\"cs\",\"potentialAction\":[{\"@type\":\"ReadAction\",\"target\":[\"https:\/\/megapets.eu\/cs\/isopody-cs\/bile-svetryuklidova-ceta\/\"]}]},{\"@type\":\"ImageObject\",\"inLanguage\":\"cs\",\"@id\":\"https:\/\/megapets.eu\/cs\/isopody-cs\/bile-svetryuklidova-ceta\/#primaryimage\",\"url\":\"https:\/\/megapets.eu\/wp-content\/uploads\/2025\/05\/Skoczogonkiex22.png\",\"contentUrl\":\"https:\/\/megapets.eu\/wp-content\/uploads\/2025\/05\/Skoczogonkiex22.png\",\"width\":1045,\"height\":687},{\"@type\":\"BreadcrumbList\",\"@id\":\"https:\/\/megapets.eu\/cs\/isopody-cs\/bile-svetryuklidova-ceta\/#breadcrumb\",\"itemListElement\":[{\"@type\":\"ListItem\",\"position\":1,\"name\":\"Strona g\u0142\u00f3wna\",\"item\":\"https:\/\/megapets.eu\/cs\/\"},{\"@type\":\"ListItem\",\"position\":2,\"name\":\"Obchod\",\"item\":\"https:\/\/megapets.eu\/obchod\/\"},{\"@type\":\"ListItem\",\"position\":3,\"name\":\"B\u00edl\u00e9 svetry&#8222;\u00daklidov\u00e1 \u010deta\\\"\"}]},{\"@type\":\"WebSite\",\"@id\":\"https:\/\/megapets.eu\/cs\/#website\",\"url\":\"https:\/\/megapets.eu\/cs\/\",\"name\":\"Mega Pets\",\"description\":\"Jedna z najwi\u0119kszych hodowli \u015blimak\u00f3w w Europie\",\"publisher\":{\"@id\":\"https:\/\/megapets.eu\/cs\/#organization\"},\"alternateName\":\"Mega Pets\",\"potentialAction\":[{\"@type\":\"SearchAction\",\"target\":{\"@type\":\"EntryPoint\",\"urlTemplate\":\"https:\/\/megapets.eu\/cs\/?s={search_term_string}\"},\"query-input\":{\"@type\":\"PropertyValueSpecification\",\"valueRequired\":true,\"valueName\":\"search_term_string\"}}],\"inLanguage\":\"cs\"},{\"@type\":\"Organization\",\"@id\":\"https:\/\/megapets.eu\/cs\/#organization\",\"name\":\"Mega Pets\",\"url\":\"https:\/\/megapets.eu\/cs\/\",\"logo\":{\"@type\":\"ImageObject\",\"inLanguage\":\"cs\",\"@id\":\"https:\/\/megapets.eu\/cs\/#\/schema\/logo\/image\/\",\"url\":\"https:\/\/megapets.eu\/wp-content\/uploads\/2025\/04\/megapets_eu-logo.png\",\"contentUrl\":\"https:\/\/megapets.eu\/wp-content\/uploads\/2025\/04\/megapets_eu-logo.png\",\"width\":2362,\"height\":2362,\"caption\":\"Mega Pets\"},\"image\":{\"@id\":\"https:\/\/megapets.eu\/cs\/#\/schema\/logo\/image\/\"},\"sameAs\":[\"https:\/\/www.facebook.com\/MegaPets.eu\/\"]}]}<\/script>\n<!-- \/ Yoast SEO plugin. -->","yoast_head_json":{"title":"B\u00edl\u00e9 svetry\"\u00daklidov\u00e1 \u010deta\" | MegaPets","robots":{"index":"index","follow":"follow","max-snippet":"max-snippet:-1","max-image-preview":"max-image-preview:large","max-video-preview":"max-video-preview:-1"},"canonical":"https:\/\/megapets.eu\/cs\/isopody-cs\/bile-svetryuklidova-ceta\/","og_locale":"cs_CZ","og_type":"article","og_title":"B\u00edl\u00e9 svetry\"\u00daklidov\u00e1 \u010deta\" | MegaPets","og_description":"C\u00edlov\u00e1 velikost vzork\u016f: cca 0,1 cm  Nab\u00edzen\u00e9 vzorky: n\u00e1hodn\u011b balen\u00e9  Cena je za sadu: mix kus\u016f.","og_url":"https:\/\/megapets.eu\/cs\/isopody-cs\/bile-svetryuklidova-ceta\/","og_site_name":"MegaPets","article_publisher":"https:\/\/www.facebook.com\/MegaPets.eu\/","og_image":[{"width":1045,"height":687,"url":"https:\/\/megapets.eu\/wp-content\/uploads\/2025\/05\/Skoczogonkiex22.png","type":"image\/png"}],"twitter_card":"summary_large_image","twitter_misc":{"Odhadovan\u00e1 doba \u010dten\u00ed":"1 minuta"},"schema":{"@context":"https:\/\/schema.org","@graph":[{"@type":"WebPage","@id":"https:\/\/megapets.eu\/cs\/isopody-cs\/bile-svetryuklidova-ceta\/","url":"https:\/\/megapets.eu\/cs\/isopody-cs\/bile-svetryuklidova-ceta\/","name":"B\u00edl\u00e9 svetry \"\u00daklidov\u00e1 \u010deta\" | MegaPets","isPartOf":{"@id":"https:\/\/megapets.eu\/cs\/#website"},"primaryImageOfPage":{"@id":"https:\/\/megapets.eu\/cs\/isopody-cs\/bile-svetryuklidova-ceta\/#primaryimage"},"image":{"@id":"https:\/\/megapets.eu\/cs\/isopody-cs\/bile-svetryuklidova-ceta\/#primaryimage"},"thumbnailUrl":"https:\/\/megapets.eu\/wp-content\/uploads\/2025\/05\/Skoczogonkiex22.png","datePublished":"2025-05-13T18:51:12+00:00","breadcrumb":{"@id":"https:\/\/megapets.eu\/cs\/isopody-cs\/bile-svetryuklidova-ceta\/#breadcrumb"},"inLanguage":"cs","potentialAction":[{"@type":"ReadAction","target":["https:\/\/megapets.eu\/cs\/isopody-cs\/bile-svetryuklidova-ceta\/"]}]},{"@type":"ImageObject","inLanguage":"cs","@id":"https:\/\/megapets.eu\/cs\/isopody-cs\/bile-svetryuklidova-ceta\/#primaryimage","url":"https:\/\/megapets.eu\/wp-content\/uploads\/2025\/05\/Skoczogonkiex22.png","contentUrl":"https:\/\/megapets.eu\/wp-content\/uploads\/2025\/05\/Skoczogonkiex22.png","width":1045,"height":687},{"@type":"BreadcrumbList","@id":"https:\/\/megapets.eu\/cs\/isopody-cs\/bile-svetryuklidova-ceta\/#breadcrumb","itemListElement":[{"@type":"ListItem","position":1,"name":"Strona g\u0142\u00f3wna","item":"https:\/\/megapets.eu\/cs\/"},{"@type":"ListItem","position":2,"name":"Obchod","item":"https:\/\/megapets.eu\/obchod\/"},{"@type":"ListItem","position":3,"name":"B\u00edl\u00e9 svetry&#8222;\u00daklidov\u00e1 \u010deta\""}]},{"@type":"WebSite","@id":"https:\/\/megapets.eu\/cs\/#website","url":"https:\/\/megapets.eu\/cs\/","name":"Mega Pets","description":"Jedna z najwi\u0119kszych hodowli \u015blimak\u00f3w w Europie","publisher":{"@id":"https:\/\/megapets.eu\/cs\/#organization"},"alternateName":"Mega Pets","potentialAction":[{"@type":"SearchAction","target":{"@type":"EntryPoint","urlTemplate":"https:\/\/megapets.eu\/cs\/?s={search_term_string}"},"query-input":{"@type":"PropertyValueSpecification","valueRequired":true,"valueName":"search_term_string"}}],"inLanguage":"cs"},{"@type":"Organization","@id":"https:\/\/megapets.eu\/cs\/#organization","name":"Mega Pets","url":"https:\/\/megapets.eu\/cs\/","logo":{"@type":"ImageObject","inLanguage":"cs","@id":"https:\/\/megapets.eu\/cs\/#\/schema\/logo\/image\/","url":"https:\/\/megapets.eu\/wp-content\/uploads\/2025\/04\/megapets_eu-logo.png","contentUrl":"https:\/\/megapets.eu\/wp-content\/uploads\/2025\/04\/megapets_eu-logo.png","width":2362,"height":2362,"caption":"Mega Pets"},"image":{"@id":"https:\/\/megapets.eu\/cs\/#\/schema\/logo\/image\/"},"sameAs":["https:\/\/www.facebook.com\/MegaPets.eu\/"]}]}},"_links":{"self":[{"href":"https:\/\/megapets.eu\/cs\/wp-json\/wp\/v2\/product\/6441","targetHints":{"allow":["GET"]}}],"collection":[{"href":"https:\/\/megapets.eu\/cs\/wp-json\/wp\/v2\/product"}],"about":[{"href":"https:\/\/megapets.eu\/cs\/wp-json\/wp\/v2\/types\/product"}],"wp:featuredmedia":[{"embeddable":true,"href":"https:\/\/megapets.eu\/cs\/wp-json\/wp\/v2\/media\/6442"}],"wp:attachment":[{"href":"https:\/\/megapets.eu\/cs\/wp-json\/wp\/v2\/media?parent=6441"}],"wp:term":[{"taxonomy":"product_cat","embeddable":true,"href":"https:\/\/megapets.eu\/cs\/wp-json\/wp\/v2\/product_cat?post=6441"},{"taxonomy":"product_tag","embeddable":true,"href":"https:\/\/megapets.eu\/cs\/wp-json\/wp\/v2\/product_tag?post=6441"}],"curies":[{"name":"wp","href":"https:\/\/api.w.org\/{rel}","templated":true}]}}