{"id":6455,"date":"2025-06-10T12:06:18","date_gmt":"2025-06-10T12:06:18","guid":{"rendered":"https:\/\/megapets.eu\/neza\u0159azen\u00e9\/sada-5-ks-1-ks-zdarma-pro-exoticke-sneky\/"},"modified":"2025-06-10T12:06:18","modified_gmt":"2025-06-10T12:06:18","slug":"sada-5-ks-1-ks-zdarma-pro-exoticke-sneky","status":"publish","type":"product","link":"https:\/\/megapets.eu\/cs\/prislusenstvi\/sada-5-ks-1-ks-zdarma-pro-exoticke-sneky\/","title":{"rendered":"Sada 5 ks + 1 ks ZDARMA! <br \/> pro exotick\u00e9 \u0161neky"},"content":{"rendered":"<p><em><b>&#8222;Sada 5 ks + 1 ZDARMA!&#8220; <\/b>pro exotick\u00e9 \u0161neky:<\/em><\/p>\n<p><em><b>Cena se t\u00fdk\u00e1: <\/b>&#8222;Sada 5 ks + 1 ZDARMA!&#8220; pro chov exotick\u00fdch \/ africk\u00fdch \u0161nek\u016f&#8220;.<\/em><\/p>\n<p><em>Startovac\u00ed sada obsahuje:<\/em><\/p>\n<p><em><b>1 ks x Kalcium 200g. <\/b>V<b> <\/b>denn\u00ed strav\u011b \u0161neka nesm\u00ed chyb\u011bt z\u00e1kladn\u00ed stavebn\u00ed k\u00e1men kr\u00e1sn\u00e9 a zdrav\u00e9 ulity. Balen\u00ed &#8222;Calcium&#8220; obsahuje 100% pr\u00e1\u0161ek ze sko\u0159\u00e1pky.<\/em><\/p>\n<p><em><b>1 x Protein &amp; Vitamin 120g. <\/b>Balen\u00ed &#8222;Protein &amp; Vitamin&#8220; obsahuje sm\u011bs zrn, plnou cenn\u00fdch \u017eivin pro spr\u00e1vn\u00fd v\u00fdvoj zv\u00ed\u0159\u00e1tek, je prosp\u011b\u0161n\u00fdm dopl\u0148kem z\u00e1kladn\u00ed stravy \u0161nek\u016f.<\/em><\/p>\n<p><em><b>1 x Exotick\u00e1 sm\u011bs bylinek 100g. <\/b>Balen\u00ed &#8222;Exotic mix bylin&#8220; obsahuje pe\u010dliv\u011b vybran\u00e9 byliny, cenn\u00fd a p\u0159\u00edrodn\u00ed dopln\u011bk, kter\u00fd pom\u00e1h\u00e1 obohatit stravu exotick\u00fdch \u0161nek\u016f na z\u00e1klad\u011b jejich po\u017eadavk\u016f na vitam\u00edny a miner\u00e1ly, slo\u017eky nezbytn\u00e9 pro zdrav\u00ed dom\u00e1c\u00edch zv\u00ed\u0159at.<\/em><\/p>\n<p><em><b>1ks x Calcium mix 180g.<\/b> Balen\u00ed &#8222;Calcium mix&#8220; obsahuje pr\u00e1\u0161ek ze sko\u0159\u00e1pek vajec a s\u00e9pi\u00ed.<\/em><\/p>\n<p><em><b>1ks x Gammarus 60g. <\/b>Mlet\u00fd Gammarus jsou su\u0161en\u00e9 kl\u00ed\u010dky bohat\u00e9 na makro- a mikroprvky, p\u0159\u00edrodn\u00ed zdroj \u017eivo\u010di\u0161n\u00fdch b\u00edlkovin a chitinu.<\/em><\/p>\n<p><em><b>1ks x Flower mix 25g. (ZDARMA!) <\/b>Balen\u00ed Flower mix obsahuje p\u0159\u00edrodn\u00ed su\u0161en\u00e9 okv\u011btn\u00ed l\u00edstky a listy kv\u011bt\u016f.<\/em><\/p>\n<p><em>Doporu\u010dujeme dopl\u0148ky pou\u017e\u00edvat st\u0159\u00eddav\u011b, aby strava \u0161neka z\u016fstala pestr\u00e1 a kompletn\u00ed. Na\u0161e dopl\u0148ky byly vyvinuty s l\u00e1skou k \u0161nek\u016fm a jsou zalo\u017eeny na dlouholet\u00fdch chovatelsk\u00fdch zku\u0161enostech, tak\u017ee m\u016f\u017eeme zaru\u010dit jejich kvalitu a \u00fa\u010dinnost!<\/em><\/p>\n<p><em>\u2b50 Doporu\u010dujeme dopl\u0148ky, kter\u00e9 jsou schopny uspokojit pot\u0159eby v cenn\u00fdch \u017eivin\u00e1ch i t\u011bch nejn\u00e1ro\u010dn\u011bj\u0161\u00edch druh\u016f: &#8222;Protein &amp; Vitamin&#8220;, &#8222;Sm\u011bs exotick\u00fdch bylin&#8220;, &#8222;Gammarus&#8220; mlet\u00fd, &#8222;Kv\u011btinov\u00e1 sm\u011bs&#8220;. Dopl\u0148ky doporu\u010dujeme pou\u017e\u00edvat st\u0159\u00eddav\u011b, aby strava va\u0161eho zv\u00ed\u0159ete z\u016fstala pestr\u00e1 a kompletn\u00ed.<\/em><\/p>\n<p><em>\u2b50 V ka\u017edodenn\u00ed strav\u011b \u0161neka nesm\u00ed chyb\u011bt z\u00e1kladn\u00ed stavebn\u00ed kameny pro kr\u00e1snou a zdravou ulitu: &#8222;Calcium&#8220;, &#8222;Calcium mix&#8220;.<\/em><\/p>\n","protected":false},"excerpt":{"rendered":"<ul class=\"product_attributes\">\n<li><span style=\"color: #555555;\">Obsahuje:<\/span><\/li>\n<li><span style=\"color: #555555;\">Set:<\/span> 5 ks + 1 ks ZDARMA!<\/li>\n<li><span style=\"color: #555555;\">Cena se t\u00fdk\u00e1:<\/span> 1 kompl.<\/li>\n<\/ul>\n","protected":false},"featured_media":6456,"template":"","meta":{"_acf_changed":false,"_links_to":"","_links_to_target":""},"product_cat":[163],"product_tag":[164,166,165,167],"class_list":{"0":"post-6455","1":"product","2":"type-product","3":"status-publish","4":"has-post-thumbnail","6":"product_cat-prislusenstvi","7":"product_tag-pro-hlemyzde","8":"product_tag-pro-izopody","9":"product_tag-pro-lsti","10":"product_tag-pro-svaby","12":"first","13":"instock","14":"shipping-taxable","15":"purchasable","16":"product-type-simple"},"acf":[],"yoast_head":"<!-- This site is optimized with the Yoast SEO plugin v24.9 - https:\/\/yoast.com\/wordpress\/plugins\/seo\/ -->\n<title>Sada 5 ks + 1 ks ZDARMA!  pro exotick\u00e9 \u0161neky | MegaPets<\/title>\n<meta name=\"robots\" content=\"index, follow, max-snippet:-1, max-image-preview:large, max-video-preview:-1\" \/>\n<link rel=\"canonical\" href=\"https:\/\/megapets.eu\/cs\/prislusenstvi\/sada-5-ks-1-ks-zdarma-pro-exoticke-sneky\/\" \/>\n<meta property=\"og:locale\" content=\"cs_CZ\" \/>\n<meta property=\"og:type\" content=\"article\" \/>\n<meta property=\"og:title\" content=\"Sada 5 ks + 1 ks ZDARMA!  pro exotick\u00e9 \u0161neky | MegaPets\" \/>\n<meta property=\"og:description\" content=\"Obsahuje:  Set: 5 ks + 1 ks ZDARMA!  Cena se t\u00fdk\u00e1: 1 kompl.\" \/>\n<meta property=\"og:url\" content=\"https:\/\/megapets.eu\/cs\/prislusenstvi\/sada-5-ks-1-ks-zdarma-pro-exoticke-sneky\/\" \/>\n<meta property=\"og:site_name\" content=\"MegaPets\" \/>\n<meta property=\"article:publisher\" content=\"https:\/\/www.facebook.com\/MegaPets.eu\/\" \/>\n<meta property=\"og:image\" content=\"https:\/\/megapets.eu\/wp-content\/uploads\/2025\/06\/Zestaw-5-szt-1-gratis.png\" \/>\n\t<meta property=\"og:image:width\" content=\"1052\" \/>\n\t<meta property=\"og:image:height\" content=\"692\" \/>\n\t<meta property=\"og:image:type\" content=\"image\/png\" \/>\n<meta name=\"twitter:card\" content=\"summary_large_image\" \/>\n<meta name=\"twitter:label1\" content=\"Odhadovan\u00e1 doba \u010dten\u00ed\" \/>\n\t<meta name=\"twitter:data1\" content=\"2 minuta\" \/>\n<script type=\"application\/ld+json\" class=\"yoast-schema-graph\">{\"@context\":\"https:\/\/schema.org\",\"@graph\":[{\"@type\":\"WebPage\",\"@id\":\"https:\/\/megapets.eu\/cs\/prislusenstvi\/sada-5-ks-1-ks-zdarma-pro-exoticke-sneky\/\",\"url\":\"https:\/\/megapets.eu\/cs\/prislusenstvi\/sada-5-ks-1-ks-zdarma-pro-exoticke-sneky\/\",\"name\":\"Sada 5 ks + 1 ks ZDARMA! pro exotick\u00e9 \u0161neky | MegaPets\",\"isPartOf\":{\"@id\":\"https:\/\/megapets.eu\/cs\/#website\"},\"primaryImageOfPage\":{\"@id\":\"https:\/\/megapets.eu\/cs\/prislusenstvi\/sada-5-ks-1-ks-zdarma-pro-exoticke-sneky\/#primaryimage\"},\"image\":{\"@id\":\"https:\/\/megapets.eu\/cs\/prislusenstvi\/sada-5-ks-1-ks-zdarma-pro-exoticke-sneky\/#primaryimage\"},\"thumbnailUrl\":\"https:\/\/megapets.eu\/wp-content\/uploads\/2025\/06\/Zestaw-5-szt-1-gratis.png\",\"datePublished\":\"2025-06-10T12:06:18+00:00\",\"breadcrumb\":{\"@id\":\"https:\/\/megapets.eu\/cs\/prislusenstvi\/sada-5-ks-1-ks-zdarma-pro-exoticke-sneky\/#breadcrumb\"},\"inLanguage\":\"cs\",\"potentialAction\":[{\"@type\":\"ReadAction\",\"target\":[\"https:\/\/megapets.eu\/cs\/prislusenstvi\/sada-5-ks-1-ks-zdarma-pro-exoticke-sneky\/\"]}]},{\"@type\":\"ImageObject\",\"inLanguage\":\"cs\",\"@id\":\"https:\/\/megapets.eu\/cs\/prislusenstvi\/sada-5-ks-1-ks-zdarma-pro-exoticke-sneky\/#primaryimage\",\"url\":\"https:\/\/megapets.eu\/wp-content\/uploads\/2025\/06\/Zestaw-5-szt-1-gratis.png\",\"contentUrl\":\"https:\/\/megapets.eu\/wp-content\/uploads\/2025\/06\/Zestaw-5-szt-1-gratis.png\",\"width\":1052,\"height\":692},{\"@type\":\"BreadcrumbList\",\"@id\":\"https:\/\/megapets.eu\/cs\/prislusenstvi\/sada-5-ks-1-ks-zdarma-pro-exoticke-sneky\/#breadcrumb\",\"itemListElement\":[{\"@type\":\"ListItem\",\"position\":1,\"name\":\"Strona g\u0142\u00f3wna\",\"item\":\"https:\/\/megapets.eu\/cs\/\"},{\"@type\":\"ListItem\",\"position\":2,\"name\":\"Obchod\",\"item\":\"https:\/\/megapets.eu\/obchod\/\"},{\"@type\":\"ListItem\",\"position\":3,\"name\":\"Sada 5 ks + 1 ks ZDARMA! pro exotick\u00e9 \u0161neky\"}]},{\"@type\":\"WebSite\",\"@id\":\"https:\/\/megapets.eu\/cs\/#website\",\"url\":\"https:\/\/megapets.eu\/cs\/\",\"name\":\"Mega Pets\",\"description\":\"Jedna z najwi\u0119kszych hodowli \u015blimak\u00f3w w Europie\",\"publisher\":{\"@id\":\"https:\/\/megapets.eu\/cs\/#organization\"},\"alternateName\":\"Mega Pets\",\"potentialAction\":[{\"@type\":\"SearchAction\",\"target\":{\"@type\":\"EntryPoint\",\"urlTemplate\":\"https:\/\/megapets.eu\/cs\/?s={search_term_string}\"},\"query-input\":{\"@type\":\"PropertyValueSpecification\",\"valueRequired\":true,\"valueName\":\"search_term_string\"}}],\"inLanguage\":\"cs\"},{\"@type\":\"Organization\",\"@id\":\"https:\/\/megapets.eu\/cs\/#organization\",\"name\":\"Mega Pets\",\"url\":\"https:\/\/megapets.eu\/cs\/\",\"logo\":{\"@type\":\"ImageObject\",\"inLanguage\":\"cs\",\"@id\":\"https:\/\/megapets.eu\/cs\/#\/schema\/logo\/image\/\",\"url\":\"https:\/\/megapets.eu\/wp-content\/uploads\/2025\/04\/megapets_eu-logo.png\",\"contentUrl\":\"https:\/\/megapets.eu\/wp-content\/uploads\/2025\/04\/megapets_eu-logo.png\",\"width\":2362,\"height\":2362,\"caption\":\"Mega Pets\"},\"image\":{\"@id\":\"https:\/\/megapets.eu\/cs\/#\/schema\/logo\/image\/\"},\"sameAs\":[\"https:\/\/www.facebook.com\/MegaPets.eu\/\"]}]}<\/script>\n<!-- \/ Yoast SEO plugin. -->","yoast_head_json":{"title":"Sada 5 ks + 1 ks ZDARMA!  pro exotick\u00e9 \u0161neky | MegaPets","robots":{"index":"index","follow":"follow","max-snippet":"max-snippet:-1","max-image-preview":"max-image-preview:large","max-video-preview":"max-video-preview:-1"},"canonical":"https:\/\/megapets.eu\/cs\/prislusenstvi\/sada-5-ks-1-ks-zdarma-pro-exoticke-sneky\/","og_locale":"cs_CZ","og_type":"article","og_title":"Sada 5 ks + 1 ks ZDARMA!  pro exotick\u00e9 \u0161neky | MegaPets","og_description":"Obsahuje:  Set: 5 ks + 1 ks ZDARMA!  Cena se t\u00fdk\u00e1: 1 kompl.","og_url":"https:\/\/megapets.eu\/cs\/prislusenstvi\/sada-5-ks-1-ks-zdarma-pro-exoticke-sneky\/","og_site_name":"MegaPets","article_publisher":"https:\/\/www.facebook.com\/MegaPets.eu\/","og_image":[{"width":1052,"height":692,"url":"https:\/\/megapets.eu\/wp-content\/uploads\/2025\/06\/Zestaw-5-szt-1-gratis.png","type":"image\/png"}],"twitter_card":"summary_large_image","twitter_misc":{"Odhadovan\u00e1 doba \u010dten\u00ed":"2 minuta"},"schema":{"@context":"https:\/\/schema.org","@graph":[{"@type":"WebPage","@id":"https:\/\/megapets.eu\/cs\/prislusenstvi\/sada-5-ks-1-ks-zdarma-pro-exoticke-sneky\/","url":"https:\/\/megapets.eu\/cs\/prislusenstvi\/sada-5-ks-1-ks-zdarma-pro-exoticke-sneky\/","name":"Sada 5 ks + 1 ks ZDARMA! pro exotick\u00e9 \u0161neky | MegaPets","isPartOf":{"@id":"https:\/\/megapets.eu\/cs\/#website"},"primaryImageOfPage":{"@id":"https:\/\/megapets.eu\/cs\/prislusenstvi\/sada-5-ks-1-ks-zdarma-pro-exoticke-sneky\/#primaryimage"},"image":{"@id":"https:\/\/megapets.eu\/cs\/prislusenstvi\/sada-5-ks-1-ks-zdarma-pro-exoticke-sneky\/#primaryimage"},"thumbnailUrl":"https:\/\/megapets.eu\/wp-content\/uploads\/2025\/06\/Zestaw-5-szt-1-gratis.png","datePublished":"2025-06-10T12:06:18+00:00","breadcrumb":{"@id":"https:\/\/megapets.eu\/cs\/prislusenstvi\/sada-5-ks-1-ks-zdarma-pro-exoticke-sneky\/#breadcrumb"},"inLanguage":"cs","potentialAction":[{"@type":"ReadAction","target":["https:\/\/megapets.eu\/cs\/prislusenstvi\/sada-5-ks-1-ks-zdarma-pro-exoticke-sneky\/"]}]},{"@type":"ImageObject","inLanguage":"cs","@id":"https:\/\/megapets.eu\/cs\/prislusenstvi\/sada-5-ks-1-ks-zdarma-pro-exoticke-sneky\/#primaryimage","url":"https:\/\/megapets.eu\/wp-content\/uploads\/2025\/06\/Zestaw-5-szt-1-gratis.png","contentUrl":"https:\/\/megapets.eu\/wp-content\/uploads\/2025\/06\/Zestaw-5-szt-1-gratis.png","width":1052,"height":692},{"@type":"BreadcrumbList","@id":"https:\/\/megapets.eu\/cs\/prislusenstvi\/sada-5-ks-1-ks-zdarma-pro-exoticke-sneky\/#breadcrumb","itemListElement":[{"@type":"ListItem","position":1,"name":"Strona g\u0142\u00f3wna","item":"https:\/\/megapets.eu\/cs\/"},{"@type":"ListItem","position":2,"name":"Obchod","item":"https:\/\/megapets.eu\/obchod\/"},{"@type":"ListItem","position":3,"name":"Sada 5 ks + 1 ks ZDARMA! pro exotick\u00e9 \u0161neky"}]},{"@type":"WebSite","@id":"https:\/\/megapets.eu\/cs\/#website","url":"https:\/\/megapets.eu\/cs\/","name":"Mega Pets","description":"Jedna z najwi\u0119kszych hodowli \u015blimak\u00f3w w Europie","publisher":{"@id":"https:\/\/megapets.eu\/cs\/#organization"},"alternateName":"Mega Pets","potentialAction":[{"@type":"SearchAction","target":{"@type":"EntryPoint","urlTemplate":"https:\/\/megapets.eu\/cs\/?s={search_term_string}"},"query-input":{"@type":"PropertyValueSpecification","valueRequired":true,"valueName":"search_term_string"}}],"inLanguage":"cs"},{"@type":"Organization","@id":"https:\/\/megapets.eu\/cs\/#organization","name":"Mega Pets","url":"https:\/\/megapets.eu\/cs\/","logo":{"@type":"ImageObject","inLanguage":"cs","@id":"https:\/\/megapets.eu\/cs\/#\/schema\/logo\/image\/","url":"https:\/\/megapets.eu\/wp-content\/uploads\/2025\/04\/megapets_eu-logo.png","contentUrl":"https:\/\/megapets.eu\/wp-content\/uploads\/2025\/04\/megapets_eu-logo.png","width":2362,"height":2362,"caption":"Mega Pets"},"image":{"@id":"https:\/\/megapets.eu\/cs\/#\/schema\/logo\/image\/"},"sameAs":["https:\/\/www.facebook.com\/MegaPets.eu\/"]}]}},"_links":{"self":[{"href":"https:\/\/megapets.eu\/cs\/wp-json\/wp\/v2\/product\/6455","targetHints":{"allow":["GET"]}}],"collection":[{"href":"https:\/\/megapets.eu\/cs\/wp-json\/wp\/v2\/product"}],"about":[{"href":"https:\/\/megapets.eu\/cs\/wp-json\/wp\/v2\/types\/product"}],"wp:featuredmedia":[{"embeddable":true,"href":"https:\/\/megapets.eu\/cs\/wp-json\/wp\/v2\/media\/6456"}],"wp:attachment":[{"href":"https:\/\/megapets.eu\/cs\/wp-json\/wp\/v2\/media?parent=6455"}],"wp:term":[{"taxonomy":"product_cat","embeddable":true,"href":"https:\/\/megapets.eu\/cs\/wp-json\/wp\/v2\/product_cat?post=6455"},{"taxonomy":"product_tag","embeddable":true,"href":"https:\/\/megapets.eu\/cs\/wp-json\/wp\/v2\/product_tag?post=6455"}],"curies":[{"name":"wp","href":"https:\/\/api.w.org\/{rel}","templated":true}]}}