{"id":6490,"date":"2024-10-09T06:52:09","date_gmt":"2024-10-09T06:52:09","guid":{"rendered":"https:\/\/megapets.eu\/neza\u0159azen\u00e9\/anadenobolus-monilicorniskrokodyl-pripominajici-vcelu\/"},"modified":"2025-08-13T14:59:37","modified_gmt":"2025-08-13T14:59:37","slug":"anadenobolus-monilicorniskrokodyl-pripominajici-vcelu","status":"publish","type":"product","link":"https:\/\/megapets.eu\/cs\/wije-cs\/anadenobolus-monilicorniskrokodyl-pripominajici-vcelu\/","title":{"rendered":"Anadenobolus monilicornis<br>&#8222;Mnohono\u017eka, p\u0159ipom\u00ednaj\u00edc\u00ed v\u010delu&#8220;"},"content":{"rendered":"<p class=\"v1v1v1v1MsoNormal\"><span style=\"color: #d94890;\"><strong><em><span style=\"font-size: 15px;\"><span style=\"color: #ff0000;\"><span style=\"color: #424242;\">Druh: <\/span><\/span><\/span><\/em><\/strong><\/span><strong><em><span style=\"font-size: 15px;\">Anadenobolus monilicornis<\/span><\/em><\/strong> <span style=\"color: #d94890;\"><strong><em><span style=\"font-size: 15px;\"><span style=\"color: #ff0000;\"><span style=\"color: #424242;\">&#8222;Mnohono\u017eka, podobn\u00e1 v\u010del\u011b&#8220;.<\/span><\/span><\/span><\/em><\/strong><\/span><\/p>\n<p><span style=\"color: #d94890;\"><strong><em><span style=\"font-size: 15px;\"><span style=\"color: #ff0000;\"><span style=\"color: #000000;\"><span style=\"color: #424242;\"><img decoding=\"async\" src=\"https:\/\/static.xx.fbcdn.net\/images\/emoji.php\/v9\/t1f\/1\/16\/1f41d.png\" alt=\"\ud83d\udc1d\"> <\/span>A<span style=\"color: #ffcc00;\">n<\/span>a<span style=\"color: #ffcc00;\">d<\/span>e<span style=\"color: #ffcc00;\">n<\/span>o<span style=\"color: #ffcc00;\">b<\/span>o<span style=\"color: #ffcc00;\">l<\/span>u<span style=\"color: #ff9900;\"><span style=\"color: #ffcc00;\">s<\/span> <span style=\"color: #424242;\"><img decoding=\"async\" src=\"https:\/\/static.xx.fbcdn.net\/images\/emoji.php\/v9\/t1f\/1\/16\/1f41d.png\" alt=\"\ud83d\udc1d\"><\/span><\/span> m<span style=\"color: #ffcc00;\">o<\/span>n<span style=\"color: #ffcc00;\">i<\/span>l<span style=\"color: #ffcc00;\">i<\/span>c<span style=\"color: #ffcc00;\">o<\/span>r<span style=\"color: #ffcc00;\">n<\/span>i<span style=\"color: #ffcc00;\">s<\/span><\/span> <span style=\"color: #424242;\"><img decoding=\"async\" src=\"https:\/\/static.xx.fbcdn.net\/images\/emoji.php\/v9\/t1f\/1\/16\/1f41d.png\" alt=\"\ud83d\udc1d\"> <\/span><span style=\"color: #424242;\">&#8222;Mnohono\u017eka\ud83d\udc9b, p\u0159ipom\u00ednaj\u00edc\u00ed\ud83d\udda4 v\u010delu <img decoding=\"async\" src=\"https:\/\/static.xx.fbcdn.net\/images\/emoji.php\/v9\/t1f\/1\/16\/1f41d.png\" alt=\"\ud83d\udc1d\">.&#8220; Snadno se udr\u017euj\u00ed, tak\u017ee jsou skv\u011bl\u00e9 i pro za\u010d\u00e1te\u010dn\u00edky.<\/span><\/span><\/span><\/em><\/strong><\/span><\/p>\n<p>&nbsp;<\/p>\n<p><span style=\"color: #424242;\"><strong><em><span style=\"font-size: 15px;\"><strong style=\"color: #424242;\"><span style=\"color: #d94890;\"><span style=\"color: #ff0000;\">\ud83d\udc9b\ud83d\udda4\ud83d\udc9b<\/span><\/span> Hled\u00e1te n\u011bco z\u00e1bavn\u00e9ho pro za\u010d\u00e1tek chovu?  <\/strong><span style=\"color: #ff9900;\">Mnohono\u017eky Anadenobolus monilicornis jsou kr\u00e1sn\u00ed a snadno udr\u017eovateln\u00ed tvorov\u00e9, pro \u010dlov\u011bka zcela bezpe\u010dn\u00ed, nekou\u0161ou. Maj\u00ed slab\u00e9 \u010delisti, kter\u00e9 jsou p\u0159izp\u016fsobeny k drcen\u00ed rostlinn\u00e9 hmoty. Mnohono\u017eky preferuj\u00ed vlhk\u00e1 m\u00edsta, \u017eij\u00ed v horn\u00ed vrstv\u011b substr\u00e1tu a \u017eiv\u00ed se listy, v\u00edceslo\u017ekov\u00fdm substr\u00e1tem ur\u010den\u00fdm k chovu mnohono\u017eek, ale i zeleninou a ovocem. Anadenobolus monilicornis je velmi kr\u00e1sn\u011b zbarven\u00e1 mnohono\u017eka, p\u0159ipom\u00ednaj\u00edc\u00ed v\u010delu, dor\u016fstaj\u00edc\u00ed d\u00e9lky a\u017e asi 7 cm. Snadno udr\u017eovateln\u00fd a rychle rostouc\u00ed druh.     <\/span><\/span><\/em><\/strong><\/span><\/p>\n<p>&nbsp;<\/p>\n<p class=\"v1v1v1v1MsoNormal\"><span style=\"color: #424242;\"><strong><em><span style=\"font-size: 15px;\"><span class=\"x1xsqp64 xiy17q3 x1o6pynw x19co3pv xdj266r xcwd3tp xat24cr x39eecv x2b8uid\" data-testid=\"emoji\"><span class=\"xexx8yu xn5pp95 x18d9i69 x2fxd7x x3jgonx x1bhl96m\">\ud83c\udf3f <\/span><\/span><span style=\"color: #424242;\">V\u0161e, co takov\u00e9 zv\u00ed\u0159e pot\u0159ebuje k \u00fasp\u011b\u0161n\u00e9mu v\u00fdvoji a \u017eivotu v ter\u00e1riu, je:<\/span><\/span><\/em><\/strong><\/span><\/p>\n<p class=\"v1v1v1v1MsoNormal\"><span style=\"color: #008000;\"><strong><em><span style=\"font-size: 15px;\">* Substr\u00e1t \/ krmivo: Substr\u00e1t pro chov mnohono\u017eek a myriped\u016f (k dispozici na na\u0161\u00ed dal\u0161\u00ed aukci);<\/span><\/em><\/strong><\/span><\/p>\n<p class=\"v1v1v1v1MsoNormal\"><span style=\"color: #008000;\"><strong><em><span style=\"font-size: 15px;\">* Superfood: \u010cerstv\u00e1 zelenina a ovoce;<\/span><\/em><\/strong><\/span><\/p>\n<p class=\"v1v1v1v1MsoNormal\"><span style=\"color: #008000;\"><strong><em><span style=\"font-size: 15px;\">* J\u00eddlo: Mlet\u00fd ble\u0161ivec je su\u0161en\u00fd ble\u0161ivec, bohat\u00fd na makro- a mikroelementy, p\u0159\u00edrodn\u00ed zdroj \u017eivo\u010di\u0161n\u00fdch b\u00edlkovin a chitinu (k dispozici v na\u0161\u00ed dal\u0161\u00ed aukci);<\/span><\/em><\/strong><\/span><\/p>\n<p class=\"v1v1v1v1MsoNormal\"><span style=\"color: #008000;\"><strong><em><span style=\"font-size: 15px;\">* Ter\u00e1rium: Faunabox je ide\u00e1ln\u00ed pro chov mnohono\u017eek a mnohono\u017eek (k dispozici na na\u0161\u00ed dal\u0161\u00ed aukci);<\/span><\/em><\/strong><\/span><\/p>\n<p class=\"v1v1v1v1MsoNormal\"><span style=\"color: #008000;\"><strong><em><span style=\"font-size: 15px;\">* Doporu\u010den\u00e1 teplota 22-26 \u00b0C a vlhkost na \u00farovni cca. 70% (nenech\u00e1vejte substr\u00e1t vyschnout, post\u0159ikujte ter\u00e1rium ka\u017ed\u00e9 2-3 dny).<\/span><\/em><\/strong><\/span><\/p>\n","protected":false},"excerpt":{"rendered":"<ul class=\"product_attributes\">\n<li><span style=\"color: #555555;\">Velikost ter\u010de:<\/span> cca 7 cm<\/li>\n<li><span style=\"color: #555555;\">Nab\u00edzen\u00fd juveniln\u00ed:<\/span> cca 3-4 cm <\/li>\n<li><span style=\"color: #555555;\">Cena plat\u00ed pro:<\/span> 1 ks<\/li>\n<\/ul>\n","protected":false},"featured_media":6491,"template":"","meta":{"_acf_changed":false,"_links_to":"","_links_to_target":""},"product_cat":[160],"product_tag":[],"class_list":{"0":"post-6490","1":"product","2":"type-product","3":"status-publish","4":"has-post-thumbnail","6":"product_cat-wije-cs","8":"first","9":"outofstock","10":"shipping-taxable","11":"purchasable","12":"product-type-simple"},"acf":[],"yoast_head":"<!-- This site is optimized with the Yoast SEO plugin v24.9 - https:\/\/yoast.com\/wordpress\/plugins\/seo\/ -->\n<title>Anadenobolus monilicornis&quot;Mnohono\u017eka, p\u0159ipom\u00ednaj\u00edc\u00ed v\u010delu&quot; | MegaPets<\/title>\n<meta name=\"robots\" content=\"index, follow, max-snippet:-1, max-image-preview:large, max-video-preview:-1\" \/>\n<link rel=\"canonical\" href=\"https:\/\/megapets.eu\/cs\/wije-cs\/anadenobolus-monilicorniskrokodyl-pripominajici-vcelu\/\" \/>\n<meta property=\"og:locale\" content=\"cs_CZ\" \/>\n<meta property=\"og:type\" content=\"article\" \/>\n<meta property=\"og:title\" content=\"Anadenobolus monilicornis&quot;Mnohono\u017eka, p\u0159ipom\u00ednaj\u00edc\u00ed v\u010delu&quot; | MegaPets\" \/>\n<meta property=\"og:description\" content=\"Velikost ter\u010de: cca 7 cm  Nab\u00edzen\u00fd juveniln\u00ed: cca 3-4 cm  Cena plat\u00ed pro: 1 ks\" \/>\n<meta property=\"og:url\" content=\"https:\/\/megapets.eu\/cs\/wije-cs\/anadenobolus-monilicorniskrokodyl-pripominajici-vcelu\/\" \/>\n<meta property=\"og:site_name\" content=\"MegaPets\" \/>\n<meta property=\"article:publisher\" content=\"https:\/\/www.facebook.com\/MegaPets.eu\/\" \/>\n<meta property=\"article:modified_time\" content=\"2025-08-13T14:59:37+00:00\" \/>\n<meta property=\"og:image\" content=\"https:\/\/megapets.eu\/wp-content\/uploads\/2024\/10\/0603201-1024x683.png\" \/>\n\t<meta property=\"og:image:width\" content=\"1024\" \/>\n\t<meta property=\"og:image:height\" content=\"683\" \/>\n\t<meta property=\"og:image:type\" content=\"image\/png\" \/>\n<meta name=\"twitter:card\" content=\"summary_large_image\" \/>\n<meta name=\"twitter:label1\" content=\"Odhadovan\u00e1 doba \u010dten\u00ed\" \/>\n\t<meta name=\"twitter:data1\" content=\"1 minuta\" \/>\n<script type=\"application\/ld+json\" class=\"yoast-schema-graph\">{\"@context\":\"https:\/\/schema.org\",\"@graph\":[{\"@type\":\"WebPage\",\"@id\":\"https:\/\/megapets.eu\/cs\/wije-cs\/anadenobolus-monilicorniskrokodyl-pripominajici-vcelu\/\",\"url\":\"https:\/\/megapets.eu\/cs\/wije-cs\/anadenobolus-monilicorniskrokodyl-pripominajici-vcelu\/\",\"name\":\"Anadenobolus monilicornis \\\"Mnohono\u017eka, p\u0159ipom\u00ednaj\u00edc\u00ed v\u010delu\\\" | MegaPets\",\"isPartOf\":{\"@id\":\"https:\/\/megapets.eu\/cs\/#website\"},\"primaryImageOfPage\":{\"@id\":\"https:\/\/megapets.eu\/cs\/wije-cs\/anadenobolus-monilicorniskrokodyl-pripominajici-vcelu\/#primaryimage\"},\"image\":{\"@id\":\"https:\/\/megapets.eu\/cs\/wije-cs\/anadenobolus-monilicorniskrokodyl-pripominajici-vcelu\/#primaryimage\"},\"thumbnailUrl\":\"https:\/\/megapets.eu\/wp-content\/uploads\/2024\/10\/0603201.png\",\"datePublished\":\"2024-10-09T06:52:09+00:00\",\"dateModified\":\"2025-08-13T14:59:37+00:00\",\"breadcrumb\":{\"@id\":\"https:\/\/megapets.eu\/cs\/wije-cs\/anadenobolus-monilicorniskrokodyl-pripominajici-vcelu\/#breadcrumb\"},\"inLanguage\":\"cs\",\"potentialAction\":[{\"@type\":\"ReadAction\",\"target\":[\"https:\/\/megapets.eu\/cs\/wije-cs\/anadenobolus-monilicorniskrokodyl-pripominajici-vcelu\/\"]}]},{\"@type\":\"ImageObject\",\"inLanguage\":\"cs\",\"@id\":\"https:\/\/megapets.eu\/cs\/wije-cs\/anadenobolus-monilicorniskrokodyl-pripominajici-vcelu\/#primaryimage\",\"url\":\"https:\/\/megapets.eu\/wp-content\/uploads\/2024\/10\/0603201.png\",\"contentUrl\":\"https:\/\/megapets.eu\/wp-content\/uploads\/2024\/10\/0603201.png\",\"width\":2741,\"height\":1828},{\"@type\":\"BreadcrumbList\",\"@id\":\"https:\/\/megapets.eu\/cs\/wije-cs\/anadenobolus-monilicorniskrokodyl-pripominajici-vcelu\/#breadcrumb\",\"itemListElement\":[{\"@type\":\"ListItem\",\"position\":1,\"name\":\"Strona g\u0142\u00f3wna\",\"item\":\"https:\/\/megapets.eu\/cs\/\"},{\"@type\":\"ListItem\",\"position\":2,\"name\":\"Obchod\",\"item\":\"https:\/\/megapets.eu\/obchod\/\"},{\"@type\":\"ListItem\",\"position\":3,\"name\":\"Anadenobolus monilicornis&#8222;Mnohono\u017eka, p\u0159ipom\u00ednaj\u00edc\u00ed v\u010delu\\\"\"}]},{\"@type\":\"WebSite\",\"@id\":\"https:\/\/megapets.eu\/cs\/#website\",\"url\":\"https:\/\/megapets.eu\/cs\/\",\"name\":\"Mega Pets\",\"description\":\"Jedna z najwi\u0119kszych hodowli \u015blimak\u00f3w w Europie\",\"publisher\":{\"@id\":\"https:\/\/megapets.eu\/cs\/#organization\"},\"alternateName\":\"Mega Pets\",\"potentialAction\":[{\"@type\":\"SearchAction\",\"target\":{\"@type\":\"EntryPoint\",\"urlTemplate\":\"https:\/\/megapets.eu\/cs\/?s={search_term_string}\"},\"query-input\":{\"@type\":\"PropertyValueSpecification\",\"valueRequired\":true,\"valueName\":\"search_term_string\"}}],\"inLanguage\":\"cs\"},{\"@type\":\"Organization\",\"@id\":\"https:\/\/megapets.eu\/cs\/#organization\",\"name\":\"Mega Pets\",\"url\":\"https:\/\/megapets.eu\/cs\/\",\"logo\":{\"@type\":\"ImageObject\",\"inLanguage\":\"cs\",\"@id\":\"https:\/\/megapets.eu\/cs\/#\/schema\/logo\/image\/\",\"url\":\"https:\/\/megapets.eu\/wp-content\/uploads\/2025\/04\/megapets_eu-logo.png\",\"contentUrl\":\"https:\/\/megapets.eu\/wp-content\/uploads\/2025\/04\/megapets_eu-logo.png\",\"width\":2362,\"height\":2362,\"caption\":\"Mega Pets\"},\"image\":{\"@id\":\"https:\/\/megapets.eu\/cs\/#\/schema\/logo\/image\/\"},\"sameAs\":[\"https:\/\/www.facebook.com\/MegaPets.eu\/\"]}]}<\/script>\n<!-- \/ Yoast SEO plugin. -->","yoast_head_json":{"title":"Anadenobolus monilicornis\"Mnohono\u017eka, p\u0159ipom\u00ednaj\u00edc\u00ed v\u010delu\" | MegaPets","robots":{"index":"index","follow":"follow","max-snippet":"max-snippet:-1","max-image-preview":"max-image-preview:large","max-video-preview":"max-video-preview:-1"},"canonical":"https:\/\/megapets.eu\/cs\/wije-cs\/anadenobolus-monilicorniskrokodyl-pripominajici-vcelu\/","og_locale":"cs_CZ","og_type":"article","og_title":"Anadenobolus monilicornis\"Mnohono\u017eka, p\u0159ipom\u00ednaj\u00edc\u00ed v\u010delu\" | MegaPets","og_description":"Velikost ter\u010de: cca 7 cm  Nab\u00edzen\u00fd juveniln\u00ed: cca 3-4 cm  Cena plat\u00ed pro: 1 ks","og_url":"https:\/\/megapets.eu\/cs\/wije-cs\/anadenobolus-monilicorniskrokodyl-pripominajici-vcelu\/","og_site_name":"MegaPets","article_publisher":"https:\/\/www.facebook.com\/MegaPets.eu\/","article_modified_time":"2025-08-13T14:59:37+00:00","og_image":[{"width":1024,"height":683,"url":"https:\/\/megapets.eu\/wp-content\/uploads\/2024\/10\/0603201-1024x683.png","type":"image\/png"}],"twitter_card":"summary_large_image","twitter_misc":{"Odhadovan\u00e1 doba \u010dten\u00ed":"1 minuta"},"schema":{"@context":"https:\/\/schema.org","@graph":[{"@type":"WebPage","@id":"https:\/\/megapets.eu\/cs\/wije-cs\/anadenobolus-monilicorniskrokodyl-pripominajici-vcelu\/","url":"https:\/\/megapets.eu\/cs\/wije-cs\/anadenobolus-monilicorniskrokodyl-pripominajici-vcelu\/","name":"Anadenobolus monilicornis \"Mnohono\u017eka, p\u0159ipom\u00ednaj\u00edc\u00ed v\u010delu\" | MegaPets","isPartOf":{"@id":"https:\/\/megapets.eu\/cs\/#website"},"primaryImageOfPage":{"@id":"https:\/\/megapets.eu\/cs\/wije-cs\/anadenobolus-monilicorniskrokodyl-pripominajici-vcelu\/#primaryimage"},"image":{"@id":"https:\/\/megapets.eu\/cs\/wije-cs\/anadenobolus-monilicorniskrokodyl-pripominajici-vcelu\/#primaryimage"},"thumbnailUrl":"https:\/\/megapets.eu\/wp-content\/uploads\/2024\/10\/0603201.png","datePublished":"2024-10-09T06:52:09+00:00","dateModified":"2025-08-13T14:59:37+00:00","breadcrumb":{"@id":"https:\/\/megapets.eu\/cs\/wije-cs\/anadenobolus-monilicorniskrokodyl-pripominajici-vcelu\/#breadcrumb"},"inLanguage":"cs","potentialAction":[{"@type":"ReadAction","target":["https:\/\/megapets.eu\/cs\/wije-cs\/anadenobolus-monilicorniskrokodyl-pripominajici-vcelu\/"]}]},{"@type":"ImageObject","inLanguage":"cs","@id":"https:\/\/megapets.eu\/cs\/wije-cs\/anadenobolus-monilicorniskrokodyl-pripominajici-vcelu\/#primaryimage","url":"https:\/\/megapets.eu\/wp-content\/uploads\/2024\/10\/0603201.png","contentUrl":"https:\/\/megapets.eu\/wp-content\/uploads\/2024\/10\/0603201.png","width":2741,"height":1828},{"@type":"BreadcrumbList","@id":"https:\/\/megapets.eu\/cs\/wije-cs\/anadenobolus-monilicorniskrokodyl-pripominajici-vcelu\/#breadcrumb","itemListElement":[{"@type":"ListItem","position":1,"name":"Strona g\u0142\u00f3wna","item":"https:\/\/megapets.eu\/cs\/"},{"@type":"ListItem","position":2,"name":"Obchod","item":"https:\/\/megapets.eu\/obchod\/"},{"@type":"ListItem","position":3,"name":"Anadenobolus monilicornis&#8222;Mnohono\u017eka, p\u0159ipom\u00ednaj\u00edc\u00ed v\u010delu\""}]},{"@type":"WebSite","@id":"https:\/\/megapets.eu\/cs\/#website","url":"https:\/\/megapets.eu\/cs\/","name":"Mega Pets","description":"Jedna z najwi\u0119kszych hodowli \u015blimak\u00f3w w Europie","publisher":{"@id":"https:\/\/megapets.eu\/cs\/#organization"},"alternateName":"Mega Pets","potentialAction":[{"@type":"SearchAction","target":{"@type":"EntryPoint","urlTemplate":"https:\/\/megapets.eu\/cs\/?s={search_term_string}"},"query-input":{"@type":"PropertyValueSpecification","valueRequired":true,"valueName":"search_term_string"}}],"inLanguage":"cs"},{"@type":"Organization","@id":"https:\/\/megapets.eu\/cs\/#organization","name":"Mega Pets","url":"https:\/\/megapets.eu\/cs\/","logo":{"@type":"ImageObject","inLanguage":"cs","@id":"https:\/\/megapets.eu\/cs\/#\/schema\/logo\/image\/","url":"https:\/\/megapets.eu\/wp-content\/uploads\/2025\/04\/megapets_eu-logo.png","contentUrl":"https:\/\/megapets.eu\/wp-content\/uploads\/2025\/04\/megapets_eu-logo.png","width":2362,"height":2362,"caption":"Mega Pets"},"image":{"@id":"https:\/\/megapets.eu\/cs\/#\/schema\/logo\/image\/"},"sameAs":["https:\/\/www.facebook.com\/MegaPets.eu\/"]}]}},"_links":{"self":[{"href":"https:\/\/megapets.eu\/cs\/wp-json\/wp\/v2\/product\/6490","targetHints":{"allow":["GET"]}}],"collection":[{"href":"https:\/\/megapets.eu\/cs\/wp-json\/wp\/v2\/product"}],"about":[{"href":"https:\/\/megapets.eu\/cs\/wp-json\/wp\/v2\/types\/product"}],"wp:featuredmedia":[{"embeddable":true,"href":"https:\/\/megapets.eu\/cs\/wp-json\/wp\/v2\/media\/6491"}],"wp:attachment":[{"href":"https:\/\/megapets.eu\/cs\/wp-json\/wp\/v2\/media?parent=6490"}],"wp:term":[{"taxonomy":"product_cat","embeddable":true,"href":"https:\/\/megapets.eu\/cs\/wp-json\/wp\/v2\/product_cat?post=6490"},{"taxonomy":"product_tag","embeddable":true,"href":"https:\/\/megapets.eu\/cs\/wp-json\/wp\/v2\/product_tag?post=6490"}],"curies":[{"name":"wp","href":"https:\/\/api.w.org\/{rel}","templated":true}]}}