{"id":6493,"date":"2024-10-04T20:40:09","date_gmt":"2024-10-04T20:40:09","guid":{"rendered":"https:\/\/megapets.eu\/neza\u0159azen\u00e9\/lesni-substrat-15-lpro-chov-krokodylu-a-zmiji\/"},"modified":"2024-10-04T20:40:09","modified_gmt":"2024-10-04T20:40:09","slug":"lesni-substrat-15-lpro-chov-krokodylu-a-zmiji","status":"publish","type":"product","link":"https:\/\/megapets.eu\/cs\/prislusenstvi\/lesni-substrat-15-lpro-chov-krokodylu-a-zmiji\/","title":{"rendered":"Lesn\u00ed substr\u00e1t 1,5 L<br \/>pro chov krokod\u00fdl\u016f a zmij\u00ed."},"content":{"rendered":"<p><strong><span style=\"color: #e87020; font-size: 15px;\"><em>Lesn\u00ed substr\u00e1t 1,5 l pro chov krokod\u00fdl\u016f a zmij\u00ed<\/em><\/span><\/strong><\/p>\n<p><strong><span style=\"color: #e87020; font-size: 15px;\"><em>Jedno balen\u00ed obsahuje 1,5 l.<\/em><\/span><\/strong><\/p>\n<p><strong><span style=\"color: #e87020; font-size: 15px;\"><em>Cena je za 1 balen\u00ed.<\/em><\/span><\/strong><\/p>\n<p><em><span style=\"color: #424242;\"><strong><span style=\"font-size: 15px;\">Vynikaj\u00edc\u00ed substr\u00e1t pro chov: zmij\u00ed; krokod\u00fdl\u016f; \u0161v\u00e1b\u016f; larev brouk\u016f; prozim\u016f. <\/span><\/strong><\/span><\/em><\/p>\n<p><em><span style=\"color: #424242;\"><strong><span style=\"font-size: 15px;\">Zas\u00edlan\u00fd substr\u00e1t je vlhk\u00fd (v\u017edy \u010derstv\u011b p\u0159ipraven\u00fd), proto jej doporu\u010dujeme pou\u017e\u00edt ihned po obdr\u017een\u00ed. <\/span><\/strong><\/span><\/em><\/p>\n<p><em><span style=\"color: #424242;\"><strong><span style=\"font-size: 15px;\">Slo\u017een\u00ed substr\u00e1tu: -dubov\u00e9 list\u00ed (tepeln\u011b upraven\u00e9); -b\u0159\u00edzov\u00e9 list\u00ed (tepeln\u011b upraven\u00e9); -hniloba dubov\u00e9ho d\u0159eva (tepeln\u011b upraven\u00e9); -hniloba bukov\u00e9ho d\u0159eva (tepeln\u011b upraven\u00e9); -dubov\u00e9 kostky (tepeln\u011b o\u0161et\u0159en\u00e9); -bukov\u00e9 kostky (tepeln\u011b o\u0161et\u0159en\u00e9); -korkov\u00e9 dubov\u00e9 l\u00fdko (tepeln\u011b o\u0161et\u0159en\u00e9); -neutr\u00e1ln\u00ed ra\u0161elina (tepeln\u011b o\u0161et\u0159en\u00e1); -kokosov\u00fd substr\u00e1t (tepeln\u011b o\u0161et\u0159en\u00fd).<\/span><\/strong><\/span><\/em><\/p>\n","protected":false},"excerpt":{"rendered":"<ul class=\"product_attributes\">\n<li><span style=\"color: #555555;\">Vynikaj\u00edc\u00ed substr\u00e1t pro p\u011bstov\u00e1n\u00ed<\/span><\/li>\n<li><span style=\"color: #555555;\">Balen\u00ed obsahuje:<\/span> 1,5 l<\/li>\n<li><span style=\"color: #555555;\">Cena plat\u00ed pro:<\/span> Cena plat\u00ed pro 1 balen\u00ed.<\/li>\n<\/ul>\n","protected":false},"featured_media":6495,"template":"","meta":{"_acf_changed":false,"_links_to":"","_links_to_target":""},"product_cat":[163],"product_tag":[166,165,167],"class_list":{"0":"post-6493","1":"product","2":"type-product","3":"status-publish","4":"has-post-thumbnail","6":"product_cat-prislusenstvi","7":"product_tag-pro-izopody","8":"product_tag-pro-lsti","9":"product_tag-pro-svaby","11":"first","12":"instock","13":"shipping-taxable","14":"purchasable","15":"product-type-simple"},"acf":[],"yoast_head":"<!-- This site is optimized with the Yoast SEO plugin v24.9 - https:\/\/yoast.com\/wordpress\/plugins\/seo\/ -->\n<title>Lesn\u00ed substr\u00e1t 1,5 Lpro chov krokod\u00fdl\u016f a zmij\u00ed. | MegaPets<\/title>\n<meta name=\"robots\" content=\"index, follow, max-snippet:-1, max-image-preview:large, max-video-preview:-1\" \/>\n<link rel=\"canonical\" href=\"https:\/\/megapets.eu\/cs\/prislusenstvi\/lesni-substrat-15-lpro-chov-krokodylu-a-zmiji\/\" \/>\n<meta property=\"og:locale\" content=\"cs_CZ\" \/>\n<meta property=\"og:type\" content=\"article\" \/>\n<meta property=\"og:title\" content=\"Lesn\u00ed substr\u00e1t 1,5 Lpro chov krokod\u00fdl\u016f a zmij\u00ed. | MegaPets\" \/>\n<meta property=\"og:description\" content=\"Vynikaj\u00edc\u00ed substr\u00e1t pro p\u011bstov\u00e1n\u00ed  Balen\u00ed obsahuje: 1,5 l  Cena plat\u00ed pro: Cena plat\u00ed pro 1 balen\u00ed.\" \/>\n<meta property=\"og:url\" content=\"https:\/\/megapets.eu\/cs\/prislusenstvi\/lesni-substrat-15-lpro-chov-krokodylu-a-zmiji\/\" \/>\n<meta property=\"og:site_name\" content=\"MegaPets\" \/>\n<meta property=\"article:publisher\" content=\"https:\/\/www.facebook.com\/MegaPets.eu\/\" \/>\n<meta property=\"og:image\" content=\"https:\/\/megapets.eu\/wp-content\/uploads\/2024\/10\/Grunt-4-scaled.jpg\" \/>\n\t<meta property=\"og:image:width\" content=\"2560\" \/>\n\t<meta property=\"og:image:height\" content=\"1920\" \/>\n\t<meta property=\"og:image:type\" content=\"image\/jpeg\" \/>\n<meta name=\"twitter:card\" content=\"summary_large_image\" \/>\n<meta name=\"twitter:label1\" content=\"Odhadovan\u00e1 doba \u010dten\u00ed\" \/>\n\t<meta name=\"twitter:data1\" content=\"1 minuta\" \/>\n<script type=\"application\/ld+json\" class=\"yoast-schema-graph\">{\"@context\":\"https:\/\/schema.org\",\"@graph\":[{\"@type\":\"WebPage\",\"@id\":\"https:\/\/megapets.eu\/cs\/prislusenstvi\/lesni-substrat-15-lpro-chov-krokodylu-a-zmiji\/\",\"url\":\"https:\/\/megapets.eu\/cs\/prislusenstvi\/lesni-substrat-15-lpro-chov-krokodylu-a-zmiji\/\",\"name\":\"Lesn\u00ed substr\u00e1t 1,5 L pro chov krokod\u00fdl\u016f a zmij\u00ed. | MegaPets\",\"isPartOf\":{\"@id\":\"https:\/\/megapets.eu\/cs\/#website\"},\"primaryImageOfPage\":{\"@id\":\"https:\/\/megapets.eu\/cs\/prislusenstvi\/lesni-substrat-15-lpro-chov-krokodylu-a-zmiji\/#primaryimage\"},\"image\":{\"@id\":\"https:\/\/megapets.eu\/cs\/prislusenstvi\/lesni-substrat-15-lpro-chov-krokodylu-a-zmiji\/#primaryimage\"},\"thumbnailUrl\":\"https:\/\/megapets.eu\/wp-content\/uploads\/2024\/10\/Grunt-4-scaled.jpg\",\"datePublished\":\"2024-10-04T20:40:09+00:00\",\"breadcrumb\":{\"@id\":\"https:\/\/megapets.eu\/cs\/prislusenstvi\/lesni-substrat-15-lpro-chov-krokodylu-a-zmiji\/#breadcrumb\"},\"inLanguage\":\"cs\",\"potentialAction\":[{\"@type\":\"ReadAction\",\"target\":[\"https:\/\/megapets.eu\/cs\/prislusenstvi\/lesni-substrat-15-lpro-chov-krokodylu-a-zmiji\/\"]}]},{\"@type\":\"ImageObject\",\"inLanguage\":\"cs\",\"@id\":\"https:\/\/megapets.eu\/cs\/prislusenstvi\/lesni-substrat-15-lpro-chov-krokodylu-a-zmiji\/#primaryimage\",\"url\":\"https:\/\/megapets.eu\/wp-content\/uploads\/2024\/10\/Grunt-4-scaled.jpg\",\"contentUrl\":\"https:\/\/megapets.eu\/wp-content\/uploads\/2024\/10\/Grunt-4-scaled.jpg\",\"width\":2560,\"height\":1920},{\"@type\":\"BreadcrumbList\",\"@id\":\"https:\/\/megapets.eu\/cs\/prislusenstvi\/lesni-substrat-15-lpro-chov-krokodylu-a-zmiji\/#breadcrumb\",\"itemListElement\":[{\"@type\":\"ListItem\",\"position\":1,\"name\":\"Strona g\u0142\u00f3wna\",\"item\":\"https:\/\/megapets.eu\/cs\/\"},{\"@type\":\"ListItem\",\"position\":2,\"name\":\"Obchod\",\"item\":\"https:\/\/megapets.eu\/obchod\/\"},{\"@type\":\"ListItem\",\"position\":3,\"name\":\"Lesn\u00ed substr\u00e1t 1,5 Lpro chov krokod\u00fdl\u016f a zmij\u00ed.\"}]},{\"@type\":\"WebSite\",\"@id\":\"https:\/\/megapets.eu\/cs\/#website\",\"url\":\"https:\/\/megapets.eu\/cs\/\",\"name\":\"Mega Pets\",\"description\":\"Jedna z najwi\u0119kszych hodowli \u015blimak\u00f3w w Europie\",\"publisher\":{\"@id\":\"https:\/\/megapets.eu\/cs\/#organization\"},\"alternateName\":\"Mega Pets\",\"potentialAction\":[{\"@type\":\"SearchAction\",\"target\":{\"@type\":\"EntryPoint\",\"urlTemplate\":\"https:\/\/megapets.eu\/cs\/?s={search_term_string}\"},\"query-input\":{\"@type\":\"PropertyValueSpecification\",\"valueRequired\":true,\"valueName\":\"search_term_string\"}}],\"inLanguage\":\"cs\"},{\"@type\":\"Organization\",\"@id\":\"https:\/\/megapets.eu\/cs\/#organization\",\"name\":\"Mega Pets\",\"url\":\"https:\/\/megapets.eu\/cs\/\",\"logo\":{\"@type\":\"ImageObject\",\"inLanguage\":\"cs\",\"@id\":\"https:\/\/megapets.eu\/cs\/#\/schema\/logo\/image\/\",\"url\":\"https:\/\/megapets.eu\/wp-content\/uploads\/2025\/04\/megapets_eu-logo.png\",\"contentUrl\":\"https:\/\/megapets.eu\/wp-content\/uploads\/2025\/04\/megapets_eu-logo.png\",\"width\":2362,\"height\":2362,\"caption\":\"Mega Pets\"},\"image\":{\"@id\":\"https:\/\/megapets.eu\/cs\/#\/schema\/logo\/image\/\"},\"sameAs\":[\"https:\/\/www.facebook.com\/MegaPets.eu\/\"]}]}<\/script>\n<!-- \/ Yoast SEO plugin. -->","yoast_head_json":{"title":"Lesn\u00ed substr\u00e1t 1,5 Lpro chov krokod\u00fdl\u016f a zmij\u00ed. | MegaPets","robots":{"index":"index","follow":"follow","max-snippet":"max-snippet:-1","max-image-preview":"max-image-preview:large","max-video-preview":"max-video-preview:-1"},"canonical":"https:\/\/megapets.eu\/cs\/prislusenstvi\/lesni-substrat-15-lpro-chov-krokodylu-a-zmiji\/","og_locale":"cs_CZ","og_type":"article","og_title":"Lesn\u00ed substr\u00e1t 1,5 Lpro chov krokod\u00fdl\u016f a zmij\u00ed. | MegaPets","og_description":"Vynikaj\u00edc\u00ed substr\u00e1t pro p\u011bstov\u00e1n\u00ed  Balen\u00ed obsahuje: 1,5 l  Cena plat\u00ed pro: Cena plat\u00ed pro 1 balen\u00ed.","og_url":"https:\/\/megapets.eu\/cs\/prislusenstvi\/lesni-substrat-15-lpro-chov-krokodylu-a-zmiji\/","og_site_name":"MegaPets","article_publisher":"https:\/\/www.facebook.com\/MegaPets.eu\/","og_image":[{"width":2560,"height":1920,"url":"https:\/\/megapets.eu\/wp-content\/uploads\/2024\/10\/Grunt-4-scaled.jpg","type":"image\/jpeg"}],"twitter_card":"summary_large_image","twitter_misc":{"Odhadovan\u00e1 doba \u010dten\u00ed":"1 minuta"},"schema":{"@context":"https:\/\/schema.org","@graph":[{"@type":"WebPage","@id":"https:\/\/megapets.eu\/cs\/prislusenstvi\/lesni-substrat-15-lpro-chov-krokodylu-a-zmiji\/","url":"https:\/\/megapets.eu\/cs\/prislusenstvi\/lesni-substrat-15-lpro-chov-krokodylu-a-zmiji\/","name":"Lesn\u00ed substr\u00e1t 1,5 L pro chov krokod\u00fdl\u016f a zmij\u00ed. | MegaPets","isPartOf":{"@id":"https:\/\/megapets.eu\/cs\/#website"},"primaryImageOfPage":{"@id":"https:\/\/megapets.eu\/cs\/prislusenstvi\/lesni-substrat-15-lpro-chov-krokodylu-a-zmiji\/#primaryimage"},"image":{"@id":"https:\/\/megapets.eu\/cs\/prislusenstvi\/lesni-substrat-15-lpro-chov-krokodylu-a-zmiji\/#primaryimage"},"thumbnailUrl":"https:\/\/megapets.eu\/wp-content\/uploads\/2024\/10\/Grunt-4-scaled.jpg","datePublished":"2024-10-04T20:40:09+00:00","breadcrumb":{"@id":"https:\/\/megapets.eu\/cs\/prislusenstvi\/lesni-substrat-15-lpro-chov-krokodylu-a-zmiji\/#breadcrumb"},"inLanguage":"cs","potentialAction":[{"@type":"ReadAction","target":["https:\/\/megapets.eu\/cs\/prislusenstvi\/lesni-substrat-15-lpro-chov-krokodylu-a-zmiji\/"]}]},{"@type":"ImageObject","inLanguage":"cs","@id":"https:\/\/megapets.eu\/cs\/prislusenstvi\/lesni-substrat-15-lpro-chov-krokodylu-a-zmiji\/#primaryimage","url":"https:\/\/megapets.eu\/wp-content\/uploads\/2024\/10\/Grunt-4-scaled.jpg","contentUrl":"https:\/\/megapets.eu\/wp-content\/uploads\/2024\/10\/Grunt-4-scaled.jpg","width":2560,"height":1920},{"@type":"BreadcrumbList","@id":"https:\/\/megapets.eu\/cs\/prislusenstvi\/lesni-substrat-15-lpro-chov-krokodylu-a-zmiji\/#breadcrumb","itemListElement":[{"@type":"ListItem","position":1,"name":"Strona g\u0142\u00f3wna","item":"https:\/\/megapets.eu\/cs\/"},{"@type":"ListItem","position":2,"name":"Obchod","item":"https:\/\/megapets.eu\/obchod\/"},{"@type":"ListItem","position":3,"name":"Lesn\u00ed substr\u00e1t 1,5 Lpro chov krokod\u00fdl\u016f a zmij\u00ed."}]},{"@type":"WebSite","@id":"https:\/\/megapets.eu\/cs\/#website","url":"https:\/\/megapets.eu\/cs\/","name":"Mega Pets","description":"Jedna z najwi\u0119kszych hodowli \u015blimak\u00f3w w Europie","publisher":{"@id":"https:\/\/megapets.eu\/cs\/#organization"},"alternateName":"Mega Pets","potentialAction":[{"@type":"SearchAction","target":{"@type":"EntryPoint","urlTemplate":"https:\/\/megapets.eu\/cs\/?s={search_term_string}"},"query-input":{"@type":"PropertyValueSpecification","valueRequired":true,"valueName":"search_term_string"}}],"inLanguage":"cs"},{"@type":"Organization","@id":"https:\/\/megapets.eu\/cs\/#organization","name":"Mega Pets","url":"https:\/\/megapets.eu\/cs\/","logo":{"@type":"ImageObject","inLanguage":"cs","@id":"https:\/\/megapets.eu\/cs\/#\/schema\/logo\/image\/","url":"https:\/\/megapets.eu\/wp-content\/uploads\/2025\/04\/megapets_eu-logo.png","contentUrl":"https:\/\/megapets.eu\/wp-content\/uploads\/2025\/04\/megapets_eu-logo.png","width":2362,"height":2362,"caption":"Mega Pets"},"image":{"@id":"https:\/\/megapets.eu\/cs\/#\/schema\/logo\/image\/"},"sameAs":["https:\/\/www.facebook.com\/MegaPets.eu\/"]}]}},"_links":{"self":[{"href":"https:\/\/megapets.eu\/cs\/wp-json\/wp\/v2\/product\/6493","targetHints":{"allow":["GET"]}}],"collection":[{"href":"https:\/\/megapets.eu\/cs\/wp-json\/wp\/v2\/product"}],"about":[{"href":"https:\/\/megapets.eu\/cs\/wp-json\/wp\/v2\/types\/product"}],"wp:featuredmedia":[{"embeddable":true,"href":"https:\/\/megapets.eu\/cs\/wp-json\/wp\/v2\/media\/6495"}],"wp:attachment":[{"href":"https:\/\/megapets.eu\/cs\/wp-json\/wp\/v2\/media?parent=6493"}],"wp:term":[{"taxonomy":"product_cat","embeddable":true,"href":"https:\/\/megapets.eu\/cs\/wp-json\/wp\/v2\/product_cat?post=6493"},{"taxonomy":"product_tag","embeddable":true,"href":"https:\/\/megapets.eu\/cs\/wp-json\/wp\/v2\/product_tag?post=6493"}],"curies":[{"name":"wp","href":"https:\/\/api.w.org\/{rel}","templated":true}]}}