{"id":6506,"date":"2024-10-03T17:33:30","date_gmt":"2024-10-03T17:33:30","guid":{"rendered":"https:\/\/megapets.eu\/neza\u0159azen\u00e9\/20l-startovaci-sada-pro-chovexotickych-africkych-sneku\/"},"modified":"2024-10-03T17:33:30","modified_gmt":"2024-10-03T17:33:30","slug":"20l-startovaci-sada-pro-chovexotickych-africkych-sneku","status":"publish","type":"product","link":"https:\/\/megapets.eu\/cs\/prislusenstvi\/20l-startovaci-sada-pro-chovexotickych-africkych-sneku\/","title":{"rendered":"20l startovac\u00ed sada pro chov<br \/>exotick\u00fdch \/ africk\u00fdch \u0161nek\u016f"},"content":{"rendered":"<p><em><span style=\"color: #424242;\"><strong>Sada &#8222;Startovac\u00ed sada 20 l pro chov exotick\u00fdch \/ africk\u00fdch \u0161nek\u016f&#8220; obsahuje:<\/strong><\/span><\/em><\/p>\n<ul>\n<li><em><strong><span style=\"color: #e87020; font-size: 17px;\">1 ks x plastov\u00e1 n\u00e1doba s ven<span style=\"color: #e87020;\">tyl<\/span>ak\u010dn\u00edmi otvory pro chov exotick\u00fdch \u0161nek\u016f.<\/span><\/strong><\/em><\/li>\n<\/ul>\n<p><em><span style=\"color: #424242; font-size: 15px;\"><strong>20 L n\u00e1doba s v\u00edkem. Vnit\u0159n\u00ed v\u011btrac\u00ed otvory n\u00e1doby jsou hladk\u00e9, bez ostr\u00fdch hran.<\/strong><\/span><\/em><\/p>\n<p><em><span style=\"color: #424242; font-size: 15px;\"><strong>\u0160\u00ed\u0159ka: 33 cm &#8211; naho\u0159e; 26 cm &#8211; dole;<\/strong><\/span><\/em><\/p>\n<p><em><span style=\"color: #424242; font-size: 15px;\"><strong>D\u00e9lka: 42,5 cm &#8211; naho\u0159e; 34,5 cm &#8211; dole;<\/strong><\/span><\/em><\/p>\n<p><em><span style=\"color: #424242; font-size: 15px;\"><strong>V\u00fd\u0161ka: 21, 3 cm.<\/strong><\/span><\/em><\/p>\n<ul>\n<li><em><strong><span style=\"color: #e87020; font-size: 17px;\">1 ks x Sepia &#8211; s\u00e9piov\u00e1 kost 12-15 cm.<\/span><\/strong><\/em><\/li>\n<\/ul>\n<p><em><span style=\"color: #424242; font-size: 15px;\"><strong>100% p\u0159\u00edrodn\u00ed s\u00e9piov\u00e1 kost, zdroj v\u00e1pn\u00edku pro exotick\u00e9 \u0161neky, \u017eelvy a dal\u0161\u00ed terarijn\u00ed zv\u00ed\u0159ata.<\/strong><\/span><\/em><\/p>\n<ul>\n<li><em><strong><span style=\"font-size: 17px;\"><span style=\"color: #e87020;\">3 ks x kokosov\u00fd substr\u00e1t 1,5 l\/1 balen\u00ed. <\/span><\/span><\/strong><\/em><\/li>\n<\/ul>\n<p><em><span style=\"color: #424242; font-size: 15px;\"><strong>Kokosov\u00fd substr\u00e1t je p\u0159\u00edrodn\u00ed substr\u00e1t z drcen\u00fdch kokosov\u00fdch vl\u00e1ken. Nejdoporu\u010dovan\u011bj\u0161\u00ed substr\u00e1t pro chov exotick\u00fdch \u0161nek\u016f.<\/strong><\/span><\/em><\/p>\n<ul>\n<li><em><strong><span style=\"font-size: 17px;\"><span style=\"color: #e87020;\">1 ks \/ balen\u00ed &#8222;V\u00e1pn\u00edk&#8220; 80g. <\/span><\/span><\/strong><\/em><\/li>\n<\/ul>\n<p><em><span style=\"color: #424242; font-size: 15px;\"><strong>Denn\u00ed strava \u0161neka mus\u00ed obsahovat z\u00e1kladn\u00ed stavebn\u00ed k\u00e1men pro kr\u00e1snou a zdravou ulitu. Balen\u00ed &#8222;Calcium&#8220; obsahuje 100% pr\u00e1\u0161ek z vaje\u010dn\u00e9 sko\u0159\u00e1pky.<\/strong><\/span><\/em><\/p>\n<ul>\n<li><em><strong><span style=\"font-size: 17px;\"><span style=\"color: #e87020;\">1 x balen\u00ed &#8222;Protein a vitam\u00edn&#8220; 50g.<\/span><\/span><\/strong><\/em><\/li>\n<\/ul>\n<p><em><span style=\"color: #424242; font-size: 15px;\"><strong>Balen\u00ed &#8222;Protein a vitam\u00edn&#8220; obsahuje sm\u011bs zrn plnou cenn\u00fdch \u017eivin pro zdrav\u00fd v\u00fdvoj va\u0161eho zv\u00ed\u0159ete a je prosp\u011b\u0161n\u00fdm dopl\u0148kem z\u00e1kladn\u00ed stravy \u0161nek\u016f.<\/strong><\/span><\/em><\/p>\n<ul>\n<li><em><strong><span style=\"font-size: 17px;\"><span style=\"color: #e87020;\">1 ks x balen\u00ed &#8222;Exotick\u00e1 bylinn\u00e1 sm\u011bs&#8220; 40g.<\/span><\/span><\/strong><\/em><\/li>\n<\/ul>\n<p><em><span style=\"color: #424242; font-size: 15px;\"><strong>Balen\u00ed &#8222;Exotick\u00e1 bylinn\u00e1 sm\u011bs&#8220; obsahuje pe\u010dliv\u011b vybran\u00e9 byliny, cenn\u00fd a p\u0159\u00edrodn\u00ed dopln\u011bk, kter\u00fd pom\u00e1h\u00e1 obohatit stravu exotick\u00fdch \u0161nek\u016f na z\u00e1klad\u011b jejich po\u017eadavk\u016f na vitam\u00edny a miner\u00e1ly, slo\u017eky nezbytn\u00e9 pro zdrav\u00ed dom\u00e1c\u00edch zv\u00ed\u0159at.<\/strong><\/span><\/em><\/p>\n<ul>\n<li><em><strong><span style=\"font-size: 17px;\"><span style=\"color: #e87020;\">Sada obsahuje: 1 ks x n\u00e1vod k chovu.<\/span><\/span><\/strong><\/em><\/li>\n<\/ul>\n<p><em><span style=\"color: #424242; font-size: 15px;\"><strong>Pro uzav\u0159en\u00ed Z\u00c1KLADN\u00cdHO BOXU je t\u0159eba: 1. stiskn\u011bte \u00fachyty v\u00edka na obou stran\u00e1ch. 2. podr\u017eet stisknut\u00e9 \u00fachyty po dobu 5-10 sekund a pot\u00e9 zav\u0159\u00edt v\u00edko kontejneru.<\/strong><\/span><\/em><\/p>\n<p><em><span style=\"color: #424242; font-size: 15px;\"><strong>Pozn\u00e1mka: v chovu pou\u017e\u00edv\u00e1me speci\u00e1ln\u00ed za\u0159\u00edzen\u00ed vyroben\u00e9 na zak\u00e1zku pro kvalitn\u00ed a hladk\u00e9 d\u011brov\u00e1n\u00ed kontejner\u016f. Pokud ji\u017e m\u00e1te plastovou n\u00e1dobu a sna\u017e\u00edte se otvory prod\u011brav\u011bt sami, odstra\u0148te ostr\u00e9 hrany a otvory dob\u0159e zbruste. Ml\u00e1\u010fata maj\u00ed jemn\u00fd porost nov\u00e9ho krun\u00fd\u0159e, o kter\u00fd se mohou p\u0159i p\u0159ech\u00e1zen\u00ed po ostr\u00fdch hran\u00e1ch \u0161patn\u011b proveden\u00fdch otvor\u016f zachytit. To m\u016f\u017ee m\u00edt za n\u00e1sledek zjizven\u00ed ulity \u0161neka a ztr\u00e1tu estetick\u00e9ho a zdrav\u00e9ho vzhledu.<\/strong><\/span><\/em><\/p>\n<p><em><span style=\"color: #424242; font-size: 15px;\"><strong>Pozn\u00e1mka: n\u00e1doby od mnoha firem NEN\u00cd vhodn\u00e9 pro chov \u0161nek\u016f kv\u016fli vnit\u0159n\u00ed konstrukci a zp\u016fsobu zaklapnut\u00ed v\u00edka. N\u00e1doby doporu\u010dujeme od spole\u010dnosti Plast Team.<\/strong><\/span><\/em><\/p>\n","protected":false},"excerpt":{"rendered":"<ul class=\"product_attributes\">\n<li><span style=\"color: #555555;\"><strong>Vhodn\u011b zvolen\u00e9 z\u00e1kladn\u00ed p\u0159\u00edslu\u0161enstv\u00ed<\/strong><\/span><\/li>\n<li><span style=\"color: #555555;\"><strong>Le\u0161t\u011bn\u00e9 v\u011btrac\u00ed otvory<\/strong><\/span><\/li>\n<li><span style=\"color: #555555;\"><strong>Spr\u00e1vn\u00e1 cirkulace vzduchu<\/strong><\/span><\/li>\n<\/ul>\n","protected":false},"featured_media":6507,"template":"","meta":{"_acf_changed":false,"_links_to":"","_links_to_target":""},"product_cat":[163],"product_tag":[164],"class_list":{"0":"post-6506","1":"product","2":"type-product","3":"status-publish","4":"has-post-thumbnail","6":"product_cat-prislusenstvi","7":"product_tag-pro-hlemyzde","9":"first","10":"instock","11":"shipping-taxable","12":"purchasable","13":"product-type-simple"},"acf":[],"yoast_head":"<!-- This site is optimized with the Yoast SEO plugin v24.9 - https:\/\/yoast.com\/wordpress\/plugins\/seo\/ -->\n<title>20l startovac\u00ed sada pro chovexotick\u00fdch \/ africk\u00fdch \u0161nek\u016f | MegaPets<\/title>\n<meta name=\"robots\" content=\"index, follow, max-snippet:-1, max-image-preview:large, max-video-preview:-1\" \/>\n<link rel=\"canonical\" href=\"https:\/\/megapets.eu\/cs\/prislusenstvi\/20l-startovaci-sada-pro-chovexotickych-africkych-sneku\/\" \/>\n<meta property=\"og:locale\" content=\"cs_CZ\" \/>\n<meta property=\"og:type\" content=\"article\" \/>\n<meta property=\"og:title\" content=\"20l startovac\u00ed sada pro chovexotick\u00fdch \/ africk\u00fdch \u0161nek\u016f | MegaPets\" \/>\n<meta property=\"og:description\" content=\"Vhodn\u011b zvolen\u00e9 z\u00e1kladn\u00ed p\u0159\u00edslu\u0161enstv\u00ed  Le\u0161t\u011bn\u00e9 v\u011btrac\u00ed otvory  Spr\u00e1vn\u00e1 cirkulace vzduchu\" \/>\n<meta property=\"og:url\" content=\"https:\/\/megapets.eu\/cs\/prislusenstvi\/20l-startovaci-sada-pro-chovexotickych-africkych-sneku\/\" \/>\n<meta property=\"og:site_name\" content=\"MegaPets\" \/>\n<meta property=\"article:publisher\" content=\"https:\/\/www.facebook.com\/MegaPets.eu\/\" \/>\n<meta property=\"og:image\" content=\"https:\/\/megapets.eu\/wp-content\/uploads\/2024\/10\/Glowne-Basic-20-L.png\" \/>\n\t<meta property=\"og:image:width\" content=\"1052\" \/>\n\t<meta property=\"og:image:height\" content=\"705\" \/>\n\t<meta property=\"og:image:type\" content=\"image\/png\" \/>\n<meta name=\"twitter:card\" content=\"summary_large_image\" \/>\n<meta name=\"twitter:label1\" content=\"Odhadovan\u00e1 doba \u010dten\u00ed\" \/>\n\t<meta name=\"twitter:data1\" content=\"2 minuta\" \/>\n<script type=\"application\/ld+json\" class=\"yoast-schema-graph\">{\"@context\":\"https:\/\/schema.org\",\"@graph\":[{\"@type\":\"WebPage\",\"@id\":\"https:\/\/megapets.eu\/cs\/prislusenstvi\/20l-startovaci-sada-pro-chovexotickych-africkych-sneku\/\",\"url\":\"https:\/\/megapets.eu\/cs\/prislusenstvi\/20l-startovaci-sada-pro-chovexotickych-africkych-sneku\/\",\"name\":\"20l startovac\u00ed sada pro chov exotick\u00fdch \/ africk\u00fdch \u0161nek\u016f | MegaPets\",\"isPartOf\":{\"@id\":\"https:\/\/megapets.eu\/cs\/#website\"},\"primaryImageOfPage\":{\"@id\":\"https:\/\/megapets.eu\/cs\/prislusenstvi\/20l-startovaci-sada-pro-chovexotickych-africkych-sneku\/#primaryimage\"},\"image\":{\"@id\":\"https:\/\/megapets.eu\/cs\/prislusenstvi\/20l-startovaci-sada-pro-chovexotickych-africkych-sneku\/#primaryimage\"},\"thumbnailUrl\":\"https:\/\/megapets.eu\/wp-content\/uploads\/2024\/10\/Glowne-Basic-20-L.png\",\"datePublished\":\"2024-10-03T17:33:30+00:00\",\"breadcrumb\":{\"@id\":\"https:\/\/megapets.eu\/cs\/prislusenstvi\/20l-startovaci-sada-pro-chovexotickych-africkych-sneku\/#breadcrumb\"},\"inLanguage\":\"cs\",\"potentialAction\":[{\"@type\":\"ReadAction\",\"target\":[\"https:\/\/megapets.eu\/cs\/prislusenstvi\/20l-startovaci-sada-pro-chovexotickych-africkych-sneku\/\"]}]},{\"@type\":\"ImageObject\",\"inLanguage\":\"cs\",\"@id\":\"https:\/\/megapets.eu\/cs\/prislusenstvi\/20l-startovaci-sada-pro-chovexotickych-africkych-sneku\/#primaryimage\",\"url\":\"https:\/\/megapets.eu\/wp-content\/uploads\/2024\/10\/Glowne-Basic-20-L.png\",\"contentUrl\":\"https:\/\/megapets.eu\/wp-content\/uploads\/2024\/10\/Glowne-Basic-20-L.png\",\"width\":1052,\"height\":705},{\"@type\":\"BreadcrumbList\",\"@id\":\"https:\/\/megapets.eu\/cs\/prislusenstvi\/20l-startovaci-sada-pro-chovexotickych-africkych-sneku\/#breadcrumb\",\"itemListElement\":[{\"@type\":\"ListItem\",\"position\":1,\"name\":\"Strona g\u0142\u00f3wna\",\"item\":\"https:\/\/megapets.eu\/cs\/\"},{\"@type\":\"ListItem\",\"position\":2,\"name\":\"Obchod\",\"item\":\"https:\/\/megapets.eu\/obchod\/\"},{\"@type\":\"ListItem\",\"position\":3,\"name\":\"20l startovac\u00ed sada pro chovexotick\u00fdch \/ africk\u00fdch \u0161nek\u016f\"}]},{\"@type\":\"WebSite\",\"@id\":\"https:\/\/megapets.eu\/cs\/#website\",\"url\":\"https:\/\/megapets.eu\/cs\/\",\"name\":\"Mega Pets\",\"description\":\"Jedna z najwi\u0119kszych hodowli \u015blimak\u00f3w w Europie\",\"publisher\":{\"@id\":\"https:\/\/megapets.eu\/cs\/#organization\"},\"alternateName\":\"Mega Pets\",\"potentialAction\":[{\"@type\":\"SearchAction\",\"target\":{\"@type\":\"EntryPoint\",\"urlTemplate\":\"https:\/\/megapets.eu\/cs\/?s={search_term_string}\"},\"query-input\":{\"@type\":\"PropertyValueSpecification\",\"valueRequired\":true,\"valueName\":\"search_term_string\"}}],\"inLanguage\":\"cs\"},{\"@type\":\"Organization\",\"@id\":\"https:\/\/megapets.eu\/cs\/#organization\",\"name\":\"Mega Pets\",\"url\":\"https:\/\/megapets.eu\/cs\/\",\"logo\":{\"@type\":\"ImageObject\",\"inLanguage\":\"cs\",\"@id\":\"https:\/\/megapets.eu\/cs\/#\/schema\/logo\/image\/\",\"url\":\"https:\/\/megapets.eu\/wp-content\/uploads\/2025\/04\/megapets_eu-logo.png\",\"contentUrl\":\"https:\/\/megapets.eu\/wp-content\/uploads\/2025\/04\/megapets_eu-logo.png\",\"width\":2362,\"height\":2362,\"caption\":\"Mega Pets\"},\"image\":{\"@id\":\"https:\/\/megapets.eu\/cs\/#\/schema\/logo\/image\/\"},\"sameAs\":[\"https:\/\/www.facebook.com\/MegaPets.eu\/\"]}]}<\/script>\n<!-- \/ Yoast SEO plugin. -->","yoast_head_json":{"title":"20l startovac\u00ed sada pro chovexotick\u00fdch \/ africk\u00fdch \u0161nek\u016f | MegaPets","robots":{"index":"index","follow":"follow","max-snippet":"max-snippet:-1","max-image-preview":"max-image-preview:large","max-video-preview":"max-video-preview:-1"},"canonical":"https:\/\/megapets.eu\/cs\/prislusenstvi\/20l-startovaci-sada-pro-chovexotickych-africkych-sneku\/","og_locale":"cs_CZ","og_type":"article","og_title":"20l startovac\u00ed sada pro chovexotick\u00fdch \/ africk\u00fdch \u0161nek\u016f | MegaPets","og_description":"Vhodn\u011b zvolen\u00e9 z\u00e1kladn\u00ed p\u0159\u00edslu\u0161enstv\u00ed  Le\u0161t\u011bn\u00e9 v\u011btrac\u00ed otvory  Spr\u00e1vn\u00e1 cirkulace vzduchu","og_url":"https:\/\/megapets.eu\/cs\/prislusenstvi\/20l-startovaci-sada-pro-chovexotickych-africkych-sneku\/","og_site_name":"MegaPets","article_publisher":"https:\/\/www.facebook.com\/MegaPets.eu\/","og_image":[{"width":1052,"height":705,"url":"https:\/\/megapets.eu\/wp-content\/uploads\/2024\/10\/Glowne-Basic-20-L.png","type":"image\/png"}],"twitter_card":"summary_large_image","twitter_misc":{"Odhadovan\u00e1 doba \u010dten\u00ed":"2 minuta"},"schema":{"@context":"https:\/\/schema.org","@graph":[{"@type":"WebPage","@id":"https:\/\/megapets.eu\/cs\/prislusenstvi\/20l-startovaci-sada-pro-chovexotickych-africkych-sneku\/","url":"https:\/\/megapets.eu\/cs\/prislusenstvi\/20l-startovaci-sada-pro-chovexotickych-africkych-sneku\/","name":"20l startovac\u00ed sada pro chov exotick\u00fdch \/ africk\u00fdch \u0161nek\u016f | MegaPets","isPartOf":{"@id":"https:\/\/megapets.eu\/cs\/#website"},"primaryImageOfPage":{"@id":"https:\/\/megapets.eu\/cs\/prislusenstvi\/20l-startovaci-sada-pro-chovexotickych-africkych-sneku\/#primaryimage"},"image":{"@id":"https:\/\/megapets.eu\/cs\/prislusenstvi\/20l-startovaci-sada-pro-chovexotickych-africkych-sneku\/#primaryimage"},"thumbnailUrl":"https:\/\/megapets.eu\/wp-content\/uploads\/2024\/10\/Glowne-Basic-20-L.png","datePublished":"2024-10-03T17:33:30+00:00","breadcrumb":{"@id":"https:\/\/megapets.eu\/cs\/prislusenstvi\/20l-startovaci-sada-pro-chovexotickych-africkych-sneku\/#breadcrumb"},"inLanguage":"cs","potentialAction":[{"@type":"ReadAction","target":["https:\/\/megapets.eu\/cs\/prislusenstvi\/20l-startovaci-sada-pro-chovexotickych-africkych-sneku\/"]}]},{"@type":"ImageObject","inLanguage":"cs","@id":"https:\/\/megapets.eu\/cs\/prislusenstvi\/20l-startovaci-sada-pro-chovexotickych-africkych-sneku\/#primaryimage","url":"https:\/\/megapets.eu\/wp-content\/uploads\/2024\/10\/Glowne-Basic-20-L.png","contentUrl":"https:\/\/megapets.eu\/wp-content\/uploads\/2024\/10\/Glowne-Basic-20-L.png","width":1052,"height":705},{"@type":"BreadcrumbList","@id":"https:\/\/megapets.eu\/cs\/prislusenstvi\/20l-startovaci-sada-pro-chovexotickych-africkych-sneku\/#breadcrumb","itemListElement":[{"@type":"ListItem","position":1,"name":"Strona g\u0142\u00f3wna","item":"https:\/\/megapets.eu\/cs\/"},{"@type":"ListItem","position":2,"name":"Obchod","item":"https:\/\/megapets.eu\/obchod\/"},{"@type":"ListItem","position":3,"name":"20l startovac\u00ed sada pro chovexotick\u00fdch \/ africk\u00fdch \u0161nek\u016f"}]},{"@type":"WebSite","@id":"https:\/\/megapets.eu\/cs\/#website","url":"https:\/\/megapets.eu\/cs\/","name":"Mega Pets","description":"Jedna z najwi\u0119kszych hodowli \u015blimak\u00f3w w Europie","publisher":{"@id":"https:\/\/megapets.eu\/cs\/#organization"},"alternateName":"Mega Pets","potentialAction":[{"@type":"SearchAction","target":{"@type":"EntryPoint","urlTemplate":"https:\/\/megapets.eu\/cs\/?s={search_term_string}"},"query-input":{"@type":"PropertyValueSpecification","valueRequired":true,"valueName":"search_term_string"}}],"inLanguage":"cs"},{"@type":"Organization","@id":"https:\/\/megapets.eu\/cs\/#organization","name":"Mega Pets","url":"https:\/\/megapets.eu\/cs\/","logo":{"@type":"ImageObject","inLanguage":"cs","@id":"https:\/\/megapets.eu\/cs\/#\/schema\/logo\/image\/","url":"https:\/\/megapets.eu\/wp-content\/uploads\/2025\/04\/megapets_eu-logo.png","contentUrl":"https:\/\/megapets.eu\/wp-content\/uploads\/2025\/04\/megapets_eu-logo.png","width":2362,"height":2362,"caption":"Mega Pets"},"image":{"@id":"https:\/\/megapets.eu\/cs\/#\/schema\/logo\/image\/"},"sameAs":["https:\/\/www.facebook.com\/MegaPets.eu\/"]}]}},"_links":{"self":[{"href":"https:\/\/megapets.eu\/cs\/wp-json\/wp\/v2\/product\/6506","targetHints":{"allow":["GET"]}}],"collection":[{"href":"https:\/\/megapets.eu\/cs\/wp-json\/wp\/v2\/product"}],"about":[{"href":"https:\/\/megapets.eu\/cs\/wp-json\/wp\/v2\/types\/product"}],"wp:featuredmedia":[{"embeddable":true,"href":"https:\/\/megapets.eu\/cs\/wp-json\/wp\/v2\/media\/6507"}],"wp:attachment":[{"href":"https:\/\/megapets.eu\/cs\/wp-json\/wp\/v2\/media?parent=6506"}],"wp:term":[{"taxonomy":"product_cat","embeddable":true,"href":"https:\/\/megapets.eu\/cs\/wp-json\/wp\/v2\/product_cat?post=6506"},{"taxonomy":"product_tag","embeddable":true,"href":"https:\/\/megapets.eu\/cs\/wp-json\/wp\/v2\/product_tag?post=6506"}],"curies":[{"name":"wp","href":"https:\/\/api.w.org\/{rel}","templated":true}]}}