{"id":6516,"date":"2024-10-03T20:08:43","date_gmt":"2024-10-03T20:08:43","guid":{"rendered":"https:\/\/megapets.eu\/neza\u0159azen\u00e9\/startovaci-sada-pro-chovzmiji-krokodylu-izopodu\/"},"modified":"2024-10-03T20:08:43","modified_gmt":"2024-10-03T20:08:43","slug":"startovaci-sada-pro-chovzmiji-krokodylu-izopodu","status":"publish","type":"product","link":"https:\/\/megapets.eu\/cs\/prislusenstvi\/startovaci-sada-pro-chovzmiji-krokodylu-izopodu\/","title":{"rendered":"Startovac\u00ed sada pro chov<br \/>zmij\u00ed, krokod\u00fdl\u016f, izopod\u016f"},"content":{"rendered":"<p><em><span style=\"color: #424242;\"><strong>Sada &#8222;Startovac\u00ed sada pro chov zmij\u00ed, krokod\u00fdl\u016f a izopod\u016f&#8220; obsahuje:<\/strong><\/span><\/em><\/p>\n<ul>\n<li><span style=\"color: #e87020; font-size: 17px;\"><em><strong><\/strong><\/em><\/span><\/li>\n<\/ul>\n<p><em><span style=\"color: #424242; font-size: 15px;\"><strong>Lesn\u00ed substr\u00e1t je ide\u00e1ln\u00ed pro chov krokod\u00fdl\u016f, zmij\u00ed, izopod\u016f, prosimik\u016f, kulanid\u016f, exotick\u00fdch \u0161v\u00e1b\u016f.<\/strong><\/span><\/em><\/p>\n<p><em><span style=\"color: #424242; font-size: 15px;\"><strong>Substr\u00e1t je vlhk\u00fd, v\u017edy \u010derstv\u011b p\u0159ipraven\u00fd, proto se doporu\u010duje k okam\u017eit\u00e9mu pou\u017eit\u00ed. <\/strong><\/span><\/em><\/p>\n<p><em><span style=\"color: #424242; font-size: 15px;\"><strong>Slo\u017een\u00ed substr\u00e1tu (tepeln\u011b upraven\u00e9 slo\u017eky): su\u0161en\u00e9 dubov\u00e9 list\u00ed; b\u0159ezov\u00e9 list\u00ed; rozpadl\u00e9 dubov\u00e9 a bukov\u00e9 d\u0159evo; dubov\u00e9 a bukov\u00e9 kostky; neutr\u00e1ln\u00ed ra\u0161elina; kokosov\u00fd substr\u00e1t; ra\u0161elinov\u00fd mech Sphagnum.<\/strong><\/span><\/em><\/p>\n<ul>\n<li><span style=\"color: #e87020; font-size: 17px;\"><em><strong>1 ks x Su\u0161en\u00e9 b\u0159ezov\u00e9 a dubov\u00e9 list\u00ed 500 ml.<\/strong><\/em><\/span><\/li>\n<\/ul>\n<p><em><span style=\"color: #424242; font-size: 15px;\"><strong>Tepeln\u011b o\u0161et\u0159eno.<\/strong><\/span><\/em><\/p>\n<ul>\n<li><span style=\"color: #e87020; font-size: 17px;\"><em><strong>1 ks x Gammarus mlet\u00fd 25 g.<\/strong><\/em><\/span><\/li>\n<\/ul>\n<p><em><span style=\"color: #424242; font-size: 15px;\"><strong>Gammarus mlet\u00fd je su\u0161en\u00fd kl\u00ed\u010dek, bohat\u00fd na makro- a mikroprvky, p\u0159\u00edrodn\u00ed zdroj \u017eivo\u010di\u0161n\u00fdch b\u00edlkovin a chitinu. Gammarus je ide\u00e1ln\u00ed pro chov exotick\u00fdch \u0161nek\u016f, \u010derv\u016f, krokod\u00fdl\u016f, exotick\u00fdch \u0161v\u00e1b\u016f a dal\u0161\u00edch terarijn\u00edch zv\u00ed\u0159at.<\/strong><\/span><\/em><\/p>\n<ul>\n<li><span style=\"color: #e87020; font-size: 17px;\"><em><strong>1 ks x Sepia pieces 250 ml.<\/strong><\/em><\/span><\/li>\n<\/ul>\n<p><em><span style=\"color: #424242; font-size: 15px;\"><strong>100% p\u0159\u00edrodn\u00ed s\u00e9piov\u00e1 kost, zdroj v\u00e1pn\u00edku pro terarijn\u00ed zv\u00ed\u0159ata.<\/strong><\/span><\/em><\/p>\n<ul>\n<li><span style=\"font-size: 17px; color: #e87020;\"><em><strong>1 ks x su\u0161en\u00fd ra\u0161elinov\u00fd mech Sphagnum 500 ml.<\/strong><\/em><\/span><\/li>\n<\/ul>\n<p><em><span style=\"color: #424242; font-size: 15px;\"><strong>Tepeln\u011b o\u0161et\u0159eno.<\/strong><\/span><\/em><\/p>\n<ul>\n<li><span style=\"font-size: 17px; color: #e87020;\"><em><strong>1-2 ks x Dekorativn\u00ed ozdoby.<\/strong><\/em><\/span><\/li>\n<\/ul>\n<p><em><span style=\"color: #424242; font-size: 15px;\"><strong>Vzhled ozdoby je zvolen n\u00e1hodn\u011b.<\/strong><\/span><\/em><\/p>\n<ul>\n<li><em><strong><span style=\"font-size: 17px;\"><span style=\"color: #e87020;\">1 ks x n\u00e1vod k chovu.<\/span><\/span><\/strong><\/em><\/li>\n<\/ul>\n","protected":false},"excerpt":{"rendered":"<ul class=\"product_attributes\">\n<li><span style=\"color: #000000;\"><strong>Vhodn\u011b zvolen\u00e9 z\u00e1kladn\u00ed p\u0159\u00edslu\u0161enstv\u00ed<\/strong><\/span><\/li>\n<li><span style=\"color: #000000;\"><strong>Substr\u00e1t pro les, su\u0161en\u00e9 list\u00ed, mech Sphagnum,<\/strong><\/span><\/li>\n<li><span style=\"color: #000000;\"><strong>Gammarus, s\u00e9piov\u00e1 kost, ozdoby.<\/strong><\/span><\/li>\n<\/ul>\n","protected":false},"featured_media":6518,"template":"","meta":{"_acf_changed":false,"_links_to":"","_links_to_target":""},"product_cat":[163],"product_tag":[166,165,167],"class_list":{"0":"post-6516","1":"product","2":"type-product","3":"status-publish","4":"has-post-thumbnail","6":"product_cat-prislusenstvi","7":"product_tag-pro-izopody","8":"product_tag-pro-lsti","9":"product_tag-pro-svaby","11":"first","12":"instock","13":"shipping-taxable","14":"purchasable","15":"product-type-simple"},"acf":[],"yoast_head":"<!-- This site is optimized with the Yoast SEO plugin v24.9 - https:\/\/yoast.com\/wordpress\/plugins\/seo\/ -->\n<title>Startovac\u00ed sada pro chovzmij\u00ed, krokod\u00fdl\u016f, izopod\u016f | MegaPets<\/title>\n<meta name=\"robots\" content=\"index, follow, max-snippet:-1, max-image-preview:large, max-video-preview:-1\" \/>\n<link rel=\"canonical\" href=\"https:\/\/megapets.eu\/cs\/prislusenstvi\/startovaci-sada-pro-chovzmiji-krokodylu-izopodu\/\" \/>\n<meta property=\"og:locale\" content=\"cs_CZ\" \/>\n<meta property=\"og:type\" content=\"article\" \/>\n<meta property=\"og:title\" content=\"Startovac\u00ed sada pro chovzmij\u00ed, krokod\u00fdl\u016f, izopod\u016f | MegaPets\" \/>\n<meta property=\"og:description\" content=\"Vhodn\u011b zvolen\u00e9 z\u00e1kladn\u00ed p\u0159\u00edslu\u0161enstv\u00ed  Substr\u00e1t pro les, su\u0161en\u00e9 list\u00ed, mech Sphagnum,  Gammarus, s\u00e9piov\u00e1 kost, ozdoby.\" \/>\n<meta property=\"og:url\" content=\"https:\/\/megapets.eu\/cs\/prislusenstvi\/startovaci-sada-pro-chovzmiji-krokodylu-izopodu\/\" \/>\n<meta property=\"og:site_name\" content=\"MegaPets\" \/>\n<meta property=\"article:publisher\" content=\"https:\/\/www.facebook.com\/MegaPets.eu\/\" \/>\n<meta property=\"og:image\" content=\"https:\/\/megapets.eu\/wp-content\/uploads\/2024\/10\/2.jpg\" \/>\n\t<meta property=\"og:image:width\" content=\"1085\" \/>\n\t<meta property=\"og:image:height\" content=\"715\" \/>\n\t<meta property=\"og:image:type\" content=\"image\/jpeg\" \/>\n<meta name=\"twitter:card\" content=\"summary_large_image\" \/>\n<meta name=\"twitter:label1\" content=\"Odhadovan\u00e1 doba \u010dten\u00ed\" \/>\n\t<meta name=\"twitter:data1\" content=\"1 minuta\" \/>\n<script type=\"application\/ld+json\" class=\"yoast-schema-graph\">{\"@context\":\"https:\/\/schema.org\",\"@graph\":[{\"@type\":\"WebPage\",\"@id\":\"https:\/\/megapets.eu\/cs\/prislusenstvi\/startovaci-sada-pro-chovzmiji-krokodylu-izopodu\/\",\"url\":\"https:\/\/megapets.eu\/cs\/prislusenstvi\/startovaci-sada-pro-chovzmiji-krokodylu-izopodu\/\",\"name\":\"Startovac\u00ed sada pro chov zmij\u00ed, krokod\u00fdl\u016f, izopod\u016f | MegaPets\",\"isPartOf\":{\"@id\":\"https:\/\/megapets.eu\/cs\/#website\"},\"primaryImageOfPage\":{\"@id\":\"https:\/\/megapets.eu\/cs\/prislusenstvi\/startovaci-sada-pro-chovzmiji-krokodylu-izopodu\/#primaryimage\"},\"image\":{\"@id\":\"https:\/\/megapets.eu\/cs\/prislusenstvi\/startovaci-sada-pro-chovzmiji-krokodylu-izopodu\/#primaryimage\"},\"thumbnailUrl\":\"https:\/\/megapets.eu\/wp-content\/uploads\/2024\/10\/2.jpg\",\"datePublished\":\"2024-10-03T20:08:43+00:00\",\"breadcrumb\":{\"@id\":\"https:\/\/megapets.eu\/cs\/prislusenstvi\/startovaci-sada-pro-chovzmiji-krokodylu-izopodu\/#breadcrumb\"},\"inLanguage\":\"cs\",\"potentialAction\":[{\"@type\":\"ReadAction\",\"target\":[\"https:\/\/megapets.eu\/cs\/prislusenstvi\/startovaci-sada-pro-chovzmiji-krokodylu-izopodu\/\"]}]},{\"@type\":\"ImageObject\",\"inLanguage\":\"cs\",\"@id\":\"https:\/\/megapets.eu\/cs\/prislusenstvi\/startovaci-sada-pro-chovzmiji-krokodylu-izopodu\/#primaryimage\",\"url\":\"https:\/\/megapets.eu\/wp-content\/uploads\/2024\/10\/2.jpg\",\"contentUrl\":\"https:\/\/megapets.eu\/wp-content\/uploads\/2024\/10\/2.jpg\",\"width\":1085,\"height\":715},{\"@type\":\"BreadcrumbList\",\"@id\":\"https:\/\/megapets.eu\/cs\/prislusenstvi\/startovaci-sada-pro-chovzmiji-krokodylu-izopodu\/#breadcrumb\",\"itemListElement\":[{\"@type\":\"ListItem\",\"position\":1,\"name\":\"Strona g\u0142\u00f3wna\",\"item\":\"https:\/\/megapets.eu\/cs\/\"},{\"@type\":\"ListItem\",\"position\":2,\"name\":\"Obchod\",\"item\":\"https:\/\/megapets.eu\/obchod\/\"},{\"@type\":\"ListItem\",\"position\":3,\"name\":\"Startovac\u00ed sada pro chovzmij\u00ed, krokod\u00fdl\u016f, izopod\u016f\"}]},{\"@type\":\"WebSite\",\"@id\":\"https:\/\/megapets.eu\/cs\/#website\",\"url\":\"https:\/\/megapets.eu\/cs\/\",\"name\":\"Mega Pets\",\"description\":\"Jedna z najwi\u0119kszych hodowli \u015blimak\u00f3w w Europie\",\"publisher\":{\"@id\":\"https:\/\/megapets.eu\/cs\/#organization\"},\"alternateName\":\"Mega Pets\",\"potentialAction\":[{\"@type\":\"SearchAction\",\"target\":{\"@type\":\"EntryPoint\",\"urlTemplate\":\"https:\/\/megapets.eu\/cs\/?s={search_term_string}\"},\"query-input\":{\"@type\":\"PropertyValueSpecification\",\"valueRequired\":true,\"valueName\":\"search_term_string\"}}],\"inLanguage\":\"cs\"},{\"@type\":\"Organization\",\"@id\":\"https:\/\/megapets.eu\/cs\/#organization\",\"name\":\"Mega Pets\",\"url\":\"https:\/\/megapets.eu\/cs\/\",\"logo\":{\"@type\":\"ImageObject\",\"inLanguage\":\"cs\",\"@id\":\"https:\/\/megapets.eu\/cs\/#\/schema\/logo\/image\/\",\"url\":\"https:\/\/megapets.eu\/wp-content\/uploads\/2025\/04\/megapets_eu-logo.png\",\"contentUrl\":\"https:\/\/megapets.eu\/wp-content\/uploads\/2025\/04\/megapets_eu-logo.png\",\"width\":2362,\"height\":2362,\"caption\":\"Mega Pets\"},\"image\":{\"@id\":\"https:\/\/megapets.eu\/cs\/#\/schema\/logo\/image\/\"},\"sameAs\":[\"https:\/\/www.facebook.com\/MegaPets.eu\/\"]}]}<\/script>\n<!-- \/ Yoast SEO plugin. -->","yoast_head_json":{"title":"Startovac\u00ed sada pro chovzmij\u00ed, krokod\u00fdl\u016f, izopod\u016f | MegaPets","robots":{"index":"index","follow":"follow","max-snippet":"max-snippet:-1","max-image-preview":"max-image-preview:large","max-video-preview":"max-video-preview:-1"},"canonical":"https:\/\/megapets.eu\/cs\/prislusenstvi\/startovaci-sada-pro-chovzmiji-krokodylu-izopodu\/","og_locale":"cs_CZ","og_type":"article","og_title":"Startovac\u00ed sada pro chovzmij\u00ed, krokod\u00fdl\u016f, izopod\u016f | MegaPets","og_description":"Vhodn\u011b zvolen\u00e9 z\u00e1kladn\u00ed p\u0159\u00edslu\u0161enstv\u00ed  Substr\u00e1t pro les, su\u0161en\u00e9 list\u00ed, mech Sphagnum,  Gammarus, s\u00e9piov\u00e1 kost, ozdoby.","og_url":"https:\/\/megapets.eu\/cs\/prislusenstvi\/startovaci-sada-pro-chovzmiji-krokodylu-izopodu\/","og_site_name":"MegaPets","article_publisher":"https:\/\/www.facebook.com\/MegaPets.eu\/","og_image":[{"width":1085,"height":715,"url":"https:\/\/megapets.eu\/wp-content\/uploads\/2024\/10\/2.jpg","type":"image\/jpeg"}],"twitter_card":"summary_large_image","twitter_misc":{"Odhadovan\u00e1 doba \u010dten\u00ed":"1 minuta"},"schema":{"@context":"https:\/\/schema.org","@graph":[{"@type":"WebPage","@id":"https:\/\/megapets.eu\/cs\/prislusenstvi\/startovaci-sada-pro-chovzmiji-krokodylu-izopodu\/","url":"https:\/\/megapets.eu\/cs\/prislusenstvi\/startovaci-sada-pro-chovzmiji-krokodylu-izopodu\/","name":"Startovac\u00ed sada pro chov zmij\u00ed, krokod\u00fdl\u016f, izopod\u016f | MegaPets","isPartOf":{"@id":"https:\/\/megapets.eu\/cs\/#website"},"primaryImageOfPage":{"@id":"https:\/\/megapets.eu\/cs\/prislusenstvi\/startovaci-sada-pro-chovzmiji-krokodylu-izopodu\/#primaryimage"},"image":{"@id":"https:\/\/megapets.eu\/cs\/prislusenstvi\/startovaci-sada-pro-chovzmiji-krokodylu-izopodu\/#primaryimage"},"thumbnailUrl":"https:\/\/megapets.eu\/wp-content\/uploads\/2024\/10\/2.jpg","datePublished":"2024-10-03T20:08:43+00:00","breadcrumb":{"@id":"https:\/\/megapets.eu\/cs\/prislusenstvi\/startovaci-sada-pro-chovzmiji-krokodylu-izopodu\/#breadcrumb"},"inLanguage":"cs","potentialAction":[{"@type":"ReadAction","target":["https:\/\/megapets.eu\/cs\/prislusenstvi\/startovaci-sada-pro-chovzmiji-krokodylu-izopodu\/"]}]},{"@type":"ImageObject","inLanguage":"cs","@id":"https:\/\/megapets.eu\/cs\/prislusenstvi\/startovaci-sada-pro-chovzmiji-krokodylu-izopodu\/#primaryimage","url":"https:\/\/megapets.eu\/wp-content\/uploads\/2024\/10\/2.jpg","contentUrl":"https:\/\/megapets.eu\/wp-content\/uploads\/2024\/10\/2.jpg","width":1085,"height":715},{"@type":"BreadcrumbList","@id":"https:\/\/megapets.eu\/cs\/prislusenstvi\/startovaci-sada-pro-chovzmiji-krokodylu-izopodu\/#breadcrumb","itemListElement":[{"@type":"ListItem","position":1,"name":"Strona g\u0142\u00f3wna","item":"https:\/\/megapets.eu\/cs\/"},{"@type":"ListItem","position":2,"name":"Obchod","item":"https:\/\/megapets.eu\/obchod\/"},{"@type":"ListItem","position":3,"name":"Startovac\u00ed sada pro chovzmij\u00ed, krokod\u00fdl\u016f, izopod\u016f"}]},{"@type":"WebSite","@id":"https:\/\/megapets.eu\/cs\/#website","url":"https:\/\/megapets.eu\/cs\/","name":"Mega Pets","description":"Jedna z najwi\u0119kszych hodowli \u015blimak\u00f3w w Europie","publisher":{"@id":"https:\/\/megapets.eu\/cs\/#organization"},"alternateName":"Mega Pets","potentialAction":[{"@type":"SearchAction","target":{"@type":"EntryPoint","urlTemplate":"https:\/\/megapets.eu\/cs\/?s={search_term_string}"},"query-input":{"@type":"PropertyValueSpecification","valueRequired":true,"valueName":"search_term_string"}}],"inLanguage":"cs"},{"@type":"Organization","@id":"https:\/\/megapets.eu\/cs\/#organization","name":"Mega Pets","url":"https:\/\/megapets.eu\/cs\/","logo":{"@type":"ImageObject","inLanguage":"cs","@id":"https:\/\/megapets.eu\/cs\/#\/schema\/logo\/image\/","url":"https:\/\/megapets.eu\/wp-content\/uploads\/2025\/04\/megapets_eu-logo.png","contentUrl":"https:\/\/megapets.eu\/wp-content\/uploads\/2025\/04\/megapets_eu-logo.png","width":2362,"height":2362,"caption":"Mega Pets"},"image":{"@id":"https:\/\/megapets.eu\/cs\/#\/schema\/logo\/image\/"},"sameAs":["https:\/\/www.facebook.com\/MegaPets.eu\/"]}]}},"_links":{"self":[{"href":"https:\/\/megapets.eu\/cs\/wp-json\/wp\/v2\/product\/6516","targetHints":{"allow":["GET"]}}],"collection":[{"href":"https:\/\/megapets.eu\/cs\/wp-json\/wp\/v2\/product"}],"about":[{"href":"https:\/\/megapets.eu\/cs\/wp-json\/wp\/v2\/types\/product"}],"wp:featuredmedia":[{"embeddable":true,"href":"https:\/\/megapets.eu\/cs\/wp-json\/wp\/v2\/media\/6518"}],"wp:attachment":[{"href":"https:\/\/megapets.eu\/cs\/wp-json\/wp\/v2\/media?parent=6516"}],"wp:term":[{"taxonomy":"product_cat","embeddable":true,"href":"https:\/\/megapets.eu\/cs\/wp-json\/wp\/v2\/product_cat?post=6516"},{"taxonomy":"product_tag","embeddable":true,"href":"https:\/\/megapets.eu\/cs\/wp-json\/wp\/v2\/product_tag?post=6516"}],"curies":[{"name":"wp","href":"https:\/\/api.w.org\/{rel}","templated":true}]}}