{"id":6519,"date":"2024-10-06T07:41:46","date_gmt":"2024-10-06T07:41:46","guid":{"rendered":"https:\/\/megapets.eu\/neza\u0159azen\u00e9\/porcellionides-pruinosus-cerveny-koi-uklidova-ceta\/"},"modified":"2024-10-06T07:41:46","modified_gmt":"2024-10-06T07:41:46","slug":"porcellionides-pruinosus-cerveny-koi-uklidova-ceta","status":"publish","type":"product","link":"https:\/\/megapets.eu\/cs\/isopody-cs\/porcellionides-pruinosus-cerveny-koi-uklidova-ceta\/","title":{"rendered":"Porcellionides pruinosus \u201e\u010cerven\u00fd koi\u201c<br \/> \u201e\u00daklidov\u00e1 \u010deta\u201c"},"content":{"rendered":"<p class=\"v1v1v1v1MsoNormal\"><span style=\"color: #424242;\"><strong><em><span style=\"font-size: 15px;\">Ovesn\u00e9 ka\u0161e \/ Kuli\u010dky: g<\/span><\/em><\/strong><strong><em><span style=\"font-size: 15px;\"> druh Porcellionides pruinosus \u201erud\u00fd koi\u201c.<\/span><\/em><\/strong><\/span><\/p>\n<p class=\"v1v1v1v1MsoNormal\"><span style=\"color: #424242;\"><strong><em><span style=\"font-size: 15px;\"> Porcellionides pruinosus<img decoding=\"async\" src=\"https:\/\/static.xx.fbcdn.net\/images\/emoji.php\/v9\/t39\/1\/16\/1f38f.png\" alt=\"\ud83c\udf8f\" \/> \u201e\ud83e\udd0dR\u201c<strong style=\"color: #424242;\"><span style=\"font-size: 15px; color: #424242;\"><span class=\"x1xsqp64 xiy17q3 x1o6pynw x19co3pv xdj266r xcwd3tp xat24cr x39eecv x2b8uid\" data-testid=\"emoji\"><span class=\"xexx8yu xn5pp95 x18d9i69 x2fxd7x x3jgonx x1bhl96m\"> \u2764\ufe0f<\/span><\/span><\/span><\/strong> E\ud83e\udd0dD<strong style=\"color: #424242;\"><span style=\"font-size: 15px; color: #424242;\"><span class=\"x1xsqp64 xiy17q3 x1o6pynw x19co3pv xdj266r xcwd3tp xat24cr x39eecv x2b8uid\" data-testid=\"emoji\"><span class=\"xexx8yu xn5pp95 x18d9i69 x2fxd7x x3jgonx x1bhl96m\"> \u2764\ufe0f<\/span><\/span><\/span><\/strong> K\ud83e\udd0dO<strong style=\"color: #424242;\"><span style=\"font-size: 15px; color: #424242;\"><span class=\"x1xsqp64 xiy17q3 x1o6pynw x19co3pv xdj266r xcwd3tp xat24cr x39eecv x2b8uid\" data-testid=\"emoji\"><span class=\"xexx8yu xn5pp95 x18d9i69 x2fxd7x x3jgonx x1bhl96m\"> \u2764\ufe0f<\/span><\/span><\/span><\/strong> A \ud83e\udd0d\u201c <img decoding=\"async\" src=\"https:\/\/static.xx.fbcdn.net\/images\/emoji.php\/v9\/t39\/1\/16\/1f38f.png\" alt=\"\ud83c\udf8f\" \/><\/span><\/em><\/strong><\/span><\/p>\n<p><strong style=\"color: #424242;\"><em><span style=\"font-size: 15px;\"><strong><span class=\"x1xsqp64 xiy17q3 x1o6pynw x19co3pv xdj266r xcwd3tp xat24cr x39eecv x2b8uid\" data-testid=\"emoji\"><span class=\"xexx8yu xn5pp95 x18d9i69 x2fxd7x x3jgonx x1bhl96m\"> Snadno se udr\u017euj\u00ed, tak\u017ee jsou skv\u011bl\u00e9 pro za\u010d\u00e1te\u010dn\u00edky. <\/span><\/span><\/strong><\/span><\/em><\/strong><strong style=\"color: #424242;\"><strong><em><span style=\"font-size: 15px; color: #424242;\"><strong><span style=\"font-size: 15px;\"><span class=\"x1xsqp64 xiy17q3 x1o6pynw x19co3pv xdj266r xcwd3tp xat24cr x39eecv x2b8uid\" data-testid=\"emoji\"><span class=\"xexx8yu xn5pp95 x18d9i69 x2fxd7x x3jgonx x1bhl96m\"><span style=\"color: #424242;\"> \ud83e\udd0d\u2764\ufe0f\ud83e\udd0d<\/span><\/span><\/span><\/span> Hled\u00e1te n\u011bco skv\u011bl\u00e9ho, co byste mohli za\u010d\u00edt p\u011bstovat?<\/strong> Ovesn\u00e9 ka\u0161e a kuli\u010dky<strong><\/strong> Jsou to kr\u00e1sn\u00ed a nen\u00e1ro\u010dn\u00ed tvorov\u00e9, zcela bezpe\u010dn\u00ed pro \u010dlov\u011bka, nekou\u0161ou. Maj\u00ed slab\u00e9 \u010delisti, kter\u00e9 jsou uzp\u016fsobeny k drcen\u00ed rostlinn\u00e9 hmoty. Stejnono\u017eci preferuj\u00ed vlhk\u00e1 m\u00edsta, \u017eij\u00ed v horn\u00ed vrstv\u011b substr\u00e1tu a \u017eiv\u00ed se listy, v\u00edceslo\u017ekov\u00fdm substr\u00e1tem ur\u010den\u00fdm pro chov mnohono\u017eek, a tak\u00e9 zeleninou a ovocem. <\/span><\/em><\/strong><\/strong><\/p>\n<p class=\"v1v1v1v1MsoNormal\"><span style=\"color: #424242;\"><strong><em><span style=\"font-size: 15px;\"><span class=\"x1xsqp64 xiy17q3 x1o6pynw x19co3pv xdj266r xcwd3tp xat24cr x39eecv x2b8uid\" data-testid=\"emoji\"><span class=\"xexx8yu xn5pp95 x18d9i69 x2fxd7x x3jgonx x1bhl96m\"> \ud83c\udf3f<\/span><\/span> V\u0161e, co takov\u00e9 zv\u00ed\u0159e pot\u0159ebuje k \u00fasp\u011b\u0161n\u00e9mu v\u00fdvoji a \u017eivotu v ter\u00e1riu, je: <\/span><\/em><\/strong><\/span><\/p>\n<p class=\"v1v1v1v1MsoNormal\"><span style=\"color: #008000;\"><strong><em><span style=\"font-size: 15px;\">* Substr\u00e1t\/Potrava: Substr\u00e1t pro odchov mnohono\u017eek a stono\u017eek nebo kokosov\u00fd substr\u00e1t; <\/span><\/em><\/strong><\/span><\/p>\n<p class=\"v1v1v1v1MsoNormal\"><span style=\"color: #008000;\"><strong><em><span style=\"font-size: 15px;\">* J\u00eddlo: \u010cerstv\u00e1 zelenina a ovoce; <\/span><\/em><\/strong><\/span><\/p>\n<p class=\"v1v1v1v1MsoNormal\"><span style=\"color: #008000;\"><strong><em><span style=\"font-size: 15px;\">* Potrava: Sepia &#8211; s\u00e9piov\u00e1 kost je p\u0159irozen\u00fdm zdrojem v\u00e1pn\u00edku pro terarijn\u00ed \u017eivo\u010dichy; <\/span><\/em><\/strong><\/span><\/p>\n<p class=\"v1v1v1v1MsoNormal\"><span style=\"color: #008000;\"><strong><em><span style=\"font-size: 15px;\">* Potrava: Mlet\u00fd Gammarus je su\u0161en\u00fd gammarus, bohat\u00fd na makro- a mikroprvky, p\u0159irozen\u00fd zdroj \u017eivo\u010di\u0161n\u00fdch b\u00edlkovin a chitinu (k dost\u00e1n\u00ed v na\u0161\u00ed dal\u0161\u00ed aukci); <\/span><\/em><\/strong><\/span><\/p>\n<p class=\"v1v1v1v1MsoNormal\"><span style=\"color: #008000;\"><strong><em><span style=\"font-size: 15px;\">* Ter\u00e1rium: Faunabox nebo chovn\u00e1 n\u00e1doba je ide\u00e1ln\u00ed pro chov stejnono\u017ec\u016f; <\/span><\/em><\/strong><\/span><\/p>\n<p class=\"v1v1v1v1MsoNormal\"><span style=\"color: #008000;\"><strong><em><span style=\"font-size: 15px;\">* Nenechte substr\u00e1t \u00fapln\u011b vyschnout, ter\u00e1rium by se m\u011blo \u010das od \u010dasu rosit.<\/span><\/em><\/strong><\/span><\/p>\n","protected":false},"excerpt":{"rendered":"<ul class=\"product_attributes\">\n<li><strong>C\u00edlov\u00e1 velikost jedinc\u016f:<\/strong><span style=\"color: #000000;\"> asi 1 cm<\/span><\/li>\n<li> Nab\u00edzen\u00e9 jednotlivc\u016fm:<span style=\"color: #000000;\"> n\u00e1hodn\u011b zabalen\u00e9<\/span><\/li>\n<li> Cena je za sadu:<span style=\"color: #000000;\"> 10 kus\u016f<\/span><\/li>\n<\/ul>\n","protected":false},"featured_media":6520,"template":"","meta":{"_acf_changed":false,"_links_to":"","_links_to_target":""},"product_cat":[169],"product_tag":[],"class_list":{"0":"post-6519","1":"product","2":"type-product","3":"status-publish","4":"has-post-thumbnail","6":"product_cat-isopody-cs","8":"first","9":"instock","10":"shipping-taxable","11":"purchasable","12":"product-type-simple"},"acf":[],"yoast_head":"<!-- This site is optimized with the Yoast SEO plugin v24.9 - https:\/\/yoast.com\/wordpress\/plugins\/seo\/ -->\n<title>Porcellionides pruinosus \u201e\u010cerven\u00fd koi\u201c \u201e\u00daklidov\u00e1 \u010deta\u201c | MegaPets<\/title>\n<meta name=\"robots\" content=\"index, follow, max-snippet:-1, max-image-preview:large, max-video-preview:-1\" \/>\n<link rel=\"canonical\" href=\"https:\/\/megapets.eu\/cs\/isopody-cs\/porcellionides-pruinosus-cerveny-koi-uklidova-ceta\/\" \/>\n<meta property=\"og:locale\" content=\"cs_CZ\" \/>\n<meta property=\"og:type\" content=\"article\" \/>\n<meta property=\"og:title\" content=\"Porcellionides pruinosus \u201e\u010cerven\u00fd koi\u201c \u201e\u00daklidov\u00e1 \u010deta\u201c | MegaPets\" \/>\n<meta property=\"og:description\" content=\"C\u00edlov\u00e1 velikost jedinc\u016f: asi 1 cm Nab\u00edzen\u00e9 jednotlivc\u016fm: n\u00e1hodn\u011b zabalen\u00e9 Cena je za sadu: 10 kus\u016f\" \/>\n<meta property=\"og:url\" content=\"https:\/\/megapets.eu\/cs\/isopody-cs\/porcellionides-pruinosus-cerveny-koi-uklidova-ceta\/\" \/>\n<meta property=\"og:site_name\" content=\"MegaPets\" \/>\n<meta property=\"article:publisher\" content=\"https:\/\/www.facebook.com\/MegaPets.eu\/\" \/>\n<meta property=\"og:image\" content=\"https:\/\/megapets.eu\/wp-content\/uploads\/2024\/10\/02-e1669720145679.png\" \/>\n\t<meta property=\"og:image:width\" content=\"890\" \/>\n\t<meta property=\"og:image:height\" content=\"566\" \/>\n\t<meta property=\"og:image:type\" content=\"image\/png\" \/>\n<meta name=\"twitter:card\" content=\"summary_large_image\" \/>\n<meta name=\"twitter:label1\" content=\"Odhadovan\u00e1 doba \u010dten\u00ed\" \/>\n\t<meta name=\"twitter:data1\" content=\"1 minuta\" \/>\n<script type=\"application\/ld+json\" class=\"yoast-schema-graph\">{\"@context\":\"https:\/\/schema.org\",\"@graph\":[{\"@type\":\"WebPage\",\"@id\":\"https:\/\/megapets.eu\/cs\/isopody-cs\/porcellionides-pruinosus-cerveny-koi-uklidova-ceta\/\",\"url\":\"https:\/\/megapets.eu\/cs\/isopody-cs\/porcellionides-pruinosus-cerveny-koi-uklidova-ceta\/\",\"name\":\"Porcellionides pruinosus \u201e\u010cerven\u00fd koi\u201c \u201e\u00daklidov\u00e1 \u010deta\u201c | MegaPets\",\"isPartOf\":{\"@id\":\"https:\/\/megapets.eu\/cs\/#website\"},\"primaryImageOfPage\":{\"@id\":\"https:\/\/megapets.eu\/cs\/isopody-cs\/porcellionides-pruinosus-cerveny-koi-uklidova-ceta\/#primaryimage\"},\"image\":{\"@id\":\"https:\/\/megapets.eu\/cs\/isopody-cs\/porcellionides-pruinosus-cerveny-koi-uklidova-ceta\/#primaryimage\"},\"thumbnailUrl\":\"https:\/\/megapets.eu\/wp-content\/uploads\/2024\/10\/02-e1669720145679.png\",\"datePublished\":\"2024-10-06T07:41:46+00:00\",\"breadcrumb\":{\"@id\":\"https:\/\/megapets.eu\/cs\/isopody-cs\/porcellionides-pruinosus-cerveny-koi-uklidova-ceta\/#breadcrumb\"},\"inLanguage\":\"cs\",\"potentialAction\":[{\"@type\":\"ReadAction\",\"target\":[\"https:\/\/megapets.eu\/cs\/isopody-cs\/porcellionides-pruinosus-cerveny-koi-uklidova-ceta\/\"]}]},{\"@type\":\"ImageObject\",\"inLanguage\":\"cs\",\"@id\":\"https:\/\/megapets.eu\/cs\/isopody-cs\/porcellionides-pruinosus-cerveny-koi-uklidova-ceta\/#primaryimage\",\"url\":\"https:\/\/megapets.eu\/wp-content\/uploads\/2024\/10\/02-e1669720145679.png\",\"contentUrl\":\"https:\/\/megapets.eu\/wp-content\/uploads\/2024\/10\/02-e1669720145679.png\",\"width\":890,\"height\":566},{\"@type\":\"BreadcrumbList\",\"@id\":\"https:\/\/megapets.eu\/cs\/isopody-cs\/porcellionides-pruinosus-cerveny-koi-uklidova-ceta\/#breadcrumb\",\"itemListElement\":[{\"@type\":\"ListItem\",\"position\":1,\"name\":\"Strona g\u0142\u00f3wna\",\"item\":\"https:\/\/megapets.eu\/cs\/\"},{\"@type\":\"ListItem\",\"position\":2,\"name\":\"Obchod\",\"item\":\"https:\/\/megapets.eu\/obchod\/\"},{\"@type\":\"ListItem\",\"position\":3,\"name\":\"Porcellionides pruinosus \u201e\u010cerven\u00fd koi\u201c \u201e\u00daklidov\u00e1 \u010deta\u201c\"}]},{\"@type\":\"WebSite\",\"@id\":\"https:\/\/megapets.eu\/cs\/#website\",\"url\":\"https:\/\/megapets.eu\/cs\/\",\"name\":\"Mega Pets\",\"description\":\"Jedna z najwi\u0119kszych hodowli \u015blimak\u00f3w w Europie\",\"publisher\":{\"@id\":\"https:\/\/megapets.eu\/cs\/#organization\"},\"alternateName\":\"Mega Pets\",\"potentialAction\":[{\"@type\":\"SearchAction\",\"target\":{\"@type\":\"EntryPoint\",\"urlTemplate\":\"https:\/\/megapets.eu\/cs\/?s={search_term_string}\"},\"query-input\":{\"@type\":\"PropertyValueSpecification\",\"valueRequired\":true,\"valueName\":\"search_term_string\"}}],\"inLanguage\":\"cs\"},{\"@type\":\"Organization\",\"@id\":\"https:\/\/megapets.eu\/cs\/#organization\",\"name\":\"Mega Pets\",\"url\":\"https:\/\/megapets.eu\/cs\/\",\"logo\":{\"@type\":\"ImageObject\",\"inLanguage\":\"cs\",\"@id\":\"https:\/\/megapets.eu\/cs\/#\/schema\/logo\/image\/\",\"url\":\"https:\/\/megapets.eu\/wp-content\/uploads\/2025\/04\/megapets_eu-logo.png\",\"contentUrl\":\"https:\/\/megapets.eu\/wp-content\/uploads\/2025\/04\/megapets_eu-logo.png\",\"width\":2362,\"height\":2362,\"caption\":\"Mega Pets\"},\"image\":{\"@id\":\"https:\/\/megapets.eu\/cs\/#\/schema\/logo\/image\/\"},\"sameAs\":[\"https:\/\/www.facebook.com\/MegaPets.eu\/\"]}]}<\/script>\n<!-- \/ Yoast SEO plugin. -->","yoast_head_json":{"title":"Porcellionides pruinosus \u201e\u010cerven\u00fd koi\u201c \u201e\u00daklidov\u00e1 \u010deta\u201c | MegaPets","robots":{"index":"index","follow":"follow","max-snippet":"max-snippet:-1","max-image-preview":"max-image-preview:large","max-video-preview":"max-video-preview:-1"},"canonical":"https:\/\/megapets.eu\/cs\/isopody-cs\/porcellionides-pruinosus-cerveny-koi-uklidova-ceta\/","og_locale":"cs_CZ","og_type":"article","og_title":"Porcellionides pruinosus \u201e\u010cerven\u00fd koi\u201c \u201e\u00daklidov\u00e1 \u010deta\u201c | MegaPets","og_description":"C\u00edlov\u00e1 velikost jedinc\u016f: asi 1 cm Nab\u00edzen\u00e9 jednotlivc\u016fm: n\u00e1hodn\u011b zabalen\u00e9 Cena je za sadu: 10 kus\u016f","og_url":"https:\/\/megapets.eu\/cs\/isopody-cs\/porcellionides-pruinosus-cerveny-koi-uklidova-ceta\/","og_site_name":"MegaPets","article_publisher":"https:\/\/www.facebook.com\/MegaPets.eu\/","og_image":[{"width":890,"height":566,"url":"https:\/\/megapets.eu\/wp-content\/uploads\/2024\/10\/02-e1669720145679.png","type":"image\/png"}],"twitter_card":"summary_large_image","twitter_misc":{"Odhadovan\u00e1 doba \u010dten\u00ed":"1 minuta"},"schema":{"@context":"https:\/\/schema.org","@graph":[{"@type":"WebPage","@id":"https:\/\/megapets.eu\/cs\/isopody-cs\/porcellionides-pruinosus-cerveny-koi-uklidova-ceta\/","url":"https:\/\/megapets.eu\/cs\/isopody-cs\/porcellionides-pruinosus-cerveny-koi-uklidova-ceta\/","name":"Porcellionides pruinosus \u201e\u010cerven\u00fd koi\u201c \u201e\u00daklidov\u00e1 \u010deta\u201c | MegaPets","isPartOf":{"@id":"https:\/\/megapets.eu\/cs\/#website"},"primaryImageOfPage":{"@id":"https:\/\/megapets.eu\/cs\/isopody-cs\/porcellionides-pruinosus-cerveny-koi-uklidova-ceta\/#primaryimage"},"image":{"@id":"https:\/\/megapets.eu\/cs\/isopody-cs\/porcellionides-pruinosus-cerveny-koi-uklidova-ceta\/#primaryimage"},"thumbnailUrl":"https:\/\/megapets.eu\/wp-content\/uploads\/2024\/10\/02-e1669720145679.png","datePublished":"2024-10-06T07:41:46+00:00","breadcrumb":{"@id":"https:\/\/megapets.eu\/cs\/isopody-cs\/porcellionides-pruinosus-cerveny-koi-uklidova-ceta\/#breadcrumb"},"inLanguage":"cs","potentialAction":[{"@type":"ReadAction","target":["https:\/\/megapets.eu\/cs\/isopody-cs\/porcellionides-pruinosus-cerveny-koi-uklidova-ceta\/"]}]},{"@type":"ImageObject","inLanguage":"cs","@id":"https:\/\/megapets.eu\/cs\/isopody-cs\/porcellionides-pruinosus-cerveny-koi-uklidova-ceta\/#primaryimage","url":"https:\/\/megapets.eu\/wp-content\/uploads\/2024\/10\/02-e1669720145679.png","contentUrl":"https:\/\/megapets.eu\/wp-content\/uploads\/2024\/10\/02-e1669720145679.png","width":890,"height":566},{"@type":"BreadcrumbList","@id":"https:\/\/megapets.eu\/cs\/isopody-cs\/porcellionides-pruinosus-cerveny-koi-uklidova-ceta\/#breadcrumb","itemListElement":[{"@type":"ListItem","position":1,"name":"Strona g\u0142\u00f3wna","item":"https:\/\/megapets.eu\/cs\/"},{"@type":"ListItem","position":2,"name":"Obchod","item":"https:\/\/megapets.eu\/obchod\/"},{"@type":"ListItem","position":3,"name":"Porcellionides pruinosus \u201e\u010cerven\u00fd koi\u201c \u201e\u00daklidov\u00e1 \u010deta\u201c"}]},{"@type":"WebSite","@id":"https:\/\/megapets.eu\/cs\/#website","url":"https:\/\/megapets.eu\/cs\/","name":"Mega Pets","description":"Jedna z najwi\u0119kszych hodowli \u015blimak\u00f3w w Europie","publisher":{"@id":"https:\/\/megapets.eu\/cs\/#organization"},"alternateName":"Mega Pets","potentialAction":[{"@type":"SearchAction","target":{"@type":"EntryPoint","urlTemplate":"https:\/\/megapets.eu\/cs\/?s={search_term_string}"},"query-input":{"@type":"PropertyValueSpecification","valueRequired":true,"valueName":"search_term_string"}}],"inLanguage":"cs"},{"@type":"Organization","@id":"https:\/\/megapets.eu\/cs\/#organization","name":"Mega Pets","url":"https:\/\/megapets.eu\/cs\/","logo":{"@type":"ImageObject","inLanguage":"cs","@id":"https:\/\/megapets.eu\/cs\/#\/schema\/logo\/image\/","url":"https:\/\/megapets.eu\/wp-content\/uploads\/2025\/04\/megapets_eu-logo.png","contentUrl":"https:\/\/megapets.eu\/wp-content\/uploads\/2025\/04\/megapets_eu-logo.png","width":2362,"height":2362,"caption":"Mega Pets"},"image":{"@id":"https:\/\/megapets.eu\/cs\/#\/schema\/logo\/image\/"},"sameAs":["https:\/\/www.facebook.com\/MegaPets.eu\/"]}]}},"_links":{"self":[{"href":"https:\/\/megapets.eu\/cs\/wp-json\/wp\/v2\/product\/6519","targetHints":{"allow":["GET"]}}],"collection":[{"href":"https:\/\/megapets.eu\/cs\/wp-json\/wp\/v2\/product"}],"about":[{"href":"https:\/\/megapets.eu\/cs\/wp-json\/wp\/v2\/types\/product"}],"wp:featuredmedia":[{"embeddable":true,"href":"https:\/\/megapets.eu\/cs\/wp-json\/wp\/v2\/media\/6520"}],"wp:attachment":[{"href":"https:\/\/megapets.eu\/cs\/wp-json\/wp\/v2\/media?parent=6519"}],"wp:term":[{"taxonomy":"product_cat","embeddable":true,"href":"https:\/\/megapets.eu\/cs\/wp-json\/wp\/v2\/product_cat?post=6519"},{"taxonomy":"product_tag","embeddable":true,"href":"https:\/\/megapets.eu\/cs\/wp-json\/wp\/v2\/product_tag?post=6519"}],"curies":[{"name":"wp","href":"https:\/\/api.w.org\/{rel}","templated":true}]}}