{"id":6562,"date":"2024-10-06T11:55:33","date_gmt":"2024-10-06T11:55:33","guid":{"rendered":"https:\/\/megapets.eu\/neza\u0159azen\u00e9\/achatina-achatina-standard-nigeriastandard-p14\/"},"modified":"2025-08-07T12:51:51","modified_gmt":"2025-08-07T12:51:51","slug":"achatina-achatina-standard-nigeriastandard-p14","status":"publish","type":"product","link":"https:\/\/megapets.eu\/cs\/sneci\/achatina-achatina-standard-nigeriastandard-p14\/","title":{"rendered":"Achatina achatina standard Nig\u00e9rie<br>standardn\u00ed \/ P14"},"content":{"rendered":"<p><span style=\"color: #424242; font-size: 15px;\"><em><span style=\"color: #000000;\"><strong>Druh:<\/strong> <span style=\"font-size: 15px;\">Achatina achatina achatina (Linnaeus, 1758)<\/span><\/span><\/em><em><br \/>\n<\/em><em><span style=\"color: #000000;\"><strong>Barevn\u00e1 varieta<\/strong>: standard <\/span><\/em><em><br \/>\n<\/em><em><span style=\"color: #000000;\"><strong>Zvl\u00e1\u0161tn\u00ed ozna\u010den\u00ed linie: <\/strong>&#8222;Nigeria&#8220;<\/span><\/em><\/span><\/p>\n<p><span style=\"font-size: 15px;\"><strong><span style=\"color: #000000;\"><em><img loading=\"lazy\" decoding=\"async\" class=\"\" src=\"https:\/\/static.xx.fbcdn.net\/images\/emoji.php\/v9\/ta\/1\/32\/1f525.png\" alt=\"\ud83d\udd25\" width=\"18\" height=\"18\"> <\/em><\/span><\/strong><span style=\"color: #000000;\"><em>Nab\u00edzeno ml\u00e1\u010fata z nep\u0159\u00edbuzn\u00e9ho rodi\u010dovsk\u00e9ho p\u00e1ru. D\u00edky neust\u00e1l\u00e9mu v\u00fdb\u011bru vhodn\u00fdch partner\u016f a vytv\u00e1\u0159en\u00ed p\u00e1r\u016f z generace na generaci se da\u0159\u00ed udr\u017eovat nep\u0159\u00edbuzn\u00e9, rodokmenov\u00e9 chovn\u00e9 linie kr\u00e1sn\u00fdch obr\u016f. <\/em><\/span><\/span><\/p>\n<p style=\"text-align: left;\"><span style=\"font-size: 15px;\"><span style=\"color: #000000;\"><em><span style=\"color: #008000;\"><span style=\"color: #424242;\"><strong><img decoding=\"async\" src=\"https:\/\/static.xx.fbcdn.net\/images\/emoji.php\/v9\/tb4\/1\/16\/2b50.png\" alt=\"\u2b50\ufe0f\"><\/strong> <span style=\"color: #333333;\">Achatina achatina achatina je jedn\u00edm z nejp\u016fsobiv\u011bj\u0161\u00edch z\u00e1stupc\u016f suchozemsk\u00fdch ob\u0159\u00edch \u0161nek\u016f, kter\u00fd svou velikost\u00ed a mimo\u0159\u00e1dn\u011b p\u016fsobivou ulitou p\u0159itahuje pozornost milovn\u00edk\u016f exotiky. Jeho majest\u00e1tn\u00ed oran\u017eovo-hn\u011bd\u00e1 sko\u0159\u00e1pka, zdoben\u00e1 v\u00fdrazn\u00fdmi tmav\u00fdmi pruhy p\u0159ipom\u00ednaj\u00edc\u00edmi tyg\u0159\u00ed vzory, je \u017eivouc\u00edm d\u016fkazem toho, \u017ee p\u0159\u00edroda ovl\u00e1d\u00e1 tvary a barvy. Tito pl\u017ei vedou vyv\u00e1\u017een\u00fd, p\u0159ev\u00e1\u017en\u011b no\u010dn\u00ed \u017eivotn\u00ed styl. Ml\u00e1\u010fata tr\u00e1v\u00ed mnoho hodin v odlehl\u00fdch, \u00fatuln\u00fdch z\u00e1kout\u00edch, kde se u nich vyv\u00edj\u00ed jemn\u00fd r\u016fst krun\u00fd\u0159\u016f. Mezi r\u016fzn\u00fdmi druhy ob\u0159\u00edch \u0161nek\u016f m\u016f\u017eete naj\u00edt velk\u00e9 \u017erouty, ale ne v\u0161echny druhy jed\u00ed hodn\u011b. Mlad\u00ed Achatina achatina maj\u00ed n\u011bkdy chu\u0165 k j\u00eddlu a n\u011bkdy se po n\u011bkolika soustech op\u011bt vr\u00e1t\u00ed k odpo\u010dinku. \u0160nek sn\u00ed tolik potravy, kolik pot\u0159ebuje a nem\u016f\u017ee b\u00fdt p\u0159ekrmov\u00e1n. V z\u00e1vislosti na druhu, v\u011bku \u0161neka a stupni krmen\u00ed p\u0159ed krmen\u00edm m\u016f\u017ee p\u0159est\u00e1vka mezi j\u00eddly trvat a\u017e n\u011bkolik dn\u00ed. Jak pl\u017ei tohoto druhu rostou, st\u00e1le v\u00edce se zaj\u00edmaj\u00ed o velikost porc\u00ed a sv\u00e9 okol\u00ed. St\u00e1le v\u0161ak tr\u00e1v\u00ed v\u011bt\u0161inu \u010dasu na stelivu v ter\u00e1riu, r\u00e1di si zd\u0159\u00edmnou a z\u016fst\u00e1vaj\u00ed konzervativn\u00ed ve v\u00fdb\u011bru potravy.         <\/span><\/span><\/span><\/em><\/span><\/span><\/p>\n<p style=\"text-align: left;\"><span style=\"color: #000000; font-size: 15px;\"><em><span class=\"x1xsqp64 xiy17q3 x1o6pynw x19co3pv xdj266r xcwd3tp xat24cr x39eecv x2b8uid\" data-testid=\"emoji\"><span class=\"xexx8yu xn5pp95 x18d9i69 x2fxd7x x3jgonx x1bhl96m\"><img loading=\"lazy\" decoding=\"async\" class=\"\" src=\"https:\/\/static.xx.fbcdn.net\/images\/emoji.php\/v9\/t66\/1\/32\/1f4cc.png\" alt=\"\ud83d\udccc\" width=\"18\" height=\"18\">  Dosp\u011blci obvykle dosahuj\u00ed asi 15\u201316 cm ulity.<\/span><\/span><\/em><\/span><\/p>\n<p style=\"text-align: left;\"><span style=\"color: #000000; font-size: 15px;\"><em><img loading=\"lazy\" decoding=\"async\" class=\"xz74otr\" src=\"https:\/\/static.xx.fbcdn.net\/images\/emoji.php\/v9\/t1e\/1\/16\/1f33f.png\" alt=\"\ud83c\udf3f\" width=\"18\" height=\"18\"> <span style=\"color: #008000;\">\u0160neci druhu Achatina achatina vedou vyv\u00e1\u017een\u00fd, p\u0159ev\u00e1\u017en\u011b no\u010dn\u00ed \u017eivotn\u00ed styl, rostou pomalu. Da\u0159\u00ed se jim se stabiln\u00edmi z\u00e1kladn\u00edmi \u017eivotn\u00edmi podm\u00ednkami. Pohodln\u00fdm zp\u016fsobem, jak posoudit \u00fa\u010dinnost p\u00e9\u010de, je pozorovat jej\u00ed aktivn\u00ed v\u00fdvoj, viditeln\u00fd mimo jin\u00e9 prost\u0159ednictv\u00edm konstrukce nov\u00e9ho, estetick\u00e9ho r\u016fstu sko\u0159\u00e1pky.  <\/span><\/em><\/span><\/p>\n","protected":false},"excerpt":{"rendered":"<ul>\n<li>C\u00edlov\u00e1 velikost shellu:\n<ul>\n<li>Ok. 15-16<\/li>\n<\/ul>\n<\/li>\n<li>Od nep\u0159\u00edbuzn\u00e9ho p\u00e1ru:\n<ul>\n<li>str. 14<\/li>\n<\/ul>\n<\/li>\n<li>Nab\u00edzen\u00fd mladistv\u00fd:\n<ul>\n<li>cca 6 cm <\/li>\n<\/ul>\n<\/li>\n<li>Cena plat\u00ed na:\n<ul>\n<li>1 ks<\/li>\n<\/ul>\n<\/li>\n<\/ul>\n","protected":false},"featured_media":6564,"template":"","meta":{"_acf_changed":false,"_links_to":"","_links_to_target":""},"product_cat":[161],"product_tag":[],"class_list":{"0":"post-6562","1":"product","2":"type-product","3":"status-publish","4":"has-post-thumbnail","6":"product_cat-sneci","8":"first","9":"outofstock","10":"shipping-taxable","11":"purchasable","12":"product-type-simple"},"acf":[],"yoast_head":"<!-- This site is optimized with the Yoast SEO plugin v24.9 - https:\/\/yoast.com\/wordpress\/plugins\/seo\/ -->\n<title>Achatina achatina standard Nig\u00e9riestandardn\u00ed \/ P14 | MegaPets<\/title>\n<meta name=\"robots\" content=\"index, follow, max-snippet:-1, max-image-preview:large, max-video-preview:-1\" \/>\n<link rel=\"canonical\" href=\"https:\/\/megapets.eu\/cs\/sneci\/achatina-achatina-standard-nigeriastandard-p14\/\" \/>\n<meta property=\"og:locale\" content=\"cs_CZ\" \/>\n<meta property=\"og:type\" content=\"article\" \/>\n<meta property=\"og:title\" content=\"Achatina achatina standard Nig\u00e9riestandardn\u00ed \/ P14 | MegaPets\" \/>\n<meta property=\"og:description\" content=\"C\u00edlov\u00e1 velikost shellu:  Ok. 15-16   Od nep\u0159\u00edbuzn\u00e9ho p\u00e1ru:  str. 14   Nab\u00edzen\u00fd mladistv\u00fd:  cca 6 cm   Cena plat\u00ed na:  1 ks\" \/>\n<meta property=\"og:url\" content=\"https:\/\/megapets.eu\/cs\/sneci\/achatina-achatina-standard-nigeriastandard-p14\/\" \/>\n<meta property=\"og:site_name\" content=\"MegaPets\" \/>\n<meta property=\"article:publisher\" content=\"https:\/\/www.facebook.com\/MegaPets.eu\/\" \/>\n<meta property=\"article:modified_time\" content=\"2025-08-07T12:51:51+00:00\" \/>\n<meta property=\"og:image\" content=\"https:\/\/megapets.eu\/wp-content\/uploads\/2024\/10\/logo4.jpg\" \/>\n\t<meta property=\"og:image:width\" content=\"1212\" \/>\n\t<meta property=\"og:image:height\" content=\"804\" \/>\n\t<meta property=\"og:image:type\" content=\"image\/jpeg\" \/>\n<meta name=\"twitter:card\" content=\"summary_large_image\" \/>\n<meta name=\"twitter:label1\" content=\"Odhadovan\u00e1 doba \u010dten\u00ed\" \/>\n\t<meta name=\"twitter:data1\" content=\"2 minuta\" \/>\n<script type=\"application\/ld+json\" class=\"yoast-schema-graph\">{\"@context\":\"https:\/\/schema.org\",\"@graph\":[{\"@type\":\"WebPage\",\"@id\":\"https:\/\/megapets.eu\/cs\/sneci\/achatina-achatina-standard-nigeriastandard-p14\/\",\"url\":\"https:\/\/megapets.eu\/cs\/sneci\/achatina-achatina-standard-nigeriastandard-p14\/\",\"name\":\"Achatina achatina standard Nig\u00e9rie standardn\u00ed \/ P14 | MegaPets\",\"isPartOf\":{\"@id\":\"https:\/\/megapets.eu\/cs\/#website\"},\"primaryImageOfPage\":{\"@id\":\"https:\/\/megapets.eu\/cs\/sneci\/achatina-achatina-standard-nigeriastandard-p14\/#primaryimage\"},\"image\":{\"@id\":\"https:\/\/megapets.eu\/cs\/sneci\/achatina-achatina-standard-nigeriastandard-p14\/#primaryimage\"},\"thumbnailUrl\":\"https:\/\/megapets.eu\/wp-content\/uploads\/2024\/10\/logo4.jpg\",\"datePublished\":\"2024-10-06T11:55:33+00:00\",\"dateModified\":\"2025-08-07T12:51:51+00:00\",\"breadcrumb\":{\"@id\":\"https:\/\/megapets.eu\/cs\/sneci\/achatina-achatina-standard-nigeriastandard-p14\/#breadcrumb\"},\"inLanguage\":\"cs\",\"potentialAction\":[{\"@type\":\"ReadAction\",\"target\":[\"https:\/\/megapets.eu\/cs\/sneci\/achatina-achatina-standard-nigeriastandard-p14\/\"]}]},{\"@type\":\"ImageObject\",\"inLanguage\":\"cs\",\"@id\":\"https:\/\/megapets.eu\/cs\/sneci\/achatina-achatina-standard-nigeriastandard-p14\/#primaryimage\",\"url\":\"https:\/\/megapets.eu\/wp-content\/uploads\/2024\/10\/logo4.jpg\",\"contentUrl\":\"https:\/\/megapets.eu\/wp-content\/uploads\/2024\/10\/logo4.jpg\",\"width\":1212,\"height\":804},{\"@type\":\"BreadcrumbList\",\"@id\":\"https:\/\/megapets.eu\/cs\/sneci\/achatina-achatina-standard-nigeriastandard-p14\/#breadcrumb\",\"itemListElement\":[{\"@type\":\"ListItem\",\"position\":1,\"name\":\"Strona g\u0142\u00f3wna\",\"item\":\"https:\/\/megapets.eu\/cs\/\"},{\"@type\":\"ListItem\",\"position\":2,\"name\":\"Obchod\",\"item\":\"https:\/\/megapets.eu\/obchod\/\"},{\"@type\":\"ListItem\",\"position\":3,\"name\":\"Achatina achatina standard Nig\u00e9riestandardn\u00ed \/ P14\"}]},{\"@type\":\"WebSite\",\"@id\":\"https:\/\/megapets.eu\/cs\/#website\",\"url\":\"https:\/\/megapets.eu\/cs\/\",\"name\":\"Mega Pets\",\"description\":\"Jedna z najwi\u0119kszych hodowli \u015blimak\u00f3w w Europie\",\"publisher\":{\"@id\":\"https:\/\/megapets.eu\/cs\/#organization\"},\"alternateName\":\"Mega Pets\",\"potentialAction\":[{\"@type\":\"SearchAction\",\"target\":{\"@type\":\"EntryPoint\",\"urlTemplate\":\"https:\/\/megapets.eu\/cs\/?s={search_term_string}\"},\"query-input\":{\"@type\":\"PropertyValueSpecification\",\"valueRequired\":true,\"valueName\":\"search_term_string\"}}],\"inLanguage\":\"cs\"},{\"@type\":\"Organization\",\"@id\":\"https:\/\/megapets.eu\/cs\/#organization\",\"name\":\"Mega Pets\",\"url\":\"https:\/\/megapets.eu\/cs\/\",\"logo\":{\"@type\":\"ImageObject\",\"inLanguage\":\"cs\",\"@id\":\"https:\/\/megapets.eu\/cs\/#\/schema\/logo\/image\/\",\"url\":\"https:\/\/megapets.eu\/wp-content\/uploads\/2025\/04\/megapets_eu-logo.png\",\"contentUrl\":\"https:\/\/megapets.eu\/wp-content\/uploads\/2025\/04\/megapets_eu-logo.png\",\"width\":2362,\"height\":2362,\"caption\":\"Mega Pets\"},\"image\":{\"@id\":\"https:\/\/megapets.eu\/cs\/#\/schema\/logo\/image\/\"},\"sameAs\":[\"https:\/\/www.facebook.com\/MegaPets.eu\/\"]}]}<\/script>\n<!-- \/ Yoast SEO plugin. -->","yoast_head_json":{"title":"Achatina achatina standard Nig\u00e9riestandardn\u00ed \/ P14 | MegaPets","robots":{"index":"index","follow":"follow","max-snippet":"max-snippet:-1","max-image-preview":"max-image-preview:large","max-video-preview":"max-video-preview:-1"},"canonical":"https:\/\/megapets.eu\/cs\/sneci\/achatina-achatina-standard-nigeriastandard-p14\/","og_locale":"cs_CZ","og_type":"article","og_title":"Achatina achatina standard Nig\u00e9riestandardn\u00ed \/ P14 | MegaPets","og_description":"C\u00edlov\u00e1 velikost shellu:  Ok. 15-16   Od nep\u0159\u00edbuzn\u00e9ho p\u00e1ru:  str. 14   Nab\u00edzen\u00fd mladistv\u00fd:  cca 6 cm   Cena plat\u00ed na:  1 ks","og_url":"https:\/\/megapets.eu\/cs\/sneci\/achatina-achatina-standard-nigeriastandard-p14\/","og_site_name":"MegaPets","article_publisher":"https:\/\/www.facebook.com\/MegaPets.eu\/","article_modified_time":"2025-08-07T12:51:51+00:00","og_image":[{"width":1212,"height":804,"url":"https:\/\/megapets.eu\/wp-content\/uploads\/2024\/10\/logo4.jpg","type":"image\/jpeg"}],"twitter_card":"summary_large_image","twitter_misc":{"Odhadovan\u00e1 doba \u010dten\u00ed":"2 minuta"},"schema":{"@context":"https:\/\/schema.org","@graph":[{"@type":"WebPage","@id":"https:\/\/megapets.eu\/cs\/sneci\/achatina-achatina-standard-nigeriastandard-p14\/","url":"https:\/\/megapets.eu\/cs\/sneci\/achatina-achatina-standard-nigeriastandard-p14\/","name":"Achatina achatina standard Nig\u00e9rie standardn\u00ed \/ P14 | MegaPets","isPartOf":{"@id":"https:\/\/megapets.eu\/cs\/#website"},"primaryImageOfPage":{"@id":"https:\/\/megapets.eu\/cs\/sneci\/achatina-achatina-standard-nigeriastandard-p14\/#primaryimage"},"image":{"@id":"https:\/\/megapets.eu\/cs\/sneci\/achatina-achatina-standard-nigeriastandard-p14\/#primaryimage"},"thumbnailUrl":"https:\/\/megapets.eu\/wp-content\/uploads\/2024\/10\/logo4.jpg","datePublished":"2024-10-06T11:55:33+00:00","dateModified":"2025-08-07T12:51:51+00:00","breadcrumb":{"@id":"https:\/\/megapets.eu\/cs\/sneci\/achatina-achatina-standard-nigeriastandard-p14\/#breadcrumb"},"inLanguage":"cs","potentialAction":[{"@type":"ReadAction","target":["https:\/\/megapets.eu\/cs\/sneci\/achatina-achatina-standard-nigeriastandard-p14\/"]}]},{"@type":"ImageObject","inLanguage":"cs","@id":"https:\/\/megapets.eu\/cs\/sneci\/achatina-achatina-standard-nigeriastandard-p14\/#primaryimage","url":"https:\/\/megapets.eu\/wp-content\/uploads\/2024\/10\/logo4.jpg","contentUrl":"https:\/\/megapets.eu\/wp-content\/uploads\/2024\/10\/logo4.jpg","width":1212,"height":804},{"@type":"BreadcrumbList","@id":"https:\/\/megapets.eu\/cs\/sneci\/achatina-achatina-standard-nigeriastandard-p14\/#breadcrumb","itemListElement":[{"@type":"ListItem","position":1,"name":"Strona g\u0142\u00f3wna","item":"https:\/\/megapets.eu\/cs\/"},{"@type":"ListItem","position":2,"name":"Obchod","item":"https:\/\/megapets.eu\/obchod\/"},{"@type":"ListItem","position":3,"name":"Achatina achatina standard Nig\u00e9riestandardn\u00ed \/ P14"}]},{"@type":"WebSite","@id":"https:\/\/megapets.eu\/cs\/#website","url":"https:\/\/megapets.eu\/cs\/","name":"Mega Pets","description":"Jedna z najwi\u0119kszych hodowli \u015blimak\u00f3w w Europie","publisher":{"@id":"https:\/\/megapets.eu\/cs\/#organization"},"alternateName":"Mega Pets","potentialAction":[{"@type":"SearchAction","target":{"@type":"EntryPoint","urlTemplate":"https:\/\/megapets.eu\/cs\/?s={search_term_string}"},"query-input":{"@type":"PropertyValueSpecification","valueRequired":true,"valueName":"search_term_string"}}],"inLanguage":"cs"},{"@type":"Organization","@id":"https:\/\/megapets.eu\/cs\/#organization","name":"Mega Pets","url":"https:\/\/megapets.eu\/cs\/","logo":{"@type":"ImageObject","inLanguage":"cs","@id":"https:\/\/megapets.eu\/cs\/#\/schema\/logo\/image\/","url":"https:\/\/megapets.eu\/wp-content\/uploads\/2025\/04\/megapets_eu-logo.png","contentUrl":"https:\/\/megapets.eu\/wp-content\/uploads\/2025\/04\/megapets_eu-logo.png","width":2362,"height":2362,"caption":"Mega Pets"},"image":{"@id":"https:\/\/megapets.eu\/cs\/#\/schema\/logo\/image\/"},"sameAs":["https:\/\/www.facebook.com\/MegaPets.eu\/"]}]}},"_links":{"self":[{"href":"https:\/\/megapets.eu\/cs\/wp-json\/wp\/v2\/product\/6562","targetHints":{"allow":["GET"]}}],"collection":[{"href":"https:\/\/megapets.eu\/cs\/wp-json\/wp\/v2\/product"}],"about":[{"href":"https:\/\/megapets.eu\/cs\/wp-json\/wp\/v2\/types\/product"}],"wp:featuredmedia":[{"embeddable":true,"href":"https:\/\/megapets.eu\/cs\/wp-json\/wp\/v2\/media\/6564"}],"wp:attachment":[{"href":"https:\/\/megapets.eu\/cs\/wp-json\/wp\/v2\/media?parent=6562"}],"wp:term":[{"taxonomy":"product_cat","embeddable":true,"href":"https:\/\/megapets.eu\/cs\/wp-json\/wp\/v2\/product_cat?post=6562"},{"taxonomy":"product_tag","embeddable":true,"href":"https:\/\/megapets.eu\/cs\/wp-json\/wp\/v2\/product_tag?post=6562"}],"curies":[{"name":"wp","href":"https:\/\/api.w.org\/{rel}","templated":true}]}}