{"id":6572,"date":"2024-10-05T08:47:35","date_gmt":"2024-10-05T08:47:35","guid":{"rendered":"https:\/\/megapets.eu\/neza\u0159azen\u00e9\/centrobolus-fulgiduscerna-ohniva-stonozka\/"},"modified":"2024-10-05T08:47:35","modified_gmt":"2024-10-05T08:47:35","slug":"centrobolus-fulgiduscerna-ohniva-stonozka","status":"publish","type":"product","link":"https:\/\/megapets.eu\/cs\/wije-cs\/centrobolus-fulgiduscerna-ohniva-stonozka\/","title":{"rendered":"Centrobolus fulgidus<br \/>&#8222;\u010cern\u00e1 ohniv\u00e1 stono\u017eka&#8220;"},"content":{"rendered":"<p class=\"v1v1v1v1MsoNormal\"><span style=\"color: #d94890;\"><strong><em><span style=\"font-size: 15px;\"><span style=\"color: #424242;\">Druh:<\/span> <span style=\"color: #bf0650;\">krokod\u00fdl Centrobolus fulgidus &#8218;Black Fire Millipede&#8216; . <\/span><\/span><\/em><\/strong><\/span><\/p>\n<p class=\"v1v1v1v1MsoNormal\"><span style=\"color: #424242;\"><strong><em><span style=\"font-size: 15px;\">Snadno se chovaj\u00ed, tak\u017ee jsou skv\u011bl\u00ed pro za\u010d\u00e1te\u010dn\u00edky.<\/span><\/em><\/strong><\/span><\/p>\n<p><span style=\"color: #424242;\"><strong><em><span style=\"font-size: 15px;\"><strong style=\"color: #424242;\">\ud83c\udf52 \ud83c\udf52\ud83c\udf52 <span style=\"color: #ff0066;\"><span style=\"color: #bf0650;\">Hled\u00e1te n\u011bco super pro za\u010d\u00e1tek chovu?<\/span> <\/span><\/strong><span style=\"color: #333333;\">Krokod\u00fdli Centrobolus fulgidus &#8218;Black Fire Millipede&#8216; jsou kr\u00e1sn\u00ed a snadno chovateln\u00ed tvorov\u00e9, kte\u0159\u00ed jsou pro \u010dlov\u011bka naprosto bezpe\u010dn\u00ed a nekou\u0161ou. Maj\u00ed slab\u00e9 \u010delisti, kter\u00e9 jsou uzp\u016fsobeny k drcen\u00ed rostlinn\u00e9 hmoty. Krokod\u00fdli d\u00e1vaj\u00ed p\u0159ednost vlhk\u00fdm m\u00edst\u016fm, \u017eij\u00ed ve svrchn\u00ed vrstv\u011b substr\u00e1tu a \u017eiv\u00ed se listy, v\u00edceslo\u017ekov\u00fdm substr\u00e1tem ur\u010den\u00fdm pro chov krokod\u00fdl\u016f a zeleninou a ovocem.<\/span><\/span><\/em><\/strong><\/span><\/p>\n","protected":false},"excerpt":{"rendered":"<ul>\n<li>C\u00edlov\u00e1 velikost:\n<ul>\n<li>cca 8 cm<\/li>\n<\/ul>\n<\/li>\n<li>Nab\u00eddka pro mladistv\u00e9:\n<ul>\n<li>P\u0159ibli\u017en\u011b. 3-5 cm<\/li>\n<\/ul>\n<\/li>\n<li>Cena je za:\n<ul>\n<li>Cena za 1 ks<\/li>\n<\/ul>\n<\/li>\n<\/ul>\n","protected":false},"featured_media":6573,"template":"","meta":{"_acf_changed":false,"_links_to":"","_links_to_target":""},"product_cat":[160],"product_tag":[],"class_list":{"0":"post-6572","1":"product","2":"type-product","3":"status-publish","4":"has-post-thumbnail","6":"product_cat-wije-cs","8":"first","9":"instock","10":"shipping-taxable","11":"purchasable","12":"product-type-simple"},"acf":[],"yoast_head":"<!-- This site is optimized with the Yoast SEO plugin v24.9 - https:\/\/yoast.com\/wordpress\/plugins\/seo\/ -->\n<title>Centrobolus fulgidus&quot;\u010cern\u00e1 ohniv\u00e1 stono\u017eka&quot; | MegaPets<\/title>\n<meta name=\"robots\" content=\"index, follow, max-snippet:-1, max-image-preview:large, max-video-preview:-1\" \/>\n<link rel=\"canonical\" href=\"https:\/\/megapets.eu\/cs\/wije-cs\/centrobolus-fulgiduscerna-ohniva-stonozka\/\" \/>\n<meta property=\"og:locale\" content=\"cs_CZ\" \/>\n<meta property=\"og:type\" content=\"article\" \/>\n<meta property=\"og:title\" content=\"Centrobolus fulgidus&quot;\u010cern\u00e1 ohniv\u00e1 stono\u017eka&quot; | MegaPets\" \/>\n<meta property=\"og:description\" content=\"C\u00edlov\u00e1 velikost:  cca 8 cm   Nab\u00eddka pro mladistv\u00e9:  P\u0159ibli\u017en\u011b. 3-5 cm   Cena je za:  Cena za 1 ks\" \/>\n<meta property=\"og:url\" content=\"https:\/\/megapets.eu\/cs\/wije-cs\/centrobolus-fulgiduscerna-ohniva-stonozka\/\" \/>\n<meta property=\"og:site_name\" content=\"MegaPets\" \/>\n<meta property=\"article:publisher\" content=\"https:\/\/www.facebook.com\/MegaPets.eu\/\" \/>\n<meta property=\"og:image\" content=\"https:\/\/megapets.eu\/wp-content\/uploads\/2024\/10\/1w.jpg\" \/>\n\t<meta property=\"og:image:width\" content=\"1199\" \/>\n\t<meta property=\"og:image:height\" content=\"799\" \/>\n\t<meta property=\"og:image:type\" content=\"image\/jpeg\" \/>\n<meta name=\"twitter:card\" content=\"summary_large_image\" \/>\n<meta name=\"twitter:label1\" content=\"Odhadovan\u00e1 doba \u010dten\u00ed\" \/>\n\t<meta name=\"twitter:data1\" content=\"1 minuta\" \/>\n<script type=\"application\/ld+json\" class=\"yoast-schema-graph\">{\"@context\":\"https:\/\/schema.org\",\"@graph\":[{\"@type\":\"WebPage\",\"@id\":\"https:\/\/megapets.eu\/cs\/wije-cs\/centrobolus-fulgiduscerna-ohniva-stonozka\/\",\"url\":\"https:\/\/megapets.eu\/cs\/wije-cs\/centrobolus-fulgiduscerna-ohniva-stonozka\/\",\"name\":\"Centrobolus fulgidus \\\"\u010cern\u00e1 ohniv\u00e1 stono\u017eka\\\" | MegaPets\",\"isPartOf\":{\"@id\":\"https:\/\/megapets.eu\/cs\/#website\"},\"primaryImageOfPage\":{\"@id\":\"https:\/\/megapets.eu\/cs\/wije-cs\/centrobolus-fulgiduscerna-ohniva-stonozka\/#primaryimage\"},\"image\":{\"@id\":\"https:\/\/megapets.eu\/cs\/wije-cs\/centrobolus-fulgiduscerna-ohniva-stonozka\/#primaryimage\"},\"thumbnailUrl\":\"https:\/\/megapets.eu\/wp-content\/uploads\/2024\/10\/1w.jpg\",\"datePublished\":\"2024-10-05T08:47:35+00:00\",\"breadcrumb\":{\"@id\":\"https:\/\/megapets.eu\/cs\/wije-cs\/centrobolus-fulgiduscerna-ohniva-stonozka\/#breadcrumb\"},\"inLanguage\":\"cs\",\"potentialAction\":[{\"@type\":\"ReadAction\",\"target\":[\"https:\/\/megapets.eu\/cs\/wije-cs\/centrobolus-fulgiduscerna-ohniva-stonozka\/\"]}]},{\"@type\":\"ImageObject\",\"inLanguage\":\"cs\",\"@id\":\"https:\/\/megapets.eu\/cs\/wije-cs\/centrobolus-fulgiduscerna-ohniva-stonozka\/#primaryimage\",\"url\":\"https:\/\/megapets.eu\/wp-content\/uploads\/2024\/10\/1w.jpg\",\"contentUrl\":\"https:\/\/megapets.eu\/wp-content\/uploads\/2024\/10\/1w.jpg\",\"width\":1199,\"height\":799},{\"@type\":\"BreadcrumbList\",\"@id\":\"https:\/\/megapets.eu\/cs\/wije-cs\/centrobolus-fulgiduscerna-ohniva-stonozka\/#breadcrumb\",\"itemListElement\":[{\"@type\":\"ListItem\",\"position\":1,\"name\":\"Strona g\u0142\u00f3wna\",\"item\":\"https:\/\/megapets.eu\/cs\/\"},{\"@type\":\"ListItem\",\"position\":2,\"name\":\"Obchod\",\"item\":\"https:\/\/megapets.eu\/obchod\/\"},{\"@type\":\"ListItem\",\"position\":3,\"name\":\"Centrobolus fulgidus&#8222;\u010cern\u00e1 ohniv\u00e1 stono\u017eka\\\"\"}]},{\"@type\":\"WebSite\",\"@id\":\"https:\/\/megapets.eu\/cs\/#website\",\"url\":\"https:\/\/megapets.eu\/cs\/\",\"name\":\"Mega Pets\",\"description\":\"Jedna z najwi\u0119kszych hodowli \u015blimak\u00f3w w Europie\",\"publisher\":{\"@id\":\"https:\/\/megapets.eu\/cs\/#organization\"},\"alternateName\":\"Mega Pets\",\"potentialAction\":[{\"@type\":\"SearchAction\",\"target\":{\"@type\":\"EntryPoint\",\"urlTemplate\":\"https:\/\/megapets.eu\/cs\/?s={search_term_string}\"},\"query-input\":{\"@type\":\"PropertyValueSpecification\",\"valueRequired\":true,\"valueName\":\"search_term_string\"}}],\"inLanguage\":\"cs\"},{\"@type\":\"Organization\",\"@id\":\"https:\/\/megapets.eu\/cs\/#organization\",\"name\":\"Mega Pets\",\"url\":\"https:\/\/megapets.eu\/cs\/\",\"logo\":{\"@type\":\"ImageObject\",\"inLanguage\":\"cs\",\"@id\":\"https:\/\/megapets.eu\/cs\/#\/schema\/logo\/image\/\",\"url\":\"https:\/\/megapets.eu\/wp-content\/uploads\/2025\/04\/megapets_eu-logo.png\",\"contentUrl\":\"https:\/\/megapets.eu\/wp-content\/uploads\/2025\/04\/megapets_eu-logo.png\",\"width\":2362,\"height\":2362,\"caption\":\"Mega Pets\"},\"image\":{\"@id\":\"https:\/\/megapets.eu\/cs\/#\/schema\/logo\/image\/\"},\"sameAs\":[\"https:\/\/www.facebook.com\/MegaPets.eu\/\"]}]}<\/script>\n<!-- \/ Yoast SEO plugin. -->","yoast_head_json":{"title":"Centrobolus fulgidus\"\u010cern\u00e1 ohniv\u00e1 stono\u017eka\" | MegaPets","robots":{"index":"index","follow":"follow","max-snippet":"max-snippet:-1","max-image-preview":"max-image-preview:large","max-video-preview":"max-video-preview:-1"},"canonical":"https:\/\/megapets.eu\/cs\/wije-cs\/centrobolus-fulgiduscerna-ohniva-stonozka\/","og_locale":"cs_CZ","og_type":"article","og_title":"Centrobolus fulgidus\"\u010cern\u00e1 ohniv\u00e1 stono\u017eka\" | MegaPets","og_description":"C\u00edlov\u00e1 velikost:  cca 8 cm   Nab\u00eddka pro mladistv\u00e9:  P\u0159ibli\u017en\u011b. 3-5 cm   Cena je za:  Cena za 1 ks","og_url":"https:\/\/megapets.eu\/cs\/wije-cs\/centrobolus-fulgiduscerna-ohniva-stonozka\/","og_site_name":"MegaPets","article_publisher":"https:\/\/www.facebook.com\/MegaPets.eu\/","og_image":[{"width":1199,"height":799,"url":"https:\/\/megapets.eu\/wp-content\/uploads\/2024\/10\/1w.jpg","type":"image\/jpeg"}],"twitter_card":"summary_large_image","twitter_misc":{"Odhadovan\u00e1 doba \u010dten\u00ed":"1 minuta"},"schema":{"@context":"https:\/\/schema.org","@graph":[{"@type":"WebPage","@id":"https:\/\/megapets.eu\/cs\/wije-cs\/centrobolus-fulgiduscerna-ohniva-stonozka\/","url":"https:\/\/megapets.eu\/cs\/wije-cs\/centrobolus-fulgiduscerna-ohniva-stonozka\/","name":"Centrobolus fulgidus \"\u010cern\u00e1 ohniv\u00e1 stono\u017eka\" | MegaPets","isPartOf":{"@id":"https:\/\/megapets.eu\/cs\/#website"},"primaryImageOfPage":{"@id":"https:\/\/megapets.eu\/cs\/wije-cs\/centrobolus-fulgiduscerna-ohniva-stonozka\/#primaryimage"},"image":{"@id":"https:\/\/megapets.eu\/cs\/wije-cs\/centrobolus-fulgiduscerna-ohniva-stonozka\/#primaryimage"},"thumbnailUrl":"https:\/\/megapets.eu\/wp-content\/uploads\/2024\/10\/1w.jpg","datePublished":"2024-10-05T08:47:35+00:00","breadcrumb":{"@id":"https:\/\/megapets.eu\/cs\/wije-cs\/centrobolus-fulgiduscerna-ohniva-stonozka\/#breadcrumb"},"inLanguage":"cs","potentialAction":[{"@type":"ReadAction","target":["https:\/\/megapets.eu\/cs\/wije-cs\/centrobolus-fulgiduscerna-ohniva-stonozka\/"]}]},{"@type":"ImageObject","inLanguage":"cs","@id":"https:\/\/megapets.eu\/cs\/wije-cs\/centrobolus-fulgiduscerna-ohniva-stonozka\/#primaryimage","url":"https:\/\/megapets.eu\/wp-content\/uploads\/2024\/10\/1w.jpg","contentUrl":"https:\/\/megapets.eu\/wp-content\/uploads\/2024\/10\/1w.jpg","width":1199,"height":799},{"@type":"BreadcrumbList","@id":"https:\/\/megapets.eu\/cs\/wije-cs\/centrobolus-fulgiduscerna-ohniva-stonozka\/#breadcrumb","itemListElement":[{"@type":"ListItem","position":1,"name":"Strona g\u0142\u00f3wna","item":"https:\/\/megapets.eu\/cs\/"},{"@type":"ListItem","position":2,"name":"Obchod","item":"https:\/\/megapets.eu\/obchod\/"},{"@type":"ListItem","position":3,"name":"Centrobolus fulgidus&#8222;\u010cern\u00e1 ohniv\u00e1 stono\u017eka\""}]},{"@type":"WebSite","@id":"https:\/\/megapets.eu\/cs\/#website","url":"https:\/\/megapets.eu\/cs\/","name":"Mega Pets","description":"Jedna z najwi\u0119kszych hodowli \u015blimak\u00f3w w Europie","publisher":{"@id":"https:\/\/megapets.eu\/cs\/#organization"},"alternateName":"Mega Pets","potentialAction":[{"@type":"SearchAction","target":{"@type":"EntryPoint","urlTemplate":"https:\/\/megapets.eu\/cs\/?s={search_term_string}"},"query-input":{"@type":"PropertyValueSpecification","valueRequired":true,"valueName":"search_term_string"}}],"inLanguage":"cs"},{"@type":"Organization","@id":"https:\/\/megapets.eu\/cs\/#organization","name":"Mega Pets","url":"https:\/\/megapets.eu\/cs\/","logo":{"@type":"ImageObject","inLanguage":"cs","@id":"https:\/\/megapets.eu\/cs\/#\/schema\/logo\/image\/","url":"https:\/\/megapets.eu\/wp-content\/uploads\/2025\/04\/megapets_eu-logo.png","contentUrl":"https:\/\/megapets.eu\/wp-content\/uploads\/2025\/04\/megapets_eu-logo.png","width":2362,"height":2362,"caption":"Mega Pets"},"image":{"@id":"https:\/\/megapets.eu\/cs\/#\/schema\/logo\/image\/"},"sameAs":["https:\/\/www.facebook.com\/MegaPets.eu\/"]}]}},"_links":{"self":[{"href":"https:\/\/megapets.eu\/cs\/wp-json\/wp\/v2\/product\/6572","targetHints":{"allow":["GET"]}}],"collection":[{"href":"https:\/\/megapets.eu\/cs\/wp-json\/wp\/v2\/product"}],"about":[{"href":"https:\/\/megapets.eu\/cs\/wp-json\/wp\/v2\/types\/product"}],"wp:featuredmedia":[{"embeddable":true,"href":"https:\/\/megapets.eu\/cs\/wp-json\/wp\/v2\/media\/6573"}],"wp:attachment":[{"href":"https:\/\/megapets.eu\/cs\/wp-json\/wp\/v2\/media?parent=6572"}],"wp:term":[{"taxonomy":"product_cat","embeddable":true,"href":"https:\/\/megapets.eu\/cs\/wp-json\/wp\/v2\/product_cat?post=6572"},{"taxonomy":"product_tag","embeddable":true,"href":"https:\/\/megapets.eu\/cs\/wp-json\/wp\/v2\/product_tag?post=6572"}],"curies":[{"name":"wp","href":"https:\/\/api.w.org\/{rel}","templated":true}]}}