{"id":6577,"date":"2024-10-17T20:44:27","date_gmt":"2024-10-17T20:44:27","guid":{"rendered":"https:\/\/megapets.eu\/neza\u0159azen\u00e9\/archachatina-marginata-ovum-xxlstandard-par-p15\/"},"modified":"2024-10-17T20:44:27","modified_gmt":"2024-10-17T20:44:27","slug":"archachatina-marginata-ovum-xxlstandard-par-p15","status":"publish","type":"product","link":"https:\/\/megapets.eu\/cs\/sneci\/archachatina-marginata-ovum-xxlstandard-par-p15\/","title":{"rendered":"Archachatina marginata ovum XXL<br \/>standard \/ p\u00e1r P15"},"content":{"rendered":"<p class=\"v1v1v1v1MsoNormal\"><span style=\"color: #424242; font-size: 15px;\"><em><span style=\"color: #000000;\"><strong>Druh:<\/strong> <\/span><\/em><span style=\"color: #000000;\"><em>Archachatina marginata ovum (L. Pfeiffer, 1858)<\/em><\/span><em><br \/>\n<strong><span style=\"color: #000000;\">Zvl\u00e1\u0161tn\u00ed ozna\u010den\u00ed rodu: <\/span><\/strong><\/em><em><span style=\"color: #000000;\">&#8222;XXL&#8220;<\/span><\/em><em><br \/>\n<span style=\"color: #000000;\"><strong>Barevn\u00e1 varieta<\/strong>:<\/span><\/em><em><span style=\"color: #000000;\"> standard<\/span><\/em><\/span><\/p>\n<p style=\"text-align: left;\"><span style=\"font-size: 15px;\"><span style=\"color: #000000;\"><em><img loading=\"lazy\" decoding=\"async\" class=\"\" src=\"https:\/\/static.xx.fbcdn.net\/images\/emoji.php\/v9\/ta\/1\/32\/1f525.png\" alt=\"\ud83d\udd25\" width=\"18\" height=\"18\" \/> <\/em><\/span><em style=\"color: #000000;\"><span style=\"color: #008000;\"><span style=\"color: #424242;\"><span style=\"color: #993300;\">Jeden z nejv\u011bt\u0161\u00edch suchozemsk\u00fdch pl\u017e\u016f, nesporn\u00ed ob\u0159i Archachatina marginata ovum XXL, v barevn\u00e9 variet\u011b standard, zaujmou na prvn\u00ed pohled svou kolos\u00e1ln\u00ed velikost\u00ed. Tito hn\u011bd\u00ed ob\u0159i, dob\u0159e zn\u00e1m\u00ed mezi milovn\u00edky hlem\u00fd\u017e\u010f\u016f, dosahuj\u00ed impozantn\u00edch rozm\u011br\u016f p\u0159es 16 cm ulity. To v\u0161ak nen\u00ed hranice &#8211; existuj\u00ed i exempl\u00e1\u0159e v\u00fdjime\u010dn\u00fdch rozm\u011br\u016f, kter\u00e9 se pohybuj\u00ed v rozmez\u00ed 18-20 cm. Ulity prav\u00fdch obr\u016f jsou velmi \u0161irok\u00e9 a masivn\u00ed, p\u0159i\u010dem\u017e jeden pl\u017e tohoto druhu v\u00e1\u017e\u00ed p\u0159es p\u016fl kilogramu.<\/span><\/span><\/span><\/em><\/span><\/p>\n<p style=\"text-align: left;\"><span style=\"color: #000000; font-size: 15px;\"><em><span class=\"x1xsqp64 xiy17q3 x1o6pynw x19co3pv xdj266r xcwd3tp xat24cr x39eecv x2b8uid\" data-testid=\"emoji\"><span class=\"xexx8yu xn5pp95 x18d9i69 x2fxd7x x3jgonx x1bhl96m\"><img loading=\"lazy\" decoding=\"async\" class=\"\" src=\"https:\/\/static.xx.fbcdn.net\/images\/emoji.php\/v9\/t66\/1\/32\/1f4cc.png\" alt=\"\ud83d\udccc\" width=\"18\" height=\"18\" \/> Matn\u00e1 ulita nem\u00e1 jednotn\u00e9 zbarven\u00ed &#8211; p\u0159edstavuje \u0161k\u00e1lu \u017elut\u00fdch, oran\u017eov\u00fdch, hn\u011bd\u00fdch a\u017e \u010dern\u00fdch barev a jejich odst\u00edn\u016f r\u016fzn\u00e9 intenzity a sytosti.  Pozad\u00ed ulity je hust\u011b poseto v\u00fdrazn\u00fdmi pruhy, klikatkami a skvrnami. Pruhy, klikatky a skvrny jsou n\u011bkdy rozm\u00edst\u011bny tak hust\u011b, \u017ee mohou t\u00e9m\u011b\u0159 zcela zakr\u00fdt t\u011bln\u00ed z\u00e1vit ulity a d\u00e1t j\u00ed syt\u011b oran\u017eovohn\u011bdou barvu nebo v\u00fdrazn\u011b ztmavit ulitu do intenzivn\u00edch hn\u011bdo\u010dern\u00fdch odst\u00edn\u016f.<\/span><\/span><\/em><\/span><\/p>\n<p style=\"text-align: left;\"><span style=\"color: #000000; font-size: 15px;\"><em><img loading=\"lazy\" decoding=\"async\" class=\"xz74otr\" src=\"https:\/\/static.xx.fbcdn.net\/images\/emoji.php\/v9\/t1e\/1\/16\/1f33f.png\" alt=\"\ud83c\udf3f\" width=\"18\" height=\"18\" \/> <span style=\"color: #008000;\">Stejn\u011b jako v\u011bt\u0161ina druh\u016f rodu Archachatina jsou tito pl\u017ei nen\u00e1ro\u010dn\u00ed a p\u0159i zaji\u0161t\u011bn\u00ed z\u00e1kladn\u00edch podm\u00ednek pro \u00fadr\u017ebu dob\u0159e prosp\u00edvaj\u00ed.<\/span><\/em><\/span><\/p>\n","protected":false},"excerpt":{"rendered":"<ul>\n<li>Od nesouvisej\u00edc\u00edho p\u00e1ru:\n<ul>\n<li>P15<\/li>\n<\/ul>\n<\/li>\n<li>C\u00edlov\u00e1 velikost n\u00e1bojnice:\n<ul>\n<li>cca. 16 cm a v\u00edce<\/li>\n<\/ul>\n<\/li>\n<li>Nab\u00edzen\u00e9 ml\u00e1d\u011b:\n<ul>\n<li>cca. 5-6 cm<\/li>\n<\/ul>\n<\/li>\n<li>Cena je za:\n<ul>\n<li>Cena za 1 ks<\/li>\n<\/ul>\n<\/li>\n<\/ul>\n","protected":false},"featured_media":6580,"template":"","meta":{"_acf_changed":false,"_links_to":"","_links_to_target":""},"product_cat":[161],"product_tag":[],"class_list":{"0":"post-6577","1":"product","2":"type-product","3":"status-publish","4":"has-post-thumbnail","6":"product_cat-sneci","8":"first","9":"outofstock","10":"shipping-taxable","11":"purchasable","12":"product-type-simple"},"acf":[],"yoast_head":"<!-- This site is optimized with the Yoast SEO plugin v24.9 - https:\/\/yoast.com\/wordpress\/plugins\/seo\/ -->\n<title>Archachatina marginata ovum XXLstandard \/ p\u00e1r P15 | MegaPets<\/title>\n<meta name=\"robots\" content=\"index, follow, max-snippet:-1, max-image-preview:large, max-video-preview:-1\" \/>\n<link rel=\"canonical\" href=\"https:\/\/megapets.eu\/cs\/sneci\/archachatina-marginata-ovum-xxlstandard-par-p15\/\" \/>\n<meta property=\"og:locale\" content=\"cs_CZ\" \/>\n<meta property=\"og:type\" content=\"article\" \/>\n<meta property=\"og:title\" content=\"Archachatina marginata ovum XXLstandard \/ p\u00e1r P15 | MegaPets\" \/>\n<meta property=\"og:description\" content=\"Od nesouvisej\u00edc\u00edho p\u00e1ru:  P15   C\u00edlov\u00e1 velikost n\u00e1bojnice:  cca. 16 cm a v\u00edce   Nab\u00edzen\u00e9 ml\u00e1d\u011b:  cca. 5-6 cm   Cena je za:  Cena za 1 ks\" \/>\n<meta property=\"og:url\" content=\"https:\/\/megapets.eu\/cs\/sneci\/archachatina-marginata-ovum-xxlstandard-par-p15\/\" \/>\n<meta property=\"og:site_name\" content=\"MegaPets\" \/>\n<meta property=\"article:publisher\" content=\"https:\/\/www.facebook.com\/MegaPets.eu\/\" \/>\n<meta property=\"og:image\" content=\"https:\/\/megapets.eu\/wp-content\/uploads\/2024\/10\/P15-Logo-EX.png\" \/>\n\t<meta property=\"og:image:width\" content=\"1032\" \/>\n\t<meta property=\"og:image:height\" content=\"689\" \/>\n\t<meta property=\"og:image:type\" content=\"image\/png\" \/>\n<meta name=\"twitter:card\" content=\"summary_large_image\" \/>\n<meta name=\"twitter:label1\" content=\"Odhadovan\u00e1 doba \u010dten\u00ed\" \/>\n\t<meta name=\"twitter:data1\" content=\"1 minuta\" \/>\n<script type=\"application\/ld+json\" class=\"yoast-schema-graph\">{\"@context\":\"https:\/\/schema.org\",\"@graph\":[{\"@type\":\"WebPage\",\"@id\":\"https:\/\/megapets.eu\/cs\/sneci\/archachatina-marginata-ovum-xxlstandard-par-p15\/\",\"url\":\"https:\/\/megapets.eu\/cs\/sneci\/archachatina-marginata-ovum-xxlstandard-par-p15\/\",\"name\":\"Archachatina marginata ovum XXL standard \/ p\u00e1r P15 | MegaPets\",\"isPartOf\":{\"@id\":\"https:\/\/megapets.eu\/cs\/#website\"},\"primaryImageOfPage\":{\"@id\":\"https:\/\/megapets.eu\/cs\/sneci\/archachatina-marginata-ovum-xxlstandard-par-p15\/#primaryimage\"},\"image\":{\"@id\":\"https:\/\/megapets.eu\/cs\/sneci\/archachatina-marginata-ovum-xxlstandard-par-p15\/#primaryimage\"},\"thumbnailUrl\":\"https:\/\/megapets.eu\/wp-content\/uploads\/2024\/10\/P15-Logo-EX.png\",\"datePublished\":\"2024-10-17T20:44:27+00:00\",\"breadcrumb\":{\"@id\":\"https:\/\/megapets.eu\/cs\/sneci\/archachatina-marginata-ovum-xxlstandard-par-p15\/#breadcrumb\"},\"inLanguage\":\"cs\",\"potentialAction\":[{\"@type\":\"ReadAction\",\"target\":[\"https:\/\/megapets.eu\/cs\/sneci\/archachatina-marginata-ovum-xxlstandard-par-p15\/\"]}]},{\"@type\":\"ImageObject\",\"inLanguage\":\"cs\",\"@id\":\"https:\/\/megapets.eu\/cs\/sneci\/archachatina-marginata-ovum-xxlstandard-par-p15\/#primaryimage\",\"url\":\"https:\/\/megapets.eu\/wp-content\/uploads\/2024\/10\/P15-Logo-EX.png\",\"contentUrl\":\"https:\/\/megapets.eu\/wp-content\/uploads\/2024\/10\/P15-Logo-EX.png\",\"width\":1032,\"height\":689},{\"@type\":\"BreadcrumbList\",\"@id\":\"https:\/\/megapets.eu\/cs\/sneci\/archachatina-marginata-ovum-xxlstandard-par-p15\/#breadcrumb\",\"itemListElement\":[{\"@type\":\"ListItem\",\"position\":1,\"name\":\"Strona g\u0142\u00f3wna\",\"item\":\"https:\/\/megapets.eu\/cs\/\"},{\"@type\":\"ListItem\",\"position\":2,\"name\":\"Obchod\",\"item\":\"https:\/\/megapets.eu\/obchod\/\"},{\"@type\":\"ListItem\",\"position\":3,\"name\":\"Archachatina marginata ovum XXLstandard \/ p\u00e1r P15\"}]},{\"@type\":\"WebSite\",\"@id\":\"https:\/\/megapets.eu\/cs\/#website\",\"url\":\"https:\/\/megapets.eu\/cs\/\",\"name\":\"Mega Pets\",\"description\":\"Jedna z najwi\u0119kszych hodowli \u015blimak\u00f3w w Europie\",\"publisher\":{\"@id\":\"https:\/\/megapets.eu\/cs\/#organization\"},\"alternateName\":\"Mega Pets\",\"potentialAction\":[{\"@type\":\"SearchAction\",\"target\":{\"@type\":\"EntryPoint\",\"urlTemplate\":\"https:\/\/megapets.eu\/cs\/?s={search_term_string}\"},\"query-input\":{\"@type\":\"PropertyValueSpecification\",\"valueRequired\":true,\"valueName\":\"search_term_string\"}}],\"inLanguage\":\"cs\"},{\"@type\":\"Organization\",\"@id\":\"https:\/\/megapets.eu\/cs\/#organization\",\"name\":\"Mega Pets\",\"url\":\"https:\/\/megapets.eu\/cs\/\",\"logo\":{\"@type\":\"ImageObject\",\"inLanguage\":\"cs\",\"@id\":\"https:\/\/megapets.eu\/cs\/#\/schema\/logo\/image\/\",\"url\":\"https:\/\/megapets.eu\/wp-content\/uploads\/2025\/04\/megapets_eu-logo.png\",\"contentUrl\":\"https:\/\/megapets.eu\/wp-content\/uploads\/2025\/04\/megapets_eu-logo.png\",\"width\":2362,\"height\":2362,\"caption\":\"Mega Pets\"},\"image\":{\"@id\":\"https:\/\/megapets.eu\/cs\/#\/schema\/logo\/image\/\"},\"sameAs\":[\"https:\/\/www.facebook.com\/MegaPets.eu\/\"]}]}<\/script>\n<!-- \/ Yoast SEO plugin. -->","yoast_head_json":{"title":"Archachatina marginata ovum XXLstandard \/ p\u00e1r P15 | MegaPets","robots":{"index":"index","follow":"follow","max-snippet":"max-snippet:-1","max-image-preview":"max-image-preview:large","max-video-preview":"max-video-preview:-1"},"canonical":"https:\/\/megapets.eu\/cs\/sneci\/archachatina-marginata-ovum-xxlstandard-par-p15\/","og_locale":"cs_CZ","og_type":"article","og_title":"Archachatina marginata ovum XXLstandard \/ p\u00e1r P15 | MegaPets","og_description":"Od nesouvisej\u00edc\u00edho p\u00e1ru:  P15   C\u00edlov\u00e1 velikost n\u00e1bojnice:  cca. 16 cm a v\u00edce   Nab\u00edzen\u00e9 ml\u00e1d\u011b:  cca. 5-6 cm   Cena je za:  Cena za 1 ks","og_url":"https:\/\/megapets.eu\/cs\/sneci\/archachatina-marginata-ovum-xxlstandard-par-p15\/","og_site_name":"MegaPets","article_publisher":"https:\/\/www.facebook.com\/MegaPets.eu\/","og_image":[{"width":1032,"height":689,"url":"https:\/\/megapets.eu\/wp-content\/uploads\/2024\/10\/P15-Logo-EX.png","type":"image\/png"}],"twitter_card":"summary_large_image","twitter_misc":{"Odhadovan\u00e1 doba \u010dten\u00ed":"1 minuta"},"schema":{"@context":"https:\/\/schema.org","@graph":[{"@type":"WebPage","@id":"https:\/\/megapets.eu\/cs\/sneci\/archachatina-marginata-ovum-xxlstandard-par-p15\/","url":"https:\/\/megapets.eu\/cs\/sneci\/archachatina-marginata-ovum-xxlstandard-par-p15\/","name":"Archachatina marginata ovum XXL standard \/ p\u00e1r P15 | MegaPets","isPartOf":{"@id":"https:\/\/megapets.eu\/cs\/#website"},"primaryImageOfPage":{"@id":"https:\/\/megapets.eu\/cs\/sneci\/archachatina-marginata-ovum-xxlstandard-par-p15\/#primaryimage"},"image":{"@id":"https:\/\/megapets.eu\/cs\/sneci\/archachatina-marginata-ovum-xxlstandard-par-p15\/#primaryimage"},"thumbnailUrl":"https:\/\/megapets.eu\/wp-content\/uploads\/2024\/10\/P15-Logo-EX.png","datePublished":"2024-10-17T20:44:27+00:00","breadcrumb":{"@id":"https:\/\/megapets.eu\/cs\/sneci\/archachatina-marginata-ovum-xxlstandard-par-p15\/#breadcrumb"},"inLanguage":"cs","potentialAction":[{"@type":"ReadAction","target":["https:\/\/megapets.eu\/cs\/sneci\/archachatina-marginata-ovum-xxlstandard-par-p15\/"]}]},{"@type":"ImageObject","inLanguage":"cs","@id":"https:\/\/megapets.eu\/cs\/sneci\/archachatina-marginata-ovum-xxlstandard-par-p15\/#primaryimage","url":"https:\/\/megapets.eu\/wp-content\/uploads\/2024\/10\/P15-Logo-EX.png","contentUrl":"https:\/\/megapets.eu\/wp-content\/uploads\/2024\/10\/P15-Logo-EX.png","width":1032,"height":689},{"@type":"BreadcrumbList","@id":"https:\/\/megapets.eu\/cs\/sneci\/archachatina-marginata-ovum-xxlstandard-par-p15\/#breadcrumb","itemListElement":[{"@type":"ListItem","position":1,"name":"Strona g\u0142\u00f3wna","item":"https:\/\/megapets.eu\/cs\/"},{"@type":"ListItem","position":2,"name":"Obchod","item":"https:\/\/megapets.eu\/obchod\/"},{"@type":"ListItem","position":3,"name":"Archachatina marginata ovum XXLstandard \/ p\u00e1r P15"}]},{"@type":"WebSite","@id":"https:\/\/megapets.eu\/cs\/#website","url":"https:\/\/megapets.eu\/cs\/","name":"Mega Pets","description":"Jedna z najwi\u0119kszych hodowli \u015blimak\u00f3w w Europie","publisher":{"@id":"https:\/\/megapets.eu\/cs\/#organization"},"alternateName":"Mega Pets","potentialAction":[{"@type":"SearchAction","target":{"@type":"EntryPoint","urlTemplate":"https:\/\/megapets.eu\/cs\/?s={search_term_string}"},"query-input":{"@type":"PropertyValueSpecification","valueRequired":true,"valueName":"search_term_string"}}],"inLanguage":"cs"},{"@type":"Organization","@id":"https:\/\/megapets.eu\/cs\/#organization","name":"Mega Pets","url":"https:\/\/megapets.eu\/cs\/","logo":{"@type":"ImageObject","inLanguage":"cs","@id":"https:\/\/megapets.eu\/cs\/#\/schema\/logo\/image\/","url":"https:\/\/megapets.eu\/wp-content\/uploads\/2025\/04\/megapets_eu-logo.png","contentUrl":"https:\/\/megapets.eu\/wp-content\/uploads\/2025\/04\/megapets_eu-logo.png","width":2362,"height":2362,"caption":"Mega Pets"},"image":{"@id":"https:\/\/megapets.eu\/cs\/#\/schema\/logo\/image\/"},"sameAs":["https:\/\/www.facebook.com\/MegaPets.eu\/"]}]}},"_links":{"self":[{"href":"https:\/\/megapets.eu\/cs\/wp-json\/wp\/v2\/product\/6577","targetHints":{"allow":["GET"]}}],"collection":[{"href":"https:\/\/megapets.eu\/cs\/wp-json\/wp\/v2\/product"}],"about":[{"href":"https:\/\/megapets.eu\/cs\/wp-json\/wp\/v2\/types\/product"}],"wp:featuredmedia":[{"embeddable":true,"href":"https:\/\/megapets.eu\/cs\/wp-json\/wp\/v2\/media\/6580"}],"wp:attachment":[{"href":"https:\/\/megapets.eu\/cs\/wp-json\/wp\/v2\/media?parent=6577"}],"wp:term":[{"taxonomy":"product_cat","embeddable":true,"href":"https:\/\/megapets.eu\/cs\/wp-json\/wp\/v2\/product_cat?post=6577"},{"taxonomy":"product_tag","embeddable":true,"href":"https:\/\/megapets.eu\/cs\/wp-json\/wp\/v2\/product_tag?post=6577"}],"curies":[{"name":"wp","href":"https:\/\/api.w.org\/{rel}","templated":true}]}}