{"id":6581,"date":"2024-10-06T11:23:29","date_gmt":"2024-10-06T11:23:29","guid":{"rendered":"https:\/\/megapets.eu\/neza\u0159azen\u00e9\/lissachatina-fulica-rodatzi-albino-telo\/"},"modified":"2025-11-08T13:41:02","modified_gmt":"2025-11-08T13:41:02","slug":"lissachatina-fulica-rodatzi-albino-telo","status":"publish","type":"product","link":"https:\/\/megapets.eu\/cs\/sneci\/lissachatina-fulica-rodatzi-albino-telo\/","title":{"rendered":"Lissachatina fulica rodatzi alb\u00ednsk\u00e9 t\u011blo"},"content":{"rendered":"<p class=\"v1v1v1v1MsoNormal\"><span style=\"color: #424242;\"><strong><em><span style=\"font-size: 15px;\"><b>Druh: Lissachatina fulica rodatzi (Dunker, 1852).<\/b><br \/>\nBarevn\u00e1 rozmanitost: alb\u00ednsk\u00e9 t\u011blo<\/span><\/em><\/strong><\/span><\/p>\n<p>&nbsp;<\/p>\n<p class=\"v1v1v1v1MsoNormal\"><span style=\"font-size: 15px;\"><strong><em><span style=\"color: #008000;\">\u2b50\u2b50\u2b50<span style=\"color: #424242;\">  Druh Lissachatina fulica je jedn\u00edm z nejobl\u00edben\u011bj\u0161\u00edch a nejzn\u00e1m\u011bj\u0161\u00edch africk\u00fdch \u0161nek\u016f mezi za\u010d\u00e1te\u010dn\u00edky. Tento druh je aktivn\u00ed a odoln\u00fd v\u016f\u010di chovatelsk\u00fdm chyb\u00e1m. Z tohoto d\u016fvodu je \u010dasto doporu\u010dov\u00e1n jako prvn\u00ed druh, se kter\u00fdm se vyplat\u00ed za\u010d\u00edt sv\u00e9 dobrodru\u017estv\u00ed se \u0161neky. Lissachatina fulica rodatzi roste pom\u011brn\u011b rychle, velikost sko\u0159\u00e1pky dosp\u011bl\u00e9ho exempl\u00e1\u0159e tohoto druhu je asi 12-15 cm.      <\/span><\/span><\/em><\/strong><\/span><\/p>\n<p>&nbsp;<\/p>\n<p class=\"v1v1v1v1MsoNormal\"><span style=\"font-size: 15px;\"><strong><em><span style=\"color: #008000;\"><img decoding=\"async\" src=\"https:\/\/static.xx.fbcdn.net\/images\/emoji.php\/v9\/tbe\/1\/16\/1f3c6.png\" alt=\"\ud83c\udfc6\"><span style=\"color: #e36a19;\">  V\u0161echna \u0161t\u011b\u0148\u00e1tka poch\u00e1zej\u00ed z na\u0161eho zn\u00e1m\u00e9ho, registrovan\u00e9ho chovu, tak\u017ee nakupujete ze zn\u00e1m\u00e9ho zdroje, kde se o \u0161neky \u0159\u00e1dn\u011b star\u00e1me a pe\u010dliv\u011b sledujeme v\u00fdvoj ka\u017ed\u00e9ho z nich.<\/span><\/span><\/em><\/strong><\/span><\/p>\n<p>&nbsp;<\/p>\n<p class=\"v1v1v1v1MsoNormal\"><span style=\"font-size: 15px; color: #424242;\"><strong><em>Jak v\u00edte, plastov\u00e9 n\u00e1doby funguj\u00ed nejl\u00e9pe p\u0159i chovu \u0161nek\u016f. Kontejnery, kter\u00e9 jsme p\u0159ipravili, se dokonale hod\u00ed pro v\u00fdvoj nov\u00e9ho, p\u011bkn\u00e9ho porostu \u0161ne\u010d\u00ed ulity). Abyste u\u0161et\u0159ili \u010das p\u0159i kompletaci objedn\u00e1vky, doporu\u010dujeme za\u010d\u00edt startovac\u00ed sadou, kter\u00e1 obsahuje z\u00e1kladn\u00ed p\u0159\u00edslu\u0161enstv\u00ed pro rychl\u00fd start vlastn\u00edho chovu a n\u00e1vody.  <\/em><\/strong><\/span><\/p>\n<p>&nbsp;<\/p>\n<p><span style=\"font-size: 15px;\"><strong><em><span style=\"color: #008000;\"><img loading=\"lazy\" decoding=\"async\" class=\"xz74otr\" src=\"https:\/\/static.xx.fbcdn.net\/images\/emoji.php\/v9\/t1e\/1\/16\/1f33f.png\" alt=\"\ud83c\udf3f\" width=\"16\" height=\"16\">  V\u0161e, co takov\u00e9 zv\u00ed\u0159e pot\u0159ebuje, je \u010derstv\u00e1, zral\u00e1 zelenina a ovoce, chovn\u00e1 n\u00e1doba a substr\u00e1t (nenechte substr\u00e1t vyschnout, post\u0159ikujte ter\u00e1rium ka\u017ed\u00e9 2-3 dny). V ka\u017edodenn\u00ed strav\u011b \u0161neka nem\u016f\u017ee chyb\u011bt z\u00e1kladn\u00ed stavebn\u00ed k\u00e1men kr\u00e1sn\u00e9 a zdrav\u00e9 ulity, p\u0159irozen\u00fdm zdrojem dokonale straviteln\u00e9ho v\u00e1pn\u00edku je pr\u00e1\u0161ek z vaje\u010dn\u00e9 sko\u0159\u00e1pky a s\u00e9pie. O strav\u011b exotick\u00fdch \u0161nek\u016f se m\u016f\u017eete dozv\u011bd\u011bt na na\u0161ich webov\u00fdch str\u00e1nk\u00e1ch.  <\/span><\/em><\/strong><\/span><\/p>\n<p>&nbsp;<\/p>\n","protected":false},"excerpt":{"rendered":"<ul>\n<li>Od nep\u0159\u00edbuzn\u00e9ho p\u00e1ru:\n<ul>\n<li>P-<\/li>\n<\/ul>\n<\/li>\n<li>C\u00edlov\u00e1 velikost shellu:\n<ul>\n<li>asi 12-15 cm <\/li>\n<\/ul>\n<\/li>\n<li>Nab\u00edzen\u00fd mladistv\u00fd:\n<ul>\n<li>asi 4-5 cm <\/li>\n<\/ul>\n<\/li>\n<li>Cena plat\u00ed na:\n<ul>\n<li>1 ks<\/li>\n<\/ul>\n<\/li>\n<\/ul>\n","protected":false},"featured_media":6582,"template":"","meta":{"_acf_changed":false,"_links_to":"","_links_to_target":""},"product_cat":[161],"product_tag":[],"class_list":{"0":"post-6581","1":"product","2":"type-product","3":"status-publish","4":"has-post-thumbnail","6":"product_cat-sneci","8":"first","9":"outofstock","10":"shipping-taxable","11":"purchasable","12":"product-type-simple"},"acf":[],"yoast_head":"<!-- This site is optimized with the Yoast SEO plugin v24.9 - https:\/\/yoast.com\/wordpress\/plugins\/seo\/ -->\n<title>Lissachatina fulica rodatzi alb\u00ednsk\u00e9 t\u011blo | MegaPets<\/title>\n<meta name=\"robots\" content=\"index, follow, max-snippet:-1, max-image-preview:large, max-video-preview:-1\" \/>\n<link rel=\"canonical\" href=\"https:\/\/megapets.eu\/cs\/sneci\/lissachatina-fulica-rodatzi-albino-telo\/\" \/>\n<meta property=\"og:locale\" content=\"cs_CZ\" \/>\n<meta property=\"og:type\" content=\"article\" \/>\n<meta property=\"og:title\" content=\"Lissachatina fulica rodatzi alb\u00ednsk\u00e9 t\u011blo | MegaPets\" \/>\n<meta property=\"og:description\" content=\"Od nep\u0159\u00edbuzn\u00e9ho p\u00e1ru:  P-   C\u00edlov\u00e1 velikost shellu:  asi 12-15 cm   Nab\u00edzen\u00fd mladistv\u00fd:  asi 4-5 cm   Cena plat\u00ed na:  1 ks\" \/>\n<meta property=\"og:url\" content=\"https:\/\/megapets.eu\/cs\/sneci\/lissachatina-fulica-rodatzi-albino-telo\/\" \/>\n<meta property=\"og:site_name\" content=\"MegaPets\" \/>\n<meta property=\"article:publisher\" content=\"https:\/\/www.facebook.com\/MegaPets.eu\/\" \/>\n<meta property=\"article:modified_time\" content=\"2025-11-08T13:41:02+00:00\" \/>\n<meta property=\"og:image\" content=\"https:\/\/megapets.eu\/wp-content\/uploads\/2024\/10\/1111.png\" \/>\n\t<meta property=\"og:image:width\" content=\"1047\" \/>\n\t<meta property=\"og:image:height\" content=\"689\" \/>\n\t<meta property=\"og:image:type\" content=\"image\/png\" \/>\n<meta name=\"twitter:card\" content=\"summary_large_image\" \/>\n<meta name=\"twitter:label1\" content=\"Odhadovan\u00e1 doba \u010dten\u00ed\" \/>\n\t<meta name=\"twitter:data1\" content=\"1 minuta\" \/>\n<script type=\"application\/ld+json\" class=\"yoast-schema-graph\">{\"@context\":\"https:\/\/schema.org\",\"@graph\":[{\"@type\":\"WebPage\",\"@id\":\"https:\/\/megapets.eu\/cs\/sneci\/lissachatina-fulica-rodatzi-albino-telo\/\",\"url\":\"https:\/\/megapets.eu\/cs\/sneci\/lissachatina-fulica-rodatzi-albino-telo\/\",\"name\":\"Lissachatina fulica rodatzi alb\u00ednsk\u00e9 t\u011blo | MegaPets\",\"isPartOf\":{\"@id\":\"https:\/\/megapets.eu\/cs\/#website\"},\"primaryImageOfPage\":{\"@id\":\"https:\/\/megapets.eu\/cs\/sneci\/lissachatina-fulica-rodatzi-albino-telo\/#primaryimage\"},\"image\":{\"@id\":\"https:\/\/megapets.eu\/cs\/sneci\/lissachatina-fulica-rodatzi-albino-telo\/#primaryimage\"},\"thumbnailUrl\":\"https:\/\/megapets.eu\/wp-content\/uploads\/2024\/10\/1111.png\",\"datePublished\":\"2024-10-06T11:23:29+00:00\",\"dateModified\":\"2025-11-08T13:41:02+00:00\",\"breadcrumb\":{\"@id\":\"https:\/\/megapets.eu\/cs\/sneci\/lissachatina-fulica-rodatzi-albino-telo\/#breadcrumb\"},\"inLanguage\":\"cs\",\"potentialAction\":[{\"@type\":\"ReadAction\",\"target\":[\"https:\/\/megapets.eu\/cs\/sneci\/lissachatina-fulica-rodatzi-albino-telo\/\"]}]},{\"@type\":\"ImageObject\",\"inLanguage\":\"cs\",\"@id\":\"https:\/\/megapets.eu\/cs\/sneci\/lissachatina-fulica-rodatzi-albino-telo\/#primaryimage\",\"url\":\"https:\/\/megapets.eu\/wp-content\/uploads\/2024\/10\/1111.png\",\"contentUrl\":\"https:\/\/megapets.eu\/wp-content\/uploads\/2024\/10\/1111.png\",\"width\":1047,\"height\":689},{\"@type\":\"BreadcrumbList\",\"@id\":\"https:\/\/megapets.eu\/cs\/sneci\/lissachatina-fulica-rodatzi-albino-telo\/#breadcrumb\",\"itemListElement\":[{\"@type\":\"ListItem\",\"position\":1,\"name\":\"Strona g\u0142\u00f3wna\",\"item\":\"https:\/\/megapets.eu\/cs\/\"},{\"@type\":\"ListItem\",\"position\":2,\"name\":\"Obchod\",\"item\":\"https:\/\/megapets.eu\/obchod\/\"},{\"@type\":\"ListItem\",\"position\":3,\"name\":\"Lissachatina fulica rodatzi alb\u00ednsk\u00e9 t\u011blo\"}]},{\"@type\":\"WebSite\",\"@id\":\"https:\/\/megapets.eu\/cs\/#website\",\"url\":\"https:\/\/megapets.eu\/cs\/\",\"name\":\"Mega Pets\",\"description\":\"Jedna z najwi\u0119kszych hodowli \u015blimak\u00f3w w Europie\",\"publisher\":{\"@id\":\"https:\/\/megapets.eu\/cs\/#organization\"},\"alternateName\":\"Mega Pets\",\"potentialAction\":[{\"@type\":\"SearchAction\",\"target\":{\"@type\":\"EntryPoint\",\"urlTemplate\":\"https:\/\/megapets.eu\/cs\/?s={search_term_string}\"},\"query-input\":{\"@type\":\"PropertyValueSpecification\",\"valueRequired\":true,\"valueName\":\"search_term_string\"}}],\"inLanguage\":\"cs\"},{\"@type\":\"Organization\",\"@id\":\"https:\/\/megapets.eu\/cs\/#organization\",\"name\":\"Mega Pets\",\"url\":\"https:\/\/megapets.eu\/cs\/\",\"logo\":{\"@type\":\"ImageObject\",\"inLanguage\":\"cs\",\"@id\":\"https:\/\/megapets.eu\/cs\/#\/schema\/logo\/image\/\",\"url\":\"https:\/\/megapets.eu\/wp-content\/uploads\/2025\/04\/megapets_eu-logo.png\",\"contentUrl\":\"https:\/\/megapets.eu\/wp-content\/uploads\/2025\/04\/megapets_eu-logo.png\",\"width\":2362,\"height\":2362,\"caption\":\"Mega Pets\"},\"image\":{\"@id\":\"https:\/\/megapets.eu\/cs\/#\/schema\/logo\/image\/\"},\"sameAs\":[\"https:\/\/www.facebook.com\/MegaPets.eu\/\"]}]}<\/script>\n<!-- \/ Yoast SEO plugin. -->","yoast_head_json":{"title":"Lissachatina fulica rodatzi alb\u00ednsk\u00e9 t\u011blo | MegaPets","robots":{"index":"index","follow":"follow","max-snippet":"max-snippet:-1","max-image-preview":"max-image-preview:large","max-video-preview":"max-video-preview:-1"},"canonical":"https:\/\/megapets.eu\/cs\/sneci\/lissachatina-fulica-rodatzi-albino-telo\/","og_locale":"cs_CZ","og_type":"article","og_title":"Lissachatina fulica rodatzi alb\u00ednsk\u00e9 t\u011blo | MegaPets","og_description":"Od nep\u0159\u00edbuzn\u00e9ho p\u00e1ru:  P-   C\u00edlov\u00e1 velikost shellu:  asi 12-15 cm   Nab\u00edzen\u00fd mladistv\u00fd:  asi 4-5 cm   Cena plat\u00ed na:  1 ks","og_url":"https:\/\/megapets.eu\/cs\/sneci\/lissachatina-fulica-rodatzi-albino-telo\/","og_site_name":"MegaPets","article_publisher":"https:\/\/www.facebook.com\/MegaPets.eu\/","article_modified_time":"2025-11-08T13:41:02+00:00","og_image":[{"width":1047,"height":689,"url":"https:\/\/megapets.eu\/wp-content\/uploads\/2024\/10\/1111.png","type":"image\/png"}],"twitter_card":"summary_large_image","twitter_misc":{"Odhadovan\u00e1 doba \u010dten\u00ed":"1 minuta"},"schema":{"@context":"https:\/\/schema.org","@graph":[{"@type":"WebPage","@id":"https:\/\/megapets.eu\/cs\/sneci\/lissachatina-fulica-rodatzi-albino-telo\/","url":"https:\/\/megapets.eu\/cs\/sneci\/lissachatina-fulica-rodatzi-albino-telo\/","name":"Lissachatina fulica rodatzi alb\u00ednsk\u00e9 t\u011blo | MegaPets","isPartOf":{"@id":"https:\/\/megapets.eu\/cs\/#website"},"primaryImageOfPage":{"@id":"https:\/\/megapets.eu\/cs\/sneci\/lissachatina-fulica-rodatzi-albino-telo\/#primaryimage"},"image":{"@id":"https:\/\/megapets.eu\/cs\/sneci\/lissachatina-fulica-rodatzi-albino-telo\/#primaryimage"},"thumbnailUrl":"https:\/\/megapets.eu\/wp-content\/uploads\/2024\/10\/1111.png","datePublished":"2024-10-06T11:23:29+00:00","dateModified":"2025-11-08T13:41:02+00:00","breadcrumb":{"@id":"https:\/\/megapets.eu\/cs\/sneci\/lissachatina-fulica-rodatzi-albino-telo\/#breadcrumb"},"inLanguage":"cs","potentialAction":[{"@type":"ReadAction","target":["https:\/\/megapets.eu\/cs\/sneci\/lissachatina-fulica-rodatzi-albino-telo\/"]}]},{"@type":"ImageObject","inLanguage":"cs","@id":"https:\/\/megapets.eu\/cs\/sneci\/lissachatina-fulica-rodatzi-albino-telo\/#primaryimage","url":"https:\/\/megapets.eu\/wp-content\/uploads\/2024\/10\/1111.png","contentUrl":"https:\/\/megapets.eu\/wp-content\/uploads\/2024\/10\/1111.png","width":1047,"height":689},{"@type":"BreadcrumbList","@id":"https:\/\/megapets.eu\/cs\/sneci\/lissachatina-fulica-rodatzi-albino-telo\/#breadcrumb","itemListElement":[{"@type":"ListItem","position":1,"name":"Strona g\u0142\u00f3wna","item":"https:\/\/megapets.eu\/cs\/"},{"@type":"ListItem","position":2,"name":"Obchod","item":"https:\/\/megapets.eu\/obchod\/"},{"@type":"ListItem","position":3,"name":"Lissachatina fulica rodatzi alb\u00ednsk\u00e9 t\u011blo"}]},{"@type":"WebSite","@id":"https:\/\/megapets.eu\/cs\/#website","url":"https:\/\/megapets.eu\/cs\/","name":"Mega Pets","description":"Jedna z najwi\u0119kszych hodowli \u015blimak\u00f3w w Europie","publisher":{"@id":"https:\/\/megapets.eu\/cs\/#organization"},"alternateName":"Mega Pets","potentialAction":[{"@type":"SearchAction","target":{"@type":"EntryPoint","urlTemplate":"https:\/\/megapets.eu\/cs\/?s={search_term_string}"},"query-input":{"@type":"PropertyValueSpecification","valueRequired":true,"valueName":"search_term_string"}}],"inLanguage":"cs"},{"@type":"Organization","@id":"https:\/\/megapets.eu\/cs\/#organization","name":"Mega Pets","url":"https:\/\/megapets.eu\/cs\/","logo":{"@type":"ImageObject","inLanguage":"cs","@id":"https:\/\/megapets.eu\/cs\/#\/schema\/logo\/image\/","url":"https:\/\/megapets.eu\/wp-content\/uploads\/2025\/04\/megapets_eu-logo.png","contentUrl":"https:\/\/megapets.eu\/wp-content\/uploads\/2025\/04\/megapets_eu-logo.png","width":2362,"height":2362,"caption":"Mega Pets"},"image":{"@id":"https:\/\/megapets.eu\/cs\/#\/schema\/logo\/image\/"},"sameAs":["https:\/\/www.facebook.com\/MegaPets.eu\/"]}]}},"_links":{"self":[{"href":"https:\/\/megapets.eu\/cs\/wp-json\/wp\/v2\/product\/6581","targetHints":{"allow":["GET"]}}],"collection":[{"href":"https:\/\/megapets.eu\/cs\/wp-json\/wp\/v2\/product"}],"about":[{"href":"https:\/\/megapets.eu\/cs\/wp-json\/wp\/v2\/types\/product"}],"wp:featuredmedia":[{"embeddable":true,"href":"https:\/\/megapets.eu\/cs\/wp-json\/wp\/v2\/media\/6582"}],"wp:attachment":[{"href":"https:\/\/megapets.eu\/cs\/wp-json\/wp\/v2\/media?parent=6581"}],"wp:term":[{"taxonomy":"product_cat","embeddable":true,"href":"https:\/\/megapets.eu\/cs\/wp-json\/wp\/v2\/product_cat?post=6581"},{"taxonomy":"product_tag","embeddable":true,"href":"https:\/\/megapets.eu\/cs\/wp-json\/wp\/v2\/product_tag?post=6581"}],"curies":[{"name":"wp","href":"https:\/\/api.w.org\/{rel}","templated":true}]}}