{"id":6584,"date":"2025-03-27T22:05:49","date_gmt":"2025-03-27T22:05:49","guid":{"rendered":"https:\/\/megapets.eu\/neza\u0159azen\u00e9\/vajicko-archachatina-marginata-pseudoleukismus-paragraf-p18\/"},"modified":"2025-03-27T22:05:49","modified_gmt":"2025-03-27T22:05:49","slug":"vajicko-archachatina-marginata-pseudoleukismus-paragraf-p18","status":"publish","type":"product","link":"https:\/\/megapets.eu\/cs\/sneci\/vajicko-archachatina-marginata-pseudoleukismus-paragraf-p18\/","title":{"rendered":"Vaj\u00ed\u010dko Archachatina marginata<br \/> pseudoleukismus \/ paragraf P18"},"content":{"rendered":"<p style=\"text-align: left;\"><span style=\"font-size: 15px;\"><strong><span style=\"color: #000000;\"><em>Druh:<\/em><\/span><\/strong><span style=\"color: #000000;\"><em> Archachatina marginata vaj\u00ed\u010dko (L. Pfeiffer, 1858)<\/em><\/span><strong><span style=\"color: #000000;\"><em> Barevn\u00e1 rozmanitost:<\/em><\/span><\/strong><span style=\"color: #000000;\"><em> pseudoleukistick\u00fd <\/em><\/span><\/span><\/p>\n<p style=\"text-align: left;\"><span style=\"font-size: 15px;\"><strong><span style=\"color: #000000;\"><em><span style=\"color: #008000;\"><span style=\"color: #424242;\"><img decoding=\"async\" src=\"https:\/\/static.xx.fbcdn.net\/images\/emoji.php\/v9\/tb4\/1\/16\/2b50.png\" alt=\"\u2b50\ufe0f\" \/><\/span><\/span><\/em><\/span><\/strong><span style=\"color: #000000;\"><em> Nab\u00eddnuta mlad\u00e1 plemena od nep\u0159\u00edbuzn\u00e9ho rodi\u010dovsk\u00e9ho p\u00e1ru. D\u00edky neust\u00e1l\u00e9mu v\u00fdb\u011bru vhodn\u00fdch partner\u016f a vytv\u00e1\u0159en\u00ed p\u00e1r\u016f z generace na generaci se \u00fasp\u011b\u0161n\u011b udr\u017euj\u00ed nep\u0159\u00edbuzn\u00e9, rodokmenn\u00e9 chovn\u00e9 linie kr\u00e1sn\u00fdch obr\u016f.<\/em><\/span><\/span><\/p>\n<p style=\"text-align: left;\"><span style=\"font-size: 15px;\"><span style=\"color: #000000;\"><em><span style=\"color: #008000;\"><span style=\"color: #424242;\"><img decoding=\"async\" src=\"https:\/\/static.xx.fbcdn.net\/images\/emoji.php\/v9\/t18\/1\/16\/1fa76.png\" alt=\"\ud83e\ude76\" \/><span style=\"color: #333333;\"> \u0160neci v pseudoleukistick\u00e9 barevn\u00e9 variant\u011b se vyzna\u010duj\u00ed v\u00fdjime\u010dnou eleganc\u00ed, kterou zd\u016fraz\u0148uj\u00ed tmav\u00e9 tykadla na pozad\u00ed sv\u011btl\u00e9 barvy t\u011bla. Dominantn\u00ed barva t\u011bla je b\u00edl\u00e1, kr\u00e9mov\u00e1 nebo odst\u00edny slonov\u00e9 kosti. \u0160edohn\u011bd\u00e1 barva tykadel plynule p\u0159ech\u00e1z\u00ed do sv\u011btl\u00e9 barvy &#8211; p\u0159echodov\u00fd efekt (ombr\u00e9) \ud83d\udda4\ud83e\ude76\ud83e\udd0d mezi dv\u011bma sousedn\u00edmi odst\u00edny vytv\u00e1\u0159\u00ed v\u00fdrazn\u00fd kontrast se zbytkem t\u011bla, co\u017e d\u00e1v\u00e1 \u0161nek\u016fm t\u00e9to odr\u016fdy jedine\u010dn\u00fd vzhled. Uspo\u0159\u00e1d\u00e1n\u00ed tmav\u00fdch oblast\u00ed se m\u016f\u017ee t\u00fdkat nejen vy\u010dn\u00edvaj\u00edc\u00edch tykadel, ale i hlavy. Tykadla teprve vyl\u00edhnut\u00fdch ml\u00e1\u010fat jsou pom\u011brn\u011b tmav\u00e1, ale jak rostou, mohou se zesv\u011btlovat. <\/span><\/span><\/span><\/em><\/span><\/span><\/p>\n<p style=\"text-align: left;\"><span style=\"color: #000000; font-size: 15px;\"><em><span class=\"x1xsqp64 xiy17q3 x1o6pynw x19co3pv xdj266r xcwd3tp xat24cr x39eecv x2b8uid\" data-testid=\"emoji\"><span class=\"xexx8yu xn5pp95 x18d9i69 x2fxd7x x3jgonx x1bhl96m\"><img loading=\"lazy\" decoding=\"async\" class=\"\" src=\"https:\/\/static.xx.fbcdn.net\/images\/emoji.php\/v9\/t66\/1\/32\/1f4cc.png\" alt=\"\ud83d\udccc\" width=\"18\" height=\"18\" \/> Velikost sko\u0159\u00e1pky tohoto druhu je obvykle pom\u011brn\u011b velk\u00e1, p\u0159ibli\u017en\u011b 12-15 cm. <\/span><\/span><\/em><\/span><\/p>\n<p style=\"text-align: left;\"><span style=\"color: #000000; font-size: 15px;\"><em><img loading=\"lazy\" decoding=\"async\" class=\"xz74otr\" src=\"https:\/\/static.xx.fbcdn.net\/images\/emoji.php\/v9\/t1e\/1\/16\/1f33f.png\" alt=\"\ud83c\udf3f\" width=\"18\" height=\"18\" \/><span style=\"color: #008000;\"> Stejn\u011b jako v\u011bt\u0161ina druh\u016f rodu Archachatina jsou tito \u0161neci nen\u00e1ro\u010dn\u00ed a da\u0159\u00ed se jim, kdy\u017e jsou jim zaji\u0161t\u011bny z\u00e1kladn\u00ed \u017eivotn\u00ed podm\u00ednky.<\/span><\/em><\/span><\/p>\n","protected":false},"excerpt":{"rendered":"<ul>\n<li>Velikost c\u00edlov\u00e9 sko\u0159\u00e1pky:\n<ul>\n<li> cca 12\u201315 cm<\/li>\n<\/ul>\n<\/li>\n<li> Od nep\u0159\u00edbuzn\u00e9ho p\u00e1ru:\n<ul>\n<li> P18<\/li>\n<\/ul>\n<\/li>\n<li> Nab\u00edzen\u00fd mlad\u00fd exempl\u00e1\u0159:\n<ul>\n<li> cca 4 cm<\/li>\n<\/ul>\n<\/li>\n<li> Cena plat\u00ed pro:\n<ul>\n<li> 1 ks<\/li>\n<\/ul>\n<\/li>\n<\/ul>\n","protected":false},"featured_media":6585,"template":"","meta":{"_acf_changed":false,"_links_to":"","_links_to_target":""},"product_cat":[161],"product_tag":[],"class_list":{"0":"post-6584","1":"product","2":"type-product","3":"status-publish","4":"has-post-thumbnail","6":"product_cat-sneci","8":"first","9":"outofstock","10":"shipping-taxable","11":"purchasable","12":"product-type-simple"},"acf":[],"yoast_head":"<!-- This site is optimized with the Yoast SEO plugin v24.9 - https:\/\/yoast.com\/wordpress\/plugins\/seo\/ -->\n<title>Vaj\u00ed\u010dko Archachatina marginata pseudoleukismus \/ paragraf P18 | MegaPets<\/title>\n<meta name=\"robots\" content=\"index, follow, max-snippet:-1, max-image-preview:large, max-video-preview:-1\" \/>\n<link rel=\"canonical\" href=\"https:\/\/megapets.eu\/cs\/sneci\/vajicko-archachatina-marginata-pseudoleukismus-paragraf-p18\/\" \/>\n<meta property=\"og:locale\" content=\"cs_CZ\" \/>\n<meta property=\"og:type\" content=\"article\" \/>\n<meta property=\"og:title\" content=\"Vaj\u00ed\u010dko Archachatina marginata pseudoleukismus \/ paragraf P18 | MegaPets\" \/>\n<meta property=\"og:description\" content=\"Velikost c\u00edlov\u00e9 sko\u0159\u00e1pky: cca 12\u201315 cm Od nep\u0159\u00edbuzn\u00e9ho p\u00e1ru: P18 Nab\u00edzen\u00fd mlad\u00fd exempl\u00e1\u0159: cca 4 cm Cena plat\u00ed pro: 1 ks\" \/>\n<meta property=\"og:url\" content=\"https:\/\/megapets.eu\/cs\/sneci\/vajicko-archachatina-marginata-pseudoleukismus-paragraf-p18\/\" \/>\n<meta property=\"og:site_name\" content=\"MegaPets\" \/>\n<meta property=\"article:publisher\" content=\"https:\/\/www.facebook.com\/MegaPets.eu\/\" \/>\n<meta property=\"og:image\" content=\"https:\/\/megapets.eu\/wp-content\/uploads\/2025\/03\/44-Bright-Fire-P18-Excel.png\" \/>\n\t<meta property=\"og:image:width\" content=\"1050\" \/>\n\t<meta property=\"og:image:height\" content=\"691\" \/>\n\t<meta property=\"og:image:type\" content=\"image\/png\" \/>\n<meta name=\"twitter:card\" content=\"summary_large_image\" \/>\n<meta name=\"twitter:label1\" content=\"Odhadovan\u00e1 doba \u010dten\u00ed\" \/>\n\t<meta name=\"twitter:data1\" content=\"1 minuta\" \/>\n<script type=\"application\/ld+json\" class=\"yoast-schema-graph\">{\"@context\":\"https:\/\/schema.org\",\"@graph\":[{\"@type\":\"WebPage\",\"@id\":\"https:\/\/megapets.eu\/cs\/sneci\/vajicko-archachatina-marginata-pseudoleukismus-paragraf-p18\/\",\"url\":\"https:\/\/megapets.eu\/cs\/sneci\/vajicko-archachatina-marginata-pseudoleukismus-paragraf-p18\/\",\"name\":\"Vaj\u00ed\u010dko Archachatina marginata pseudoleukismus \/ paragraf P18 | MegaPets\",\"isPartOf\":{\"@id\":\"https:\/\/megapets.eu\/cs\/#website\"},\"primaryImageOfPage\":{\"@id\":\"https:\/\/megapets.eu\/cs\/sneci\/vajicko-archachatina-marginata-pseudoleukismus-paragraf-p18\/#primaryimage\"},\"image\":{\"@id\":\"https:\/\/megapets.eu\/cs\/sneci\/vajicko-archachatina-marginata-pseudoleukismus-paragraf-p18\/#primaryimage\"},\"thumbnailUrl\":\"https:\/\/megapets.eu\/wp-content\/uploads\/2025\/03\/44-Bright-Fire-P18-Excel.png\",\"datePublished\":\"2025-03-27T22:05:49+00:00\",\"breadcrumb\":{\"@id\":\"https:\/\/megapets.eu\/cs\/sneci\/vajicko-archachatina-marginata-pseudoleukismus-paragraf-p18\/#breadcrumb\"},\"inLanguage\":\"cs\",\"potentialAction\":[{\"@type\":\"ReadAction\",\"target\":[\"https:\/\/megapets.eu\/cs\/sneci\/vajicko-archachatina-marginata-pseudoleukismus-paragraf-p18\/\"]}]},{\"@type\":\"ImageObject\",\"inLanguage\":\"cs\",\"@id\":\"https:\/\/megapets.eu\/cs\/sneci\/vajicko-archachatina-marginata-pseudoleukismus-paragraf-p18\/#primaryimage\",\"url\":\"https:\/\/megapets.eu\/wp-content\/uploads\/2025\/03\/44-Bright-Fire-P18-Excel.png\",\"contentUrl\":\"https:\/\/megapets.eu\/wp-content\/uploads\/2025\/03\/44-Bright-Fire-P18-Excel.png\",\"width\":1050,\"height\":691},{\"@type\":\"BreadcrumbList\",\"@id\":\"https:\/\/megapets.eu\/cs\/sneci\/vajicko-archachatina-marginata-pseudoleukismus-paragraf-p18\/#breadcrumb\",\"itemListElement\":[{\"@type\":\"ListItem\",\"position\":1,\"name\":\"Strona g\u0142\u00f3wna\",\"item\":\"https:\/\/megapets.eu\/cs\/\"},{\"@type\":\"ListItem\",\"position\":2,\"name\":\"Obchod\",\"item\":\"https:\/\/megapets.eu\/obchod\/\"},{\"@type\":\"ListItem\",\"position\":3,\"name\":\"Vaj\u00ed\u010dko Archachatina marginata pseudoleukismus \/ paragraf P18\"}]},{\"@type\":\"WebSite\",\"@id\":\"https:\/\/megapets.eu\/cs\/#website\",\"url\":\"https:\/\/megapets.eu\/cs\/\",\"name\":\"Mega Pets\",\"description\":\"Jedna z najwi\u0119kszych hodowli \u015blimak\u00f3w w Europie\",\"publisher\":{\"@id\":\"https:\/\/megapets.eu\/cs\/#organization\"},\"alternateName\":\"Mega Pets\",\"potentialAction\":[{\"@type\":\"SearchAction\",\"target\":{\"@type\":\"EntryPoint\",\"urlTemplate\":\"https:\/\/megapets.eu\/cs\/?s={search_term_string}\"},\"query-input\":{\"@type\":\"PropertyValueSpecification\",\"valueRequired\":true,\"valueName\":\"search_term_string\"}}],\"inLanguage\":\"cs\"},{\"@type\":\"Organization\",\"@id\":\"https:\/\/megapets.eu\/cs\/#organization\",\"name\":\"Mega Pets\",\"url\":\"https:\/\/megapets.eu\/cs\/\",\"logo\":{\"@type\":\"ImageObject\",\"inLanguage\":\"cs\",\"@id\":\"https:\/\/megapets.eu\/cs\/#\/schema\/logo\/image\/\",\"url\":\"https:\/\/megapets.eu\/wp-content\/uploads\/2025\/04\/megapets_eu-logo.png\",\"contentUrl\":\"https:\/\/megapets.eu\/wp-content\/uploads\/2025\/04\/megapets_eu-logo.png\",\"width\":2362,\"height\":2362,\"caption\":\"Mega Pets\"},\"image\":{\"@id\":\"https:\/\/megapets.eu\/cs\/#\/schema\/logo\/image\/\"},\"sameAs\":[\"https:\/\/www.facebook.com\/MegaPets.eu\/\"]}]}<\/script>\n<!-- \/ Yoast SEO plugin. -->","yoast_head_json":{"title":"Vaj\u00ed\u010dko Archachatina marginata pseudoleukismus \/ paragraf P18 | MegaPets","robots":{"index":"index","follow":"follow","max-snippet":"max-snippet:-1","max-image-preview":"max-image-preview:large","max-video-preview":"max-video-preview:-1"},"canonical":"https:\/\/megapets.eu\/cs\/sneci\/vajicko-archachatina-marginata-pseudoleukismus-paragraf-p18\/","og_locale":"cs_CZ","og_type":"article","og_title":"Vaj\u00ed\u010dko Archachatina marginata pseudoleukismus \/ paragraf P18 | MegaPets","og_description":"Velikost c\u00edlov\u00e9 sko\u0159\u00e1pky: cca 12\u201315 cm Od nep\u0159\u00edbuzn\u00e9ho p\u00e1ru: P18 Nab\u00edzen\u00fd mlad\u00fd exempl\u00e1\u0159: cca 4 cm Cena plat\u00ed pro: 1 ks","og_url":"https:\/\/megapets.eu\/cs\/sneci\/vajicko-archachatina-marginata-pseudoleukismus-paragraf-p18\/","og_site_name":"MegaPets","article_publisher":"https:\/\/www.facebook.com\/MegaPets.eu\/","og_image":[{"width":1050,"height":691,"url":"https:\/\/megapets.eu\/wp-content\/uploads\/2025\/03\/44-Bright-Fire-P18-Excel.png","type":"image\/png"}],"twitter_card":"summary_large_image","twitter_misc":{"Odhadovan\u00e1 doba \u010dten\u00ed":"1 minuta"},"schema":{"@context":"https:\/\/schema.org","@graph":[{"@type":"WebPage","@id":"https:\/\/megapets.eu\/cs\/sneci\/vajicko-archachatina-marginata-pseudoleukismus-paragraf-p18\/","url":"https:\/\/megapets.eu\/cs\/sneci\/vajicko-archachatina-marginata-pseudoleukismus-paragraf-p18\/","name":"Vaj\u00ed\u010dko Archachatina marginata pseudoleukismus \/ paragraf P18 | MegaPets","isPartOf":{"@id":"https:\/\/megapets.eu\/cs\/#website"},"primaryImageOfPage":{"@id":"https:\/\/megapets.eu\/cs\/sneci\/vajicko-archachatina-marginata-pseudoleukismus-paragraf-p18\/#primaryimage"},"image":{"@id":"https:\/\/megapets.eu\/cs\/sneci\/vajicko-archachatina-marginata-pseudoleukismus-paragraf-p18\/#primaryimage"},"thumbnailUrl":"https:\/\/megapets.eu\/wp-content\/uploads\/2025\/03\/44-Bright-Fire-P18-Excel.png","datePublished":"2025-03-27T22:05:49+00:00","breadcrumb":{"@id":"https:\/\/megapets.eu\/cs\/sneci\/vajicko-archachatina-marginata-pseudoleukismus-paragraf-p18\/#breadcrumb"},"inLanguage":"cs","potentialAction":[{"@type":"ReadAction","target":["https:\/\/megapets.eu\/cs\/sneci\/vajicko-archachatina-marginata-pseudoleukismus-paragraf-p18\/"]}]},{"@type":"ImageObject","inLanguage":"cs","@id":"https:\/\/megapets.eu\/cs\/sneci\/vajicko-archachatina-marginata-pseudoleukismus-paragraf-p18\/#primaryimage","url":"https:\/\/megapets.eu\/wp-content\/uploads\/2025\/03\/44-Bright-Fire-P18-Excel.png","contentUrl":"https:\/\/megapets.eu\/wp-content\/uploads\/2025\/03\/44-Bright-Fire-P18-Excel.png","width":1050,"height":691},{"@type":"BreadcrumbList","@id":"https:\/\/megapets.eu\/cs\/sneci\/vajicko-archachatina-marginata-pseudoleukismus-paragraf-p18\/#breadcrumb","itemListElement":[{"@type":"ListItem","position":1,"name":"Strona g\u0142\u00f3wna","item":"https:\/\/megapets.eu\/cs\/"},{"@type":"ListItem","position":2,"name":"Obchod","item":"https:\/\/megapets.eu\/obchod\/"},{"@type":"ListItem","position":3,"name":"Vaj\u00ed\u010dko Archachatina marginata pseudoleukismus \/ paragraf P18"}]},{"@type":"WebSite","@id":"https:\/\/megapets.eu\/cs\/#website","url":"https:\/\/megapets.eu\/cs\/","name":"Mega Pets","description":"Jedna z najwi\u0119kszych hodowli \u015blimak\u00f3w w Europie","publisher":{"@id":"https:\/\/megapets.eu\/cs\/#organization"},"alternateName":"Mega Pets","potentialAction":[{"@type":"SearchAction","target":{"@type":"EntryPoint","urlTemplate":"https:\/\/megapets.eu\/cs\/?s={search_term_string}"},"query-input":{"@type":"PropertyValueSpecification","valueRequired":true,"valueName":"search_term_string"}}],"inLanguage":"cs"},{"@type":"Organization","@id":"https:\/\/megapets.eu\/cs\/#organization","name":"Mega Pets","url":"https:\/\/megapets.eu\/cs\/","logo":{"@type":"ImageObject","inLanguage":"cs","@id":"https:\/\/megapets.eu\/cs\/#\/schema\/logo\/image\/","url":"https:\/\/megapets.eu\/wp-content\/uploads\/2025\/04\/megapets_eu-logo.png","contentUrl":"https:\/\/megapets.eu\/wp-content\/uploads\/2025\/04\/megapets_eu-logo.png","width":2362,"height":2362,"caption":"Mega Pets"},"image":{"@id":"https:\/\/megapets.eu\/cs\/#\/schema\/logo\/image\/"},"sameAs":["https:\/\/www.facebook.com\/MegaPets.eu\/"]}]}},"_links":{"self":[{"href":"https:\/\/megapets.eu\/cs\/wp-json\/wp\/v2\/product\/6584","targetHints":{"allow":["GET"]}}],"collection":[{"href":"https:\/\/megapets.eu\/cs\/wp-json\/wp\/v2\/product"}],"about":[{"href":"https:\/\/megapets.eu\/cs\/wp-json\/wp\/v2\/types\/product"}],"wp:featuredmedia":[{"embeddable":true,"href":"https:\/\/megapets.eu\/cs\/wp-json\/wp\/v2\/media\/6585"}],"wp:attachment":[{"href":"https:\/\/megapets.eu\/cs\/wp-json\/wp\/v2\/media?parent=6584"}],"wp:term":[{"taxonomy":"product_cat","embeddable":true,"href":"https:\/\/megapets.eu\/cs\/wp-json\/wp\/v2\/product_cat?post=6584"},{"taxonomy":"product_tag","embeddable":true,"href":"https:\/\/megapets.eu\/cs\/wp-json\/wp\/v2\/product_tag?post=6584"}],"curies":[{"name":"wp","href":"https:\/\/api.w.org\/{rel}","templated":true}]}}