{"id":6588,"date":"2024-10-05T10:29:07","date_gmt":"2024-10-05T10:29:07","guid":{"rendered":"https:\/\/megapets.eu\/neza\u0159azen\u00e9\/alienostreptus-bicoloripesohnivy-krokodyl-obrovsky\/"},"modified":"2024-10-05T10:29:07","modified_gmt":"2024-10-05T10:29:07","slug":"alienostreptus-bicoloripesohnivy-krokodyl-obrovsky","status":"publish","type":"product","link":"https:\/\/megapets.eu\/cs\/wije-cs\/alienostreptus-bicoloripesohnivy-krokodyl-obrovsky\/","title":{"rendered":"Alienostreptus bicoloripes<br \/>&#8222;Ohniv\u00fd krokod\u00fdl obrovsk\u00fd&#8220;"},"content":{"rendered":"<p class=\"v1v1v1v1MsoNormal\"><span style=\"color: #d94890;\"><strong><em><span style=\"font-size: 15px;\"><span style=\"color: #424242;\">Druh: krokod\u00fdl Alienostreptus bicoloripes &#8222;<span style=\"color: #ff9900;\">Ohniv\u00fd<\/span> <span style=\"color: #ff6600;\">krokod\u00fdl<\/span> <span style=\"color: #ff0000;\">ob\u0159\u00ed<\/span>&#8222;. <\/span><\/span><\/em><\/strong><\/span><span style=\"color: #424242;\"><strong><em><span style=\"font-size: 15px;\">Snadno se chov\u00e1, a proto je skv\u011bl\u00fd pro za\u010d\u00e1te\u010dn\u00edky.<\/span><\/em><\/strong><\/span><\/p>\n<p><span style=\"color: #424242;\"><strong><em><span style=\"font-size: 15px;\"><strong style=\"color: #424242;\">Krokod\u00fdl <span style=\"color: #d94890;\"><span style=\"color: #424242;\">Alienostreptus bicoloripes &#8222;<\/span><span style=\"color: #ff9900;\">ohniv\u00fd<span class=\"x1xsqp64 xiy17q3 x1o6pynw x19co3pv xdj266r xcwd3tp xat24cr x39eecv x2b8uid\" data-testid=\"emoji\"><span class=\"xexx8yu xn5pp95 x18d9i69 x2fxd7x x3jgonx x1bhl96m\"><img loading=\"lazy\" decoding=\"async\" class=\"xz74otr\" src=\"https:\/\/static.xx.fbcdn.net\/images\/emoji.php\/v9\/t50\/1\/16\/1f525.png\" alt=\"\ud83d\udd25\" width=\"16\" height=\"16\" \/><\/span><\/span><\/span> <span style=\"color: #de410d;\"><span style=\"color: #ff6600;\">krokod\u00fdl<\/span><span class=\"x1xsqp64 xiy17q3 x1o6pynw x19co3pv xdj266r xcwd3tp xat24cr x39eecv x2b8uid\" data-testid=\"emoji\"><span class=\"xexx8yu xn5pp95 x18d9i69 x2fxd7x x3jgonx x1bhl96m\"><img loading=\"lazy\" decoding=\"async\" class=\"xz74otr\" src=\"https:\/\/static.xx.fbcdn.net\/images\/emoji.php\/v9\/t50\/1\/16\/1f525.png\" alt=\"\ud83d\udd25\" width=\"16\" height=\"16\" \/> <\/span><\/span><\/span><span style=\"color: #000000;\"><span style=\"color: #ff0000;\">ob\u0159\u00ed<\/span><span style=\"color: #de410d;\"><span class=\"x1xsqp64 xiy17q3 x1o6pynw x19co3pv xdj266r xcwd3tp xat24cr x39eecv x2b8uid\" data-testid=\"emoji\"><span class=\"xexx8yu xn5pp95 x18d9i69 x2fxd7x x3jgonx x1bhl96m\"><img loading=\"lazy\" decoding=\"async\" class=\"xz74otr\" src=\"https:\/\/static.xx.fbcdn.net\/images\/emoji.php\/v9\/t50\/1\/16\/1f525.png\" alt=\"\ud83d\udd25\" width=\"16\" height=\"16\" \/><\/span><\/span><\/span>&#8222;<\/span><\/span> je b<\/strong>velmi vz\u00e1cn\u00fd, kr\u00e1sn\u00fd druh krokod\u00fdla s ohniv\u00fdma nohama a leskl\u00fdm \u010dern\u00fdm t\u011blem. V dob\u011b prodeje je ml\u00e1d\u011b hn\u011bd\u00e9, subadultn\u00ed a dosp\u011bl\u00ed jedinci vypadaj\u00ed jako na obr\u00e1zku.<\/span><\/em><\/strong><\/span><\/p>\n<p><strong style=\"color: #424242;\"><em><span style=\"font-size: 15px;\"><span style=\"color: #424242;\"><strong><span class=\"x1xsqp64 xiy17q3 x1o6pynw x19co3pv xdj266r xcwd3tp xat24cr x39eecv x2b8uid\" data-testid=\"emoji\"><span class=\"xexx8yu xn5pp95 x18d9i69 x2fxd7x x3jgonx x1bhl96m\">\u2764\ufe0f\ud83d\udc9b\ud83e\udde1<\/span><\/span> Hled\u00e1te n\u011bco par\u00e1dn\u00edho do chovu pro za\u010d\u00e1tek? <\/strong> Krokod\u00fdli <span style=\"color: #d94890;\"><strong><span style=\"color: #424242;\">Alienostreptus bicoloripes &#8222;<\/span><span style=\"color: #ff9900;\">Ohniv\u00fd<\/span> <span style=\"color: #de410d;\">krokod\u00fdl<\/span> <span style=\"color: #000000;\">obrovsk\u00fd<\/span><span style=\"color: #424242;\">&#8222;<\/span><\/strong><\/span><strong> <\/strong>jsou kr\u00e1sn\u00ed a snadno chovateln\u00ed tvorov\u00e9, pro \u010dlov\u011bka zcela bezpe\u010dn\u00ed, nekou\u0161ou. Maj\u00ed slab\u00e9 \u010delisti, kter\u00e9 jsou uzp\u016fsobeny k rozb\u00edjen\u00ed rostlinn\u00e9 hmoty. Krokod\u00fdli d\u00e1vaj\u00ed p\u0159ednost vlhk\u00fdm m\u00edst\u016fm, \u017eij\u00ed ve svrchn\u00ed vrstv\u011b substr\u00e1tu a \u017eiv\u00ed se listy, v\u00edceslo\u017ekov\u00fdm substr\u00e1tem ur\u010den\u00fdm pro chov krokod\u00fdl\u016f a zeleninou a ovocem. <\/span><\/span><\/em><\/strong><\/p>\n<p class=\"v1v1v1v1MsoNormal\"><span style=\"color: #424242;\"><strong><em><span style=\"font-size: 15px;\"><span class=\"x1xsqp64 xiy17q3 x1o6pynw x19co3pv xdj266r xcwd3tp xat24cr x39eecv x2b8uid\" data-testid=\"emoji\"><span class=\"xexx8yu xn5pp95 x18d9i69 x2fxd7x x3jgonx x1bhl96m\">\ud83c\udf3f <\/span><\/span><span style=\"color: #424242;\">V\u0161e, co takov\u00e9 zv\u00ed\u0159e pot\u0159ebuje k \u00fasp\u011b\u0161n\u00e9mu v\u00fdvoji a \u017eivotu v ter\u00e1riu, je:<\/span><\/span><\/em><\/strong><\/span><\/p>\n<p class=\"v1v1v1v1MsoNormal\"><span style=\"color: #008000;\"><strong><em><span style=\"font-size: 15px;\">* Substr\u00e1t \/ potrava: Substr\u00e1t pro krokod\u00fdly a zmije (k dispozici v na\u0161\u00ed dal\u0161\u00ed aukci);<\/span><\/em><\/strong><\/span><\/p>\n<p class=\"v1v1v1v1MsoNormal\"><span style=\"color: #008000;\"><strong><em><span style=\"font-size: 15px;\">* Krmivo: \u010cerstv\u00e1 zelenina a ovoce;<\/span><\/em><\/strong><\/span><\/p>\n<p class=\"v1v1v1v1MsoNormal\"><span style=\"color: #008000;\"><strong><em><span style=\"font-size: 15px;\">* Potrava: Gammarus mlet\u00fd je su\u0161en\u00fd z\u00e1rodek, bohat\u00fd na makro- a mikro\u017eiviny, p\u0159\u00edrodn\u00ed zdroj \u017eivo\u010di\u0161n\u00fdch b\u00edlkovin a chitinu (k dispozici v na\u0161\u00ed jin\u00e9 aukci);<\/span><\/em><\/strong><\/span><\/p>\n<p class=\"v1v1v1v1MsoNormal\"><span style=\"color: #008000;\"><strong><em><span style=\"font-size: 15px;\">* Ter\u00e1rium: Faunabox je ide\u00e1ln\u00ed pro chov zmij\u00ed a krokod\u00fdl\u016f (k dispozici na na\u0161\u00ed dal\u0161\u00ed aukci);<\/span><\/em><\/strong><\/span><\/p>\n<p class=\"v1v1v1v1MsoNormal\"><span style=\"color: #008000;\"><strong><em><span style=\"font-size: 15px;\">* Doporu\u010den\u00e1 teplota 22-26 \u00b0C a vlhkost vzduchu cca 70 % (nenechte substr\u00e1t vyschnout, ter\u00e1rium ka\u017ed\u00e9 2-3 dny post\u0159\u00edkejte).<\/span><\/em><\/strong><\/span><\/p>\n","protected":false},"excerpt":{"rendered":"<ul class=\"product_attributes\">\n<li><span style=\"color: #555555;\">C\u00edlov\u00e1 velikost:<\/span> cca 20 cm<\/li>\n<li><span style=\"color: #555555;\">Nab\u00edzen\u00e9 ml\u00e1d\u011b:<\/span> cca 5 cm<\/li>\n<li><span style=\"color: #555555;\">Cena je za:<\/span> Cena za 1 ks<\/li>\n<\/ul>\n","protected":false},"featured_media":6590,"template":"","meta":{"_acf_changed":false,"_links_to":"","_links_to_target":""},"product_cat":[160],"product_tag":[],"class_list":{"0":"post-6588","1":"product","2":"type-product","3":"status-publish","4":"has-post-thumbnail","6":"product_cat-wije-cs","8":"first","9":"outofstock","10":"shipping-taxable","11":"purchasable","12":"product-type-simple"},"acf":[],"yoast_head":"<!-- This site is optimized with the Yoast SEO plugin v24.9 - https:\/\/yoast.com\/wordpress\/plugins\/seo\/ -->\n<title>Alienostreptus bicoloripes&quot;Ohniv\u00fd krokod\u00fdl obrovsk\u00fd&quot; | MegaPets<\/title>\n<meta name=\"robots\" content=\"index, follow, max-snippet:-1, max-image-preview:large, max-video-preview:-1\" \/>\n<link rel=\"canonical\" href=\"https:\/\/megapets.eu\/cs\/wije-cs\/alienostreptus-bicoloripesohnivy-krokodyl-obrovsky\/\" \/>\n<meta property=\"og:locale\" content=\"cs_CZ\" \/>\n<meta property=\"og:type\" content=\"article\" \/>\n<meta property=\"og:title\" content=\"Alienostreptus bicoloripes&quot;Ohniv\u00fd krokod\u00fdl obrovsk\u00fd&quot; | MegaPets\" \/>\n<meta property=\"og:description\" content=\"C\u00edlov\u00e1 velikost: cca 20 cm  Nab\u00edzen\u00e9 ml\u00e1d\u011b: cca 5 cm  Cena je za: Cena za 1 ks\" \/>\n<meta property=\"og:url\" content=\"https:\/\/megapets.eu\/cs\/wije-cs\/alienostreptus-bicoloripesohnivy-krokodyl-obrovsky\/\" \/>\n<meta property=\"og:site_name\" content=\"MegaPets\" \/>\n<meta property=\"article:publisher\" content=\"https:\/\/www.facebook.com\/MegaPets.eu\/\" \/>\n<meta property=\"og:image\" content=\"https:\/\/megapets.eu\/wp-content\/uploads\/2024\/10\/4-1-1024x683.png\" \/>\n\t<meta property=\"og:image:width\" content=\"1024\" \/>\n\t<meta property=\"og:image:height\" content=\"683\" \/>\n\t<meta property=\"og:image:type\" content=\"image\/png\" \/>\n<meta name=\"twitter:card\" content=\"summary_large_image\" \/>\n<meta name=\"twitter:label1\" content=\"Odhadovan\u00e1 doba \u010dten\u00ed\" \/>\n\t<meta name=\"twitter:data1\" content=\"1 minuta\" \/>\n<script type=\"application\/ld+json\" class=\"yoast-schema-graph\">{\"@context\":\"https:\/\/schema.org\",\"@graph\":[{\"@type\":\"WebPage\",\"@id\":\"https:\/\/megapets.eu\/cs\/wije-cs\/alienostreptus-bicoloripesohnivy-krokodyl-obrovsky\/\",\"url\":\"https:\/\/megapets.eu\/cs\/wije-cs\/alienostreptus-bicoloripesohnivy-krokodyl-obrovsky\/\",\"name\":\"Alienostreptus bicoloripes \\\"Ohniv\u00fd krokod\u00fdl obrovsk\u00fd\\\" | MegaPets\",\"isPartOf\":{\"@id\":\"https:\/\/megapets.eu\/cs\/#website\"},\"primaryImageOfPage\":{\"@id\":\"https:\/\/megapets.eu\/cs\/wije-cs\/alienostreptus-bicoloripesohnivy-krokodyl-obrovsky\/#primaryimage\"},\"image\":{\"@id\":\"https:\/\/megapets.eu\/cs\/wije-cs\/alienostreptus-bicoloripesohnivy-krokodyl-obrovsky\/#primaryimage\"},\"thumbnailUrl\":\"https:\/\/megapets.eu\/wp-content\/uploads\/2024\/10\/4-1.png\",\"datePublished\":\"2024-10-05T10:29:07+00:00\",\"breadcrumb\":{\"@id\":\"https:\/\/megapets.eu\/cs\/wije-cs\/alienostreptus-bicoloripesohnivy-krokodyl-obrovsky\/#breadcrumb\"},\"inLanguage\":\"cs\",\"potentialAction\":[{\"@type\":\"ReadAction\",\"target\":[\"https:\/\/megapets.eu\/cs\/wije-cs\/alienostreptus-bicoloripesohnivy-krokodyl-obrovsky\/\"]}]},{\"@type\":\"ImageObject\",\"inLanguage\":\"cs\",\"@id\":\"https:\/\/megapets.eu\/cs\/wije-cs\/alienostreptus-bicoloripesohnivy-krokodyl-obrovsky\/#primaryimage\",\"url\":\"https:\/\/megapets.eu\/wp-content\/uploads\/2024\/10\/4-1.png\",\"contentUrl\":\"https:\/\/megapets.eu\/wp-content\/uploads\/2024\/10\/4-1.png\",\"width\":3645,\"height\":2431},{\"@type\":\"BreadcrumbList\",\"@id\":\"https:\/\/megapets.eu\/cs\/wije-cs\/alienostreptus-bicoloripesohnivy-krokodyl-obrovsky\/#breadcrumb\",\"itemListElement\":[{\"@type\":\"ListItem\",\"position\":1,\"name\":\"Strona g\u0142\u00f3wna\",\"item\":\"https:\/\/megapets.eu\/cs\/\"},{\"@type\":\"ListItem\",\"position\":2,\"name\":\"Obchod\",\"item\":\"https:\/\/megapets.eu\/obchod\/\"},{\"@type\":\"ListItem\",\"position\":3,\"name\":\"Alienostreptus bicoloripes&#8222;Ohniv\u00fd krokod\u00fdl obrovsk\u00fd\\\"\"}]},{\"@type\":\"WebSite\",\"@id\":\"https:\/\/megapets.eu\/cs\/#website\",\"url\":\"https:\/\/megapets.eu\/cs\/\",\"name\":\"Mega Pets\",\"description\":\"Jedna z najwi\u0119kszych hodowli \u015blimak\u00f3w w Europie\",\"publisher\":{\"@id\":\"https:\/\/megapets.eu\/cs\/#organization\"},\"alternateName\":\"Mega Pets\",\"potentialAction\":[{\"@type\":\"SearchAction\",\"target\":{\"@type\":\"EntryPoint\",\"urlTemplate\":\"https:\/\/megapets.eu\/cs\/?s={search_term_string}\"},\"query-input\":{\"@type\":\"PropertyValueSpecification\",\"valueRequired\":true,\"valueName\":\"search_term_string\"}}],\"inLanguage\":\"cs\"},{\"@type\":\"Organization\",\"@id\":\"https:\/\/megapets.eu\/cs\/#organization\",\"name\":\"Mega Pets\",\"url\":\"https:\/\/megapets.eu\/cs\/\",\"logo\":{\"@type\":\"ImageObject\",\"inLanguage\":\"cs\",\"@id\":\"https:\/\/megapets.eu\/cs\/#\/schema\/logo\/image\/\",\"url\":\"https:\/\/megapets.eu\/wp-content\/uploads\/2025\/04\/megapets_eu-logo.png\",\"contentUrl\":\"https:\/\/megapets.eu\/wp-content\/uploads\/2025\/04\/megapets_eu-logo.png\",\"width\":2362,\"height\":2362,\"caption\":\"Mega Pets\"},\"image\":{\"@id\":\"https:\/\/megapets.eu\/cs\/#\/schema\/logo\/image\/\"},\"sameAs\":[\"https:\/\/www.facebook.com\/MegaPets.eu\/\"]}]}<\/script>\n<!-- \/ Yoast SEO plugin. -->","yoast_head_json":{"title":"Alienostreptus bicoloripes\"Ohniv\u00fd krokod\u00fdl obrovsk\u00fd\" | MegaPets","robots":{"index":"index","follow":"follow","max-snippet":"max-snippet:-1","max-image-preview":"max-image-preview:large","max-video-preview":"max-video-preview:-1"},"canonical":"https:\/\/megapets.eu\/cs\/wije-cs\/alienostreptus-bicoloripesohnivy-krokodyl-obrovsky\/","og_locale":"cs_CZ","og_type":"article","og_title":"Alienostreptus bicoloripes\"Ohniv\u00fd krokod\u00fdl obrovsk\u00fd\" | MegaPets","og_description":"C\u00edlov\u00e1 velikost: cca 20 cm  Nab\u00edzen\u00e9 ml\u00e1d\u011b: cca 5 cm  Cena je za: Cena za 1 ks","og_url":"https:\/\/megapets.eu\/cs\/wije-cs\/alienostreptus-bicoloripesohnivy-krokodyl-obrovsky\/","og_site_name":"MegaPets","article_publisher":"https:\/\/www.facebook.com\/MegaPets.eu\/","og_image":[{"width":1024,"height":683,"url":"https:\/\/megapets.eu\/wp-content\/uploads\/2024\/10\/4-1-1024x683.png","type":"image\/png"}],"twitter_card":"summary_large_image","twitter_misc":{"Odhadovan\u00e1 doba \u010dten\u00ed":"1 minuta"},"schema":{"@context":"https:\/\/schema.org","@graph":[{"@type":"WebPage","@id":"https:\/\/megapets.eu\/cs\/wije-cs\/alienostreptus-bicoloripesohnivy-krokodyl-obrovsky\/","url":"https:\/\/megapets.eu\/cs\/wije-cs\/alienostreptus-bicoloripesohnivy-krokodyl-obrovsky\/","name":"Alienostreptus bicoloripes \"Ohniv\u00fd krokod\u00fdl obrovsk\u00fd\" | MegaPets","isPartOf":{"@id":"https:\/\/megapets.eu\/cs\/#website"},"primaryImageOfPage":{"@id":"https:\/\/megapets.eu\/cs\/wije-cs\/alienostreptus-bicoloripesohnivy-krokodyl-obrovsky\/#primaryimage"},"image":{"@id":"https:\/\/megapets.eu\/cs\/wije-cs\/alienostreptus-bicoloripesohnivy-krokodyl-obrovsky\/#primaryimage"},"thumbnailUrl":"https:\/\/megapets.eu\/wp-content\/uploads\/2024\/10\/4-1.png","datePublished":"2024-10-05T10:29:07+00:00","breadcrumb":{"@id":"https:\/\/megapets.eu\/cs\/wije-cs\/alienostreptus-bicoloripesohnivy-krokodyl-obrovsky\/#breadcrumb"},"inLanguage":"cs","potentialAction":[{"@type":"ReadAction","target":["https:\/\/megapets.eu\/cs\/wije-cs\/alienostreptus-bicoloripesohnivy-krokodyl-obrovsky\/"]}]},{"@type":"ImageObject","inLanguage":"cs","@id":"https:\/\/megapets.eu\/cs\/wije-cs\/alienostreptus-bicoloripesohnivy-krokodyl-obrovsky\/#primaryimage","url":"https:\/\/megapets.eu\/wp-content\/uploads\/2024\/10\/4-1.png","contentUrl":"https:\/\/megapets.eu\/wp-content\/uploads\/2024\/10\/4-1.png","width":3645,"height":2431},{"@type":"BreadcrumbList","@id":"https:\/\/megapets.eu\/cs\/wije-cs\/alienostreptus-bicoloripesohnivy-krokodyl-obrovsky\/#breadcrumb","itemListElement":[{"@type":"ListItem","position":1,"name":"Strona g\u0142\u00f3wna","item":"https:\/\/megapets.eu\/cs\/"},{"@type":"ListItem","position":2,"name":"Obchod","item":"https:\/\/megapets.eu\/obchod\/"},{"@type":"ListItem","position":3,"name":"Alienostreptus bicoloripes&#8222;Ohniv\u00fd krokod\u00fdl obrovsk\u00fd\""}]},{"@type":"WebSite","@id":"https:\/\/megapets.eu\/cs\/#website","url":"https:\/\/megapets.eu\/cs\/","name":"Mega Pets","description":"Jedna z najwi\u0119kszych hodowli \u015blimak\u00f3w w Europie","publisher":{"@id":"https:\/\/megapets.eu\/cs\/#organization"},"alternateName":"Mega Pets","potentialAction":[{"@type":"SearchAction","target":{"@type":"EntryPoint","urlTemplate":"https:\/\/megapets.eu\/cs\/?s={search_term_string}"},"query-input":{"@type":"PropertyValueSpecification","valueRequired":true,"valueName":"search_term_string"}}],"inLanguage":"cs"},{"@type":"Organization","@id":"https:\/\/megapets.eu\/cs\/#organization","name":"Mega Pets","url":"https:\/\/megapets.eu\/cs\/","logo":{"@type":"ImageObject","inLanguage":"cs","@id":"https:\/\/megapets.eu\/cs\/#\/schema\/logo\/image\/","url":"https:\/\/megapets.eu\/wp-content\/uploads\/2025\/04\/megapets_eu-logo.png","contentUrl":"https:\/\/megapets.eu\/wp-content\/uploads\/2025\/04\/megapets_eu-logo.png","width":2362,"height":2362,"caption":"Mega Pets"},"image":{"@id":"https:\/\/megapets.eu\/cs\/#\/schema\/logo\/image\/"},"sameAs":["https:\/\/www.facebook.com\/MegaPets.eu\/"]}]}},"_links":{"self":[{"href":"https:\/\/megapets.eu\/cs\/wp-json\/wp\/v2\/product\/6588","targetHints":{"allow":["GET"]}}],"collection":[{"href":"https:\/\/megapets.eu\/cs\/wp-json\/wp\/v2\/product"}],"about":[{"href":"https:\/\/megapets.eu\/cs\/wp-json\/wp\/v2\/types\/product"}],"wp:featuredmedia":[{"embeddable":true,"href":"https:\/\/megapets.eu\/cs\/wp-json\/wp\/v2\/media\/6590"}],"wp:attachment":[{"href":"https:\/\/megapets.eu\/cs\/wp-json\/wp\/v2\/media?parent=6588"}],"wp:term":[{"taxonomy":"product_cat","embeddable":true,"href":"https:\/\/megapets.eu\/cs\/wp-json\/wp\/v2\/product_cat?post=6588"},{"taxonomy":"product_tag","embeddable":true,"href":"https:\/\/megapets.eu\/cs\/wp-json\/wp\/v2\/product_tag?post=6588"}],"curies":[{"name":"wp","href":"https:\/\/api.w.org\/{rel}","templated":true}]}}