{"id":6593,"date":"2024-10-04T19:54:08","date_gmt":"2024-10-04T19:54:08","guid":{"rendered":"https:\/\/megapets.eu\/neza\u0159azen\u00e9\/baleni-bilkovin-a-vitaminu-50-g\/"},"modified":"2024-10-04T19:54:08","modified_gmt":"2024-10-04T19:54:08","slug":"baleni-bilkovin-a-vitaminu-50-g","status":"publish","type":"product","link":"https:\/\/megapets.eu\/cs\/prislusenstvi\/baleni-bilkovin-a-vitaminu-50-g\/","title":{"rendered":"Balen\u00ed b\u00edlkovin a vitam\u00edn\u016f 50 g"},"content":{"rendered":"<p><strong><span style=\"color: #e87020; font-size: 15px;\"><em>Balen\u00ed &#8222;Protein &amp; Vitamin&#8220; 50 g<\/em><\/span><\/strong><\/p>\n<p><strong><span style=\"color: #e87020; font-size: 15px;\"><em>Jedno balen\u00ed obsahuje 50 g.<\/em><\/span><\/strong><\/p>\n<p><strong><span style=\"color: #e87020; font-size: 15px;\"><em>Cena je za 1 balen\u00ed.<\/em><\/span><\/strong><\/p>\n<p><em><span style=\"color: #424242;\"><strong><span style=\"font-size: 15px;\">Balen\u00ed &#8222;Protein &amp; Vitamin&#8220; obsahuje sm\u011bs zrn plnou cenn\u00fdch \u017eivin pro spr\u00e1vn\u00fd v\u00fdvoj dom\u00e1c\u00edch zv\u00ed\u0159at a je prosp\u011b\u0161n\u00fdm dopl\u0148kem z\u00e1kladn\u00ed stravy \u0161nek\u016f. Z rozemlet\u00fdch a proset\u00fdch zrn vznik\u00e1 jemn\u00fd pr\u00e1\u0161ek, kter\u00fd je pro \u0161neky \u0161etrn\u011bj\u0161\u00ed a snadn\u011bji jej p\u0159ij\u00edmaj\u00ed.<\/span><\/strong><\/span><\/em><\/p>\n<p><em><span style=\"color: #424242;\"><strong><span style=\"font-size: 15px;\">D\u00e1vkov\u00e1n\u00ed: Mal\u00e9 mno\u017estv\u00ed pr\u00e1\u0161ku &#8222;Protein &amp; Vitamin&#8220; nasypte na \u010d\u00e1st krmiva. Pro zpest\u0159en\u00ed je p\u0159i dal\u0161\u00edm krmen\u00ed lep\u0161\u00ed ud\u011blat v krmen\u00ed sm\u011bs\u00ed zrn kr\u00e1tkou p\u0159est\u00e1vku a nab\u00eddnout zv\u00ed\u0159eti jin\u00e9 druhy dopl\u0148k\u016f, nap\u0159\u00edklad sm\u011bs exotick\u00fdch bylin nebo mlet\u00fd gamarus.<\/span><\/strong><\/span><\/em><\/p>\n<p><em><span style=\"color: #424242;\"><strong><span style=\"font-size: 15px;\">N\u00e1mi doporu\u010dovan\u00e9 dopl\u0148ky jsou schopny uspokojit pot\u0159eby v oblasti cenn\u00fdch \u017eivin i t\u011bch nejn\u00e1ro\u010dn\u011bj\u0161\u00edch druh\u016f: &#8222;Protein &amp; Vitamin&#8220;, Exotic herbal mix, gammarus ground. Doporu\u010dujeme tyto dopl\u0148ky pou\u017e\u00edvat st\u0159\u00eddav\u011b, aby strava va\u0161eho zv\u00ed\u0159ete z\u016fstala pestr\u00e1 a kompletn\u00ed.<\/span><\/strong><\/span><\/em><\/p>\n","protected":false},"excerpt":{"rendered":"<ul class=\"product_attributes\">\n<li><span style=\"color: #555555;\">Obsahuje:<\/span> sm\u011bs obilovin<\/li>\n<li><span style=\"color: #555555;\">Balen\u00ed obsahuje:<\/span> 50 g<\/li>\n<li><span style=\"color: #555555;\">Cena plat\u00ed pro:<\/span> Cena plat\u00ed pro 1 balen\u00ed.<\/li>\n<\/ul>\n","protected":false},"featured_media":12624,"template":"","meta":{"_acf_changed":false,"_links_to":"","_links_to_target":""},"product_cat":[163],"product_tag":[164,166,165,167],"class_list":{"0":"post-6593","1":"product","2":"type-product","3":"status-publish","4":"has-post-thumbnail","6":"product_cat-prislusenstvi","7":"product_tag-pro-hlemyzde","8":"product_tag-pro-izopody","9":"product_tag-pro-lsti","10":"product_tag-pro-svaby","12":"first","13":"instock","14":"shipping-taxable","15":"purchasable","16":"product-type-simple"},"acf":[],"yoast_head":"<!-- This site is optimized with the Yoast SEO plugin v24.9 - https:\/\/yoast.com\/wordpress\/plugins\/seo\/ -->\n<title>Balen\u00ed b\u00edlkovin a vitam\u00edn\u016f 50 g | MegaPets<\/title>\n<meta name=\"robots\" content=\"index, follow, max-snippet:-1, max-image-preview:large, max-video-preview:-1\" \/>\n<link rel=\"canonical\" href=\"https:\/\/megapets.eu\/cs\/prislusenstvi\/baleni-bilkovin-a-vitaminu-50-g\/\" \/>\n<meta property=\"og:locale\" content=\"cs_CZ\" \/>\n<meta property=\"og:type\" content=\"article\" \/>\n<meta property=\"og:title\" content=\"Balen\u00ed b\u00edlkovin a vitam\u00edn\u016f 50 g | MegaPets\" \/>\n<meta property=\"og:description\" content=\"Obsahuje: sm\u011bs obilovin  Balen\u00ed obsahuje: 50 g  Cena plat\u00ed pro: Cena plat\u00ed pro 1 balen\u00ed.\" \/>\n<meta property=\"og:url\" content=\"https:\/\/megapets.eu\/cs\/prislusenstvi\/baleni-bilkovin-a-vitaminu-50-g\/\" \/>\n<meta property=\"og:site_name\" content=\"MegaPets\" \/>\n<meta property=\"article:publisher\" content=\"https:\/\/www.facebook.com\/MegaPets.eu\/\" \/>\n<meta property=\"og:image\" content=\"https:\/\/megapets.eu\/wp-content\/uploads\/2024\/10\/IMG_20200808_204327-1024x771.png\" \/>\n\t<meta property=\"og:image:width\" content=\"1024\" \/>\n\t<meta property=\"og:image:height\" content=\"771\" \/>\n\t<meta property=\"og:image:type\" content=\"image\/png\" \/>\n<meta name=\"twitter:card\" content=\"summary_large_image\" \/>\n<meta name=\"twitter:label1\" content=\"Odhadovan\u00e1 doba \u010dten\u00ed\" \/>\n\t<meta name=\"twitter:data1\" content=\"1 minuta\" \/>\n<script type=\"application\/ld+json\" class=\"yoast-schema-graph\">{\"@context\":\"https:\/\/schema.org\",\"@graph\":[{\"@type\":\"WebPage\",\"@id\":\"https:\/\/megapets.eu\/cs\/prislusenstvi\/baleni-bilkovin-a-vitaminu-50-g\/\",\"url\":\"https:\/\/megapets.eu\/cs\/prislusenstvi\/baleni-bilkovin-a-vitaminu-50-g\/\",\"name\":\"Balen\u00ed b\u00edlkovin a vitam\u00edn\u016f 50 g | MegaPets\",\"isPartOf\":{\"@id\":\"https:\/\/megapets.eu\/cs\/#website\"},\"primaryImageOfPage\":{\"@id\":\"https:\/\/megapets.eu\/cs\/prislusenstvi\/baleni-bilkovin-a-vitaminu-50-g\/#primaryimage\"},\"image\":{\"@id\":\"https:\/\/megapets.eu\/cs\/prislusenstvi\/baleni-bilkovin-a-vitaminu-50-g\/#primaryimage\"},\"thumbnailUrl\":\"https:\/\/megapets.eu\/wp-content\/uploads\/2024\/10\/optimized_ziarna.webp\",\"datePublished\":\"2024-10-04T19:54:08+00:00\",\"breadcrumb\":{\"@id\":\"https:\/\/megapets.eu\/cs\/prislusenstvi\/baleni-bilkovin-a-vitaminu-50-g\/#breadcrumb\"},\"inLanguage\":\"cs\",\"potentialAction\":[{\"@type\":\"ReadAction\",\"target\":[\"https:\/\/megapets.eu\/cs\/prislusenstvi\/baleni-bilkovin-a-vitaminu-50-g\/\"]}]},{\"@type\":\"ImageObject\",\"inLanguage\":\"cs\",\"@id\":\"https:\/\/megapets.eu\/cs\/prislusenstvi\/baleni-bilkovin-a-vitaminu-50-g\/#primaryimage\",\"url\":\"https:\/\/megapets.eu\/wp-content\/uploads\/2024\/10\/optimized_ziarna.webp\",\"contentUrl\":\"https:\/\/megapets.eu\/wp-content\/uploads\/2024\/10\/optimized_ziarna.webp\",\"width\":1536,\"height\":1024},{\"@type\":\"BreadcrumbList\",\"@id\":\"https:\/\/megapets.eu\/cs\/prislusenstvi\/baleni-bilkovin-a-vitaminu-50-g\/#breadcrumb\",\"itemListElement\":[{\"@type\":\"ListItem\",\"position\":1,\"name\":\"Strona g\u0142\u00f3wna\",\"item\":\"https:\/\/megapets.eu\/cs\/\"},{\"@type\":\"ListItem\",\"position\":2,\"name\":\"Obchod\",\"item\":\"https:\/\/megapets.eu\/obchod\/\"},{\"@type\":\"ListItem\",\"position\":3,\"name\":\"Balen\u00ed b\u00edlkovin a vitam\u00edn\u016f 50 g\"}]},{\"@type\":\"WebSite\",\"@id\":\"https:\/\/megapets.eu\/cs\/#website\",\"url\":\"https:\/\/megapets.eu\/cs\/\",\"name\":\"Mega Pets\",\"description\":\"Jedna z najwi\u0119kszych hodowli \u015blimak\u00f3w w Europie\",\"publisher\":{\"@id\":\"https:\/\/megapets.eu\/cs\/#organization\"},\"alternateName\":\"Mega Pets\",\"potentialAction\":[{\"@type\":\"SearchAction\",\"target\":{\"@type\":\"EntryPoint\",\"urlTemplate\":\"https:\/\/megapets.eu\/cs\/?s={search_term_string}\"},\"query-input\":{\"@type\":\"PropertyValueSpecification\",\"valueRequired\":true,\"valueName\":\"search_term_string\"}}],\"inLanguage\":\"cs\"},{\"@type\":\"Organization\",\"@id\":\"https:\/\/megapets.eu\/cs\/#organization\",\"name\":\"Mega Pets\",\"url\":\"https:\/\/megapets.eu\/cs\/\",\"logo\":{\"@type\":\"ImageObject\",\"inLanguage\":\"cs\",\"@id\":\"https:\/\/megapets.eu\/cs\/#\/schema\/logo\/image\/\",\"url\":\"https:\/\/megapets.eu\/wp-content\/uploads\/2025\/04\/megapets_eu-logo.png\",\"contentUrl\":\"https:\/\/megapets.eu\/wp-content\/uploads\/2025\/04\/megapets_eu-logo.png\",\"width\":2362,\"height\":2362,\"caption\":\"Mega Pets\"},\"image\":{\"@id\":\"https:\/\/megapets.eu\/cs\/#\/schema\/logo\/image\/\"},\"sameAs\":[\"https:\/\/www.facebook.com\/MegaPets.eu\/\"]}]}<\/script>\n<!-- \/ Yoast SEO plugin. -->","yoast_head_json":{"title":"Balen\u00ed b\u00edlkovin a vitam\u00edn\u016f 50 g | MegaPets","robots":{"index":"index","follow":"follow","max-snippet":"max-snippet:-1","max-image-preview":"max-image-preview:large","max-video-preview":"max-video-preview:-1"},"canonical":"https:\/\/megapets.eu\/cs\/prislusenstvi\/baleni-bilkovin-a-vitaminu-50-g\/","og_locale":"cs_CZ","og_type":"article","og_title":"Balen\u00ed b\u00edlkovin a vitam\u00edn\u016f 50 g | MegaPets","og_description":"Obsahuje: sm\u011bs obilovin  Balen\u00ed obsahuje: 50 g  Cena plat\u00ed pro: Cena plat\u00ed pro 1 balen\u00ed.","og_url":"https:\/\/megapets.eu\/cs\/prislusenstvi\/baleni-bilkovin-a-vitaminu-50-g\/","og_site_name":"MegaPets","article_publisher":"https:\/\/www.facebook.com\/MegaPets.eu\/","og_image":[{"width":1024,"height":771,"url":"https:\/\/megapets.eu\/wp-content\/uploads\/2024\/10\/IMG_20200808_204327-1024x771.png","type":"image\/png"}],"twitter_card":"summary_large_image","twitter_misc":{"Odhadovan\u00e1 doba \u010dten\u00ed":"1 minuta"},"schema":{"@context":"https:\/\/schema.org","@graph":[{"@type":"WebPage","@id":"https:\/\/megapets.eu\/cs\/prislusenstvi\/baleni-bilkovin-a-vitaminu-50-g\/","url":"https:\/\/megapets.eu\/cs\/prislusenstvi\/baleni-bilkovin-a-vitaminu-50-g\/","name":"Balen\u00ed b\u00edlkovin a vitam\u00edn\u016f 50 g | MegaPets","isPartOf":{"@id":"https:\/\/megapets.eu\/cs\/#website"},"primaryImageOfPage":{"@id":"https:\/\/megapets.eu\/cs\/prislusenstvi\/baleni-bilkovin-a-vitaminu-50-g\/#primaryimage"},"image":{"@id":"https:\/\/megapets.eu\/cs\/prislusenstvi\/baleni-bilkovin-a-vitaminu-50-g\/#primaryimage"},"thumbnailUrl":"https:\/\/megapets.eu\/wp-content\/uploads\/2024\/10\/optimized_ziarna.webp","datePublished":"2024-10-04T19:54:08+00:00","breadcrumb":{"@id":"https:\/\/megapets.eu\/cs\/prislusenstvi\/baleni-bilkovin-a-vitaminu-50-g\/#breadcrumb"},"inLanguage":"cs","potentialAction":[{"@type":"ReadAction","target":["https:\/\/megapets.eu\/cs\/prislusenstvi\/baleni-bilkovin-a-vitaminu-50-g\/"]}]},{"@type":"ImageObject","inLanguage":"cs","@id":"https:\/\/megapets.eu\/cs\/prislusenstvi\/baleni-bilkovin-a-vitaminu-50-g\/#primaryimage","url":"https:\/\/megapets.eu\/wp-content\/uploads\/2024\/10\/optimized_ziarna.webp","contentUrl":"https:\/\/megapets.eu\/wp-content\/uploads\/2024\/10\/optimized_ziarna.webp","width":1536,"height":1024},{"@type":"BreadcrumbList","@id":"https:\/\/megapets.eu\/cs\/prislusenstvi\/baleni-bilkovin-a-vitaminu-50-g\/#breadcrumb","itemListElement":[{"@type":"ListItem","position":1,"name":"Strona g\u0142\u00f3wna","item":"https:\/\/megapets.eu\/cs\/"},{"@type":"ListItem","position":2,"name":"Obchod","item":"https:\/\/megapets.eu\/obchod\/"},{"@type":"ListItem","position":3,"name":"Balen\u00ed b\u00edlkovin a vitam\u00edn\u016f 50 g"}]},{"@type":"WebSite","@id":"https:\/\/megapets.eu\/cs\/#website","url":"https:\/\/megapets.eu\/cs\/","name":"Mega Pets","description":"Jedna z najwi\u0119kszych hodowli \u015blimak\u00f3w w Europie","publisher":{"@id":"https:\/\/megapets.eu\/cs\/#organization"},"alternateName":"Mega Pets","potentialAction":[{"@type":"SearchAction","target":{"@type":"EntryPoint","urlTemplate":"https:\/\/megapets.eu\/cs\/?s={search_term_string}"},"query-input":{"@type":"PropertyValueSpecification","valueRequired":true,"valueName":"search_term_string"}}],"inLanguage":"cs"},{"@type":"Organization","@id":"https:\/\/megapets.eu\/cs\/#organization","name":"Mega Pets","url":"https:\/\/megapets.eu\/cs\/","logo":{"@type":"ImageObject","inLanguage":"cs","@id":"https:\/\/megapets.eu\/cs\/#\/schema\/logo\/image\/","url":"https:\/\/megapets.eu\/wp-content\/uploads\/2025\/04\/megapets_eu-logo.png","contentUrl":"https:\/\/megapets.eu\/wp-content\/uploads\/2025\/04\/megapets_eu-logo.png","width":2362,"height":2362,"caption":"Mega Pets"},"image":{"@id":"https:\/\/megapets.eu\/cs\/#\/schema\/logo\/image\/"},"sameAs":["https:\/\/www.facebook.com\/MegaPets.eu\/"]}]}},"_links":{"self":[{"href":"https:\/\/megapets.eu\/cs\/wp-json\/wp\/v2\/product\/6593","targetHints":{"allow":["GET"]}}],"collection":[{"href":"https:\/\/megapets.eu\/cs\/wp-json\/wp\/v2\/product"}],"about":[{"href":"https:\/\/megapets.eu\/cs\/wp-json\/wp\/v2\/types\/product"}],"wp:featuredmedia":[{"embeddable":true,"href":"https:\/\/megapets.eu\/cs\/wp-json\/wp\/v2\/media\/12624"}],"wp:attachment":[{"href":"https:\/\/megapets.eu\/cs\/wp-json\/wp\/v2\/media?parent=6593"}],"wp:term":[{"taxonomy":"product_cat","embeddable":true,"href":"https:\/\/megapets.eu\/cs\/wp-json\/wp\/v2\/product_cat?post=6593"},{"taxonomy":"product_tag","embeddable":true,"href":"https:\/\/megapets.eu\/cs\/wp-json\/wp\/v2\/product_tag?post=6593"}],"curies":[{"name":"wp","href":"https:\/\/api.w.org\/{rel}","templated":true}]}}