{"id":6618,"date":"2024-10-05T20:01:59","date_gmt":"2024-10-05T20:01:59","guid":{"rendered":"https:\/\/megapets.eu\/neza\u0159azen\u00e9\/armadillidium-gestroi-intensive-yellowcleaning-crew\/"},"modified":"2024-10-05T20:01:59","modified_gmt":"2024-10-05T20:01:59","slug":"armadillidium-gestroi-intensive-yellowcleaning-crew","status":"publish","type":"product","link":"https:\/\/megapets.eu\/cs\/isopody-cs\/armadillidium-gestroi-intensive-yellowcleaning-crew\/","title":{"rendered":"Armadillidium gestroi &#8222;Intensive Yellow&#8220;<br \/>&#8222;Cleaning crew&#8220;"},"content":{"rendered":"<p class=\"v1v1v1v1MsoNormal\"><span style=\"color: #424242;\"><strong><em><span style=\"font-size: 15px;\">Prosiony \/ Culottes: g<\/span><\/em><\/strong><strong><em><span style=\"font-size: 15px;\">atunek Armadillidium gestroi.<\/span><\/em><\/strong><\/span><\/p>\n<p><strong style=\"color: #424242;\"><em><span style=\"font-size: 15px;\"><strong><span class=\"x1xsqp64 xiy17q3 x1o6pynw x19co3pv xdj266r xcwd3tp xat24cr x39eecv x2b8uid\" data-testid=\"emoji\"><span class=\"xexx8yu xn5pp95 x18d9i69 x2fxd7x x3jgonx x1bhl96m\">Armadillidium gestroi <span style=\"font-size: 15px; color: #424242;\"><span style=\"color: #424242;\">\ud83d\udc9b<\/span><\/span><span style=\"font-size: 15px; color: #424242;\"><span style=\"color: #424242;\">\ud83d\udda4<\/span><\/span><span style=\"font-size: 15px; color: #424242;\"><span style=\"color: #424242;\">\ud83d\udc9b, \u0142<\/span><\/span><\/span><\/span><\/strong><\/span><\/em><\/strong><strong style=\"color: #424242;\"><em><span style=\"font-size: 15px;\"><strong><span class=\"x1xsqp64 xiy17q3 x1o6pynw x19co3pv xdj266r xcwd3tp xat24cr x39eecv x2b8uid\" data-testid=\"emoji\"><span class=\"xexx8yu xn5pp95 x18d9i69 x2fxd7x x3jgonx x1bhl96m\">atisky se snadno udr\u017euj\u00ed, a proto jsou ide\u00e1ln\u00ed pro za\u010d\u00e1te\u010dn\u00edky.<\/span><\/span><\/strong><\/span><\/em><\/strong><\/p>\n<p><strong style=\"color: #424242;\"><strong><em><span style=\"font-size: 15px; color: #424242;\"><strong><span style=\"font-size: 15px;\"><span class=\"x1xsqp64 xiy17q3 x1o6pynw x19co3pv xdj266r xcwd3tp xat24cr x39eecv x2b8uid\" data-testid=\"emoji\"><span class=\"xexx8yu xn5pp95 x18d9i69 x2fxd7x x3jgonx x1bhl96m\"><span style=\"color: #424242;\">\ud83d\udda4<\/span><span style=\"color: #424242;\">\ud83d\udc9b\ud83d\udda4 <\/span><\/span><\/span><\/span>Hled\u00e1te n\u011bco z\u00e1bavn\u00e9ho na chov do za\u010d\u00e1tku? <\/strong> Pros\u00edci a pumy<strong> <\/strong>jsou kr\u00e1sn\u00e1 a snadno chovateln\u00e1 stvo\u0159en\u00ed, pro \u010dlov\u011bka zcela bezpe\u010dn\u00e1 a nekou\u0161ou. Maj\u00ed slab\u00e9 \u010delisti, kter\u00e9 jsou uzp\u016fsoben\u00e9 k drcen\u00ed rostlinn\u00e9 hmoty. Izopodi d\u00e1vaj\u00ed p\u0159ednost vlhk\u00fdm m\u00edst\u016fm, \u017eij\u00ed ve svrchn\u00ed vrstv\u011b substr\u00e1tu a \u017eiv\u00ed se listy, v\u00edceslo\u017ekov\u00fdm substr\u00e1tem ur\u010den\u00fdm pro krokod\u00fdly a zeleninou a ovocem.<\/span><\/em><\/strong><\/strong><\/p>\n<p class=\"v1v1v1v1MsoNormal\"><span style=\"color: #424242;\"><strong><em><span style=\"font-size: 15px;\"><span class=\"x1xsqp64 xiy17q3 x1o6pynw x19co3pv xdj266r xcwd3tp xat24cr x39eecv x2b8uid\" data-testid=\"emoji\"><span class=\"xexx8yu xn5pp95 x18d9i69 x2fxd7x x3jgonx x1bhl96m\">\ud83c\udf3f <\/span><\/span>V\u0161e, co takov\u00e9 zv\u00ed\u0159e pot\u0159ebuje k \u00fasp\u011b\u0161n\u00e9mu v\u00fdvoji a \u017eivotu v ter\u00e1riu, je:<\/span><\/em><\/strong><\/span><\/p>\n<p class=\"v1v1v1v1MsoNormal\"><span style=\"color: #008000;\"><strong><em><span style=\"font-size: 15px;\">* Substr\u00e1t \/ potrava: Substr\u00e1t pro krokod\u00fdly a \u017e\u00ed\u017ealy nebo kokosov\u00fd substr\u00e1t;<\/span><\/em><\/strong><\/span><\/p>\n<p class=\"v1v1v1v1MsoNormal\"><span style=\"color: #008000;\"><strong><em><span style=\"font-size: 15px;\">* Krmivo: \u010cerstv\u00e1 zelenina a ovoce;<\/span><\/em><\/strong><\/span><\/p>\n<p class=\"v1v1v1v1MsoNormal\"><span style=\"color: #008000;\"><strong><em><span style=\"font-size: 15px;\">* Potrava: S\u00e9pie &#8211; s\u00e9piov\u00e1 kost je pro terarijn\u00ed zv\u00ed\u0159ata p\u0159irozen\u00fdm zdrojem v\u00e1pn\u00edku; <\/span><\/em><\/strong><\/span><\/p>\n<p class=\"v1v1v1v1MsoNormal\"><span style=\"color: #008000;\"><strong><em><span style=\"font-size: 15px;\">* Potrava: Mlet\u00fd gammarus je su\u0161en\u00fd z\u00e1rodek bohat\u00fd na makro- a mikro\u017eiviny, p\u0159\u00edrodn\u00ed zdroj \u017eivo\u010di\u0161n\u00fdch b\u00edlkovin a chitinu (k dost\u00e1n\u00ed na na\u0161\u00ed dal\u0161\u00ed aukci);<\/span><\/em><\/strong><\/span><\/p>\n<p class=\"v1v1v1v1MsoNormal\"><span style=\"color: #008000;\"><strong><em><span style=\"font-size: 15px;\">* Terarijn\u00ed: Pro chov izopod\u016f je ide\u00e1ln\u00ed faunabox nebo chovn\u00e1 n\u00e1doba;<\/span><\/em><\/strong><\/span><\/p>\n<p class=\"v1v1v1v1MsoNormal\"><span style=\"color: #008000;\"><strong><em><span style=\"font-size: 15px;\">* Nedovolte, aby substr\u00e1t zcela vyschl, ter\u00e1rium jednou za \u010das pokropte.<\/span><\/em><\/strong><\/span><\/p>\n","protected":false},"excerpt":{"rendered":"<ul class=\"product_attributes\">\n<li><strong>C\u00edlov\u00e1 velikost exempl\u00e1\u0159\u016f:<\/strong> <span style=\"color: #000000;\">cca 2 cm<\/span><\/li>\n<li>Nab\u00edzen\u00e9 exempl\u00e1\u0159e: <span style=\"color: #000000;\">n\u00e1hodn\u011b balen\u00e9<\/span><\/li>\n<li>Cena je za sadu: <span style=\"color: #000000;\">6 kus\u016f<\/span><\/li>\n<\/ul>\n","protected":false},"featured_media":6619,"template":"","meta":{"_acf_changed":false,"_links_to":"","_links_to_target":""},"product_cat":[169],"product_tag":[],"class_list":{"0":"post-6618","1":"product","2":"type-product","3":"status-publish","4":"has-post-thumbnail","6":"product_cat-isopody-cs","8":"first","9":"outofstock","10":"shipping-taxable","11":"purchasable","12":"product-type-simple"},"acf":[],"yoast_head":"<!-- This site is optimized with the Yoast SEO plugin v24.9 - https:\/\/yoast.com\/wordpress\/plugins\/seo\/ -->\n<title>Armadillidium gestroi &quot;Intensive Yellow&quot;&quot;Cleaning crew&quot; | MegaPets<\/title>\n<meta name=\"robots\" content=\"index, follow, max-snippet:-1, max-image-preview:large, max-video-preview:-1\" \/>\n<link rel=\"canonical\" href=\"https:\/\/megapets.eu\/cs\/isopody-cs\/armadillidium-gestroi-intensive-yellowcleaning-crew\/\" \/>\n<meta property=\"og:locale\" content=\"cs_CZ\" \/>\n<meta property=\"og:type\" content=\"article\" \/>\n<meta property=\"og:title\" content=\"Armadillidium gestroi &quot;Intensive Yellow&quot;&quot;Cleaning crew&quot; | MegaPets\" \/>\n<meta property=\"og:description\" content=\"C\u00edlov\u00e1 velikost exempl\u00e1\u0159\u016f: cca 2 cm  Nab\u00edzen\u00e9 exempl\u00e1\u0159e: n\u00e1hodn\u011b balen\u00e9  Cena je za sadu: 6 kus\u016f\" \/>\n<meta property=\"og:url\" content=\"https:\/\/megapets.eu\/cs\/isopody-cs\/armadillidium-gestroi-intensive-yellowcleaning-crew\/\" \/>\n<meta property=\"og:site_name\" content=\"MegaPets\" \/>\n<meta property=\"article:publisher\" content=\"https:\/\/www.facebook.com\/MegaPets.eu\/\" \/>\n<meta property=\"og:image\" content=\"https:\/\/megapets.eu\/wp-content\/uploads\/2024\/10\/2-logo1.png\" \/>\n\t<meta property=\"og:image:width\" content=\"1048\" \/>\n\t<meta property=\"og:image:height\" content=\"692\" \/>\n\t<meta property=\"og:image:type\" content=\"image\/png\" \/>\n<meta name=\"twitter:card\" content=\"summary_large_image\" \/>\n<meta name=\"twitter:label1\" content=\"Odhadovan\u00e1 doba \u010dten\u00ed\" \/>\n\t<meta name=\"twitter:data1\" content=\"1 minuta\" \/>\n<script type=\"application\/ld+json\" class=\"yoast-schema-graph\">{\"@context\":\"https:\/\/schema.org\",\"@graph\":[{\"@type\":\"WebPage\",\"@id\":\"https:\/\/megapets.eu\/cs\/isopody-cs\/armadillidium-gestroi-intensive-yellowcleaning-crew\/\",\"url\":\"https:\/\/megapets.eu\/cs\/isopody-cs\/armadillidium-gestroi-intensive-yellowcleaning-crew\/\",\"name\":\"Armadillidium gestroi \\\"Intensive Yellow\\\" \\\"Cleaning crew\\\" | MegaPets\",\"isPartOf\":{\"@id\":\"https:\/\/megapets.eu\/cs\/#website\"},\"primaryImageOfPage\":{\"@id\":\"https:\/\/megapets.eu\/cs\/isopody-cs\/armadillidium-gestroi-intensive-yellowcleaning-crew\/#primaryimage\"},\"image\":{\"@id\":\"https:\/\/megapets.eu\/cs\/isopody-cs\/armadillidium-gestroi-intensive-yellowcleaning-crew\/#primaryimage\"},\"thumbnailUrl\":\"https:\/\/megapets.eu\/wp-content\/uploads\/2024\/10\/2-logo1.png\",\"datePublished\":\"2024-10-05T20:01:59+00:00\",\"breadcrumb\":{\"@id\":\"https:\/\/megapets.eu\/cs\/isopody-cs\/armadillidium-gestroi-intensive-yellowcleaning-crew\/#breadcrumb\"},\"inLanguage\":\"cs\",\"potentialAction\":[{\"@type\":\"ReadAction\",\"target\":[\"https:\/\/megapets.eu\/cs\/isopody-cs\/armadillidium-gestroi-intensive-yellowcleaning-crew\/\"]}]},{\"@type\":\"ImageObject\",\"inLanguage\":\"cs\",\"@id\":\"https:\/\/megapets.eu\/cs\/isopody-cs\/armadillidium-gestroi-intensive-yellowcleaning-crew\/#primaryimage\",\"url\":\"https:\/\/megapets.eu\/wp-content\/uploads\/2024\/10\/2-logo1.png\",\"contentUrl\":\"https:\/\/megapets.eu\/wp-content\/uploads\/2024\/10\/2-logo1.png\",\"width\":1048,\"height\":692},{\"@type\":\"BreadcrumbList\",\"@id\":\"https:\/\/megapets.eu\/cs\/isopody-cs\/armadillidium-gestroi-intensive-yellowcleaning-crew\/#breadcrumb\",\"itemListElement\":[{\"@type\":\"ListItem\",\"position\":1,\"name\":\"Strona g\u0142\u00f3wna\",\"item\":\"https:\/\/megapets.eu\/cs\/\"},{\"@type\":\"ListItem\",\"position\":2,\"name\":\"Obchod\",\"item\":\"https:\/\/megapets.eu\/obchod\/\"},{\"@type\":\"ListItem\",\"position\":3,\"name\":\"Armadillidium gestroi &#8222;Intensive Yellow\\\"&#8222;Cleaning crew\\\"\"}]},{\"@type\":\"WebSite\",\"@id\":\"https:\/\/megapets.eu\/cs\/#website\",\"url\":\"https:\/\/megapets.eu\/cs\/\",\"name\":\"Mega Pets\",\"description\":\"Jedna z najwi\u0119kszych hodowli \u015blimak\u00f3w w Europie\",\"publisher\":{\"@id\":\"https:\/\/megapets.eu\/cs\/#organization\"},\"alternateName\":\"Mega Pets\",\"potentialAction\":[{\"@type\":\"SearchAction\",\"target\":{\"@type\":\"EntryPoint\",\"urlTemplate\":\"https:\/\/megapets.eu\/cs\/?s={search_term_string}\"},\"query-input\":{\"@type\":\"PropertyValueSpecification\",\"valueRequired\":true,\"valueName\":\"search_term_string\"}}],\"inLanguage\":\"cs\"},{\"@type\":\"Organization\",\"@id\":\"https:\/\/megapets.eu\/cs\/#organization\",\"name\":\"Mega Pets\",\"url\":\"https:\/\/megapets.eu\/cs\/\",\"logo\":{\"@type\":\"ImageObject\",\"inLanguage\":\"cs\",\"@id\":\"https:\/\/megapets.eu\/cs\/#\/schema\/logo\/image\/\",\"url\":\"https:\/\/megapets.eu\/wp-content\/uploads\/2025\/04\/megapets_eu-logo.png\",\"contentUrl\":\"https:\/\/megapets.eu\/wp-content\/uploads\/2025\/04\/megapets_eu-logo.png\",\"width\":2362,\"height\":2362,\"caption\":\"Mega Pets\"},\"image\":{\"@id\":\"https:\/\/megapets.eu\/cs\/#\/schema\/logo\/image\/\"},\"sameAs\":[\"https:\/\/www.facebook.com\/MegaPets.eu\/\"]}]}<\/script>\n<!-- \/ Yoast SEO plugin. -->","yoast_head_json":{"title":"Armadillidium gestroi \"Intensive Yellow\"\"Cleaning crew\" | MegaPets","robots":{"index":"index","follow":"follow","max-snippet":"max-snippet:-1","max-image-preview":"max-image-preview:large","max-video-preview":"max-video-preview:-1"},"canonical":"https:\/\/megapets.eu\/cs\/isopody-cs\/armadillidium-gestroi-intensive-yellowcleaning-crew\/","og_locale":"cs_CZ","og_type":"article","og_title":"Armadillidium gestroi \"Intensive Yellow\"\"Cleaning crew\" | MegaPets","og_description":"C\u00edlov\u00e1 velikost exempl\u00e1\u0159\u016f: cca 2 cm  Nab\u00edzen\u00e9 exempl\u00e1\u0159e: n\u00e1hodn\u011b balen\u00e9  Cena je za sadu: 6 kus\u016f","og_url":"https:\/\/megapets.eu\/cs\/isopody-cs\/armadillidium-gestroi-intensive-yellowcleaning-crew\/","og_site_name":"MegaPets","article_publisher":"https:\/\/www.facebook.com\/MegaPets.eu\/","og_image":[{"width":1048,"height":692,"url":"https:\/\/megapets.eu\/wp-content\/uploads\/2024\/10\/2-logo1.png","type":"image\/png"}],"twitter_card":"summary_large_image","twitter_misc":{"Odhadovan\u00e1 doba \u010dten\u00ed":"1 minuta"},"schema":{"@context":"https:\/\/schema.org","@graph":[{"@type":"WebPage","@id":"https:\/\/megapets.eu\/cs\/isopody-cs\/armadillidium-gestroi-intensive-yellowcleaning-crew\/","url":"https:\/\/megapets.eu\/cs\/isopody-cs\/armadillidium-gestroi-intensive-yellowcleaning-crew\/","name":"Armadillidium gestroi \"Intensive Yellow\" \"Cleaning crew\" | MegaPets","isPartOf":{"@id":"https:\/\/megapets.eu\/cs\/#website"},"primaryImageOfPage":{"@id":"https:\/\/megapets.eu\/cs\/isopody-cs\/armadillidium-gestroi-intensive-yellowcleaning-crew\/#primaryimage"},"image":{"@id":"https:\/\/megapets.eu\/cs\/isopody-cs\/armadillidium-gestroi-intensive-yellowcleaning-crew\/#primaryimage"},"thumbnailUrl":"https:\/\/megapets.eu\/wp-content\/uploads\/2024\/10\/2-logo1.png","datePublished":"2024-10-05T20:01:59+00:00","breadcrumb":{"@id":"https:\/\/megapets.eu\/cs\/isopody-cs\/armadillidium-gestroi-intensive-yellowcleaning-crew\/#breadcrumb"},"inLanguage":"cs","potentialAction":[{"@type":"ReadAction","target":["https:\/\/megapets.eu\/cs\/isopody-cs\/armadillidium-gestroi-intensive-yellowcleaning-crew\/"]}]},{"@type":"ImageObject","inLanguage":"cs","@id":"https:\/\/megapets.eu\/cs\/isopody-cs\/armadillidium-gestroi-intensive-yellowcleaning-crew\/#primaryimage","url":"https:\/\/megapets.eu\/wp-content\/uploads\/2024\/10\/2-logo1.png","contentUrl":"https:\/\/megapets.eu\/wp-content\/uploads\/2024\/10\/2-logo1.png","width":1048,"height":692},{"@type":"BreadcrumbList","@id":"https:\/\/megapets.eu\/cs\/isopody-cs\/armadillidium-gestroi-intensive-yellowcleaning-crew\/#breadcrumb","itemListElement":[{"@type":"ListItem","position":1,"name":"Strona g\u0142\u00f3wna","item":"https:\/\/megapets.eu\/cs\/"},{"@type":"ListItem","position":2,"name":"Obchod","item":"https:\/\/megapets.eu\/obchod\/"},{"@type":"ListItem","position":3,"name":"Armadillidium gestroi &#8222;Intensive Yellow\"&#8222;Cleaning crew\""}]},{"@type":"WebSite","@id":"https:\/\/megapets.eu\/cs\/#website","url":"https:\/\/megapets.eu\/cs\/","name":"Mega Pets","description":"Jedna z najwi\u0119kszych hodowli \u015blimak\u00f3w w Europie","publisher":{"@id":"https:\/\/megapets.eu\/cs\/#organization"},"alternateName":"Mega Pets","potentialAction":[{"@type":"SearchAction","target":{"@type":"EntryPoint","urlTemplate":"https:\/\/megapets.eu\/cs\/?s={search_term_string}"},"query-input":{"@type":"PropertyValueSpecification","valueRequired":true,"valueName":"search_term_string"}}],"inLanguage":"cs"},{"@type":"Organization","@id":"https:\/\/megapets.eu\/cs\/#organization","name":"Mega Pets","url":"https:\/\/megapets.eu\/cs\/","logo":{"@type":"ImageObject","inLanguage":"cs","@id":"https:\/\/megapets.eu\/cs\/#\/schema\/logo\/image\/","url":"https:\/\/megapets.eu\/wp-content\/uploads\/2025\/04\/megapets_eu-logo.png","contentUrl":"https:\/\/megapets.eu\/wp-content\/uploads\/2025\/04\/megapets_eu-logo.png","width":2362,"height":2362,"caption":"Mega Pets"},"image":{"@id":"https:\/\/megapets.eu\/cs\/#\/schema\/logo\/image\/"},"sameAs":["https:\/\/www.facebook.com\/MegaPets.eu\/"]}]}},"_links":{"self":[{"href":"https:\/\/megapets.eu\/cs\/wp-json\/wp\/v2\/product\/6618","targetHints":{"allow":["GET"]}}],"collection":[{"href":"https:\/\/megapets.eu\/cs\/wp-json\/wp\/v2\/product"}],"about":[{"href":"https:\/\/megapets.eu\/cs\/wp-json\/wp\/v2\/types\/product"}],"wp:featuredmedia":[{"embeddable":true,"href":"https:\/\/megapets.eu\/cs\/wp-json\/wp\/v2\/media\/6619"}],"wp:attachment":[{"href":"https:\/\/megapets.eu\/cs\/wp-json\/wp\/v2\/media?parent=6618"}],"wp:term":[{"taxonomy":"product_cat","embeddable":true,"href":"https:\/\/megapets.eu\/cs\/wp-json\/wp\/v2\/product_cat?post=6618"},{"taxonomy":"product_tag","embeddable":true,"href":"https:\/\/megapets.eu\/cs\/wp-json\/wp\/v2\/product_tag?post=6618"}],"curies":[{"name":"wp","href":"https:\/\/api.w.org\/{rel}","templated":true}]}}