{"id":6624,"date":"2024-10-05T13:37:06","date_gmt":"2024-10-05T13:37:06","guid":{"rendered":"https:\/\/megapets.eu\/neza\u0159azen\u00e9\/spiropoeus-fischeriobri-cerny-krokodyl\/"},"modified":"2024-10-05T13:37:06","modified_gmt":"2024-10-05T13:37:06","slug":"spiropoeus-fischeriobri-cerny-krokodyl","status":"publish","type":"product","link":"https:\/\/megapets.eu\/cs\/wije-cs\/spiropoeus-fischeriobri-cerny-krokodyl\/","title":{"rendered":"Spiropoeus fischeri<br \/>&#8222;Ob\u0159\u00ed \u010dern\u00fd krokod\u00fdl&#8220;"},"content":{"rendered":"<p class=\"v1v1v1v1MsoNormal\"><span style=\"color: #333333;\"><strong><em><span style=\"font-size: 15px;\">Druh: <\/span><\/em><\/strong><\/span><span style=\"color: #000000;\"><strong><em><span style=\"font-size: 15px;\">krokod\u00fdl Spiropoeus fischeri &#8222;krokod\u00fdl obrovsk\u00fd \u010dern\u00fd&#8220;. <\/span><\/em><\/strong><\/span><\/p>\n<p class=\"v1v1v1v1MsoNormal\"><span style=\"color: #333333;\"><strong><em><span style=\"font-size: 15px;\">Snadno se chov\u00e1, tak\u017ee skv\u011bl\u00fd pro za\u010d\u00e1te\u010dn\u00edky.<\/span><\/em><\/strong><\/span><\/p>\n<p><span style=\"font-size: 15px;\"><em><strong><span style=\"color: #000000;\"><span style=\"color: #333333;\">Spiropoeus fischeri ob\u0159\u00ed<\/span> C\ud83d\udda4Z\ud83d\udda4A\ud83d\udda4R\ud83d\udda4N\ud83d\udda4Y <\/span><span style=\"color: #333333;\">krokod\u00fdl, c\u00edlov\u00e1 velikost v dosp\u011blosti kolem 20 cm.<\/span><\/strong><\/em><\/span><\/p>\n<p><strong style=\"color: #424242;\"><em><span style=\"font-size: 15px;\"><span style=\"color: #424242;\"><span class=\"x1xsqp64 xiy17q3 x1o6pynw x19co3pv xdj266r xcwd3tp xat24cr x39eecv x2b8uid\" data-testid=\"emoji\"><span class=\"xexx8yu xn5pp95 x18d9i69 x2fxd7x x3jgonx x1bhl96m\">\ud83d\udda4\ud83d\udda4\ud83d\udda4\ud83d\udda4 <\/span><\/span><\/span><\/span><span style=\"font-size: 15px;\"><span style=\"color: #424242;\"><strong><span style=\"color: #333333;\">Hled\u00e1te n\u011bco z\u00e1bavn\u00e9ho pro za\u010d\u00e1tek chovu?<\/span> <\/strong><\/span> <span style=\"color: #000000;\">Krokod\u00fdli <strong>Spiropoeus fischeri<\/strong><strong> <\/strong>jsou kr\u00e1sn\u00ed a snadno chovateln\u00ed tvorov\u00e9, pro \u010dlov\u011bka zcela bezpe\u010dn\u00ed, nekou\u0161ou. Maj\u00ed slab\u00e9 \u010delisti, kter\u00e9 jsou uzp\u016fsobeny k rozb\u00edjen\u00ed rostlinn\u00e9 hmoty. Krokod\u00fdli d\u00e1vaj\u00ed p\u0159ednost vlhk\u00fdm m\u00edst\u016fm, \u017eij\u00ed ve svrchn\u00ed vrstv\u011b substr\u00e1tu a \u017eiv\u00ed se listy, v\u00edceslo\u017ekov\u00fdm substr\u00e1tem ur\u010den\u00fdm pro chov krokod\u00fdl\u016f a zeleninou a ovocem. <\/span><\/span><\/em><\/strong><\/p>\n","protected":false},"excerpt":{"rendered":"<ul>\n<li>C\u00edlov\u00e1 velikost:\n<ul>\n<li>cca. 20 cm<\/li>\n<\/ul>\n<\/li>\n<li>Nab\u00edzen\u00e1 ml\u00e1de\u017e:\n<ul>\n<li>P\u0159ibli\u017en\u011b. 3 cm<\/li>\n<\/ul>\n<\/li>\n<li>Cena plat\u00ed pro:\n<ul>\n<li>Plat\u00ed pro 1 ks<\/li>\n<\/ul>\n<\/li>\n<\/ul>\n","protected":false},"featured_media":6633,"template":"","meta":{"_acf_changed":false,"_links_to":"","_links_to_target":""},"product_cat":[160],"product_tag":[],"class_list":{"0":"post-6624","1":"product","2":"type-product","3":"status-publish","4":"has-post-thumbnail","6":"product_cat-wije-cs","8":"first","9":"instock","10":"shipping-taxable","11":"purchasable","12":"product-type-simple"},"acf":[],"yoast_head":"<!-- This site is optimized with the Yoast SEO plugin v24.9 - https:\/\/yoast.com\/wordpress\/plugins\/seo\/ -->\n<title>Spiropoeus fischeri&quot;Ob\u0159\u00ed \u010dern\u00fd krokod\u00fdl&quot; | MegaPets<\/title>\n<meta name=\"robots\" content=\"index, follow, max-snippet:-1, max-image-preview:large, max-video-preview:-1\" \/>\n<link rel=\"canonical\" href=\"https:\/\/megapets.eu\/cs\/wije-cs\/spiropoeus-fischeriobri-cerny-krokodyl\/\" \/>\n<meta property=\"og:locale\" content=\"cs_CZ\" \/>\n<meta property=\"og:type\" content=\"article\" \/>\n<meta property=\"og:title\" content=\"Spiropoeus fischeri&quot;Ob\u0159\u00ed \u010dern\u00fd krokod\u00fdl&quot; | MegaPets\" \/>\n<meta property=\"og:description\" content=\"C\u00edlov\u00e1 velikost:  cca. 20 cm   Nab\u00edzen\u00e1 ml\u00e1de\u017e:  P\u0159ibli\u017en\u011b. 3 cm   Cena plat\u00ed pro:  Plat\u00ed pro 1 ks\" \/>\n<meta property=\"og:url\" content=\"https:\/\/megapets.eu\/cs\/wije-cs\/spiropoeus-fischeriobri-cerny-krokodyl\/\" \/>\n<meta property=\"og:site_name\" content=\"MegaPets\" \/>\n<meta property=\"article:publisher\" content=\"https:\/\/www.facebook.com\/MegaPets.eu\/\" \/>\n<meta property=\"og:image\" content=\"https:\/\/megapets.eu\/wp-content\/uploads\/2024\/10\/IMG_20220926_125351-scaled.jpg\" \/>\n\t<meta property=\"og:image:width\" content=\"2560\" \/>\n\t<meta property=\"og:image:height\" content=\"1706\" \/>\n\t<meta property=\"og:image:type\" content=\"image\/jpeg\" \/>\n<meta name=\"twitter:card\" content=\"summary_large_image\" \/>\n<meta name=\"twitter:label1\" content=\"Odhadovan\u00e1 doba \u010dten\u00ed\" \/>\n\t<meta name=\"twitter:data1\" content=\"1 minuta\" \/>\n<script type=\"application\/ld+json\" class=\"yoast-schema-graph\">{\"@context\":\"https:\/\/schema.org\",\"@graph\":[{\"@type\":\"WebPage\",\"@id\":\"https:\/\/megapets.eu\/cs\/wije-cs\/spiropoeus-fischeriobri-cerny-krokodyl\/\",\"url\":\"https:\/\/megapets.eu\/cs\/wije-cs\/spiropoeus-fischeriobri-cerny-krokodyl\/\",\"name\":\"Spiropoeus fischeri \\\"Ob\u0159\u00ed \u010dern\u00fd krokod\u00fdl\\\" | MegaPets\",\"isPartOf\":{\"@id\":\"https:\/\/megapets.eu\/cs\/#website\"},\"primaryImageOfPage\":{\"@id\":\"https:\/\/megapets.eu\/cs\/wije-cs\/spiropoeus-fischeriobri-cerny-krokodyl\/#primaryimage\"},\"image\":{\"@id\":\"https:\/\/megapets.eu\/cs\/wije-cs\/spiropoeus-fischeriobri-cerny-krokodyl\/#primaryimage\"},\"thumbnailUrl\":\"https:\/\/megapets.eu\/wp-content\/uploads\/2024\/10\/77.jpg\",\"datePublished\":\"2024-10-05T13:37:06+00:00\",\"breadcrumb\":{\"@id\":\"https:\/\/megapets.eu\/cs\/wije-cs\/spiropoeus-fischeriobri-cerny-krokodyl\/#breadcrumb\"},\"inLanguage\":\"cs\",\"potentialAction\":[{\"@type\":\"ReadAction\",\"target\":[\"https:\/\/megapets.eu\/cs\/wije-cs\/spiropoeus-fischeriobri-cerny-krokodyl\/\"]}]},{\"@type\":\"ImageObject\",\"inLanguage\":\"cs\",\"@id\":\"https:\/\/megapets.eu\/cs\/wije-cs\/spiropoeus-fischeriobri-cerny-krokodyl\/#primaryimage\",\"url\":\"https:\/\/megapets.eu\/wp-content\/uploads\/2024\/10\/77.jpg\",\"contentUrl\":\"https:\/\/megapets.eu\/wp-content\/uploads\/2024\/10\/77.jpg\",\"width\":1210,\"height\":802},{\"@type\":\"BreadcrumbList\",\"@id\":\"https:\/\/megapets.eu\/cs\/wije-cs\/spiropoeus-fischeriobri-cerny-krokodyl\/#breadcrumb\",\"itemListElement\":[{\"@type\":\"ListItem\",\"position\":1,\"name\":\"Strona g\u0142\u00f3wna\",\"item\":\"https:\/\/megapets.eu\/cs\/\"},{\"@type\":\"ListItem\",\"position\":2,\"name\":\"Obchod\",\"item\":\"https:\/\/megapets.eu\/obchod\/\"},{\"@type\":\"ListItem\",\"position\":3,\"name\":\"Spiropoeus fischeri&#8222;Ob\u0159\u00ed \u010dern\u00fd krokod\u00fdl\\\"\"}]},{\"@type\":\"WebSite\",\"@id\":\"https:\/\/megapets.eu\/cs\/#website\",\"url\":\"https:\/\/megapets.eu\/cs\/\",\"name\":\"Mega Pets\",\"description\":\"Jedna z najwi\u0119kszych hodowli \u015blimak\u00f3w w Europie\",\"publisher\":{\"@id\":\"https:\/\/megapets.eu\/cs\/#organization\"},\"alternateName\":\"Mega Pets\",\"potentialAction\":[{\"@type\":\"SearchAction\",\"target\":{\"@type\":\"EntryPoint\",\"urlTemplate\":\"https:\/\/megapets.eu\/cs\/?s={search_term_string}\"},\"query-input\":{\"@type\":\"PropertyValueSpecification\",\"valueRequired\":true,\"valueName\":\"search_term_string\"}}],\"inLanguage\":\"cs\"},{\"@type\":\"Organization\",\"@id\":\"https:\/\/megapets.eu\/cs\/#organization\",\"name\":\"Mega Pets\",\"url\":\"https:\/\/megapets.eu\/cs\/\",\"logo\":{\"@type\":\"ImageObject\",\"inLanguage\":\"cs\",\"@id\":\"https:\/\/megapets.eu\/cs\/#\/schema\/logo\/image\/\",\"url\":\"https:\/\/megapets.eu\/wp-content\/uploads\/2025\/04\/megapets_eu-logo.png\",\"contentUrl\":\"https:\/\/megapets.eu\/wp-content\/uploads\/2025\/04\/megapets_eu-logo.png\",\"width\":2362,\"height\":2362,\"caption\":\"Mega Pets\"},\"image\":{\"@id\":\"https:\/\/megapets.eu\/cs\/#\/schema\/logo\/image\/\"},\"sameAs\":[\"https:\/\/www.facebook.com\/MegaPets.eu\/\"]}]}<\/script>\n<!-- \/ Yoast SEO plugin. -->","yoast_head_json":{"title":"Spiropoeus fischeri\"Ob\u0159\u00ed \u010dern\u00fd krokod\u00fdl\" | MegaPets","robots":{"index":"index","follow":"follow","max-snippet":"max-snippet:-1","max-image-preview":"max-image-preview:large","max-video-preview":"max-video-preview:-1"},"canonical":"https:\/\/megapets.eu\/cs\/wije-cs\/spiropoeus-fischeriobri-cerny-krokodyl\/","og_locale":"cs_CZ","og_type":"article","og_title":"Spiropoeus fischeri\"Ob\u0159\u00ed \u010dern\u00fd krokod\u00fdl\" | MegaPets","og_description":"C\u00edlov\u00e1 velikost:  cca. 20 cm   Nab\u00edzen\u00e1 ml\u00e1de\u017e:  P\u0159ibli\u017en\u011b. 3 cm   Cena plat\u00ed pro:  Plat\u00ed pro 1 ks","og_url":"https:\/\/megapets.eu\/cs\/wije-cs\/spiropoeus-fischeriobri-cerny-krokodyl\/","og_site_name":"MegaPets","article_publisher":"https:\/\/www.facebook.com\/MegaPets.eu\/","og_image":[{"width":2560,"height":1706,"url":"https:\/\/megapets.eu\/wp-content\/uploads\/2024\/10\/IMG_20220926_125351-scaled.jpg","type":"image\/jpeg"}],"twitter_card":"summary_large_image","twitter_misc":{"Odhadovan\u00e1 doba \u010dten\u00ed":"1 minuta"},"schema":{"@context":"https:\/\/schema.org","@graph":[{"@type":"WebPage","@id":"https:\/\/megapets.eu\/cs\/wije-cs\/spiropoeus-fischeriobri-cerny-krokodyl\/","url":"https:\/\/megapets.eu\/cs\/wije-cs\/spiropoeus-fischeriobri-cerny-krokodyl\/","name":"Spiropoeus fischeri \"Ob\u0159\u00ed \u010dern\u00fd krokod\u00fdl\" | MegaPets","isPartOf":{"@id":"https:\/\/megapets.eu\/cs\/#website"},"primaryImageOfPage":{"@id":"https:\/\/megapets.eu\/cs\/wije-cs\/spiropoeus-fischeriobri-cerny-krokodyl\/#primaryimage"},"image":{"@id":"https:\/\/megapets.eu\/cs\/wije-cs\/spiropoeus-fischeriobri-cerny-krokodyl\/#primaryimage"},"thumbnailUrl":"https:\/\/megapets.eu\/wp-content\/uploads\/2024\/10\/77.jpg","datePublished":"2024-10-05T13:37:06+00:00","breadcrumb":{"@id":"https:\/\/megapets.eu\/cs\/wije-cs\/spiropoeus-fischeriobri-cerny-krokodyl\/#breadcrumb"},"inLanguage":"cs","potentialAction":[{"@type":"ReadAction","target":["https:\/\/megapets.eu\/cs\/wije-cs\/spiropoeus-fischeriobri-cerny-krokodyl\/"]}]},{"@type":"ImageObject","inLanguage":"cs","@id":"https:\/\/megapets.eu\/cs\/wije-cs\/spiropoeus-fischeriobri-cerny-krokodyl\/#primaryimage","url":"https:\/\/megapets.eu\/wp-content\/uploads\/2024\/10\/77.jpg","contentUrl":"https:\/\/megapets.eu\/wp-content\/uploads\/2024\/10\/77.jpg","width":1210,"height":802},{"@type":"BreadcrumbList","@id":"https:\/\/megapets.eu\/cs\/wije-cs\/spiropoeus-fischeriobri-cerny-krokodyl\/#breadcrumb","itemListElement":[{"@type":"ListItem","position":1,"name":"Strona g\u0142\u00f3wna","item":"https:\/\/megapets.eu\/cs\/"},{"@type":"ListItem","position":2,"name":"Obchod","item":"https:\/\/megapets.eu\/obchod\/"},{"@type":"ListItem","position":3,"name":"Spiropoeus fischeri&#8222;Ob\u0159\u00ed \u010dern\u00fd krokod\u00fdl\""}]},{"@type":"WebSite","@id":"https:\/\/megapets.eu\/cs\/#website","url":"https:\/\/megapets.eu\/cs\/","name":"Mega Pets","description":"Jedna z najwi\u0119kszych hodowli \u015blimak\u00f3w w Europie","publisher":{"@id":"https:\/\/megapets.eu\/cs\/#organization"},"alternateName":"Mega Pets","potentialAction":[{"@type":"SearchAction","target":{"@type":"EntryPoint","urlTemplate":"https:\/\/megapets.eu\/cs\/?s={search_term_string}"},"query-input":{"@type":"PropertyValueSpecification","valueRequired":true,"valueName":"search_term_string"}}],"inLanguage":"cs"},{"@type":"Organization","@id":"https:\/\/megapets.eu\/cs\/#organization","name":"Mega Pets","url":"https:\/\/megapets.eu\/cs\/","logo":{"@type":"ImageObject","inLanguage":"cs","@id":"https:\/\/megapets.eu\/cs\/#\/schema\/logo\/image\/","url":"https:\/\/megapets.eu\/wp-content\/uploads\/2025\/04\/megapets_eu-logo.png","contentUrl":"https:\/\/megapets.eu\/wp-content\/uploads\/2025\/04\/megapets_eu-logo.png","width":2362,"height":2362,"caption":"Mega Pets"},"image":{"@id":"https:\/\/megapets.eu\/cs\/#\/schema\/logo\/image\/"},"sameAs":["https:\/\/www.facebook.com\/MegaPets.eu\/"]}]}},"_links":{"self":[{"href":"https:\/\/megapets.eu\/cs\/wp-json\/wp\/v2\/product\/6624","targetHints":{"allow":["GET"]}}],"collection":[{"href":"https:\/\/megapets.eu\/cs\/wp-json\/wp\/v2\/product"}],"about":[{"href":"https:\/\/megapets.eu\/cs\/wp-json\/wp\/v2\/types\/product"}],"wp:featuredmedia":[{"embeddable":true,"href":"https:\/\/megapets.eu\/cs\/wp-json\/wp\/v2\/media\/6633"}],"wp:attachment":[{"href":"https:\/\/megapets.eu\/cs\/wp-json\/wp\/v2\/media?parent=6624"}],"wp:term":[{"taxonomy":"product_cat","embeddable":true,"href":"https:\/\/megapets.eu\/cs\/wp-json\/wp\/v2\/product_cat?post=6624"},{"taxonomy":"product_tag","embeddable":true,"href":"https:\/\/megapets.eu\/cs\/wp-json\/wp\/v2\/product_tag?post=6624"}],"curies":[{"name":"wp","href":"https:\/\/api.w.org\/{rel}","templated":true}]}}