{"id":6658,"date":"2024-10-04T19:58:06","date_gmt":"2024-10-04T19:58:06","guid":{"rendered":"https:\/\/megapets.eu\/neza\u0159azen\u00e9\/baleni-vapniku-80-g\/"},"modified":"2024-10-04T19:58:06","modified_gmt":"2024-10-04T19:58:06","slug":"baleni-vapniku-80-g","status":"publish","type":"product","link":"https:\/\/megapets.eu\/cs\/prislusenstvi\/baleni-vapniku-80-g\/","title":{"rendered":"Balen\u00ed v\u00e1pn\u00edku 80 g"},"content":{"rendered":"<p><strong><span style=\"color: #e87020; font-size: 15px;\"><em>Balen\u00ed &#8222;Calcium&#8220; 80 g<\/em><\/span><\/strong><\/p>\n<p><strong><span style=\"color: #e87020; font-size: 15px;\"><em>Jedno balen\u00ed obsahuje 80 g.<\/em><\/span><\/strong><\/p>\n<p><strong><span style=\"color: #e87020; font-size: 15px;\"><em>Slo\u017een\u00ed: Slo\u017een\u00ed: 100% pr\u00e1\u0161ek z vaje\u010dn\u00fdch sko\u0159\u00e1pek.<\/em><\/span><\/strong><\/p>\n<p><strong><span style=\"color: #e87020; font-size: 15px;\"><em>Cena je uvedena za 1 balen\u00ed.<\/em><\/span><\/strong><\/p>\n<p><em><span style=\"color: #424242;\"><strong><span style=\"font-size: 15px;\">Balen\u00ed &#8222;Calcium&#8220; obsahuje 100% pr\u00e1\u0161ek z vaje\u010dn\u00fdch sko\u0159\u00e1pek. Vaje\u010dn\u00e9 sko\u0159\u00e1pky jsou omyt\u00e9, tepeln\u011b upraven\u00e9, vysu\u0161en\u00e9 a rozemlet\u00e9 na jemn\u00fd pr\u00e1\u0161ek. <\/span><\/strong><\/span><\/em><em><span style=\"color: #424242;\"><strong><span style=\"font-size: 15px;\">V ka\u017edodenn\u00ed strav\u011b \u0161neka nesm\u00ed chyb\u011bt z\u00e1kladn\u00ed stavebn\u00ed k\u00e1men kr\u00e1sn\u00e9 a zdrav\u00e9 ulity. P\u0159irozen\u00fdm zdrojem dokonale straviteln\u00e9ho v\u00e1pn\u00edku je pr\u00e1\u0161ek z vaje\u010dn\u00fdch sko\u0159\u00e1pek. V\u00e1pn\u00edk ve form\u011b 98 % uhli\u010ditanu v\u00e1penat\u00e9ho (CaCO3) je z\u00e1kladn\u00ed slo\u017ekou vaje\u010dn\u00fdch sko\u0159\u00e1pek. <\/span><\/strong><\/span><\/em><\/p>\n<p><em><span style=\"color: #424242;\"><strong><span style=\"font-size: 15px;\">Pr\u00e1\u0161ek z vaje\u010dn\u00fdch sko\u0159\u00e1pek by m\u011bl b\u00fdt va\u0161emu zv\u00ed\u0159eti pod\u00e1v\u00e1n p\u0159i ka\u017ed\u00e9m krmen\u00ed, sta\u010d\u00ed jej lehce nasypat na \u010d\u00e1st krmiva. Upozorn\u011bn\u00ed: vaje\u010dn\u00e9 sko\u0159\u00e1pky lze \u0161nek\u016fm pod\u00e1vat pouze ve form\u011b jemn\u011b mlet\u00e9ho pr\u00e1\u0161ku. <\/span><\/strong><\/span><\/em><\/p>\n<p><em><span style=\"color: #424242;\"><strong><span style=\"font-size: 15px;\">Pod\u00e1vanou formu v\u00e1pn\u00edku m\u016f\u017eete v\u017edy zpest\u0159it a sv\u00e9mu mazl\u00ed\u010dkovi nav\u00edc nab\u00eddnout s\u00e9pii &#8211; s\u00e9piovou kost. <\/span><\/strong><\/span><\/em><\/p>\n<p><em><span style=\"color: #424242;\"><strong><span style=\"font-size: 15px;\">Doporu\u010dujeme dopl\u0148ky, kter\u00e9 jsou schopny uspokojit pot\u0159eby v cenn\u00fdch \u017eivin\u00e1ch i t\u011bch nejn\u00e1ro\u010dn\u011bj\u0161\u00edch druh\u016f: &#8222;Protein &amp; Vitamin&#8220;, sm\u011bs exotick\u00fdch bylin, mlet\u00fd gammarus. Doporu\u010dujeme tyto dopl\u0148ky pou\u017e\u00edvat st\u0159\u00eddav\u011b, aby strava va\u0161eho zv\u00ed\u0159ete z\u016fstala pestr\u00e1 a kompletn\u00ed.<\/span><\/strong><\/span><\/em><\/p>\n","protected":false},"excerpt":{"rendered":"<ul class=\"product_attributes\">\n<li><span style=\"color: #555555;\">Slo\u017een\u00ed:<\/span> Balen\u00ed obsahuje: 100% pr\u00e1\u0161ek z vaje\u010dn\u00e9 sko\u0159\u00e1pky<\/li>\n<li><span style=\"color: #555555;\">:<\/span> Cena se vztahuje na: 80 g<\/li>\n<li><span style=\"color: #555555;\"><\/span> Cena plat\u00ed pro 1 balen\u00ed.<\/li>\n<\/ul>\n","protected":false},"featured_media":6659,"template":"","meta":{"_acf_changed":false,"_links_to":"","_links_to_target":""},"product_cat":[163],"product_tag":[164,166],"class_list":{"0":"post-6658","1":"product","2":"type-product","3":"status-publish","4":"has-post-thumbnail","6":"product_cat-prislusenstvi","7":"product_tag-pro-hlemyzde","8":"product_tag-pro-izopody","10":"first","11":"instock","12":"shipping-taxable","13":"purchasable","14":"product-type-simple"},"acf":[],"yoast_head":"<!-- This site is optimized with the Yoast SEO plugin v24.9 - https:\/\/yoast.com\/wordpress\/plugins\/seo\/ -->\n<title>Balen\u00ed v\u00e1pn\u00edku 80 g | MegaPets<\/title>\n<meta name=\"robots\" content=\"index, follow, max-snippet:-1, max-image-preview:large, max-video-preview:-1\" \/>\n<link rel=\"canonical\" href=\"https:\/\/megapets.eu\/cs\/prislusenstvi\/baleni-vapniku-80-g\/\" \/>\n<meta property=\"og:locale\" content=\"cs_CZ\" \/>\n<meta property=\"og:type\" content=\"article\" \/>\n<meta property=\"og:title\" content=\"Balen\u00ed v\u00e1pn\u00edku 80 g | MegaPets\" \/>\n<meta property=\"og:description\" content=\"Slo\u017een\u00ed: Balen\u00ed obsahuje: 100% pr\u00e1\u0161ek z vaje\u010dn\u00e9 sko\u0159\u00e1pky  : Cena se vztahuje na: 80 g  Cena plat\u00ed pro 1 balen\u00ed.\" \/>\n<meta property=\"og:url\" content=\"https:\/\/megapets.eu\/cs\/prislusenstvi\/baleni-vapniku-80-g\/\" \/>\n<meta property=\"og:site_name\" content=\"MegaPets\" \/>\n<meta property=\"article:publisher\" content=\"https:\/\/www.facebook.com\/MegaPets.eu\/\" \/>\n<meta property=\"og:image\" content=\"https:\/\/megapets.eu\/wp-content\/uploads\/2024\/10\/IMG_20200728_173922-1-1024x734.png\" \/>\n\t<meta property=\"og:image:width\" content=\"1024\" \/>\n\t<meta property=\"og:image:height\" content=\"734\" \/>\n\t<meta property=\"og:image:type\" content=\"image\/png\" \/>\n<meta name=\"twitter:card\" content=\"summary_large_image\" \/>\n<meta name=\"twitter:label1\" content=\"Odhadovan\u00e1 doba \u010dten\u00ed\" \/>\n\t<meta name=\"twitter:data1\" content=\"1 minuta\" \/>\n<script type=\"application\/ld+json\" class=\"yoast-schema-graph\">{\"@context\":\"https:\/\/schema.org\",\"@graph\":[{\"@type\":\"WebPage\",\"@id\":\"https:\/\/megapets.eu\/cs\/prislusenstvi\/baleni-vapniku-80-g\/\",\"url\":\"https:\/\/megapets.eu\/cs\/prislusenstvi\/baleni-vapniku-80-g\/\",\"name\":\"Balen\u00ed v\u00e1pn\u00edku 80 g | MegaPets\",\"isPartOf\":{\"@id\":\"https:\/\/megapets.eu\/cs\/#website\"},\"primaryImageOfPage\":{\"@id\":\"https:\/\/megapets.eu\/cs\/prislusenstvi\/baleni-vapniku-80-g\/#primaryimage\"},\"image\":{\"@id\":\"https:\/\/megapets.eu\/cs\/prislusenstvi\/baleni-vapniku-80-g\/#primaryimage\"},\"thumbnailUrl\":\"https:\/\/megapets.eu\/wp-content\/uploads\/2024\/10\/IMG_20200728_173922-1.png\",\"datePublished\":\"2024-10-04T19:58:06+00:00\",\"breadcrumb\":{\"@id\":\"https:\/\/megapets.eu\/cs\/prislusenstvi\/baleni-vapniku-80-g\/#breadcrumb\"},\"inLanguage\":\"cs\",\"potentialAction\":[{\"@type\":\"ReadAction\",\"target\":[\"https:\/\/megapets.eu\/cs\/prislusenstvi\/baleni-vapniku-80-g\/\"]}]},{\"@type\":\"ImageObject\",\"inLanguage\":\"cs\",\"@id\":\"https:\/\/megapets.eu\/cs\/prislusenstvi\/baleni-vapniku-80-g\/#primaryimage\",\"url\":\"https:\/\/megapets.eu\/wp-content\/uploads\/2024\/10\/IMG_20200728_173922-1.png\",\"contentUrl\":\"https:\/\/megapets.eu\/wp-content\/uploads\/2024\/10\/IMG_20200728_173922-1.png\",\"width\":3006,\"height\":2156},{\"@type\":\"BreadcrumbList\",\"@id\":\"https:\/\/megapets.eu\/cs\/prislusenstvi\/baleni-vapniku-80-g\/#breadcrumb\",\"itemListElement\":[{\"@type\":\"ListItem\",\"position\":1,\"name\":\"Strona g\u0142\u00f3wna\",\"item\":\"https:\/\/megapets.eu\/cs\/\"},{\"@type\":\"ListItem\",\"position\":2,\"name\":\"Obchod\",\"item\":\"https:\/\/megapets.eu\/obchod\/\"},{\"@type\":\"ListItem\",\"position\":3,\"name\":\"Balen\u00ed v\u00e1pn\u00edku 80 g\"}]},{\"@type\":\"WebSite\",\"@id\":\"https:\/\/megapets.eu\/cs\/#website\",\"url\":\"https:\/\/megapets.eu\/cs\/\",\"name\":\"Mega Pets\",\"description\":\"Jedna z najwi\u0119kszych hodowli \u015blimak\u00f3w w Europie\",\"publisher\":{\"@id\":\"https:\/\/megapets.eu\/cs\/#organization\"},\"alternateName\":\"Mega Pets\",\"potentialAction\":[{\"@type\":\"SearchAction\",\"target\":{\"@type\":\"EntryPoint\",\"urlTemplate\":\"https:\/\/megapets.eu\/cs\/?s={search_term_string}\"},\"query-input\":{\"@type\":\"PropertyValueSpecification\",\"valueRequired\":true,\"valueName\":\"search_term_string\"}}],\"inLanguage\":\"cs\"},{\"@type\":\"Organization\",\"@id\":\"https:\/\/megapets.eu\/cs\/#organization\",\"name\":\"Mega Pets\",\"url\":\"https:\/\/megapets.eu\/cs\/\",\"logo\":{\"@type\":\"ImageObject\",\"inLanguage\":\"cs\",\"@id\":\"https:\/\/megapets.eu\/cs\/#\/schema\/logo\/image\/\",\"url\":\"https:\/\/megapets.eu\/wp-content\/uploads\/2025\/04\/megapets_eu-logo.png\",\"contentUrl\":\"https:\/\/megapets.eu\/wp-content\/uploads\/2025\/04\/megapets_eu-logo.png\",\"width\":2362,\"height\":2362,\"caption\":\"Mega Pets\"},\"image\":{\"@id\":\"https:\/\/megapets.eu\/cs\/#\/schema\/logo\/image\/\"},\"sameAs\":[\"https:\/\/www.facebook.com\/MegaPets.eu\/\"]}]}<\/script>\n<!-- \/ Yoast SEO plugin. -->","yoast_head_json":{"title":"Balen\u00ed v\u00e1pn\u00edku 80 g | MegaPets","robots":{"index":"index","follow":"follow","max-snippet":"max-snippet:-1","max-image-preview":"max-image-preview:large","max-video-preview":"max-video-preview:-1"},"canonical":"https:\/\/megapets.eu\/cs\/prislusenstvi\/baleni-vapniku-80-g\/","og_locale":"cs_CZ","og_type":"article","og_title":"Balen\u00ed v\u00e1pn\u00edku 80 g | MegaPets","og_description":"Slo\u017een\u00ed: Balen\u00ed obsahuje: 100% pr\u00e1\u0161ek z vaje\u010dn\u00e9 sko\u0159\u00e1pky  : Cena se vztahuje na: 80 g  Cena plat\u00ed pro 1 balen\u00ed.","og_url":"https:\/\/megapets.eu\/cs\/prislusenstvi\/baleni-vapniku-80-g\/","og_site_name":"MegaPets","article_publisher":"https:\/\/www.facebook.com\/MegaPets.eu\/","og_image":[{"width":1024,"height":734,"url":"https:\/\/megapets.eu\/wp-content\/uploads\/2024\/10\/IMG_20200728_173922-1-1024x734.png","type":"image\/png"}],"twitter_card":"summary_large_image","twitter_misc":{"Odhadovan\u00e1 doba \u010dten\u00ed":"1 minuta"},"schema":{"@context":"https:\/\/schema.org","@graph":[{"@type":"WebPage","@id":"https:\/\/megapets.eu\/cs\/prislusenstvi\/baleni-vapniku-80-g\/","url":"https:\/\/megapets.eu\/cs\/prislusenstvi\/baleni-vapniku-80-g\/","name":"Balen\u00ed v\u00e1pn\u00edku 80 g | MegaPets","isPartOf":{"@id":"https:\/\/megapets.eu\/cs\/#website"},"primaryImageOfPage":{"@id":"https:\/\/megapets.eu\/cs\/prislusenstvi\/baleni-vapniku-80-g\/#primaryimage"},"image":{"@id":"https:\/\/megapets.eu\/cs\/prislusenstvi\/baleni-vapniku-80-g\/#primaryimage"},"thumbnailUrl":"https:\/\/megapets.eu\/wp-content\/uploads\/2024\/10\/IMG_20200728_173922-1.png","datePublished":"2024-10-04T19:58:06+00:00","breadcrumb":{"@id":"https:\/\/megapets.eu\/cs\/prislusenstvi\/baleni-vapniku-80-g\/#breadcrumb"},"inLanguage":"cs","potentialAction":[{"@type":"ReadAction","target":["https:\/\/megapets.eu\/cs\/prislusenstvi\/baleni-vapniku-80-g\/"]}]},{"@type":"ImageObject","inLanguage":"cs","@id":"https:\/\/megapets.eu\/cs\/prislusenstvi\/baleni-vapniku-80-g\/#primaryimage","url":"https:\/\/megapets.eu\/wp-content\/uploads\/2024\/10\/IMG_20200728_173922-1.png","contentUrl":"https:\/\/megapets.eu\/wp-content\/uploads\/2024\/10\/IMG_20200728_173922-1.png","width":3006,"height":2156},{"@type":"BreadcrumbList","@id":"https:\/\/megapets.eu\/cs\/prislusenstvi\/baleni-vapniku-80-g\/#breadcrumb","itemListElement":[{"@type":"ListItem","position":1,"name":"Strona g\u0142\u00f3wna","item":"https:\/\/megapets.eu\/cs\/"},{"@type":"ListItem","position":2,"name":"Obchod","item":"https:\/\/megapets.eu\/obchod\/"},{"@type":"ListItem","position":3,"name":"Balen\u00ed v\u00e1pn\u00edku 80 g"}]},{"@type":"WebSite","@id":"https:\/\/megapets.eu\/cs\/#website","url":"https:\/\/megapets.eu\/cs\/","name":"Mega Pets","description":"Jedna z najwi\u0119kszych hodowli \u015blimak\u00f3w w Europie","publisher":{"@id":"https:\/\/megapets.eu\/cs\/#organization"},"alternateName":"Mega Pets","potentialAction":[{"@type":"SearchAction","target":{"@type":"EntryPoint","urlTemplate":"https:\/\/megapets.eu\/cs\/?s={search_term_string}"},"query-input":{"@type":"PropertyValueSpecification","valueRequired":true,"valueName":"search_term_string"}}],"inLanguage":"cs"},{"@type":"Organization","@id":"https:\/\/megapets.eu\/cs\/#organization","name":"Mega Pets","url":"https:\/\/megapets.eu\/cs\/","logo":{"@type":"ImageObject","inLanguage":"cs","@id":"https:\/\/megapets.eu\/cs\/#\/schema\/logo\/image\/","url":"https:\/\/megapets.eu\/wp-content\/uploads\/2025\/04\/megapets_eu-logo.png","contentUrl":"https:\/\/megapets.eu\/wp-content\/uploads\/2025\/04\/megapets_eu-logo.png","width":2362,"height":2362,"caption":"Mega Pets"},"image":{"@id":"https:\/\/megapets.eu\/cs\/#\/schema\/logo\/image\/"},"sameAs":["https:\/\/www.facebook.com\/MegaPets.eu\/"]}]}},"_links":{"self":[{"href":"https:\/\/megapets.eu\/cs\/wp-json\/wp\/v2\/product\/6658","targetHints":{"allow":["GET"]}}],"collection":[{"href":"https:\/\/megapets.eu\/cs\/wp-json\/wp\/v2\/product"}],"about":[{"href":"https:\/\/megapets.eu\/cs\/wp-json\/wp\/v2\/types\/product"}],"wp:featuredmedia":[{"embeddable":true,"href":"https:\/\/megapets.eu\/cs\/wp-json\/wp\/v2\/media\/6659"}],"wp:attachment":[{"href":"https:\/\/megapets.eu\/cs\/wp-json\/wp\/v2\/media?parent=6658"}],"wp:term":[{"taxonomy":"product_cat","embeddable":true,"href":"https:\/\/megapets.eu\/cs\/wp-json\/wp\/v2\/product_cat?post=6658"},{"taxonomy":"product_tag","embeddable":true,"href":"https:\/\/megapets.eu\/cs\/wp-json\/wp\/v2\/product_tag?post=6658"}],"curies":[{"name":"wp","href":"https:\/\/api.w.org\/{rel}","templated":true}]}}