{"id":6715,"date":"2024-10-25T08:19:04","date_gmt":"2024-10-25T08:19:04","guid":{"rendered":"https:\/\/megapets.eu\/neza\u0159azen\u00e9\/archachatina-rhodostoma-albino-telo\/"},"modified":"2024-10-25T08:19:04","modified_gmt":"2024-10-25T08:19:04","slug":"archachatina-rhodostoma-albino-telo","status":"publish","type":"product","link":"https:\/\/megapets.eu\/cs\/sneci\/archachatina-rhodostoma-albino-telo\/","title":{"rendered":"Archachatina rhodostoma albino t\u011blo"},"content":{"rendered":"<p class=\"v1v1v1v1MsoNormal\"><span style=\"color: #424242;\"><strong><em><span style=\"font-size: 15px;\">Druh: Archachatina rhodostoma<\/span><\/em><\/strong><\/span><\/p>\n<p class=\"v1v1v1v1MsoNormal\"><span style=\"color: #424242;\"><strong><em><span style=\"font-size: 15px;\">Barevn\u00e1 variace: albinotick\u00e9 t\u011blo<\/span><\/em><\/strong><\/span><\/p>\n<p class=\"v1v1v1v1MsoNormal\"><span style=\"color: #424242;\"><strong><em><span style=\"font-size: 15px;\">\u2b50\u2b50\u2b50\u2b50 Smaragdov\u00e1 barva ulity Archachatina rhodostoma a albinotick\u00e9 t\u011blo tvo\u0159\u00ed jednu z nejkr\u00e1sn\u011bj\u0161\u00edch barevn\u00fdch kombinac\u00ed ve zbarven\u00ed pl\u017e\u016f. Ulita mal\u00fdch \u0161nek\u016f je hn\u011bd\u00e1, p\u0159ibli\u017en\u011b od 6 cm se za\u010d\u00edn\u00e1 zbarvovat do zelena. C\u00edlov\u00e1 velikost dosp\u011bl\u00e9ho jedince je asi 10-12 cm. Tento druh je nen\u00e1ro\u010dn\u00fd na \u00fadr\u017ebu.<\/span><\/em><\/strong><\/span><\/p>\n<p class=\"v1v1v1v1MsoNormal\"><span style=\"font-size: 15px;\"><strong><em><span style=\"color: #008000;\"><img decoding=\"async\" src=\"https:\/\/static.xx.fbcdn.net\/images\/emoji.php\/v9\/tbe\/1\/16\/1f3c6.png\" alt=\"\ud83c\udfc6\" \/><span style=\"color: #e36a19;\"> V\u0161ichni ml\u00e1\u010fata \u0161nek\u016f poch\u00e1zej\u00ed od na\u0161eho zn\u00e1m\u00e9ho registrovan\u00e9ho chovatele, tak\u017ee kupujete ze zn\u00e1m\u00e9ho zdroje, kde se o \u0161neky \u0159\u00e1dn\u011b star\u00e1me a pe\u010dliv\u011b sledujeme v\u00fdvoj ka\u017ed\u00e9ho z nich.<\/span><\/span><\/em><\/strong><\/span><\/p>\n<p class=\"v1v1v1v1MsoNormal\"><span style=\"font-size: 15px; color: #424242;\"><strong><em>Jak v\u00edte, pro chov \u0161nek\u016f se nejl\u00e9pe hod\u00ed plastov\u00e9 n\u00e1doby. N\u00e1doby, kter\u00e9 jsme p\u0159ipravili, jsou ide\u00e1ln\u00ed pro v\u00fdvoj p\u011bkn\u00e9ho nov\u00e9ho porostu \u0161ne\u010d\u00edch ulit). Chcete-li u\u0161et\u0159it \u010das p\u0159i kompletaci objedn\u00e1vky, doporu\u010dujeme za\u010d\u00edt se startovac\u00ed sadou, kter\u00e1 obsahuje z\u00e1kladn\u00ed p\u0159\u00edslu\u0161enstv\u00ed pro rychl\u00fd za\u010d\u00e1tek vlastn\u00edho chovu a n\u00e1vod.<\/em><\/strong><\/span><\/p>\n<p><span style=\"font-size: 15px;\"><strong><em><span style=\"color: #008000;\"><img loading=\"lazy\" decoding=\"async\" class=\"xz74otr\" src=\"https:\/\/static.xx.fbcdn.net\/images\/emoji.php\/v9\/t1e\/1\/16\/1f33f.png\" alt=\"\ud83c\udf3f\" width=\"16\" height=\"16\" \/> V\u0161e, co zv\u00ed\u0159e pot\u0159ebuje, je \u010derstv\u00e9, zral\u00e9 ovoce a zelenina, chovn\u00e1 n\u00e1doba a substr\u00e1t (nenechte substr\u00e1t vyschnout, ka\u017ed\u00e9 2-3 dny ter\u00e1rium post\u0159\u00edkejte). V denn\u00ed strav\u011b \u0161neka nesm\u00ed chyb\u011bt z\u00e1kladn\u00ed stavebn\u00ed k\u00e1men kr\u00e1sn\u00e9 a zdrav\u00e9 ulity; pr\u00e1\u0161ek z vaje\u010dn\u00fdch sko\u0159\u00e1pek a s\u00e9pie jsou p\u0159\u00edrodn\u00edmi zdroji dokonale straviteln\u00e9ho v\u00e1pn\u00edku. Informace o strav\u011b exotick\u00fdch \u0161nek\u016f najdete na na\u0161ich webov\u00fdch str\u00e1nk\u00e1ch.<\/span><\/em><\/strong><\/span><\/p>\n","protected":false},"excerpt":{"rendered":"<ul class=\"product_attributes\">\n<li><span><br \/>\n\t\tOd nesouvisej\u00edc\u00edho p\u00e1ru:<br \/>\n\t<\/span><br \/>\n\t\tP10\n\t<\/li>\n<li><span><br \/>\n\t\tC\u00edlov\u00e1 velikost n\u00e1bojnice:<br \/>\n\t<\/span><br \/>\n\t\tp\u0159ibl. 10-12 cm\n\t<\/li>\n<li><span><br \/>\n\t\tNab\u00edzen\u00fd mlad\u00fd exempl\u00e1\u0159:<br \/>\n\t<\/span><br \/>\n\t\tcca. 4-5 cm\n\t<\/li>\n<li><span><br \/>\n\t\tCena plat\u00ed pro:<br \/>\n\t<\/span><br \/>\n\t\tPlat\u00ed pro 1 kus\n\t<\/li>\n<\/ul>\n","protected":false},"featured_media":6716,"template":"","meta":{"_acf_changed":false,"_links_to":"","_links_to_target":""},"product_cat":[161],"product_tag":[],"class_list":{"0":"post-6715","1":"product","2":"type-product","3":"status-publish","4":"has-post-thumbnail","6":"product_cat-sneci","8":"first","9":"outofstock","10":"shipping-taxable","11":"purchasable","12":"product-type-simple"},"acf":[],"yoast_head":"<!-- This site is optimized with the Yoast SEO plugin v24.9 - https:\/\/yoast.com\/wordpress\/plugins\/seo\/ -->\n<title>Archachatina rhodostoma albino t\u011blo | MegaPets<\/title>\n<meta name=\"robots\" content=\"index, follow, max-snippet:-1, max-image-preview:large, max-video-preview:-1\" \/>\n<link rel=\"canonical\" href=\"https:\/\/megapets.eu\/cs\/sneci\/archachatina-rhodostoma-albino-telo\/\" \/>\n<meta property=\"og:locale\" content=\"cs_CZ\" \/>\n<meta property=\"og:type\" content=\"article\" \/>\n<meta property=\"og:title\" content=\"Archachatina rhodostoma albino t\u011blo | MegaPets\" \/>\n<meta property=\"og:description\" content=\"Od nesouvisej\u00edc\u00edho p\u00e1ru:   P10    C\u00edlov\u00e1 velikost n\u00e1bojnice:   p\u0159ibl. 10-12 cm    Nab\u00edzen\u00fd mlad\u00fd exempl\u00e1\u0159:   cca. 4-5 cm    Cena plat\u00ed pro:   Plat\u00ed pro 1 kus\" \/>\n<meta property=\"og:url\" content=\"https:\/\/megapets.eu\/cs\/sneci\/archachatina-rhodostoma-albino-telo\/\" \/>\n<meta property=\"og:site_name\" content=\"MegaPets\" \/>\n<meta property=\"article:publisher\" content=\"https:\/\/www.facebook.com\/MegaPets.eu\/\" \/>\n<meta property=\"og:image\" content=\"https:\/\/megapets.eu\/wp-content\/uploads\/2024\/10\/Green-Beauty-P10-Excel.png\" \/>\n\t<meta property=\"og:image:width\" content=\"1045\" \/>\n\t<meta property=\"og:image:height\" content=\"690\" \/>\n\t<meta property=\"og:image:type\" content=\"image\/png\" \/>\n<meta name=\"twitter:card\" content=\"summary_large_image\" \/>\n<meta name=\"twitter:label1\" content=\"Odhadovan\u00e1 doba \u010dten\u00ed\" \/>\n\t<meta name=\"twitter:data1\" content=\"1 minuta\" \/>\n<script type=\"application\/ld+json\" class=\"yoast-schema-graph\">{\"@context\":\"https:\/\/schema.org\",\"@graph\":[{\"@type\":\"WebPage\",\"@id\":\"https:\/\/megapets.eu\/cs\/sneci\/archachatina-rhodostoma-albino-telo\/\",\"url\":\"https:\/\/megapets.eu\/cs\/sneci\/archachatina-rhodostoma-albino-telo\/\",\"name\":\"Archachatina rhodostoma albino t\u011blo | MegaPets\",\"isPartOf\":{\"@id\":\"https:\/\/megapets.eu\/cs\/#website\"},\"primaryImageOfPage\":{\"@id\":\"https:\/\/megapets.eu\/cs\/sneci\/archachatina-rhodostoma-albino-telo\/#primaryimage\"},\"image\":{\"@id\":\"https:\/\/megapets.eu\/cs\/sneci\/archachatina-rhodostoma-albino-telo\/#primaryimage\"},\"thumbnailUrl\":\"https:\/\/megapets.eu\/wp-content\/uploads\/2024\/10\/Green-Beauty-P10-Excel.png\",\"datePublished\":\"2024-10-25T08:19:04+00:00\",\"breadcrumb\":{\"@id\":\"https:\/\/megapets.eu\/cs\/sneci\/archachatina-rhodostoma-albino-telo\/#breadcrumb\"},\"inLanguage\":\"cs\",\"potentialAction\":[{\"@type\":\"ReadAction\",\"target\":[\"https:\/\/megapets.eu\/cs\/sneci\/archachatina-rhodostoma-albino-telo\/\"]}]},{\"@type\":\"ImageObject\",\"inLanguage\":\"cs\",\"@id\":\"https:\/\/megapets.eu\/cs\/sneci\/archachatina-rhodostoma-albino-telo\/#primaryimage\",\"url\":\"https:\/\/megapets.eu\/wp-content\/uploads\/2024\/10\/Green-Beauty-P10-Excel.png\",\"contentUrl\":\"https:\/\/megapets.eu\/wp-content\/uploads\/2024\/10\/Green-Beauty-P10-Excel.png\",\"width\":1045,\"height\":690},{\"@type\":\"BreadcrumbList\",\"@id\":\"https:\/\/megapets.eu\/cs\/sneci\/archachatina-rhodostoma-albino-telo\/#breadcrumb\",\"itemListElement\":[{\"@type\":\"ListItem\",\"position\":1,\"name\":\"Strona g\u0142\u00f3wna\",\"item\":\"https:\/\/megapets.eu\/cs\/\"},{\"@type\":\"ListItem\",\"position\":2,\"name\":\"Obchod\",\"item\":\"https:\/\/megapets.eu\/obchod\/\"},{\"@type\":\"ListItem\",\"position\":3,\"name\":\"Archachatina rhodostoma albino t\u011blo\"}]},{\"@type\":\"WebSite\",\"@id\":\"https:\/\/megapets.eu\/cs\/#website\",\"url\":\"https:\/\/megapets.eu\/cs\/\",\"name\":\"Mega Pets\",\"description\":\"Jedna z najwi\u0119kszych hodowli \u015blimak\u00f3w w Europie\",\"publisher\":{\"@id\":\"https:\/\/megapets.eu\/cs\/#organization\"},\"alternateName\":\"Mega Pets\",\"potentialAction\":[{\"@type\":\"SearchAction\",\"target\":{\"@type\":\"EntryPoint\",\"urlTemplate\":\"https:\/\/megapets.eu\/cs\/?s={search_term_string}\"},\"query-input\":{\"@type\":\"PropertyValueSpecification\",\"valueRequired\":true,\"valueName\":\"search_term_string\"}}],\"inLanguage\":\"cs\"},{\"@type\":\"Organization\",\"@id\":\"https:\/\/megapets.eu\/cs\/#organization\",\"name\":\"Mega Pets\",\"url\":\"https:\/\/megapets.eu\/cs\/\",\"logo\":{\"@type\":\"ImageObject\",\"inLanguage\":\"cs\",\"@id\":\"https:\/\/megapets.eu\/cs\/#\/schema\/logo\/image\/\",\"url\":\"https:\/\/megapets.eu\/wp-content\/uploads\/2025\/04\/megapets_eu-logo.png\",\"contentUrl\":\"https:\/\/megapets.eu\/wp-content\/uploads\/2025\/04\/megapets_eu-logo.png\",\"width\":2362,\"height\":2362,\"caption\":\"Mega Pets\"},\"image\":{\"@id\":\"https:\/\/megapets.eu\/cs\/#\/schema\/logo\/image\/\"},\"sameAs\":[\"https:\/\/www.facebook.com\/MegaPets.eu\/\"]}]}<\/script>\n<!-- \/ Yoast SEO plugin. -->","yoast_head_json":{"title":"Archachatina rhodostoma albino t\u011blo | MegaPets","robots":{"index":"index","follow":"follow","max-snippet":"max-snippet:-1","max-image-preview":"max-image-preview:large","max-video-preview":"max-video-preview:-1"},"canonical":"https:\/\/megapets.eu\/cs\/sneci\/archachatina-rhodostoma-albino-telo\/","og_locale":"cs_CZ","og_type":"article","og_title":"Archachatina rhodostoma albino t\u011blo | MegaPets","og_description":"Od nesouvisej\u00edc\u00edho p\u00e1ru:   P10    C\u00edlov\u00e1 velikost n\u00e1bojnice:   p\u0159ibl. 10-12 cm    Nab\u00edzen\u00fd mlad\u00fd exempl\u00e1\u0159:   cca. 4-5 cm    Cena plat\u00ed pro:   Plat\u00ed pro 1 kus","og_url":"https:\/\/megapets.eu\/cs\/sneci\/archachatina-rhodostoma-albino-telo\/","og_site_name":"MegaPets","article_publisher":"https:\/\/www.facebook.com\/MegaPets.eu\/","og_image":[{"width":1045,"height":690,"url":"https:\/\/megapets.eu\/wp-content\/uploads\/2024\/10\/Green-Beauty-P10-Excel.png","type":"image\/png"}],"twitter_card":"summary_large_image","twitter_misc":{"Odhadovan\u00e1 doba \u010dten\u00ed":"1 minuta"},"schema":{"@context":"https:\/\/schema.org","@graph":[{"@type":"WebPage","@id":"https:\/\/megapets.eu\/cs\/sneci\/archachatina-rhodostoma-albino-telo\/","url":"https:\/\/megapets.eu\/cs\/sneci\/archachatina-rhodostoma-albino-telo\/","name":"Archachatina rhodostoma albino t\u011blo | MegaPets","isPartOf":{"@id":"https:\/\/megapets.eu\/cs\/#website"},"primaryImageOfPage":{"@id":"https:\/\/megapets.eu\/cs\/sneci\/archachatina-rhodostoma-albino-telo\/#primaryimage"},"image":{"@id":"https:\/\/megapets.eu\/cs\/sneci\/archachatina-rhodostoma-albino-telo\/#primaryimage"},"thumbnailUrl":"https:\/\/megapets.eu\/wp-content\/uploads\/2024\/10\/Green-Beauty-P10-Excel.png","datePublished":"2024-10-25T08:19:04+00:00","breadcrumb":{"@id":"https:\/\/megapets.eu\/cs\/sneci\/archachatina-rhodostoma-albino-telo\/#breadcrumb"},"inLanguage":"cs","potentialAction":[{"@type":"ReadAction","target":["https:\/\/megapets.eu\/cs\/sneci\/archachatina-rhodostoma-albino-telo\/"]}]},{"@type":"ImageObject","inLanguage":"cs","@id":"https:\/\/megapets.eu\/cs\/sneci\/archachatina-rhodostoma-albino-telo\/#primaryimage","url":"https:\/\/megapets.eu\/wp-content\/uploads\/2024\/10\/Green-Beauty-P10-Excel.png","contentUrl":"https:\/\/megapets.eu\/wp-content\/uploads\/2024\/10\/Green-Beauty-P10-Excel.png","width":1045,"height":690},{"@type":"BreadcrumbList","@id":"https:\/\/megapets.eu\/cs\/sneci\/archachatina-rhodostoma-albino-telo\/#breadcrumb","itemListElement":[{"@type":"ListItem","position":1,"name":"Strona g\u0142\u00f3wna","item":"https:\/\/megapets.eu\/cs\/"},{"@type":"ListItem","position":2,"name":"Obchod","item":"https:\/\/megapets.eu\/obchod\/"},{"@type":"ListItem","position":3,"name":"Archachatina rhodostoma albino t\u011blo"}]},{"@type":"WebSite","@id":"https:\/\/megapets.eu\/cs\/#website","url":"https:\/\/megapets.eu\/cs\/","name":"Mega Pets","description":"Jedna z najwi\u0119kszych hodowli \u015blimak\u00f3w w Europie","publisher":{"@id":"https:\/\/megapets.eu\/cs\/#organization"},"alternateName":"Mega Pets","potentialAction":[{"@type":"SearchAction","target":{"@type":"EntryPoint","urlTemplate":"https:\/\/megapets.eu\/cs\/?s={search_term_string}"},"query-input":{"@type":"PropertyValueSpecification","valueRequired":true,"valueName":"search_term_string"}}],"inLanguage":"cs"},{"@type":"Organization","@id":"https:\/\/megapets.eu\/cs\/#organization","name":"Mega Pets","url":"https:\/\/megapets.eu\/cs\/","logo":{"@type":"ImageObject","inLanguage":"cs","@id":"https:\/\/megapets.eu\/cs\/#\/schema\/logo\/image\/","url":"https:\/\/megapets.eu\/wp-content\/uploads\/2025\/04\/megapets_eu-logo.png","contentUrl":"https:\/\/megapets.eu\/wp-content\/uploads\/2025\/04\/megapets_eu-logo.png","width":2362,"height":2362,"caption":"Mega Pets"},"image":{"@id":"https:\/\/megapets.eu\/cs\/#\/schema\/logo\/image\/"},"sameAs":["https:\/\/www.facebook.com\/MegaPets.eu\/"]}]}},"_links":{"self":[{"href":"https:\/\/megapets.eu\/cs\/wp-json\/wp\/v2\/product\/6715","targetHints":{"allow":["GET"]}}],"collection":[{"href":"https:\/\/megapets.eu\/cs\/wp-json\/wp\/v2\/product"}],"about":[{"href":"https:\/\/megapets.eu\/cs\/wp-json\/wp\/v2\/types\/product"}],"wp:featuredmedia":[{"embeddable":true,"href":"https:\/\/megapets.eu\/cs\/wp-json\/wp\/v2\/media\/6716"}],"wp:attachment":[{"href":"https:\/\/megapets.eu\/cs\/wp-json\/wp\/v2\/media?parent=6715"}],"wp:term":[{"taxonomy":"product_cat","embeddable":true,"href":"https:\/\/megapets.eu\/cs\/wp-json\/wp\/v2\/product_cat?post=6715"},{"taxonomy":"product_tag","embeddable":true,"href":"https:\/\/megapets.eu\/cs\/wp-json\/wp\/v2\/product_tag?post=6715"}],"curies":[{"name":"wp","href":"https:\/\/api.w.org\/{rel}","templated":true}]}}