{"id":6731,"date":"2024-10-04T07:01:14","date_gmt":"2024-10-04T07:01:14","guid":{"rendered":"https:\/\/megapets.eu\/neza\u0159azen\u00e9\/sepia-sepiova-kostsada-5-ks\/"},"modified":"2024-10-04T07:01:14","modified_gmt":"2024-10-04T07:01:14","slug":"sepia-sepiova-kostsada-5-ks","status":"publish","type":"product","link":"https:\/\/megapets.eu\/cs\/prislusenstvi\/sepia-sepiova-kostsada-5-ks\/","title":{"rendered":"Sepia &#8211; s\u00e9piov\u00e1 kost<br \/>&#8222;Sada 5 ks&#8220;"},"content":{"rendered":"<p><strong><span style=\"color: #e87020; font-size: 15px;\"><em>S\u00e9pie &#8211; s\u00e9piov\u00e1 kost &#8222;Sada 5 kus\u016f&#8220;<\/em><\/span><\/strong><\/p>\n<p><strong><span style=\"color: #e87020; font-size: 15px;\"><em>Jedno balen\u00ed obsahuje 5 kus\u016f s\u00e9pi\u00ed o d\u00e9lce cca 10-12 cm.<\/em><\/span><\/strong><\/p>\n<p><strong><span style=\"color: #e87020; font-size: 15px;\"><em>Slo\u017een\u00ed: Slo\u017een\u00ed: 100% p\u0159\u00edrodn\u00ed s\u00e9piov\u00e1 kost.<\/em><\/span><\/strong><\/p>\n<p><strong><span style=\"color: #e87020; font-size: 15px;\"><em>Cena je uvedena za 1 balen\u00ed.<\/em><\/span><\/strong><\/p>\n<p><em><span style=\"color: #424242;\"><strong><span style=\"font-size: 15px;\">S\u00e9pie &#8211; s\u00e9piov\u00e1 kost je p\u0159\u00edrodn\u00edm zdrojem v\u00e1pn\u00edku pro exotick\u00e9 \u0161neky, \u017eelvy a dal\u0161\u00ed terarijn\u00ed zv\u00ed\u0159ata.<\/span><\/strong><\/span><\/em><\/p>\n<p><em><span style=\"color: #424242;\"><strong><span style=\"font-size: 15px;\">S\u00e9pie se zv\u00ed\u0159at\u016fm pod\u00e1v\u00e1 z m\u011bkk\u00e9 strany. S\u00e9piov\u00e9 kosti je t\u0159eba vym\u011bnit za \u010derstv\u00e9 pot\u00e9, co zv\u00ed\u0159e se\u0161kr\u00e1bne m\u011bkkou \u010d\u00e1st s\u00e9pie, nebo p\u0159i prvn\u00edch zn\u00e1mk\u00e1ch ka\u017een\u00ed (v\u00fdskyt skvrn, kter\u00fd je zp\u016fsoben vlhk\u00fdmi podm\u00ednkami v ter\u00e1riu).<\/span><\/strong><\/span><\/em><\/p>\n<p><em><span style=\"color: #424242;\"><strong><span style=\"font-size: 15px;\">Pod\u00e1van\u00e9 formy v\u00e1pn\u00edku m\u016f\u017eete v\u017edy m\u011bnit a zv\u00ed\u0159eti nav\u00edc nab\u00eddnout &#8222;Calcium&#8220;. &#8211; v\u00e1pn\u00edk pro hlem\u00fd\u017ed\u011b.<\/span><\/strong><\/span><\/em><\/p>\n<p><em><span style=\"color: #424242;\"><strong><span style=\"font-size: 15px;\">N\u00e1mi doporu\u010dovan\u00e9 dopl\u0148ky jsou schopny uspokojit pot\u0159ebu cenn\u00fdch \u017eivin i u t\u011bch nejn\u00e1ro\u010dn\u011bj\u0161\u00edch druh\u016f: &#8222;Protein &amp; Vitamin&#8220;, sm\u011bs exotick\u00fdch bylin, mlet\u00fd gamarus. Doporu\u010dujeme tyto dopl\u0148ky pou\u017e\u00edvat st\u0159\u00eddav\u011b, aby strava va\u0161eho zv\u00ed\u0159ete z\u016fstala pestr\u00e1 a kompletn\u00ed.<\/span><\/strong><\/span><\/em><\/p>\n","protected":false},"excerpt":{"rendered":"<ul class=\"product_attributes\">\n<li><span style=\"color: #555555;\">Slo\u017een\u00ed:<\/span> Sada: 100% p\u0159\u00edrodn\u00ed s\u00e9piov\u00e1 kost<\/li>\n<li><span style=\"color: #555555;\">Sada:<\/span> 5 s\u00e9piov\u00fdch kus\u016f, cca 10-12 cm<\/li>\n<li><span style=\"color: #555555;\">Cena se t\u00fdk\u00e1:<\/span> Cena: 1 balen\u00ed.<\/li>\n<\/ul>\n","protected":false},"featured_media":6733,"template":"","meta":{"_acf_changed":false,"_links_to":"","_links_to_target":""},"product_cat":[163],"product_tag":[164,166,165,167],"class_list":{"0":"post-6731","1":"product","2":"type-product","3":"status-publish","4":"has-post-thumbnail","6":"product_cat-prislusenstvi","7":"product_tag-pro-hlemyzde","8":"product_tag-pro-izopody","9":"product_tag-pro-lsti","10":"product_tag-pro-svaby","12":"first","13":"instock","14":"shipping-taxable","15":"purchasable","16":"product-type-simple"},"acf":[],"yoast_head":"<!-- This site is optimized with the Yoast SEO plugin v24.9 - https:\/\/yoast.com\/wordpress\/plugins\/seo\/ -->\n<title>Sepia - s\u00e9piov\u00e1 kost&quot;Sada 5 ks&quot; | MegaPets<\/title>\n<meta name=\"robots\" content=\"index, follow, max-snippet:-1, max-image-preview:large, max-video-preview:-1\" \/>\n<link rel=\"canonical\" href=\"https:\/\/megapets.eu\/cs\/prislusenstvi\/sepia-sepiova-kostsada-5-ks\/\" \/>\n<meta property=\"og:locale\" content=\"cs_CZ\" \/>\n<meta property=\"og:type\" content=\"article\" \/>\n<meta property=\"og:title\" content=\"Sepia - s\u00e9piov\u00e1 kost&quot;Sada 5 ks&quot; | MegaPets\" \/>\n<meta property=\"og:description\" content=\"Slo\u017een\u00ed: Sada: 100% p\u0159\u00edrodn\u00ed s\u00e9piov\u00e1 kost  Sada: 5 s\u00e9piov\u00fdch kus\u016f, cca 10-12 cm  Cena se t\u00fdk\u00e1: Cena: 1 balen\u00ed.\" \/>\n<meta property=\"og:url\" content=\"https:\/\/megapets.eu\/cs\/prislusenstvi\/sepia-sepiova-kostsada-5-ks\/\" \/>\n<meta property=\"og:site_name\" content=\"MegaPets\" \/>\n<meta property=\"article:publisher\" content=\"https:\/\/www.facebook.com\/MegaPets.eu\/\" \/>\n<meta property=\"og:image\" content=\"https:\/\/megapets.eu\/wp-content\/uploads\/2024\/10\/122.jpg\" \/>\n\t<meta property=\"og:image:width\" content=\"1029\" \/>\n\t<meta property=\"og:image:height\" content=\"691\" \/>\n\t<meta property=\"og:image:type\" content=\"image\/jpeg\" \/>\n<meta name=\"twitter:card\" content=\"summary_large_image\" \/>\n<meta name=\"twitter:label1\" content=\"Odhadovan\u00e1 doba \u010dten\u00ed\" \/>\n\t<meta name=\"twitter:data1\" content=\"1 minuta\" \/>\n<script type=\"application\/ld+json\" class=\"yoast-schema-graph\">{\"@context\":\"https:\/\/schema.org\",\"@graph\":[{\"@type\":\"WebPage\",\"@id\":\"https:\/\/megapets.eu\/cs\/prislusenstvi\/sepia-sepiova-kostsada-5-ks\/\",\"url\":\"https:\/\/megapets.eu\/cs\/prislusenstvi\/sepia-sepiova-kostsada-5-ks\/\",\"name\":\"Sepia - s\u00e9piov\u00e1 kost \\\"Sada 5 ks\\\" | MegaPets\",\"isPartOf\":{\"@id\":\"https:\/\/megapets.eu\/cs\/#website\"},\"primaryImageOfPage\":{\"@id\":\"https:\/\/megapets.eu\/cs\/prislusenstvi\/sepia-sepiova-kostsada-5-ks\/#primaryimage\"},\"image\":{\"@id\":\"https:\/\/megapets.eu\/cs\/prislusenstvi\/sepia-sepiova-kostsada-5-ks\/#primaryimage\"},\"thumbnailUrl\":\"https:\/\/megapets.eu\/wp-content\/uploads\/2024\/10\/122.jpg\",\"datePublished\":\"2024-10-04T07:01:14+00:00\",\"breadcrumb\":{\"@id\":\"https:\/\/megapets.eu\/cs\/prislusenstvi\/sepia-sepiova-kostsada-5-ks\/#breadcrumb\"},\"inLanguage\":\"cs\",\"potentialAction\":[{\"@type\":\"ReadAction\",\"target\":[\"https:\/\/megapets.eu\/cs\/prislusenstvi\/sepia-sepiova-kostsada-5-ks\/\"]}]},{\"@type\":\"ImageObject\",\"inLanguage\":\"cs\",\"@id\":\"https:\/\/megapets.eu\/cs\/prislusenstvi\/sepia-sepiova-kostsada-5-ks\/#primaryimage\",\"url\":\"https:\/\/megapets.eu\/wp-content\/uploads\/2024\/10\/122.jpg\",\"contentUrl\":\"https:\/\/megapets.eu\/wp-content\/uploads\/2024\/10\/122.jpg\",\"width\":1029,\"height\":691},{\"@type\":\"BreadcrumbList\",\"@id\":\"https:\/\/megapets.eu\/cs\/prislusenstvi\/sepia-sepiova-kostsada-5-ks\/#breadcrumb\",\"itemListElement\":[{\"@type\":\"ListItem\",\"position\":1,\"name\":\"Strona g\u0142\u00f3wna\",\"item\":\"https:\/\/megapets.eu\/cs\/\"},{\"@type\":\"ListItem\",\"position\":2,\"name\":\"Obchod\",\"item\":\"https:\/\/megapets.eu\/obchod\/\"},{\"@type\":\"ListItem\",\"position\":3,\"name\":\"Sepia &#8211; s\u00e9piov\u00e1 kost&#8222;Sada 5 ks\\\"\"}]},{\"@type\":\"WebSite\",\"@id\":\"https:\/\/megapets.eu\/cs\/#website\",\"url\":\"https:\/\/megapets.eu\/cs\/\",\"name\":\"Mega Pets\",\"description\":\"Jedna z najwi\u0119kszych hodowli \u015blimak\u00f3w w Europie\",\"publisher\":{\"@id\":\"https:\/\/megapets.eu\/cs\/#organization\"},\"alternateName\":\"Mega Pets\",\"potentialAction\":[{\"@type\":\"SearchAction\",\"target\":{\"@type\":\"EntryPoint\",\"urlTemplate\":\"https:\/\/megapets.eu\/cs\/?s={search_term_string}\"},\"query-input\":{\"@type\":\"PropertyValueSpecification\",\"valueRequired\":true,\"valueName\":\"search_term_string\"}}],\"inLanguage\":\"cs\"},{\"@type\":\"Organization\",\"@id\":\"https:\/\/megapets.eu\/cs\/#organization\",\"name\":\"Mega Pets\",\"url\":\"https:\/\/megapets.eu\/cs\/\",\"logo\":{\"@type\":\"ImageObject\",\"inLanguage\":\"cs\",\"@id\":\"https:\/\/megapets.eu\/cs\/#\/schema\/logo\/image\/\",\"url\":\"https:\/\/megapets.eu\/wp-content\/uploads\/2025\/04\/megapets_eu-logo.png\",\"contentUrl\":\"https:\/\/megapets.eu\/wp-content\/uploads\/2025\/04\/megapets_eu-logo.png\",\"width\":2362,\"height\":2362,\"caption\":\"Mega Pets\"},\"image\":{\"@id\":\"https:\/\/megapets.eu\/cs\/#\/schema\/logo\/image\/\"},\"sameAs\":[\"https:\/\/www.facebook.com\/MegaPets.eu\/\"]}]}<\/script>\n<!-- \/ Yoast SEO plugin. -->","yoast_head_json":{"title":"Sepia - s\u00e9piov\u00e1 kost\"Sada 5 ks\" | MegaPets","robots":{"index":"index","follow":"follow","max-snippet":"max-snippet:-1","max-image-preview":"max-image-preview:large","max-video-preview":"max-video-preview:-1"},"canonical":"https:\/\/megapets.eu\/cs\/prislusenstvi\/sepia-sepiova-kostsada-5-ks\/","og_locale":"cs_CZ","og_type":"article","og_title":"Sepia - s\u00e9piov\u00e1 kost\"Sada 5 ks\" | MegaPets","og_description":"Slo\u017een\u00ed: Sada: 100% p\u0159\u00edrodn\u00ed s\u00e9piov\u00e1 kost  Sada: 5 s\u00e9piov\u00fdch kus\u016f, cca 10-12 cm  Cena se t\u00fdk\u00e1: Cena: 1 balen\u00ed.","og_url":"https:\/\/megapets.eu\/cs\/prislusenstvi\/sepia-sepiova-kostsada-5-ks\/","og_site_name":"MegaPets","article_publisher":"https:\/\/www.facebook.com\/MegaPets.eu\/","og_image":[{"width":1029,"height":691,"url":"https:\/\/megapets.eu\/wp-content\/uploads\/2024\/10\/122.jpg","type":"image\/jpeg"}],"twitter_card":"summary_large_image","twitter_misc":{"Odhadovan\u00e1 doba \u010dten\u00ed":"1 minuta"},"schema":{"@context":"https:\/\/schema.org","@graph":[{"@type":"WebPage","@id":"https:\/\/megapets.eu\/cs\/prislusenstvi\/sepia-sepiova-kostsada-5-ks\/","url":"https:\/\/megapets.eu\/cs\/prislusenstvi\/sepia-sepiova-kostsada-5-ks\/","name":"Sepia - s\u00e9piov\u00e1 kost \"Sada 5 ks\" | MegaPets","isPartOf":{"@id":"https:\/\/megapets.eu\/cs\/#website"},"primaryImageOfPage":{"@id":"https:\/\/megapets.eu\/cs\/prislusenstvi\/sepia-sepiova-kostsada-5-ks\/#primaryimage"},"image":{"@id":"https:\/\/megapets.eu\/cs\/prislusenstvi\/sepia-sepiova-kostsada-5-ks\/#primaryimage"},"thumbnailUrl":"https:\/\/megapets.eu\/wp-content\/uploads\/2024\/10\/122.jpg","datePublished":"2024-10-04T07:01:14+00:00","breadcrumb":{"@id":"https:\/\/megapets.eu\/cs\/prislusenstvi\/sepia-sepiova-kostsada-5-ks\/#breadcrumb"},"inLanguage":"cs","potentialAction":[{"@type":"ReadAction","target":["https:\/\/megapets.eu\/cs\/prislusenstvi\/sepia-sepiova-kostsada-5-ks\/"]}]},{"@type":"ImageObject","inLanguage":"cs","@id":"https:\/\/megapets.eu\/cs\/prislusenstvi\/sepia-sepiova-kostsada-5-ks\/#primaryimage","url":"https:\/\/megapets.eu\/wp-content\/uploads\/2024\/10\/122.jpg","contentUrl":"https:\/\/megapets.eu\/wp-content\/uploads\/2024\/10\/122.jpg","width":1029,"height":691},{"@type":"BreadcrumbList","@id":"https:\/\/megapets.eu\/cs\/prislusenstvi\/sepia-sepiova-kostsada-5-ks\/#breadcrumb","itemListElement":[{"@type":"ListItem","position":1,"name":"Strona g\u0142\u00f3wna","item":"https:\/\/megapets.eu\/cs\/"},{"@type":"ListItem","position":2,"name":"Obchod","item":"https:\/\/megapets.eu\/obchod\/"},{"@type":"ListItem","position":3,"name":"Sepia &#8211; s\u00e9piov\u00e1 kost&#8222;Sada 5 ks\""}]},{"@type":"WebSite","@id":"https:\/\/megapets.eu\/cs\/#website","url":"https:\/\/megapets.eu\/cs\/","name":"Mega Pets","description":"Jedna z najwi\u0119kszych hodowli \u015blimak\u00f3w w Europie","publisher":{"@id":"https:\/\/megapets.eu\/cs\/#organization"},"alternateName":"Mega Pets","potentialAction":[{"@type":"SearchAction","target":{"@type":"EntryPoint","urlTemplate":"https:\/\/megapets.eu\/cs\/?s={search_term_string}"},"query-input":{"@type":"PropertyValueSpecification","valueRequired":true,"valueName":"search_term_string"}}],"inLanguage":"cs"},{"@type":"Organization","@id":"https:\/\/megapets.eu\/cs\/#organization","name":"Mega Pets","url":"https:\/\/megapets.eu\/cs\/","logo":{"@type":"ImageObject","inLanguage":"cs","@id":"https:\/\/megapets.eu\/cs\/#\/schema\/logo\/image\/","url":"https:\/\/megapets.eu\/wp-content\/uploads\/2025\/04\/megapets_eu-logo.png","contentUrl":"https:\/\/megapets.eu\/wp-content\/uploads\/2025\/04\/megapets_eu-logo.png","width":2362,"height":2362,"caption":"Mega Pets"},"image":{"@id":"https:\/\/megapets.eu\/cs\/#\/schema\/logo\/image\/"},"sameAs":["https:\/\/www.facebook.com\/MegaPets.eu\/"]}]}},"_links":{"self":[{"href":"https:\/\/megapets.eu\/cs\/wp-json\/wp\/v2\/product\/6731","targetHints":{"allow":["GET"]}}],"collection":[{"href":"https:\/\/megapets.eu\/cs\/wp-json\/wp\/v2\/product"}],"about":[{"href":"https:\/\/megapets.eu\/cs\/wp-json\/wp\/v2\/types\/product"}],"wp:featuredmedia":[{"embeddable":true,"href":"https:\/\/megapets.eu\/cs\/wp-json\/wp\/v2\/media\/6733"}],"wp:attachment":[{"href":"https:\/\/megapets.eu\/cs\/wp-json\/wp\/v2\/media?parent=6731"}],"wp:term":[{"taxonomy":"product_cat","embeddable":true,"href":"https:\/\/megapets.eu\/cs\/wp-json\/wp\/v2\/product_cat?post=6731"},{"taxonomy":"product_tag","embeddable":true,"href":"https:\/\/megapets.eu\/cs\/wp-json\/wp\/v2\/product_tag?post=6731"}],"curies":[{"name":"wp","href":"https:\/\/api.w.org\/{rel}","templated":true}]}}