{"id":6748,"date":"2024-10-04T15:41:08","date_gmt":"2024-10-04T15:41:08","guid":{"rendered":"https:\/\/megapets.eu\/neza\u0159azen\u00e9\/doplnkova-potrava-pro-izopody-50-gpro-izopody-a-zmije\/"},"modified":"2024-10-04T15:41:08","modified_gmt":"2024-10-04T15:41:08","slug":"doplnkova-potrava-pro-izopody-50-gpro-izopody-a-zmije","status":"publish","type":"product","link":"https:\/\/megapets.eu\/cs\/prislusenstvi\/doplnkova-potrava-pro-izopody-50-gpro-izopody-a-zmije\/","title":{"rendered":"&#8222;Dopl\u0148kov\u00e1 potrava pro izopody&#8220; 50 g<br \/>pro izopody a zmije."},"content":{"rendered":"<p><strong><span style=\"color: #e87020; font-size: 15px;\"><em>Dopl\u0148kov\u00e9 krmivo pro izopody 50 g pro izopody a zmije<\/em><\/span><\/strong><\/p>\n<p><strong><span style=\"color: #e87020; font-size: 15px;\"><em>Zdroj b\u00edlkovin: rostlinn\u00e9 a \u017eivo\u010di\u0161n\u00e9.<\/em><\/span><\/strong><\/p>\n<p><strong><span style=\"color: #e87020; font-size: 15px;\"><em>Cena je uvedena za 1 balen\u00ed.<\/em><\/span><\/strong><\/p>\n<p><em><span style=\"color: #424242;\"><strong><span style=\"font-size: 15px;\">&#8222;Dopl\u0148kov\u00e9 krmivo pro izopody&#8220; je ide\u00e1ln\u00ed pro chov izopod\u016f, zmij\u00ed, krokod\u00fdl\u016f, exotick\u00fdch \u0161v\u00e1b\u016f atd.<\/span><\/strong><\/span><\/em><\/p>\n<p><em><span style=\"color: #424242;\"><strong><span style=\"font-size: 15px;\">D\u00e1vkov\u00e1n\u00ed: lehce posypte \u010d\u00e1st krmiva.<\/span><\/strong><\/span><\/em><\/p>\n","protected":false},"excerpt":{"rendered":"<ul class=\"product_attributes\">\n<li><span style=\"color: #555555;\">Zdroj b\u00edlkovin:<\/span> rostlinn\u00e9 a \u017eivo\u010di\u0161n\u00e9<\/li>\n<li><span style=\"color: #555555;\">Balen\u00ed obsahuje:<\/span> 50 g<\/li>\n<li><span style=\"color: #555555;\">Cena plat\u00ed pro:<\/span> Cena plat\u00ed pro 1 balen\u00ed.<\/li>\n<\/ul>\n","protected":false},"featured_media":6762,"template":"","meta":{"_acf_changed":false,"_links_to":"","_links_to_target":""},"product_cat":[163],"product_tag":[166,165,167],"class_list":{"0":"post-6748","1":"product","2":"type-product","3":"status-publish","4":"has-post-thumbnail","6":"product_cat-prislusenstvi","7":"product_tag-pro-izopody","8":"product_tag-pro-lsti","9":"product_tag-pro-svaby","11":"first","12":"instock","13":"shipping-taxable","14":"purchasable","15":"product-type-simple"},"acf":[],"yoast_head":"<!-- This site is optimized with the Yoast SEO plugin v24.9 - https:\/\/yoast.com\/wordpress\/plugins\/seo\/ -->\n<title>&quot;Dopl\u0148kov\u00e1 potrava pro izopody&quot; 50 gpro izopody a zmije. | MegaPets<\/title>\n<meta name=\"robots\" content=\"index, follow, max-snippet:-1, max-image-preview:large, max-video-preview:-1\" \/>\n<link rel=\"canonical\" href=\"https:\/\/megapets.eu\/cs\/prislusenstvi\/doplnkova-potrava-pro-izopody-50-gpro-izopody-a-zmije\/\" \/>\n<meta property=\"og:locale\" content=\"cs_CZ\" \/>\n<meta property=\"og:type\" content=\"article\" \/>\n<meta property=\"og:title\" content=\"&quot;Dopl\u0148kov\u00e1 potrava pro izopody&quot; 50 gpro izopody a zmije. | MegaPets\" \/>\n<meta property=\"og:description\" content=\"Zdroj b\u00edlkovin: rostlinn\u00e9 a \u017eivo\u010di\u0161n\u00e9  Balen\u00ed obsahuje: 50 g  Cena plat\u00ed pro: Cena plat\u00ed pro 1 balen\u00ed.\" \/>\n<meta property=\"og:url\" content=\"https:\/\/megapets.eu\/cs\/prislusenstvi\/doplnkova-potrava-pro-izopody-50-gpro-izopody-a-zmije\/\" \/>\n<meta property=\"og:site_name\" content=\"MegaPets\" \/>\n<meta property=\"article:publisher\" content=\"https:\/\/www.facebook.com\/MegaPets.eu\/\" \/>\n<meta property=\"og:image\" content=\"https:\/\/megapets.eu\/wp-content\/uploads\/2024\/10\/3-1.png\" \/>\n\t<meta property=\"og:image:width\" content=\"1021\" \/>\n\t<meta property=\"og:image:height\" content=\"651\" \/>\n\t<meta property=\"og:image:type\" content=\"image\/png\" \/>\n<meta name=\"twitter:card\" content=\"summary_large_image\" \/>\n<script type=\"application\/ld+json\" class=\"yoast-schema-graph\">{\"@context\":\"https:\/\/schema.org\",\"@graph\":[{\"@type\":\"WebPage\",\"@id\":\"https:\/\/megapets.eu\/cs\/prislusenstvi\/doplnkova-potrava-pro-izopody-50-gpro-izopody-a-zmije\/\",\"url\":\"https:\/\/megapets.eu\/cs\/prislusenstvi\/doplnkova-potrava-pro-izopody-50-gpro-izopody-a-zmije\/\",\"name\":\"\\\"Dopl\u0148kov\u00e1 potrava pro izopody\\\" 50 g pro izopody a zmije. | MegaPets\",\"isPartOf\":{\"@id\":\"https:\/\/megapets.eu\/cs\/#website\"},\"primaryImageOfPage\":{\"@id\":\"https:\/\/megapets.eu\/cs\/prislusenstvi\/doplnkova-potrava-pro-izopody-50-gpro-izopody-a-zmije\/#primaryimage\"},\"image\":{\"@id\":\"https:\/\/megapets.eu\/cs\/prislusenstvi\/doplnkova-potrava-pro-izopody-50-gpro-izopody-a-zmije\/#primaryimage\"},\"thumbnailUrl\":\"https:\/\/megapets.eu\/wp-content\/uploads\/2024\/10\/3-1.png\",\"datePublished\":\"2024-10-04T15:41:08+00:00\",\"breadcrumb\":{\"@id\":\"https:\/\/megapets.eu\/cs\/prislusenstvi\/doplnkova-potrava-pro-izopody-50-gpro-izopody-a-zmije\/#breadcrumb\"},\"inLanguage\":\"cs\",\"potentialAction\":[{\"@type\":\"ReadAction\",\"target\":[\"https:\/\/megapets.eu\/cs\/prislusenstvi\/doplnkova-potrava-pro-izopody-50-gpro-izopody-a-zmije\/\"]}]},{\"@type\":\"ImageObject\",\"inLanguage\":\"cs\",\"@id\":\"https:\/\/megapets.eu\/cs\/prislusenstvi\/doplnkova-potrava-pro-izopody-50-gpro-izopody-a-zmije\/#primaryimage\",\"url\":\"https:\/\/megapets.eu\/wp-content\/uploads\/2024\/10\/3-1.png\",\"contentUrl\":\"https:\/\/megapets.eu\/wp-content\/uploads\/2024\/10\/3-1.png\",\"width\":1021,\"height\":651},{\"@type\":\"BreadcrumbList\",\"@id\":\"https:\/\/megapets.eu\/cs\/prislusenstvi\/doplnkova-potrava-pro-izopody-50-gpro-izopody-a-zmije\/#breadcrumb\",\"itemListElement\":[{\"@type\":\"ListItem\",\"position\":1,\"name\":\"Strona g\u0142\u00f3wna\",\"item\":\"https:\/\/megapets.eu\/cs\/\"},{\"@type\":\"ListItem\",\"position\":2,\"name\":\"Obchod\",\"item\":\"https:\/\/megapets.eu\/obchod\/\"},{\"@type\":\"ListItem\",\"position\":3,\"name\":\"&#8222;Dopl\u0148kov\u00e1 potrava pro izopody\\\" 50 gpro izopody a zmije.\"}]},{\"@type\":\"WebSite\",\"@id\":\"https:\/\/megapets.eu\/cs\/#website\",\"url\":\"https:\/\/megapets.eu\/cs\/\",\"name\":\"Mega Pets\",\"description\":\"Jedna z najwi\u0119kszych hodowli \u015blimak\u00f3w w Europie\",\"publisher\":{\"@id\":\"https:\/\/megapets.eu\/cs\/#organization\"},\"alternateName\":\"Mega Pets\",\"potentialAction\":[{\"@type\":\"SearchAction\",\"target\":{\"@type\":\"EntryPoint\",\"urlTemplate\":\"https:\/\/megapets.eu\/cs\/?s={search_term_string}\"},\"query-input\":{\"@type\":\"PropertyValueSpecification\",\"valueRequired\":true,\"valueName\":\"search_term_string\"}}],\"inLanguage\":\"cs\"},{\"@type\":\"Organization\",\"@id\":\"https:\/\/megapets.eu\/cs\/#organization\",\"name\":\"Mega Pets\",\"url\":\"https:\/\/megapets.eu\/cs\/\",\"logo\":{\"@type\":\"ImageObject\",\"inLanguage\":\"cs\",\"@id\":\"https:\/\/megapets.eu\/cs\/#\/schema\/logo\/image\/\",\"url\":\"https:\/\/megapets.eu\/wp-content\/uploads\/2025\/04\/megapets_eu-logo.png\",\"contentUrl\":\"https:\/\/megapets.eu\/wp-content\/uploads\/2025\/04\/megapets_eu-logo.png\",\"width\":2362,\"height\":2362,\"caption\":\"Mega Pets\"},\"image\":{\"@id\":\"https:\/\/megapets.eu\/cs\/#\/schema\/logo\/image\/\"},\"sameAs\":[\"https:\/\/www.facebook.com\/MegaPets.eu\/\"]}]}<\/script>\n<!-- \/ Yoast SEO plugin. -->","yoast_head_json":{"title":"\"Dopl\u0148kov\u00e1 potrava pro izopody\" 50 gpro izopody a zmije. | MegaPets","robots":{"index":"index","follow":"follow","max-snippet":"max-snippet:-1","max-image-preview":"max-image-preview:large","max-video-preview":"max-video-preview:-1"},"canonical":"https:\/\/megapets.eu\/cs\/prislusenstvi\/doplnkova-potrava-pro-izopody-50-gpro-izopody-a-zmije\/","og_locale":"cs_CZ","og_type":"article","og_title":"\"Dopl\u0148kov\u00e1 potrava pro izopody\" 50 gpro izopody a zmije. | MegaPets","og_description":"Zdroj b\u00edlkovin: rostlinn\u00e9 a \u017eivo\u010di\u0161n\u00e9  Balen\u00ed obsahuje: 50 g  Cena plat\u00ed pro: Cena plat\u00ed pro 1 balen\u00ed.","og_url":"https:\/\/megapets.eu\/cs\/prislusenstvi\/doplnkova-potrava-pro-izopody-50-gpro-izopody-a-zmije\/","og_site_name":"MegaPets","article_publisher":"https:\/\/www.facebook.com\/MegaPets.eu\/","og_image":[{"width":1021,"height":651,"url":"https:\/\/megapets.eu\/wp-content\/uploads\/2024\/10\/3-1.png","type":"image\/png"}],"twitter_card":"summary_large_image","schema":{"@context":"https:\/\/schema.org","@graph":[{"@type":"WebPage","@id":"https:\/\/megapets.eu\/cs\/prislusenstvi\/doplnkova-potrava-pro-izopody-50-gpro-izopody-a-zmije\/","url":"https:\/\/megapets.eu\/cs\/prislusenstvi\/doplnkova-potrava-pro-izopody-50-gpro-izopody-a-zmije\/","name":"\"Dopl\u0148kov\u00e1 potrava pro izopody\" 50 g pro izopody a zmije. | MegaPets","isPartOf":{"@id":"https:\/\/megapets.eu\/cs\/#website"},"primaryImageOfPage":{"@id":"https:\/\/megapets.eu\/cs\/prislusenstvi\/doplnkova-potrava-pro-izopody-50-gpro-izopody-a-zmije\/#primaryimage"},"image":{"@id":"https:\/\/megapets.eu\/cs\/prislusenstvi\/doplnkova-potrava-pro-izopody-50-gpro-izopody-a-zmije\/#primaryimage"},"thumbnailUrl":"https:\/\/megapets.eu\/wp-content\/uploads\/2024\/10\/3-1.png","datePublished":"2024-10-04T15:41:08+00:00","breadcrumb":{"@id":"https:\/\/megapets.eu\/cs\/prislusenstvi\/doplnkova-potrava-pro-izopody-50-gpro-izopody-a-zmije\/#breadcrumb"},"inLanguage":"cs","potentialAction":[{"@type":"ReadAction","target":["https:\/\/megapets.eu\/cs\/prislusenstvi\/doplnkova-potrava-pro-izopody-50-gpro-izopody-a-zmije\/"]}]},{"@type":"ImageObject","inLanguage":"cs","@id":"https:\/\/megapets.eu\/cs\/prislusenstvi\/doplnkova-potrava-pro-izopody-50-gpro-izopody-a-zmije\/#primaryimage","url":"https:\/\/megapets.eu\/wp-content\/uploads\/2024\/10\/3-1.png","contentUrl":"https:\/\/megapets.eu\/wp-content\/uploads\/2024\/10\/3-1.png","width":1021,"height":651},{"@type":"BreadcrumbList","@id":"https:\/\/megapets.eu\/cs\/prislusenstvi\/doplnkova-potrava-pro-izopody-50-gpro-izopody-a-zmije\/#breadcrumb","itemListElement":[{"@type":"ListItem","position":1,"name":"Strona g\u0142\u00f3wna","item":"https:\/\/megapets.eu\/cs\/"},{"@type":"ListItem","position":2,"name":"Obchod","item":"https:\/\/megapets.eu\/obchod\/"},{"@type":"ListItem","position":3,"name":"&#8222;Dopl\u0148kov\u00e1 potrava pro izopody\" 50 gpro izopody a zmije."}]},{"@type":"WebSite","@id":"https:\/\/megapets.eu\/cs\/#website","url":"https:\/\/megapets.eu\/cs\/","name":"Mega Pets","description":"Jedna z najwi\u0119kszych hodowli \u015blimak\u00f3w w Europie","publisher":{"@id":"https:\/\/megapets.eu\/cs\/#organization"},"alternateName":"Mega Pets","potentialAction":[{"@type":"SearchAction","target":{"@type":"EntryPoint","urlTemplate":"https:\/\/megapets.eu\/cs\/?s={search_term_string}"},"query-input":{"@type":"PropertyValueSpecification","valueRequired":true,"valueName":"search_term_string"}}],"inLanguage":"cs"},{"@type":"Organization","@id":"https:\/\/megapets.eu\/cs\/#organization","name":"Mega Pets","url":"https:\/\/megapets.eu\/cs\/","logo":{"@type":"ImageObject","inLanguage":"cs","@id":"https:\/\/megapets.eu\/cs\/#\/schema\/logo\/image\/","url":"https:\/\/megapets.eu\/wp-content\/uploads\/2025\/04\/megapets_eu-logo.png","contentUrl":"https:\/\/megapets.eu\/wp-content\/uploads\/2025\/04\/megapets_eu-logo.png","width":2362,"height":2362,"caption":"Mega Pets"},"image":{"@id":"https:\/\/megapets.eu\/cs\/#\/schema\/logo\/image\/"},"sameAs":["https:\/\/www.facebook.com\/MegaPets.eu\/"]}]}},"_links":{"self":[{"href":"https:\/\/megapets.eu\/cs\/wp-json\/wp\/v2\/product\/6748","targetHints":{"allow":["GET"]}}],"collection":[{"href":"https:\/\/megapets.eu\/cs\/wp-json\/wp\/v2\/product"}],"about":[{"href":"https:\/\/megapets.eu\/cs\/wp-json\/wp\/v2\/types\/product"}],"wp:featuredmedia":[{"embeddable":true,"href":"https:\/\/megapets.eu\/cs\/wp-json\/wp\/v2\/media\/6762"}],"wp:attachment":[{"href":"https:\/\/megapets.eu\/cs\/wp-json\/wp\/v2\/media?parent=6748"}],"wp:term":[{"taxonomy":"product_cat","embeddable":true,"href":"https:\/\/megapets.eu\/cs\/wp-json\/wp\/v2\/product_cat?post=6748"},{"taxonomy":"product_tag","embeddable":true,"href":"https:\/\/megapets.eu\/cs\/wp-json\/wp\/v2\/product_tag?post=6748"}],"curies":[{"name":"wp","href":"https:\/\/api.w.org\/{rel}","templated":true}]}}