{"id":6771,"date":"2024-10-04T20:30:18","date_gmt":"2024-10-04T20:30:18","guid":{"rendered":"https:\/\/megapets.eu\/neza\u0159azen\u00e9\/neutralni-raselina-15-lsubstrat-pro-zmije-a-izopody\/"},"modified":"2024-10-04T20:30:18","modified_gmt":"2024-10-04T20:30:18","slug":"neutralni-raselina-15-lsubstrat-pro-zmije-a-izopody","status":"publish","type":"product","link":"https:\/\/megapets.eu\/cs\/prislusenstvi\/neutralni-raselina-15-lsubstrat-pro-zmije-a-izopody\/","title":{"rendered":"Neutr\u00e1ln\u00ed ra\u0161elina 1,5 l<br \/>Substr\u00e1t pro zmije a izopody"},"content":{"rendered":"<p><strong><span style=\"color: #e87020; font-size: 15px;\"><em>Neutr\u00e1ln\u00ed ra\u0161elina 1,5 l \/ Substr\u00e1t pro zmije a izopody<\/em><\/span><\/strong><\/p>\n<p><strong><span style=\"color: #e87020; font-size: 15px;\"><em>Jedno balen\u00ed obsahuje 1,5 l.<\/em><\/span><\/strong><\/p>\n<p><strong><span style=\"color: #e87020; font-size: 15px;\"><em>Slo\u017een\u00ed: Slo\u017een\u00ed: 100% p\u0159\u00edrodn\u00ed neutr\u00e1ln\u00ed ra\u0161elina.<\/em><\/span><\/strong><\/p>\n<p><strong><span style=\"color: #e87020; font-size: 15px;\"><em>Cena je uvedena za 1 balen\u00ed.<\/em><\/span><\/strong><\/p>\n<p><em><span style=\"color: #424242;\"><strong><span style=\"font-size: 15px;\">Neutr\u00e1ln\u00ed ra\u0161elina tepeln\u011b upraven\u00e1 a p\u0159ipraven\u00e1 k pou\u017eit\u00ed.<\/span><\/strong><\/span><\/em><\/p>\n<p><em><span style=\"color: #424242;\"><strong><span style=\"font-size: 15px;\">Substr\u00e1t pro chov: <\/span><\/strong><\/span><\/em><em><span style=\"color: #424242;\"><strong><span style=\"font-size: 15px;\">zmij\u00ed; <\/span><\/strong><\/span><\/em><em><span style=\"color: #424242;\"><strong><span style=\"font-size: 15px;\">krokod\u00fdl\u016f; <\/span><\/strong><\/span><\/em><em><span style=\"color: #424242;\"><strong><span style=\"font-size: 15px;\">\u0161v\u00e1b\u016f; <\/span><\/strong><\/span><\/em><em><span style=\"color: #424242;\"><strong><span style=\"font-size: 15px;\">larev brouk\u016f; <\/span><\/strong><\/span><\/em><em><span style=\"color: #424242;\"><strong><span style=\"font-size: 15px;\">prosimik\u016f; atd.<\/span><\/strong><\/span><\/em><\/p>\n","protected":false},"excerpt":{"rendered":"<ul class=\"product_attributes\">\n<li><span style=\"color: #555555;\">Slo\u017een\u00ed:<\/span> Balen\u00ed obsahuje: 100% p\u0159\u00edrodn\u00ed neutr\u00e1ln\u00ed ra\u0161elinu<\/li>\n<li><span style=\"color: #555555;\">:<\/span><\/li>\n<li><span style=\"color: #555555;\"> Cena plat\u00ed pro:<\/span> Cena plat\u00ed pro 1 balen\u00ed.<\/li>\n<\/ul>\n","protected":false},"featured_media":6772,"template":"","meta":{"_acf_changed":false,"_links_to":"","_links_to_target":""},"product_cat":[163],"product_tag":[166,165,167],"class_list":{"0":"post-6771","1":"product","2":"type-product","3":"status-publish","4":"has-post-thumbnail","6":"product_cat-prislusenstvi","7":"product_tag-pro-izopody","8":"product_tag-pro-lsti","9":"product_tag-pro-svaby","11":"first","12":"instock","13":"shipping-taxable","14":"purchasable","15":"product-type-simple"},"acf":[],"yoast_head":"<!-- This site is optimized with the Yoast SEO plugin v24.9 - https:\/\/yoast.com\/wordpress\/plugins\/seo\/ -->\n<title>Neutr\u00e1ln\u00ed ra\u0161elina 1,5 lSubstr\u00e1t pro zmije a izopody | MegaPets<\/title>\n<meta name=\"robots\" content=\"index, follow, max-snippet:-1, max-image-preview:large, max-video-preview:-1\" \/>\n<link rel=\"canonical\" href=\"https:\/\/megapets.eu\/cs\/prislusenstvi\/neutralni-raselina-15-lsubstrat-pro-zmije-a-izopody\/\" \/>\n<meta property=\"og:locale\" content=\"cs_CZ\" \/>\n<meta property=\"og:type\" content=\"article\" \/>\n<meta property=\"og:title\" content=\"Neutr\u00e1ln\u00ed ra\u0161elina 1,5 lSubstr\u00e1t pro zmije a izopody | MegaPets\" \/>\n<meta property=\"og:description\" content=\"Slo\u017een\u00ed: Balen\u00ed obsahuje: 100% p\u0159\u00edrodn\u00ed neutr\u00e1ln\u00ed ra\u0161elinu  :  Cena plat\u00ed pro: Cena plat\u00ed pro 1 balen\u00ed.\" \/>\n<meta property=\"og:url\" content=\"https:\/\/megapets.eu\/cs\/prislusenstvi\/neutralni-raselina-15-lsubstrat-pro-zmije-a-izopody\/\" \/>\n<meta property=\"og:site_name\" content=\"MegaPets\" \/>\n<meta property=\"article:publisher\" content=\"https:\/\/www.facebook.com\/MegaPets.eu\/\" \/>\n<meta property=\"og:image\" content=\"https:\/\/megapets.eu\/wp-content\/uploads\/2024\/10\/IMG_2709-e1728372454631.jpg\" \/>\n\t<meta property=\"og:image:width\" content=\"1621\" \/>\n\t<meta property=\"og:image:height\" content=\"1126\" \/>\n\t<meta property=\"og:image:type\" content=\"image\/jpeg\" \/>\n<meta name=\"twitter:card\" content=\"summary_large_image\" \/>\n<script type=\"application\/ld+json\" class=\"yoast-schema-graph\">{\"@context\":\"https:\/\/schema.org\",\"@graph\":[{\"@type\":\"WebPage\",\"@id\":\"https:\/\/megapets.eu\/cs\/prislusenstvi\/neutralni-raselina-15-lsubstrat-pro-zmije-a-izopody\/\",\"url\":\"https:\/\/megapets.eu\/cs\/prislusenstvi\/neutralni-raselina-15-lsubstrat-pro-zmije-a-izopody\/\",\"name\":\"Neutr\u00e1ln\u00ed ra\u0161elina 1,5 l Substr\u00e1t pro zmije a izopody | MegaPets\",\"isPartOf\":{\"@id\":\"https:\/\/megapets.eu\/cs\/#website\"},\"primaryImageOfPage\":{\"@id\":\"https:\/\/megapets.eu\/cs\/prislusenstvi\/neutralni-raselina-15-lsubstrat-pro-zmije-a-izopody\/#primaryimage\"},\"image\":{\"@id\":\"https:\/\/megapets.eu\/cs\/prislusenstvi\/neutralni-raselina-15-lsubstrat-pro-zmije-a-izopody\/#primaryimage\"},\"thumbnailUrl\":\"https:\/\/megapets.eu\/wp-content\/uploads\/2024\/10\/IMG_2709-e1728372454631.jpg\",\"datePublished\":\"2024-10-04T20:30:18+00:00\",\"breadcrumb\":{\"@id\":\"https:\/\/megapets.eu\/cs\/prislusenstvi\/neutralni-raselina-15-lsubstrat-pro-zmije-a-izopody\/#breadcrumb\"},\"inLanguage\":\"cs\",\"potentialAction\":[{\"@type\":\"ReadAction\",\"target\":[\"https:\/\/megapets.eu\/cs\/prislusenstvi\/neutralni-raselina-15-lsubstrat-pro-zmije-a-izopody\/\"]}]},{\"@type\":\"ImageObject\",\"inLanguage\":\"cs\",\"@id\":\"https:\/\/megapets.eu\/cs\/prislusenstvi\/neutralni-raselina-15-lsubstrat-pro-zmije-a-izopody\/#primaryimage\",\"url\":\"https:\/\/megapets.eu\/wp-content\/uploads\/2024\/10\/IMG_2709-e1728372454631.jpg\",\"contentUrl\":\"https:\/\/megapets.eu\/wp-content\/uploads\/2024\/10\/IMG_2709-e1728372454631.jpg\",\"width\":1621,\"height\":1126},{\"@type\":\"BreadcrumbList\",\"@id\":\"https:\/\/megapets.eu\/cs\/prislusenstvi\/neutralni-raselina-15-lsubstrat-pro-zmije-a-izopody\/#breadcrumb\",\"itemListElement\":[{\"@type\":\"ListItem\",\"position\":1,\"name\":\"Strona g\u0142\u00f3wna\",\"item\":\"https:\/\/megapets.eu\/cs\/\"},{\"@type\":\"ListItem\",\"position\":2,\"name\":\"Obchod\",\"item\":\"https:\/\/megapets.eu\/obchod\/\"},{\"@type\":\"ListItem\",\"position\":3,\"name\":\"Neutr\u00e1ln\u00ed ra\u0161elina 1,5 lSubstr\u00e1t pro zmije a izopody\"}]},{\"@type\":\"WebSite\",\"@id\":\"https:\/\/megapets.eu\/cs\/#website\",\"url\":\"https:\/\/megapets.eu\/cs\/\",\"name\":\"Mega Pets\",\"description\":\"Jedna z najwi\u0119kszych hodowli \u015blimak\u00f3w w Europie\",\"publisher\":{\"@id\":\"https:\/\/megapets.eu\/cs\/#organization\"},\"alternateName\":\"Mega Pets\",\"potentialAction\":[{\"@type\":\"SearchAction\",\"target\":{\"@type\":\"EntryPoint\",\"urlTemplate\":\"https:\/\/megapets.eu\/cs\/?s={search_term_string}\"},\"query-input\":{\"@type\":\"PropertyValueSpecification\",\"valueRequired\":true,\"valueName\":\"search_term_string\"}}],\"inLanguage\":\"cs\"},{\"@type\":\"Organization\",\"@id\":\"https:\/\/megapets.eu\/cs\/#organization\",\"name\":\"Mega Pets\",\"url\":\"https:\/\/megapets.eu\/cs\/\",\"logo\":{\"@type\":\"ImageObject\",\"inLanguage\":\"cs\",\"@id\":\"https:\/\/megapets.eu\/cs\/#\/schema\/logo\/image\/\",\"url\":\"https:\/\/megapets.eu\/wp-content\/uploads\/2025\/04\/megapets_eu-logo.png\",\"contentUrl\":\"https:\/\/megapets.eu\/wp-content\/uploads\/2025\/04\/megapets_eu-logo.png\",\"width\":2362,\"height\":2362,\"caption\":\"Mega Pets\"},\"image\":{\"@id\":\"https:\/\/megapets.eu\/cs\/#\/schema\/logo\/image\/\"},\"sameAs\":[\"https:\/\/www.facebook.com\/MegaPets.eu\/\"]}]}<\/script>\n<!-- \/ Yoast SEO plugin. -->","yoast_head_json":{"title":"Neutr\u00e1ln\u00ed ra\u0161elina 1,5 lSubstr\u00e1t pro zmije a izopody | MegaPets","robots":{"index":"index","follow":"follow","max-snippet":"max-snippet:-1","max-image-preview":"max-image-preview:large","max-video-preview":"max-video-preview:-1"},"canonical":"https:\/\/megapets.eu\/cs\/prislusenstvi\/neutralni-raselina-15-lsubstrat-pro-zmije-a-izopody\/","og_locale":"cs_CZ","og_type":"article","og_title":"Neutr\u00e1ln\u00ed ra\u0161elina 1,5 lSubstr\u00e1t pro zmije a izopody | MegaPets","og_description":"Slo\u017een\u00ed: Balen\u00ed obsahuje: 100% p\u0159\u00edrodn\u00ed neutr\u00e1ln\u00ed ra\u0161elinu  :  Cena plat\u00ed pro: Cena plat\u00ed pro 1 balen\u00ed.","og_url":"https:\/\/megapets.eu\/cs\/prislusenstvi\/neutralni-raselina-15-lsubstrat-pro-zmije-a-izopody\/","og_site_name":"MegaPets","article_publisher":"https:\/\/www.facebook.com\/MegaPets.eu\/","og_image":[{"width":1621,"height":1126,"url":"https:\/\/megapets.eu\/wp-content\/uploads\/2024\/10\/IMG_2709-e1728372454631.jpg","type":"image\/jpeg"}],"twitter_card":"summary_large_image","schema":{"@context":"https:\/\/schema.org","@graph":[{"@type":"WebPage","@id":"https:\/\/megapets.eu\/cs\/prislusenstvi\/neutralni-raselina-15-lsubstrat-pro-zmije-a-izopody\/","url":"https:\/\/megapets.eu\/cs\/prislusenstvi\/neutralni-raselina-15-lsubstrat-pro-zmije-a-izopody\/","name":"Neutr\u00e1ln\u00ed ra\u0161elina 1,5 l Substr\u00e1t pro zmije a izopody | MegaPets","isPartOf":{"@id":"https:\/\/megapets.eu\/cs\/#website"},"primaryImageOfPage":{"@id":"https:\/\/megapets.eu\/cs\/prislusenstvi\/neutralni-raselina-15-lsubstrat-pro-zmije-a-izopody\/#primaryimage"},"image":{"@id":"https:\/\/megapets.eu\/cs\/prislusenstvi\/neutralni-raselina-15-lsubstrat-pro-zmije-a-izopody\/#primaryimage"},"thumbnailUrl":"https:\/\/megapets.eu\/wp-content\/uploads\/2024\/10\/IMG_2709-e1728372454631.jpg","datePublished":"2024-10-04T20:30:18+00:00","breadcrumb":{"@id":"https:\/\/megapets.eu\/cs\/prislusenstvi\/neutralni-raselina-15-lsubstrat-pro-zmije-a-izopody\/#breadcrumb"},"inLanguage":"cs","potentialAction":[{"@type":"ReadAction","target":["https:\/\/megapets.eu\/cs\/prislusenstvi\/neutralni-raselina-15-lsubstrat-pro-zmije-a-izopody\/"]}]},{"@type":"ImageObject","inLanguage":"cs","@id":"https:\/\/megapets.eu\/cs\/prislusenstvi\/neutralni-raselina-15-lsubstrat-pro-zmije-a-izopody\/#primaryimage","url":"https:\/\/megapets.eu\/wp-content\/uploads\/2024\/10\/IMG_2709-e1728372454631.jpg","contentUrl":"https:\/\/megapets.eu\/wp-content\/uploads\/2024\/10\/IMG_2709-e1728372454631.jpg","width":1621,"height":1126},{"@type":"BreadcrumbList","@id":"https:\/\/megapets.eu\/cs\/prislusenstvi\/neutralni-raselina-15-lsubstrat-pro-zmije-a-izopody\/#breadcrumb","itemListElement":[{"@type":"ListItem","position":1,"name":"Strona g\u0142\u00f3wna","item":"https:\/\/megapets.eu\/cs\/"},{"@type":"ListItem","position":2,"name":"Obchod","item":"https:\/\/megapets.eu\/obchod\/"},{"@type":"ListItem","position":3,"name":"Neutr\u00e1ln\u00ed ra\u0161elina 1,5 lSubstr\u00e1t pro zmije a izopody"}]},{"@type":"WebSite","@id":"https:\/\/megapets.eu\/cs\/#website","url":"https:\/\/megapets.eu\/cs\/","name":"Mega Pets","description":"Jedna z najwi\u0119kszych hodowli \u015blimak\u00f3w w Europie","publisher":{"@id":"https:\/\/megapets.eu\/cs\/#organization"},"alternateName":"Mega Pets","potentialAction":[{"@type":"SearchAction","target":{"@type":"EntryPoint","urlTemplate":"https:\/\/megapets.eu\/cs\/?s={search_term_string}"},"query-input":{"@type":"PropertyValueSpecification","valueRequired":true,"valueName":"search_term_string"}}],"inLanguage":"cs"},{"@type":"Organization","@id":"https:\/\/megapets.eu\/cs\/#organization","name":"Mega Pets","url":"https:\/\/megapets.eu\/cs\/","logo":{"@type":"ImageObject","inLanguage":"cs","@id":"https:\/\/megapets.eu\/cs\/#\/schema\/logo\/image\/","url":"https:\/\/megapets.eu\/wp-content\/uploads\/2025\/04\/megapets_eu-logo.png","contentUrl":"https:\/\/megapets.eu\/wp-content\/uploads\/2025\/04\/megapets_eu-logo.png","width":2362,"height":2362,"caption":"Mega Pets"},"image":{"@id":"https:\/\/megapets.eu\/cs\/#\/schema\/logo\/image\/"},"sameAs":["https:\/\/www.facebook.com\/MegaPets.eu\/"]}]}},"_links":{"self":[{"href":"https:\/\/megapets.eu\/cs\/wp-json\/wp\/v2\/product\/6771","targetHints":{"allow":["GET"]}}],"collection":[{"href":"https:\/\/megapets.eu\/cs\/wp-json\/wp\/v2\/product"}],"about":[{"href":"https:\/\/megapets.eu\/cs\/wp-json\/wp\/v2\/types\/product"}],"wp:featuredmedia":[{"embeddable":true,"href":"https:\/\/megapets.eu\/cs\/wp-json\/wp\/v2\/media\/6772"}],"wp:attachment":[{"href":"https:\/\/megapets.eu\/cs\/wp-json\/wp\/v2\/media?parent=6771"}],"wp:term":[{"taxonomy":"product_cat","embeddable":true,"href":"https:\/\/megapets.eu\/cs\/wp-json\/wp\/v2\/product_cat?post=6771"},{"taxonomy":"product_tag","embeddable":true,"href":"https:\/\/megapets.eu\/cs\/wp-json\/wp\/v2\/product_tag?post=6771"}],"curies":[{"name":"wp","href":"https:\/\/api.w.org\/{rel}","templated":true}]}}