{"id":6774,"date":"2024-10-06T08:59:31","date_gmt":"2024-10-06T08:59:31","guid":{"rendered":"https:\/\/megapets.eu\/neza\u0159azen\u00e9\/pseudoglomeris-magnificanejkrasnejsi-exoticti-svabi\/"},"modified":"2024-10-06T08:59:31","modified_gmt":"2024-10-06T08:59:31","slug":"pseudoglomeris-magnificanejkrasnejsi-exoticti-svabi","status":"publish","type":"product","link":"https:\/\/megapets.eu\/cs\/dalsi\/pseudoglomeris-magnificanejkrasnejsi-exoticti-svabi\/","title":{"rendered":"Pseudoglomeris magnifica<br \/>Nejkr\u00e1sn\u011bj\u0161\u00ed exoti\u010dt\u00ed \u0161v\u00e1bi"},"content":{"rendered":"<p class=\"v1v1v1v1MsoNormal\"><span style=\"color: #424242;\"><strong><em><span style=\"font-size: 15px;\"><strong style=\"color: #424242;\"><span class=\"x1xsqp64 xiy17q3 x1o6pynw x19co3pv xdj266r xcwd3tp xat24cr x39eecv x2b8uid\" data-testid=\"emoji\"><span class=\"xexx8yu xn5pp95 x18d9i69 x2fxd7x x3jgonx x1bhl96m\">Exoti\u010dt\u00ed \u0161v\u00e1bi: druh Pseudoglomeris (corydidarum) magnifica<\/span><\/span><\/strong>.<\/span><\/em><\/strong><\/span><\/p>\n<p><strong style=\"color: #424242;\"><em><span style=\"font-size: 15px;\"><strong><span class=\"x1xsqp64 xiy17q3 x1o6pynw x19co3pv xdj266r xcwd3tp xat24cr x39eecv x2b8uid\" data-testid=\"emoji\"><span class=\"xexx8yu xn5pp95 x18d9i69 x2fxd7x x3jgonx x1bhl96m\"><br \/>\n<\/span><\/span><\/strong><\/span><\/em><strong><em><span style=\"font-size: 15px;\"><span class=\"x1xsqp64 xiy17q3 x1o6pynw x19co3pv xdj266r xcwd3tp xat24cr x39eecv x2b8uid\" data-testid=\"emoji\"><span class=\"xexx8yu xn5pp95 x18d9i69 x2fxd7x x3jgonx x1bhl96m\"><span class=\"html-span xexx8yu x4uap5 x18d9i69 xkhd6sd x1hl2dhg x16tdsg8 x1vvkbs x3nfvp2 x1j61x8r x1fcty0u xdj266r xat24cr xgzva0m xhhsvwb xxymvpz xlup9mm x1kky2od\">\ud83d\udc9a\ud83d\udc9a\ud83d\udc9a<\/span><\/span><\/span><\/span><\/em><\/strong><\/strong><strong style=\"color: #424242;\"><em><span style=\"font-size: 15px;\"><strong><span class=\"x1xsqp64 xiy17q3 x1o6pynw x19co3pv xdj266r xcwd3tp xat24cr x39eecv x2b8uid\" data-testid=\"emoji\"><span class=\"xexx8yu xn5pp95 x18d9i69 x2fxd7x x3jgonx x1bhl96m\">Pseudoglomeris <img decoding=\"async\" src=\"https:\/\/static.xx.fbcdn.net\/images\/emoji.php\/v9\/tf9\/1\/16\/1f48e.png\" alt=\"\ud83d\udc8e\" \/> magnifica<span class=\"html-span xexx8yu x4uap5 x18d9i69 xkhd6sd x1hl2dhg x16tdsg8 x1vvkbs x3nfvp2 x1j61x8r x1fcty0u xdj266r xat24cr xgzva0m xhhsvwb xxymvpz xlup9mm x1kky2od\">\ud83d\udc9a\ud83d\udc9a\ud83d\udc9a<\/span><\/span><\/span><\/strong><\/span><\/em><\/strong><strong style=\"color: #424242;\"><em><span style=\"font-size: 15px;\"><strong><span class=\"x1xsqp64 xiy17q3 x1o6pynw x19co3pv xdj266r xcwd3tp xat24cr x39eecv x2b8uid\" data-testid=\"emoji\"><span class=\"xexx8yu xn5pp95 x18d9i69 x2fxd7x x3jgonx x1bhl96m\"> &#8211; nejkr\u00e1sn\u011bj\u0161\u00ed <img loading=\"lazy\" decoding=\"async\" class=\"xz74otr\" src=\"https:\/\/static.xx.fbcdn.net\/images\/emoji.php\/v9\/td9\/1\/16\/1f99a.png\" alt=\"\ud83e\udd9a\" width=\"16\" height=\"16\" \/> exoti\u010dt\u00ed \u0161v\u00e1bi v hobby! <span class=\"html-span xexx8yu x4uap5 x18d9i69 xkhd6sd x1hl2dhg x16tdsg8 x1vvkbs x3nfvp2 x1j61x8r x1fcty0u xdj266r xat24cr xgzva0m xhhsvwb xxymvpz xlup9mm x1kky2od\"><img loading=\"lazy\" decoding=\"async\" class=\"xz74otr\" src=\"https:\/\/static.xx.fbcdn.net\/images\/emoji.php\/v9\/tb4\/1\/16\/2b50.png\" alt=\"\u2b50\ufe0f\" width=\"16\" height=\"16\" \/><\/span><\/span><\/span><\/strong><\/span><\/em><span style=\"font-size: 15px;\"><strong><span class=\"x1xsqp64 xiy17q3 x1o6pynw x19co3pv xdj266r xcwd3tp xat24cr x39eecv x2b8uid\" data-testid=\"emoji\"><span class=\"xexx8yu xn5pp95 x18d9i69 x2fxd7x x3jgonx x1bhl96m\">\u2764\ufe0f<\/span><\/span><\/strong><\/span><\/strong><\/p>\n<p class=\"v1v1v1v1MsoNormal\"><span style=\"color: #424242;\"><strong><em><span style=\"font-size: 15px;\">\ud83d\udc9a\u2764\ufe0f\ud83d\udc9a Hled\u00e1te n\u011bco skv\u011bl\u00e9ho do chovu pro za\u010d\u00e1tek? Exoti\u010dt\u00ed \u0161v\u00e1bi Pseudoglomeris magnifica pro hobby chov. Jsou to nesm\u00edrn\u011b kr\u00e1sn\u00ed a snadno chovateln\u00ed tvorov\u00e9 v ka\u017ed\u00e9 f\u00e1zi sv\u00e9ho v\u00fdvoje, velmi zaj\u00edmav\u00ed na pozorov\u00e1n\u00ed, aktivn\u00ed a kontaktn\u00ed. Pro \u010dlov\u011bka jsou zcela bezpe\u010dn\u00ed, nekou\u0161ou. Maj\u00ed slab\u00e9 \u010delisti, kter\u00e9 jsou uzp\u016fsobeny k rozm\u011bl\u0148ov\u00e1n\u00ed rostlinn\u00e9 hmoty. \u0160v\u00e1bi magnifica d\u00e1vaj\u00ed p\u0159ednost stinn\u00fdm m\u00edst\u016fm a \u017eiv\u00ed se listy, zeleninou, ovocem, s\u00e9pi\u00ed (s\u00e9piovou kost\u00ed) a su\u0161en\u00fdmi kl\u00ed\u010dky gamaruse.<\/span><\/em><\/strong><\/span><\/p>\n<p class=\"v1v1v1v1MsoNormal\"><span style=\"color: #424242;\"><strong><em><span style=\"font-size: 15px;\"><span class=\"x1xsqp64 xiy17q3 x1o6pynw x19co3pv xdj266r xcwd3tp xat24cr x39eecv x2b8uid\" data-testid=\"emoji\"><span class=\"xexx8yu xn5pp95 x18d9i69 x2fxd7x x3jgonx x1bhl96m\"><img decoding=\"async\" src=\"https:\/\/static.xx.fbcdn.net\/images\/emoji.php\/v9\/t1e\/1\/16\/1f33f.png\" alt=\"\ud83c\udf3f\" \/> <\/span><\/span>V\u0161e, co takov\u00fd \u017eivo\u010dich pot\u0159ebuje k \u00fasp\u011b\u0161n\u00e9mu r\u016fstu a \u017eivotu v ter\u00e1riu, je:<\/span><\/em><\/strong><\/span><\/p>\n<p class=\"v1v1v1v1MsoNormal\"><span style=\"color: #008000;\"><strong><em><span style=\"font-size: 15px;\">* <strong><span class=\"x1xsqp64 xiy17q3 x1o6pynw x19co3pv xdj266r xcwd3tp xat24cr x39eecv x2b8uid\" data-testid=\"emoji\"><span class=\"xexx8yu xn5pp95 x18d9i69 x2fxd7x x3jgonx x1bhl96m\">V\u0161e, co takov\u00fd \u017eivo\u010dich pot\u0159ebuje k \u00fasp\u011b\u0161n\u00e9mu r\u016fstu a \u017eivotu v ter\u00e1riu, je:<\/span><\/span><\/strong><\/span><\/em><\/strong><\/span><\/p>\n<p class=\"v1v1v1v1MsoNormal\"><span style=\"color: #008000;\"><strong><em><span style=\"font-size: 15px;\"><strong><span class=\"x1xsqp64 xiy17q3 x1o6pynw x19co3pv xdj266r xcwd3tp xat24cr x39eecv x2b8uid\" data-testid=\"emoji\"><span class=\"xexx8yu xn5pp95 x18d9i69 x2fxd7x x3jgonx x1bhl96m\">* Substr\u00e1t \/ potrava: Substr\u00e1t pro chov exotick\u00fdch \u0161v\u00e1b\u016f;<\/span><\/span><\/strong><\/span><\/em><\/strong><\/span><\/p>\n<p class=\"v1v1v1v1MsoNormal\"><span style=\"color: #008000;\"><strong><em><span style=\"font-size: 15px;\"><strong><span class=\"x1xsqp64 xiy17q3 x1o6pynw x19co3pv xdj266r xcwd3tp xat24cr x39eecv x2b8uid\" data-testid=\"emoji\"><span class=\"xexx8yu xn5pp95 x18d9i69 x2fxd7x x3jgonx x1bhl96m\">* Potrava: \u010cerstv\u00e1 zelenina a ovoce;<\/span><\/span><\/strong><\/span><\/em><\/strong><\/span><\/p>\n<p class=\"v1v1v1v1MsoNormal\"><span style=\"color: #008000;\"><strong><em><span style=\"font-size: 15px;\"><strong><span class=\"x1xsqp64 xiy17q3 x1o6pynw x19co3pv xdj266r xcwd3tp xat24cr x39eecv x2b8uid\" data-testid=\"emoji\"><span class=\"xexx8yu xn5pp95 x18d9i69 x2fxd7x x3jgonx x1bhl96m\">* Potrava: Rozemlet\u00e9 gamarusy jsou su\u0161en\u00e9 kl\u00ed\u010dky bohat\u00e9 na makro- a mikro\u017eiviny, p\u0159irozen\u00fd zdroj \u017eivo\u010di\u0161n\u00fdch b\u00edlkovin a chitinu;<\/span><\/span><\/strong><\/span><\/em><\/strong><\/span><\/p>\n<p class=\"v1v1v1v1MsoNormal\"><span style=\"color: #008000;\"><strong><em><span style=\"font-size: 15px;\"><strong><span class=\"x1xsqp64 xiy17q3 x1o6pynw x19co3pv xdj266r xcwd3tp xat24cr x39eecv x2b8uid\" data-testid=\"emoji\"><span class=\"xexx8yu xn5pp95 x18d9i69 x2fxd7x x3jgonx x1bhl96m\">* Potrava: S\u00e9pie &#8211; s\u00e9piov\u00e1 kost je p\u0159irozen\u00fdm zdrojem v\u00e1pn\u00edku pro terarijn\u00ed zv\u00ed\u0159ata;<\/span><\/span><\/strong><\/span><\/em><\/strong><\/span><\/p>\n<p class=\"v1v1v1v1MsoNormal\"><span style=\"color: #008000;\"><strong><em><span style=\"font-size: 15px;\"><strong><span class=\"x1xsqp64 xiy17q3 x1o6pynw x19co3pv xdj266r xcwd3tp xat24cr x39eecv x2b8uid\" data-testid=\"emoji\"><span class=\"xexx8yu xn5pp95 x18d9i69 x2fxd7x x3jgonx x1bhl96m\">* Terarijn\u00ed: N\u00e1doba na chov;<\/span><\/span><\/strong><\/span><\/em><\/strong><\/span><\/p>\n","protected":false},"excerpt":{"rendered":"<ul class=\"product_attributes\">\n<li><strong>C\u00edlov\u00e1 velikost exempl\u00e1\u0159\u016f:<\/strong> <span style=\"color: #000000;\">cca 2,5 cm<\/span><\/li>\n<li>Nab\u00edzen\u00e1 ml\u00e1\u010fata: <span style=\"color: #000000;\">mix 0,5 -1 cm<\/span><\/li>\n<li>Cena je za sadu: <span style=\"color: #000000;\">6 exempl\u00e1\u0159\u016f<\/span><\/li>\n<\/ul>\n","protected":false},"featured_media":6775,"template":"","meta":{"_acf_changed":false,"_links_to":"","_links_to_target":""},"product_cat":[170],"product_tag":[],"class_list":{"0":"post-6774","1":"product","2":"type-product","3":"status-publish","4":"has-post-thumbnail","6":"product_cat-dalsi","8":"first","9":"instock","10":"shipping-taxable","11":"purchasable","12":"product-type-simple"},"acf":[],"yoast_head":"<!-- This site is optimized with the Yoast SEO plugin v24.9 - https:\/\/yoast.com\/wordpress\/plugins\/seo\/ -->\n<title>Pseudoglomeris magnificaNejkr\u00e1sn\u011bj\u0161\u00ed exoti\u010dt\u00ed \u0161v\u00e1bi | MegaPets<\/title>\n<meta name=\"robots\" content=\"index, follow, max-snippet:-1, max-image-preview:large, max-video-preview:-1\" \/>\n<link rel=\"canonical\" href=\"https:\/\/megapets.eu\/cs\/dalsi\/pseudoglomeris-magnificanejkrasnejsi-exoticti-svabi\/\" \/>\n<meta property=\"og:locale\" content=\"cs_CZ\" \/>\n<meta property=\"og:type\" content=\"article\" \/>\n<meta property=\"og:title\" content=\"Pseudoglomeris magnificaNejkr\u00e1sn\u011bj\u0161\u00ed exoti\u010dt\u00ed \u0161v\u00e1bi | MegaPets\" \/>\n<meta property=\"og:description\" content=\"C\u00edlov\u00e1 velikost exempl\u00e1\u0159\u016f: cca 2,5 cm  Nab\u00edzen\u00e1 ml\u00e1\u010fata: mix 0,5 -1 cm  Cena je za sadu: 6 exempl\u00e1\u0159\u016f\" \/>\n<meta property=\"og:url\" content=\"https:\/\/megapets.eu\/cs\/dalsi\/pseudoglomeris-magnificanejkrasnejsi-exoticti-svabi\/\" \/>\n<meta property=\"og:site_name\" content=\"MegaPets\" \/>\n<meta property=\"article:publisher\" content=\"https:\/\/www.facebook.com\/MegaPets.eu\/\" \/>\n<meta property=\"og:image\" content=\"https:\/\/megapets.eu\/wp-content\/uploads\/2024\/10\/45643-1024x768.png\" \/>\n\t<meta property=\"og:image:width\" content=\"1024\" \/>\n\t<meta property=\"og:image:height\" content=\"768\" \/>\n\t<meta property=\"og:image:type\" content=\"image\/png\" \/>\n<meta name=\"twitter:card\" content=\"summary_large_image\" \/>\n<meta name=\"twitter:label1\" content=\"Odhadovan\u00e1 doba \u010dten\u00ed\" \/>\n\t<meta name=\"twitter:data1\" content=\"1 minuta\" \/>\n<script type=\"application\/ld+json\" class=\"yoast-schema-graph\">{\"@context\":\"https:\/\/schema.org\",\"@graph\":[{\"@type\":\"WebPage\",\"@id\":\"https:\/\/megapets.eu\/cs\/dalsi\/pseudoglomeris-magnificanejkrasnejsi-exoticti-svabi\/\",\"url\":\"https:\/\/megapets.eu\/cs\/dalsi\/pseudoglomeris-magnificanejkrasnejsi-exoticti-svabi\/\",\"name\":\"Pseudoglomeris magnifica Nejkr\u00e1sn\u011bj\u0161\u00ed exoti\u010dt\u00ed \u0161v\u00e1bi | MegaPets\",\"isPartOf\":{\"@id\":\"https:\/\/megapets.eu\/cs\/#website\"},\"primaryImageOfPage\":{\"@id\":\"https:\/\/megapets.eu\/cs\/dalsi\/pseudoglomeris-magnificanejkrasnejsi-exoticti-svabi\/#primaryimage\"},\"image\":{\"@id\":\"https:\/\/megapets.eu\/cs\/dalsi\/pseudoglomeris-magnificanejkrasnejsi-exoticti-svabi\/#primaryimage\"},\"thumbnailUrl\":\"https:\/\/megapets.eu\/wp-content\/uploads\/2024\/10\/45643.png\",\"datePublished\":\"2024-10-06T08:59:31+00:00\",\"breadcrumb\":{\"@id\":\"https:\/\/megapets.eu\/cs\/dalsi\/pseudoglomeris-magnificanejkrasnejsi-exoticti-svabi\/#breadcrumb\"},\"inLanguage\":\"cs\",\"potentialAction\":[{\"@type\":\"ReadAction\",\"target\":[\"https:\/\/megapets.eu\/cs\/dalsi\/pseudoglomeris-magnificanejkrasnejsi-exoticti-svabi\/\"]}]},{\"@type\":\"ImageObject\",\"inLanguage\":\"cs\",\"@id\":\"https:\/\/megapets.eu\/cs\/dalsi\/pseudoglomeris-magnificanejkrasnejsi-exoticti-svabi\/#primaryimage\",\"url\":\"https:\/\/megapets.eu\/wp-content\/uploads\/2024\/10\/45643.png\",\"contentUrl\":\"https:\/\/megapets.eu\/wp-content\/uploads\/2024\/10\/45643.png\",\"width\":4000,\"height\":3000},{\"@type\":\"BreadcrumbList\",\"@id\":\"https:\/\/megapets.eu\/cs\/dalsi\/pseudoglomeris-magnificanejkrasnejsi-exoticti-svabi\/#breadcrumb\",\"itemListElement\":[{\"@type\":\"ListItem\",\"position\":1,\"name\":\"Strona g\u0142\u00f3wna\",\"item\":\"https:\/\/megapets.eu\/cs\/\"},{\"@type\":\"ListItem\",\"position\":2,\"name\":\"Obchod\",\"item\":\"https:\/\/megapets.eu\/obchod\/\"},{\"@type\":\"ListItem\",\"position\":3,\"name\":\"Pseudoglomeris magnificaNejkr\u00e1sn\u011bj\u0161\u00ed exoti\u010dt\u00ed \u0161v\u00e1bi\"}]},{\"@type\":\"WebSite\",\"@id\":\"https:\/\/megapets.eu\/cs\/#website\",\"url\":\"https:\/\/megapets.eu\/cs\/\",\"name\":\"Mega Pets\",\"description\":\"Jedna z najwi\u0119kszych hodowli \u015blimak\u00f3w w Europie\",\"publisher\":{\"@id\":\"https:\/\/megapets.eu\/cs\/#organization\"},\"alternateName\":\"Mega Pets\",\"potentialAction\":[{\"@type\":\"SearchAction\",\"target\":{\"@type\":\"EntryPoint\",\"urlTemplate\":\"https:\/\/megapets.eu\/cs\/?s={search_term_string}\"},\"query-input\":{\"@type\":\"PropertyValueSpecification\",\"valueRequired\":true,\"valueName\":\"search_term_string\"}}],\"inLanguage\":\"cs\"},{\"@type\":\"Organization\",\"@id\":\"https:\/\/megapets.eu\/cs\/#organization\",\"name\":\"Mega Pets\",\"url\":\"https:\/\/megapets.eu\/cs\/\",\"logo\":{\"@type\":\"ImageObject\",\"inLanguage\":\"cs\",\"@id\":\"https:\/\/megapets.eu\/cs\/#\/schema\/logo\/image\/\",\"url\":\"https:\/\/megapets.eu\/wp-content\/uploads\/2025\/04\/megapets_eu-logo.png\",\"contentUrl\":\"https:\/\/megapets.eu\/wp-content\/uploads\/2025\/04\/megapets_eu-logo.png\",\"width\":2362,\"height\":2362,\"caption\":\"Mega Pets\"},\"image\":{\"@id\":\"https:\/\/megapets.eu\/cs\/#\/schema\/logo\/image\/\"},\"sameAs\":[\"https:\/\/www.facebook.com\/MegaPets.eu\/\"]}]}<\/script>\n<!-- \/ Yoast SEO plugin. -->","yoast_head_json":{"title":"Pseudoglomeris magnificaNejkr\u00e1sn\u011bj\u0161\u00ed exoti\u010dt\u00ed \u0161v\u00e1bi | MegaPets","robots":{"index":"index","follow":"follow","max-snippet":"max-snippet:-1","max-image-preview":"max-image-preview:large","max-video-preview":"max-video-preview:-1"},"canonical":"https:\/\/megapets.eu\/cs\/dalsi\/pseudoglomeris-magnificanejkrasnejsi-exoticti-svabi\/","og_locale":"cs_CZ","og_type":"article","og_title":"Pseudoglomeris magnificaNejkr\u00e1sn\u011bj\u0161\u00ed exoti\u010dt\u00ed \u0161v\u00e1bi | MegaPets","og_description":"C\u00edlov\u00e1 velikost exempl\u00e1\u0159\u016f: cca 2,5 cm  Nab\u00edzen\u00e1 ml\u00e1\u010fata: mix 0,5 -1 cm  Cena je za sadu: 6 exempl\u00e1\u0159\u016f","og_url":"https:\/\/megapets.eu\/cs\/dalsi\/pseudoglomeris-magnificanejkrasnejsi-exoticti-svabi\/","og_site_name":"MegaPets","article_publisher":"https:\/\/www.facebook.com\/MegaPets.eu\/","og_image":[{"width":1024,"height":768,"url":"https:\/\/megapets.eu\/wp-content\/uploads\/2024\/10\/45643-1024x768.png","type":"image\/png"}],"twitter_card":"summary_large_image","twitter_misc":{"Odhadovan\u00e1 doba \u010dten\u00ed":"1 minuta"},"schema":{"@context":"https:\/\/schema.org","@graph":[{"@type":"WebPage","@id":"https:\/\/megapets.eu\/cs\/dalsi\/pseudoglomeris-magnificanejkrasnejsi-exoticti-svabi\/","url":"https:\/\/megapets.eu\/cs\/dalsi\/pseudoglomeris-magnificanejkrasnejsi-exoticti-svabi\/","name":"Pseudoglomeris magnifica Nejkr\u00e1sn\u011bj\u0161\u00ed exoti\u010dt\u00ed \u0161v\u00e1bi | MegaPets","isPartOf":{"@id":"https:\/\/megapets.eu\/cs\/#website"},"primaryImageOfPage":{"@id":"https:\/\/megapets.eu\/cs\/dalsi\/pseudoglomeris-magnificanejkrasnejsi-exoticti-svabi\/#primaryimage"},"image":{"@id":"https:\/\/megapets.eu\/cs\/dalsi\/pseudoglomeris-magnificanejkrasnejsi-exoticti-svabi\/#primaryimage"},"thumbnailUrl":"https:\/\/megapets.eu\/wp-content\/uploads\/2024\/10\/45643.png","datePublished":"2024-10-06T08:59:31+00:00","breadcrumb":{"@id":"https:\/\/megapets.eu\/cs\/dalsi\/pseudoglomeris-magnificanejkrasnejsi-exoticti-svabi\/#breadcrumb"},"inLanguage":"cs","potentialAction":[{"@type":"ReadAction","target":["https:\/\/megapets.eu\/cs\/dalsi\/pseudoglomeris-magnificanejkrasnejsi-exoticti-svabi\/"]}]},{"@type":"ImageObject","inLanguage":"cs","@id":"https:\/\/megapets.eu\/cs\/dalsi\/pseudoglomeris-magnificanejkrasnejsi-exoticti-svabi\/#primaryimage","url":"https:\/\/megapets.eu\/wp-content\/uploads\/2024\/10\/45643.png","contentUrl":"https:\/\/megapets.eu\/wp-content\/uploads\/2024\/10\/45643.png","width":4000,"height":3000},{"@type":"BreadcrumbList","@id":"https:\/\/megapets.eu\/cs\/dalsi\/pseudoglomeris-magnificanejkrasnejsi-exoticti-svabi\/#breadcrumb","itemListElement":[{"@type":"ListItem","position":1,"name":"Strona g\u0142\u00f3wna","item":"https:\/\/megapets.eu\/cs\/"},{"@type":"ListItem","position":2,"name":"Obchod","item":"https:\/\/megapets.eu\/obchod\/"},{"@type":"ListItem","position":3,"name":"Pseudoglomeris magnificaNejkr\u00e1sn\u011bj\u0161\u00ed exoti\u010dt\u00ed \u0161v\u00e1bi"}]},{"@type":"WebSite","@id":"https:\/\/megapets.eu\/cs\/#website","url":"https:\/\/megapets.eu\/cs\/","name":"Mega Pets","description":"Jedna z najwi\u0119kszych hodowli \u015blimak\u00f3w w Europie","publisher":{"@id":"https:\/\/megapets.eu\/cs\/#organization"},"alternateName":"Mega Pets","potentialAction":[{"@type":"SearchAction","target":{"@type":"EntryPoint","urlTemplate":"https:\/\/megapets.eu\/cs\/?s={search_term_string}"},"query-input":{"@type":"PropertyValueSpecification","valueRequired":true,"valueName":"search_term_string"}}],"inLanguage":"cs"},{"@type":"Organization","@id":"https:\/\/megapets.eu\/cs\/#organization","name":"Mega Pets","url":"https:\/\/megapets.eu\/cs\/","logo":{"@type":"ImageObject","inLanguage":"cs","@id":"https:\/\/megapets.eu\/cs\/#\/schema\/logo\/image\/","url":"https:\/\/megapets.eu\/wp-content\/uploads\/2025\/04\/megapets_eu-logo.png","contentUrl":"https:\/\/megapets.eu\/wp-content\/uploads\/2025\/04\/megapets_eu-logo.png","width":2362,"height":2362,"caption":"Mega Pets"},"image":{"@id":"https:\/\/megapets.eu\/cs\/#\/schema\/logo\/image\/"},"sameAs":["https:\/\/www.facebook.com\/MegaPets.eu\/"]}]}},"_links":{"self":[{"href":"https:\/\/megapets.eu\/cs\/wp-json\/wp\/v2\/product\/6774","targetHints":{"allow":["GET"]}}],"collection":[{"href":"https:\/\/megapets.eu\/cs\/wp-json\/wp\/v2\/product"}],"about":[{"href":"https:\/\/megapets.eu\/cs\/wp-json\/wp\/v2\/types\/product"}],"wp:featuredmedia":[{"embeddable":true,"href":"https:\/\/megapets.eu\/cs\/wp-json\/wp\/v2\/media\/6775"}],"wp:attachment":[{"href":"https:\/\/megapets.eu\/cs\/wp-json\/wp\/v2\/media?parent=6774"}],"wp:term":[{"taxonomy":"product_cat","embeddable":true,"href":"https:\/\/megapets.eu\/cs\/wp-json\/wp\/v2\/product_cat?post=6774"},{"taxonomy":"product_tag","embeddable":true,"href":"https:\/\/megapets.eu\/cs\/wp-json\/wp\/v2\/product_tag?post=6774"}],"curies":[{"name":"wp","href":"https:\/\/api.w.org\/{rel}","templated":true}]}}