{"id":6795,"date":"2024-10-04T20:06:20","date_gmt":"2024-10-04T20:06:20","guid":{"rendered":"https:\/\/megapets.eu\/neza\u0159azen\u00e9\/kokosovy-substrat-15-lkokosova-raselina-pro-sneky\/"},"modified":"2024-10-04T20:06:20","modified_gmt":"2024-10-04T20:06:20","slug":"kokosovy-substrat-15-lkokosova-raselina-pro-sneky","status":"publish","type":"product","link":"https:\/\/megapets.eu\/cs\/prislusenstvi\/kokosovy-substrat-15-lkokosova-raselina-pro-sneky\/","title":{"rendered":"Kokosov\u00fd substr\u00e1t 1,5 l<br \/>Kokosov\u00e1 ra\u0161elina pro \u0161neky"},"content":{"rendered":"<p><strong><span style=\"color: #e87020; font-size: 15px;\"><em>Kokosov\u00fd substr\u00e1t 1,5 l \/ Kokosov\u00e1 ra\u0161elina pro \u0161neky<\/em><\/span><\/strong><\/p>\n<p><strong><span style=\"color: #e87020; font-size: 15px;\"><em>Jedno balen\u00ed obsahuje 1,5 l.<\/em><\/span><\/strong><\/p>\n<p><strong><span style=\"color: #e87020; font-size: 15px;\"><em>Slo\u017een\u00ed: Slo\u017een\u00ed: 100% p\u0159\u00edrodn\u00ed kokosov\u00e1 ra\u0161elina.<\/em><\/span><\/strong><\/p>\n<p><strong><span style=\"color: #e87020; font-size: 15px;\"><em>Cena je za 1 balen\u00ed.<\/em><\/span><\/strong><\/p>\n<p><em><span style=\"color: #424242;\"><strong><span style=\"font-size: 15px;\">Kokosov\u00fd substr\u00e1t je p\u0159\u00edrodn\u00ed substr\u00e1t vyroben\u00fd z drcen\u00fdch kokosov\u00fdch vl\u00e1ken. Nejdoporu\u010dovan\u011bj\u0161\u00ed substr\u00e1t pro chov exotick\u00fdch \u0161nek\u016f. Pou\u017e\u00edv\u00e1 se tak\u00e9 v ter\u00e1ri\u00edch s pavouky, exotick\u00fdmi \u0161v\u00e1by, oboj\u017eiveln\u00edky, plazy atd. <\/span><\/strong><\/span><\/em><\/p>\n<p><em><span style=\"color: #424242;\"><strong><span style=\"font-size: 15px;\">Zp\u016fsoby pou\u017eit\u00ed kokosov\u00e9ho substr\u00e1tu pro chov \u0161nek\u016f: <\/span><\/strong><\/span><\/em><\/p>\n<p><em><span style=\"color: #424242;\"><strong><span style=\"font-size: 15px;\">1) Substr\u00e1t rozprost\u0159ete v ter\u00e1riu v tlou\u0161\u0165ce asi 2 cm a pot\u00e9 jej post\u0159\u00edkejte jarovou vodou. <\/span><\/strong><\/span><\/em><\/p>\n<p><em><span style=\"color: #424242;\"><strong><span style=\"font-size: 15px;\">2) Jako podkladov\u00e9 vrstvy pou\u017eijte v n\u00e1dr\u017ei pap\u00edrovou ut\u011brku ze 100% celul\u00f3zy (bez z\u00e1pachu, nebarvenou), kterou pak v n\u00e1dr\u017ei \u010d\u00e1ste\u010dn\u011b pokryjte mal\u00fdm mno\u017estv\u00edm kokosov\u00e9ho substr\u00e1tu. Cel\u00e9 to lehce post\u0159\u00edkejte jarovou vodou. Jednou z v\u00fdhod kokosov\u00e9ho substr\u00e1tu v kombinaci s pap\u00edrovou ut\u011brkou je, \u017ee m\u016f\u017eete snadn\u011bji kontrolovat spr\u00e1vnou vlhkost a udr\u017eovat zv\u00ed\u0159e v \u010distot\u011b. \u0160neci tento zp\u016fsob podest\u00fdlky toleruj\u00ed a vykazuj\u00ed lep\u0161\u00ed v\u00fdsledky, pokud jde o r\u016fst, zdrav\u00ed a kr\u00e1su ulity. Podest\u00fdlku je t\u0159eba ka\u017ed\u00e9 3-4 dny vym\u011bnit za \u010derstvou.<\/span><\/strong><\/span><\/em><\/p>\n","protected":false},"excerpt":{"rendered":"<ul class=\"product_attributes\">\n<li><span style=\"color: #555555;\">Slo\u017een\u00ed:<\/span> Balen\u00ed obsahuje: 100% p\u0159\u00edrodn\u00ed kokosovou ra\u0161elinu<\/li>\n<li><span style=\"color: #555555;\">:<\/span><\/li>\n<li><span style=\"color: #555555;\"> Cena plat\u00ed pro:<\/span> Cena plat\u00ed pro 1 balen\u00ed.<\/li>\n<\/ul>\n","protected":false},"featured_media":6758,"template":"","meta":{"_acf_changed":false,"_links_to":"","_links_to_target":""},"product_cat":[163],"product_tag":[164,166,167],"class_list":{"0":"post-6795","1":"product","2":"type-product","3":"status-publish","4":"has-post-thumbnail","6":"product_cat-prislusenstvi","7":"product_tag-pro-hlemyzde","8":"product_tag-pro-izopody","9":"product_tag-pro-svaby","11":"first","12":"instock","13":"shipping-taxable","14":"purchasable","15":"product-type-simple"},"acf":[],"yoast_head":"<!-- This site is optimized with the Yoast SEO plugin v24.9 - https:\/\/yoast.com\/wordpress\/plugins\/seo\/ -->\n<title>Kokosov\u00fd substr\u00e1t 1,5 lKokosov\u00e1 ra\u0161elina pro \u0161neky | MegaPets<\/title>\n<meta name=\"robots\" content=\"index, follow, max-snippet:-1, max-image-preview:large, max-video-preview:-1\" \/>\n<link rel=\"canonical\" href=\"https:\/\/megapets.eu\/cs\/prislusenstvi\/kokosovy-substrat-15-lkokosova-raselina-pro-sneky\/\" \/>\n<meta property=\"og:locale\" content=\"cs_CZ\" \/>\n<meta property=\"og:type\" content=\"article\" \/>\n<meta property=\"og:title\" content=\"Kokosov\u00fd substr\u00e1t 1,5 lKokosov\u00e1 ra\u0161elina pro \u0161neky | MegaPets\" \/>\n<meta property=\"og:description\" content=\"Slo\u017een\u00ed: Balen\u00ed obsahuje: 100% p\u0159\u00edrodn\u00ed kokosovou ra\u0161elinu  :  Cena plat\u00ed pro: Cena plat\u00ed pro 1 balen\u00ed.\" \/>\n<meta property=\"og:url\" content=\"https:\/\/megapets.eu\/cs\/prislusenstvi\/kokosovy-substrat-15-lkokosova-raselina-pro-sneky\/\" \/>\n<meta property=\"og:site_name\" content=\"MegaPets\" \/>\n<meta property=\"article:publisher\" content=\"https:\/\/www.facebook.com\/MegaPets.eu\/\" \/>\n<meta property=\"og:image\" content=\"https:\/\/megapets.eu\/wp-content\/uploads\/2024\/10\/IMG_20220521_131428.jpg\" \/>\n\t<meta property=\"og:image:width\" content=\"982\" \/>\n\t<meta property=\"og:image:height\" content=\"818\" \/>\n\t<meta property=\"og:image:type\" content=\"image\/jpeg\" \/>\n<meta name=\"twitter:card\" content=\"summary_large_image\" \/>\n<meta name=\"twitter:label1\" content=\"Odhadovan\u00e1 doba \u010dten\u00ed\" \/>\n\t<meta name=\"twitter:data1\" content=\"1 minuta\" \/>\n<script type=\"application\/ld+json\" class=\"yoast-schema-graph\">{\"@context\":\"https:\/\/schema.org\",\"@graph\":[{\"@type\":\"WebPage\",\"@id\":\"https:\/\/megapets.eu\/cs\/prislusenstvi\/kokosovy-substrat-15-lkokosova-raselina-pro-sneky\/\",\"url\":\"https:\/\/megapets.eu\/cs\/prislusenstvi\/kokosovy-substrat-15-lkokosova-raselina-pro-sneky\/\",\"name\":\"Kokosov\u00fd substr\u00e1t 1,5 l Kokosov\u00e1 ra\u0161elina pro \u0161neky | MegaPets\",\"isPartOf\":{\"@id\":\"https:\/\/megapets.eu\/cs\/#website\"},\"primaryImageOfPage\":{\"@id\":\"https:\/\/megapets.eu\/cs\/prislusenstvi\/kokosovy-substrat-15-lkokosova-raselina-pro-sneky\/#primaryimage\"},\"image\":{\"@id\":\"https:\/\/megapets.eu\/cs\/prislusenstvi\/kokosovy-substrat-15-lkokosova-raselina-pro-sneky\/#primaryimage\"},\"thumbnailUrl\":\"https:\/\/megapets.eu\/wp-content\/uploads\/2024\/10\/IMG_20220521_131428.jpg\",\"datePublished\":\"2024-10-04T20:06:20+00:00\",\"breadcrumb\":{\"@id\":\"https:\/\/megapets.eu\/cs\/prislusenstvi\/kokosovy-substrat-15-lkokosova-raselina-pro-sneky\/#breadcrumb\"},\"inLanguage\":\"cs\",\"potentialAction\":[{\"@type\":\"ReadAction\",\"target\":[\"https:\/\/megapets.eu\/cs\/prislusenstvi\/kokosovy-substrat-15-lkokosova-raselina-pro-sneky\/\"]}]},{\"@type\":\"ImageObject\",\"inLanguage\":\"cs\",\"@id\":\"https:\/\/megapets.eu\/cs\/prislusenstvi\/kokosovy-substrat-15-lkokosova-raselina-pro-sneky\/#primaryimage\",\"url\":\"https:\/\/megapets.eu\/wp-content\/uploads\/2024\/10\/IMG_20220521_131428.jpg\",\"contentUrl\":\"https:\/\/megapets.eu\/wp-content\/uploads\/2024\/10\/IMG_20220521_131428.jpg\",\"width\":982,\"height\":818},{\"@type\":\"BreadcrumbList\",\"@id\":\"https:\/\/megapets.eu\/cs\/prislusenstvi\/kokosovy-substrat-15-lkokosova-raselina-pro-sneky\/#breadcrumb\",\"itemListElement\":[{\"@type\":\"ListItem\",\"position\":1,\"name\":\"Strona g\u0142\u00f3wna\",\"item\":\"https:\/\/megapets.eu\/cs\/\"},{\"@type\":\"ListItem\",\"position\":2,\"name\":\"Obchod\",\"item\":\"https:\/\/megapets.eu\/obchod\/\"},{\"@type\":\"ListItem\",\"position\":3,\"name\":\"Kokosov\u00fd substr\u00e1t 1,5 lKokosov\u00e1 ra\u0161elina pro \u0161neky\"}]},{\"@type\":\"WebSite\",\"@id\":\"https:\/\/megapets.eu\/cs\/#website\",\"url\":\"https:\/\/megapets.eu\/cs\/\",\"name\":\"Mega Pets\",\"description\":\"Jedna z najwi\u0119kszych hodowli \u015blimak\u00f3w w Europie\",\"publisher\":{\"@id\":\"https:\/\/megapets.eu\/cs\/#organization\"},\"alternateName\":\"Mega Pets\",\"potentialAction\":[{\"@type\":\"SearchAction\",\"target\":{\"@type\":\"EntryPoint\",\"urlTemplate\":\"https:\/\/megapets.eu\/cs\/?s={search_term_string}\"},\"query-input\":{\"@type\":\"PropertyValueSpecification\",\"valueRequired\":true,\"valueName\":\"search_term_string\"}}],\"inLanguage\":\"cs\"},{\"@type\":\"Organization\",\"@id\":\"https:\/\/megapets.eu\/cs\/#organization\",\"name\":\"Mega Pets\",\"url\":\"https:\/\/megapets.eu\/cs\/\",\"logo\":{\"@type\":\"ImageObject\",\"inLanguage\":\"cs\",\"@id\":\"https:\/\/megapets.eu\/cs\/#\/schema\/logo\/image\/\",\"url\":\"https:\/\/megapets.eu\/wp-content\/uploads\/2025\/04\/megapets_eu-logo.png\",\"contentUrl\":\"https:\/\/megapets.eu\/wp-content\/uploads\/2025\/04\/megapets_eu-logo.png\",\"width\":2362,\"height\":2362,\"caption\":\"Mega Pets\"},\"image\":{\"@id\":\"https:\/\/megapets.eu\/cs\/#\/schema\/logo\/image\/\"},\"sameAs\":[\"https:\/\/www.facebook.com\/MegaPets.eu\/\"]}]}<\/script>\n<!-- \/ Yoast SEO plugin. -->","yoast_head_json":{"title":"Kokosov\u00fd substr\u00e1t 1,5 lKokosov\u00e1 ra\u0161elina pro \u0161neky | MegaPets","robots":{"index":"index","follow":"follow","max-snippet":"max-snippet:-1","max-image-preview":"max-image-preview:large","max-video-preview":"max-video-preview:-1"},"canonical":"https:\/\/megapets.eu\/cs\/prislusenstvi\/kokosovy-substrat-15-lkokosova-raselina-pro-sneky\/","og_locale":"cs_CZ","og_type":"article","og_title":"Kokosov\u00fd substr\u00e1t 1,5 lKokosov\u00e1 ra\u0161elina pro \u0161neky | MegaPets","og_description":"Slo\u017een\u00ed: Balen\u00ed obsahuje: 100% p\u0159\u00edrodn\u00ed kokosovou ra\u0161elinu  :  Cena plat\u00ed pro: Cena plat\u00ed pro 1 balen\u00ed.","og_url":"https:\/\/megapets.eu\/cs\/prislusenstvi\/kokosovy-substrat-15-lkokosova-raselina-pro-sneky\/","og_site_name":"MegaPets","article_publisher":"https:\/\/www.facebook.com\/MegaPets.eu\/","og_image":[{"width":982,"height":818,"url":"https:\/\/megapets.eu\/wp-content\/uploads\/2024\/10\/IMG_20220521_131428.jpg","type":"image\/jpeg"}],"twitter_card":"summary_large_image","twitter_misc":{"Odhadovan\u00e1 doba \u010dten\u00ed":"1 minuta"},"schema":{"@context":"https:\/\/schema.org","@graph":[{"@type":"WebPage","@id":"https:\/\/megapets.eu\/cs\/prislusenstvi\/kokosovy-substrat-15-lkokosova-raselina-pro-sneky\/","url":"https:\/\/megapets.eu\/cs\/prislusenstvi\/kokosovy-substrat-15-lkokosova-raselina-pro-sneky\/","name":"Kokosov\u00fd substr\u00e1t 1,5 l Kokosov\u00e1 ra\u0161elina pro \u0161neky | MegaPets","isPartOf":{"@id":"https:\/\/megapets.eu\/cs\/#website"},"primaryImageOfPage":{"@id":"https:\/\/megapets.eu\/cs\/prislusenstvi\/kokosovy-substrat-15-lkokosova-raselina-pro-sneky\/#primaryimage"},"image":{"@id":"https:\/\/megapets.eu\/cs\/prislusenstvi\/kokosovy-substrat-15-lkokosova-raselina-pro-sneky\/#primaryimage"},"thumbnailUrl":"https:\/\/megapets.eu\/wp-content\/uploads\/2024\/10\/IMG_20220521_131428.jpg","datePublished":"2024-10-04T20:06:20+00:00","breadcrumb":{"@id":"https:\/\/megapets.eu\/cs\/prislusenstvi\/kokosovy-substrat-15-lkokosova-raselina-pro-sneky\/#breadcrumb"},"inLanguage":"cs","potentialAction":[{"@type":"ReadAction","target":["https:\/\/megapets.eu\/cs\/prislusenstvi\/kokosovy-substrat-15-lkokosova-raselina-pro-sneky\/"]}]},{"@type":"ImageObject","inLanguage":"cs","@id":"https:\/\/megapets.eu\/cs\/prislusenstvi\/kokosovy-substrat-15-lkokosova-raselina-pro-sneky\/#primaryimage","url":"https:\/\/megapets.eu\/wp-content\/uploads\/2024\/10\/IMG_20220521_131428.jpg","contentUrl":"https:\/\/megapets.eu\/wp-content\/uploads\/2024\/10\/IMG_20220521_131428.jpg","width":982,"height":818},{"@type":"BreadcrumbList","@id":"https:\/\/megapets.eu\/cs\/prislusenstvi\/kokosovy-substrat-15-lkokosova-raselina-pro-sneky\/#breadcrumb","itemListElement":[{"@type":"ListItem","position":1,"name":"Strona g\u0142\u00f3wna","item":"https:\/\/megapets.eu\/cs\/"},{"@type":"ListItem","position":2,"name":"Obchod","item":"https:\/\/megapets.eu\/obchod\/"},{"@type":"ListItem","position":3,"name":"Kokosov\u00fd substr\u00e1t 1,5 lKokosov\u00e1 ra\u0161elina pro \u0161neky"}]},{"@type":"WebSite","@id":"https:\/\/megapets.eu\/cs\/#website","url":"https:\/\/megapets.eu\/cs\/","name":"Mega Pets","description":"Jedna z najwi\u0119kszych hodowli \u015blimak\u00f3w w Europie","publisher":{"@id":"https:\/\/megapets.eu\/cs\/#organization"},"alternateName":"Mega Pets","potentialAction":[{"@type":"SearchAction","target":{"@type":"EntryPoint","urlTemplate":"https:\/\/megapets.eu\/cs\/?s={search_term_string}"},"query-input":{"@type":"PropertyValueSpecification","valueRequired":true,"valueName":"search_term_string"}}],"inLanguage":"cs"},{"@type":"Organization","@id":"https:\/\/megapets.eu\/cs\/#organization","name":"Mega Pets","url":"https:\/\/megapets.eu\/cs\/","logo":{"@type":"ImageObject","inLanguage":"cs","@id":"https:\/\/megapets.eu\/cs\/#\/schema\/logo\/image\/","url":"https:\/\/megapets.eu\/wp-content\/uploads\/2025\/04\/megapets_eu-logo.png","contentUrl":"https:\/\/megapets.eu\/wp-content\/uploads\/2025\/04\/megapets_eu-logo.png","width":2362,"height":2362,"caption":"Mega Pets"},"image":{"@id":"https:\/\/megapets.eu\/cs\/#\/schema\/logo\/image\/"},"sameAs":["https:\/\/www.facebook.com\/MegaPets.eu\/"]}]}},"_links":{"self":[{"href":"https:\/\/megapets.eu\/cs\/wp-json\/wp\/v2\/product\/6795","targetHints":{"allow":["GET"]}}],"collection":[{"href":"https:\/\/megapets.eu\/cs\/wp-json\/wp\/v2\/product"}],"about":[{"href":"https:\/\/megapets.eu\/cs\/wp-json\/wp\/v2\/types\/product"}],"wp:featuredmedia":[{"embeddable":true,"href":"https:\/\/megapets.eu\/cs\/wp-json\/wp\/v2\/media\/6758"}],"wp:attachment":[{"href":"https:\/\/megapets.eu\/cs\/wp-json\/wp\/v2\/media?parent=6795"}],"wp:term":[{"taxonomy":"product_cat","embeddable":true,"href":"https:\/\/megapets.eu\/cs\/wp-json\/wp\/v2\/product_cat?post=6795"},{"taxonomy":"product_tag","embeddable":true,"href":"https:\/\/megapets.eu\/cs\/wp-json\/wp\/v2\/product_tag?post=6795"}],"curies":[{"name":"wp","href":"https:\/\/api.w.org\/{rel}","templated":true}]}}