{"id":6799,"date":"2024-10-08T08:29:19","date_gmt":"2024-10-08T08:29:19","guid":{"rendered":"https:\/\/megapets.eu\/neza\u0159azen\u00e9\/mech-sphagnum-250-mlna-zmije-izopody-svaby\/"},"modified":"2024-10-08T08:29:19","modified_gmt":"2024-10-08T08:29:19","slug":"mech-sphagnum-250-mlna-zmije-izopody-svaby","status":"publish","type":"product","link":"https:\/\/megapets.eu\/cs\/prislusenstvi\/mech-sphagnum-250-mlna-zmije-izopody-svaby\/","title":{"rendered":"Mech Sphagnum 250 ml<br \/>na zmije, izopody, \u0161v\u00e1by"},"content":{"rendered":"<p><strong><span style=\"color: #e87020; font-size: 15px;\"><em><span style=\"color: #e87020;\"><span style=\"font-size: 15px;\">Mech Sphagnum 250 ml<\/span><\/span> pro<span style=\"color: #e87020;\"> zmijovce,<\/span> izopody, \u0161v\u00e1by<\/em><\/span><\/strong><\/p>\n<p><strong><span style=\"color: #e87020; font-size: 15px;\"><em>Jedno balen\u00ed obsahuje 250 ml, tepeln\u011b upraven\u00fd mech. <\/em><\/span><\/strong><\/p>\n<p><strong><span style=\"color: #e87020; font-size: 15px;\"><em>Cena je uvedena za 1 balen\u00ed.<\/em><\/span><\/strong><\/p>\n<p><em><span style=\"color: #424242;\"><strong><span style=\"font-size: 15px;\">Sfagnov\u00fd mech, zn\u00e1m\u00fd tak\u00e9 jako ra\u0161elinov\u00fd mech, je p\u0159\u00edrodn\u00ed, vynikaj\u00edc\u00ed p\u0159\u00edsada do substr\u00e1tu pro zmije, krokod\u00fdly, \u0161v\u00e1by a izopody (pralesni\u010dky, va\u010dnatce), plazy, oboj\u017eiveln\u00edky a je hojn\u011b vyu\u017e\u00edv\u00e1n v zahradnictv\u00ed, p\u0159i p\u011bstov\u00e1n\u00ed rostlin a v teraristice. D\u00edky sv\u00fdm jedine\u010dn\u00fdm vlastnostem je nepostradateln\u00fd pro milovn\u00edky rostlin i chovatele exotick\u00fdch zv\u00ed\u0159at.<\/span><\/strong><\/span><\/em><\/p>\n<p><em><span style=\"color: #424242;\"><strong><span style=\"font-size: 15px;\">Sphagnum m\u00e1 antibakteri\u00e1ln\u00ed a protipl\u00eds\u0148ov\u00e9 vlastnosti, dok\u00e1\u017ee zadr\u017eovat vodu, tak\u017ee je ide\u00e1ln\u00ed jako sou\u010d\u00e1st substr\u00e1tu pro rostliny vy\u017eaduj\u00edc\u00ed st\u00e1lou vlhkost, a zabra\u0148uje poklesu vlhkosti v ter\u00e1riu. Jeho p\u0159irozen\u00e1 schopnost zadr\u017eovat vlhkost pom\u00e1h\u00e1 udr\u017eovat vhodn\u00e9 mikroklima v tropick\u00fdch ter\u00e1ri\u00edch a hraje tak\u00e9 dekorativn\u00ed roli, proto\u017ee dod\u00e1v\u00e1 interi\u00e9ru ter\u00e1ria p\u0159irozen\u00fd vzhled.<\/span><\/strong><\/span><\/em><\/p>\n","protected":false},"excerpt":{"rendered":"<ul class=\"product_attributes\">\n<li><span style=\"color: #555555;\">Tepeln\u011b zpracovan\u00e9<\/span><\/li>\n<li><span style=\"color: #555555;\">Balen\u00ed obsahuje:<\/span> 250 ml<\/li>\n<li><span style=\"color: #555555;\">Cena plat\u00ed pro:<\/span> Cena plat\u00ed pro 1 balen\u00ed.<\/li>\n<\/ul>\n","protected":false},"featured_media":6800,"template":"","meta":{"_acf_changed":false,"_links_to":"","_links_to_target":""},"product_cat":[163],"product_tag":[166,171,165,172,167],"class_list":{"0":"post-6799","1":"product","2":"type-product","3":"status-publish","4":"has-post-thumbnail","6":"product_cat-prislusenstvi","7":"product_tag-pro-izopody","8":"product_tag-pro-kudlanky-nabozne","9":"product_tag-pro-lsti","10":"product_tag-pro-pavoukovce","11":"product_tag-pro-svaby","13":"first","14":"instock","15":"shipping-taxable","16":"purchasable","17":"product-type-simple"},"acf":[],"yoast_head":"<!-- This site is optimized with the Yoast SEO plugin v24.9 - https:\/\/yoast.com\/wordpress\/plugins\/seo\/ -->\n<title>Mech Sphagnum 250 mlna zmije, izopody, \u0161v\u00e1by | MegaPets<\/title>\n<meta name=\"robots\" content=\"index, follow, max-snippet:-1, max-image-preview:large, max-video-preview:-1\" \/>\n<link rel=\"canonical\" href=\"https:\/\/megapets.eu\/cs\/prislusenstvi\/mech-sphagnum-250-mlna-zmije-izopody-svaby\/\" \/>\n<meta property=\"og:locale\" content=\"cs_CZ\" \/>\n<meta property=\"og:type\" content=\"article\" \/>\n<meta property=\"og:title\" content=\"Mech Sphagnum 250 mlna zmije, izopody, \u0161v\u00e1by | MegaPets\" \/>\n<meta property=\"og:description\" content=\"Tepeln\u011b zpracovan\u00e9  Balen\u00ed obsahuje: 250 ml  Cena plat\u00ed pro: Cena plat\u00ed pro 1 balen\u00ed.\" \/>\n<meta property=\"og:url\" content=\"https:\/\/megapets.eu\/cs\/prislusenstvi\/mech-sphagnum-250-mlna-zmije-izopody-svaby\/\" \/>\n<meta property=\"og:site_name\" content=\"MegaPets\" \/>\n<meta property=\"article:publisher\" content=\"https:\/\/www.facebook.com\/MegaPets.eu\/\" \/>\n<meta property=\"og:image\" content=\"https:\/\/megapets.eu\/wp-content\/uploads\/2024\/10\/IMG_2710-e1728376213603.jpg\" \/>\n\t<meta property=\"og:image:width\" content=\"1474\" \/>\n\t<meta property=\"og:image:height\" content=\"1000\" \/>\n\t<meta property=\"og:image:type\" content=\"image\/jpeg\" \/>\n<meta name=\"twitter:card\" content=\"summary_large_image\" \/>\n<meta name=\"twitter:label1\" content=\"Odhadovan\u00e1 doba \u010dten\u00ed\" \/>\n\t<meta name=\"twitter:data1\" content=\"1 minuta\" \/>\n<script type=\"application\/ld+json\" class=\"yoast-schema-graph\">{\"@context\":\"https:\/\/schema.org\",\"@graph\":[{\"@type\":\"WebPage\",\"@id\":\"https:\/\/megapets.eu\/cs\/prislusenstvi\/mech-sphagnum-250-mlna-zmije-izopody-svaby\/\",\"url\":\"https:\/\/megapets.eu\/cs\/prislusenstvi\/mech-sphagnum-250-mlna-zmije-izopody-svaby\/\",\"name\":\"Mech Sphagnum 250 ml na zmije, izopody, \u0161v\u00e1by | MegaPets\",\"isPartOf\":{\"@id\":\"https:\/\/megapets.eu\/cs\/#website\"},\"primaryImageOfPage\":{\"@id\":\"https:\/\/megapets.eu\/cs\/prislusenstvi\/mech-sphagnum-250-mlna-zmije-izopody-svaby\/#primaryimage\"},\"image\":{\"@id\":\"https:\/\/megapets.eu\/cs\/prislusenstvi\/mech-sphagnum-250-mlna-zmije-izopody-svaby\/#primaryimage\"},\"thumbnailUrl\":\"https:\/\/megapets.eu\/wp-content\/uploads\/2024\/10\/IMG_2710-e1728376213603.jpg\",\"datePublished\":\"2024-10-08T08:29:19+00:00\",\"breadcrumb\":{\"@id\":\"https:\/\/megapets.eu\/cs\/prislusenstvi\/mech-sphagnum-250-mlna-zmije-izopody-svaby\/#breadcrumb\"},\"inLanguage\":\"cs\",\"potentialAction\":[{\"@type\":\"ReadAction\",\"target\":[\"https:\/\/megapets.eu\/cs\/prislusenstvi\/mech-sphagnum-250-mlna-zmije-izopody-svaby\/\"]}]},{\"@type\":\"ImageObject\",\"inLanguage\":\"cs\",\"@id\":\"https:\/\/megapets.eu\/cs\/prislusenstvi\/mech-sphagnum-250-mlna-zmije-izopody-svaby\/#primaryimage\",\"url\":\"https:\/\/megapets.eu\/wp-content\/uploads\/2024\/10\/IMG_2710-e1728376213603.jpg\",\"contentUrl\":\"https:\/\/megapets.eu\/wp-content\/uploads\/2024\/10\/IMG_2710-e1728376213603.jpg\",\"width\":1474,\"height\":1000},{\"@type\":\"BreadcrumbList\",\"@id\":\"https:\/\/megapets.eu\/cs\/prislusenstvi\/mech-sphagnum-250-mlna-zmije-izopody-svaby\/#breadcrumb\",\"itemListElement\":[{\"@type\":\"ListItem\",\"position\":1,\"name\":\"Strona g\u0142\u00f3wna\",\"item\":\"https:\/\/megapets.eu\/cs\/\"},{\"@type\":\"ListItem\",\"position\":2,\"name\":\"Obchod\",\"item\":\"https:\/\/megapets.eu\/obchod\/\"},{\"@type\":\"ListItem\",\"position\":3,\"name\":\"Mech Sphagnum 250 mlna zmije, izopody, \u0161v\u00e1by\"}]},{\"@type\":\"WebSite\",\"@id\":\"https:\/\/megapets.eu\/cs\/#website\",\"url\":\"https:\/\/megapets.eu\/cs\/\",\"name\":\"Mega Pets\",\"description\":\"Jedna z najwi\u0119kszych hodowli \u015blimak\u00f3w w Europie\",\"publisher\":{\"@id\":\"https:\/\/megapets.eu\/cs\/#organization\"},\"alternateName\":\"Mega Pets\",\"potentialAction\":[{\"@type\":\"SearchAction\",\"target\":{\"@type\":\"EntryPoint\",\"urlTemplate\":\"https:\/\/megapets.eu\/cs\/?s={search_term_string}\"},\"query-input\":{\"@type\":\"PropertyValueSpecification\",\"valueRequired\":true,\"valueName\":\"search_term_string\"}}],\"inLanguage\":\"cs\"},{\"@type\":\"Organization\",\"@id\":\"https:\/\/megapets.eu\/cs\/#organization\",\"name\":\"Mega Pets\",\"url\":\"https:\/\/megapets.eu\/cs\/\",\"logo\":{\"@type\":\"ImageObject\",\"inLanguage\":\"cs\",\"@id\":\"https:\/\/megapets.eu\/cs\/#\/schema\/logo\/image\/\",\"url\":\"https:\/\/megapets.eu\/wp-content\/uploads\/2025\/04\/megapets_eu-logo.png\",\"contentUrl\":\"https:\/\/megapets.eu\/wp-content\/uploads\/2025\/04\/megapets_eu-logo.png\",\"width\":2362,\"height\":2362,\"caption\":\"Mega Pets\"},\"image\":{\"@id\":\"https:\/\/megapets.eu\/cs\/#\/schema\/logo\/image\/\"},\"sameAs\":[\"https:\/\/www.facebook.com\/MegaPets.eu\/\"]}]}<\/script>\n<!-- \/ Yoast SEO plugin. -->","yoast_head_json":{"title":"Mech Sphagnum 250 mlna zmije, izopody, \u0161v\u00e1by | MegaPets","robots":{"index":"index","follow":"follow","max-snippet":"max-snippet:-1","max-image-preview":"max-image-preview:large","max-video-preview":"max-video-preview:-1"},"canonical":"https:\/\/megapets.eu\/cs\/prislusenstvi\/mech-sphagnum-250-mlna-zmije-izopody-svaby\/","og_locale":"cs_CZ","og_type":"article","og_title":"Mech Sphagnum 250 mlna zmije, izopody, \u0161v\u00e1by | MegaPets","og_description":"Tepeln\u011b zpracovan\u00e9  Balen\u00ed obsahuje: 250 ml  Cena plat\u00ed pro: Cena plat\u00ed pro 1 balen\u00ed.","og_url":"https:\/\/megapets.eu\/cs\/prislusenstvi\/mech-sphagnum-250-mlna-zmije-izopody-svaby\/","og_site_name":"MegaPets","article_publisher":"https:\/\/www.facebook.com\/MegaPets.eu\/","og_image":[{"width":1474,"height":1000,"url":"https:\/\/megapets.eu\/wp-content\/uploads\/2024\/10\/IMG_2710-e1728376213603.jpg","type":"image\/jpeg"}],"twitter_card":"summary_large_image","twitter_misc":{"Odhadovan\u00e1 doba \u010dten\u00ed":"1 minuta"},"schema":{"@context":"https:\/\/schema.org","@graph":[{"@type":"WebPage","@id":"https:\/\/megapets.eu\/cs\/prislusenstvi\/mech-sphagnum-250-mlna-zmije-izopody-svaby\/","url":"https:\/\/megapets.eu\/cs\/prislusenstvi\/mech-sphagnum-250-mlna-zmije-izopody-svaby\/","name":"Mech Sphagnum 250 ml na zmije, izopody, \u0161v\u00e1by | MegaPets","isPartOf":{"@id":"https:\/\/megapets.eu\/cs\/#website"},"primaryImageOfPage":{"@id":"https:\/\/megapets.eu\/cs\/prislusenstvi\/mech-sphagnum-250-mlna-zmije-izopody-svaby\/#primaryimage"},"image":{"@id":"https:\/\/megapets.eu\/cs\/prislusenstvi\/mech-sphagnum-250-mlna-zmije-izopody-svaby\/#primaryimage"},"thumbnailUrl":"https:\/\/megapets.eu\/wp-content\/uploads\/2024\/10\/IMG_2710-e1728376213603.jpg","datePublished":"2024-10-08T08:29:19+00:00","breadcrumb":{"@id":"https:\/\/megapets.eu\/cs\/prislusenstvi\/mech-sphagnum-250-mlna-zmije-izopody-svaby\/#breadcrumb"},"inLanguage":"cs","potentialAction":[{"@type":"ReadAction","target":["https:\/\/megapets.eu\/cs\/prislusenstvi\/mech-sphagnum-250-mlna-zmije-izopody-svaby\/"]}]},{"@type":"ImageObject","inLanguage":"cs","@id":"https:\/\/megapets.eu\/cs\/prislusenstvi\/mech-sphagnum-250-mlna-zmije-izopody-svaby\/#primaryimage","url":"https:\/\/megapets.eu\/wp-content\/uploads\/2024\/10\/IMG_2710-e1728376213603.jpg","contentUrl":"https:\/\/megapets.eu\/wp-content\/uploads\/2024\/10\/IMG_2710-e1728376213603.jpg","width":1474,"height":1000},{"@type":"BreadcrumbList","@id":"https:\/\/megapets.eu\/cs\/prislusenstvi\/mech-sphagnum-250-mlna-zmije-izopody-svaby\/#breadcrumb","itemListElement":[{"@type":"ListItem","position":1,"name":"Strona g\u0142\u00f3wna","item":"https:\/\/megapets.eu\/cs\/"},{"@type":"ListItem","position":2,"name":"Obchod","item":"https:\/\/megapets.eu\/obchod\/"},{"@type":"ListItem","position":3,"name":"Mech Sphagnum 250 mlna zmije, izopody, \u0161v\u00e1by"}]},{"@type":"WebSite","@id":"https:\/\/megapets.eu\/cs\/#website","url":"https:\/\/megapets.eu\/cs\/","name":"Mega Pets","description":"Jedna z najwi\u0119kszych hodowli \u015blimak\u00f3w w Europie","publisher":{"@id":"https:\/\/megapets.eu\/cs\/#organization"},"alternateName":"Mega Pets","potentialAction":[{"@type":"SearchAction","target":{"@type":"EntryPoint","urlTemplate":"https:\/\/megapets.eu\/cs\/?s={search_term_string}"},"query-input":{"@type":"PropertyValueSpecification","valueRequired":true,"valueName":"search_term_string"}}],"inLanguage":"cs"},{"@type":"Organization","@id":"https:\/\/megapets.eu\/cs\/#organization","name":"Mega Pets","url":"https:\/\/megapets.eu\/cs\/","logo":{"@type":"ImageObject","inLanguage":"cs","@id":"https:\/\/megapets.eu\/cs\/#\/schema\/logo\/image\/","url":"https:\/\/megapets.eu\/wp-content\/uploads\/2025\/04\/megapets_eu-logo.png","contentUrl":"https:\/\/megapets.eu\/wp-content\/uploads\/2025\/04\/megapets_eu-logo.png","width":2362,"height":2362,"caption":"Mega Pets"},"image":{"@id":"https:\/\/megapets.eu\/cs\/#\/schema\/logo\/image\/"},"sameAs":["https:\/\/www.facebook.com\/MegaPets.eu\/"]}]}},"_links":{"self":[{"href":"https:\/\/megapets.eu\/cs\/wp-json\/wp\/v2\/product\/6799","targetHints":{"allow":["GET"]}}],"collection":[{"href":"https:\/\/megapets.eu\/cs\/wp-json\/wp\/v2\/product"}],"about":[{"href":"https:\/\/megapets.eu\/cs\/wp-json\/wp\/v2\/types\/product"}],"wp:featuredmedia":[{"embeddable":true,"href":"https:\/\/megapets.eu\/cs\/wp-json\/wp\/v2\/media\/6800"}],"wp:attachment":[{"href":"https:\/\/megapets.eu\/cs\/wp-json\/wp\/v2\/media?parent=6799"}],"wp:term":[{"taxonomy":"product_cat","embeddable":true,"href":"https:\/\/megapets.eu\/cs\/wp-json\/wp\/v2\/product_cat?post=6799"},{"taxonomy":"product_tag","embeddable":true,"href":"https:\/\/megapets.eu\/cs\/wp-json\/wp\/v2\/product_tag?post=6799"}],"curies":[{"name":"wp","href":"https:\/\/api.w.org\/{rel}","templated":true}]}}