{"id":6802,"date":"2024-10-08T09:05:58","date_gmt":"2024-10-08T09:05:58","guid":{"rendered":"https:\/\/megapets.eu\/neza\u0159azen\u00e9\/susene-dubove-a-brezove-listi-250-mlna-izopody-zmije-svaby\/"},"modified":"2024-10-08T09:05:58","modified_gmt":"2024-10-08T09:05:58","slug":"susene-dubove-a-brezove-listi-250-mlna-izopody-zmije-svaby","status":"publish","type":"product","link":"https:\/\/megapets.eu\/cs\/prislusenstvi\/susene-dubove-a-brezove-listi-250-mlna-izopody-zmije-svaby\/","title":{"rendered":"Su\u0161en\u00e9 dubov\u00e9 a b\u0159ezov\u00e9 list\u00ed 250 ml<br \/>na izopody, zmije, \u0161v\u00e1by."},"content":{"rendered":"<p><strong><span style=\"color: #e87020; font-size: 15px;\"><em><span style=\"color: #e87020;\"><span style=\"font-size: 15px;\">Su\u0161en\u00e9 dubov\u00e9 a b\u0159ezov\u00e9 list\u00ed 250 ml na izopody, \u010dervy, \u0161v\u00e1by<\/span><\/span><\/em><\/span><\/strong><\/p>\n<p><strong><span style=\"color: #e87020; font-size: 15px;\"><em>Jedno balen\u00ed obsahuje 250 ml, l<span style=\"color: #e87020;\"><span style=\"font-size: 15px;\">i\u015bcie <\/span><\/span>tepeln\u011b o\u0161et\u0159eno.<\/em><\/span><\/strong><\/p>\n<p><strong><span style=\"color: #e87020; font-size: 15px;\"><em>Cena je za 1 balen\u00ed.<\/em><\/span><\/strong><\/p>\n<p><em><span style=\"color: #424242;\"><strong><span style=\"font-size: 15px;\">Su\u0161en\u00e9 dubov\u00e9 a b\u0159ezov\u00e9 list\u00ed, p\u0159\u00edrodn\u00ed a vynikaj\u00edc\u00ed p\u0159\u00edsada do substr\u00e1tu pro zmije, krokod\u00fdly, exotick\u00e9 \u0161v\u00e1by, izopody (prosiony, kulany), tepeln\u011b o\u0161et\u0159eno a doporu\u010deno pro chov vz\u00e1cn\u00fdch a n\u00e1ro\u010dn\u00fdch druh\u016f. Su\u0161en\u00e9 dubov\u00e9 a b\u0159ezov\u00e9 list\u00ed <\/span><\/strong><\/span><\/em><em><span style=\"color: #424242;\"><strong><span style=\"font-size: 15px;\">pom\u00e1h\u00e1 udr\u017eovat v ter\u00e1ri\u00edch vhodn\u00e9 mikroklima a hraje tak\u00e9 dekorativn\u00ed roli, dod\u00e1v\u00e1 interi\u00e9ru ter\u00e1ria p\u0159\u00edrodn\u00ed vzhled.<\/span><\/strong><\/span><\/em><\/p>\n","protected":false},"excerpt":{"rendered":"<ul class=\"product_attributes\">\n<li><span style=\"color: #555555;\">Tepeln\u011b zpracovan\u00e9<\/span><\/li>\n<li><span style=\"color: #555555;\">Balen\u00ed obsahuje:<\/span> 250 ml<\/li>\n<li><span style=\"color: #555555;\">Cena plat\u00ed pro:<\/span> Cena plat\u00ed pro 1 balen\u00ed.<\/li>\n<\/ul>\n","protected":false},"featured_media":12672,"template":"","meta":{"_acf_changed":false,"_links_to":"","_links_to_target":""},"product_cat":[163],"product_tag":[166,165,167],"class_list":{"0":"post-6802","1":"product","2":"type-product","3":"status-publish","4":"has-post-thumbnail","6":"product_cat-prislusenstvi","7":"product_tag-pro-izopody","8":"product_tag-pro-lsti","9":"product_tag-pro-svaby","11":"first","12":"instock","13":"shipping-taxable","14":"purchasable","15":"product-type-simple"},"acf":[],"yoast_head":"<!-- This site is optimized with the Yoast SEO plugin v24.9 - https:\/\/yoast.com\/wordpress\/plugins\/seo\/ -->\n<title>Su\u0161en\u00e9 dubov\u00e9 a b\u0159ezov\u00e9 list\u00ed 250 mlna izopody, zmije, \u0161v\u00e1by. | MegaPets<\/title>\n<meta name=\"robots\" content=\"index, follow, max-snippet:-1, max-image-preview:large, max-video-preview:-1\" \/>\n<link rel=\"canonical\" href=\"https:\/\/megapets.eu\/cs\/prislusenstvi\/susene-dubove-a-brezove-listi-250-mlna-izopody-zmije-svaby\/\" \/>\n<meta property=\"og:locale\" content=\"cs_CZ\" \/>\n<meta property=\"og:type\" content=\"article\" \/>\n<meta property=\"og:title\" content=\"Su\u0161en\u00e9 dubov\u00e9 a b\u0159ezov\u00e9 list\u00ed 250 mlna izopody, zmije, \u0161v\u00e1by. | MegaPets\" \/>\n<meta property=\"og:description\" content=\"Tepeln\u011b zpracovan\u00e9  Balen\u00ed obsahuje: 250 ml  Cena plat\u00ed pro: Cena plat\u00ed pro 1 balen\u00ed.\" \/>\n<meta property=\"og:url\" content=\"https:\/\/megapets.eu\/cs\/prislusenstvi\/susene-dubove-a-brezove-listi-250-mlna-izopody-zmije-svaby\/\" \/>\n<meta property=\"og:site_name\" content=\"MegaPets\" \/>\n<meta property=\"article:publisher\" content=\"https:\/\/www.facebook.com\/MegaPets.eu\/\" \/>\n<meta property=\"og:image\" content=\"https:\/\/megapets.eu\/wp-content\/uploads\/2024\/10\/IMG_2712-e1728378410557.jpg\" \/>\n\t<meta property=\"og:image:width\" content=\"1416\" \/>\n\t<meta property=\"og:image:height\" content=\"952\" \/>\n\t<meta property=\"og:image:type\" content=\"image\/jpeg\" \/>\n<meta name=\"twitter:card\" content=\"summary_large_image\" \/>\n<meta name=\"twitter:label1\" content=\"Odhadovan\u00e1 doba \u010dten\u00ed\" \/>\n\t<meta name=\"twitter:data1\" content=\"1 minuta\" \/>\n<script type=\"application\/ld+json\" class=\"yoast-schema-graph\">{\"@context\":\"https:\/\/schema.org\",\"@graph\":[{\"@type\":\"WebPage\",\"@id\":\"https:\/\/megapets.eu\/cs\/prislusenstvi\/susene-dubove-a-brezove-listi-250-mlna-izopody-zmije-svaby\/\",\"url\":\"https:\/\/megapets.eu\/cs\/prislusenstvi\/susene-dubove-a-brezove-listi-250-mlna-izopody-zmije-svaby\/\",\"name\":\"Su\u0161en\u00e9 dubov\u00e9 a b\u0159ezov\u00e9 list\u00ed 250 ml na izopody, zmije, \u0161v\u00e1by. | MegaPets\",\"isPartOf\":{\"@id\":\"https:\/\/megapets.eu\/cs\/#website\"},\"primaryImageOfPage\":{\"@id\":\"https:\/\/megapets.eu\/cs\/prislusenstvi\/susene-dubove-a-brezove-listi-250-mlna-izopody-zmije-svaby\/#primaryimage\"},\"image\":{\"@id\":\"https:\/\/megapets.eu\/cs\/prislusenstvi\/susene-dubove-a-brezove-listi-250-mlna-izopody-zmije-svaby\/#primaryimage\"},\"thumbnailUrl\":\"https:\/\/megapets.eu\/wp-content\/uploads\/2024\/10\/WEBP1.webp\",\"datePublished\":\"2024-10-08T09:05:58+00:00\",\"breadcrumb\":{\"@id\":\"https:\/\/megapets.eu\/cs\/prislusenstvi\/susene-dubove-a-brezove-listi-250-mlna-izopody-zmije-svaby\/#breadcrumb\"},\"inLanguage\":\"cs\",\"potentialAction\":[{\"@type\":\"ReadAction\",\"target\":[\"https:\/\/megapets.eu\/cs\/prislusenstvi\/susene-dubove-a-brezove-listi-250-mlna-izopody-zmije-svaby\/\"]}]},{\"@type\":\"ImageObject\",\"inLanguage\":\"cs\",\"@id\":\"https:\/\/megapets.eu\/cs\/prislusenstvi\/susene-dubove-a-brezove-listi-250-mlna-izopody-zmije-svaby\/#primaryimage\",\"url\":\"https:\/\/megapets.eu\/wp-content\/uploads\/2024\/10\/WEBP1.webp\",\"contentUrl\":\"https:\/\/megapets.eu\/wp-content\/uploads\/2024\/10\/WEBP1.webp\",\"width\":1536,\"height\":1024},{\"@type\":\"BreadcrumbList\",\"@id\":\"https:\/\/megapets.eu\/cs\/prislusenstvi\/susene-dubove-a-brezove-listi-250-mlna-izopody-zmije-svaby\/#breadcrumb\",\"itemListElement\":[{\"@type\":\"ListItem\",\"position\":1,\"name\":\"Strona g\u0142\u00f3wna\",\"item\":\"https:\/\/megapets.eu\/cs\/\"},{\"@type\":\"ListItem\",\"position\":2,\"name\":\"Obchod\",\"item\":\"https:\/\/megapets.eu\/obchod\/\"},{\"@type\":\"ListItem\",\"position\":3,\"name\":\"Su\u0161en\u00e9 dubov\u00e9 a b\u0159ezov\u00e9 list\u00ed 250 mlna izopody, zmije, \u0161v\u00e1by.\"}]},{\"@type\":\"WebSite\",\"@id\":\"https:\/\/megapets.eu\/cs\/#website\",\"url\":\"https:\/\/megapets.eu\/cs\/\",\"name\":\"Mega Pets\",\"description\":\"Jedna z najwi\u0119kszych hodowli \u015blimak\u00f3w w Europie\",\"publisher\":{\"@id\":\"https:\/\/megapets.eu\/cs\/#organization\"},\"alternateName\":\"Mega Pets\",\"potentialAction\":[{\"@type\":\"SearchAction\",\"target\":{\"@type\":\"EntryPoint\",\"urlTemplate\":\"https:\/\/megapets.eu\/cs\/?s={search_term_string}\"},\"query-input\":{\"@type\":\"PropertyValueSpecification\",\"valueRequired\":true,\"valueName\":\"search_term_string\"}}],\"inLanguage\":\"cs\"},{\"@type\":\"Organization\",\"@id\":\"https:\/\/megapets.eu\/cs\/#organization\",\"name\":\"Mega Pets\",\"url\":\"https:\/\/megapets.eu\/cs\/\",\"logo\":{\"@type\":\"ImageObject\",\"inLanguage\":\"cs\",\"@id\":\"https:\/\/megapets.eu\/cs\/#\/schema\/logo\/image\/\",\"url\":\"https:\/\/megapets.eu\/wp-content\/uploads\/2025\/04\/megapets_eu-logo.png\",\"contentUrl\":\"https:\/\/megapets.eu\/wp-content\/uploads\/2025\/04\/megapets_eu-logo.png\",\"width\":2362,\"height\":2362,\"caption\":\"Mega Pets\"},\"image\":{\"@id\":\"https:\/\/megapets.eu\/cs\/#\/schema\/logo\/image\/\"},\"sameAs\":[\"https:\/\/www.facebook.com\/MegaPets.eu\/\"]}]}<\/script>\n<!-- \/ Yoast SEO plugin. -->","yoast_head_json":{"title":"Su\u0161en\u00e9 dubov\u00e9 a b\u0159ezov\u00e9 list\u00ed 250 mlna izopody, zmije, \u0161v\u00e1by. | MegaPets","robots":{"index":"index","follow":"follow","max-snippet":"max-snippet:-1","max-image-preview":"max-image-preview:large","max-video-preview":"max-video-preview:-1"},"canonical":"https:\/\/megapets.eu\/cs\/prislusenstvi\/susene-dubove-a-brezove-listi-250-mlna-izopody-zmije-svaby\/","og_locale":"cs_CZ","og_type":"article","og_title":"Su\u0161en\u00e9 dubov\u00e9 a b\u0159ezov\u00e9 list\u00ed 250 mlna izopody, zmije, \u0161v\u00e1by. | MegaPets","og_description":"Tepeln\u011b zpracovan\u00e9  Balen\u00ed obsahuje: 250 ml  Cena plat\u00ed pro: Cena plat\u00ed pro 1 balen\u00ed.","og_url":"https:\/\/megapets.eu\/cs\/prislusenstvi\/susene-dubove-a-brezove-listi-250-mlna-izopody-zmije-svaby\/","og_site_name":"MegaPets","article_publisher":"https:\/\/www.facebook.com\/MegaPets.eu\/","og_image":[{"width":1416,"height":952,"url":"https:\/\/megapets.eu\/wp-content\/uploads\/2024\/10\/IMG_2712-e1728378410557.jpg","type":"image\/jpeg"}],"twitter_card":"summary_large_image","twitter_misc":{"Odhadovan\u00e1 doba \u010dten\u00ed":"1 minuta"},"schema":{"@context":"https:\/\/schema.org","@graph":[{"@type":"WebPage","@id":"https:\/\/megapets.eu\/cs\/prislusenstvi\/susene-dubove-a-brezove-listi-250-mlna-izopody-zmije-svaby\/","url":"https:\/\/megapets.eu\/cs\/prislusenstvi\/susene-dubove-a-brezove-listi-250-mlna-izopody-zmije-svaby\/","name":"Su\u0161en\u00e9 dubov\u00e9 a b\u0159ezov\u00e9 list\u00ed 250 ml na izopody, zmije, \u0161v\u00e1by. | MegaPets","isPartOf":{"@id":"https:\/\/megapets.eu\/cs\/#website"},"primaryImageOfPage":{"@id":"https:\/\/megapets.eu\/cs\/prislusenstvi\/susene-dubove-a-brezove-listi-250-mlna-izopody-zmije-svaby\/#primaryimage"},"image":{"@id":"https:\/\/megapets.eu\/cs\/prislusenstvi\/susene-dubove-a-brezove-listi-250-mlna-izopody-zmije-svaby\/#primaryimage"},"thumbnailUrl":"https:\/\/megapets.eu\/wp-content\/uploads\/2024\/10\/WEBP1.webp","datePublished":"2024-10-08T09:05:58+00:00","breadcrumb":{"@id":"https:\/\/megapets.eu\/cs\/prislusenstvi\/susene-dubove-a-brezove-listi-250-mlna-izopody-zmije-svaby\/#breadcrumb"},"inLanguage":"cs","potentialAction":[{"@type":"ReadAction","target":["https:\/\/megapets.eu\/cs\/prislusenstvi\/susene-dubove-a-brezove-listi-250-mlna-izopody-zmije-svaby\/"]}]},{"@type":"ImageObject","inLanguage":"cs","@id":"https:\/\/megapets.eu\/cs\/prislusenstvi\/susene-dubove-a-brezove-listi-250-mlna-izopody-zmije-svaby\/#primaryimage","url":"https:\/\/megapets.eu\/wp-content\/uploads\/2024\/10\/WEBP1.webp","contentUrl":"https:\/\/megapets.eu\/wp-content\/uploads\/2024\/10\/WEBP1.webp","width":1536,"height":1024},{"@type":"BreadcrumbList","@id":"https:\/\/megapets.eu\/cs\/prislusenstvi\/susene-dubove-a-brezove-listi-250-mlna-izopody-zmije-svaby\/#breadcrumb","itemListElement":[{"@type":"ListItem","position":1,"name":"Strona g\u0142\u00f3wna","item":"https:\/\/megapets.eu\/cs\/"},{"@type":"ListItem","position":2,"name":"Obchod","item":"https:\/\/megapets.eu\/obchod\/"},{"@type":"ListItem","position":3,"name":"Su\u0161en\u00e9 dubov\u00e9 a b\u0159ezov\u00e9 list\u00ed 250 mlna izopody, zmije, \u0161v\u00e1by."}]},{"@type":"WebSite","@id":"https:\/\/megapets.eu\/cs\/#website","url":"https:\/\/megapets.eu\/cs\/","name":"Mega Pets","description":"Jedna z najwi\u0119kszych hodowli \u015blimak\u00f3w w Europie","publisher":{"@id":"https:\/\/megapets.eu\/cs\/#organization"},"alternateName":"Mega Pets","potentialAction":[{"@type":"SearchAction","target":{"@type":"EntryPoint","urlTemplate":"https:\/\/megapets.eu\/cs\/?s={search_term_string}"},"query-input":{"@type":"PropertyValueSpecification","valueRequired":true,"valueName":"search_term_string"}}],"inLanguage":"cs"},{"@type":"Organization","@id":"https:\/\/megapets.eu\/cs\/#organization","name":"Mega Pets","url":"https:\/\/megapets.eu\/cs\/","logo":{"@type":"ImageObject","inLanguage":"cs","@id":"https:\/\/megapets.eu\/cs\/#\/schema\/logo\/image\/","url":"https:\/\/megapets.eu\/wp-content\/uploads\/2025\/04\/megapets_eu-logo.png","contentUrl":"https:\/\/megapets.eu\/wp-content\/uploads\/2025\/04\/megapets_eu-logo.png","width":2362,"height":2362,"caption":"Mega Pets"},"image":{"@id":"https:\/\/megapets.eu\/cs\/#\/schema\/logo\/image\/"},"sameAs":["https:\/\/www.facebook.com\/MegaPets.eu\/"]}]}},"_links":{"self":[{"href":"https:\/\/megapets.eu\/cs\/wp-json\/wp\/v2\/product\/6802","targetHints":{"allow":["GET"]}}],"collection":[{"href":"https:\/\/megapets.eu\/cs\/wp-json\/wp\/v2\/product"}],"about":[{"href":"https:\/\/megapets.eu\/cs\/wp-json\/wp\/v2\/types\/product"}],"wp:featuredmedia":[{"embeddable":true,"href":"https:\/\/megapets.eu\/cs\/wp-json\/wp\/v2\/media\/12672"}],"wp:attachment":[{"href":"https:\/\/megapets.eu\/cs\/wp-json\/wp\/v2\/media?parent=6802"}],"wp:term":[{"taxonomy":"product_cat","embeddable":true,"href":"https:\/\/megapets.eu\/cs\/wp-json\/wp\/v2\/product_cat?post=6802"},{"taxonomy":"product_tag","embeddable":true,"href":"https:\/\/megapets.eu\/cs\/wp-json\/wp\/v2\/product_tag?post=6802"}],"curies":[{"name":"wp","href":"https:\/\/api.w.org\/{rel}","templated":true}]}}