{"id":6813,"date":"2024-10-05T12:01:38","date_gmt":"2024-10-05T12:01:38","guid":{"rendered":"https:\/\/megapets.eu\/neza\u0159azen\u00e9\/spirobolellus-sp-mauifluorescence-pod-uv-svetlem\/"},"modified":"2025-08-13T14:58:51","modified_gmt":"2025-08-13T14:58:51","slug":"spirobolellus-sp-mauifluorescence-pod-uv-svetlem","status":"publish","type":"product","link":"https:\/\/megapets.eu\/cs\/wije-cs\/spirobolellus-sp-mauifluorescence-pod-uv-svetlem\/","title":{"rendered":"Spirobolellus sp. Maui<br>&#8222;Fluorescence pod UV sv\u011btlem&#8220;"},"content":{"rendered":"<p class=\"v1v1v1v1MsoNormal\" style=\"text-align: left;\"><span style=\"color: #d94890;\"><strong><em><span style=\"font-size: 15px;\"><span style=\"color: #424242;\">\u017d\u00e1nr:<\/span> <span style=\"color: #3366ff;\">mnohono\u017eka Spirobolellus sp. Maui &#8222;Fluorescence pod UV z\u00e1\u0159en\u00edm&#8220;. <\/span><\/span><\/em><\/strong><\/span><\/p>\n<p class=\"v1v1v1v1MsoNormal\" style=\"text-align: left;\"><span style=\"color: #424242;\"><strong><em><span style=\"font-size: 15px;\">Snadno se udr\u017euj\u00ed, tak\u017ee jsou skv\u011bl\u00e9 i pro za\u010d\u00e1te\u010dn\u00edky.<\/span><\/em><\/strong><\/span><\/p>\n<p style=\"text-align: left;\"><span style=\"color: #800000;\"><span style=\"color: #424242;\"><strong><em><span style=\"font-size: 15px;\">Nen\u00ed mo\u017en\u00e9<\/span><\/em><\/strong><\/span><strong><em><span style=\"font-size: 15px;\"><span style=\"color: #424242;\">vybrat p\u00e1r:<b> <\/b>samce a samici. <span style=\"color: #3366ff;\">Abyste mohli tento druh reprodukovat, doporu\u010dujeme v\u00e1m zakoupit alespo\u0148 5 kus\u016f, ale nen\u00ed to nutn\u00e9, jedinec m\u016f\u017ee \u017e\u00edt s\u00e1m.<\/span><\/span><\/span><\/em><\/strong><\/span><\/p>\n<p style=\"text-align: left;\"><span style=\"color: #800000;\"><strong><em><span style=\"font-size: 15px;\"><span style=\"color: #424242;\"><span style=\"color: #3366ff;\"><strong style=\"color: #424242;\">\ud83d\udc99\u2b50\ufe0f\ud83e\ude75 <\/strong>Fluorescence. N\u011bkter\u00e9 druhy terarijn\u00edch \u017eivo\u010dich\u016f oz\u00e1\u0159en\u00fdch UV sv\u011btlem za\u010dnou z\u00e1\u0159it modrozelenou barvou \ud83e\ude75\u2b50\ufe0f\ud83d\udc99. <\/span><\/span><\/span><\/em><\/strong><\/span><\/p>\n<p style=\"text-align: left;\"><span style=\"color: #424242;\"><strong><em><span style=\"font-size: 15px;\"><strong style=\"color: #424242;\"><span style=\"color: #800000;\"><span style=\"color: #3366ff;\">\ud83e\ude75<\/span><\/span> Hled\u00e1te n\u011bco z\u00e1bavn\u00e9ho pro za\u010d\u00e1tek chovu?  <\/strong><span style=\"color: #3366ff;\">Mnohono\u017eky Spirobolellus sp. Maui jsou kr\u00e1sn\u00e1 a snadno udr\u017eovateln\u00e1 stvo\u0159en\u00ed, pro \u010dlov\u011bka zcela bezpe\u010dn\u00e1, nekou\u0161ou. Maj\u00ed slab\u00e9 \u010delisti, kter\u00e9 jsou p\u0159izp\u016fsobeny k drcen\u00ed rostlinn\u00e9 hmoty. Mnohono\u017eky preferuj\u00ed vlhk\u00e1 m\u00edsta, \u017eij\u00ed v horn\u00ed vrstv\u011b substr\u00e1tu a \u017eiv\u00ed se listy, v\u00edceslo\u017ekov\u00fdm substr\u00e1tem ur\u010den\u00fdm k chovu mnohono\u017eek, ale i zeleninou a ovocem.   <\/span><\/span><\/em><\/strong><\/span><\/p>\n","protected":false},"excerpt":{"rendered":"<ul>\n<li>C\u00edlov\u00e1 velikost:\n<ul>\n<li>asi 4-5 cm<\/li>\n<\/ul>\n<\/li>\n<li>Nab\u00edzen\u00fd mladistv\u00fd:\n<ul>\n<li>Ok. 2-3 cm<\/li>\n<\/ul>\n<\/li>\n<li>Cena plat\u00ed na:\n<ul>\n<li>1 ks<\/li>\n<\/ul>\n<\/li>\n<\/ul>\n","protected":false},"featured_media":6816,"template":"","meta":{"_acf_changed":false,"_links_to":"","_links_to_target":""},"product_cat":[160],"product_tag":[],"class_list":{"0":"post-6813","1":"product","2":"type-product","3":"status-publish","4":"has-post-thumbnail","6":"product_cat-wije-cs","8":"first","9":"outofstock","10":"shipping-taxable","11":"purchasable","12":"product-type-simple"},"acf":[],"yoast_head":"<!-- This site is optimized with the Yoast SEO plugin v24.9 - https:\/\/yoast.com\/wordpress\/plugins\/seo\/ -->\n<title>Spirobolellus sp. Maui&quot;Fluorescence pod UV sv\u011btlem&quot; | MegaPets<\/title>\n<meta name=\"robots\" content=\"index, follow, max-snippet:-1, max-image-preview:large, max-video-preview:-1\" \/>\n<link rel=\"canonical\" href=\"https:\/\/megapets.eu\/cs\/wije-cs\/spirobolellus-sp-mauifluorescence-pod-uv-svetlem\/\" \/>\n<meta property=\"og:locale\" content=\"cs_CZ\" \/>\n<meta property=\"og:type\" content=\"article\" \/>\n<meta property=\"og:title\" content=\"Spirobolellus sp. Maui&quot;Fluorescence pod UV sv\u011btlem&quot; | MegaPets\" \/>\n<meta property=\"og:description\" content=\"C\u00edlov\u00e1 velikost:  asi 4-5 cm   Nab\u00edzen\u00fd mladistv\u00fd:  Ok. 2-3 cm   Cena plat\u00ed na:  1 ks\" \/>\n<meta property=\"og:url\" content=\"https:\/\/megapets.eu\/cs\/wije-cs\/spirobolellus-sp-mauifluorescence-pod-uv-svetlem\/\" \/>\n<meta property=\"og:site_name\" content=\"MegaPets\" \/>\n<meta property=\"article:publisher\" content=\"https:\/\/www.facebook.com\/MegaPets.eu\/\" \/>\n<meta property=\"article:modified_time\" content=\"2025-08-13T14:58:51+00:00\" \/>\n<meta property=\"og:image\" content=\"https:\/\/megapets.eu\/wp-content\/uploads\/2024\/10\/1-9765-1024x691.png\" \/>\n\t<meta property=\"og:image:width\" content=\"1024\" \/>\n\t<meta property=\"og:image:height\" content=\"691\" \/>\n\t<meta property=\"og:image:type\" content=\"image\/png\" \/>\n<meta name=\"twitter:card\" content=\"summary_large_image\" \/>\n<meta name=\"twitter:label1\" content=\"Odhadovan\u00e1 doba \u010dten\u00ed\" \/>\n\t<meta name=\"twitter:data1\" content=\"1 minuta\" \/>\n<script type=\"application\/ld+json\" class=\"yoast-schema-graph\">{\"@context\":\"https:\/\/schema.org\",\"@graph\":[{\"@type\":\"WebPage\",\"@id\":\"https:\/\/megapets.eu\/cs\/wije-cs\/spirobolellus-sp-mauifluorescence-pod-uv-svetlem\/\",\"url\":\"https:\/\/megapets.eu\/cs\/wije-cs\/spirobolellus-sp-mauifluorescence-pod-uv-svetlem\/\",\"name\":\"Spirobolellus sp. Maui \\\"Fluorescence pod UV sv\u011btlem\\\" | MegaPets\",\"isPartOf\":{\"@id\":\"https:\/\/megapets.eu\/cs\/#website\"},\"primaryImageOfPage\":{\"@id\":\"https:\/\/megapets.eu\/cs\/wije-cs\/spirobolellus-sp-mauifluorescence-pod-uv-svetlem\/#primaryimage\"},\"image\":{\"@id\":\"https:\/\/megapets.eu\/cs\/wije-cs\/spirobolellus-sp-mauifluorescence-pod-uv-svetlem\/#primaryimage\"},\"thumbnailUrl\":\"https:\/\/megapets.eu\/wp-content\/uploads\/2024\/10\/1-9765.png\",\"datePublished\":\"2024-10-05T12:01:38+00:00\",\"dateModified\":\"2025-08-13T14:58:51+00:00\",\"breadcrumb\":{\"@id\":\"https:\/\/megapets.eu\/cs\/wije-cs\/spirobolellus-sp-mauifluorescence-pod-uv-svetlem\/#breadcrumb\"},\"inLanguage\":\"cs\",\"potentialAction\":[{\"@type\":\"ReadAction\",\"target\":[\"https:\/\/megapets.eu\/cs\/wije-cs\/spirobolellus-sp-mauifluorescence-pod-uv-svetlem\/\"]}]},{\"@type\":\"ImageObject\",\"inLanguage\":\"cs\",\"@id\":\"https:\/\/megapets.eu\/cs\/wije-cs\/spirobolellus-sp-mauifluorescence-pod-uv-svetlem\/#primaryimage\",\"url\":\"https:\/\/megapets.eu\/wp-content\/uploads\/2024\/10\/1-9765.png\",\"contentUrl\":\"https:\/\/megapets.eu\/wp-content\/uploads\/2024\/10\/1-9765.png\",\"width\":3092,\"height\":2088},{\"@type\":\"BreadcrumbList\",\"@id\":\"https:\/\/megapets.eu\/cs\/wije-cs\/spirobolellus-sp-mauifluorescence-pod-uv-svetlem\/#breadcrumb\",\"itemListElement\":[{\"@type\":\"ListItem\",\"position\":1,\"name\":\"Strona g\u0142\u00f3wna\",\"item\":\"https:\/\/megapets.eu\/cs\/\"},{\"@type\":\"ListItem\",\"position\":2,\"name\":\"Obchod\",\"item\":\"https:\/\/megapets.eu\/obchod\/\"},{\"@type\":\"ListItem\",\"position\":3,\"name\":\"Spirobolellus sp. Maui&#8222;Fluorescence pod UV sv\u011btlem\\\"\"}]},{\"@type\":\"WebSite\",\"@id\":\"https:\/\/megapets.eu\/cs\/#website\",\"url\":\"https:\/\/megapets.eu\/cs\/\",\"name\":\"Mega Pets\",\"description\":\"Jedna z najwi\u0119kszych hodowli \u015blimak\u00f3w w Europie\",\"publisher\":{\"@id\":\"https:\/\/megapets.eu\/cs\/#organization\"},\"alternateName\":\"Mega Pets\",\"potentialAction\":[{\"@type\":\"SearchAction\",\"target\":{\"@type\":\"EntryPoint\",\"urlTemplate\":\"https:\/\/megapets.eu\/cs\/?s={search_term_string}\"},\"query-input\":{\"@type\":\"PropertyValueSpecification\",\"valueRequired\":true,\"valueName\":\"search_term_string\"}}],\"inLanguage\":\"cs\"},{\"@type\":\"Organization\",\"@id\":\"https:\/\/megapets.eu\/cs\/#organization\",\"name\":\"Mega Pets\",\"url\":\"https:\/\/megapets.eu\/cs\/\",\"logo\":{\"@type\":\"ImageObject\",\"inLanguage\":\"cs\",\"@id\":\"https:\/\/megapets.eu\/cs\/#\/schema\/logo\/image\/\",\"url\":\"https:\/\/megapets.eu\/wp-content\/uploads\/2025\/04\/megapets_eu-logo.png\",\"contentUrl\":\"https:\/\/megapets.eu\/wp-content\/uploads\/2025\/04\/megapets_eu-logo.png\",\"width\":2362,\"height\":2362,\"caption\":\"Mega Pets\"},\"image\":{\"@id\":\"https:\/\/megapets.eu\/cs\/#\/schema\/logo\/image\/\"},\"sameAs\":[\"https:\/\/www.facebook.com\/MegaPets.eu\/\"]}]}<\/script>\n<!-- \/ Yoast SEO plugin. -->","yoast_head_json":{"title":"Spirobolellus sp. Maui\"Fluorescence pod UV sv\u011btlem\" | MegaPets","robots":{"index":"index","follow":"follow","max-snippet":"max-snippet:-1","max-image-preview":"max-image-preview:large","max-video-preview":"max-video-preview:-1"},"canonical":"https:\/\/megapets.eu\/cs\/wije-cs\/spirobolellus-sp-mauifluorescence-pod-uv-svetlem\/","og_locale":"cs_CZ","og_type":"article","og_title":"Spirobolellus sp. Maui\"Fluorescence pod UV sv\u011btlem\" | MegaPets","og_description":"C\u00edlov\u00e1 velikost:  asi 4-5 cm   Nab\u00edzen\u00fd mladistv\u00fd:  Ok. 2-3 cm   Cena plat\u00ed na:  1 ks","og_url":"https:\/\/megapets.eu\/cs\/wije-cs\/spirobolellus-sp-mauifluorescence-pod-uv-svetlem\/","og_site_name":"MegaPets","article_publisher":"https:\/\/www.facebook.com\/MegaPets.eu\/","article_modified_time":"2025-08-13T14:58:51+00:00","og_image":[{"width":1024,"height":691,"url":"https:\/\/megapets.eu\/wp-content\/uploads\/2024\/10\/1-9765-1024x691.png","type":"image\/png"}],"twitter_card":"summary_large_image","twitter_misc":{"Odhadovan\u00e1 doba \u010dten\u00ed":"1 minuta"},"schema":{"@context":"https:\/\/schema.org","@graph":[{"@type":"WebPage","@id":"https:\/\/megapets.eu\/cs\/wije-cs\/spirobolellus-sp-mauifluorescence-pod-uv-svetlem\/","url":"https:\/\/megapets.eu\/cs\/wije-cs\/spirobolellus-sp-mauifluorescence-pod-uv-svetlem\/","name":"Spirobolellus sp. Maui \"Fluorescence pod UV sv\u011btlem\" | MegaPets","isPartOf":{"@id":"https:\/\/megapets.eu\/cs\/#website"},"primaryImageOfPage":{"@id":"https:\/\/megapets.eu\/cs\/wije-cs\/spirobolellus-sp-mauifluorescence-pod-uv-svetlem\/#primaryimage"},"image":{"@id":"https:\/\/megapets.eu\/cs\/wije-cs\/spirobolellus-sp-mauifluorescence-pod-uv-svetlem\/#primaryimage"},"thumbnailUrl":"https:\/\/megapets.eu\/wp-content\/uploads\/2024\/10\/1-9765.png","datePublished":"2024-10-05T12:01:38+00:00","dateModified":"2025-08-13T14:58:51+00:00","breadcrumb":{"@id":"https:\/\/megapets.eu\/cs\/wije-cs\/spirobolellus-sp-mauifluorescence-pod-uv-svetlem\/#breadcrumb"},"inLanguage":"cs","potentialAction":[{"@type":"ReadAction","target":["https:\/\/megapets.eu\/cs\/wije-cs\/spirobolellus-sp-mauifluorescence-pod-uv-svetlem\/"]}]},{"@type":"ImageObject","inLanguage":"cs","@id":"https:\/\/megapets.eu\/cs\/wije-cs\/spirobolellus-sp-mauifluorescence-pod-uv-svetlem\/#primaryimage","url":"https:\/\/megapets.eu\/wp-content\/uploads\/2024\/10\/1-9765.png","contentUrl":"https:\/\/megapets.eu\/wp-content\/uploads\/2024\/10\/1-9765.png","width":3092,"height":2088},{"@type":"BreadcrumbList","@id":"https:\/\/megapets.eu\/cs\/wije-cs\/spirobolellus-sp-mauifluorescence-pod-uv-svetlem\/#breadcrumb","itemListElement":[{"@type":"ListItem","position":1,"name":"Strona g\u0142\u00f3wna","item":"https:\/\/megapets.eu\/cs\/"},{"@type":"ListItem","position":2,"name":"Obchod","item":"https:\/\/megapets.eu\/obchod\/"},{"@type":"ListItem","position":3,"name":"Spirobolellus sp. Maui&#8222;Fluorescence pod UV sv\u011btlem\""}]},{"@type":"WebSite","@id":"https:\/\/megapets.eu\/cs\/#website","url":"https:\/\/megapets.eu\/cs\/","name":"Mega Pets","description":"Jedna z najwi\u0119kszych hodowli \u015blimak\u00f3w w Europie","publisher":{"@id":"https:\/\/megapets.eu\/cs\/#organization"},"alternateName":"Mega Pets","potentialAction":[{"@type":"SearchAction","target":{"@type":"EntryPoint","urlTemplate":"https:\/\/megapets.eu\/cs\/?s={search_term_string}"},"query-input":{"@type":"PropertyValueSpecification","valueRequired":true,"valueName":"search_term_string"}}],"inLanguage":"cs"},{"@type":"Organization","@id":"https:\/\/megapets.eu\/cs\/#organization","name":"Mega Pets","url":"https:\/\/megapets.eu\/cs\/","logo":{"@type":"ImageObject","inLanguage":"cs","@id":"https:\/\/megapets.eu\/cs\/#\/schema\/logo\/image\/","url":"https:\/\/megapets.eu\/wp-content\/uploads\/2025\/04\/megapets_eu-logo.png","contentUrl":"https:\/\/megapets.eu\/wp-content\/uploads\/2025\/04\/megapets_eu-logo.png","width":2362,"height":2362,"caption":"Mega Pets"},"image":{"@id":"https:\/\/megapets.eu\/cs\/#\/schema\/logo\/image\/"},"sameAs":["https:\/\/www.facebook.com\/MegaPets.eu\/"]}]}},"_links":{"self":[{"href":"https:\/\/megapets.eu\/cs\/wp-json\/wp\/v2\/product\/6813","targetHints":{"allow":["GET"]}}],"collection":[{"href":"https:\/\/megapets.eu\/cs\/wp-json\/wp\/v2\/product"}],"about":[{"href":"https:\/\/megapets.eu\/cs\/wp-json\/wp\/v2\/types\/product"}],"wp:featuredmedia":[{"embeddable":true,"href":"https:\/\/megapets.eu\/cs\/wp-json\/wp\/v2\/media\/6816"}],"wp:attachment":[{"href":"https:\/\/megapets.eu\/cs\/wp-json\/wp\/v2\/media?parent=6813"}],"wp:term":[{"taxonomy":"product_cat","embeddable":true,"href":"https:\/\/megapets.eu\/cs\/wp-json\/wp\/v2\/product_cat?post=6813"},{"taxonomy":"product_tag","embeddable":true,"href":"https:\/\/megapets.eu\/cs\/wp-json\/wp\/v2\/product_tag?post=6813"}],"curies":[{"name":"wp","href":"https:\/\/api.w.org\/{rel}","templated":true}]}}