{"id":9354,"date":"2025-06-28T06:51:42","date_gmt":"2025-06-28T06:51:42","guid":{"rendered":"https:\/\/megapets.eu\/?post_type=product&#038;p=9354"},"modified":"2025-08-07T12:43:13","modified_gmt":"2025-08-07T12:43:13","slug":"archachatina-marginata-ovum-xxlstandard-par-p10-kopia","status":"publish","type":"product","link":"https:\/\/megapets.eu\/cs\/sneci\/archachatina-marginata-ovum-xxlstandard-par-p10-kopia\/","title":{"rendered":"Archachatina marginata ovum XXL <br> standardn\u00ed\/p\u00e1r P11"},"content":{"rendered":"<p class=\"v1v1v1v1MsoNormal\"><span style=\"color: #424242; font-size: 15px;\"><em><span style=\"color: #000000;\"><strong>\u017d\u00e1nr:<\/strong> <\/span><\/em><span style=\"color: #000000;\"><em>Archachatina marginata ovum (L. Pfeiffer, 1858)<\/em><\/span><em><br \/>\n<strong><span style=\"color: #000000;\">Zvl\u00e1\u0161tn\u00ed ozna\u010den\u00ed linie: <\/span><\/strong><\/em> <em><span style=\"color: #000000;\">&#8222;XXL&#8220;<\/span><\/em><em><br \/>\n<span style=\"color: #000000;\"><strong>Barevn\u00e1 varieta<\/strong>:<\/span><\/em> <em><span style=\"color: #000000;\">  standard<\/span><\/em><\/span><\/p>\n<p style=\"text-align: left;\"><span style=\"font-size: 15px;\"><span style=\"color: #000000;\"><em><img loading=\"lazy\" decoding=\"async\" class=\"\" src=\"https:\/\/static.xx.fbcdn.net\/images\/emoji.php\/v9\/ta\/1\/32\/1f525.png\" alt=\"\ud83d\udd25\" width=\"18\" height=\"18\"> <\/em><\/span><em style=\"color: #000000;\"><span style=\"color: #008000;\"><span style=\"color: #424242;\"><span style=\"color: #993300;\">Jeden z nejv\u011bt\u0161\u00edch suchozemsk\u00fdch \u0161nek\u016f, nesporn\u00ed ob\u0159i Archachatina marginata ovum XXL, ve standardn\u00ed barevn\u00e9 variant\u011b, zaujmou na prvn\u00ed pohled svou kolos\u00e1ln\u00ed velikost\u00ed. Hn\u011bd\u00ed ob\u0159i, zn\u00e1m\u00ed mezi milovn\u00edky \u0161nek\u016f, dosahuj\u00ed p\u016fsobiv\u00fdch rozm\u011br\u016f \u2013 p\u0159es 16 cm ulity. To v\u0161ak nen\u00ed limit \u2013 existuj\u00ed i exempl\u00e1\u0159e v\u00fdjime\u010dn\u00e9 velikosti, v rozmez\u00ed od 18 do 20 cm. Ulity skute\u010dn\u00fdch obr\u016f jsou velmi \u0161irok\u00e9 a masivn\u00ed a jeden \u0161nek tohoto druhu v\u00e1\u017e\u00ed v\u00edce ne\u017e p\u016fl kilogramu.   <\/span><\/span><\/span><\/em><\/span><\/p>\n<p style=\"text-align: left;\"><span style=\"color: #000000; font-size: 15px;\"><em><span class=\"x1xsqp64 xiy17q3 x1o6pynw x19co3pv xdj266r xcwd3tp xat24cr x39eecv x2b8uid\" data-testid=\"emoji\"><span class=\"xexx8yu xn5pp95 x18d9i69 x2fxd7x x3jgonx x1bhl96m\"><img loading=\"lazy\" decoding=\"async\" class=\"\" src=\"https:\/\/static.xx.fbcdn.net\/images\/emoji.php\/v9\/t66\/1\/32\/1f4cc.png\" alt=\"\ud83d\udccc\" width=\"18\" height=\"18\">  Matn\u00e1 sko\u0159\u00e1pka nem\u00e1 jednotn\u00e9 barevn\u00e9 sch\u00e9ma \u2013 p\u0159edstavuje \u0161k\u00e1lu od \u017elut\u00e9, oran\u017eov\u00e9, hn\u011bd\u00e9, a\u017e po \u010dern\u00e9 barvy a jejich odst\u00edny r\u016fzn\u00e9 intenzity a sytosti. Pozad\u00ed mu\u0161l\u00ed je hust\u011b poset\u00e9 v\u00fdrazn\u00fdmi pruhy, klikat\u00fdmi pruhy a skvrnami. Pruhy, klikat\u00e9 pruhy a skvrny jsou n\u011bkdy tak hust\u011b rozm\u00edst\u011bny, \u017ee mohou t\u00e9m\u011b\u0159 \u00fapln\u011b zakr\u00fdt t\u011blesnou c\u00edvku ulity a d\u00e1t j\u00ed sytou oran\u017eovohn\u011bdou barvu, nebo v\u00fdrazn\u011b ztmavit sko\u0159\u00e1pku do intenzivn\u00edch hn\u011bdo\u010dern\u00fdch odst\u00edn\u016f.  <\/span><\/span><\/em><\/span><\/p>\n<p style=\"text-align: left;\"><span style=\"color: #000000; font-size: 15px;\"><em><img loading=\"lazy\" decoding=\"async\" class=\"xz74otr\" src=\"https:\/\/static.xx.fbcdn.net\/images\/emoji.php\/v9\/t1e\/1\/16\/1f33f.png\" alt=\"\ud83c\udf3f\" width=\"18\" height=\"18\"> <span style=\"color: #008000;\">Stejn\u011b jako v\u011bt\u0161ina druh\u016f rodu Archachatina jsou tito pl\u017ei nen\u00e1ro\u010dn\u00ed a dob\u0159e se vyv\u00edjej\u00ed se z\u00e1kladn\u00edmi podm\u00ednkami ust\u00e1jen\u00ed.<\/span><\/em><\/span><\/p>\n","protected":false},"excerpt":{"rendered":"<ul>\n<li>Od nep\u0159\u00edbuzn\u00e9ho p\u00e1ru:\n<ul>\n<li>str. 11<\/li>\n<\/ul>\n<\/li>\n<li>C\u00edlov\u00e1 velikost shellu:\n<ul>\n<li>cca 16 cm a v\u00edce <\/li>\n<\/ul>\n<\/li>\n<li>Nab\u00edzen\u00fd mladistv\u00fd:\n<ul>\n<li>cca 5 cm <\/li>\n<\/ul>\n<\/li>\n<li>Cena plat\u00ed na:\n<ul>\n<li>1 ks<\/li>\n<\/ul>\n<\/li>\n<\/ul>\n","protected":false},"featured_media":13498,"template":"","meta":{"_acf_changed":false,"_links_to":"","_links_to_target":""},"product_cat":[161],"product_tag":[],"class_list":{"0":"post-9354","1":"product","2":"type-product","3":"status-publish","4":"has-post-thumbnail","6":"product_cat-sneci","8":"first","9":"instock","10":"shipping-taxable","11":"purchasable","12":"product-type-simple"},"acf":[],"yoast_head":"<!-- This site is optimized with the Yoast SEO plugin v24.9 - https:\/\/yoast.com\/wordpress\/plugins\/seo\/ -->\n<title>Archachatina marginata ovum XXL  standardn\u00ed\/p\u00e1r P11 | MegaPets<\/title>\n<meta name=\"robots\" content=\"index, follow, max-snippet:-1, max-image-preview:large, max-video-preview:-1\" \/>\n<link rel=\"canonical\" href=\"https:\/\/megapets.eu\/cs\/sneci\/archachatina-marginata-ovum-xxlstandard-par-p10-kopia\/\" \/>\n<meta property=\"og:locale\" content=\"cs_CZ\" \/>\n<meta property=\"og:type\" content=\"article\" \/>\n<meta property=\"og:title\" content=\"Archachatina marginata ovum XXL  standardn\u00ed\/p\u00e1r P11 | MegaPets\" \/>\n<meta property=\"og:description\" content=\"Od nep\u0159\u00edbuzn\u00e9ho p\u00e1ru:  str. 11   C\u00edlov\u00e1 velikost shellu:  cca 16 cm a v\u00edce   Nab\u00edzen\u00fd mladistv\u00fd:  cca 5 cm   Cena plat\u00ed na:  1 ks\" \/>\n<meta property=\"og:url\" content=\"https:\/\/megapets.eu\/cs\/sneci\/archachatina-marginata-ovum-xxlstandard-par-p10-kopia\/\" \/>\n<meta property=\"og:site_name\" content=\"MegaPets\" \/>\n<meta property=\"article:publisher\" content=\"https:\/\/www.facebook.com\/MegaPets.eu\/\" \/>\n<meta property=\"article:modified_time\" content=\"2025-08-07T12:43:13+00:00\" \/>\n<meta property=\"og:image\" content=\"https:\/\/megapets.eu\/wp-content\/uploads\/2025\/06\/33-Hulk-P11.png\" \/>\n\t<meta property=\"og:image:width\" content=\"1037\" \/>\n\t<meta property=\"og:image:height\" content=\"685\" \/>\n\t<meta property=\"og:image:type\" content=\"image\/png\" \/>\n<meta name=\"twitter:card\" content=\"summary_large_image\" \/>\n<meta name=\"twitter:label1\" content=\"Odhadovan\u00e1 doba \u010dten\u00ed\" \/>\n\t<meta name=\"twitter:data1\" content=\"1 minuta\" \/>\n<script type=\"application\/ld+json\" class=\"yoast-schema-graph\">{\"@context\":\"https:\/\/schema.org\",\"@graph\":[{\"@type\":\"WebPage\",\"@id\":\"https:\/\/megapets.eu\/cs\/sneci\/archachatina-marginata-ovum-xxlstandard-par-p10-kopia\/\",\"url\":\"https:\/\/megapets.eu\/cs\/sneci\/archachatina-marginata-ovum-xxlstandard-par-p10-kopia\/\",\"name\":\"Archachatina marginata ovum XXL standardn\u00ed\/p\u00e1r P11 | MegaPets\",\"isPartOf\":{\"@id\":\"https:\/\/megapets.eu\/cs\/#website\"},\"primaryImageOfPage\":{\"@id\":\"https:\/\/megapets.eu\/cs\/sneci\/archachatina-marginata-ovum-xxlstandard-par-p10-kopia\/#primaryimage\"},\"image\":{\"@id\":\"https:\/\/megapets.eu\/cs\/sneci\/archachatina-marginata-ovum-xxlstandard-par-p10-kopia\/#primaryimage\"},\"thumbnailUrl\":\"https:\/\/megapets.eu\/wp-content\/uploads\/2025\/06\/MegaPets_eu_optimized_main_photo.jpg\",\"datePublished\":\"2025-06-28T06:51:42+00:00\",\"dateModified\":\"2025-08-07T12:43:13+00:00\",\"breadcrumb\":{\"@id\":\"https:\/\/megapets.eu\/cs\/sneci\/archachatina-marginata-ovum-xxlstandard-par-p10-kopia\/#breadcrumb\"},\"inLanguage\":\"cs\",\"potentialAction\":[{\"@type\":\"ReadAction\",\"target\":[\"https:\/\/megapets.eu\/cs\/sneci\/archachatina-marginata-ovum-xxlstandard-par-p10-kopia\/\"]}]},{\"@type\":\"ImageObject\",\"inLanguage\":\"cs\",\"@id\":\"https:\/\/megapets.eu\/cs\/sneci\/archachatina-marginata-ovum-xxlstandard-par-p10-kopia\/#primaryimage\",\"url\":\"https:\/\/megapets.eu\/wp-content\/uploads\/2025\/06\/MegaPets_eu_optimized_main_photo.jpg\",\"contentUrl\":\"https:\/\/megapets.eu\/wp-content\/uploads\/2025\/06\/MegaPets_eu_optimized_main_photo.jpg\",\"width\":1600,\"height\":1058},{\"@type\":\"BreadcrumbList\",\"@id\":\"https:\/\/megapets.eu\/cs\/sneci\/archachatina-marginata-ovum-xxlstandard-par-p10-kopia\/#breadcrumb\",\"itemListElement\":[{\"@type\":\"ListItem\",\"position\":1,\"name\":\"Strona g\u0142\u00f3wna\",\"item\":\"https:\/\/megapets.eu\/cs\/\"},{\"@type\":\"ListItem\",\"position\":2,\"name\":\"Obchod\",\"item\":\"https:\/\/megapets.eu\/obchod\/\"},{\"@type\":\"ListItem\",\"position\":3,\"name\":\"Archachatina marginata ovum XXL standardn\u00ed\/p\u00e1r P11\"}]},{\"@type\":\"WebSite\",\"@id\":\"https:\/\/megapets.eu\/cs\/#website\",\"url\":\"https:\/\/megapets.eu\/cs\/\",\"name\":\"Mega Pets\",\"description\":\"Jedna z najwi\u0119kszych hodowli \u015blimak\u00f3w w Europie\",\"publisher\":{\"@id\":\"https:\/\/megapets.eu\/cs\/#organization\"},\"alternateName\":\"Mega Pets\",\"potentialAction\":[{\"@type\":\"SearchAction\",\"target\":{\"@type\":\"EntryPoint\",\"urlTemplate\":\"https:\/\/megapets.eu\/cs\/?s={search_term_string}\"},\"query-input\":{\"@type\":\"PropertyValueSpecification\",\"valueRequired\":true,\"valueName\":\"search_term_string\"}}],\"inLanguage\":\"cs\"},{\"@type\":\"Organization\",\"@id\":\"https:\/\/megapets.eu\/cs\/#organization\",\"name\":\"Mega Pets\",\"url\":\"https:\/\/megapets.eu\/cs\/\",\"logo\":{\"@type\":\"ImageObject\",\"inLanguage\":\"cs\",\"@id\":\"https:\/\/megapets.eu\/cs\/#\/schema\/logo\/image\/\",\"url\":\"https:\/\/megapets.eu\/wp-content\/uploads\/2025\/04\/megapets_eu-logo.png\",\"contentUrl\":\"https:\/\/megapets.eu\/wp-content\/uploads\/2025\/04\/megapets_eu-logo.png\",\"width\":2362,\"height\":2362,\"caption\":\"Mega Pets\"},\"image\":{\"@id\":\"https:\/\/megapets.eu\/cs\/#\/schema\/logo\/image\/\"},\"sameAs\":[\"https:\/\/www.facebook.com\/MegaPets.eu\/\"]}]}<\/script>\n<!-- \/ Yoast SEO plugin. -->","yoast_head_json":{"title":"Archachatina marginata ovum XXL  standardn\u00ed\/p\u00e1r P11 | MegaPets","robots":{"index":"index","follow":"follow","max-snippet":"max-snippet:-1","max-image-preview":"max-image-preview:large","max-video-preview":"max-video-preview:-1"},"canonical":"https:\/\/megapets.eu\/cs\/sneci\/archachatina-marginata-ovum-xxlstandard-par-p10-kopia\/","og_locale":"cs_CZ","og_type":"article","og_title":"Archachatina marginata ovum XXL  standardn\u00ed\/p\u00e1r P11 | MegaPets","og_description":"Od nep\u0159\u00edbuzn\u00e9ho p\u00e1ru:  str. 11   C\u00edlov\u00e1 velikost shellu:  cca 16 cm a v\u00edce   Nab\u00edzen\u00fd mladistv\u00fd:  cca 5 cm   Cena plat\u00ed na:  1 ks","og_url":"https:\/\/megapets.eu\/cs\/sneci\/archachatina-marginata-ovum-xxlstandard-par-p10-kopia\/","og_site_name":"MegaPets","article_publisher":"https:\/\/www.facebook.com\/MegaPets.eu\/","article_modified_time":"2025-08-07T12:43:13+00:00","og_image":[{"width":1037,"height":685,"url":"https:\/\/megapets.eu\/wp-content\/uploads\/2025\/06\/33-Hulk-P11.png","type":"image\/png"}],"twitter_card":"summary_large_image","twitter_misc":{"Odhadovan\u00e1 doba \u010dten\u00ed":"1 minuta"},"schema":{"@context":"https:\/\/schema.org","@graph":[{"@type":"WebPage","@id":"https:\/\/megapets.eu\/cs\/sneci\/archachatina-marginata-ovum-xxlstandard-par-p10-kopia\/","url":"https:\/\/megapets.eu\/cs\/sneci\/archachatina-marginata-ovum-xxlstandard-par-p10-kopia\/","name":"Archachatina marginata ovum XXL standardn\u00ed\/p\u00e1r P11 | MegaPets","isPartOf":{"@id":"https:\/\/megapets.eu\/cs\/#website"},"primaryImageOfPage":{"@id":"https:\/\/megapets.eu\/cs\/sneci\/archachatina-marginata-ovum-xxlstandard-par-p10-kopia\/#primaryimage"},"image":{"@id":"https:\/\/megapets.eu\/cs\/sneci\/archachatina-marginata-ovum-xxlstandard-par-p10-kopia\/#primaryimage"},"thumbnailUrl":"https:\/\/megapets.eu\/wp-content\/uploads\/2025\/06\/MegaPets_eu_optimized_main_photo.jpg","datePublished":"2025-06-28T06:51:42+00:00","dateModified":"2025-08-07T12:43:13+00:00","breadcrumb":{"@id":"https:\/\/megapets.eu\/cs\/sneci\/archachatina-marginata-ovum-xxlstandard-par-p10-kopia\/#breadcrumb"},"inLanguage":"cs","potentialAction":[{"@type":"ReadAction","target":["https:\/\/megapets.eu\/cs\/sneci\/archachatina-marginata-ovum-xxlstandard-par-p10-kopia\/"]}]},{"@type":"ImageObject","inLanguage":"cs","@id":"https:\/\/megapets.eu\/cs\/sneci\/archachatina-marginata-ovum-xxlstandard-par-p10-kopia\/#primaryimage","url":"https:\/\/megapets.eu\/wp-content\/uploads\/2025\/06\/MegaPets_eu_optimized_main_photo.jpg","contentUrl":"https:\/\/megapets.eu\/wp-content\/uploads\/2025\/06\/MegaPets_eu_optimized_main_photo.jpg","width":1600,"height":1058},{"@type":"BreadcrumbList","@id":"https:\/\/megapets.eu\/cs\/sneci\/archachatina-marginata-ovum-xxlstandard-par-p10-kopia\/#breadcrumb","itemListElement":[{"@type":"ListItem","position":1,"name":"Strona g\u0142\u00f3wna","item":"https:\/\/megapets.eu\/cs\/"},{"@type":"ListItem","position":2,"name":"Obchod","item":"https:\/\/megapets.eu\/obchod\/"},{"@type":"ListItem","position":3,"name":"Archachatina marginata ovum XXL standardn\u00ed\/p\u00e1r P11"}]},{"@type":"WebSite","@id":"https:\/\/megapets.eu\/cs\/#website","url":"https:\/\/megapets.eu\/cs\/","name":"Mega Pets","description":"Jedna z najwi\u0119kszych hodowli \u015blimak\u00f3w w Europie","publisher":{"@id":"https:\/\/megapets.eu\/cs\/#organization"},"alternateName":"Mega Pets","potentialAction":[{"@type":"SearchAction","target":{"@type":"EntryPoint","urlTemplate":"https:\/\/megapets.eu\/cs\/?s={search_term_string}"},"query-input":{"@type":"PropertyValueSpecification","valueRequired":true,"valueName":"search_term_string"}}],"inLanguage":"cs"},{"@type":"Organization","@id":"https:\/\/megapets.eu\/cs\/#organization","name":"Mega Pets","url":"https:\/\/megapets.eu\/cs\/","logo":{"@type":"ImageObject","inLanguage":"cs","@id":"https:\/\/megapets.eu\/cs\/#\/schema\/logo\/image\/","url":"https:\/\/megapets.eu\/wp-content\/uploads\/2025\/04\/megapets_eu-logo.png","contentUrl":"https:\/\/megapets.eu\/wp-content\/uploads\/2025\/04\/megapets_eu-logo.png","width":2362,"height":2362,"caption":"Mega Pets"},"image":{"@id":"https:\/\/megapets.eu\/cs\/#\/schema\/logo\/image\/"},"sameAs":["https:\/\/www.facebook.com\/MegaPets.eu\/"]}]}},"_links":{"self":[{"href":"https:\/\/megapets.eu\/cs\/wp-json\/wp\/v2\/product\/9354","targetHints":{"allow":["GET"]}}],"collection":[{"href":"https:\/\/megapets.eu\/cs\/wp-json\/wp\/v2\/product"}],"about":[{"href":"https:\/\/megapets.eu\/cs\/wp-json\/wp\/v2\/types\/product"}],"wp:featuredmedia":[{"embeddable":true,"href":"https:\/\/megapets.eu\/cs\/wp-json\/wp\/v2\/media\/13498"}],"wp:attachment":[{"href":"https:\/\/megapets.eu\/cs\/wp-json\/wp\/v2\/media?parent=9354"}],"wp:term":[{"taxonomy":"product_cat","embeddable":true,"href":"https:\/\/megapets.eu\/cs\/wp-json\/wp\/v2\/product_cat?post=9354"},{"taxonomy":"product_tag","embeddable":true,"href":"https:\/\/megapets.eu\/cs\/wp-json\/wp\/v2\/product_tag?post=9354"}],"curies":[{"name":"wp","href":"https:\/\/api.w.org\/{rel}","templated":true}]}}