{"id":9183,"date":"2024-10-06T20:40:07","date_gmt":"2024-10-06T20:40:07","guid":{"rendered":"https:\/\/megapets.eu\/levering\/"},"modified":"2025-07-11T08:03:12","modified_gmt":"2025-07-11T08:03:12","slug":"levering","status":"publish","type":"page","link":"https:\/\/megapets.eu\/da\/levering\/","title":{"rendered":"Levering"},"content":{"rendered":"<div class=\"wpb-content-wrapper\"><div class=\"porto-block\" data-id=\"8578\"><style>.wpb_custom_9bdc3fad9b77c07f8c32fe2d2273838e .porto-sicon-title{color: var(--porto-secondary-color);}.wpb_custom_9bdc3fad9b77c07f8c32fe2d2273838e.porto-sicon-mobile{--porto-infobox-mpos-align: center;}.wpb_custom_6e59a409a0311227dd42fdc628b1e726 .porto-sicon-title{color: #00a000;}.wpb_custom_6e59a409a0311227dd42fdc628b1e726.porto-sicon-mobile{--porto-infobox-mpos-align: center;}<\/style>.\r\n\r\n[vc_row][vc_column]<div class=\"porto-sicon-box  wpb_custom_9bdc3fad9b77c07f8c32fe2d2273838e style_1 default-icon flex-wrap\"><div class=\"porto-sicon-default\"><div class=\"porto-just-icon-wrapper porto-icon none\" style=\"color:var(--porto-secondary-color);font-size:24px;\"><i class=\"fas fa-th\"><\/i><\/div><\/div><div class=\"porto-sicon-header\"><h4 class=\"porto-sicon-title\" style=\"\">Paczkomaty<\/h4><\/div> <!-- header --><div class=\"porto-sicon-description\" style=\"\"><strong>Levering til InPost-pakkemaskine:<\/strong> 15 z\u0142\r\nGratis levering fra 75 z\u0142<\/div> <!-- description --><\/div><!-- porto-sicon-box --><div class=\"porto-sicon-box  wpb_custom_9bdc3fad9b77c07f8c32fe2d2273838e style_1 default-icon flex-wrap\"><div class=\"porto-sicon-default\"><div class=\"porto-just-icon-wrapper porto-icon none\" style=\"color:var(--porto-secondary-color);font-size:24px;\"><i class=\"fas fa-shipping-fast\"><\/i><\/div><\/div><div class=\"porto-sicon-header\"><h4 class=\"porto-sicon-title\" style=\"\">Kurerleverancer<\/h4><\/div> <!-- header --><div class=\"porto-sicon-description\" style=\"\"><strong>DPD kurer:<\/strong> 12 z\u0142\r\nGratis levering fra 65 z\u0142\r\n\r\n<strong>InPost kurer:<\/strong> 15 z\u0142\r\nGratis levering fra 75 z\u0142<\/div> <!-- description --><\/div><!-- porto-sicon-box -->[vc_empty_space]<div class=\"porto-sicon-box  wpb_custom_6e59a409a0311227dd42fdc628b1e726 style_1 default-icon flex-wrap\"><div class=\"porto-sicon-default\"><div class=\"porto-just-icon-wrapper porto-icon none\" style=\"color:#009100;font-size:24px;\"><i class=\"fas fa-globe-americas\"><\/i><\/div><\/div><div class=\"porto-sicon-header\"><h3 class=\"porto-sicon-title\" style=\"\">Internationale forsendelser som standard<\/h3><\/div> <!-- header --><div class=\"porto-sicon-description\" style=\"\"><strong>Forsendelse til udlandet:<\/strong> \u00a369\r\nInkluderer: \u00d8strig, Belgien, Tjekkiet, Danmark, Estland, Holland, Litauen, Luxembourg, Letland, Tyskland, Slovakiet, Ungarn\r\n\r\nGratis levering fra 650 z\u0142<\/div> <!-- description --><\/div><!-- porto-sicon-box --><div class=\"porto-sicon-box  wpb_custom_6e59a409a0311227dd42fdc628b1e726 style_1 default-icon flex-wrap\"><div class=\"porto-sicon-default\"><div class=\"porto-just-icon-wrapper porto-icon none\" style=\"color:#009100;font-size:24px;\"><i class=\"fas fa-globe\"><\/i><\/div><\/div><div class=\"porto-sicon-header\"><h3 class=\"porto-sicon-title\" style=\"\">Internationale forsendelser som standard<\/h3><\/div> <!-- header --><div class=\"porto-sicon-description\" style=\"\"><strong>Forsendelse til udlandet:<\/strong> \u00a399\r\nInkluderer: Bulgarien, Kroatien, Finland, Frankrig, Gr\u00e6kenland, Spanien, Irland, Portugal, Rum\u00e6nien, Slovenien, Sverige, Italien, Storbritannien, Schweiz\r\n\r\nGratis levering fra 650 z\u0142<\/div> <!-- description --><\/div><!-- porto-sicon-box -->[vc_column_text css=\"\"]\ud83d\udce6 Forsendelse til alle EU-lande samt til England.[\/vc_column_text][\/vc_column][\/vc_row]<\/div>\n<\/div>","protected":false},"excerpt":{"rendered":". [vc_row][vc_column]Paczkomaty Levering til InPost-pakkemaskine: 15 z\u0142 Gratis levering fra 75 z\u0142 Kurerleverancer DPD kurer: 12 z\u0142 Gratis levering fra 65 z\u0142 InPost kurer: 15 z\u0142 Gratis levering fra 75 z\u0142 [vc_empty_space]Internationale forsendelser som standard Forsendelse til udlandet: \u00a369 Inkluderer: \u00d8strig, Belgien, Tjekkiet, Danmark, Estland, Holland, Litauen, Luxembourg, Letland, Tyskland, Slovakiet, Ungarn Gratis levering fra [...]","protected":false},"author":4,"featured_media":0,"parent":0,"menu_order":0,"comment_status":"closed","ping_status":"closed","template":"","meta":{"_acf_changed":false,"footnotes":"","_links_to":"","_links_to_target":""},"class_list":["post-9183","page","type-page","status-publish","hentry"],"acf":[],"yoast_head":"<!-- This site is optimized with the Yoast SEO plugin v24.9 - https:\/\/yoast.com\/wordpress\/plugins\/seo\/ -->\n<title>Levering | MegaPets<\/title>\n<meta name=\"robots\" content=\"index, follow, max-snippet:-1, max-image-preview:large, max-video-preview:-1\" \/>\n<link rel=\"canonical\" href=\"https:\/\/megapets.eu\/da\/levering\/\" \/>\n<meta property=\"og:locale\" content=\"da_DK\" \/>\n<meta property=\"og:type\" content=\"article\" \/>\n<meta property=\"og:title\" content=\"Levering | MegaPets\" \/>\n<meta property=\"og:url\" content=\"https:\/\/megapets.eu\/da\/levering\/\" \/>\n<meta property=\"og:site_name\" content=\"MegaPets\" \/>\n<meta property=\"article:publisher\" content=\"https:\/\/www.facebook.com\/MegaPets.eu\/\" \/>\n<meta property=\"article:modified_time\" content=\"2025-07-11T08:03:12+00:00\" \/>\n<meta property=\"og:image\" content=\"https:\/\/megapets.eu\/wp-content\/uploads\/2025\/04\/megapets_eu-info-scaled.png\" \/>\n\t<meta property=\"og:image:width\" content=\"2560\" \/>\n\t<meta property=\"og:image:height\" content=\"1735\" \/>\n\t<meta property=\"og:image:type\" content=\"image\/png\" \/>\n<meta name=\"twitter:card\" content=\"summary_large_image\" \/>\n<meta name=\"twitter:label1\" content=\"Estimeret l\u00e6setid\" \/>\n\t<meta name=\"twitter:data1\" content=\"1 minut\" \/>\n<script type=\"application\/ld+json\" class=\"yoast-schema-graph\">{\"@context\":\"https:\/\/schema.org\",\"@graph\":[{\"@type\":\"WebPage\",\"@id\":\"https:\/\/megapets.eu\/da\/levering\/\",\"url\":\"https:\/\/megapets.eu\/da\/levering\/\",\"name\":\"Levering | MegaPets\",\"isPartOf\":{\"@id\":\"https:\/\/megapets.eu\/da\/#website\"},\"datePublished\":\"2024-10-06T20:40:07+00:00\",\"dateModified\":\"2025-07-11T08:03:12+00:00\",\"breadcrumb\":{\"@id\":\"https:\/\/megapets.eu\/da\/levering\/#breadcrumb\"},\"inLanguage\":\"da-DK\",\"potentialAction\":[{\"@type\":\"ReadAction\",\"target\":[\"https:\/\/megapets.eu\/da\/levering\/\"]}]},{\"@type\":\"BreadcrumbList\",\"@id\":\"https:\/\/megapets.eu\/da\/levering\/#breadcrumb\",\"itemListElement\":[{\"@type\":\"ListItem\",\"position\":1,\"name\":\"Strona g\u0142\u00f3wna\",\"item\":\"https:\/\/megapets.eu\/da\/\"},{\"@type\":\"ListItem\",\"position\":2,\"name\":\"Levering\"}]},{\"@type\":\"WebSite\",\"@id\":\"https:\/\/megapets.eu\/da\/#website\",\"url\":\"https:\/\/megapets.eu\/da\/\",\"name\":\"Mega Pets\",\"description\":\"Jedna z najwi\u0119kszych hodowli \u015blimak\u00f3w w Europie\",\"publisher\":{\"@id\":\"https:\/\/megapets.eu\/da\/#organization\"},\"alternateName\":\"Mega Pets\",\"potentialAction\":[{\"@type\":\"SearchAction\",\"target\":{\"@type\":\"EntryPoint\",\"urlTemplate\":\"https:\/\/megapets.eu\/da\/?s={search_term_string}\"},\"query-input\":{\"@type\":\"PropertyValueSpecification\",\"valueRequired\":true,\"valueName\":\"search_term_string\"}}],\"inLanguage\":\"da-DK\"},{\"@type\":\"Organization\",\"@id\":\"https:\/\/megapets.eu\/da\/#organization\",\"name\":\"Mega Pets\",\"url\":\"https:\/\/megapets.eu\/da\/\",\"logo\":{\"@type\":\"ImageObject\",\"inLanguage\":\"da-DK\",\"@id\":\"https:\/\/megapets.eu\/da\/#\/schema\/logo\/image\/\",\"url\":\"https:\/\/megapets.eu\/wp-content\/uploads\/2025\/04\/megapets_eu-logo.png\",\"contentUrl\":\"https:\/\/megapets.eu\/wp-content\/uploads\/2025\/04\/megapets_eu-logo.png\",\"width\":2362,\"height\":2362,\"caption\":\"Mega Pets\"},\"image\":{\"@id\":\"https:\/\/megapets.eu\/da\/#\/schema\/logo\/image\/\"},\"sameAs\":[\"https:\/\/www.facebook.com\/MegaPets.eu\/\"]}]}<\/script>\n<!-- \/ Yoast SEO plugin. -->","yoast_head_json":{"title":"Levering | MegaPets","robots":{"index":"index","follow":"follow","max-snippet":"max-snippet:-1","max-image-preview":"max-image-preview:large","max-video-preview":"max-video-preview:-1"},"canonical":"https:\/\/megapets.eu\/da\/levering\/","og_locale":"da_DK","og_type":"article","og_title":"Levering | MegaPets","og_url":"https:\/\/megapets.eu\/da\/levering\/","og_site_name":"MegaPets","article_publisher":"https:\/\/www.facebook.com\/MegaPets.eu\/","article_modified_time":"2025-07-11T08:03:12+00:00","og_image":[{"width":2560,"height":1735,"url":"https:\/\/megapets.eu\/wp-content\/uploads\/2025\/04\/megapets_eu-info-scaled.png","type":"image\/png"}],"twitter_card":"summary_large_image","twitter_misc":{"Estimeret l\u00e6setid":"1 minut"},"schema":{"@context":"https:\/\/schema.org","@graph":[{"@type":"WebPage","@id":"https:\/\/megapets.eu\/da\/levering\/","url":"https:\/\/megapets.eu\/da\/levering\/","name":"Levering | MegaPets","isPartOf":{"@id":"https:\/\/megapets.eu\/da\/#website"},"datePublished":"2024-10-06T20:40:07+00:00","dateModified":"2025-07-11T08:03:12+00:00","breadcrumb":{"@id":"https:\/\/megapets.eu\/da\/levering\/#breadcrumb"},"inLanguage":"da-DK","potentialAction":[{"@type":"ReadAction","target":["https:\/\/megapets.eu\/da\/levering\/"]}]},{"@type":"BreadcrumbList","@id":"https:\/\/megapets.eu\/da\/levering\/#breadcrumb","itemListElement":[{"@type":"ListItem","position":1,"name":"Strona g\u0142\u00f3wna","item":"https:\/\/megapets.eu\/da\/"},{"@type":"ListItem","position":2,"name":"Levering"}]},{"@type":"WebSite","@id":"https:\/\/megapets.eu\/da\/#website","url":"https:\/\/megapets.eu\/da\/","name":"Mega Pets","description":"Jedna z najwi\u0119kszych hodowli \u015blimak\u00f3w w Europie","publisher":{"@id":"https:\/\/megapets.eu\/da\/#organization"},"alternateName":"Mega Pets","potentialAction":[{"@type":"SearchAction","target":{"@type":"EntryPoint","urlTemplate":"https:\/\/megapets.eu\/da\/?s={search_term_string}"},"query-input":{"@type":"PropertyValueSpecification","valueRequired":true,"valueName":"search_term_string"}}],"inLanguage":"da-DK"},{"@type":"Organization","@id":"https:\/\/megapets.eu\/da\/#organization","name":"Mega Pets","url":"https:\/\/megapets.eu\/da\/","logo":{"@type":"ImageObject","inLanguage":"da-DK","@id":"https:\/\/megapets.eu\/da\/#\/schema\/logo\/image\/","url":"https:\/\/megapets.eu\/wp-content\/uploads\/2025\/04\/megapets_eu-logo.png","contentUrl":"https:\/\/megapets.eu\/wp-content\/uploads\/2025\/04\/megapets_eu-logo.png","width":2362,"height":2362,"caption":"Mega Pets"},"image":{"@id":"https:\/\/megapets.eu\/da\/#\/schema\/logo\/image\/"},"sameAs":["https:\/\/www.facebook.com\/MegaPets.eu\/"]}]}},"_links":{"self":[{"href":"https:\/\/megapets.eu\/da\/wp-json\/wp\/v2\/pages\/9183","targetHints":{"allow":["GET"]}}],"collection":[{"href":"https:\/\/megapets.eu\/da\/wp-json\/wp\/v2\/pages"}],"about":[{"href":"https:\/\/megapets.eu\/da\/wp-json\/wp\/v2\/types\/page"}],"author":[{"embeddable":true,"href":"https:\/\/megapets.eu\/da\/wp-json\/wp\/v2\/users\/4"}],"replies":[{"embeddable":true,"href":"https:\/\/megapets.eu\/da\/wp-json\/wp\/v2\/comments?post=9183"}],"version-history":[{"count":1,"href":"https:\/\/megapets.eu\/da\/wp-json\/wp\/v2\/pages\/9183\/revisions"}],"predecessor-version":[{"id":9647,"href":"https:\/\/megapets.eu\/da\/wp-json\/wp\/v2\/pages\/9183\/revisions\/9647"}],"wp:attachment":[{"href":"https:\/\/megapets.eu\/da\/wp-json\/wp\/v2\/media?parent=9183"}],"curies":[{"name":"wp","href":"https:\/\/api.w.org\/{rel}","templated":true}]}}