{"id":9205,"date":"2023-02-10T14:50:18","date_gmt":"2023-02-10T14:50:18","guid":{"rendered":"https:\/\/megapets.eu\/vedtaegt\/"},"modified":"2023-02-10T14:50:18","modified_gmt":"2023-02-10T14:50:18","slug":"vedtaegt","status":"publish","type":"page","link":"https:\/\/megapets.eu\/da\/vedtaegt\/","title":{"rendered":"Vedt\u00e6gt"},"content":{"rendered":"<p>K\u00e6re kunder, for at tage os af kvaliteten af de tjenester, der leveres af vores onlinebutik, har vi udarbejdet vilk\u00e5r og betingelser for brug af MegaPets Online Store, der findes p\u00e5 dom\u00e6neadressen <a href=\"http:\/\/www.megapets.eu\">www.megapets.eu<\/a> i det f\u00f8lgende ben\u00e6vnt &#8220;Vilk\u00e5r og betingelser&quot;.<span class=\"Apple-converted-space\">\u00a0<\/span><\/p>\n<p><b>Vilk\u00e5rene og betingelserne indeholder reglerne for onlinebutikkens funktion og de oplysninger, der er n\u00f8dvendige for at afgive ordrer i onlinebutikken for produkter og dyr, der er i s\u00e6lgers tilbud. P\u00e5 grund af det faktum, at genstanden for salg i denne onlinebutik blandt andet er dyr, beder s\u00e6lgeren dig venligst om at tr\u00e6ffe ansvarlige beslutninger i denne henseende for at beskytte dyr. <span class=\"Apple-converted-space\"> <\/span><\/b><\/p>\n<p>Forretningsbetingelserne er udarbejdet p\u00e5 grundlag af bestemmelserne i lov af 30. maj 2014 om forbrugerrettigheder, lov af 18. juli 2002 om levering af elektroniske tjenester, den civile lovbog og Europa-Parlamentets og R\u00e5dets generelle forordning af 27. april 2016 om beskyttelse af personoplysninger<span class=\"Apple-converted-space\"> <\/span><\/p>\n<p>Vi opfordrer dig til at l\u00e6se det fulde indhold af vilk\u00e5rene og betingelserne, f\u00f8r du afgiver en ordre. <span class=\"Apple-converted-space\"> <\/span><\/p>\n<p><b>\u00a71 ORDLISTE<\/b><\/p>\n<p>I vilk\u00e5rene og betingelserne har vi brugt f\u00f8lgende udtryk, som skal forst\u00e5s som f\u00f8lger:<\/p>\n<ol>\n<li style=\"list-style-type: none;\">\n<ol>\n<li><b>Administrator af personoplysninger<\/b> &#8211; myndighed, organisatorisk enhed, enhed eller person, der tr\u00e6ffer afg\u00f8relse om form\u00e5lene med og hj\u00e6lpemidlerne til behandling af personoplysninger i overensstemmelse med definitionen i artikel 7, stk. 4, i lov af 29. august 1997 om beskyttelse af personoplysninger<\/li>\n<li><b>E-mail-adresse<\/b> \u2013 e-mail-adresse p\u00e5 Webshoppen, dvs. <a href=\"mailto:contact@megapets.eu\">contact@megapets.eu<\/a><\/li>\n<li><b>Client<\/b> &#8211; en fysisk person, en juridisk person og en organisatorisk enhed, som ikke er en juridisk person, men som har f\u00e5et rets- og handleevne i henhold til s\u00e6rlige regler, der afgiver eller har til hensigt at afgive en ordre i onlinebutikken; <span class=\"Apple-converted-space\"> <\/span><\/li>\n<li><b>Koszyk<\/b> \u2013 et omr\u00e5de i onlinebutikken, der stilles individuelt til r\u00e5dighed for kunden, hvor kunden kan indsamle de n\u00f8dvendige oplysninger om deres k\u00f8b p\u00e5 et givet tidspunkt og detaljer om den afgivne ordre.<span class=\"Apple-converted-space\">\u00a0<\/span><\/li>\n<li><b>Notification<\/b> \u2013 en elektronisk meddelelse sendt til kundens e-mailadresse, der blev oplyst i forbindelse med udfyldelsen af bestillingsformularen i onlinebutikken, og som indeholder specifikke oplysninger.<span class=\"Apple-converted-space\">\u00a0<\/span><\/li>\n<li><b>Product<\/b> &#8211; en l\u00f8s\u00f8regenstand eller et dyr, der er tilg\u00e6ngeligt i Webshoppens tilbud, og som er genstand for salgskontrakten mellem Kunden og S\u00e6lgeren.<\/li>\n<li><b>Webshop<\/b> \u2013 Butik, der drives af s\u00e6lgeren, hvor kunder kan k\u00f8be produkter i s\u00e6lgerens tilbud via internettet (elektronisk).<span class=\"Apple-converted-space\">\u00a0<\/span><\/li>\n<li><b>S\u00e6lger<\/b> \u2013 s\u00e6lgeren og ejeren af Onlinebutikken er <b>MegaPets Serhii Bondariuk<\/b><span class=\"Apple-converted-space\"> <\/span><b> <\/b>med hjemsted p\u00e5 adressen for Lillepolske voivodskab, Krak\u00f3w-distriktet, Skawina Kommune, lokalt. Skawina, Lipowa Street, No. 5a, lok. 2, 32-050, NIP 9442289433, tlf. 796965220.<span class=\"Apple-converted-space\"> <\/span><\/li>\n<li><b>Kontrakt<\/b> <b>Salg<\/b> \u2013 en fjernaftale indg\u00e5et mellem s\u00e6lger og kunden, hvis genstand er k\u00f8b af produkter, der tilbydes af onlinebutikken, lavet manuelt til kundens individuelle ordre.<span class=\"Apple-converted-space\">\u00a0<\/span><\/li>\n<li><b>Order<\/b> &#8211; en viljeserkl\u00e6ring fra kunden, der direkte sigter mod indg\u00e5else af en salgskontrakt, hvor kunden specificerer sine detaljer. <span class=\"Apple-converted-space\"> <\/span><\/li>\n<\/ol>\n<\/li>\n<\/ol>\n<p><b>\u00a72 ALMINDELIGE BESTEMMELSER<\/b><\/p>\n<ol>\n<li>S\u00e6lgeren er administrator af personoplysninger, som kunden har givet som f\u00f8lge af brugen af onlinebutikken. <span class=\"Apple-converted-space\"> <\/span><\/li>\n<li>Oplysninger om de metoder til beskyttelse af personoplysninger, som s\u00e6lgeren anvender, findes i privatlivspolitikken, som udg\u00f8r bilag nr. 1 til disse vilk\u00e5r og betingelser. <span class=\"Apple-converted-space\"> <\/span><\/li>\n<li>Alle oplysninger p\u00e5 onlinebutikkens websted vedr\u00f8rende produkterne (herunder priser) udg\u00f8r ikke et tilbud i henhold til artikel 66 i den civile lovbog af 23. april 1964 (dvs. lovtidende for 2020, punkt 1740, som \u00e6ndret), men en opfordring til at indg\u00e5 en aftale i henhold til artikel 71 i den civile lovbog af 23. april 1964 (dvs. lovtidende for 2020, punkt 1740,  som \u00e6ndret). Ved at sende ordreformularen afgiver kunden et tilbud om at k\u00f8be de angivne varer til den pris og p\u00e5 de vilk\u00e5r, der er angivet i beskrivelsen. <\/li>\n<li><b><\/b>For at kunne bruge butikken, herunder gennemse butikkens sortiment og afgive ordrer p\u00e5 produkter, er det n\u00f8dvendigt at have en slutenhed med adgang til internettet og en webbrowser, et tastatur eller andet pegeredskab, der muligg\u00f8r korrekt udfyldelse af elektroniske formularer, hvilket er n\u00f8dvendigt for korrekt afgivelse af ordren, en aktiv e-mail-konto og aktiverede cookies.<span class=\"Apple-converted-space\">\u00a0<\/span><\/li>\n<\/ol>\n<p><b>\u00a73 REGLER FOR REGISTRERING OG BESTILLING<span class=\"Apple-converted-space\"> <\/span><\/b><\/p>\n<ol>\n<li>Det er muligt at foretage k\u00f8b i onlinebutikken uden at registrere en kundekonto. S\u00e6lgeren opfordrer dig dog til at foretage k\u00f8b sammen med registrering (oprettelse af en konto). Registrering finder sted, n\u00e5r den f\u00f8rste ordre afgives ved at v\u00e6lge muligheden OPRET EN KONTO? i bestillingsformularen. <span class=\"Apple-converted-space\"> <\/span><\/li>\n<li>Ved tilf\u00f8jelse af data til klientkontoen er kunden forpligtet til at angive korrekte data. Det er forbudt at give data fra tredjeparter. <\/li>\n<li>Ordrer afgives 7 dage om ugen, 24 timer i d\u00f8gnet. <\/li>\n<li>For at afgive en ordre skal kunden f\u00f8rst v\u00e6lge det produkt, han er interesseret i, fra s\u00e6lgerens tilbud ved at angive dets parametre og derefter tilf\u00f8je det angivne produkt til indk\u00f8bskurven ved at klikke p\u00e5 knappen TILF\u00d8J TIL KURV. Ved at klikke p\u00e5 denne knap flyttes produktet til indk\u00f8bskurven, hvorefter kunden kan forts\u00e6tte med at handle. <span class=\"Apple-converted-space\"> <\/span><\/li>\n<li>For at gennemf\u00f8re k\u00f8bet i Webshoppen g\u00e5r kunden ind i indk\u00f8bskurven ved at klikke p\u00e5 dens ikon, der er tilg\u00e6ngeligt i \u00f8verste h\u00f8jre hj\u00f8rne af Onlinebutikken. <span class=\"Apple-converted-space\"> <\/span><\/li>\n<li>Efter at have indtastet indk\u00f8bskurven, overf\u00f8res kunden til ordreformularen, som skal udfyldes ved at indtaste de data, der kr\u00e6ves i formularen, og indsende de n\u00f8dvendige viljeserkl\u00e6ringer. Den endelige bekr\u00e6ftelse af placeringen sker ved at klikke p\u00e5 knappen <b>JEG K\u00d8BER OG BETALER <\/b>tilg\u00e6ngelig i ordreformularen.<span class=\"Apple-converted-space\">\u00a0<\/span><\/li>\n<li>Alle oplysninger p\u00e5 onlinebutikkens websted vedr\u00f8rende produkterne (herunder priser) udg\u00f8r ikke et tilbud i henhold til artikel 66 i den civile lovbog af 23. april 1964 (dvs. lovtidende for 2020, punkt 1740, som \u00e6ndret), men en opfordring til at indg\u00e5 en aftale i henhold til artikel 71 i den civile lovbog af 23. april 1964 (dvs. lovtidende for 2020, punkt 1740,  som \u00e6ndret). Ved at sende ordreformularen afgiver kunden et tilbud om at k\u00f8be de angivne varer til den pris og p\u00e5 de vilk\u00e5r, der er angivet i beskrivelsen. <\/li>\n<li>I tilf\u00e6lde af afgivelse af en ordre, hvis emne vil v\u00e6re et hvirvell\u00f8se dyr (snegl), inviterer og opfordrer s\u00e6lger dig til at l\u00e6se oplysningerne om reglerne for pleje af denne type dyr, som er tilg\u00e6ngelige p\u00e5 hjemmesiden <a href=\"http:\/\/www.megapets.eu\">www.megapets.eu<\/a>. Hvis du har brug for yderligere information eller vejledning, opfordrer s\u00e6lger dig til at kontakte os direkte p\u00e5 <a href=\"mailto:contact@magapets.eu\">contact@magapets.eu<\/a>.<span class=\"Apple-converted-space\">\u00a0<\/span><\/li>\n<\/ol>\n<p><b>\u00a74 BETALING OG LEVERING<\/b><\/p>\n<ol>\n<li>Betaling for de k\u00f8bte produkter kan efter kundens valg foretages p\u00e5 en af f\u00f8lgende m\u00e5der:<span class=\"Apple-converted-space\"> <\/span>\n<ol>\n<li>Betalinger via bankoverf\u00f8rsel til s\u00e6lgers konto; <span class=\"Apple-converted-space\"> <\/span><\/li>\n<li>via det stripe.com betalingssystem (detaljer findes p\u00e5 https:\/\/stripe.com\/en-pl-webstedet)<\/li>\n<\/ol>\n<\/li>\n<li><b>I tilf\u00e6lde af afgivelse af en ordre fra kunden foretr\u00e6kker s\u00e6lgeren at levere produktet ved at afhente det personligt p\u00e5 s\u00e6lgers kontor. P\u00e5 kundens anmodning udf\u00f8rer s\u00e6lger levering via forsendelse i de former, der er angivet i punkt 3 nedenfor. Det skal dog huskes, at genstanden for ordren er et levende v\u00e6sen\/hvirvell\u00f8se dyr, for hvilket det ikke anbefales at sende det. <span class=\"Apple-converted-space\"> <\/span><\/b><\/li>\n<li>Levering af de k\u00f8bte produkter p\u00e5 kundens anmodning udf\u00f8res af en ekstern transport\u00f8r\/kurerfirma, f.eks. Inpost\/DHL; <span class=\"Apple-converted-space\"> <\/span><\/li>\n<li>Leveringstider for individuelle produkter kan variere. Den gennemsnitlige tid til forberedelse af en ordre til forsendelse er op til 5 arbejdsdage regnet fra datoen for reservationen af det skyldige bel\u00f8b for den afgivne ordre. Under s\u00e6rlige omst\u00e6ndigheder afsendes varerne efter 10 arbejdsdage. <span class=\"Apple-converted-space\"> <\/span><\/li>\n<li>Kunden informeres om udf\u00f8relsen af ordren og forsendelsen ved at sende en passende besked til den e-mailadresse, der blev angivet under registreringen eller afgivelsen af ordren. <\/li>\n<\/ol>\n<ol start=\"6\">\n<li>Ved modtagelse af forsendelsen bedes kunden n\u00f8je kontrollere fuldst\u00e6ndigheden af forsendelsens indhold, tilstanden af den ydre emballage og det bestilte produkts tilstand i overv\u00e6relse af transport\u00f8ren\/spedit\u00f8ren. <span class=\"Apple-converted-space\"> <\/span>Hvis pakkens emballage viser tegn p\u00e5 skade, b\u00f8r du ikke acceptere pakken eller kurerens tilstedev\u00e6relse \u00e5bne den, eventuelt udarbejde en skadesrapport og dokumentere eventuelle skader ved hj\u00e6lp af fotos eller video, og derefter kontakte s\u00e6lgeren s\u00e5 hurtigt som muligt for at afklare sagen. Dette giver dig mulighed for at l\u00f8se problemet med det samme. <span class=\"Apple-converted-space\"> <\/span><\/li>\n<\/ol>\n<p><b>\u00a75. KLAGER<span class=\"Apple-converted-space\"> <\/span><\/b><\/p>\n<ol>\n<li>S\u00e6lgeren er ansvarlig over for kunden, hvis den solgte vare har en fysisk eller juridisk defekt (garanti), i henhold til reglerne i loven af 30. maj 2014 om forbrugerrettigheder, den civile lovbog af 23. april 1964 og direktiv 1999\/44\/EF af 25. maj 1999 om visse aspekter af salg af forbrugsvarer og relaterede garantier. S\u00e6lgeren er ansvarlig over for forbrugeren for produktets overholdelse af aftalen p\u00e5 de vilk\u00e5r, der f\u00f8lger af forbrugerloven, og over for iv\u00e6rks\u00e6ttere for defekten ved produktet p\u00e5 de vilk\u00e5r, der f\u00f8lger af den civile lovbog og andre relevante lovbestemmelser samt p\u00e5 grundlag af disse vilk\u00e5r og betingelser. <\/li>\n<li>I tilf\u00e6lde af afgivelse af en ordre p\u00e5 en snegl og valg af den forsendelse, der er n\u00e6vnt i punkt 3 ovenfor, oplyser s\u00e6lgeren, at p\u00e5 grund af sneglens fysiologiske struktur er v\u00e6ksten af en ny skal bl\u00f8d og delikat af natur. Af denne grund kan v\u00e6ksten <b>kan blive p\u00e5virket<\/b>\/ beskadiget<b> <\/b>(kroger v\u00e6ksten af sneglens krop, kl\u00e6ber kraftigt til beholderens v\u00e6g og s\u00e5 videre). Dette er dog ikke en defekt ved produktet, men er et f\u00e6nomen, der ofte st\u00f8der p\u00e5 i naturen. <span class=\"Apple-converted-space\"> <\/span><\/li>\n<li>Hver kunde har ret til at indgive en klage. Ved ud\u00f8velse af denne ret bliver kunden bedt om pr\u00e6cist at beskrive produktets defekt. <span class=\"Apple-converted-space\"> <\/span><\/li>\n<li><b>S\u00e6lger g\u00f8r for at sikre p\u00e5lidelig udf\u00f8relse af ordrer opm\u00e6rksom p\u00e5, at der kan v\u00e6re forskelle i farverne p\u00e5 produkterne som f\u00f8lge af forskelle i indstillingerne p\u00e5 sk\u00e6rmen\/sk\u00e6rmen i enheden. Derfor er s\u00e6lger ikke ansvarlig for forskelle i farver for\u00e5rsaget af forvr\u00e6ngning af kundens enhed og for fejl ved varerne for\u00e5rsaget ikke af kundens fejl. Derudover g\u00f8r s\u00e6lger opm\u00e6rksom p\u00e5, at de produktbilleder, der er placeret p\u00e5 onlinebutikkens hjemmeside, er eksempelbilleder og ikke fotos af et specifikt individuelt produkt. Derfor den mulige forekomst af forskelle. <span class=\"Apple-converted-space\"> <\/span><\/b><\/li>\n<li>F\u00f8r der indgives en klage og afsendelse af produktet, bedes kunden kontakte s\u00e6lgeren via telefon eller e-mail for at fremskynde klageproceduren. <\/li>\n<li>S\u00e6lger forpligter sig til at behandle klagen inden for 14 dage fra datoen for indgivelse af klagen fra kunden. <span class=\"Apple-converted-space\"> <\/span><\/li>\n<li>Hver kunde vil blive informeret om resultatet af klageproceduren via e-mail eller skriftligt. <span class=\"Apple-converted-space\"> <\/span><\/li>\n<\/ol>\n<p><b>\u00a76. FORTRYDELSESRET FRA KONTRAKTEN<x ID=\"820\"\/><\/p>\n<ol>\n<li>I henhold til artikel 27 i lov om forbrugerrettigheder skal hver kunde, hvis han eller hun har status som <b>Forbruger eller er en fysisk person, der indg\u00e5r en aftale, der er direkte relateret til hans eller hendes forretningsaktivitet, hvis indholdet af denne aftale viser, at den ikke er af erhvervsm\u00e6ssig karakter for denne person, navnlig som f\u00f8lge af genstanden for hans\/hendes forretningsaktivitet, der stilles til r\u00e5dighed p\u00e5 grundlag af bestemmelserne om den centrale registrering og oplysninger om virksomhed<\/b> har ret til at fortryde aftalen uden at angive en grund inden for den lovbestemte frist p\u00e5 14 dage fra dens indg\u00e5else eller modtagelse af produktet, alt efter hvad der er senest. <span class=\"Apple-converted-space\"> <\/span><\/li>\n<li>I henhold til artikel 38 i forbrugerrettighedsloven har den i punkt 1 ovenfor omhandlede enhed ikke ret til at fortryde en aftale, hvor genstanden for tjenesten er <b>ikke-pr\u00e6fabrikeret vare<\/b>, fremstillet efter forbrugerens specifikationer eller <b>brugt til at opfylde forbrugerens individuelle behov<\/b> som er tilf\u00e6ldet med specifikke produkter, der s\u00e6lges i onlinebutikken, s\u00e5som snegle.<span class=\"Apple-converted-space\"> <\/span><\/li>\n<li>For at ud\u00f8ve retten til at fortryde kontrakten skal der indsendes en passende viljeerkl\u00e6ring, som sendes til s\u00e6lgeren sammen med det k\u00f8bte produkt og oplysninger om kundens bankkonto, hvortil tilbagebetalingen af produktprisen vil blive foretaget. <span class=\"Apple-converted-space\"> <\/span><\/li>\n<li>Ved at ud\u00f8ve retten til at fortryde en fjernaftale b\u00e6rer kunden omkostningerne ved at returnere produktet til s\u00e6lgeren. <span class=\"Apple-converted-space\"> <\/span><\/li>\n<li>S\u00e6lgeren accepterer ikke forsendelser med efterkrav, b\u00e5de i tilf\u00e6lde af reklamationskrav og krav som f\u00f8lge af retten til at fortryde kontrakten. <span class=\"Apple-converted-space\"> <\/span><\/li>\n<li>Efter indsendelse af en hensigtserkl\u00e6ring om at fortryde aftalen, vil prisen p\u00e5 produktet blive returneret til kunden, samt omkostningerne til forsendelse af produktet, der er p\u00e5l\u00f8bet under k\u00f8bet, op til det bel\u00f8b, der svarer til den billigste forsendelsesmulighed, der er tilg\u00e6ngelig i s\u00e6lgers tilbud inden for 14 dage, men ikke tidligere end f\u00f8r modtagelse af varen. <\/li>\n<\/ol>\n<p><b>\u00a77. AFSLUTTENDE BESTEMMELSER<\/b><\/p>\n<ol>\n<li><b>I sager, der ikke er reguleret, finder de relevante bestemmelser i almindeligt g\u00e6ldende polsk ret anvendelse.<\/b><\/li>\n<li>Enhver Klient med den status, der er n\u00e6vnt i \u00a76, nr. 1, har ret til at anvende udenretslige metoder til at behandle klager og forf\u00f8lge krav, s\u00e5som:\n<ol>\n<li>permanent forbrugervoldgiftsret, hvor der kan indgives beg\u00e6ring om bil\u00e6ggelse af tvister, der opst\u00e5r i forbindelse med den indg\u00e5ede k\u00f8bsaftale, <span class=\"Apple-converted-space\"> <\/span><\/li>\n<li>distrikts- eller kommunal forbrugerombudsmand eller sociale organisationer, hvis lovbestemte opgaver er at beskytte forbrugerrettigheder. <\/li>\n<\/ol>\n<\/li>\n<li>En onlineplatform til tvistbil\u00e6ggelse af tvister mellem forbrugere og virksomheder p\u00e5 EU-plan (OTB-platform) findes p\u00e5 http:\/\/ec.europa.eu\/consumers\/odr. OTB-platformen er et interaktivt og flersproget websted med en one-stop-shop for forbrugere og erhvervsdrivende, der s\u00f8ger en udenretslig bil\u00e6ggelse af en tvist vedr\u00f8rende kontraktlige forpligtelser, der udspringer af en onlinek\u00f8bs- eller tjenesteydelsesaftale. <\/li>\n<li>Disse vilk\u00e5r og betingelser udg\u00f8r sammen med bilag en integreret del af den aftale, der er indg\u00e5et mellem s\u00e6lger og kunden. <span class=\"Apple-converted-space\"> <\/span><\/li>\n<li>Disse vilk\u00e5r og betingelser g\u00e6lder fra den 26. august 2024 og indtil videre. <\/li>\n<\/ol>\n","protected":false},"excerpt":{"rendered":"<p>K\u00e6re kunder, for at tage os af kvaliteten af de tjenester, der leveres af vores onlinebutik, har vi udarbejdet vilk\u00e5r og betingelser for brug af MegaPets Online Store, der findes p\u00e5 dom\u00e6neadressen www.megapets.eu i det f\u00f8lgende ben\u00e6vnt &#8220;Vilk\u00e5r og betingelser&quot;.\u00a0 Vilk\u00e5rene og betingelserne indeholder reglerne for onlinebutikkens funktion og de oplysninger, der er n\u00f8dvendige for [&hellip;]<\/p>\n","protected":false},"author":4,"featured_media":0,"parent":0,"menu_order":0,"comment_status":"closed","ping_status":"closed","template":"","meta":{"_acf_changed":false,"footnotes":"","_links_to":"","_links_to_target":""},"class_list":["post-9205","page","type-page","status-publish","hentry"],"acf":[],"yoast_head":"<!-- This site is optimized with the Yoast SEO plugin v24.9 - https:\/\/yoast.com\/wordpress\/plugins\/seo\/ -->\n<title>Vedt\u00e6gt | MegaPets<\/title>\n<meta name=\"robots\" content=\"index, follow, max-snippet:-1, max-image-preview:large, max-video-preview:-1\" \/>\n<link rel=\"canonical\" href=\"https:\/\/megapets.eu\/da\/vedtaegt\/\" \/>\n<meta property=\"og:locale\" content=\"da_DK\" \/>\n<meta property=\"og:type\" content=\"article\" \/>\n<meta property=\"og:title\" content=\"Vedt\u00e6gt | MegaPets\" \/>\n<meta property=\"og:description\" content=\"K\u00e6re kunder, for at tage os af kvaliteten af de tjenester, der leveres af vores onlinebutik, har vi udarbejdet vilk\u00e5r og betingelser for brug af MegaPets Online Store, der findes p\u00e5 dom\u00e6neadressen www.megapets.eu i det f\u00f8lgende ben\u00e6vnt &#8220;Vilk\u00e5r og betingelser&quot;.\u00a0 Vilk\u00e5rene og betingelserne indeholder reglerne for onlinebutikkens funktion og de oplysninger, der er n\u00f8dvendige for [&hellip;]\" \/>\n<meta property=\"og:url\" content=\"https:\/\/megapets.eu\/da\/vedtaegt\/\" \/>\n<meta property=\"og:site_name\" content=\"MegaPets\" \/>\n<meta property=\"article:publisher\" content=\"https:\/\/www.facebook.com\/MegaPets.eu\/\" \/>\n<meta property=\"og:image\" content=\"https:\/\/megapets.eu\/wp-content\/uploads\/2025\/04\/megapets_eu-info-scaled.png\" \/>\n\t<meta property=\"og:image:width\" content=\"2560\" \/>\n\t<meta property=\"og:image:height\" content=\"1735\" \/>\n\t<meta property=\"og:image:type\" content=\"image\/png\" \/>\n<meta name=\"twitter:card\" content=\"summary_large_image\" \/>\n<meta name=\"twitter:label1\" content=\"Estimeret l\u00e6setid\" \/>\n\t<meta name=\"twitter:data1\" content=\"11 minut\" \/>\n<script type=\"application\/ld+json\" class=\"yoast-schema-graph\">{\"@context\":\"https:\/\/schema.org\",\"@graph\":[{\"@type\":\"WebPage\",\"@id\":\"https:\/\/megapets.eu\/da\/vedtaegt\/\",\"url\":\"https:\/\/megapets.eu\/da\/vedtaegt\/\",\"name\":\"Vedt\u00e6gt | MegaPets\",\"isPartOf\":{\"@id\":\"https:\/\/megapets.eu\/da\/#website\"},\"datePublished\":\"2023-02-10T14:50:18+00:00\",\"breadcrumb\":{\"@id\":\"https:\/\/megapets.eu\/da\/vedtaegt\/#breadcrumb\"},\"inLanguage\":\"da-DK\",\"potentialAction\":[{\"@type\":\"ReadAction\",\"target\":[\"https:\/\/megapets.eu\/da\/vedtaegt\/\"]}]},{\"@type\":\"BreadcrumbList\",\"@id\":\"https:\/\/megapets.eu\/da\/vedtaegt\/#breadcrumb\",\"itemListElement\":[{\"@type\":\"ListItem\",\"position\":1,\"name\":\"Strona g\u0142\u00f3wna\",\"item\":\"https:\/\/megapets.eu\/da\/\"},{\"@type\":\"ListItem\",\"position\":2,\"name\":\"Vedt\u00e6gt\"}]},{\"@type\":\"WebSite\",\"@id\":\"https:\/\/megapets.eu\/da\/#website\",\"url\":\"https:\/\/megapets.eu\/da\/\",\"name\":\"Mega Pets\",\"description\":\"Jedna z najwi\u0119kszych hodowli \u015blimak\u00f3w w Europie\",\"publisher\":{\"@id\":\"https:\/\/megapets.eu\/da\/#organization\"},\"alternateName\":\"Mega Pets\",\"potentialAction\":[{\"@type\":\"SearchAction\",\"target\":{\"@type\":\"EntryPoint\",\"urlTemplate\":\"https:\/\/megapets.eu\/da\/?s={search_term_string}\"},\"query-input\":{\"@type\":\"PropertyValueSpecification\",\"valueRequired\":true,\"valueName\":\"search_term_string\"}}],\"inLanguage\":\"da-DK\"},{\"@type\":\"Organization\",\"@id\":\"https:\/\/megapets.eu\/da\/#organization\",\"name\":\"Mega Pets\",\"url\":\"https:\/\/megapets.eu\/da\/\",\"logo\":{\"@type\":\"ImageObject\",\"inLanguage\":\"da-DK\",\"@id\":\"https:\/\/megapets.eu\/da\/#\/schema\/logo\/image\/\",\"url\":\"https:\/\/megapets.eu\/wp-content\/uploads\/2025\/04\/megapets_eu-logo.png\",\"contentUrl\":\"https:\/\/megapets.eu\/wp-content\/uploads\/2025\/04\/megapets_eu-logo.png\",\"width\":2362,\"height\":2362,\"caption\":\"Mega Pets\"},\"image\":{\"@id\":\"https:\/\/megapets.eu\/da\/#\/schema\/logo\/image\/\"},\"sameAs\":[\"https:\/\/www.facebook.com\/MegaPets.eu\/\"]}]}<\/script>\n<!-- \/ Yoast SEO plugin. -->","yoast_head_json":{"title":"Vedt\u00e6gt | MegaPets","robots":{"index":"index","follow":"follow","max-snippet":"max-snippet:-1","max-image-preview":"max-image-preview:large","max-video-preview":"max-video-preview:-1"},"canonical":"https:\/\/megapets.eu\/da\/vedtaegt\/","og_locale":"da_DK","og_type":"article","og_title":"Vedt\u00e6gt | MegaPets","og_description":"K\u00e6re kunder, for at tage os af kvaliteten af de tjenester, der leveres af vores onlinebutik, har vi udarbejdet vilk\u00e5r og betingelser for brug af MegaPets Online Store, der findes p\u00e5 dom\u00e6neadressen www.megapets.eu i det f\u00f8lgende ben\u00e6vnt &#8220;Vilk\u00e5r og betingelser&quot;.\u00a0 Vilk\u00e5rene og betingelserne indeholder reglerne for onlinebutikkens funktion og de oplysninger, der er n\u00f8dvendige for [&hellip;]","og_url":"https:\/\/megapets.eu\/da\/vedtaegt\/","og_site_name":"MegaPets","article_publisher":"https:\/\/www.facebook.com\/MegaPets.eu\/","og_image":[{"width":2560,"height":1735,"url":"https:\/\/megapets.eu\/wp-content\/uploads\/2025\/04\/megapets_eu-info-scaled.png","type":"image\/png"}],"twitter_card":"summary_large_image","twitter_misc":{"Estimeret l\u00e6setid":"11 minut"},"schema":{"@context":"https:\/\/schema.org","@graph":[{"@type":"WebPage","@id":"https:\/\/megapets.eu\/da\/vedtaegt\/","url":"https:\/\/megapets.eu\/da\/vedtaegt\/","name":"Vedt\u00e6gt | MegaPets","isPartOf":{"@id":"https:\/\/megapets.eu\/da\/#website"},"datePublished":"2023-02-10T14:50:18+00:00","breadcrumb":{"@id":"https:\/\/megapets.eu\/da\/vedtaegt\/#breadcrumb"},"inLanguage":"da-DK","potentialAction":[{"@type":"ReadAction","target":["https:\/\/megapets.eu\/da\/vedtaegt\/"]}]},{"@type":"BreadcrumbList","@id":"https:\/\/megapets.eu\/da\/vedtaegt\/#breadcrumb","itemListElement":[{"@type":"ListItem","position":1,"name":"Strona g\u0142\u00f3wna","item":"https:\/\/megapets.eu\/da\/"},{"@type":"ListItem","position":2,"name":"Vedt\u00e6gt"}]},{"@type":"WebSite","@id":"https:\/\/megapets.eu\/da\/#website","url":"https:\/\/megapets.eu\/da\/","name":"Mega Pets","description":"Jedna z najwi\u0119kszych hodowli \u015blimak\u00f3w w Europie","publisher":{"@id":"https:\/\/megapets.eu\/da\/#organization"},"alternateName":"Mega Pets","potentialAction":[{"@type":"SearchAction","target":{"@type":"EntryPoint","urlTemplate":"https:\/\/megapets.eu\/da\/?s={search_term_string}"},"query-input":{"@type":"PropertyValueSpecification","valueRequired":true,"valueName":"search_term_string"}}],"inLanguage":"da-DK"},{"@type":"Organization","@id":"https:\/\/megapets.eu\/da\/#organization","name":"Mega Pets","url":"https:\/\/megapets.eu\/da\/","logo":{"@type":"ImageObject","inLanguage":"da-DK","@id":"https:\/\/megapets.eu\/da\/#\/schema\/logo\/image\/","url":"https:\/\/megapets.eu\/wp-content\/uploads\/2025\/04\/megapets_eu-logo.png","contentUrl":"https:\/\/megapets.eu\/wp-content\/uploads\/2025\/04\/megapets_eu-logo.png","width":2362,"height":2362,"caption":"Mega Pets"},"image":{"@id":"https:\/\/megapets.eu\/da\/#\/schema\/logo\/image\/"},"sameAs":["https:\/\/www.facebook.com\/MegaPets.eu\/"]}]}},"_links":{"self":[{"href":"https:\/\/megapets.eu\/da\/wp-json\/wp\/v2\/pages\/9205","targetHints":{"allow":["GET"]}}],"collection":[{"href":"https:\/\/megapets.eu\/da\/wp-json\/wp\/v2\/pages"}],"about":[{"href":"https:\/\/megapets.eu\/da\/wp-json\/wp\/v2\/types\/page"}],"author":[{"embeddable":true,"href":"https:\/\/megapets.eu\/da\/wp-json\/wp\/v2\/users\/4"}],"replies":[{"embeddable":true,"href":"https:\/\/megapets.eu\/da\/wp-json\/wp\/v2\/comments?post=9205"}],"version-history":[{"count":0,"href":"https:\/\/megapets.eu\/da\/wp-json\/wp\/v2\/pages\/9205\/revisions"}],"wp:attachment":[{"href":"https:\/\/megapets.eu\/da\/wp-json\/wp\/v2\/media?parent=9205"}],"curies":[{"name":"wp","href":"https:\/\/api.w.org\/{rel}","templated":true}]}}