{"id":9206,"date":"2025-03-10T19:55:03","date_gmt":"2025-03-10T19:55:03","guid":{"rendered":"https:\/\/megapets.eu\/om-os\/"},"modified":"2025-06-25T09:08:13","modified_gmt":"2025-06-25T09:08:13","slug":"om-os","status":"publish","type":"page","link":"https:\/\/megapets.eu\/da\/om-os\/","title":{"rendered":"Om os"},"content":{"rendered":"<div class=\"wpb-content-wrapper\"><p>[vc_row wrap_container=&quot;yes&quot; content_placement=&quot;middle&quot; disable_element=&quot;yes&quot; css=&quot;.vc_custom_1728567193846{margin-bottom: 0px !important;background-color: var(&#8211;porto-light-color) !important;}&quot; el_class=&quot;p-t-xxl p-b-xxl&quot; conditional_render=&quot;%5B%7B%22value_role%22%3A%22administrator%22%7D%5D&quot;][vc_column el_class=&quot;m-t-md mb-1 p-b-xs&quot; offset=&quot;vc_col-md-6&#8243;]<div class=\"porto-carousel owl-carousel has-ccols ccols-md-2 ccols-1 mb-0 custom-image-gallery wpb_custom_9c482bfa696627324799fc9434842f1d\" data-plugin-options=\"{&quot;themeConfig&quot;:true,&quot;stagePadding&quot;:0,&quot;margin&quot;:0,&quot;autoplay&quot;:&quot;yes&quot;,&quot;mouseDrag&quot;:true,&quot;touchDrag&quot;:true,&quot;autoplayTimeout&quot;:5000,&quot;autoplayHoverPause&quot;:false,&quot;items&quot;:1,&quot;xl&quot;:1,&quot;lg&quot;:1,&quot;md&quot;:2,&quot;sm&quot;:1,&quot;xs&quot;:1,&quot;nav&quot;:false,&quot;dots&quot;:false,&quot;animateIn&quot;:&quot;fadeInUp&quot;,&quot;animateOut&quot;:&quot;&quot;,&quot;loop&quot;:&quot;yes&quot;,&quot;center&quot;:false,&quot;video&quot;:false,&quot;lazyLoad&quot;:false,&quot;fullscreen&quot;:false}\">[vc_single_image image=&quot;1074&#8243; img_size=&quot;full&quot; alignment=&quot;center&quot; css=&quot;&quot;][vc_single_image image=&quot;1085&#8243; img_size=&quot;full&quot; alignment=&quot;center&quot; css=&quot;&quot;]<\/div>[\/vc_column][vc_column el_class=&quot;m-t-md pl-lg-5 mb-lg-1 mb-4 p-b-xs&quot; css=&quot;.vc_custom_1651545089419{padding-top: 2px !important;}&quot; offset=&quot;vc_col-md-6&#8243;]<div class=\"porto-u-heading  wpb_custom_2d96707358ad3b10ec1417db1dc46af3 porto-u-9745 \" data-appear-animation=\"fadeIn\" data-appear-animation-delay=\"250\"><div class=\"porto-u-main-heading\"><h2   style=\"color:#3e3e3e;margin-bottom: 24px;\">Velkommen til MegaPets - en af de st\u00f8rste kenneler i Europa<\/h2><\/div><div class=\"porto-u-sub-heading\" style=\"margin-bottom:23px;\">Cras a elit sit amet leo accumsan volutpat. Suspendisse hendreriast ehicula leo, vel efficitur felis ultrices non. Cras a elit sit amet leo acun volutpat. Suspendisse hendrerit vehicula leo, vel efficitur fel.<\/div><style>.porto-u-9745.porto-u-heading{text-align:left}<\/style><\/div><div class=\"porto-animation d-inline-block align-middle\"  data-appear-animation=\"fadeIn\" data-appear-animation-delay=\"500\"><div class=\"stats-block stats-top   wpb_custom_c3dc6e5514b5b032bdce9ed0a542811e  vc_custom_1728500528037\"><div class=\"stats-desc\"><div id=\"counter_22066559269e645c7df151\" data-id=\"counter_22066559269e645c7df151\" class=\"stats-number\" style=\" color:#3e3e3e;\" data-speed=\"3\" data-counter-value=\"10000\" data-separator=\"none\" data-decimal=\".\">0<\/div><div class=\"counter_suffix mycust\" style=\" color:#3e3e3e\">+<\/div><div class=\"stats-text\" style=\"color:#3e3e3e;\">Opdr\u00e6ttede dyr<\/div><\/div><\/div><\/div>[vc_custom_heading text=&quot;MegaPets er en registreret kennel med passion og mange \u00e5rs erfaring!&quot; font_container=&quot;tag:p|font_size:14px|text_align:left&quot; use_theme_fonts=&quot;yes&quot; css=&quot;&quot; font_weight=&quot;400&#8243; animation_delay=&quot;500&#8243; el_class=&quot;d-inline-block w-max-287 align-middle m-b-lg custom-font&quot; animation_type=&quot;fadeIn&quot;][vc_btn title=&quot;Se tilbud&quot; css=&quot;&quot; skin=&quot;secondary&quot; btn_fs=&quot;14px&quot; btn_fw=&quot;600&#8243; animation_delay=&quot;750&#8243; link=&quot;url:https%3A%2F%2Fmegapets.eu%2Fda%2Fsnegle%2F|title:Se%20tilbud|&quot; btn_px=&quot;2.35rem&quot; btn_py=&quot;1.25rem&quot; el_class=&quot;d-block custom-font&quot; animation_type=&quot;fadeIn&quot;][\/vc_column][\/vc_row][vc_row][vc_column][\/vc_column][\/vc_row][vc_row no_padding=&quot;yes&quot; content_placement=&quot;middle&quot; conditional_render=&quot;%5B%7B%22value_role%22%3A%22administrator%22%7D%5D&quot;][vc_column width=&quot;1\/2&#8243; animation_delay=&quot;400&#8243; css=&quot;.vc_custom_1728503613031{background-position: center !important;background-repeat: no-repeat !important;background-size: cover !important;}&quot; animation_type=&quot;fadeInLeft&quot; conditional_render=&quot;%5B%7B%22value_role%22%3A%22administrator%22%7D%5D&quot;][vc_single_image source=&quot;external_link&quot; external_img_size=&quot;960&#215;640&#8243; css=&quot;&quot; el_class=&quot;mb-0&#8243; custom_src=&quot;\/wp-content\/uploads\/2024\/10\/Strona-2.png&quot;][\/vc_column][vc_column width=&quot;1\/2&#8243;][vc_column_text css_animation=&quot;bounceIn&quot; css=&quot;&quot;]<\/p>\n<p style=\"text-align: center;\"><span style=\"font-size: 20px;\"><strong><span style=\"color: #008000;\"><img decoding=\"async\" src=\"https:\/\/static.xx.fbcdn.net\/images\/emoji.php\/v9\/t6c\/1\/16\/2764.png\" alt=\"\u2764\" \/> Vi pr\u00e6senterer den nye version af vores onlinebutik!<\/span><\/strong><\/span><\/p>\n<p style=\"text-align: center;\"><span style=\"font-size: 20px;\"><strong><span style=\"color: #008000;\"><img decoding=\"async\" src=\"https:\/\/static.xx.fbcdn.net\/images\/emoji.php\/v9\/t51\/1\/16\/1f449.png\" alt=\"\ud83d\udc49\" \/> Tag et kig p\u00e5 vores tilbud!<\/span><\/strong><\/span><\/p>\n<p>[\/vc_column_text]<div class=\"porto-preview-image \"><span class=\"thumb-info thumb-info-preview thumb-info-preview-long\"><span class=\"thumb-info-wrapper\">\r\n\t\t<span data-src=\"\/\/megapets.eu\/wp-content\/uploads\/2024\/10\/Nie-jest-koniecznie-potrzebna.png\" data-image=\"\/\/megapets.eu\/wp-content\/uploads\/2024\/10\/Nie-jest-koniecznie-potrzebna.png\" class=\"lazy thumb-info-image\" data-plugin-lazyload data-plugin-options=\"{'appearEffect': 'animated fadeIn'}\"><\/span><i class=\"fas fa-spinner fa-spin fa-fw\"><\/i><\/span><\/span><\/div>[\/vc_column][\/vc_row][vc_row][vc_column width=&quot;1\/3&#8243;]\r\n<div class=\"porto-image-comparison  wpb_custom_eccd3db1f250375efd1e79ce502df99b\" data-orientation=\"horizontal\" data-offset=\"0.5\" data-handle-action=\"hover\">\r\n<img loading=\"lazy\" decoding=\"async\" width=\"1047\" height=\"685\" src=\"https:\/\/megapets.eu\/wp-content\/uploads\/2024\/10\/1231-LOGO.png\" class=\"porto-image-comparison-before\" alt=\"\" srcset=\"https:\/\/megapets.eu\/wp-content\/uploads\/2024\/10\/1231-LOGO.png 1047w, https:\/\/megapets.eu\/wp-content\/uploads\/2024\/10\/1231-LOGO-800x523.png 800w, https:\/\/megapets.eu\/wp-content\/uploads\/2024\/10\/1231-LOGO-1024x670.png 1024w, https:\/\/megapets.eu\/wp-content\/uploads\/2024\/10\/1231-LOGO-768x502.png 768w, https:\/\/megapets.eu\/wp-content\/uploads\/2024\/10\/1231-LOGO-640x419.png 640w, https:\/\/megapets.eu\/wp-content\/uploads\/2024\/10\/1231-LOGO-400x262.png 400w\" sizes=\"auto, (max-width: 1047px) 100vw, 1047px\" \/><img loading=\"lazy\" decoding=\"async\" width=\"1191\" height=\"804\" src=\"https:\/\/megapets.eu\/wp-content\/uploads\/2024\/10\/348724435_3493421000893656_2659019314494022295_n.jpg\" class=\"porto-image-comparison-after\" alt=\"\" srcset=\"https:\/\/megapets.eu\/wp-content\/uploads\/2024\/10\/348724435_3493421000893656_2659019314494022295_n.jpg 1191w, https:\/\/megapets.eu\/wp-content\/uploads\/2024\/10\/348724435_3493421000893656_2659019314494022295_n-800x540.jpg 800w, https:\/\/megapets.eu\/wp-content\/uploads\/2024\/10\/348724435_3493421000893656_2659019314494022295_n-1024x691.jpg 1024w, https:\/\/megapets.eu\/wp-content\/uploads\/2024\/10\/348724435_3493421000893656_2659019314494022295_n-768x518.jpg 768w, https:\/\/megapets.eu\/wp-content\/uploads\/2024\/10\/348724435_3493421000893656_2659019314494022295_n-640x432.jpg 640w, https:\/\/megapets.eu\/wp-content\/uploads\/2024\/10\/348724435_3493421000893656_2659019314494022295_n-400x270.jpg 400w\" sizes=\"auto, (max-width: 1191px) 100vw, 1191px\" \/>\t<div class=\"porto-image-comparison-overlay\">\r\n\t\t<div class=\"before-label\"><\/div>\r\n\t\t<div class=\"after-label\"><\/div>\r\n\t<\/div>\r\n\t<div class=\"porto-image-comparison-handle\"><i class=\"porto-compare-icon\"><\/i><\/div>\r\n<\/div>\r\n[\/vc_column][vc_column width=&quot;1\/3&#8243;]\r\n<div class=\"porto-image-comparison  wpb_custom_eccd3db1f250375efd1e79ce502df99b\" data-orientation=\"horizontal\" data-offset=\"0.5\" data-handle-action=\"hover\">\r\n<img loading=\"lazy\" decoding=\"async\" width=\"1052\" height=\"695\" src=\"https:\/\/megapets.eu\/wp-content\/uploads\/2024\/10\/1-1.png\" class=\"porto-image-comparison-before\" alt=\"\" srcset=\"https:\/\/megapets.eu\/wp-content\/uploads\/2024\/10\/1-1.png 1052w, https:\/\/megapets.eu\/wp-content\/uploads\/2024\/10\/1-1-800x529.png 800w, https:\/\/megapets.eu\/wp-content\/uploads\/2024\/10\/1-1-1024x677.png 1024w, https:\/\/megapets.eu\/wp-content\/uploads\/2024\/10\/1-1-768x507.png 768w, https:\/\/megapets.eu\/wp-content\/uploads\/2024\/10\/1-1-640x423.png 640w, https:\/\/megapets.eu\/wp-content\/uploads\/2024\/10\/1-1-400x264.png 400w\" sizes=\"auto, (max-width: 1052px) 100vw, 1052px\" \/><img loading=\"lazy\" decoding=\"async\" width=\"1040\" height=\"695\" src=\"https:\/\/megapets.eu\/wp-content\/uploads\/2024\/10\/13-logo.png\" class=\"porto-image-comparison-after\" alt=\"\" srcset=\"https:\/\/megapets.eu\/wp-content\/uploads\/2024\/10\/13-logo.png 1040w, https:\/\/megapets.eu\/wp-content\/uploads\/2024\/10\/13-logo-533x355.png 533w, https:\/\/megapets.eu\/wp-content\/uploads\/2024\/10\/13-logo-800x535.png 800w, https:\/\/megapets.eu\/wp-content\/uploads\/2024\/10\/13-logo-1024x684.png 1024w, https:\/\/megapets.eu\/wp-content\/uploads\/2024\/10\/13-logo-768x513.png 768w, https:\/\/megapets.eu\/wp-content\/uploads\/2024\/10\/13-logo-640x428.png 640w, https:\/\/megapets.eu\/wp-content\/uploads\/2024\/10\/13-logo-400x267.png 400w\" sizes=\"auto, (max-width: 1040px) 100vw, 1040px\" \/>\t<div class=\"porto-image-comparison-overlay\">\r\n\t\t<div class=\"before-label\"><\/div>\r\n\t\t<div class=\"after-label\"><\/div>\r\n\t<\/div>\r\n\t<div class=\"porto-image-comparison-handle\"><i class=\"porto-compare-icon\"><\/i><\/div>\r\n<\/div>\r\n[\/vc_column][vc_column width=&quot;1\/3&#8243;]\r\n<div class=\"porto-image-comparison  wpb_custom_eccd3db1f250375efd1e79ce502df99b\" data-orientation=\"horizontal\" data-offset=\"0.5\" data-handle-action=\"hover\">\r\n<img loading=\"lazy\" decoding=\"async\" width=\"1204\" height=\"800\" src=\"https:\/\/megapets.eu\/wp-content\/uploads\/2024\/10\/T222.jpg\" class=\"porto-image-comparison-before\" alt=\"\" srcset=\"https:\/\/megapets.eu\/wp-content\/uploads\/2024\/10\/T222.jpg 1204w, https:\/\/megapets.eu\/wp-content\/uploads\/2024\/10\/T222-533x355.jpg 533w, https:\/\/megapets.eu\/wp-content\/uploads\/2024\/10\/T222-800x532.jpg 800w, https:\/\/megapets.eu\/wp-content\/uploads\/2024\/10\/T222-1024x680.jpg 1024w\" sizes=\"auto, (max-width: 1204px) 100vw, 1204px\" \/><img loading=\"lazy\" decoding=\"async\" width=\"2048\" height=\"1463\" src=\"https:\/\/megapets.eu\/wp-content\/uploads\/2024\/10\/IMG_2681.jpg\" class=\"porto-image-comparison-after\" alt=\"\" srcset=\"https:\/\/megapets.eu\/wp-content\/uploads\/2024\/10\/IMG_2681.jpg 2048w, https:\/\/megapets.eu\/wp-content\/uploads\/2024\/10\/IMG_2681-800x571.jpg 800w, https:\/\/megapets.eu\/wp-content\/uploads\/2024\/10\/IMG_2681-1024x732.jpg 1024w, https:\/\/megapets.eu\/wp-content\/uploads\/2024\/10\/IMG_2681-768x549.jpg 768w, https:\/\/megapets.eu\/wp-content\/uploads\/2024\/10\/IMG_2681-1536x1097.jpg 1536w, https:\/\/megapets.eu\/wp-content\/uploads\/2024\/10\/IMG_2681-640x457.jpg 640w, https:\/\/megapets.eu\/wp-content\/uploads\/2024\/10\/IMG_2681-400x286.jpg 400w\" sizes=\"auto, (max-width: 2048px) 100vw, 2048px\" \/>\t<div class=\"porto-image-comparison-overlay\">\r\n\t\t<div class=\"before-label\"><\/div>\r\n\t\t<div class=\"after-label\"><\/div>\r\n\t<\/div>\r\n\t<div class=\"porto-image-comparison-handle\"><i class=\"porto-compare-icon\"><\/i><\/div>\r\n<\/div>\r\n[\/vc_column][\/vc_row][vc_row][vc_column][vc_separator color=&quot;white&quot; border_width=&quot;6&#8243; css=&quot;&quot;][vc_text_separator title=&quot;Vi arbejder i hele Europa&quot; color=&quot;custom&quot; css=&quot;&quot; accent_color=&quot;var(&#8211;porto-secondary-color)&quot;][vc_column_text css=&quot;&quot;]<\/p>\n<p><center>Tjekkiet <img loading=\"lazy\" decoding=\"async\" src=\"https:\/\/static.xx.fbcdn.net\/images\/emoji.php\/v9\/t79\/1\/16\/1f1e8_1f1ff.png\" alt=\"\ud83c\udde8\ud83c\uddff\" width=\"16\" height=\"16\" \/> Tyskland <img loading=\"lazy\" decoding=\"async\" src=\"https:\/\/static.xx.fbcdn.net\/images\/emoji.php\/v9\/t16\/1\/16\/1f1e9_1f1ea.png\" alt=\"\ud83c\udde9\ud83c\uddea\" width=\"16\" height=\"16\" \/> Luxembourg <img loading=\"lazy\" decoding=\"async\" src=\"https:\/\/static.xx.fbcdn.net\/images\/emoji.php\/v9\/tc\/1\/16\/1f1f1_1f1fa.png\" alt=\"\ud83c\uddf1\ud83c\uddfa\" width=\"16\" height=\"16\" \/> Belgien <img loading=\"lazy\" decoding=\"async\" src=\"https:\/\/static.xx.fbcdn.net\/images\/emoji.php\/v9\/t94\/1\/16\/1f1e7_1f1ea.png\" alt=\"\ud83c\udde7\ud83c\uddea\" width=\"16\" height=\"16\" \/> Holland <img loading=\"lazy\" decoding=\"async\" src=\"https:\/\/static.xx.fbcdn.net\/images\/emoji.php\/v9\/t88\/1\/16\/1f1e7_1f1f6.png\" alt=\"\ud83c\udde7\ud83c\uddf6\" width=\"16\" height=\"16\" \/><\/center>[\/vc_column_text][\/vc_column][vc_column][\/vc_column][\/vc_row][vc_row wrap_container=&quot;yes&quot; content_placement=&quot;middle&quot; el_class=&quot;mt-5&#8243; css=&quot;.vc_custom_1728503088901{margin-top: -20px !important;}&quot; conditional_render=&quot;%5B%7B%22value_role%22%3A%22administrator%22%7D%5D&quot;][vc_column width=&quot;1\/6&#8243; animation_delay=&quot;&quot;][\/vc_column][vc_column width=&quot;2\/3&#8243; el_class=&quot;pl-lg-4 pt-lg-3&#8243; css=&quot;.vc_custom_1651294189111{margin-top: 28px !important;margin-bottom: 28px !important;}&quot;]<div class=\"porto-carousel owl-carousel has-ccols ccols-md-2 ccols-1 mb-0 custom-image-gallery wpb_custom_9c482bfa696627324799fc9434842f1d\" data-plugin-options=\"{&quot;themeConfig&quot;:true,&quot;stagePadding&quot;:0,&quot;margin&quot;:0,&quot;autoplay&quot;:&quot;yes&quot;,&quot;mouseDrag&quot;:true,&quot;touchDrag&quot;:true,&quot;autoplayTimeout&quot;:5000,&quot;autoplayHoverPause&quot;:false,&quot;items&quot;:1,&quot;xl&quot;:1,&quot;lg&quot;:1,&quot;md&quot;:2,&quot;sm&quot;:1,&quot;xs&quot;:1,&quot;nav&quot;:false,&quot;dots&quot;:false,&quot;animateIn&quot;:&quot;fadeInUp&quot;,&quot;animateOut&quot;:&quot;&quot;,&quot;loop&quot;:&quot;yes&quot;,&quot;center&quot;:false,&quot;video&quot;:false,&quot;lazyLoad&quot;:false,&quot;fullscreen&quot;:false}\">[vc_single_image image=&quot;1139&#8243; img_size=&quot;full&quot; alignment=&quot;center&quot; css=&quot;&quot;][vc_single_image image=&quot;1153&#8243; img_size=&quot;full&quot; alignment=&quot;center&quot; css=&quot;&quot;][vc_single_image image=&quot;1154&#8243; img_size=&quot;full&quot; css=&quot;&quot;]<\/div>[\/vc_column][vc_column width=&quot;1\/6&#8243;][\/vc_column][\/vc_row][vc_row][vc_column width=&quot;1\/2&#8243;][\/vc_column][vc_column width=&quot;1\/2&#8243;][\/vc_column][vc_column][\/vc_column][\/vc_row]<\/p>\n<\/div>","protected":false},"excerpt":{"rendered":"<p>[vc_row wrap_container=&quot;yes&quot; content_placement=&quot;middle&quot; disable_element=&quot;yes&quot; css=&quot;.vc_custom_1728567193846{margin-bottom: 0px !important;background-color: var(&#8211;porto-light-color) !important;}&quot; el_class=&quot;p-t-xxl p-b-xxl&quot; conditional_render=&quot;%5B%7B%22value_role%22%3A%22administrator%22%7D%5D&quot;][vc_column el_class=&quot;m-t-md mb-1 p-b-xs&quot; offset=&quot;vc_col-md-6&#8243;][\/vc_column][vc_column el_class=&quot;m-t-md pl-lg-5 mb-lg-1 mb-4 p-b-xs&quot; css=&quot;.vc_custom_1651545089419{padding-top: 2px !important;}&quot; offset=&quot;vc_col-md-6&#8243;][vc_custom_heading text=&quot;MegaPets er en registreret kennel med passion og mange \u00e5rs erfaring!&quot; font_container=&quot;tag:p|font_size:14px|text_align:left&quot; use_theme_fonts=&quot;yes&quot; css=&quot;&quot; font_weight=&quot;400&#8243; animation_delay=&quot;500&#8243; el_class=&quot;d-inline-block w-max-287 align-middle m-b-lg custom-font&quot; animation_type=&quot;fadeIn&quot;][vc_btn title=&quot;Se tilbud&quot; css=&quot;&quot; skin=&quot;secondary&quot; btn_fs=&quot;14px&quot; btn_fw=&quot;600&#8243; animation_delay=&quot;750&#8243; link=&quot;url:https%3A%2F%2Fmegapets.eu%2Fda%2Fsnegle%2F|title:Se%20tilbud|&quot; [&hellip;]<\/p>\n","protected":false},"author":4,"featured_media":0,"parent":0,"menu_order":0,"comment_status":"closed","ping_status":"closed","template":"","meta":{"_acf_changed":false,"footnotes":"","_links_to":"","_links_to_target":""},"class_list":["post-9206","page","type-page","status-publish","hentry"],"acf":[],"yoast_head":"<!-- This site is optimized with the Yoast SEO plugin v24.9 - https:\/\/yoast.com\/wordpress\/plugins\/seo\/ -->\n<title>Mega Pets - En af de st\u00f8rste kenneler i Europa<\/title>\n<meta name=\"robots\" content=\"index, follow, max-snippet:-1, max-image-preview:large, max-video-preview:-1\" \/>\n<link rel=\"canonical\" href=\"https:\/\/megapets.eu\/da\/om-os\/\" \/>\n<meta property=\"og:locale\" content=\"da_DK\" \/>\n<meta property=\"og:type\" content=\"article\" \/>\n<meta property=\"og:title\" content=\"Mega Pets - En af de st\u00f8rste kenneler i Europa\" \/>\n<meta property=\"og:description\" content=\"[vc_row wrap_container=&quot;yes&quot; content_placement=&quot;middle&quot; disable_element=&quot;yes&quot; css=&quot;.vc_custom_1728567193846{margin-bottom: 0px !important;background-color: var(&#8211;porto-light-color) !important;}&quot; el_class=&quot;p-t-xxl p-b-xxl&quot; conditional_render=&quot;%5B%7B%22value_role%22%3A%22administrator%22%7D%5D&quot;][vc_column el_class=&quot;m-t-md mb-1 p-b-xs&quot; offset=&quot;vc_col-md-6&#8243;][\/vc_column][vc_column el_class=&quot;m-t-md pl-lg-5 mb-lg-1 mb-4 p-b-xs&quot; css=&quot;.vc_custom_1651545089419{padding-top: 2px !important;}&quot; offset=&quot;vc_col-md-6&#8243;][vc_custom_heading text=&quot;MegaPets er en registreret kennel med passion og mange \u00e5rs erfaring!&quot; font_container=&quot;tag:p|font_size:14px|text_align:left&quot; use_theme_fonts=&quot;yes&quot; css=&quot;&quot; font_weight=&quot;400&#8243; animation_delay=&quot;500&#8243; el_class=&quot;d-inline-block w-max-287 align-middle m-b-lg custom-font&quot; animation_type=&quot;fadeIn&quot;][vc_btn title=&quot;Se tilbud&quot; css=&quot;&quot; skin=&quot;secondary&quot; btn_fs=&quot;14px&quot; btn_fw=&quot;600&#8243; animation_delay=&quot;750&#8243; link=&quot;url:https%3A%2F%2Fmegapets.eu%2Fda%2Fsnegle%2F|title:Se%20tilbud|&quot; [&hellip;]\" \/>\n<meta property=\"og:url\" content=\"https:\/\/megapets.eu\/da\/om-os\/\" \/>\n<meta property=\"og:site_name\" content=\"MegaPets\" \/>\n<meta property=\"article:publisher\" content=\"https:\/\/www.facebook.com\/MegaPets.eu\/\" \/>\n<meta property=\"article:modified_time\" content=\"2025-06-25T09:08:13+00:00\" \/>\n<meta property=\"og:image\" content=\"https:\/\/static.xx.fbcdn.net\/images\/emoji.php\/v9\/t6c\/1\/16\/2764.png\" \/>\n<meta name=\"twitter:card\" content=\"summary_large_image\" \/>\n<meta name=\"twitter:label1\" content=\"Estimeret l\u00e6setid\" \/>\n\t<meta name=\"twitter:data1\" content=\"4 minut\" \/>\n<script type=\"application\/ld+json\" class=\"yoast-schema-graph\">{\"@context\":\"https:\/\/schema.org\",\"@graph\":[{\"@type\":\"WebPage\",\"@id\":\"https:\/\/megapets.eu\/da\/om-os\/\",\"url\":\"https:\/\/megapets.eu\/da\/om-os\/\",\"name\":\"Mega Pets - En af de st\u00f8rste kenneler i Europa\",\"isPartOf\":{\"@id\":\"https:\/\/megapets.eu\/da\/#website\"},\"primaryImageOfPage\":{\"@id\":\"https:\/\/megapets.eu\/da\/om-os\/#primaryimage\"},\"image\":{\"@id\":\"https:\/\/megapets.eu\/da\/om-os\/#primaryimage\"},\"thumbnailUrl\":\"https:\/\/static.xx.fbcdn.net\/images\/emoji.php\/v9\/t6c\/1\/16\/2764.png\",\"datePublished\":\"2025-03-10T19:55:03+00:00\",\"dateModified\":\"2025-06-25T09:08:13+00:00\",\"breadcrumb\":{\"@id\":\"https:\/\/megapets.eu\/da\/om-os\/#breadcrumb\"},\"inLanguage\":\"da-DK\",\"potentialAction\":[{\"@type\":\"ReadAction\",\"target\":[\"https:\/\/megapets.eu\/da\/om-os\/\"]}]},{\"@type\":\"ImageObject\",\"inLanguage\":\"da-DK\",\"@id\":\"https:\/\/megapets.eu\/da\/om-os\/#primaryimage\",\"url\":\"https:\/\/static.xx.fbcdn.net\/images\/emoji.php\/v9\/t6c\/1\/16\/2764.png\",\"contentUrl\":\"https:\/\/static.xx.fbcdn.net\/images\/emoji.php\/v9\/t6c\/1\/16\/2764.png\"},{\"@type\":\"BreadcrumbList\",\"@id\":\"https:\/\/megapets.eu\/da\/om-os\/#breadcrumb\",\"itemListElement\":[{\"@type\":\"ListItem\",\"position\":1,\"name\":\"Strona g\u0142\u00f3wna\",\"item\":\"https:\/\/megapets.eu\/da\/\"},{\"@type\":\"ListItem\",\"position\":2,\"name\":\"Om os\"}]},{\"@type\":\"WebSite\",\"@id\":\"https:\/\/megapets.eu\/da\/#website\",\"url\":\"https:\/\/megapets.eu\/da\/\",\"name\":\"Mega Pets\",\"description\":\"Jedna z najwi\u0119kszych hodowli \u015blimak\u00f3w w Europie\",\"publisher\":{\"@id\":\"https:\/\/megapets.eu\/da\/#organization\"},\"alternateName\":\"Mega Pets\",\"potentialAction\":[{\"@type\":\"SearchAction\",\"target\":{\"@type\":\"EntryPoint\",\"urlTemplate\":\"https:\/\/megapets.eu\/da\/?s={search_term_string}\"},\"query-input\":{\"@type\":\"PropertyValueSpecification\",\"valueRequired\":true,\"valueName\":\"search_term_string\"}}],\"inLanguage\":\"da-DK\"},{\"@type\":\"Organization\",\"@id\":\"https:\/\/megapets.eu\/da\/#organization\",\"name\":\"Mega Pets\",\"url\":\"https:\/\/megapets.eu\/da\/\",\"logo\":{\"@type\":\"ImageObject\",\"inLanguage\":\"da-DK\",\"@id\":\"https:\/\/megapets.eu\/da\/#\/schema\/logo\/image\/\",\"url\":\"https:\/\/megapets.eu\/wp-content\/uploads\/2025\/04\/megapets_eu-logo.png\",\"contentUrl\":\"https:\/\/megapets.eu\/wp-content\/uploads\/2025\/04\/megapets_eu-logo.png\",\"width\":2362,\"height\":2362,\"caption\":\"Mega Pets\"},\"image\":{\"@id\":\"https:\/\/megapets.eu\/da\/#\/schema\/logo\/image\/\"},\"sameAs\":[\"https:\/\/www.facebook.com\/MegaPets.eu\/\"]}]}<\/script>\n<!-- \/ Yoast SEO plugin. -->","yoast_head_json":{"title":"Mega Pets - En af de st\u00f8rste kenneler i Europa","robots":{"index":"index","follow":"follow","max-snippet":"max-snippet:-1","max-image-preview":"max-image-preview:large","max-video-preview":"max-video-preview:-1"},"canonical":"https:\/\/megapets.eu\/da\/om-os\/","og_locale":"da_DK","og_type":"article","og_title":"Mega Pets - En af de st\u00f8rste kenneler i Europa","og_description":"[vc_row wrap_container=&quot;yes&quot; content_placement=&quot;middle&quot; disable_element=&quot;yes&quot; css=&quot;.vc_custom_1728567193846{margin-bottom: 0px !important;background-color: var(&#8211;porto-light-color) !important;}&quot; el_class=&quot;p-t-xxl p-b-xxl&quot; conditional_render=&quot;%5B%7B%22value_role%22%3A%22administrator%22%7D%5D&quot;][vc_column el_class=&quot;m-t-md mb-1 p-b-xs&quot; offset=&quot;vc_col-md-6&#8243;][\/vc_column][vc_column el_class=&quot;m-t-md pl-lg-5 mb-lg-1 mb-4 p-b-xs&quot; css=&quot;.vc_custom_1651545089419{padding-top: 2px !important;}&quot; offset=&quot;vc_col-md-6&#8243;][vc_custom_heading text=&quot;MegaPets er en registreret kennel med passion og mange \u00e5rs erfaring!&quot; font_container=&quot;tag:p|font_size:14px|text_align:left&quot; use_theme_fonts=&quot;yes&quot; css=&quot;&quot; font_weight=&quot;400&#8243; animation_delay=&quot;500&#8243; el_class=&quot;d-inline-block w-max-287 align-middle m-b-lg custom-font&quot; animation_type=&quot;fadeIn&quot;][vc_btn title=&quot;Se tilbud&quot; css=&quot;&quot; skin=&quot;secondary&quot; btn_fs=&quot;14px&quot; btn_fw=&quot;600&#8243; animation_delay=&quot;750&#8243; link=&quot;url:https%3A%2F%2Fmegapets.eu%2Fda%2Fsnegle%2F|title:Se%20tilbud|&quot; [&hellip;]","og_url":"https:\/\/megapets.eu\/da\/om-os\/","og_site_name":"MegaPets","article_publisher":"https:\/\/www.facebook.com\/MegaPets.eu\/","article_modified_time":"2025-06-25T09:08:13+00:00","og_image":[{"url":"https:\/\/static.xx.fbcdn.net\/images\/emoji.php\/v9\/t6c\/1\/16\/2764.png","type":"","width":"","height":""}],"twitter_card":"summary_large_image","twitter_misc":{"Estimeret l\u00e6setid":"4 minut"},"schema":{"@context":"https:\/\/schema.org","@graph":[{"@type":"WebPage","@id":"https:\/\/megapets.eu\/da\/om-os\/","url":"https:\/\/megapets.eu\/da\/om-os\/","name":"Mega Pets - En af de st\u00f8rste kenneler i Europa","isPartOf":{"@id":"https:\/\/megapets.eu\/da\/#website"},"primaryImageOfPage":{"@id":"https:\/\/megapets.eu\/da\/om-os\/#primaryimage"},"image":{"@id":"https:\/\/megapets.eu\/da\/om-os\/#primaryimage"},"thumbnailUrl":"https:\/\/static.xx.fbcdn.net\/images\/emoji.php\/v9\/t6c\/1\/16\/2764.png","datePublished":"2025-03-10T19:55:03+00:00","dateModified":"2025-06-25T09:08:13+00:00","breadcrumb":{"@id":"https:\/\/megapets.eu\/da\/om-os\/#breadcrumb"},"inLanguage":"da-DK","potentialAction":[{"@type":"ReadAction","target":["https:\/\/megapets.eu\/da\/om-os\/"]}]},{"@type":"ImageObject","inLanguage":"da-DK","@id":"https:\/\/megapets.eu\/da\/om-os\/#primaryimage","url":"https:\/\/static.xx.fbcdn.net\/images\/emoji.php\/v9\/t6c\/1\/16\/2764.png","contentUrl":"https:\/\/static.xx.fbcdn.net\/images\/emoji.php\/v9\/t6c\/1\/16\/2764.png"},{"@type":"BreadcrumbList","@id":"https:\/\/megapets.eu\/da\/om-os\/#breadcrumb","itemListElement":[{"@type":"ListItem","position":1,"name":"Strona g\u0142\u00f3wna","item":"https:\/\/megapets.eu\/da\/"},{"@type":"ListItem","position":2,"name":"Om os"}]},{"@type":"WebSite","@id":"https:\/\/megapets.eu\/da\/#website","url":"https:\/\/megapets.eu\/da\/","name":"Mega Pets","description":"Jedna z najwi\u0119kszych hodowli \u015blimak\u00f3w w Europie","publisher":{"@id":"https:\/\/megapets.eu\/da\/#organization"},"alternateName":"Mega Pets","potentialAction":[{"@type":"SearchAction","target":{"@type":"EntryPoint","urlTemplate":"https:\/\/megapets.eu\/da\/?s={search_term_string}"},"query-input":{"@type":"PropertyValueSpecification","valueRequired":true,"valueName":"search_term_string"}}],"inLanguage":"da-DK"},{"@type":"Organization","@id":"https:\/\/megapets.eu\/da\/#organization","name":"Mega Pets","url":"https:\/\/megapets.eu\/da\/","logo":{"@type":"ImageObject","inLanguage":"da-DK","@id":"https:\/\/megapets.eu\/da\/#\/schema\/logo\/image\/","url":"https:\/\/megapets.eu\/wp-content\/uploads\/2025\/04\/megapets_eu-logo.png","contentUrl":"https:\/\/megapets.eu\/wp-content\/uploads\/2025\/04\/megapets_eu-logo.png","width":2362,"height":2362,"caption":"Mega Pets"},"image":{"@id":"https:\/\/megapets.eu\/da\/#\/schema\/logo\/image\/"},"sameAs":["https:\/\/www.facebook.com\/MegaPets.eu\/"]}]}},"_links":{"self":[{"href":"https:\/\/megapets.eu\/da\/wp-json\/wp\/v2\/pages\/9206","targetHints":{"allow":["GET"]}}],"collection":[{"href":"https:\/\/megapets.eu\/da\/wp-json\/wp\/v2\/pages"}],"about":[{"href":"https:\/\/megapets.eu\/da\/wp-json\/wp\/v2\/types\/page"}],"author":[{"embeddable":true,"href":"https:\/\/megapets.eu\/da\/wp-json\/wp\/v2\/users\/4"}],"replies":[{"embeddable":true,"href":"https:\/\/megapets.eu\/da\/wp-json\/wp\/v2\/comments?post=9206"}],"version-history":[{"count":1,"href":"https:\/\/megapets.eu\/da\/wp-json\/wp\/v2\/pages\/9206\/revisions"}],"predecessor-version":[{"id":9209,"href":"https:\/\/megapets.eu\/da\/wp-json\/wp\/v2\/pages\/9206\/revisions\/9209"}],"wp:attachment":[{"href":"https:\/\/megapets.eu\/da\/wp-json\/wp\/v2\/media?parent=9206"}],"curies":[{"name":"wp","href":"https:\/\/api.w.org\/{rel}","templated":true}]}}