{"id":9222,"date":"2023-02-10T14:50:00","date_gmt":"2023-02-10T14:50:00","guid":{"rendered":"https:\/\/megapets.eu\/fortrolighedspolitik\/"},"modified":"2023-02-10T14:50:00","modified_gmt":"2023-02-10T14:50:00","slug":"fortrolighedspolitik","status":"publish","type":"page","link":"https:\/\/megapets.eu\/da\/fortrolighedspolitik\/","title":{"rendered":"Fortrolighedspolitik"},"content":{"rendered":"<p><b>\u00a71 PRINCIPPER FOR BEHANDLING AF PERSONLIGE DATA<\/b><\/p>\n<ol>\n<li>Administratoren af dine personlige data, der leveres p\u00e5 dette websted, er <b>MegaPets Serhii Bondariuk<\/b><span class=\"Apple-converted-space\"> <\/span><b> <\/b>med registreret kontor p\u00e5 f\u00f8lgende adresse: MA\u0141OPOLSKIE voivodship, Krakowski poviat, Skawina kommune, loc. Skawina, ul. Lipowa, nr 5a, lok. 2, 32-050, NIP 9442289433, tlf. 796965220.<\/li>\n<li>I overensstemmelse med artikel 13, stk. 1 og 2, i den generelle forordning om databeskyttelse af 27. april 2016 finder du nedenfor de oplysninger, der er n\u00f8dvendige p\u00e5 grund af administratorens behandling af personoplysninger.<span class=\"Apple-converted-space\"> <\/span><\/li>\n<li>De personoplysninger, der behandles p\u00e5 nedenst\u00e5ende websted, kan bruges med henblik p\u00e5:<\/li>\n<li>indg\u00e5else og opfyldelse af kontrakten om levering af tjenester, som du har indg\u00e5et med persondataadministratoren (p\u00e5 grundlag af artikel 6, stk. 1, litra b), i RODO),<\/li>\n<li>indg\u00e5else og opfyldelse af salgsaftalen, som du har indg\u00e5et med persondataadministratoren (p\u00e5 grundlag af artikel 6, stk. 1, litra b), i RODO),<\/li>\n<li>mulig etablering, efterforskning eller forsvar mod krav, hvilket er vores legitime interesse (p\u00e5 grundlag af artikel 6, stk. 1, litra f), i RODO), mulig etablering, efterforskning eller forsvar mod krav, hvilket er vores legitime interesse (p\u00e5 grundlag af artikel 6, stk. 1, litra f), i RODO). f RODO),<\/li>\n<li>for at tilbyde dig produkter og tjenester direkte fra os, hvilket er vores legitime interesse (grundlag i art. 6(1)(f) RODO),<\/li>\n<li>for at tilbyde dig produkter og virksomheder, der samarbejder med os, direkte fra os, hvilket er vores og vores partneres legitime interesse (grundlag i art. 6(1)(f) RODO)<\/li>\n<li>for at sende dig kommercielle oplysninger om produkter og tjenester fra persondataadministratoren baseret p\u00e5 dit samtykke (grundlag i art. 6(1)(a) RODO). 6(1)(a) RODO);<\/li>\n<li>for at overholde vores juridiske forpligtelse, f.eks. relateret til regnskab (grundlag art. 6(1)(c) RODO)<span class=\"Apple-converted-space\"> <\/span><\/li>\n<li>Vi vil behandle kategorier af dine personlige data s\u00e5som grundl\u00e6ggende identifikationsdata, data vedr\u00f8rende din bop\u00e6l, data relateret til din forretningsaktivitet og data vedr\u00f8rende muligheden for at kontakte dig.<span class=\"Apple-converted-space\"> <\/span><\/li>\n<li>Vi kan dele dine personoplysninger med f\u00f8lgende kategorier af enheder:<span class=\"Apple-converted-space\"> <\/span><\/li>\n<\/ol>\n<ul>\n<li>underleverand\u00f8rer, dvs. enheder, som vi bruger til behandling;<\/li>\n<li>forretningspartnere, hvis tilbud supplerer vores tilbud;<span class=\"Apple-converted-space\"> <\/span><\/li>\n<\/ul>\n<ol start=\"13\">\n<li>Vi overf\u00f8rer ikke dine data uden for EU\/E\u00d8S.<span class=\"Apple-converted-space\"> <\/span><\/li>\n<li>Dine persondata vil blive behandlet og opbevaret fra det \u00f8jeblik, de indhentes af persondataadministratoren, indtil leveringen af tjenester til dig oph\u00f8rer, samt efter denne periode til f\u00f8lgende form\u00e5l:<span class=\"Apple-converted-space\"> <\/span><\/li>\n<\/ol>\n<ul>\n<li>for at g\u00f8re krav g\u00e6ldende i forbindelse med opfyldelsen af kontrakten;<span class=\"Apple-converted-space\"> <\/span><\/li>\n<li>for at overholde forpligtelser i henhold til loven, herunder is\u00e6r skat og regnskab;<span class=\"Apple-converted-space\"> <\/span><\/li>\n<li>markedsf\u00f8ring, indtil du g\u00f8r indsigelse mod behandlingen til dette form\u00e5l, tr\u00e6kker dit samtykke tilbage, eller vi selv bestemmer, at de er blevet for\u00e6ldede.<span class=\"Apple-converted-space\"> <\/span><\/li>\n<\/ul>\n<ol start=\"15\">\n<li>Det er frivilligt at afgive data, men hvis du ikke g\u00f8r det, vil det betyde, at vi ikke kan levere tjenester til dig, at vi ikke kan besvare din foresp\u00f8rgsel, at vi ikke kan kontakte dig, at vi ikke kan indg\u00e5 en salgskontrakt, og at vi ikke kan modtage markedsf\u00f8ringsoplysninger.<\/li>\n<li>Administrator skal sikre, at dataene indsamles, behandles og anvendes i overensstemmelse med bestemmelserne i den databeskyttelseslov, der g\u00e6lder for det land, hvor dataene indsamles.<span class=\"Apple-converted-space\"> <\/span><\/li>\n<li>Administrator kan bruge profilering p\u00e5 webstedet til direkte markedsf\u00f8ringsform\u00e5l, men de beslutninger, som administrator tr\u00e6ffer p\u00e5 grundlag heraf, vedr\u00f8rer ikke indg\u00e5else eller afvisning af en serviceaftale eller muligheden for at bruge elektroniske tjenester p\u00e5 webstedet. Effekten af brugen af profilering p\u00e5 webstedet kan f.eks. v\u00e6re at give en person en rabat, at sende ham\/hende en rabatkode, at minde ham\/hende om uafsluttede k\u00f8b, at sende ham\/hende et forslag til en tjeneste, der kan svare til personens interesser eller pr\u00e6ferencer, eller at tilbyde bedre betingelser sammenlignet med webstedets standardtilbud. P\u00e5 trods af profileringen er det personen, der frit beslutter, om han\/hun \u00f8nsker at drage fordel af den rabat, der modtages p\u00e5 denne m\u00e5de, eller af de bedre vilk\u00e5r og betingelser og foretage et k\u00f8b p\u00e5 webstedet.<\/li>\n<li>Profilering p\u00e5 webstedet indeb\u00e6rer automatisk analyse eller forudsigelse af personens adf\u00e6rd p\u00e5 webstedet, f.eks. ved at tilf\u00f8je en bestemt tjeneste til kurven, gennemse siden for en bestemt tjeneste p\u00e5 webstedet eller ved at analysere den tidligere historik for k\u00f8b, der er foretaget p\u00e5 webstedet. Betingelsen for en s\u00e5dan profilering er, at administratoren har den p\u00e5g\u00e6ldende persons personoplysninger for efterf\u00f8lgende at kunne sende ham\/hende f.eks. en rabatkode.<\/li>\n<\/ol>\n<p><b>\u00a72 RETTIGHEDER VEDR\u00d8RENDE ADMINISTRATORENS BEHANDLING AF PERSONOPLYSNINGER<\/b><\/p>\n<p><b><span class=\"Apple-converted-space\"> <\/span><\/b><\/p>\n<p><b> VIGTIGT! <\/b>Det er v\u00e6rd at huske, at du har ret til at indgive en klage til BOB, hvis du mener, at behandlingen af personoplysninger er i strid med bestemmelserne i den generelle forordning om databeskyttelse af 27. april 2016.<\/p>\n<p>I forbindelse med den dataansvarliges behandling af dine personoplysninger har du ret til:<\/p>\n<ol>\n<li>at f\u00e5 adgang til dine personlige data og at modtage en kopi af dine personlige data;<span class=\"Apple-converted-space\"> <\/span><\/li>\n<li>at rette (\u00e6ndre dine data);<\/li>\n<li>at slette dine data<span class=\"Apple-converted-space\"> <\/span><\/li>\n<\/ol>\n<p><b>VIGTIGT! <\/b>Hvis der efter din mening ikke er nogen grund til, at vi behandler dine data, kan du anmode om, at vi sletter dine data.<span class=\"Apple-converted-space\"> <\/span><\/p>\n<ol start=\"4\">\n<li>at begr\u00e6nse behandlingen af dine personlige data;<\/li>\n<\/ol>\n<p><b>VIGTIGT! <\/b>Du kan anmode om, at vi begr\u00e6nser behandlingen af dine personoplysninger til kun at omfatte opbevaring eller udf\u00f8relse af aktiviteter, der er aftalt med dig, hvis vi efter din mening har forkerte oplysninger om dig eller behandler dem ubegrundet; eller hvis du ikke \u00f8nsker, at vi sletter dem, fordi du har brug for dem til at etablere, h\u00e6vde eller forsvare et krav; eller s\u00e5 l\u00e6nge du g\u00f8r indsigelse mod behandlingen.<span class=\"Apple-converted-space\"> <\/span><\/p>\n<ol start=\"5\">\n<li>til at g\u00f8re indsigelse mod behandlingen af dine personoplysninger;<span class=\"Apple-converted-space\"> <\/span><\/li>\n<li>til dataportabilitet;<span class=\"Apple-converted-space\"> <\/span><\/li>\n<\/ol>\n<p><b>VIGTIGT! <\/b>Du har ret til at modtage dine personoplysninger fra os i et struktureret, almindeligt anvendt maskinl\u00e6sbart format. Du kan ogs\u00e5 bede os om at sende disse data direkte til en anden part.<span class=\"Apple-converted-space\"> <\/span><\/p>\n<ol start=\"7\">\n<li>retten til at indgive en klage til en tilsynsmyndighed;<span class=\"Apple-converted-space\"> <\/span><\/li>\n<li>retten til at tr\u00e6kke dit samtykke til behandling af dine personoplysninger tilbage<\/li>\n<\/ol>\n<p><b>VIGTIGT! For at ud\u00f8ve nogen af de ovenn\u00e6vnte rettigheder bedes du sende en relevant e-mail til den personoplysningsansvarlige. Din anmodning vil blive behandlet med det samme.<\/b><\/p>\n<p><b>\u00a73 OMFANGET AF DATABEHANDLING<\/b><\/p>\n<ol>\n<li>N\u00e5r du bruger webstedet<b> <\/b>, gemmes visse data automatisk p\u00e5 webstedsejerens servere med henblik p\u00e5 systemadministration eller til statistiske form\u00e5l eller backupform\u00e5l. De ovenn\u00e6vnte data omfatter:<span class=\"Apple-converted-space\"> <\/span><\/li>\n<\/ol>\n<ul>\n<li>navnet p\u00e5 din internetudbyder;<span class=\"Apple-converted-space\"> <\/span><\/li>\n<li>IP-adresse;<span class=\"Apple-converted-space\"> <\/span><\/li>\n<li>versionen af browsersoftwaren;<span class=\"Apple-converted-space\"> <\/span><\/li>\n<li>computerens operativsystem; <span class=\"Apple-converted-space\"> <\/span><\/li>\n<li>systemlogfiler;<span class=\"Apple-converted-space\"> <\/span><\/li>\n<\/ul>\n<ol start=\"2\">\n<li>administratoren af personoplysninger behandler brugerens personoplysninger s\u00e5som:<span class=\"Apple-converted-space\"> <\/span><\/li>\n<\/ol>\n<ul>\n<li>for- og efternavn eller virksomhedens navn;<span class=\"Apple-converted-space\"> <\/span><\/li>\n<li>adresse;<\/li>\n<li>e-mailadresse;<\/li>\n<li>kontakttelefonnummer<\/li>\n<li>NIP-nummer;<span class=\"Apple-converted-space\"> <\/span><\/li>\n<\/ul>\n<p><b>\u00a74 COOKIES PLICKS<span class=\"Apple-converted-space\"> <\/span><\/b><\/p>\n<ol>\n<li>Hjemmesiden bruger cookies.<\/li>\n<li>Cookies (s\u00e5kaldte &#8220;cookies&quot;) er IT-data, is\u00e6r tekstfiler, der gemmes i den endelige enhed hos brugeren af webstedet<b> <\/b>og er beregnet til brug af webstederne p\u00e5 webstedet. Cookies indeholder normalt navnet p\u00e5 det websted, de stammer fra, tidspunktet for lagring af dem p\u00e5 slutenheden og et unikt nummer.<\/li>\n<li>Den enhed, der placerer cookies p\u00e5 slutenheden hos brugeren af webstedet<b> <\/b>og f\u00e5r adgang til dem, er ejeren af webstedet<\/li>\n<li>. Cookies bruges til f\u00f8lgende form\u00e5l:\n<ol>\n<li>oprettelse af statistikker, der hj\u00e6lper med at forst\u00e5, hvordan brugere af webstedet<b> <\/b>bruger webstederne, hvilket g\u00f8r det muligt at forbedre deres struktur og indhold,<\/li>\n<li>opretholdelse af sessionen for brugeren af webstedet<b> <\/b>(efter login), takket v\u00e6re hvilken brugeren ikke beh\u00f8ver at indtaste sit login og sin adgangskode igen p\u00e5 hver underside af webstedet<b> <\/b>,<\/li>\n<li>bestemmelse af brugerens profil for at vise ham\/hende tilpassede materialer i reklamenetv\u00e6rk, is\u00e6r Google-netv\u00e6rket.<\/li>\n<\/ol>\n<\/li>\n<li>Webstedet<b> <\/b>bruger to hovedtyper af cookies: &#8220;session&quot;-cookies og &#8220;permanente&quot; cookies (vedvarende cookies). &#8220;Session&quot;-cookies er midlertidige filer, der gemmes p\u00e5 brugerens terminaludstyr, indtil han\/hun logger af, forlader webstedet eller slukker for softwaren (internetbrowseren). &#8220;Permanente&quot; cookies gemmes p\u00e5 brugerens terminaludstyr i det tidsrum, der er angivet i parametrene for cookies, eller indtil de slettes af brugeren.<\/li>\n<li>Webbrowsing-software (internetbrowser) tillader normalt lagring af cookies p\u00e5 brugerens terminaludstyr som standard. Brugere af webstedet<b> <\/b>kan \u00e6ndre deres indstillinger i denne henseende. Webbrowseren g\u00f8r det muligt at slette cookies. Det er ogs\u00e5 muligt at blokere cookies automatisk. Detaljerede oplysninger om dette emne kan findes i hj\u00e6lpen eller dokumentationen til internetbrowseren.<\/li>\n<li>Begr\u00e6nsninger i brugen af cookies kan p\u00e5virke nogle af de funktioner, der er tilg\u00e6ngelige p\u00e5 webstederne for internettjenesten<\/li>\n<li>. Cookies placeres p\u00e5 slutenheden hos brugeren af internettjenesten<b> <\/b>og kan ogs\u00e5 bruges af annonc\u00f8rer og partnere, der samarbejder med ejeren af internettjenesten<b> <\/b>.<\/li>\n<li>Vi anbefaler, at du l\u00e6ser disse virksomheders privatlivspolitik for at l\u00e6re om principperne for brug af cookies, der bruges til statistik: Google Analytics&#8217; privatlivspolitik.<\/li>\n<li>Cookies kan bruges af reklamenetv\u00e6rk, is\u00e6r Google-netv\u00e6rket, til at vise reklamer, der er skr\u00e6ddersyet til den m\u00e5de, du bruger webstedet p\u00e5. Til dette form\u00e5l kan de opbevare oplysninger om brugerens navigationssti eller tid brugt p\u00e5 en bestemt side.<\/li>\n<li>Med hensyn til oplysninger om brugerpr\u00e6ferencer indsamlet af Googles reklamenetv\u00e6rk kan brugeren se og redigere de oplysninger, der stammer fra cookies, ved hj\u00e6lp af f\u00f8lgende v\u00e6rkt\u00f8j: https:\/\/www.google.com\/ads\/preferences\/<\/li>\n<li>H\u00e5ndtering af cookies &#8211; hvordan giver og tr\u00e6kker man samtykke tilbage i praksis?\n<ol>\n<li>Hvis brugeren ikke \u00f8nsker at modtage cookies, kan han eller hun \u00e6ndre sine browserindstillinger. Vi g\u00f8r opm\u00e6rksom p\u00e5, at deaktivering af cookies, der er n\u00f8dvendige for autentificeringsprocesser, sikkerhed og vedligeholdelse af brugerpr\u00e6ferencer, kan hindre og i ekstreme tilf\u00e6lde g\u00f8re det umuligt at bruge webstederne<\/li>\n<li>For at administrere cookieindstillinger skal du v\u00e6lge din internetbrowser\/dit system fra listen nedenfor og f\u00f8lge instruktionerne:<\/li>\n<\/ol>\n<\/li>\n<\/ol>\n<ul>\n<li>Internet Explorer &#8211; https:\/\/support.microsoft.com\/da-en\/kb\/196955<\/li>\n<li>Chrome &#8211; https:\/\/support.google.com\/chrome\/answer\/95647?hl=pl<\/li>\n<li>Safari &#8211; https:\/\/support.apple.com\/kb\/PH5042?locale=pl_PL<\/li>\n<li>Firefox- https:\/\/support.mozilla.org\/pl\/kb\/W%C5%82%C4%85czanie%20i%20wy%C5%82%C4%85czanie%20obs%C5%82ugi%20ciaciaeczek<\/li>\n<li>Opera &#8211; http:\/\/help.opera.com\/Windows\/12.10\/pl\/cookies.html<\/li>\n<\/ul>\n<ol start=\"13\">\n<li>Alle brugere har ret til at sende meninger, kommentarer og sp\u00f8rgsm\u00e5l om fortrolighed af oplysninger og privatlivspolitik til administratoren af personlige data. Til dette form\u00e5l skal de sendes til f\u00f8lgende e-mailadresse: contact@megapets.eu.<\/li>\n<\/ol>\n","protected":false},"excerpt":{"rendered":"<p>\u00a71 PRINCIPPER FOR BEHANDLING AF PERSONLIGE DATA Administratoren af dine personlige data, der leveres p\u00e5 dette websted, er MegaPets Serhii Bondariuk med registreret kontor p\u00e5 f\u00f8lgende adresse: MA\u0141OPOLSKIE voivodship, Krakowski poviat, Skawina kommune, loc. Skawina, ul. Lipowa, nr 5a, lok. 2, 32-050, NIP 9442289433, tlf. 796965220. I overensstemmelse med artikel 13, stk. 1 og 2, [&hellip;]<\/p>\n","protected":false},"author":4,"featured_media":0,"parent":0,"menu_order":0,"comment_status":"closed","ping_status":"closed","template":"","meta":{"_acf_changed":false,"footnotes":"","_links_to":"","_links_to_target":""},"class_list":["post-9222","page","type-page","status-publish","hentry"],"acf":[],"yoast_head":"<!-- This site is optimized with the Yoast SEO plugin v24.9 - https:\/\/yoast.com\/wordpress\/plugins\/seo\/ -->\n<title>Fortrolighedspolitik | MegaPets<\/title>\n<meta name=\"robots\" content=\"index, follow, max-snippet:-1, max-image-preview:large, max-video-preview:-1\" \/>\n<link rel=\"canonical\" href=\"https:\/\/megapets.eu\/da\/fortrolighedspolitik\/\" \/>\n<meta property=\"og:locale\" content=\"da_DK\" \/>\n<meta property=\"og:type\" content=\"article\" \/>\n<meta property=\"og:title\" content=\"Fortrolighedspolitik | MegaPets\" \/>\n<meta property=\"og:description\" content=\"\u00a71 PRINCIPPER FOR BEHANDLING AF PERSONLIGE DATA Administratoren af dine personlige data, der leveres p\u00e5 dette websted, er MegaPets Serhii Bondariuk med registreret kontor p\u00e5 f\u00f8lgende adresse: MA\u0141OPOLSKIE voivodship, Krakowski poviat, Skawina kommune, loc. Skawina, ul. Lipowa, nr 5a, lok. 2, 32-050, NIP 9442289433, tlf. 796965220. I overensstemmelse med artikel 13, stk. 1 og 2, [&hellip;]\" \/>\n<meta property=\"og:url\" content=\"https:\/\/megapets.eu\/da\/fortrolighedspolitik\/\" \/>\n<meta property=\"og:site_name\" content=\"MegaPets\" \/>\n<meta property=\"article:publisher\" content=\"https:\/\/www.facebook.com\/MegaPets.eu\/\" \/>\n<meta property=\"og:image\" content=\"https:\/\/megapets.eu\/wp-content\/uploads\/2025\/04\/megapets_eu-info-scaled.png\" \/>\n\t<meta property=\"og:image:width\" content=\"2560\" \/>\n\t<meta property=\"og:image:height\" content=\"1735\" \/>\n\t<meta property=\"og:image:type\" content=\"image\/png\" \/>\n<meta name=\"twitter:card\" content=\"summary_large_image\" \/>\n<meta name=\"twitter:label1\" content=\"Estimeret l\u00e6setid\" \/>\n\t<meta name=\"twitter:data1\" content=\"8 minut\" \/>\n<script type=\"application\/ld+json\" class=\"yoast-schema-graph\">{\"@context\":\"https:\/\/schema.org\",\"@graph\":[{\"@type\":\"WebPage\",\"@id\":\"https:\/\/megapets.eu\/da\/fortrolighedspolitik\/\",\"url\":\"https:\/\/megapets.eu\/da\/fortrolighedspolitik\/\",\"name\":\"Fortrolighedspolitik | MegaPets\",\"isPartOf\":{\"@id\":\"https:\/\/megapets.eu\/da\/#website\"},\"datePublished\":\"2023-02-10T14:50:00+00:00\",\"breadcrumb\":{\"@id\":\"https:\/\/megapets.eu\/da\/fortrolighedspolitik\/#breadcrumb\"},\"inLanguage\":\"da-DK\",\"potentialAction\":[{\"@type\":\"ReadAction\",\"target\":[\"https:\/\/megapets.eu\/da\/fortrolighedspolitik\/\"]}]},{\"@type\":\"BreadcrumbList\",\"@id\":\"https:\/\/megapets.eu\/da\/fortrolighedspolitik\/#breadcrumb\",\"itemListElement\":[{\"@type\":\"ListItem\",\"position\":1,\"name\":\"Strona g\u0142\u00f3wna\",\"item\":\"https:\/\/megapets.eu\/da\/\"},{\"@type\":\"ListItem\",\"position\":2,\"name\":\"Fortrolighedspolitik\"}]},{\"@type\":\"WebSite\",\"@id\":\"https:\/\/megapets.eu\/da\/#website\",\"url\":\"https:\/\/megapets.eu\/da\/\",\"name\":\"Mega Pets\",\"description\":\"Jedna z najwi\u0119kszych hodowli \u015blimak\u00f3w w Europie\",\"publisher\":{\"@id\":\"https:\/\/megapets.eu\/da\/#organization\"},\"alternateName\":\"Mega Pets\",\"potentialAction\":[{\"@type\":\"SearchAction\",\"target\":{\"@type\":\"EntryPoint\",\"urlTemplate\":\"https:\/\/megapets.eu\/da\/?s={search_term_string}\"},\"query-input\":{\"@type\":\"PropertyValueSpecification\",\"valueRequired\":true,\"valueName\":\"search_term_string\"}}],\"inLanguage\":\"da-DK\"},{\"@type\":\"Organization\",\"@id\":\"https:\/\/megapets.eu\/da\/#organization\",\"name\":\"Mega Pets\",\"url\":\"https:\/\/megapets.eu\/da\/\",\"logo\":{\"@type\":\"ImageObject\",\"inLanguage\":\"da-DK\",\"@id\":\"https:\/\/megapets.eu\/da\/#\/schema\/logo\/image\/\",\"url\":\"https:\/\/megapets.eu\/wp-content\/uploads\/2025\/04\/megapets_eu-logo.png\",\"contentUrl\":\"https:\/\/megapets.eu\/wp-content\/uploads\/2025\/04\/megapets_eu-logo.png\",\"width\":2362,\"height\":2362,\"caption\":\"Mega Pets\"},\"image\":{\"@id\":\"https:\/\/megapets.eu\/da\/#\/schema\/logo\/image\/\"},\"sameAs\":[\"https:\/\/www.facebook.com\/MegaPets.eu\/\"]}]}<\/script>\n<!-- \/ Yoast SEO plugin. -->","yoast_head_json":{"title":"Fortrolighedspolitik | MegaPets","robots":{"index":"index","follow":"follow","max-snippet":"max-snippet:-1","max-image-preview":"max-image-preview:large","max-video-preview":"max-video-preview:-1"},"canonical":"https:\/\/megapets.eu\/da\/fortrolighedspolitik\/","og_locale":"da_DK","og_type":"article","og_title":"Fortrolighedspolitik | MegaPets","og_description":"\u00a71 PRINCIPPER FOR BEHANDLING AF PERSONLIGE DATA Administratoren af dine personlige data, der leveres p\u00e5 dette websted, er MegaPets Serhii Bondariuk med registreret kontor p\u00e5 f\u00f8lgende adresse: MA\u0141OPOLSKIE voivodship, Krakowski poviat, Skawina kommune, loc. Skawina, ul. Lipowa, nr 5a, lok. 2, 32-050, NIP 9442289433, tlf. 796965220. I overensstemmelse med artikel 13, stk. 1 og 2, [&hellip;]","og_url":"https:\/\/megapets.eu\/da\/fortrolighedspolitik\/","og_site_name":"MegaPets","article_publisher":"https:\/\/www.facebook.com\/MegaPets.eu\/","og_image":[{"width":2560,"height":1735,"url":"https:\/\/megapets.eu\/wp-content\/uploads\/2025\/04\/megapets_eu-info-scaled.png","type":"image\/png"}],"twitter_card":"summary_large_image","twitter_misc":{"Estimeret l\u00e6setid":"8 minut"},"schema":{"@context":"https:\/\/schema.org","@graph":[{"@type":"WebPage","@id":"https:\/\/megapets.eu\/da\/fortrolighedspolitik\/","url":"https:\/\/megapets.eu\/da\/fortrolighedspolitik\/","name":"Fortrolighedspolitik | MegaPets","isPartOf":{"@id":"https:\/\/megapets.eu\/da\/#website"},"datePublished":"2023-02-10T14:50:00+00:00","breadcrumb":{"@id":"https:\/\/megapets.eu\/da\/fortrolighedspolitik\/#breadcrumb"},"inLanguage":"da-DK","potentialAction":[{"@type":"ReadAction","target":["https:\/\/megapets.eu\/da\/fortrolighedspolitik\/"]}]},{"@type":"BreadcrumbList","@id":"https:\/\/megapets.eu\/da\/fortrolighedspolitik\/#breadcrumb","itemListElement":[{"@type":"ListItem","position":1,"name":"Strona g\u0142\u00f3wna","item":"https:\/\/megapets.eu\/da\/"},{"@type":"ListItem","position":2,"name":"Fortrolighedspolitik"}]},{"@type":"WebSite","@id":"https:\/\/megapets.eu\/da\/#website","url":"https:\/\/megapets.eu\/da\/","name":"Mega Pets","description":"Jedna z najwi\u0119kszych hodowli \u015blimak\u00f3w w Europie","publisher":{"@id":"https:\/\/megapets.eu\/da\/#organization"},"alternateName":"Mega Pets","potentialAction":[{"@type":"SearchAction","target":{"@type":"EntryPoint","urlTemplate":"https:\/\/megapets.eu\/da\/?s={search_term_string}"},"query-input":{"@type":"PropertyValueSpecification","valueRequired":true,"valueName":"search_term_string"}}],"inLanguage":"da-DK"},{"@type":"Organization","@id":"https:\/\/megapets.eu\/da\/#organization","name":"Mega Pets","url":"https:\/\/megapets.eu\/da\/","logo":{"@type":"ImageObject","inLanguage":"da-DK","@id":"https:\/\/megapets.eu\/da\/#\/schema\/logo\/image\/","url":"https:\/\/megapets.eu\/wp-content\/uploads\/2025\/04\/megapets_eu-logo.png","contentUrl":"https:\/\/megapets.eu\/wp-content\/uploads\/2025\/04\/megapets_eu-logo.png","width":2362,"height":2362,"caption":"Mega Pets"},"image":{"@id":"https:\/\/megapets.eu\/da\/#\/schema\/logo\/image\/"},"sameAs":["https:\/\/www.facebook.com\/MegaPets.eu\/"]}]}},"_links":{"self":[{"href":"https:\/\/megapets.eu\/da\/wp-json\/wp\/v2\/pages\/9222","targetHints":{"allow":["GET"]}}],"collection":[{"href":"https:\/\/megapets.eu\/da\/wp-json\/wp\/v2\/pages"}],"about":[{"href":"https:\/\/megapets.eu\/da\/wp-json\/wp\/v2\/types\/page"}],"author":[{"embeddable":true,"href":"https:\/\/megapets.eu\/da\/wp-json\/wp\/v2\/users\/4"}],"replies":[{"embeddable":true,"href":"https:\/\/megapets.eu\/da\/wp-json\/wp\/v2\/comments?post=9222"}],"version-history":[{"count":0,"href":"https:\/\/megapets.eu\/da\/wp-json\/wp\/v2\/pages\/9222\/revisions"}],"wp:attachment":[{"href":"https:\/\/megapets.eu\/da\/wp-json\/wp\/v2\/media?parent=9222"}],"curies":[{"name":"wp","href":"https:\/\/api.w.org\/{rel}","templated":true}]}}