{"id":11395,"date":"2025-11-07T04:36:20","date_gmt":"2025-11-07T04:36:20","guid":{"rendered":"https:\/\/megapets.eu\/?post_type=product&#038;p=11395"},"modified":"2025-11-07T04:42:52","modified_gmt":"2025-11-07T04:42:52","slug":"kokossubstrat-15-lkokosnoddetorv-til-snegle-kopia","status":"publish","type":"product","link":"https:\/\/megapets.eu\/da\/tilbehor\/kokossubstrat-15-lkokosnoddetorv-til-snegle-kopia\/","title":{"rendered":"Kokossubstrat 1,5 L<br \/>Kokosn\u00f8ddet\u00f8rv til snegle (Kopia)"},"content":{"rendered":"<p><strong><span style=\"color: #e87020; font-size: 15px;\"><em>Kokossubstrat 1,5 L \/ Kokost\u00f8rv til snegle<\/em><\/span><\/strong><\/p>\n<p><strong><span style=\"color: #e87020; font-size: 15px;\"><em>En pakke indeholder 1,5 L.<\/em><\/span><\/strong><\/p>\n<p><strong><span style=\"color: #e87020; font-size: 15px;\"><em>Sammens\u00e6tning: 100 % naturlig kokost\u00f8rv.<\/em><\/span><\/strong><\/p>\n<p><strong><span style=\"color: #e87020; font-size: 15px;\"><em>Prisen er for 1 pakke.<\/em><\/span><\/strong><\/p>\n<p><em><span style=\"color: #424242;\"><strong><span style=\"font-size: 15px;\">Kokossubstrat er et naturligt substrat lavet af strimlede kokosfibre. Det mest anbefalede substrat til opdr\u00e6t af eksotiske snegle. Bruges ogs\u00e5 i terrarier med edderkopper, eksotiske kakerlakker, padder, krybdyr osv. <\/span><\/strong><\/span><\/em><\/p>\n<p><em><span style=\"color: #424242;\"><strong><span style=\"font-size: 15px;\">M\u00e5der at bruge kokosn\u00f8ddesubstrat til snegleopdr\u00e6t: <\/span><\/strong><\/span><\/em><\/p>\n<p><em><span style=\"color: #424242;\"><strong><span style=\"font-size: 15px;\">1) Spred substratet ca. 2 cm tykt i terrariet, og spray derefter med kildevand. <\/span><\/strong><\/span><\/em><\/p>\n<p><em><span style=\"color: #424242;\"><strong><span style=\"font-size: 15px;\">2) Brug et papirh\u00e5ndkl\u00e6de af 100 % cellulose (lugtfrit, ikke farvet) i akvariet som bundlag, og d\u00e6k derefter delvist h\u00e5ndkl\u00e6det i akvariet med en lille m\u00e6ngde kokosn\u00f8ddesubstrat. Spr\u00f8jt det hele let med kildevand. En af fordelene ved kokossubstratet i kombination med papirh\u00e5ndkl\u00e6det er, at du lettere kan kontrollere den korrekte luftfugtighed og holde k\u00e6ledyret rent. Snegle tolererer denne m\u00e5de at l\u00e6gge str\u00f8else p\u00e5 og viser bedre resultater med hensyn til v\u00e6kst, skalsundhed og sk\u00f8nhed. Str\u00f8elsen skal udskiftes med frisk str\u00f8else hver 3.-4. dag.<\/span><\/strong><\/span><\/em><\/p>\n","protected":false},"excerpt":{"rendered":"<ul class=\"product_attributes\">\n<li><span style=\"color: #555555;\">Ingredienser:<\/span> 100% naturlig kokosn\u00f8ddet\u00f8rv<\/li>\n<li><span style=\"color: #555555;\">Pakken indeholder:<\/span> 1,5 L<\/li>\n<li><span style=\"color: #555555;\">Prisen g\u00e6lder for:<\/span> 1 pakke.<\/li>\n<\/ul>\n","protected":false},"featured_media":11849,"template":"","meta":{"_acf_changed":false,"_links_to":"","_links_to_target":""},"product_cat":[212],"product_tag":[215,216,213],"class_list":{"0":"post-11395","1":"product","2":"type-product","3":"status-publish","4":"has-post-thumbnail","6":"product_cat-tilbehor","7":"product_tag-for-isopoder","8":"product_tag-til-kakerlakker","9":"product_tag-til-snegle","11":"first","12":"instock","13":"shipping-taxable","14":"purchasable","15":"product-type-simple"},"acf":[],"yoast_head":"<!-- This site is optimized with the Yoast SEO plugin v24.9 - https:\/\/yoast.com\/wordpress\/plugins\/seo\/ -->\n<title>Kokossubstrat 1,5 LKokosn\u00f8ddet\u00f8rv til snegle (Kopia) | MegaPets<\/title>\n<meta name=\"robots\" content=\"index, follow, max-snippet:-1, max-image-preview:large, max-video-preview:-1\" \/>\n<link rel=\"canonical\" href=\"https:\/\/megapets.eu\/da\/tilbehor\/kokossubstrat-15-lkokosnoddetorv-til-snegle-kopia\/\" \/>\n<meta property=\"og:locale\" content=\"da_DK\" \/>\n<meta property=\"og:type\" content=\"article\" \/>\n<meta property=\"og:title\" content=\"Kokossubstrat 1,5 LKokosn\u00f8ddet\u00f8rv til snegle (Kopia) | MegaPets\" \/>\n<meta property=\"og:description\" content=\"Ingredienser: 100% naturlig kokosn\u00f8ddet\u00f8rv  Pakken indeholder: 1,5 L  Prisen g\u00e6lder for: 1 pakke.\" \/>\n<meta property=\"og:url\" content=\"https:\/\/megapets.eu\/da\/tilbehor\/kokossubstrat-15-lkokosnoddetorv-til-snegle-kopia\/\" \/>\n<meta property=\"og:site_name\" content=\"MegaPets\" \/>\n<meta property=\"article:publisher\" content=\"https:\/\/www.facebook.com\/MegaPets.eu\/\" \/>\n<meta property=\"article:modified_time\" content=\"2025-11-07T04:42:52+00:00\" \/>\n<meta property=\"og:image\" content=\"https:\/\/megapets.eu\/wp-content\/uploads\/2025\/11\/2-1024x1024.png\" \/>\n\t<meta property=\"og:image:width\" content=\"1024\" \/>\n\t<meta property=\"og:image:height\" content=\"1024\" \/>\n\t<meta property=\"og:image:type\" content=\"image\/png\" \/>\n<meta name=\"twitter:card\" content=\"summary_large_image\" \/>\n<meta name=\"twitter:label1\" content=\"Estimeret l\u00e6setid\" \/>\n\t<meta name=\"twitter:data1\" content=\"1 minut\" \/>\n<script type=\"application\/ld+json\" class=\"yoast-schema-graph\">{\"@context\":\"https:\/\/schema.org\",\"@graph\":[{\"@type\":\"WebPage\",\"@id\":\"https:\/\/megapets.eu\/da\/tilbehor\/kokossubstrat-15-lkokosnoddetorv-til-snegle-kopia\/\",\"url\":\"https:\/\/megapets.eu\/da\/tilbehor\/kokossubstrat-15-lkokosnoddetorv-til-snegle-kopia\/\",\"name\":\"Kokossubstrat 1,5 L Kokosn\u00f8ddet\u00f8rv til snegle (Kopia) | MegaPets\",\"isPartOf\":{\"@id\":\"https:\/\/megapets.eu\/da\/#website\"},\"primaryImageOfPage\":{\"@id\":\"https:\/\/megapets.eu\/da\/tilbehor\/kokossubstrat-15-lkokosnoddetorv-til-snegle-kopia\/#primaryimage\"},\"image\":{\"@id\":\"https:\/\/megapets.eu\/da\/tilbehor\/kokossubstrat-15-lkokosnoddetorv-til-snegle-kopia\/#primaryimage\"},\"thumbnailUrl\":\"https:\/\/megapets.eu\/wp-content\/uploads\/2025\/11\/podloze-kokosowe-woocommerce-optimized-WEBP.webp\",\"datePublished\":\"2025-11-07T04:36:20+00:00\",\"dateModified\":\"2025-11-07T04:42:52+00:00\",\"breadcrumb\":{\"@id\":\"https:\/\/megapets.eu\/da\/tilbehor\/kokossubstrat-15-lkokosnoddetorv-til-snegle-kopia\/#breadcrumb\"},\"inLanguage\":\"da-DK\",\"potentialAction\":[{\"@type\":\"ReadAction\",\"target\":[\"https:\/\/megapets.eu\/da\/tilbehor\/kokossubstrat-15-lkokosnoddetorv-til-snegle-kopia\/\"]}]},{\"@type\":\"ImageObject\",\"inLanguage\":\"da-DK\",\"@id\":\"https:\/\/megapets.eu\/da\/tilbehor\/kokossubstrat-15-lkokosnoddetorv-til-snegle-kopia\/#primaryimage\",\"url\":\"https:\/\/megapets.eu\/wp-content\/uploads\/2025\/11\/podloze-kokosowe-woocommerce-optimized-WEBP.webp\",\"contentUrl\":\"https:\/\/megapets.eu\/wp-content\/uploads\/2025\/11\/podloze-kokosowe-woocommerce-optimized-WEBP.webp\",\"width\":1041,\"height\":711,\"caption\":\"Pod\u0142o\u017ce kokosowe do terrarium dla \u015blimak\u00f3w\"},{\"@type\":\"BreadcrumbList\",\"@id\":\"https:\/\/megapets.eu\/da\/tilbehor\/kokossubstrat-15-lkokosnoddetorv-til-snegle-kopia\/#breadcrumb\",\"itemListElement\":[{\"@type\":\"ListItem\",\"position\":1,\"name\":\"Strona g\u0142\u00f3wna\",\"item\":\"https:\/\/megapets.eu\/da\/\"},{\"@type\":\"ListItem\",\"position\":2,\"name\":\"Butik\",\"item\":\"https:\/\/megapets.eu\/butik\/\"},{\"@type\":\"ListItem\",\"position\":3,\"name\":\"Kokossubstrat 1,5 LKokosn\u00f8ddet\u00f8rv til snegle (Kopia)\"}]},{\"@type\":\"WebSite\",\"@id\":\"https:\/\/megapets.eu\/da\/#website\",\"url\":\"https:\/\/megapets.eu\/da\/\",\"name\":\"Mega Pets\",\"description\":\"Jedna z najwi\u0119kszych hodowli \u015blimak\u00f3w w Europie\",\"publisher\":{\"@id\":\"https:\/\/megapets.eu\/da\/#organization\"},\"alternateName\":\"Mega Pets\",\"potentialAction\":[{\"@type\":\"SearchAction\",\"target\":{\"@type\":\"EntryPoint\",\"urlTemplate\":\"https:\/\/megapets.eu\/da\/?s={search_term_string}\"},\"query-input\":{\"@type\":\"PropertyValueSpecification\",\"valueRequired\":true,\"valueName\":\"search_term_string\"}}],\"inLanguage\":\"da-DK\"},{\"@type\":\"Organization\",\"@id\":\"https:\/\/megapets.eu\/da\/#organization\",\"name\":\"Mega Pets\",\"url\":\"https:\/\/megapets.eu\/da\/\",\"logo\":{\"@type\":\"ImageObject\",\"inLanguage\":\"da-DK\",\"@id\":\"https:\/\/megapets.eu\/da\/#\/schema\/logo\/image\/\",\"url\":\"https:\/\/megapets.eu\/wp-content\/uploads\/2025\/04\/megapets_eu-logo.png\",\"contentUrl\":\"https:\/\/megapets.eu\/wp-content\/uploads\/2025\/04\/megapets_eu-logo.png\",\"width\":2362,\"height\":2362,\"caption\":\"Mega Pets\"},\"image\":{\"@id\":\"https:\/\/megapets.eu\/da\/#\/schema\/logo\/image\/\"},\"sameAs\":[\"https:\/\/www.facebook.com\/MegaPets.eu\/\"]}]}<\/script>\n<!-- \/ Yoast SEO plugin. -->","yoast_head_json":{"title":"Kokossubstrat 1,5 LKokosn\u00f8ddet\u00f8rv til snegle (Kopia) | MegaPets","robots":{"index":"index","follow":"follow","max-snippet":"max-snippet:-1","max-image-preview":"max-image-preview:large","max-video-preview":"max-video-preview:-1"},"canonical":"https:\/\/megapets.eu\/da\/tilbehor\/kokossubstrat-15-lkokosnoddetorv-til-snegle-kopia\/","og_locale":"da_DK","og_type":"article","og_title":"Kokossubstrat 1,5 LKokosn\u00f8ddet\u00f8rv til snegle (Kopia) | MegaPets","og_description":"Ingredienser: 100% naturlig kokosn\u00f8ddet\u00f8rv  Pakken indeholder: 1,5 L  Prisen g\u00e6lder for: 1 pakke.","og_url":"https:\/\/megapets.eu\/da\/tilbehor\/kokossubstrat-15-lkokosnoddetorv-til-snegle-kopia\/","og_site_name":"MegaPets","article_publisher":"https:\/\/www.facebook.com\/MegaPets.eu\/","article_modified_time":"2025-11-07T04:42:52+00:00","og_image":[{"width":1024,"height":1024,"url":"https:\/\/megapets.eu\/wp-content\/uploads\/2025\/11\/2-1024x1024.png","type":"image\/png"}],"twitter_card":"summary_large_image","twitter_misc":{"Estimeret l\u00e6setid":"1 minut"},"schema":{"@context":"https:\/\/schema.org","@graph":[{"@type":"WebPage","@id":"https:\/\/megapets.eu\/da\/tilbehor\/kokossubstrat-15-lkokosnoddetorv-til-snegle-kopia\/","url":"https:\/\/megapets.eu\/da\/tilbehor\/kokossubstrat-15-lkokosnoddetorv-til-snegle-kopia\/","name":"Kokossubstrat 1,5 L Kokosn\u00f8ddet\u00f8rv til snegle (Kopia) | MegaPets","isPartOf":{"@id":"https:\/\/megapets.eu\/da\/#website"},"primaryImageOfPage":{"@id":"https:\/\/megapets.eu\/da\/tilbehor\/kokossubstrat-15-lkokosnoddetorv-til-snegle-kopia\/#primaryimage"},"image":{"@id":"https:\/\/megapets.eu\/da\/tilbehor\/kokossubstrat-15-lkokosnoddetorv-til-snegle-kopia\/#primaryimage"},"thumbnailUrl":"https:\/\/megapets.eu\/wp-content\/uploads\/2025\/11\/podloze-kokosowe-woocommerce-optimized-WEBP.webp","datePublished":"2025-11-07T04:36:20+00:00","dateModified":"2025-11-07T04:42:52+00:00","breadcrumb":{"@id":"https:\/\/megapets.eu\/da\/tilbehor\/kokossubstrat-15-lkokosnoddetorv-til-snegle-kopia\/#breadcrumb"},"inLanguage":"da-DK","potentialAction":[{"@type":"ReadAction","target":["https:\/\/megapets.eu\/da\/tilbehor\/kokossubstrat-15-lkokosnoddetorv-til-snegle-kopia\/"]}]},{"@type":"ImageObject","inLanguage":"da-DK","@id":"https:\/\/megapets.eu\/da\/tilbehor\/kokossubstrat-15-lkokosnoddetorv-til-snegle-kopia\/#primaryimage","url":"https:\/\/megapets.eu\/wp-content\/uploads\/2025\/11\/podloze-kokosowe-woocommerce-optimized-WEBP.webp","contentUrl":"https:\/\/megapets.eu\/wp-content\/uploads\/2025\/11\/podloze-kokosowe-woocommerce-optimized-WEBP.webp","width":1041,"height":711,"caption":"Pod\u0142o\u017ce kokosowe do terrarium dla \u015blimak\u00f3w"},{"@type":"BreadcrumbList","@id":"https:\/\/megapets.eu\/da\/tilbehor\/kokossubstrat-15-lkokosnoddetorv-til-snegle-kopia\/#breadcrumb","itemListElement":[{"@type":"ListItem","position":1,"name":"Strona g\u0142\u00f3wna","item":"https:\/\/megapets.eu\/da\/"},{"@type":"ListItem","position":2,"name":"Butik","item":"https:\/\/megapets.eu\/butik\/"},{"@type":"ListItem","position":3,"name":"Kokossubstrat 1,5 LKokosn\u00f8ddet\u00f8rv til snegle (Kopia)"}]},{"@type":"WebSite","@id":"https:\/\/megapets.eu\/da\/#website","url":"https:\/\/megapets.eu\/da\/","name":"Mega Pets","description":"Jedna z najwi\u0119kszych hodowli \u015blimak\u00f3w w Europie","publisher":{"@id":"https:\/\/megapets.eu\/da\/#organization"},"alternateName":"Mega Pets","potentialAction":[{"@type":"SearchAction","target":{"@type":"EntryPoint","urlTemplate":"https:\/\/megapets.eu\/da\/?s={search_term_string}"},"query-input":{"@type":"PropertyValueSpecification","valueRequired":true,"valueName":"search_term_string"}}],"inLanguage":"da-DK"},{"@type":"Organization","@id":"https:\/\/megapets.eu\/da\/#organization","name":"Mega Pets","url":"https:\/\/megapets.eu\/da\/","logo":{"@type":"ImageObject","inLanguage":"da-DK","@id":"https:\/\/megapets.eu\/da\/#\/schema\/logo\/image\/","url":"https:\/\/megapets.eu\/wp-content\/uploads\/2025\/04\/megapets_eu-logo.png","contentUrl":"https:\/\/megapets.eu\/wp-content\/uploads\/2025\/04\/megapets_eu-logo.png","width":2362,"height":2362,"caption":"Mega Pets"},"image":{"@id":"https:\/\/megapets.eu\/da\/#\/schema\/logo\/image\/"},"sameAs":["https:\/\/www.facebook.com\/MegaPets.eu\/"]}]}},"_links":{"self":[{"href":"https:\/\/megapets.eu\/da\/wp-json\/wp\/v2\/product\/11395","targetHints":{"allow":["GET"]}}],"collection":[{"href":"https:\/\/megapets.eu\/da\/wp-json\/wp\/v2\/product"}],"about":[{"href":"https:\/\/megapets.eu\/da\/wp-json\/wp\/v2\/types\/product"}],"wp:featuredmedia":[{"embeddable":true,"href":"https:\/\/megapets.eu\/da\/wp-json\/wp\/v2\/media\/11849"}],"wp:attachment":[{"href":"https:\/\/megapets.eu\/da\/wp-json\/wp\/v2\/media?parent=11395"}],"wp:term":[{"taxonomy":"product_cat","embeddable":true,"href":"https:\/\/megapets.eu\/da\/wp-json\/wp\/v2\/product_cat?post=11395"},{"taxonomy":"product_tag","embeddable":true,"href":"https:\/\/megapets.eu\/da\/wp-json\/wp\/v2\/product_tag?post=11395"}],"curies":[{"name":"wp","href":"https:\/\/api.w.org\/{rel}","templated":true}]}}