{"id":12480,"date":"2025-12-02T19:42:44","date_gmt":"2025-12-02T19:42:44","guid":{"rendered":"https:\/\/megapets.eu\/?post_type=product&#038;p=12480"},"modified":"2025-12-02T19:55:38","modified_gmt":"2025-12-02T19:55:38","slug":"pakning-sepia-in-chunks-50-ml-kopia-kopia-2","status":"publish","type":"product","link":"https:\/\/megapets.eu\/da\/tilbehor\/pakning-sepia-in-chunks-50-ml-kopia-kopia-2\/","title":{"rendered":"Pakning &#8220;Sepia in chunks&quot; 50 ml (Kopia) (Kopia)"},"content":{"rendered":"<p><strong><span style=\"color: #e87020; font-size: 15px;\"><em>Pakke &#8220;Sepia i stykker&quot; 50 ml<\/em><\/span><\/strong><\/p>\n<p><strong><span style=\"color: #e87020; font-size: 15px;\"><em>Sammens\u00e6tning: 100 % naturlige bl\u00e6ksprutteben.<\/em><\/span><\/strong><\/p>\n<p><strong><span style=\"color: #e87020; font-size: 15px;\"><em>En pakke indeholder 20-25 stykker sepia i stykker p\u00e5 ca. 1-2 cm.<\/em><\/span><\/strong><\/p>\n<p><strong><span style=\"color: #e87020; font-size: 15px;\"><em>Prisen er for 1 pakke.<\/em><\/span><\/strong><\/p>\n<p><em><span style=\"color: #424242;\"><strong><span style=\"font-size: 15px;\">Sepia in pieces er en 100 % naturlig bl\u00e6ksprutteknogle, en kalkkilde til eksotiske snegle, skildpadder og andre terrariedyr. Sepia in pieces er befriet for sin h\u00e5rde skal og sk\u00e5ret i stykker p\u00e5 ca. 1-2 cm. Det g\u00f8r hver side af sepia i stykker bl\u00f8d og nem for sneglen at indtage, og antallet af stykker giver mulighed for at spare penge i forhold til hel sepia. S\u00e5dan fodrer du sepia i stykker: L\u00e6g 1-2 stykker sepia i terrariet, n\u00e5r dyret har spist sepiaen, fodrer du med en ny portion stykker. Udskift sepia-stykkerne ved det f\u00f8rste tegn p\u00e5 ford\u00e6rv (pletter, som skyldes fugtige terrarieforhold).<\/span><\/strong><\/span><\/em><\/p>\n<p><em><span style=\"color: #424242;\"><strong><span style=\"font-size: 15px;\">Du kan altid variere formen p\u00e5 calciumfoderet og desuden tilbyde dit k\u00e6ledyr &#8220;Calcium&quot; &#8211; calcium til snegle.<\/span><\/strong><\/span><\/em><\/p>\n<p><em><span style=\"color: #424242;\"><strong><span style=\"font-size: 15px;\">De kosttilskud, vi anbefaler, er i stand til at opfylde behovene for v\u00e6rdifulde n\u00e6ringsstoffer hos selv de mest kr\u00e6vende arter: &#8220;Protein &amp; Vitamin&quot;, eksotisk urteblanding, malet gammarus. Det anbefales, at kosttilskuddene bruges skiftevis, s\u00e5 dit k\u00e6ledyrs kost forbliver varieret og komplet.<\/span><\/strong><\/span><\/em><\/p>\n","protected":false},"excerpt":{"rendered":"<ul class=\"product_attributes\">\n<li><span style=\"color: #555555;\">Ingredienser:<\/span> 100% naturlige bl\u00e6ksprutteben<\/li>\n<li><span style=\"color: #555555;\">Pakken indeholder:<\/span> 20-25 stykker<\/li>\n<li><span style=\"color: #555555;\">Prisen g\u00e6lder for:<\/span> 1 pakke.<\/li>\n<\/ul>\n","protected":false},"featured_media":12483,"template":"","meta":{"_acf_changed":false,"_links_to":"","_links_to_target":""},"product_cat":[212],"product_tag":[215,214,216,213],"class_list":{"0":"post-12480","1":"product","2":"type-product","3":"status-publish","4":"has-post-thumbnail","6":"product_cat-tilbehor","7":"product_tag-for-isopoder","8":"product_tag-til-hvirvlerne","9":"product_tag-til-kakerlakker","10":"product_tag-til-snegle","12":"first","13":"instock","14":"shipping-taxable","15":"purchasable","16":"product-type-simple"},"acf":[],"yoast_head":"<!-- This site is optimized with the Yoast SEO plugin v24.9 - https:\/\/yoast.com\/wordpress\/plugins\/seo\/ -->\n<title>Pakning &quot;Sepia in chunks&quot; 50 ml (Kopia) (Kopia) | MegaPets<\/title>\n<meta name=\"robots\" content=\"index, follow, max-snippet:-1, max-image-preview:large, max-video-preview:-1\" \/>\n<link rel=\"canonical\" href=\"https:\/\/megapets.eu\/da\/tilbehor\/pakning-sepia-in-chunks-50-ml-kopia-kopia-2\/\" \/>\n<meta property=\"og:locale\" content=\"da_DK\" \/>\n<meta property=\"og:type\" content=\"article\" \/>\n<meta property=\"og:title\" content=\"Pakning &quot;Sepia in chunks&quot; 50 ml (Kopia) (Kopia) | MegaPets\" \/>\n<meta property=\"og:description\" content=\"Ingredienser: 100% naturlige bl\u00e6ksprutteben  Pakken indeholder: 20-25 stykker  Prisen g\u00e6lder for: 1 pakke.\" \/>\n<meta property=\"og:url\" content=\"https:\/\/megapets.eu\/da\/tilbehor\/pakning-sepia-in-chunks-50-ml-kopia-kopia-2\/\" \/>\n<meta property=\"og:site_name\" content=\"MegaPets\" \/>\n<meta property=\"article:publisher\" content=\"https:\/\/www.facebook.com\/MegaPets.eu\/\" \/>\n<meta property=\"article:modified_time\" content=\"2025-12-02T19:55:38+00:00\" \/>\n<meta property=\"og:image\" content=\"https:\/\/megapets.eu\/wp-content\/uploads\/2025\/12\/Sklep-WEBP-2.webp\" \/>\n\t<meta property=\"og:image:width\" content=\"1200\" \/>\n\t<meta property=\"og:image:height\" content=\"812\" \/>\n\t<meta property=\"og:image:type\" content=\"image\/webp\" \/>\n<meta name=\"twitter:card\" content=\"summary_large_image\" \/>\n<meta name=\"twitter:label1\" content=\"Estimeret l\u00e6setid\" \/>\n\t<meta name=\"twitter:data1\" content=\"1 minut\" \/>\n<script type=\"application\/ld+json\" class=\"yoast-schema-graph\">{\"@context\":\"https:\/\/schema.org\",\"@graph\":[{\"@type\":\"WebPage\",\"@id\":\"https:\/\/megapets.eu\/da\/tilbehor\/pakning-sepia-in-chunks-50-ml-kopia-kopia-2\/\",\"url\":\"https:\/\/megapets.eu\/da\/tilbehor\/pakning-sepia-in-chunks-50-ml-kopia-kopia-2\/\",\"name\":\"Pakning \\\"Sepia in chunks\\\" 50 ml (Kopia) (Kopia) | MegaPets\",\"isPartOf\":{\"@id\":\"https:\/\/megapets.eu\/da\/#website\"},\"primaryImageOfPage\":{\"@id\":\"https:\/\/megapets.eu\/da\/tilbehor\/pakning-sepia-in-chunks-50-ml-kopia-kopia-2\/#primaryimage\"},\"image\":{\"@id\":\"https:\/\/megapets.eu\/da\/tilbehor\/pakning-sepia-in-chunks-50-ml-kopia-kopia-2\/#primaryimage\"},\"thumbnailUrl\":\"https:\/\/megapets.eu\/wp-content\/uploads\/2025\/12\/Sklep-WEBP-2.webp\",\"datePublished\":\"2025-12-02T19:42:44+00:00\",\"dateModified\":\"2025-12-02T19:55:38+00:00\",\"breadcrumb\":{\"@id\":\"https:\/\/megapets.eu\/da\/tilbehor\/pakning-sepia-in-chunks-50-ml-kopia-kopia-2\/#breadcrumb\"},\"inLanguage\":\"da-DK\",\"potentialAction\":[{\"@type\":\"ReadAction\",\"target\":[\"https:\/\/megapets.eu\/da\/tilbehor\/pakning-sepia-in-chunks-50-ml-kopia-kopia-2\/\"]}]},{\"@type\":\"ImageObject\",\"inLanguage\":\"da-DK\",\"@id\":\"https:\/\/megapets.eu\/da\/tilbehor\/pakning-sepia-in-chunks-50-ml-kopia-kopia-2\/#primaryimage\",\"url\":\"https:\/\/megapets.eu\/wp-content\/uploads\/2025\/12\/Sklep-WEBP-2.webp\",\"contentUrl\":\"https:\/\/megapets.eu\/wp-content\/uploads\/2025\/12\/Sklep-WEBP-2.webp\",\"width\":1200,\"height\":812},{\"@type\":\"BreadcrumbList\",\"@id\":\"https:\/\/megapets.eu\/da\/tilbehor\/pakning-sepia-in-chunks-50-ml-kopia-kopia-2\/#breadcrumb\",\"itemListElement\":[{\"@type\":\"ListItem\",\"position\":1,\"name\":\"Strona g\u0142\u00f3wna\",\"item\":\"https:\/\/megapets.eu\/da\/\"},{\"@type\":\"ListItem\",\"position\":2,\"name\":\"Butik\",\"item\":\"https:\/\/megapets.eu\/butik\/\"},{\"@type\":\"ListItem\",\"position\":3,\"name\":\"Pakning &#8222;Sepia in chunks\\\" 50 ml (Kopia) (Kopia)\"}]},{\"@type\":\"WebSite\",\"@id\":\"https:\/\/megapets.eu\/da\/#website\",\"url\":\"https:\/\/megapets.eu\/da\/\",\"name\":\"Mega Pets\",\"description\":\"Jedna z najwi\u0119kszych hodowli \u015blimak\u00f3w w Europie\",\"publisher\":{\"@id\":\"https:\/\/megapets.eu\/da\/#organization\"},\"alternateName\":\"Mega Pets\",\"potentialAction\":[{\"@type\":\"SearchAction\",\"target\":{\"@type\":\"EntryPoint\",\"urlTemplate\":\"https:\/\/megapets.eu\/da\/?s={search_term_string}\"},\"query-input\":{\"@type\":\"PropertyValueSpecification\",\"valueRequired\":true,\"valueName\":\"search_term_string\"}}],\"inLanguage\":\"da-DK\"},{\"@type\":\"Organization\",\"@id\":\"https:\/\/megapets.eu\/da\/#organization\",\"name\":\"Mega Pets\",\"url\":\"https:\/\/megapets.eu\/da\/\",\"logo\":{\"@type\":\"ImageObject\",\"inLanguage\":\"da-DK\",\"@id\":\"https:\/\/megapets.eu\/da\/#\/schema\/logo\/image\/\",\"url\":\"https:\/\/megapets.eu\/wp-content\/uploads\/2025\/04\/megapets_eu-logo.png\",\"contentUrl\":\"https:\/\/megapets.eu\/wp-content\/uploads\/2025\/04\/megapets_eu-logo.png\",\"width\":2362,\"height\":2362,\"caption\":\"Mega Pets\"},\"image\":{\"@id\":\"https:\/\/megapets.eu\/da\/#\/schema\/logo\/image\/\"},\"sameAs\":[\"https:\/\/www.facebook.com\/MegaPets.eu\/\"]}]}<\/script>\n<!-- \/ Yoast SEO plugin. -->","yoast_head_json":{"title":"Pakning \"Sepia in chunks\" 50 ml (Kopia) (Kopia) | MegaPets","robots":{"index":"index","follow":"follow","max-snippet":"max-snippet:-1","max-image-preview":"max-image-preview:large","max-video-preview":"max-video-preview:-1"},"canonical":"https:\/\/megapets.eu\/da\/tilbehor\/pakning-sepia-in-chunks-50-ml-kopia-kopia-2\/","og_locale":"da_DK","og_type":"article","og_title":"Pakning \"Sepia in chunks\" 50 ml (Kopia) (Kopia) | MegaPets","og_description":"Ingredienser: 100% naturlige bl\u00e6ksprutteben  Pakken indeholder: 20-25 stykker  Prisen g\u00e6lder for: 1 pakke.","og_url":"https:\/\/megapets.eu\/da\/tilbehor\/pakning-sepia-in-chunks-50-ml-kopia-kopia-2\/","og_site_name":"MegaPets","article_publisher":"https:\/\/www.facebook.com\/MegaPets.eu\/","article_modified_time":"2025-12-02T19:55:38+00:00","og_image":[{"width":1200,"height":812,"url":"https:\/\/megapets.eu\/wp-content\/uploads\/2025\/12\/Sklep-WEBP-2.webp","type":"image\/webp"}],"twitter_card":"summary_large_image","twitter_misc":{"Estimeret l\u00e6setid":"1 minut"},"schema":{"@context":"https:\/\/schema.org","@graph":[{"@type":"WebPage","@id":"https:\/\/megapets.eu\/da\/tilbehor\/pakning-sepia-in-chunks-50-ml-kopia-kopia-2\/","url":"https:\/\/megapets.eu\/da\/tilbehor\/pakning-sepia-in-chunks-50-ml-kopia-kopia-2\/","name":"Pakning \"Sepia in chunks\" 50 ml (Kopia) (Kopia) | MegaPets","isPartOf":{"@id":"https:\/\/megapets.eu\/da\/#website"},"primaryImageOfPage":{"@id":"https:\/\/megapets.eu\/da\/tilbehor\/pakning-sepia-in-chunks-50-ml-kopia-kopia-2\/#primaryimage"},"image":{"@id":"https:\/\/megapets.eu\/da\/tilbehor\/pakning-sepia-in-chunks-50-ml-kopia-kopia-2\/#primaryimage"},"thumbnailUrl":"https:\/\/megapets.eu\/wp-content\/uploads\/2025\/12\/Sklep-WEBP-2.webp","datePublished":"2025-12-02T19:42:44+00:00","dateModified":"2025-12-02T19:55:38+00:00","breadcrumb":{"@id":"https:\/\/megapets.eu\/da\/tilbehor\/pakning-sepia-in-chunks-50-ml-kopia-kopia-2\/#breadcrumb"},"inLanguage":"da-DK","potentialAction":[{"@type":"ReadAction","target":["https:\/\/megapets.eu\/da\/tilbehor\/pakning-sepia-in-chunks-50-ml-kopia-kopia-2\/"]}]},{"@type":"ImageObject","inLanguage":"da-DK","@id":"https:\/\/megapets.eu\/da\/tilbehor\/pakning-sepia-in-chunks-50-ml-kopia-kopia-2\/#primaryimage","url":"https:\/\/megapets.eu\/wp-content\/uploads\/2025\/12\/Sklep-WEBP-2.webp","contentUrl":"https:\/\/megapets.eu\/wp-content\/uploads\/2025\/12\/Sklep-WEBP-2.webp","width":1200,"height":812},{"@type":"BreadcrumbList","@id":"https:\/\/megapets.eu\/da\/tilbehor\/pakning-sepia-in-chunks-50-ml-kopia-kopia-2\/#breadcrumb","itemListElement":[{"@type":"ListItem","position":1,"name":"Strona g\u0142\u00f3wna","item":"https:\/\/megapets.eu\/da\/"},{"@type":"ListItem","position":2,"name":"Butik","item":"https:\/\/megapets.eu\/butik\/"},{"@type":"ListItem","position":3,"name":"Pakning &#8222;Sepia in chunks\" 50 ml (Kopia) (Kopia)"}]},{"@type":"WebSite","@id":"https:\/\/megapets.eu\/da\/#website","url":"https:\/\/megapets.eu\/da\/","name":"Mega Pets","description":"Jedna z najwi\u0119kszych hodowli \u015blimak\u00f3w w Europie","publisher":{"@id":"https:\/\/megapets.eu\/da\/#organization"},"alternateName":"Mega Pets","potentialAction":[{"@type":"SearchAction","target":{"@type":"EntryPoint","urlTemplate":"https:\/\/megapets.eu\/da\/?s={search_term_string}"},"query-input":{"@type":"PropertyValueSpecification","valueRequired":true,"valueName":"search_term_string"}}],"inLanguage":"da-DK"},{"@type":"Organization","@id":"https:\/\/megapets.eu\/da\/#organization","name":"Mega Pets","url":"https:\/\/megapets.eu\/da\/","logo":{"@type":"ImageObject","inLanguage":"da-DK","@id":"https:\/\/megapets.eu\/da\/#\/schema\/logo\/image\/","url":"https:\/\/megapets.eu\/wp-content\/uploads\/2025\/04\/megapets_eu-logo.png","contentUrl":"https:\/\/megapets.eu\/wp-content\/uploads\/2025\/04\/megapets_eu-logo.png","width":2362,"height":2362,"caption":"Mega Pets"},"image":{"@id":"https:\/\/megapets.eu\/da\/#\/schema\/logo\/image\/"},"sameAs":["https:\/\/www.facebook.com\/MegaPets.eu\/"]}]}},"_links":{"self":[{"href":"https:\/\/megapets.eu\/da\/wp-json\/wp\/v2\/product\/12480","targetHints":{"allow":["GET"]}}],"collection":[{"href":"https:\/\/megapets.eu\/da\/wp-json\/wp\/v2\/product"}],"about":[{"href":"https:\/\/megapets.eu\/da\/wp-json\/wp\/v2\/types\/product"}],"wp:featuredmedia":[{"embeddable":true,"href":"https:\/\/megapets.eu\/da\/wp-json\/wp\/v2\/media\/12483"}],"wp:attachment":[{"href":"https:\/\/megapets.eu\/da\/wp-json\/wp\/v2\/media?parent=12480"}],"wp:term":[{"taxonomy":"product_cat","embeddable":true,"href":"https:\/\/megapets.eu\/da\/wp-json\/wp\/v2\/product_cat?post=12480"},{"taxonomy":"product_tag","embeddable":true,"href":"https:\/\/megapets.eu\/da\/wp-json\/wp\/v2\/product_tag?post=12480"}],"curies":[{"name":"wp","href":"https:\/\/api.w.org\/{rel}","templated":true}]}}