{"id":8617,"date":"2025-06-10T11:52:30","date_gmt":"2025-06-10T11:52:30","guid":{"rendered":"https:\/\/megapets.eu\/Ikke kategoriseret\/protein-vitamin-120-g-pakke-til-eksotiske-snegle\/"},"modified":"2025-06-10T11:52:30","modified_gmt":"2025-06-10T11:52:30","slug":"protein-vitamin-120-g-pakke-til-eksotiske-snegle","status":"publish","type":"product","link":"https:\/\/megapets.eu\/da\/tilbehor\/protein-vitamin-120-g-pakke-til-eksotiske-snegle\/","title":{"rendered":"Protein &amp; Vitamin&quot; 120 g pakke <br \/> til eksotiske snegle"},"content":{"rendered":"<p><em><b>&#8220;Protein &amp; Vitamin&quot; <\/b>til eksotiske snegle:<\/em><\/p>\n<p><em>Pakken &#8220;Protein &amp; Vitamin&quot; indeholder en blanding af korn fuld af v\u00e6rdifulde n\u00e6ringsstoffer til korrekt udvikling af k\u00e6ledyrene, det er et gavnligt supplement til sneglenes basiskost.<\/em><\/p>\n<p><em><b>Prisen er for: <\/b>en pakke<b> <\/b>&#8220;Protein &amp; Vitamin&quot;<b> <\/b>klar til brug. En pakke indeholder 120 g.<\/em><\/p>\n<p><em>De malede og sigtede korn giver et mildt pulver, som er nemt at bruge og dosere. Dosering: Som supplement til eksotiske snegles kost tils\u00e6ttes en gang hver 1-2 uge en lille m\u00e6ngde &#8220;Protein &amp; Vitamin&quot;-pulver (1-2 knivspidser, afh\u00e6ngigt af sneglens st\u00f8rrelse) til basisfoderet og drysses oven p\u00e5 de gr\u00f8ntsager og den frugt, der serveres den p\u00e5g\u00e6ldende dag.<\/em><\/p>\n<p><em>Det anbefales at veksle mellem kosttilskuddene og tilbyde sneglen andre typer kosttilskud, som findes i vores sortiment p\u00e5 megapets.eu, s\u00e5 sneglens kost forbliver varieret og komplet. Ved n\u00e6ste fodring er det bedre at tage en kort pause i administrationen af &#8220;Protein &amp; Vitamin&quot;&quot; og tilbyde dit k\u00e6ledyr andre typer kosttilskud, s\u00e5som &#8220;Exotic herb mix&quot; eller &#8220;Gammarus&quot; ground. Vores kosttilskud er udviklet med k\u00e6rlighed til snegle og er baseret p\u00e5 mange \u00e5rs avlserfaring, s\u00e5 vi kan garantere deres kvalitet og effektivitet!<\/em><\/p>\n<p><em>Vi anbefaler kosttilskud, der er i stand til at opfylde behovene for v\u00e6rdifulde n\u00e6ringsstoffer hos selv de mest kr\u00e6vende arter: &#8220;Protein &amp; Vitamin&quot;, &#8220;Exotic herb mix&quot;, &#8220;Gammarus&quot; ground, &#8220;Flower mix&quot;. Det anbefales, at kosttilskuddene bruges skiftevis, s\u00e5 dit k\u00e6ledyrs kost forbliver varieret og komplet.<\/em><\/p>\n","protected":false},"excerpt":{"rendered":"<ul class=\"product_attributes\">\n<li><span style=\"color: #555555;\">Indeholder:<\/span> <em>kornblanding<\/em><\/li>\n<li><span style=\"color: #555555;\">Pakken indeholder:<\/span> 120 g<\/li>\n<li><span style=\"color: #555555;\">Prisen g\u00e6lder for:<\/span> 1 pakke.<\/li>\n<\/ul>\n","protected":false},"featured_media":8618,"template":"","meta":{"_acf_changed":false,"_links_to":"","_links_to_target":""},"product_cat":[212],"product_tag":[215,214,216,213],"class_list":{"0":"post-8617","1":"product","2":"type-product","3":"status-publish","4":"has-post-thumbnail","6":"product_cat-tilbehor","7":"product_tag-for-isopoder","8":"product_tag-til-hvirvlerne","9":"product_tag-til-kakerlakker","10":"product_tag-til-snegle","12":"first","13":"instock","14":"shipping-taxable","15":"purchasable","16":"product-type-simple"},"acf":[],"yoast_head":"<!-- This site is optimized with the Yoast SEO plugin v24.9 - https:\/\/yoast.com\/wordpress\/plugins\/seo\/ -->\n<title>Protein &amp; Vitamin&quot; 120 g pakke  til eksotiske snegle | MegaPets<\/title>\n<meta name=\"robots\" content=\"index, follow, max-snippet:-1, max-image-preview:large, max-video-preview:-1\" \/>\n<link rel=\"canonical\" href=\"https:\/\/megapets.eu\/da\/tilbehor\/protein-vitamin-120-g-pakke-til-eksotiske-snegle\/\" \/>\n<meta property=\"og:locale\" content=\"da_DK\" \/>\n<meta property=\"og:type\" content=\"article\" \/>\n<meta property=\"og:title\" content=\"Protein &amp; Vitamin&quot; 120 g pakke  til eksotiske snegle | MegaPets\" \/>\n<meta property=\"og:description\" content=\"Indeholder: kornblanding  Pakken indeholder: 120 g  Prisen g\u00e6lder for: 1 pakke.\" \/>\n<meta property=\"og:url\" content=\"https:\/\/megapets.eu\/da\/tilbehor\/protein-vitamin-120-g-pakke-til-eksotiske-snegle\/\" \/>\n<meta property=\"og:site_name\" content=\"MegaPets\" \/>\n<meta property=\"article:publisher\" content=\"https:\/\/www.facebook.com\/MegaPets.eu\/\" \/>\n<meta property=\"og:image\" content=\"https:\/\/megapets.eu\/wp-content\/uploads\/2025\/06\/protein-123.png\" \/>\n\t<meta property=\"og:image:width\" content=\"1053\" \/>\n\t<meta property=\"og:image:height\" content=\"694\" \/>\n\t<meta property=\"og:image:type\" content=\"image\/png\" \/>\n<meta name=\"twitter:card\" content=\"summary_large_image\" \/>\n<meta name=\"twitter:label1\" content=\"Estimeret l\u00e6setid\" \/>\n\t<meta name=\"twitter:data1\" content=\"1 minut\" \/>\n<script type=\"application\/ld+json\" class=\"yoast-schema-graph\">{\"@context\":\"https:\/\/schema.org\",\"@graph\":[{\"@type\":\"WebPage\",\"@id\":\"https:\/\/megapets.eu\/da\/tilbehor\/protein-vitamin-120-g-pakke-til-eksotiske-snegle\/\",\"url\":\"https:\/\/megapets.eu\/da\/tilbehor\/protein-vitamin-120-g-pakke-til-eksotiske-snegle\/\",\"name\":\"Protein &amp; Vitamin\\\" 120 g pakke til eksotiske snegle | MegaPets\",\"isPartOf\":{\"@id\":\"https:\/\/megapets.eu\/da\/#website\"},\"primaryImageOfPage\":{\"@id\":\"https:\/\/megapets.eu\/da\/tilbehor\/protein-vitamin-120-g-pakke-til-eksotiske-snegle\/#primaryimage\"},\"image\":{\"@id\":\"https:\/\/megapets.eu\/da\/tilbehor\/protein-vitamin-120-g-pakke-til-eksotiske-snegle\/#primaryimage\"},\"thumbnailUrl\":\"https:\/\/megapets.eu\/wp-content\/uploads\/2025\/06\/protein-123.png\",\"datePublished\":\"2025-06-10T11:52:30+00:00\",\"breadcrumb\":{\"@id\":\"https:\/\/megapets.eu\/da\/tilbehor\/protein-vitamin-120-g-pakke-til-eksotiske-snegle\/#breadcrumb\"},\"inLanguage\":\"da-DK\",\"potentialAction\":[{\"@type\":\"ReadAction\",\"target\":[\"https:\/\/megapets.eu\/da\/tilbehor\/protein-vitamin-120-g-pakke-til-eksotiske-snegle\/\"]}]},{\"@type\":\"ImageObject\",\"inLanguage\":\"da-DK\",\"@id\":\"https:\/\/megapets.eu\/da\/tilbehor\/protein-vitamin-120-g-pakke-til-eksotiske-snegle\/#primaryimage\",\"url\":\"https:\/\/megapets.eu\/wp-content\/uploads\/2025\/06\/protein-123.png\",\"contentUrl\":\"https:\/\/megapets.eu\/wp-content\/uploads\/2025\/06\/protein-123.png\",\"width\":1053,\"height\":694},{\"@type\":\"BreadcrumbList\",\"@id\":\"https:\/\/megapets.eu\/da\/tilbehor\/protein-vitamin-120-g-pakke-til-eksotiske-snegle\/#breadcrumb\",\"itemListElement\":[{\"@type\":\"ListItem\",\"position\":1,\"name\":\"Strona g\u0142\u00f3wna\",\"item\":\"https:\/\/megapets.eu\/da\/\"},{\"@type\":\"ListItem\",\"position\":2,\"name\":\"Butik\",\"item\":\"https:\/\/megapets.eu\/butik\/\"},{\"@type\":\"ListItem\",\"position\":3,\"name\":\"Protein &amp; Vitamin\\\" 120 g pakke til eksotiske snegle\"}]},{\"@type\":\"WebSite\",\"@id\":\"https:\/\/megapets.eu\/da\/#website\",\"url\":\"https:\/\/megapets.eu\/da\/\",\"name\":\"Mega Pets\",\"description\":\"Jedna z najwi\u0119kszych hodowli \u015blimak\u00f3w w Europie\",\"publisher\":{\"@id\":\"https:\/\/megapets.eu\/da\/#organization\"},\"alternateName\":\"Mega Pets\",\"potentialAction\":[{\"@type\":\"SearchAction\",\"target\":{\"@type\":\"EntryPoint\",\"urlTemplate\":\"https:\/\/megapets.eu\/da\/?s={search_term_string}\"},\"query-input\":{\"@type\":\"PropertyValueSpecification\",\"valueRequired\":true,\"valueName\":\"search_term_string\"}}],\"inLanguage\":\"da-DK\"},{\"@type\":\"Organization\",\"@id\":\"https:\/\/megapets.eu\/da\/#organization\",\"name\":\"Mega Pets\",\"url\":\"https:\/\/megapets.eu\/da\/\",\"logo\":{\"@type\":\"ImageObject\",\"inLanguage\":\"da-DK\",\"@id\":\"https:\/\/megapets.eu\/da\/#\/schema\/logo\/image\/\",\"url\":\"https:\/\/megapets.eu\/wp-content\/uploads\/2025\/04\/megapets_eu-logo.png\",\"contentUrl\":\"https:\/\/megapets.eu\/wp-content\/uploads\/2025\/04\/megapets_eu-logo.png\",\"width\":2362,\"height\":2362,\"caption\":\"Mega Pets\"},\"image\":{\"@id\":\"https:\/\/megapets.eu\/da\/#\/schema\/logo\/image\/\"},\"sameAs\":[\"https:\/\/www.facebook.com\/MegaPets.eu\/\"]}]}<\/script>\n<!-- \/ Yoast SEO plugin. -->","yoast_head_json":{"title":"Protein &amp; Vitamin\" 120 g pakke  til eksotiske snegle | MegaPets","robots":{"index":"index","follow":"follow","max-snippet":"max-snippet:-1","max-image-preview":"max-image-preview:large","max-video-preview":"max-video-preview:-1"},"canonical":"https:\/\/megapets.eu\/da\/tilbehor\/protein-vitamin-120-g-pakke-til-eksotiske-snegle\/","og_locale":"da_DK","og_type":"article","og_title":"Protein &amp; Vitamin\" 120 g pakke  til eksotiske snegle | MegaPets","og_description":"Indeholder: kornblanding  Pakken indeholder: 120 g  Prisen g\u00e6lder for: 1 pakke.","og_url":"https:\/\/megapets.eu\/da\/tilbehor\/protein-vitamin-120-g-pakke-til-eksotiske-snegle\/","og_site_name":"MegaPets","article_publisher":"https:\/\/www.facebook.com\/MegaPets.eu\/","og_image":[{"width":1053,"height":694,"url":"https:\/\/megapets.eu\/wp-content\/uploads\/2025\/06\/protein-123.png","type":"image\/png"}],"twitter_card":"summary_large_image","twitter_misc":{"Estimeret l\u00e6setid":"1 minut"},"schema":{"@context":"https:\/\/schema.org","@graph":[{"@type":"WebPage","@id":"https:\/\/megapets.eu\/da\/tilbehor\/protein-vitamin-120-g-pakke-til-eksotiske-snegle\/","url":"https:\/\/megapets.eu\/da\/tilbehor\/protein-vitamin-120-g-pakke-til-eksotiske-snegle\/","name":"Protein &amp; Vitamin\" 120 g pakke til eksotiske snegle | MegaPets","isPartOf":{"@id":"https:\/\/megapets.eu\/da\/#website"},"primaryImageOfPage":{"@id":"https:\/\/megapets.eu\/da\/tilbehor\/protein-vitamin-120-g-pakke-til-eksotiske-snegle\/#primaryimage"},"image":{"@id":"https:\/\/megapets.eu\/da\/tilbehor\/protein-vitamin-120-g-pakke-til-eksotiske-snegle\/#primaryimage"},"thumbnailUrl":"https:\/\/megapets.eu\/wp-content\/uploads\/2025\/06\/protein-123.png","datePublished":"2025-06-10T11:52:30+00:00","breadcrumb":{"@id":"https:\/\/megapets.eu\/da\/tilbehor\/protein-vitamin-120-g-pakke-til-eksotiske-snegle\/#breadcrumb"},"inLanguage":"da-DK","potentialAction":[{"@type":"ReadAction","target":["https:\/\/megapets.eu\/da\/tilbehor\/protein-vitamin-120-g-pakke-til-eksotiske-snegle\/"]}]},{"@type":"ImageObject","inLanguage":"da-DK","@id":"https:\/\/megapets.eu\/da\/tilbehor\/protein-vitamin-120-g-pakke-til-eksotiske-snegle\/#primaryimage","url":"https:\/\/megapets.eu\/wp-content\/uploads\/2025\/06\/protein-123.png","contentUrl":"https:\/\/megapets.eu\/wp-content\/uploads\/2025\/06\/protein-123.png","width":1053,"height":694},{"@type":"BreadcrumbList","@id":"https:\/\/megapets.eu\/da\/tilbehor\/protein-vitamin-120-g-pakke-til-eksotiske-snegle\/#breadcrumb","itemListElement":[{"@type":"ListItem","position":1,"name":"Strona g\u0142\u00f3wna","item":"https:\/\/megapets.eu\/da\/"},{"@type":"ListItem","position":2,"name":"Butik","item":"https:\/\/megapets.eu\/butik\/"},{"@type":"ListItem","position":3,"name":"Protein &amp; Vitamin\" 120 g pakke til eksotiske snegle"}]},{"@type":"WebSite","@id":"https:\/\/megapets.eu\/da\/#website","url":"https:\/\/megapets.eu\/da\/","name":"Mega Pets","description":"Jedna z najwi\u0119kszych hodowli \u015blimak\u00f3w w Europie","publisher":{"@id":"https:\/\/megapets.eu\/da\/#organization"},"alternateName":"Mega Pets","potentialAction":[{"@type":"SearchAction","target":{"@type":"EntryPoint","urlTemplate":"https:\/\/megapets.eu\/da\/?s={search_term_string}"},"query-input":{"@type":"PropertyValueSpecification","valueRequired":true,"valueName":"search_term_string"}}],"inLanguage":"da-DK"},{"@type":"Organization","@id":"https:\/\/megapets.eu\/da\/#organization","name":"Mega Pets","url":"https:\/\/megapets.eu\/da\/","logo":{"@type":"ImageObject","inLanguage":"da-DK","@id":"https:\/\/megapets.eu\/da\/#\/schema\/logo\/image\/","url":"https:\/\/megapets.eu\/wp-content\/uploads\/2025\/04\/megapets_eu-logo.png","contentUrl":"https:\/\/megapets.eu\/wp-content\/uploads\/2025\/04\/megapets_eu-logo.png","width":2362,"height":2362,"caption":"Mega Pets"},"image":{"@id":"https:\/\/megapets.eu\/da\/#\/schema\/logo\/image\/"},"sameAs":["https:\/\/www.facebook.com\/MegaPets.eu\/"]}]}},"_links":{"self":[{"href":"https:\/\/megapets.eu\/da\/wp-json\/wp\/v2\/product\/8617","targetHints":{"allow":["GET"]}}],"collection":[{"href":"https:\/\/megapets.eu\/da\/wp-json\/wp\/v2\/product"}],"about":[{"href":"https:\/\/megapets.eu\/da\/wp-json\/wp\/v2\/types\/product"}],"wp:featuredmedia":[{"embeddable":true,"href":"https:\/\/megapets.eu\/da\/wp-json\/wp\/v2\/media\/8618"}],"wp:attachment":[{"href":"https:\/\/megapets.eu\/da\/wp-json\/wp\/v2\/media?parent=8617"}],"wp:term":[{"taxonomy":"product_cat","embeddable":true,"href":"https:\/\/megapets.eu\/da\/wp-json\/wp\/v2\/product_cat?post=8617"},{"taxonomy":"product_tag","embeddable":true,"href":"https:\/\/megapets.eu\/da\/wp-json\/wp\/v2\/product_tag?post=8617"}],"curies":[{"name":"wp","href":"https:\/\/api.w.org\/{rel}","templated":true}]}}