{"id":8651,"date":"2025-06-12T16:15:42","date_gmt":"2025-06-12T16:15:42","guid":{"rendered":"https:\/\/megapets.eu\/Ikke kategoriseret\/blomsterblanding-pakke-25-g\/"},"modified":"2025-06-12T16:15:42","modified_gmt":"2025-06-12T16:15:42","slug":"blomsterblanding-pakke-25-g","status":"publish","type":"product","link":"https:\/\/megapets.eu\/da\/tilbehor\/blomsterblanding-pakke-25-g\/","title":{"rendered":"&quot;Blomsterblanding&quot; pakke 25 g"},"content":{"rendered":"<p><b>&quot;Blomsterblanding&quot;<\/b> Til eksotiske snegle: Pakken &quot;Blomsterblanding&quot; indeholder naturlige t\u00f8rrede blomsterblade og blade.<b> Prisen g\u00e6lder for:<\/b> \u00e9n pakke<b><\/b> &quot;Blomsterblanding&quot;<b><\/b> Klar til brug. En pakke indeholder 25 g. Dosering: Som supplement til eksotiske snegles kost tils\u00e6ttes en lille m\u00e6ngde &quot;Flower mix&quot;-flager (1-2 knivspidser, afh\u00e6ngigt af sneglens st\u00f8rrelse) til basiskosten hver 1-2 uge. Drys de gr\u00f8ntsager og frugter, der serveres den dag, ovenp\u00e5. Det anbefales at bruge kosttilskud skiftevis og tilbyde sneglen andre typer kosttilskud, der er tilg\u00e6ngelige i vores udvalg p\u00e5 megapets.eu, s\u00e5 sneglens kost forbliver varieret og komplet. Ved n\u00e6ste fodring er det bedre at tage en kort pause fra at give &quot;Flower mix&quot; og tilbyde k\u00e6ledyret andre typer kosttilskud, f.eks. &quot;Protein &amp; Vitamin&quot;-kornblanding, &quot;Exotic herb mix&quot; eller formalet &quot;Gammarus&quot;. Vores kosttilskud er skabt med k\u00e6rlighed til snegle og er baseret p\u00e5 mange \u00e5rs erfaring inden for avl, hvilket g\u00f8r, at vi kan garantere deres kvalitet og effektivitet!<em> Vores anbefalede kosttilskud, som kan tilfredsstille behovet for v\u00e6rdifulde n\u00e6ringsstoffer selv hos de mest kr\u00e6vende arter: &quot;Protein &amp; Vitamin&quot;, &quot;Eksotisk urteblanding&quot;, &quot;Gammarus&quot;-kv\u00e6rn, &quot;Blomsterblanding&quot;. Det anbefales at bruge kosttilskud skiftevis, s\u00e5 k\u00e6ledyrets kost forbliver varieret og komplet.<\/em><\/p>\n","protected":false},"excerpt":{"rendered":"<ul class=\"product_attributes\">\n<li><span style=\"color: #555555;\">Indeholder:<\/span> t\u00f8rrede blomsterblade og blade<\/li>\n<li><span style=\"color: #555555;\"> Pakken indeholder:<\/span> 25 g<\/li>\n<li><span style=\"color: #555555;\"> Prisen g\u00e6lder for:<\/span> 1 pakke<\/li>\n<\/ul>\n","protected":false},"featured_media":8652,"template":"","meta":{"_acf_changed":false,"_links_to":"","_links_to_target":""},"product_cat":[212],"product_tag":[215,214,216,213],"class_list":{"0":"post-8651","1":"product","2":"type-product","3":"status-publish","4":"has-post-thumbnail","6":"product_cat-tilbehor","7":"product_tag-for-isopoder","8":"product_tag-til-hvirvlerne","9":"product_tag-til-kakerlakker","10":"product_tag-til-snegle","12":"first","13":"instock","14":"shipping-taxable","15":"purchasable","16":"product-type-simple"},"acf":[],"yoast_head":"<!-- This site is optimized with the Yoast SEO plugin v24.9 - https:\/\/yoast.com\/wordpress\/plugins\/seo\/ -->\n<title>&quot;Blomsterblanding&quot; pakke 25 g | MegaPets<\/title>\n<meta name=\"robots\" content=\"index, follow, max-snippet:-1, max-image-preview:large, max-video-preview:-1\" \/>\n<link rel=\"canonical\" href=\"https:\/\/megapets.eu\/da\/tilbehor\/blomsterblanding-pakke-25-g\/\" \/>\n<meta property=\"og:locale\" content=\"da_DK\" \/>\n<meta property=\"og:type\" content=\"article\" \/>\n<meta property=\"og:title\" content=\"&quot;Blomsterblanding&quot; pakke 25 g | MegaPets\" \/>\n<meta property=\"og:description\" content=\"Indeholder: t\u00f8rrede blomsterblade og blade Pakken indeholder: 25 g Prisen g\u00e6lder for: 1 pakke\" \/>\n<meta property=\"og:url\" content=\"https:\/\/megapets.eu\/da\/tilbehor\/blomsterblanding-pakke-25-g\/\" \/>\n<meta property=\"og:site_name\" content=\"MegaPets\" \/>\n<meta property=\"article:publisher\" content=\"https:\/\/www.facebook.com\/MegaPets.eu\/\" \/>\n<meta property=\"og:image\" content=\"https:\/\/megapets.eu\/wp-content\/uploads\/2025\/06\/Kwiatowy-mix.png\" \/>\n\t<meta property=\"og:image:width\" content=\"1054\" \/>\n\t<meta property=\"og:image:height\" content=\"694\" \/>\n\t<meta property=\"og:image:type\" content=\"image\/png\" \/>\n<meta name=\"twitter:card\" content=\"summary_large_image\" \/>\n<meta name=\"twitter:label1\" content=\"Estimeret l\u00e6setid\" \/>\n\t<meta name=\"twitter:data1\" content=\"1 minut\" \/>\n<script type=\"application\/ld+json\" class=\"yoast-schema-graph\">{\"@context\":\"https:\/\/schema.org\",\"@graph\":[{\"@type\":\"WebPage\",\"@id\":\"https:\/\/megapets.eu\/da\/tilbehor\/blomsterblanding-pakke-25-g\/\",\"url\":\"https:\/\/megapets.eu\/da\/tilbehor\/blomsterblanding-pakke-25-g\/\",\"name\":\"&quot;Blomsterblanding&quot; pakke 25 g | MegaPets\",\"isPartOf\":{\"@id\":\"https:\/\/megapets.eu\/da\/#website\"},\"primaryImageOfPage\":{\"@id\":\"https:\/\/megapets.eu\/da\/tilbehor\/blomsterblanding-pakke-25-g\/#primaryimage\"},\"image\":{\"@id\":\"https:\/\/megapets.eu\/da\/tilbehor\/blomsterblanding-pakke-25-g\/#primaryimage\"},\"thumbnailUrl\":\"https:\/\/megapets.eu\/wp-content\/uploads\/2025\/06\/Kwiatowy-mix.png\",\"datePublished\":\"2025-06-12T16:15:42+00:00\",\"breadcrumb\":{\"@id\":\"https:\/\/megapets.eu\/da\/tilbehor\/blomsterblanding-pakke-25-g\/#breadcrumb\"},\"inLanguage\":\"da-DK\",\"potentialAction\":[{\"@type\":\"ReadAction\",\"target\":[\"https:\/\/megapets.eu\/da\/tilbehor\/blomsterblanding-pakke-25-g\/\"]}]},{\"@type\":\"ImageObject\",\"inLanguage\":\"da-DK\",\"@id\":\"https:\/\/megapets.eu\/da\/tilbehor\/blomsterblanding-pakke-25-g\/#primaryimage\",\"url\":\"https:\/\/megapets.eu\/wp-content\/uploads\/2025\/06\/Kwiatowy-mix.png\",\"contentUrl\":\"https:\/\/megapets.eu\/wp-content\/uploads\/2025\/06\/Kwiatowy-mix.png\",\"width\":1054,\"height\":694},{\"@type\":\"BreadcrumbList\",\"@id\":\"https:\/\/megapets.eu\/da\/tilbehor\/blomsterblanding-pakke-25-g\/#breadcrumb\",\"itemListElement\":[{\"@type\":\"ListItem\",\"position\":1,\"name\":\"Strona g\u0142\u00f3wna\",\"item\":\"https:\/\/megapets.eu\/da\/\"},{\"@type\":\"ListItem\",\"position\":2,\"name\":\"Butik\",\"item\":\"https:\/\/megapets.eu\/butik\/\"},{\"@type\":\"ListItem\",\"position\":3,\"name\":\"&quot;Blomsterblanding&quot; pakke 25 g\"}]},{\"@type\":\"WebSite\",\"@id\":\"https:\/\/megapets.eu\/da\/#website\",\"url\":\"https:\/\/megapets.eu\/da\/\",\"name\":\"Mega Pets\",\"description\":\"Jedna z najwi\u0119kszych hodowli \u015blimak\u00f3w w Europie\",\"publisher\":{\"@id\":\"https:\/\/megapets.eu\/da\/#organization\"},\"alternateName\":\"Mega Pets\",\"potentialAction\":[{\"@type\":\"SearchAction\",\"target\":{\"@type\":\"EntryPoint\",\"urlTemplate\":\"https:\/\/megapets.eu\/da\/?s={search_term_string}\"},\"query-input\":{\"@type\":\"PropertyValueSpecification\",\"valueRequired\":true,\"valueName\":\"search_term_string\"}}],\"inLanguage\":\"da-DK\"},{\"@type\":\"Organization\",\"@id\":\"https:\/\/megapets.eu\/da\/#organization\",\"name\":\"Mega Pets\",\"url\":\"https:\/\/megapets.eu\/da\/\",\"logo\":{\"@type\":\"ImageObject\",\"inLanguage\":\"da-DK\",\"@id\":\"https:\/\/megapets.eu\/da\/#\/schema\/logo\/image\/\",\"url\":\"https:\/\/megapets.eu\/wp-content\/uploads\/2025\/04\/megapets_eu-logo.png\",\"contentUrl\":\"https:\/\/megapets.eu\/wp-content\/uploads\/2025\/04\/megapets_eu-logo.png\",\"width\":2362,\"height\":2362,\"caption\":\"Mega Pets\"},\"image\":{\"@id\":\"https:\/\/megapets.eu\/da\/#\/schema\/logo\/image\/\"},\"sameAs\":[\"https:\/\/www.facebook.com\/MegaPets.eu\/\"]}]}<\/script>\n<!-- \/ Yoast SEO plugin. -->","yoast_head_json":{"title":"&quot;Blomsterblanding&quot; pakke 25 g | MegaPets","robots":{"index":"index","follow":"follow","max-snippet":"max-snippet:-1","max-image-preview":"max-image-preview:large","max-video-preview":"max-video-preview:-1"},"canonical":"https:\/\/megapets.eu\/da\/tilbehor\/blomsterblanding-pakke-25-g\/","og_locale":"da_DK","og_type":"article","og_title":"&quot;Blomsterblanding&quot; pakke 25 g | MegaPets","og_description":"Indeholder: t\u00f8rrede blomsterblade og blade Pakken indeholder: 25 g Prisen g\u00e6lder for: 1 pakke","og_url":"https:\/\/megapets.eu\/da\/tilbehor\/blomsterblanding-pakke-25-g\/","og_site_name":"MegaPets","article_publisher":"https:\/\/www.facebook.com\/MegaPets.eu\/","og_image":[{"width":1054,"height":694,"url":"https:\/\/megapets.eu\/wp-content\/uploads\/2025\/06\/Kwiatowy-mix.png","type":"image\/png"}],"twitter_card":"summary_large_image","twitter_misc":{"Estimeret l\u00e6setid":"1 minut"},"schema":{"@context":"https:\/\/schema.org","@graph":[{"@type":"WebPage","@id":"https:\/\/megapets.eu\/da\/tilbehor\/blomsterblanding-pakke-25-g\/","url":"https:\/\/megapets.eu\/da\/tilbehor\/blomsterblanding-pakke-25-g\/","name":"&quot;Blomsterblanding&quot; pakke 25 g | MegaPets","isPartOf":{"@id":"https:\/\/megapets.eu\/da\/#website"},"primaryImageOfPage":{"@id":"https:\/\/megapets.eu\/da\/tilbehor\/blomsterblanding-pakke-25-g\/#primaryimage"},"image":{"@id":"https:\/\/megapets.eu\/da\/tilbehor\/blomsterblanding-pakke-25-g\/#primaryimage"},"thumbnailUrl":"https:\/\/megapets.eu\/wp-content\/uploads\/2025\/06\/Kwiatowy-mix.png","datePublished":"2025-06-12T16:15:42+00:00","breadcrumb":{"@id":"https:\/\/megapets.eu\/da\/tilbehor\/blomsterblanding-pakke-25-g\/#breadcrumb"},"inLanguage":"da-DK","potentialAction":[{"@type":"ReadAction","target":["https:\/\/megapets.eu\/da\/tilbehor\/blomsterblanding-pakke-25-g\/"]}]},{"@type":"ImageObject","inLanguage":"da-DK","@id":"https:\/\/megapets.eu\/da\/tilbehor\/blomsterblanding-pakke-25-g\/#primaryimage","url":"https:\/\/megapets.eu\/wp-content\/uploads\/2025\/06\/Kwiatowy-mix.png","contentUrl":"https:\/\/megapets.eu\/wp-content\/uploads\/2025\/06\/Kwiatowy-mix.png","width":1054,"height":694},{"@type":"BreadcrumbList","@id":"https:\/\/megapets.eu\/da\/tilbehor\/blomsterblanding-pakke-25-g\/#breadcrumb","itemListElement":[{"@type":"ListItem","position":1,"name":"Strona g\u0142\u00f3wna","item":"https:\/\/megapets.eu\/da\/"},{"@type":"ListItem","position":2,"name":"Butik","item":"https:\/\/megapets.eu\/butik\/"},{"@type":"ListItem","position":3,"name":"&quot;Blomsterblanding&quot; pakke 25 g"}]},{"@type":"WebSite","@id":"https:\/\/megapets.eu\/da\/#website","url":"https:\/\/megapets.eu\/da\/","name":"Mega Pets","description":"Jedna z najwi\u0119kszych hodowli \u015blimak\u00f3w w Europie","publisher":{"@id":"https:\/\/megapets.eu\/da\/#organization"},"alternateName":"Mega Pets","potentialAction":[{"@type":"SearchAction","target":{"@type":"EntryPoint","urlTemplate":"https:\/\/megapets.eu\/da\/?s={search_term_string}"},"query-input":{"@type":"PropertyValueSpecification","valueRequired":true,"valueName":"search_term_string"}}],"inLanguage":"da-DK"},{"@type":"Organization","@id":"https:\/\/megapets.eu\/da\/#organization","name":"Mega Pets","url":"https:\/\/megapets.eu\/da\/","logo":{"@type":"ImageObject","inLanguage":"da-DK","@id":"https:\/\/megapets.eu\/da\/#\/schema\/logo\/image\/","url":"https:\/\/megapets.eu\/wp-content\/uploads\/2025\/04\/megapets_eu-logo.png","contentUrl":"https:\/\/megapets.eu\/wp-content\/uploads\/2025\/04\/megapets_eu-logo.png","width":2362,"height":2362,"caption":"Mega Pets"},"image":{"@id":"https:\/\/megapets.eu\/da\/#\/schema\/logo\/image\/"},"sameAs":["https:\/\/www.facebook.com\/MegaPets.eu\/"]}]}},"_links":{"self":[{"href":"https:\/\/megapets.eu\/da\/wp-json\/wp\/v2\/product\/8651","targetHints":{"allow":["GET"]}}],"collection":[{"href":"https:\/\/megapets.eu\/da\/wp-json\/wp\/v2\/product"}],"about":[{"href":"https:\/\/megapets.eu\/da\/wp-json\/wp\/v2\/types\/product"}],"wp:featuredmedia":[{"embeddable":true,"href":"https:\/\/megapets.eu\/da\/wp-json\/wp\/v2\/media\/8652"}],"wp:attachment":[{"href":"https:\/\/megapets.eu\/da\/wp-json\/wp\/v2\/media?parent=8651"}],"wp:term":[{"taxonomy":"product_cat","embeddable":true,"href":"https:\/\/megapets.eu\/da\/wp-json\/wp\/v2\/product_cat?post=8651"},{"taxonomy":"product_tag","embeddable":true,"href":"https:\/\/megapets.eu\/da\/wp-json\/wp\/v2\/product_tag?post=8651"}],"curies":[{"name":"wp","href":"https:\/\/api.w.org\/{rel}","templated":true}]}}