{"id":8678,"date":"2025-06-10T10:55:52","date_gmt":"2025-06-10T10:55:52","guid":{"rendered":"https:\/\/megapets.eu\/Ikke kategoriseret\/calcium-pakke-200-g\/"},"modified":"2025-06-10T10:55:52","modified_gmt":"2025-06-10T10:55:52","slug":"calcium-pakke-200-g","status":"publish","type":"product","link":"https:\/\/megapets.eu\/da\/tilbehor\/calcium-pakke-200-g\/","title":{"rendered":"Calcium-pakke 200 g"},"content":{"rendered":"<p><em><b>&#8220;Calcium&quot; <\/b>for smukke og sunde eksotiske sneglehuse.<\/em><\/p>\n<p><em>&#8220;Calcium&quot;-pakken indeholder 100 % \u00e6ggeskalspulver. \u00c6ggeskallerne er vasket, varmebehandlet, t\u00f8rret og malet til et fint pulver.<\/em><\/p>\n<p><em><b>Prisen er for: <\/b>en pakke<b> <\/b>&#8220;Calcium&quot;<b> <\/b>klar til brug. En pakke indeholder 200 g.<\/em><\/p>\n<p><em>Den daglige kost for en snegl m\u00e5 ikke mangle den grundl\u00e6ggende byggesten til en smuk og sund skal. \u00c6ggeskalspulver er en naturlig kilde til perfekt ford\u00f8jeligt calcium. Calcium i form af 98% calciumcarbonat (CaCO3) er en v\u00e6sentlig bestanddel af \u00e6ggeskaller. \u00c6ggeskalspulver b\u00f8r gives til dit k\u00e6ledyr ved hver fodring, du skal blot drysse det let over en del af foderet. Bem\u00e6rk: \u00c6ggeskaller kan kun gives til snegle i form af fintmalet pulver. Du kan altid variere formerne for calcium og derudover tilbyde dit k\u00e6ledyr sepia &#8211; bl\u00e6ksprutteben.<\/em><\/p>\n<p><em>Dosering: <b>ved hver fodring som en del af basiskosten<\/b> eksotiske snegle, tils\u00e6t en lille m\u00e6ngde malet \u00e6ggeskalspulver &#8220;Calcium&quot; (2-5 knivspidser, afh\u00e6ngigt af sneglens st\u00f8rrelse og behov) til basiskosten, drys oven p\u00e5 de gr\u00f8ntsager og den frugt, der serveres den p\u00e5g\u00e6ldende dag.<\/em><\/p>\n<p><em>Du kan ogs\u00e5 variere den form for calcium, der gives, og derudover tilbyde din snegl sepia &#8211; bl\u00e6ksprutteben. Vores kosttilskud er udviklet med k\u00e6rlighed til snegle og er baseret p\u00e5 mange \u00e5rs avlserfaring, s\u00e5 vi kan garantere deres kvalitet og effektivitet!<\/em><\/p>\n<p>De kosttilskud, vi anbefaler, er i stand til at opfylde behovene for v\u00e6rdifulde n\u00e6ringsstoffer hos selv de mest kr\u00e6vende arter: &#8220;Protein &amp; Vitamin&quot;, &#8220;Eksotisk urteblanding&quot;, &#8220;Gammarus&quot; jord, &#8220;Blomsterblanding&quot;. Det anbefales, at kosttilskuddene bruges skiftevis, s\u00e5 dit k\u00e6ledyrs kost forbliver varieret og komplet.<\/p>\n","protected":false},"excerpt":{"rendered":"<ul class=\"product_attributes\">\n<li><span style=\"color: #555555;\">Indeholder:<\/span> 100% \u00e6ggeskalspulver<\/li>\n<li><span style=\"color: #555555;\">Pakken indeholder:<\/span> 200 g<\/li>\n<li><span style=\"color: #555555;\">Prisen g\u00e6lder for:<\/span> 1 pakke.<\/li>\n<\/ul>\n","protected":false},"featured_media":8679,"template":"","meta":{"_acf_changed":false,"_links_to":"","_links_to_target":""},"product_cat":[212],"product_tag":[215,214,216,213],"class_list":{"0":"post-8678","1":"product","2":"type-product","3":"status-publish","4":"has-post-thumbnail","6":"product_cat-tilbehor","7":"product_tag-for-isopoder","8":"product_tag-til-hvirvlerne","9":"product_tag-til-kakerlakker","10":"product_tag-til-snegle","12":"first","13":"instock","14":"shipping-taxable","15":"purchasable","16":"product-type-simple"},"acf":[],"yoast_head":"<!-- This site is optimized with the Yoast SEO plugin v24.9 - https:\/\/yoast.com\/wordpress\/plugins\/seo\/ -->\n<title>Calcium-pakke 200 g | MegaPets<\/title>\n<meta name=\"robots\" content=\"index, follow, max-snippet:-1, max-image-preview:large, max-video-preview:-1\" \/>\n<link rel=\"canonical\" href=\"https:\/\/megapets.eu\/da\/tilbehor\/calcium-pakke-200-g\/\" \/>\n<meta property=\"og:locale\" content=\"da_DK\" \/>\n<meta property=\"og:type\" content=\"article\" \/>\n<meta property=\"og:title\" content=\"Calcium-pakke 200 g | MegaPets\" \/>\n<meta property=\"og:description\" content=\"Indeholder: 100% \u00e6ggeskalspulver  Pakken indeholder: 200 g  Prisen g\u00e6lder for: 1 pakke.\" \/>\n<meta property=\"og:url\" content=\"https:\/\/megapets.eu\/da\/tilbehor\/calcium-pakke-200-g\/\" \/>\n<meta property=\"og:site_name\" content=\"MegaPets\" \/>\n<meta property=\"article:publisher\" content=\"https:\/\/www.facebook.com\/MegaPets.eu\/\" \/>\n<meta property=\"og:image\" content=\"https:\/\/megapets.eu\/wp-content\/uploads\/2025\/06\/Calcium-123.png\" \/>\n\t<meta property=\"og:image:width\" content=\"1054\" \/>\n\t<meta property=\"og:image:height\" content=\"696\" \/>\n\t<meta property=\"og:image:type\" content=\"image\/png\" \/>\n<meta name=\"twitter:card\" content=\"summary_large_image\" \/>\n<meta name=\"twitter:label1\" content=\"Estimeret l\u00e6setid\" \/>\n\t<meta name=\"twitter:data1\" content=\"1 minut\" \/>\n<script type=\"application\/ld+json\" class=\"yoast-schema-graph\">{\"@context\":\"https:\/\/schema.org\",\"@graph\":[{\"@type\":\"WebPage\",\"@id\":\"https:\/\/megapets.eu\/da\/tilbehor\/calcium-pakke-200-g\/\",\"url\":\"https:\/\/megapets.eu\/da\/tilbehor\/calcium-pakke-200-g\/\",\"name\":\"Calcium-pakke 200 g | MegaPets\",\"isPartOf\":{\"@id\":\"https:\/\/megapets.eu\/da\/#website\"},\"primaryImageOfPage\":{\"@id\":\"https:\/\/megapets.eu\/da\/tilbehor\/calcium-pakke-200-g\/#primaryimage\"},\"image\":{\"@id\":\"https:\/\/megapets.eu\/da\/tilbehor\/calcium-pakke-200-g\/#primaryimage\"},\"thumbnailUrl\":\"https:\/\/megapets.eu\/wp-content\/uploads\/2025\/06\/Calcium-123.png\",\"datePublished\":\"2025-06-10T10:55:52+00:00\",\"breadcrumb\":{\"@id\":\"https:\/\/megapets.eu\/da\/tilbehor\/calcium-pakke-200-g\/#breadcrumb\"},\"inLanguage\":\"da-DK\",\"potentialAction\":[{\"@type\":\"ReadAction\",\"target\":[\"https:\/\/megapets.eu\/da\/tilbehor\/calcium-pakke-200-g\/\"]}]},{\"@type\":\"ImageObject\",\"inLanguage\":\"da-DK\",\"@id\":\"https:\/\/megapets.eu\/da\/tilbehor\/calcium-pakke-200-g\/#primaryimage\",\"url\":\"https:\/\/megapets.eu\/wp-content\/uploads\/2025\/06\/Calcium-123.png\",\"contentUrl\":\"https:\/\/megapets.eu\/wp-content\/uploads\/2025\/06\/Calcium-123.png\",\"width\":1054,\"height\":696},{\"@type\":\"BreadcrumbList\",\"@id\":\"https:\/\/megapets.eu\/da\/tilbehor\/calcium-pakke-200-g\/#breadcrumb\",\"itemListElement\":[{\"@type\":\"ListItem\",\"position\":1,\"name\":\"Strona g\u0142\u00f3wna\",\"item\":\"https:\/\/megapets.eu\/da\/\"},{\"@type\":\"ListItem\",\"position\":2,\"name\":\"Butik\",\"item\":\"https:\/\/megapets.eu\/butik\/\"},{\"@type\":\"ListItem\",\"position\":3,\"name\":\"Calcium-pakke 200 g\"}]},{\"@type\":\"WebSite\",\"@id\":\"https:\/\/megapets.eu\/da\/#website\",\"url\":\"https:\/\/megapets.eu\/da\/\",\"name\":\"Mega Pets\",\"description\":\"Jedna z najwi\u0119kszych hodowli \u015blimak\u00f3w w Europie\",\"publisher\":{\"@id\":\"https:\/\/megapets.eu\/da\/#organization\"},\"alternateName\":\"Mega Pets\",\"potentialAction\":[{\"@type\":\"SearchAction\",\"target\":{\"@type\":\"EntryPoint\",\"urlTemplate\":\"https:\/\/megapets.eu\/da\/?s={search_term_string}\"},\"query-input\":{\"@type\":\"PropertyValueSpecification\",\"valueRequired\":true,\"valueName\":\"search_term_string\"}}],\"inLanguage\":\"da-DK\"},{\"@type\":\"Organization\",\"@id\":\"https:\/\/megapets.eu\/da\/#organization\",\"name\":\"Mega Pets\",\"url\":\"https:\/\/megapets.eu\/da\/\",\"logo\":{\"@type\":\"ImageObject\",\"inLanguage\":\"da-DK\",\"@id\":\"https:\/\/megapets.eu\/da\/#\/schema\/logo\/image\/\",\"url\":\"https:\/\/megapets.eu\/wp-content\/uploads\/2025\/04\/megapets_eu-logo.png\",\"contentUrl\":\"https:\/\/megapets.eu\/wp-content\/uploads\/2025\/04\/megapets_eu-logo.png\",\"width\":2362,\"height\":2362,\"caption\":\"Mega Pets\"},\"image\":{\"@id\":\"https:\/\/megapets.eu\/da\/#\/schema\/logo\/image\/\"},\"sameAs\":[\"https:\/\/www.facebook.com\/MegaPets.eu\/\"]}]}<\/script>\n<!-- \/ Yoast SEO plugin. -->","yoast_head_json":{"title":"Calcium-pakke 200 g | MegaPets","robots":{"index":"index","follow":"follow","max-snippet":"max-snippet:-1","max-image-preview":"max-image-preview:large","max-video-preview":"max-video-preview:-1"},"canonical":"https:\/\/megapets.eu\/da\/tilbehor\/calcium-pakke-200-g\/","og_locale":"da_DK","og_type":"article","og_title":"Calcium-pakke 200 g | MegaPets","og_description":"Indeholder: 100% \u00e6ggeskalspulver  Pakken indeholder: 200 g  Prisen g\u00e6lder for: 1 pakke.","og_url":"https:\/\/megapets.eu\/da\/tilbehor\/calcium-pakke-200-g\/","og_site_name":"MegaPets","article_publisher":"https:\/\/www.facebook.com\/MegaPets.eu\/","og_image":[{"width":1054,"height":696,"url":"https:\/\/megapets.eu\/wp-content\/uploads\/2025\/06\/Calcium-123.png","type":"image\/png"}],"twitter_card":"summary_large_image","twitter_misc":{"Estimeret l\u00e6setid":"1 minut"},"schema":{"@context":"https:\/\/schema.org","@graph":[{"@type":"WebPage","@id":"https:\/\/megapets.eu\/da\/tilbehor\/calcium-pakke-200-g\/","url":"https:\/\/megapets.eu\/da\/tilbehor\/calcium-pakke-200-g\/","name":"Calcium-pakke 200 g | MegaPets","isPartOf":{"@id":"https:\/\/megapets.eu\/da\/#website"},"primaryImageOfPage":{"@id":"https:\/\/megapets.eu\/da\/tilbehor\/calcium-pakke-200-g\/#primaryimage"},"image":{"@id":"https:\/\/megapets.eu\/da\/tilbehor\/calcium-pakke-200-g\/#primaryimage"},"thumbnailUrl":"https:\/\/megapets.eu\/wp-content\/uploads\/2025\/06\/Calcium-123.png","datePublished":"2025-06-10T10:55:52+00:00","breadcrumb":{"@id":"https:\/\/megapets.eu\/da\/tilbehor\/calcium-pakke-200-g\/#breadcrumb"},"inLanguage":"da-DK","potentialAction":[{"@type":"ReadAction","target":["https:\/\/megapets.eu\/da\/tilbehor\/calcium-pakke-200-g\/"]}]},{"@type":"ImageObject","inLanguage":"da-DK","@id":"https:\/\/megapets.eu\/da\/tilbehor\/calcium-pakke-200-g\/#primaryimage","url":"https:\/\/megapets.eu\/wp-content\/uploads\/2025\/06\/Calcium-123.png","contentUrl":"https:\/\/megapets.eu\/wp-content\/uploads\/2025\/06\/Calcium-123.png","width":1054,"height":696},{"@type":"BreadcrumbList","@id":"https:\/\/megapets.eu\/da\/tilbehor\/calcium-pakke-200-g\/#breadcrumb","itemListElement":[{"@type":"ListItem","position":1,"name":"Strona g\u0142\u00f3wna","item":"https:\/\/megapets.eu\/da\/"},{"@type":"ListItem","position":2,"name":"Butik","item":"https:\/\/megapets.eu\/butik\/"},{"@type":"ListItem","position":3,"name":"Calcium-pakke 200 g"}]},{"@type":"WebSite","@id":"https:\/\/megapets.eu\/da\/#website","url":"https:\/\/megapets.eu\/da\/","name":"Mega Pets","description":"Jedna z najwi\u0119kszych hodowli \u015blimak\u00f3w w Europie","publisher":{"@id":"https:\/\/megapets.eu\/da\/#organization"},"alternateName":"Mega Pets","potentialAction":[{"@type":"SearchAction","target":{"@type":"EntryPoint","urlTemplate":"https:\/\/megapets.eu\/da\/?s={search_term_string}"},"query-input":{"@type":"PropertyValueSpecification","valueRequired":true,"valueName":"search_term_string"}}],"inLanguage":"da-DK"},{"@type":"Organization","@id":"https:\/\/megapets.eu\/da\/#organization","name":"Mega Pets","url":"https:\/\/megapets.eu\/da\/","logo":{"@type":"ImageObject","inLanguage":"da-DK","@id":"https:\/\/megapets.eu\/da\/#\/schema\/logo\/image\/","url":"https:\/\/megapets.eu\/wp-content\/uploads\/2025\/04\/megapets_eu-logo.png","contentUrl":"https:\/\/megapets.eu\/wp-content\/uploads\/2025\/04\/megapets_eu-logo.png","width":2362,"height":2362,"caption":"Mega Pets"},"image":{"@id":"https:\/\/megapets.eu\/da\/#\/schema\/logo\/image\/"},"sameAs":["https:\/\/www.facebook.com\/MegaPets.eu\/"]}]}},"_links":{"self":[{"href":"https:\/\/megapets.eu\/da\/wp-json\/wp\/v2\/product\/8678","targetHints":{"allow":["GET"]}}],"collection":[{"href":"https:\/\/megapets.eu\/da\/wp-json\/wp\/v2\/product"}],"about":[{"href":"https:\/\/megapets.eu\/da\/wp-json\/wp\/v2\/types\/product"}],"wp:featuredmedia":[{"embeddable":true,"href":"https:\/\/megapets.eu\/da\/wp-json\/wp\/v2\/media\/8679"}],"wp:attachment":[{"href":"https:\/\/megapets.eu\/da\/wp-json\/wp\/v2\/media?parent=8678"}],"wp:term":[{"taxonomy":"product_cat","embeddable":true,"href":"https:\/\/megapets.eu\/da\/wp-json\/wp\/v2\/product_cat?post=8678"},{"taxonomy":"product_tag","embeddable":true,"href":"https:\/\/megapets.eu\/da\/wp-json\/wp\/v2\/product_tag?post=8678"}],"curies":[{"name":"wp","href":"https:\/\/api.w.org\/{rel}","templated":true}]}}