{"id":8680,"date":"2025-05-11T17:49:41","date_gmt":"2025-05-11T17:49:41","guid":{"rendered":"https:\/\/megapets.eu\/Ikke kategoriseret\/atopochetus-spinimargo-thailand-rainbow-millipede\/"},"modified":"2025-05-11T17:49:41","modified_gmt":"2025-05-11T17:49:41","slug":"atopochetus-spinimargo-thailand-rainbow-millipede","status":"publish","type":"product","link":"https:\/\/megapets.eu\/da\/wije-da\/atopochetus-spinimargo-thailand-rainbow-millipede\/","title":{"rendered":"Atopochetus spinimargo <br \/> &#8220;Thailand Rainbow Millipede&quot;"},"content":{"rendered":"<p class=\"v1v1v1v1MsoNormal\"><span style=\"color: #d94890;\"><strong><em><span style=\"font-size: 15px;\"><span style=\"color: #ff0000;\"><span style=\"color: #424242;\">Art: Atopochetus spinimargo &#8216;Thailand Rainbow Millipede&#8217;<\/span><\/span><\/span><\/em><\/strong><\/span><span style=\"color: #d94890;\"><strong><em><span style=\"font-size: 15px;\"><span style=\"color: #ff0000;\"><span style=\"color: #424242;\">.<\/span><\/span><\/span><\/em><\/strong><\/span><\/p>\n<p><span style=\"color: #d94890;\"><strong><em><span style=\"font-size: 15px;\"><span style=\"color: #ff0000;\"><span style=\"color: #424242;\">Nem at holde, s\u00e5 den er god til begyndere.<\/span><\/span><\/span><\/em><\/strong><\/span><\/p>\n<p><span style=\"color: #424242;\"><em><span style=\"font-size: 15px;\">Leder du efter noget sejt at opdr\u00e6tte til at begynde med? <\/span><\/em><span style=\"color: #ff6600;\"><em><span style=\"font-size: 15px;\">Krokodiller <span style=\"color: #d94890;\"><span style=\"color: #ff0000;\"><span style=\"color: #ff6600;\">Atopochetus spinimargo <\/span> <\/span><\/span>er smukke og nemme at holde, og de er helt ufarlige for mennesker og bider ikke. De har svage k\u00e6ber, der er tilpasset til at kv\u00e6rne plantemateriale. Krokodiller foretr\u00e6kker fugtige steder, lever i det \u00f8verste lag af substratet og lever af blade, et multikomponentsubstrat designet til krokodilleopdr\u00e6t samt gr\u00f8ntsager og frugt. <span style=\"color: #ff6600;\">Atopochetus spinimargo <\/span> er en smuk krokodille, der bliver ca. 8 cm lang. En art, der er nem at holde og vokser hurtigt.<\/span><\/em><\/span><\/span><\/p>\n<p class=\"v1v1v1v1MsoNormal\"><span style=\"color: #424242;\"><strong><em><span style=\"font-size: 15px;\"><span class=\"x1xsqp64 xiy17q3 x1o6pynw x19co3pv xdj266r xcwd3tp xat24cr x39eecv x2b8uid\" data-testid=\"emoji\"><span class=\"xexx8yu xn5pp95 x18d9i69 x2fxd7x x3jgonx x1bhl96m\">\ud83c\udf3f <\/span><\/span><span style=\"color: #424242;\">Alt, hvad et s\u00e5dant dyr har brug for for at kunne vokse og leve i et terrarium, er:<\/span><\/span><\/em><\/strong><\/span><\/p>\n<p class=\"v1v1v1v1MsoNormal\"><span style=\"color: #008000;\"><strong><em><span style=\"font-size: 15px;\">* Substrat\/f\u00f8de: Substrat til opdr\u00e6t af krokodiller og hugorme (f\u00e5s i vores anden auktion);<\/span><\/em><\/strong><\/span><\/p>\n<p class=\"v1v1v1v1MsoNormal\"><span style=\"color: #008000;\"><strong><em><span style=\"font-size: 15px;\">* Mad: Friske gr\u00f8ntsager og frugt;<\/span><\/em><\/strong><\/span><\/p>\n<p class=\"v1v1v1v1MsoNormal\"><span style=\"color: #008000;\"><strong><em><span style=\"font-size: 15px;\">* Mad: Ground Gammarus er en t\u00f8rret kim, rig p\u00e5 makro- og mikron\u00e6ringsstoffer, en naturlig kilde til animalsk protein og kitin (f\u00e5s p\u00e5 vores anden auktion);<\/span><\/em><\/strong><\/span><\/p>\n<p class=\"v1v1v1v1MsoNormal\"><span style=\"color: #008000;\"><strong><em><span style=\"font-size: 15px;\">* Terrarium: Faunabox er ideel til opdr\u00e6t af hugorme og krokodiller (f\u00e5s p\u00e5 vores anden auktion);<\/span><\/em><\/strong><\/span><\/p>\n<p class=\"v1v1v1v1MsoNormal\"><span style=\"color: #008000;\"><strong><em><span style=\"font-size: 15px;\">* Anbefalet temperatur 22-26 \u00b0C og luftfugtighed p\u00e5 ca. 70 % (lad ikke underlaget t\u00f8rre ud, spray terrariet hver 2.-3. dag).<\/span><\/em><\/strong><\/span><\/p>\n","protected":false},"excerpt":{"rendered":"<ul class=\"product_attributes\">\n<li><span style=\"color: #555555;\">M\u00e5lst\u00f8rrelse:<\/span> ca. 8 cm<\/li>\n<li><span style=\"color: #555555;\">Tilbudt barn:<\/span> ca. 3 cm<\/li>\n<li><span style=\"color: #555555;\">Prisen er for:<\/span> 1 stk.<\/li>\n<\/ul>\n","protected":false},"featured_media":8683,"template":"","meta":{"_acf_changed":false,"_links_to":"","_links_to_target":""},"product_cat":[209],"product_tag":[],"class_list":{"0":"post-8680","1":"product","2":"type-product","3":"status-publish","4":"has-post-thumbnail","6":"product_cat-wije-da","8":"first","9":"outofstock","10":"shipping-taxable","11":"purchasable","12":"product-type-simple"},"acf":[],"yoast_head":"<!-- This site is optimized with the Yoast SEO plugin v24.9 - https:\/\/yoast.com\/wordpress\/plugins\/seo\/ -->\n<title>Atopochetus spinimargo  &quot;Thailand Rainbow Millipede&quot; | MegaPets<\/title>\n<meta name=\"robots\" content=\"index, follow, max-snippet:-1, max-image-preview:large, max-video-preview:-1\" \/>\n<link rel=\"canonical\" href=\"https:\/\/megapets.eu\/da\/wije-da\/atopochetus-spinimargo-thailand-rainbow-millipede\/\" \/>\n<meta property=\"og:locale\" content=\"da_DK\" \/>\n<meta property=\"og:type\" content=\"article\" \/>\n<meta property=\"og:title\" content=\"Atopochetus spinimargo  &quot;Thailand Rainbow Millipede&quot; | MegaPets\" \/>\n<meta property=\"og:description\" content=\"M\u00e5lst\u00f8rrelse: ca. 8 cm  Tilbudt barn: ca. 3 cm  Prisen er for: 1 stk.\" \/>\n<meta property=\"og:url\" content=\"https:\/\/megapets.eu\/da\/wije-da\/atopochetus-spinimargo-thailand-rainbow-millipede\/\" \/>\n<meta property=\"og:site_name\" content=\"MegaPets\" \/>\n<meta property=\"article:publisher\" content=\"https:\/\/www.facebook.com\/MegaPets.eu\/\" \/>\n<meta property=\"og:image\" content=\"https:\/\/megapets.eu\/wp-content\/uploads\/2025\/05\/Atopochetus-spinimargo-Thailand-Rainbow-Millipede-4.png\" \/>\n\t<meta property=\"og:image:width\" content=\"1044\" \/>\n\t<meta property=\"og:image:height\" content=\"687\" \/>\n\t<meta property=\"og:image:type\" content=\"image\/png\" \/>\n<meta name=\"twitter:card\" content=\"summary_large_image\" \/>\n<meta name=\"twitter:label1\" content=\"Estimeret l\u00e6setid\" \/>\n\t<meta name=\"twitter:data1\" content=\"1 minut\" \/>\n<script type=\"application\/ld+json\" class=\"yoast-schema-graph\">{\"@context\":\"https:\/\/schema.org\",\"@graph\":[{\"@type\":\"WebPage\",\"@id\":\"https:\/\/megapets.eu\/da\/wije-da\/atopochetus-spinimargo-thailand-rainbow-millipede\/\",\"url\":\"https:\/\/megapets.eu\/da\/wije-da\/atopochetus-spinimargo-thailand-rainbow-millipede\/\",\"name\":\"Atopochetus spinimargo \\\"Thailand Rainbow Millipede\\\" | MegaPets\",\"isPartOf\":{\"@id\":\"https:\/\/megapets.eu\/da\/#website\"},\"primaryImageOfPage\":{\"@id\":\"https:\/\/megapets.eu\/da\/wije-da\/atopochetus-spinimargo-thailand-rainbow-millipede\/#primaryimage\"},\"image\":{\"@id\":\"https:\/\/megapets.eu\/da\/wije-da\/atopochetus-spinimargo-thailand-rainbow-millipede\/#primaryimage\"},\"thumbnailUrl\":\"https:\/\/megapets.eu\/wp-content\/uploads\/2025\/05\/Atopochetus-spinimargo-Thailand-Rainbow-Millipede-4.png\",\"datePublished\":\"2025-05-11T17:49:41+00:00\",\"breadcrumb\":{\"@id\":\"https:\/\/megapets.eu\/da\/wije-da\/atopochetus-spinimargo-thailand-rainbow-millipede\/#breadcrumb\"},\"inLanguage\":\"da-DK\",\"potentialAction\":[{\"@type\":\"ReadAction\",\"target\":[\"https:\/\/megapets.eu\/da\/wije-da\/atopochetus-spinimargo-thailand-rainbow-millipede\/\"]}]},{\"@type\":\"ImageObject\",\"inLanguage\":\"da-DK\",\"@id\":\"https:\/\/megapets.eu\/da\/wije-da\/atopochetus-spinimargo-thailand-rainbow-millipede\/#primaryimage\",\"url\":\"https:\/\/megapets.eu\/wp-content\/uploads\/2025\/05\/Atopochetus-spinimargo-Thailand-Rainbow-Millipede-4.png\",\"contentUrl\":\"https:\/\/megapets.eu\/wp-content\/uploads\/2025\/05\/Atopochetus-spinimargo-Thailand-Rainbow-Millipede-4.png\",\"width\":1044,\"height\":687},{\"@type\":\"BreadcrumbList\",\"@id\":\"https:\/\/megapets.eu\/da\/wije-da\/atopochetus-spinimargo-thailand-rainbow-millipede\/#breadcrumb\",\"itemListElement\":[{\"@type\":\"ListItem\",\"position\":1,\"name\":\"Strona g\u0142\u00f3wna\",\"item\":\"https:\/\/megapets.eu\/da\/\"},{\"@type\":\"ListItem\",\"position\":2,\"name\":\"Butik\",\"item\":\"https:\/\/megapets.eu\/butik\/\"},{\"@type\":\"ListItem\",\"position\":3,\"name\":\"Atopochetus spinimargo &#8222;Thailand Rainbow Millipede\\\"\"}]},{\"@type\":\"WebSite\",\"@id\":\"https:\/\/megapets.eu\/da\/#website\",\"url\":\"https:\/\/megapets.eu\/da\/\",\"name\":\"Mega Pets\",\"description\":\"Jedna z najwi\u0119kszych hodowli \u015blimak\u00f3w w Europie\",\"publisher\":{\"@id\":\"https:\/\/megapets.eu\/da\/#organization\"},\"alternateName\":\"Mega Pets\",\"potentialAction\":[{\"@type\":\"SearchAction\",\"target\":{\"@type\":\"EntryPoint\",\"urlTemplate\":\"https:\/\/megapets.eu\/da\/?s={search_term_string}\"},\"query-input\":{\"@type\":\"PropertyValueSpecification\",\"valueRequired\":true,\"valueName\":\"search_term_string\"}}],\"inLanguage\":\"da-DK\"},{\"@type\":\"Organization\",\"@id\":\"https:\/\/megapets.eu\/da\/#organization\",\"name\":\"Mega Pets\",\"url\":\"https:\/\/megapets.eu\/da\/\",\"logo\":{\"@type\":\"ImageObject\",\"inLanguage\":\"da-DK\",\"@id\":\"https:\/\/megapets.eu\/da\/#\/schema\/logo\/image\/\",\"url\":\"https:\/\/megapets.eu\/wp-content\/uploads\/2025\/04\/megapets_eu-logo.png\",\"contentUrl\":\"https:\/\/megapets.eu\/wp-content\/uploads\/2025\/04\/megapets_eu-logo.png\",\"width\":2362,\"height\":2362,\"caption\":\"Mega Pets\"},\"image\":{\"@id\":\"https:\/\/megapets.eu\/da\/#\/schema\/logo\/image\/\"},\"sameAs\":[\"https:\/\/www.facebook.com\/MegaPets.eu\/\"]}]}<\/script>\n<!-- \/ Yoast SEO plugin. -->","yoast_head_json":{"title":"Atopochetus spinimargo  \"Thailand Rainbow Millipede\" | MegaPets","robots":{"index":"index","follow":"follow","max-snippet":"max-snippet:-1","max-image-preview":"max-image-preview:large","max-video-preview":"max-video-preview:-1"},"canonical":"https:\/\/megapets.eu\/da\/wije-da\/atopochetus-spinimargo-thailand-rainbow-millipede\/","og_locale":"da_DK","og_type":"article","og_title":"Atopochetus spinimargo  \"Thailand Rainbow Millipede\" | MegaPets","og_description":"M\u00e5lst\u00f8rrelse: ca. 8 cm  Tilbudt barn: ca. 3 cm  Prisen er for: 1 stk.","og_url":"https:\/\/megapets.eu\/da\/wije-da\/atopochetus-spinimargo-thailand-rainbow-millipede\/","og_site_name":"MegaPets","article_publisher":"https:\/\/www.facebook.com\/MegaPets.eu\/","og_image":[{"width":1044,"height":687,"url":"https:\/\/megapets.eu\/wp-content\/uploads\/2025\/05\/Atopochetus-spinimargo-Thailand-Rainbow-Millipede-4.png","type":"image\/png"}],"twitter_card":"summary_large_image","twitter_misc":{"Estimeret l\u00e6setid":"1 minut"},"schema":{"@context":"https:\/\/schema.org","@graph":[{"@type":"WebPage","@id":"https:\/\/megapets.eu\/da\/wije-da\/atopochetus-spinimargo-thailand-rainbow-millipede\/","url":"https:\/\/megapets.eu\/da\/wije-da\/atopochetus-spinimargo-thailand-rainbow-millipede\/","name":"Atopochetus spinimargo \"Thailand Rainbow Millipede\" | MegaPets","isPartOf":{"@id":"https:\/\/megapets.eu\/da\/#website"},"primaryImageOfPage":{"@id":"https:\/\/megapets.eu\/da\/wije-da\/atopochetus-spinimargo-thailand-rainbow-millipede\/#primaryimage"},"image":{"@id":"https:\/\/megapets.eu\/da\/wije-da\/atopochetus-spinimargo-thailand-rainbow-millipede\/#primaryimage"},"thumbnailUrl":"https:\/\/megapets.eu\/wp-content\/uploads\/2025\/05\/Atopochetus-spinimargo-Thailand-Rainbow-Millipede-4.png","datePublished":"2025-05-11T17:49:41+00:00","breadcrumb":{"@id":"https:\/\/megapets.eu\/da\/wije-da\/atopochetus-spinimargo-thailand-rainbow-millipede\/#breadcrumb"},"inLanguage":"da-DK","potentialAction":[{"@type":"ReadAction","target":["https:\/\/megapets.eu\/da\/wije-da\/atopochetus-spinimargo-thailand-rainbow-millipede\/"]}]},{"@type":"ImageObject","inLanguage":"da-DK","@id":"https:\/\/megapets.eu\/da\/wije-da\/atopochetus-spinimargo-thailand-rainbow-millipede\/#primaryimage","url":"https:\/\/megapets.eu\/wp-content\/uploads\/2025\/05\/Atopochetus-spinimargo-Thailand-Rainbow-Millipede-4.png","contentUrl":"https:\/\/megapets.eu\/wp-content\/uploads\/2025\/05\/Atopochetus-spinimargo-Thailand-Rainbow-Millipede-4.png","width":1044,"height":687},{"@type":"BreadcrumbList","@id":"https:\/\/megapets.eu\/da\/wije-da\/atopochetus-spinimargo-thailand-rainbow-millipede\/#breadcrumb","itemListElement":[{"@type":"ListItem","position":1,"name":"Strona g\u0142\u00f3wna","item":"https:\/\/megapets.eu\/da\/"},{"@type":"ListItem","position":2,"name":"Butik","item":"https:\/\/megapets.eu\/butik\/"},{"@type":"ListItem","position":3,"name":"Atopochetus spinimargo &#8222;Thailand Rainbow Millipede\""}]},{"@type":"WebSite","@id":"https:\/\/megapets.eu\/da\/#website","url":"https:\/\/megapets.eu\/da\/","name":"Mega Pets","description":"Jedna z najwi\u0119kszych hodowli \u015blimak\u00f3w w Europie","publisher":{"@id":"https:\/\/megapets.eu\/da\/#organization"},"alternateName":"Mega Pets","potentialAction":[{"@type":"SearchAction","target":{"@type":"EntryPoint","urlTemplate":"https:\/\/megapets.eu\/da\/?s={search_term_string}"},"query-input":{"@type":"PropertyValueSpecification","valueRequired":true,"valueName":"search_term_string"}}],"inLanguage":"da-DK"},{"@type":"Organization","@id":"https:\/\/megapets.eu\/da\/#organization","name":"Mega Pets","url":"https:\/\/megapets.eu\/da\/","logo":{"@type":"ImageObject","inLanguage":"da-DK","@id":"https:\/\/megapets.eu\/da\/#\/schema\/logo\/image\/","url":"https:\/\/megapets.eu\/wp-content\/uploads\/2025\/04\/megapets_eu-logo.png","contentUrl":"https:\/\/megapets.eu\/wp-content\/uploads\/2025\/04\/megapets_eu-logo.png","width":2362,"height":2362,"caption":"Mega Pets"},"image":{"@id":"https:\/\/megapets.eu\/da\/#\/schema\/logo\/image\/"},"sameAs":["https:\/\/www.facebook.com\/MegaPets.eu\/"]}]}},"_links":{"self":[{"href":"https:\/\/megapets.eu\/da\/wp-json\/wp\/v2\/product\/8680","targetHints":{"allow":["GET"]}}],"collection":[{"href":"https:\/\/megapets.eu\/da\/wp-json\/wp\/v2\/product"}],"about":[{"href":"https:\/\/megapets.eu\/da\/wp-json\/wp\/v2\/types\/product"}],"wp:featuredmedia":[{"embeddable":true,"href":"https:\/\/megapets.eu\/da\/wp-json\/wp\/v2\/media\/8683"}],"wp:attachment":[{"href":"https:\/\/megapets.eu\/da\/wp-json\/wp\/v2\/media?parent=8680"}],"wp:term":[{"taxonomy":"product_cat","embeddable":true,"href":"https:\/\/megapets.eu\/da\/wp-json\/wp\/v2\/product_cat?post=8680"},{"taxonomy":"product_tag","embeddable":true,"href":"https:\/\/megapets.eu\/da\/wp-json\/wp\/v2\/product_tag?post=8680"}],"curies":[{"name":"wp","href":"https:\/\/api.w.org\/{rel}","templated":true}]}}