{"id":8689,"date":"2025-06-25T04:54:57","date_gmt":"2025-06-25T04:54:57","guid":{"rendered":"https:\/\/megapets.eu\/Ikke kategoriseret\/archachatina-marginata-ictericastandard-para-p1\/"},"modified":"2025-06-25T04:54:57","modified_gmt":"2025-06-25T04:54:57","slug":"archachatina-marginata-ictericastandard-para-p1","status":"publish","type":"product","link":"https:\/\/megapets.eu\/da\/snegle\/archachatina-marginata-ictericastandard-para-p1\/","title":{"rendered":"Archachatina marginata icterica<br \/>standard \/ para P1"},"content":{"rendered":"<p style=\"text-align: left;\"><span style=\"font-size: 15px;\"><strong><span style=\"color: #000000;\"><em>Art: <\/em><\/span><\/strong><span style=\"color: #000000;\"><em>Archachatina marginata icterica<\/em><\/span><strong><span style=\"color: #000000;\"><em><br \/>\nFarvevariant:<\/em><\/span><\/strong><span style=\"color: #000000;\"><em> standard<\/em><\/span><\/span><\/p>\n<p style=\"text-align: left;\"><span style=\"font-size: 15px;\"><strong><span style=\"color: #000000;\"><em><img loading=\"lazy\" decoding=\"async\" class=\"\" src=\"https:\/\/static.xx.fbcdn.net\/images\/emoji.php\/v9\/ta\/1\/32\/1f525.png\" alt=\"\ud83d\udd25\" width=\"18\" height=\"18\" \/> <\/em><\/span><\/strong><span style=\"color: #000000;\"><em>Tilb\u00f8d unger fra den bedste generation &#8211; CB1.F1, fra et ubesl\u00e6gtet WC\/LTC-for\u00e6ldrepar. Sneglene har en oprindelig stamtavle.<\/em><\/span><\/span><\/p>\n<p style=\"text-align: left;\"><span style=\"font-size: 15px;\"><span style=\"color: #000000;\"><em><span style=\"color: #008000;\"><span style=\"color: #424242;\"><img loading=\"lazy\" decoding=\"async\" class=\"\" src=\"https:\/\/static.xx.fbcdn.net\/images\/emoji.php\/v9\/t73\/1\/32\/2600.png\" alt=\"\u2600\ufe0f\" width=\"18\" height=\"18\" \/> <\/span><\/span><span style=\"color: #e37100;\">En anden stolthed i vores opdr\u00e6t er de kontrastfyldte og i\u00f8jnefaldende Archachatina marginata icterica-snegle med lysegule skaller. Sneglene af underarten Archachatina marginata icterica har et lysere, str\u00e5gult hus sammenlignet med individer af Archachatina marginata ssp. &#8216;Cross River&#8217;. Skallens overflade er elegant udsmykket med orange, smalle striber af varierende farvem\u00e6tning. Disse markante str\u00e5ler giver skallerne p\u00e5 snegle af denne underart et unikt, solrigt udseende. Archachatina marginata icterica &#8211; en meget sj\u00e6lden art, columella i hvid\ud83e\udd0d, ofte og korrekt med et sk\u00e6r af bl\u00e5, (svage spor af en gul nuance <span class=\"x1xsqp64 xiy17q3 x1o6pynw x19co3pv xdj266r xcwd3tp xat24cr x39eecv x2b8uid\" data-testid=\"emoji\"><span class=\"xexx8yu xn5pp95 x18d9i69 x2fxd7x x3jgonx x1bhl96m\">\ud83d\udc9b kan ses p\u00e5 nogle eksemplarer)<\/span><\/span>.<\/span><\/em><\/span><\/span><\/p>\n<p style=\"text-align: left;\"><span style=\"color: #000000; font-size: 15px;\"><em><span class=\"x1xsqp64 xiy17q3 x1o6pynw x19co3pv xdj266r xcwd3tp xat24cr x39eecv x2b8uid\" data-testid=\"emoji\"><span class=\"xexx8yu xn5pp95 x18d9i69 x2fxd7x x3jgonx x1bhl96m\"><img loading=\"lazy\" decoding=\"async\" class=\"\" src=\"https:\/\/static.xx.fbcdn.net\/images\/emoji.php\/v9\/t66\/1\/32\/1f4cc.png\" alt=\"\ud83d\udccc\" width=\"18\" height=\"18\" \/> <\/span><\/span>Efter det f\u00f8rste \u00e5r efter udkl\u00e6kning fra \u00e6g overrasker sneglene dig med deres st\u00f8rrelse og sk\u00f8nhed og bygger en massiv skal med en imponerende st\u00f8rrelse p\u00e5 12-15 cm. Voksne eksemplarer med oprejste f\u00f8dder og fuldt udstrakt krop ligner \u00e6gte eksotiske k\u00e6mper.<\/em><\/span><\/p>\n<p style=\"text-align: left;\"><span style=\"color: #000000; font-size: 15px;\"><em><img loading=\"lazy\" decoding=\"async\" class=\"xz74otr\" src=\"https:\/\/static.xx.fbcdn.net\/images\/emoji.php\/v9\/t1e\/1\/16\/1f33f.png\" alt=\"\ud83c\udf3f\" width=\"18\" height=\"18\" \/> <span style=\"color: #008000;\">Som de fleste arter i sl\u00e6gten Archachatina er disse snegle ikke kr\u00e6vende og trives, n\u00e5r de f\u00e5r grundl\u00e6ggende vedligeholdelsesforhold.<\/span><\/em><\/span><\/p>\n","protected":false},"excerpt":{"rendered":"<ul>\n<li>M\u00e5l skalst\u00f8rrelse:\n<ul>\n<li>ca. 12-15 cm<\/li>\n<\/ul>\n<\/li>\n<li>Fra et ubesl\u00e6gtet par:\n<ul>\n<li>P1<\/li>\n<\/ul>\n<\/li>\n<li>Tilbydes ungdyr:\n<ul>\n<li>ca. 6-7 cm<\/li>\n<\/ul>\n<\/li>\n<li>Prisen er for:\n<ul>\n<li>1 stk.<\/li>\n<\/ul>\n<\/li>\n<\/ul>\n","protected":false},"featured_media":10178,"template":"","meta":{"_acf_changed":false,"_links_to":"","_links_to_target":""},"product_cat":[210],"product_tag":[],"class_list":{"0":"post-8689","1":"product","2":"type-product","3":"status-publish","4":"has-post-thumbnail","6":"product_cat-snegle","8":"first","9":"instock","10":"shipping-taxable","11":"purchasable","12":"product-type-simple"},"acf":[],"yoast_head":"<!-- This site is optimized with the Yoast SEO plugin v24.9 - https:\/\/yoast.com\/wordpress\/plugins\/seo\/ -->\n<title>Archachatina marginata ictericastandard \/ para P1 | MegaPets<\/title>\n<meta name=\"robots\" content=\"index, follow, max-snippet:-1, max-image-preview:large, max-video-preview:-1\" \/>\n<link rel=\"canonical\" href=\"https:\/\/megapets.eu\/da\/snegle\/archachatina-marginata-ictericastandard-para-p1\/\" \/>\n<meta property=\"og:locale\" content=\"da_DK\" \/>\n<meta property=\"og:type\" content=\"article\" \/>\n<meta property=\"og:title\" content=\"Archachatina marginata ictericastandard \/ para P1 | MegaPets\" \/>\n<meta property=\"og:description\" content=\"M\u00e5l skalst\u00f8rrelse:  ca. 12-15 cm   Fra et ubesl\u00e6gtet par:  P1   Tilbydes ungdyr:  ca. 6-7 cm   Prisen er for:  1 stk.\" \/>\n<meta property=\"og:url\" content=\"https:\/\/megapets.eu\/da\/snegle\/archachatina-marginata-ictericastandard-para-p1\/\" \/>\n<meta property=\"og:site_name\" content=\"MegaPets\" \/>\n<meta property=\"article:publisher\" content=\"https:\/\/www.facebook.com\/MegaPets.eu\/\" \/>\n<meta property=\"og:image\" content=\"https:\/\/megapets.eu\/wp-content\/uploads\/2025\/03\/icterica-exc-3.png\" \/>\n\t<meta property=\"og:image:width\" content=\"1050\" \/>\n\t<meta property=\"og:image:height\" content=\"691\" \/>\n\t<meta property=\"og:image:type\" content=\"image\/png\" \/>\n<meta name=\"twitter:card\" content=\"summary_large_image\" \/>\n<meta name=\"twitter:label1\" content=\"Estimeret l\u00e6setid\" \/>\n\t<meta name=\"twitter:data1\" content=\"1 minut\" \/>\n<script type=\"application\/ld+json\" class=\"yoast-schema-graph\">{\"@context\":\"https:\/\/schema.org\",\"@graph\":[{\"@type\":\"WebPage\",\"@id\":\"https:\/\/megapets.eu\/da\/snegle\/archachatina-marginata-ictericastandard-para-p1\/\",\"url\":\"https:\/\/megapets.eu\/da\/snegle\/archachatina-marginata-ictericastandard-para-p1\/\",\"name\":\"Archachatina marginata icterica standard \/ para P1 | MegaPets\",\"isPartOf\":{\"@id\":\"https:\/\/megapets.eu\/da\/#website\"},\"primaryImageOfPage\":{\"@id\":\"https:\/\/megapets.eu\/da\/snegle\/archachatina-marginata-ictericastandard-para-p1\/#primaryimage\"},\"image\":{\"@id\":\"https:\/\/megapets.eu\/da\/snegle\/archachatina-marginata-ictericastandard-para-p1\/#primaryimage\"},\"thumbnailUrl\":\"https:\/\/megapets.eu\/wp-content\/uploads\/2025\/06\/1-icterica-ex.png\",\"datePublished\":\"2025-06-25T04:54:57+00:00\",\"breadcrumb\":{\"@id\":\"https:\/\/megapets.eu\/da\/snegle\/archachatina-marginata-ictericastandard-para-p1\/#breadcrumb\"},\"inLanguage\":\"da-DK\",\"potentialAction\":[{\"@type\":\"ReadAction\",\"target\":[\"https:\/\/megapets.eu\/da\/snegle\/archachatina-marginata-ictericastandard-para-p1\/\"]}]},{\"@type\":\"ImageObject\",\"inLanguage\":\"da-DK\",\"@id\":\"https:\/\/megapets.eu\/da\/snegle\/archachatina-marginata-ictericastandard-para-p1\/#primaryimage\",\"url\":\"https:\/\/megapets.eu\/wp-content\/uploads\/2025\/06\/1-icterica-ex.png\",\"contentUrl\":\"https:\/\/megapets.eu\/wp-content\/uploads\/2025\/06\/1-icterica-ex.png\",\"width\":1057,\"height\":691},{\"@type\":\"BreadcrumbList\",\"@id\":\"https:\/\/megapets.eu\/da\/snegle\/archachatina-marginata-ictericastandard-para-p1\/#breadcrumb\",\"itemListElement\":[{\"@type\":\"ListItem\",\"position\":1,\"name\":\"Strona g\u0142\u00f3wna\",\"item\":\"https:\/\/megapets.eu\/da\/\"},{\"@type\":\"ListItem\",\"position\":2,\"name\":\"Butik\",\"item\":\"https:\/\/megapets.eu\/butik\/\"},{\"@type\":\"ListItem\",\"position\":3,\"name\":\"Archachatina marginata ictericastandard \/ para P1\"}]},{\"@type\":\"WebSite\",\"@id\":\"https:\/\/megapets.eu\/da\/#website\",\"url\":\"https:\/\/megapets.eu\/da\/\",\"name\":\"Mega Pets\",\"description\":\"Jedna z najwi\u0119kszych hodowli \u015blimak\u00f3w w Europie\",\"publisher\":{\"@id\":\"https:\/\/megapets.eu\/da\/#organization\"},\"alternateName\":\"Mega Pets\",\"potentialAction\":[{\"@type\":\"SearchAction\",\"target\":{\"@type\":\"EntryPoint\",\"urlTemplate\":\"https:\/\/megapets.eu\/da\/?s={search_term_string}\"},\"query-input\":{\"@type\":\"PropertyValueSpecification\",\"valueRequired\":true,\"valueName\":\"search_term_string\"}}],\"inLanguage\":\"da-DK\"},{\"@type\":\"Organization\",\"@id\":\"https:\/\/megapets.eu\/da\/#organization\",\"name\":\"Mega Pets\",\"url\":\"https:\/\/megapets.eu\/da\/\",\"logo\":{\"@type\":\"ImageObject\",\"inLanguage\":\"da-DK\",\"@id\":\"https:\/\/megapets.eu\/da\/#\/schema\/logo\/image\/\",\"url\":\"https:\/\/megapets.eu\/wp-content\/uploads\/2025\/04\/megapets_eu-logo.png\",\"contentUrl\":\"https:\/\/megapets.eu\/wp-content\/uploads\/2025\/04\/megapets_eu-logo.png\",\"width\":2362,\"height\":2362,\"caption\":\"Mega Pets\"},\"image\":{\"@id\":\"https:\/\/megapets.eu\/da\/#\/schema\/logo\/image\/\"},\"sameAs\":[\"https:\/\/www.facebook.com\/MegaPets.eu\/\"]}]}<\/script>\n<!-- \/ Yoast SEO plugin. -->","yoast_head_json":{"title":"Archachatina marginata ictericastandard \/ para P1 | MegaPets","robots":{"index":"index","follow":"follow","max-snippet":"max-snippet:-1","max-image-preview":"max-image-preview:large","max-video-preview":"max-video-preview:-1"},"canonical":"https:\/\/megapets.eu\/da\/snegle\/archachatina-marginata-ictericastandard-para-p1\/","og_locale":"da_DK","og_type":"article","og_title":"Archachatina marginata ictericastandard \/ para P1 | MegaPets","og_description":"M\u00e5l skalst\u00f8rrelse:  ca. 12-15 cm   Fra et ubesl\u00e6gtet par:  P1   Tilbydes ungdyr:  ca. 6-7 cm   Prisen er for:  1 stk.","og_url":"https:\/\/megapets.eu\/da\/snegle\/archachatina-marginata-ictericastandard-para-p1\/","og_site_name":"MegaPets","article_publisher":"https:\/\/www.facebook.com\/MegaPets.eu\/","og_image":[{"width":1050,"height":691,"url":"https:\/\/megapets.eu\/wp-content\/uploads\/2025\/03\/icterica-exc-3.png","type":"image\/png"}],"twitter_card":"summary_large_image","twitter_misc":{"Estimeret l\u00e6setid":"1 minut"},"schema":{"@context":"https:\/\/schema.org","@graph":[{"@type":"WebPage","@id":"https:\/\/megapets.eu\/da\/snegle\/archachatina-marginata-ictericastandard-para-p1\/","url":"https:\/\/megapets.eu\/da\/snegle\/archachatina-marginata-ictericastandard-para-p1\/","name":"Archachatina marginata icterica standard \/ para P1 | MegaPets","isPartOf":{"@id":"https:\/\/megapets.eu\/da\/#website"},"primaryImageOfPage":{"@id":"https:\/\/megapets.eu\/da\/snegle\/archachatina-marginata-ictericastandard-para-p1\/#primaryimage"},"image":{"@id":"https:\/\/megapets.eu\/da\/snegle\/archachatina-marginata-ictericastandard-para-p1\/#primaryimage"},"thumbnailUrl":"https:\/\/megapets.eu\/wp-content\/uploads\/2025\/06\/1-icterica-ex.png","datePublished":"2025-06-25T04:54:57+00:00","breadcrumb":{"@id":"https:\/\/megapets.eu\/da\/snegle\/archachatina-marginata-ictericastandard-para-p1\/#breadcrumb"},"inLanguage":"da-DK","potentialAction":[{"@type":"ReadAction","target":["https:\/\/megapets.eu\/da\/snegle\/archachatina-marginata-ictericastandard-para-p1\/"]}]},{"@type":"ImageObject","inLanguage":"da-DK","@id":"https:\/\/megapets.eu\/da\/snegle\/archachatina-marginata-ictericastandard-para-p1\/#primaryimage","url":"https:\/\/megapets.eu\/wp-content\/uploads\/2025\/06\/1-icterica-ex.png","contentUrl":"https:\/\/megapets.eu\/wp-content\/uploads\/2025\/06\/1-icterica-ex.png","width":1057,"height":691},{"@type":"BreadcrumbList","@id":"https:\/\/megapets.eu\/da\/snegle\/archachatina-marginata-ictericastandard-para-p1\/#breadcrumb","itemListElement":[{"@type":"ListItem","position":1,"name":"Strona g\u0142\u00f3wna","item":"https:\/\/megapets.eu\/da\/"},{"@type":"ListItem","position":2,"name":"Butik","item":"https:\/\/megapets.eu\/butik\/"},{"@type":"ListItem","position":3,"name":"Archachatina marginata ictericastandard \/ para P1"}]},{"@type":"WebSite","@id":"https:\/\/megapets.eu\/da\/#website","url":"https:\/\/megapets.eu\/da\/","name":"Mega Pets","description":"Jedna z najwi\u0119kszych hodowli \u015blimak\u00f3w w Europie","publisher":{"@id":"https:\/\/megapets.eu\/da\/#organization"},"alternateName":"Mega Pets","potentialAction":[{"@type":"SearchAction","target":{"@type":"EntryPoint","urlTemplate":"https:\/\/megapets.eu\/da\/?s={search_term_string}"},"query-input":{"@type":"PropertyValueSpecification","valueRequired":true,"valueName":"search_term_string"}}],"inLanguage":"da-DK"},{"@type":"Organization","@id":"https:\/\/megapets.eu\/da\/#organization","name":"Mega Pets","url":"https:\/\/megapets.eu\/da\/","logo":{"@type":"ImageObject","inLanguage":"da-DK","@id":"https:\/\/megapets.eu\/da\/#\/schema\/logo\/image\/","url":"https:\/\/megapets.eu\/wp-content\/uploads\/2025\/04\/megapets_eu-logo.png","contentUrl":"https:\/\/megapets.eu\/wp-content\/uploads\/2025\/04\/megapets_eu-logo.png","width":2362,"height":2362,"caption":"Mega Pets"},"image":{"@id":"https:\/\/megapets.eu\/da\/#\/schema\/logo\/image\/"},"sameAs":["https:\/\/www.facebook.com\/MegaPets.eu\/"]}]}},"_links":{"self":[{"href":"https:\/\/megapets.eu\/da\/wp-json\/wp\/v2\/product\/8689","targetHints":{"allow":["GET"]}}],"collection":[{"href":"https:\/\/megapets.eu\/da\/wp-json\/wp\/v2\/product"}],"about":[{"href":"https:\/\/megapets.eu\/da\/wp-json\/wp\/v2\/types\/product"}],"wp:featuredmedia":[{"embeddable":true,"href":"https:\/\/megapets.eu\/da\/wp-json\/wp\/v2\/media\/10178"}],"wp:attachment":[{"href":"https:\/\/megapets.eu\/da\/wp-json\/wp\/v2\/media?parent=8689"}],"wp:term":[{"taxonomy":"product_cat","embeddable":true,"href":"https:\/\/megapets.eu\/da\/wp-json\/wp\/v2\/product_cat?post=8689"},{"taxonomy":"product_tag","embeddable":true,"href":"https:\/\/megapets.eu\/da\/wp-json\/wp\/v2\/product_tag?post=8689"}],"curies":[{"name":"wp","href":"https:\/\/api.w.org\/{rel}","templated":true}]}}