{"id":8706,"date":"2025-06-16T09:42:27","date_gmt":"2025-06-16T09:42:27","guid":{"rendered":"https:\/\/megapets.eu\/Ikke kategoriseret\/archachatina-marginata-ovum-xxl-udvaelgelse-af-et-ubeslaegtet-par\/"},"modified":"2025-06-16T09:42:27","modified_gmt":"2025-06-16T09:42:27","slug":"archachatina-marginata-ovum-xxl-udvaelgelse-af-et-ubeslaegtet-par","status":"publish","type":"product","link":"https:\/\/megapets.eu\/da\/snegle\/archachatina-marginata-ovum-xxl-udvaelgelse-af-et-ubeslaegtet-par\/","title":{"rendered":"Archachatina marginata ovum XXL <br \/> Udv\u00e6lgelse af et ubesl\u00e6gtet par"},"content":{"rendered":"<p class=\"v1v1v1v1MsoNormal\"><span style=\"color: #424242; font-size: 15px;\"><em><span style=\"color: #000000;\"><strong>Art:<\/strong> <\/span><\/em><span style=\"color: #000000;\"><em>Archachatina marginata ovum (L. Pfeiffer, 1858)<\/em><\/span><em><br \/>\n<strong><span style=\"color: #000000;\">Speciel linjem\u00e6rkning: <\/span><\/strong><\/em><em><span style=\"color: #000000;\">&#8220;XXL&quot;<\/span><\/em><em><br \/>\n<span style=\"color: #000000;\"><strong>Farvevariant<\/strong>:<\/span><\/em><em><span style=\"color: #000000;\"> standard<\/span><\/em><\/span><\/p>\n<p><span style=\"font-size: 15px;\"><strong><span style=\"color: #000000;\"><em><span style=\"color: #008000;\"><span style=\"color: #424242;\"><img decoding=\"async\" src=\"https:\/\/static.xx.fbcdn.net\/images\/emoji.php\/v9\/tb4\/1\/16\/2b50.png\" alt=\"\u2b50\ufe0f\" \/><\/span><\/span> <\/em><\/span><span style=\"color: #000000;\"><em>Tilbuddet vedr\u00f8rer: <\/em><\/span><\/strong><span style=\"color: #000000;\"><em>2 unge snegle fra separate genetiske linjer (fra ubesl\u00e6gtede for\u00e6ldrepar P6-P22).<\/em><\/span><\/span><\/p>\n<p style=\"text-align: left;\"><span style=\"font-size: 15px;\"><span style=\"color: #000000;\"><em><img loading=\"lazy\" decoding=\"async\" class=\"\" src=\"https:\/\/static.xx.fbcdn.net\/images\/emoji.php\/v9\/ta\/1\/32\/1f525.png\" alt=\"\ud83d\udd25\" width=\"18\" height=\"18\" \/> <\/em><\/span><em style=\"color: #000000;\"><span style=\"color: #008000;\"><span style=\"color: #424242;\"><span style=\"color: #993300;\">En af de st\u00f8rste landsnegle, de ubestridte giganter Archachatina marginata ovum XXL, i farvesorten standard, fascinerer ved f\u00f8rste \u00f8jekast med deres kolossale st\u00f8rrelse. De brune k\u00e6mper, som er velkendte blandt snegleelskere, n\u00e5r imponerende dimensioner p\u00e5 over 16 cm i skallen. Dette er dog ikke gr\u00e6nsen &#8211; der findes ogs\u00e5 eksemplarer af us\u00e6dvanlig st\u00f8rrelse, der sp\u00e6nder fra 18-20 cm. De \u00e6gte k\u00e6mpers skaller er meget brede og massive, og en snegl af denne art vejer over et halvt kilo.<\/span><\/span><\/span><\/em><\/span><\/p>\n<p style=\"text-align: left;\"><span style=\"color: #000000; font-size: 15px;\"><em><span class=\"x1xsqp64 xiy17q3 x1o6pynw x19co3pv xdj266r xcwd3tp xat24cr x39eecv x2b8uid\" data-testid=\"emoji\"><span class=\"xexx8yu xn5pp95 x18d9i69 x2fxd7x x3jgonx x1bhl96m\"><img loading=\"lazy\" decoding=\"async\" class=\"\" src=\"https:\/\/static.xx.fbcdn.net\/images\/emoji.php\/v9\/t66\/1\/32\/1f4cc.png\" alt=\"\ud83d\udccc\" width=\"18\" height=\"18\" \/> Den matte skal har ingen ensartet farve &#8211; den viser en skala fra gule, orange, brune til sorte farver og deres nuancer af varierende intensitet og m\u00e6tning.  Skallens baggrund er t\u00e6t besat med tydelige striber, zigzag og pletter. Striberne, zigzaggene og pletterne er nogle gange s\u00e5 t\u00e6t fordelt, at de n\u00e6sten helt kan d\u00e6kke skallens kropslige spole og give den en dyb orangebrun farve eller g\u00f8re skallen betydeligt m\u00f8rkere til intense brunsorte nuancer.<\/span><\/span><\/em><\/span><\/p>\n<p style=\"text-align: left;\"><span style=\"color: #000000; font-size: 15px;\"><em><img loading=\"lazy\" decoding=\"async\" class=\"xz74otr\" src=\"https:\/\/static.xx.fbcdn.net\/images\/emoji.php\/v9\/t1e\/1\/16\/1f33f.png\" alt=\"\ud83c\udf3f\" width=\"18\" height=\"18\" \/> <span style=\"color: #008000;\">Som de fleste arter af sl\u00e6gten Archachatina er disse snegle ikke kr\u00e6vende og trives, n\u00e5r de f\u00e5r grundl\u00e6ggende vedligeholdelsesforhold.<\/span><\/em><\/span><\/p>\n","protected":false},"excerpt":{"rendered":"<ul>\n<li>M\u00e5l skalst\u00f8rrelse:\n<ul>\n<li>ca. 16 cm og derover<\/li>\n<\/ul>\n<\/li>\n<li>Fra ubesl\u00e6gtede par:\n<ul>\n<li>P6-P22<\/li>\n<\/ul>\n<\/li>\n<li>Tilbudte unger:\n<ul>\n<li>ca. 5-6 cm<\/li>\n<\/ul>\n<\/li>\n<li>Prisen g\u00e6lder for:\n<ul>\n<li>2 stk (matchende par)<\/li>\n<\/ul>\n<\/li>\n<\/ul>\n","protected":false},"featured_media":8707,"template":"","meta":{"_acf_changed":false,"_links_to":"","_links_to_target":""},"product_cat":[210],"product_tag":[],"class_list":{"0":"post-8706","1":"product","2":"type-product","3":"status-publish","4":"has-post-thumbnail","6":"product_cat-snegle","8":"first","9":"instock","10":"shipping-taxable","11":"purchasable","12":"product-type-simple"},"acf":[],"yoast_head":"<!-- This site is optimized with the Yoast SEO plugin v24.9 - https:\/\/yoast.com\/wordpress\/plugins\/seo\/ -->\n<title>Archachatina marginata ovum XXL  Udv\u00e6lgelse af et ubesl\u00e6gtet par | MegaPets<\/title>\n<meta name=\"robots\" content=\"index, follow, max-snippet:-1, max-image-preview:large, max-video-preview:-1\" \/>\n<link rel=\"canonical\" href=\"https:\/\/megapets.eu\/da\/snegle\/archachatina-marginata-ovum-xxl-udvaelgelse-af-et-ubeslaegtet-par\/\" \/>\n<meta property=\"og:locale\" content=\"da_DK\" \/>\n<meta property=\"og:type\" content=\"article\" \/>\n<meta property=\"og:title\" content=\"Archachatina marginata ovum XXL  Udv\u00e6lgelse af et ubesl\u00e6gtet par | MegaPets\" \/>\n<meta property=\"og:description\" content=\"M\u00e5l skalst\u00f8rrelse:  ca. 16 cm og derover   Fra ubesl\u00e6gtede par:  P6-P22   Tilbudte unger:  ca. 5-6 cm   Prisen g\u00e6lder for:  2 stk (matchende par)\" \/>\n<meta property=\"og:url\" content=\"https:\/\/megapets.eu\/da\/snegle\/archachatina-marginata-ovum-xxl-udvaelgelse-af-et-ubeslaegtet-par\/\" \/>\n<meta property=\"og:site_name\" content=\"MegaPets\" \/>\n<meta property=\"article:publisher\" content=\"https:\/\/www.facebook.com\/MegaPets.eu\/\" \/>\n<meta property=\"og:image\" content=\"https:\/\/megapets.eu\/wp-content\/uploads\/2025\/06\/1107212.jpg\" \/>\n\t<meta property=\"og:image:width\" content=\"1206\" \/>\n\t<meta property=\"og:image:height\" content=\"800\" \/>\n\t<meta property=\"og:image:type\" content=\"image\/jpeg\" \/>\n<meta name=\"twitter:card\" content=\"summary_large_image\" \/>\n<meta name=\"twitter:label1\" content=\"Estimeret l\u00e6setid\" \/>\n\t<meta name=\"twitter:data1\" content=\"1 minut\" \/>\n<script type=\"application\/ld+json\" class=\"yoast-schema-graph\">{\"@context\":\"https:\/\/schema.org\",\"@graph\":[{\"@type\":\"WebPage\",\"@id\":\"https:\/\/megapets.eu\/da\/snegle\/archachatina-marginata-ovum-xxl-udvaelgelse-af-et-ubeslaegtet-par\/\",\"url\":\"https:\/\/megapets.eu\/da\/snegle\/archachatina-marginata-ovum-xxl-udvaelgelse-af-et-ubeslaegtet-par\/\",\"name\":\"Archachatina marginata ovum XXL Udv\u00e6lgelse af et ubesl\u00e6gtet par | MegaPets\",\"isPartOf\":{\"@id\":\"https:\/\/megapets.eu\/da\/#website\"},\"primaryImageOfPage\":{\"@id\":\"https:\/\/megapets.eu\/da\/snegle\/archachatina-marginata-ovum-xxl-udvaelgelse-af-et-ubeslaegtet-par\/#primaryimage\"},\"image\":{\"@id\":\"https:\/\/megapets.eu\/da\/snegle\/archachatina-marginata-ovum-xxl-udvaelgelse-af-et-ubeslaegtet-par\/#primaryimage\"},\"thumbnailUrl\":\"https:\/\/megapets.eu\/wp-content\/uploads\/2025\/06\/1107212.jpg\",\"datePublished\":\"2025-06-16T09:42:27+00:00\",\"breadcrumb\":{\"@id\":\"https:\/\/megapets.eu\/da\/snegle\/archachatina-marginata-ovum-xxl-udvaelgelse-af-et-ubeslaegtet-par\/#breadcrumb\"},\"inLanguage\":\"da-DK\",\"potentialAction\":[{\"@type\":\"ReadAction\",\"target\":[\"https:\/\/megapets.eu\/da\/snegle\/archachatina-marginata-ovum-xxl-udvaelgelse-af-et-ubeslaegtet-par\/\"]}]},{\"@type\":\"ImageObject\",\"inLanguage\":\"da-DK\",\"@id\":\"https:\/\/megapets.eu\/da\/snegle\/archachatina-marginata-ovum-xxl-udvaelgelse-af-et-ubeslaegtet-par\/#primaryimage\",\"url\":\"https:\/\/megapets.eu\/wp-content\/uploads\/2025\/06\/1107212.jpg\",\"contentUrl\":\"https:\/\/megapets.eu\/wp-content\/uploads\/2025\/06\/1107212.jpg\",\"width\":1206,\"height\":800,\"caption\":\"rrem\"},{\"@type\":\"BreadcrumbList\",\"@id\":\"https:\/\/megapets.eu\/da\/snegle\/archachatina-marginata-ovum-xxl-udvaelgelse-af-et-ubeslaegtet-par\/#breadcrumb\",\"itemListElement\":[{\"@type\":\"ListItem\",\"position\":1,\"name\":\"Strona g\u0142\u00f3wna\",\"item\":\"https:\/\/megapets.eu\/da\/\"},{\"@type\":\"ListItem\",\"position\":2,\"name\":\"Butik\",\"item\":\"https:\/\/megapets.eu\/butik\/\"},{\"@type\":\"ListItem\",\"position\":3,\"name\":\"Archachatina marginata ovum XXL Udv\u00e6lgelse af et ubesl\u00e6gtet par\"}]},{\"@type\":\"WebSite\",\"@id\":\"https:\/\/megapets.eu\/da\/#website\",\"url\":\"https:\/\/megapets.eu\/da\/\",\"name\":\"Mega Pets\",\"description\":\"Jedna z najwi\u0119kszych hodowli \u015blimak\u00f3w w Europie\",\"publisher\":{\"@id\":\"https:\/\/megapets.eu\/da\/#organization\"},\"alternateName\":\"Mega Pets\",\"potentialAction\":[{\"@type\":\"SearchAction\",\"target\":{\"@type\":\"EntryPoint\",\"urlTemplate\":\"https:\/\/megapets.eu\/da\/?s={search_term_string}\"},\"query-input\":{\"@type\":\"PropertyValueSpecification\",\"valueRequired\":true,\"valueName\":\"search_term_string\"}}],\"inLanguage\":\"da-DK\"},{\"@type\":\"Organization\",\"@id\":\"https:\/\/megapets.eu\/da\/#organization\",\"name\":\"Mega Pets\",\"url\":\"https:\/\/megapets.eu\/da\/\",\"logo\":{\"@type\":\"ImageObject\",\"inLanguage\":\"da-DK\",\"@id\":\"https:\/\/megapets.eu\/da\/#\/schema\/logo\/image\/\",\"url\":\"https:\/\/megapets.eu\/wp-content\/uploads\/2025\/04\/megapets_eu-logo.png\",\"contentUrl\":\"https:\/\/megapets.eu\/wp-content\/uploads\/2025\/04\/megapets_eu-logo.png\",\"width\":2362,\"height\":2362,\"caption\":\"Mega Pets\"},\"image\":{\"@id\":\"https:\/\/megapets.eu\/da\/#\/schema\/logo\/image\/\"},\"sameAs\":[\"https:\/\/www.facebook.com\/MegaPets.eu\/\"]}]}<\/script>\n<!-- \/ Yoast SEO plugin. -->","yoast_head_json":{"title":"Archachatina marginata ovum XXL  Udv\u00e6lgelse af et ubesl\u00e6gtet par | MegaPets","robots":{"index":"index","follow":"follow","max-snippet":"max-snippet:-1","max-image-preview":"max-image-preview:large","max-video-preview":"max-video-preview:-1"},"canonical":"https:\/\/megapets.eu\/da\/snegle\/archachatina-marginata-ovum-xxl-udvaelgelse-af-et-ubeslaegtet-par\/","og_locale":"da_DK","og_type":"article","og_title":"Archachatina marginata ovum XXL  Udv\u00e6lgelse af et ubesl\u00e6gtet par | MegaPets","og_description":"M\u00e5l skalst\u00f8rrelse:  ca. 16 cm og derover   Fra ubesl\u00e6gtede par:  P6-P22   Tilbudte unger:  ca. 5-6 cm   Prisen g\u00e6lder for:  2 stk (matchende par)","og_url":"https:\/\/megapets.eu\/da\/snegle\/archachatina-marginata-ovum-xxl-udvaelgelse-af-et-ubeslaegtet-par\/","og_site_name":"MegaPets","article_publisher":"https:\/\/www.facebook.com\/MegaPets.eu\/","og_image":[{"width":1206,"height":800,"url":"https:\/\/megapets.eu\/wp-content\/uploads\/2025\/06\/1107212.jpg","type":"image\/jpeg"}],"twitter_card":"summary_large_image","twitter_misc":{"Estimeret l\u00e6setid":"1 minut"},"schema":{"@context":"https:\/\/schema.org","@graph":[{"@type":"WebPage","@id":"https:\/\/megapets.eu\/da\/snegle\/archachatina-marginata-ovum-xxl-udvaelgelse-af-et-ubeslaegtet-par\/","url":"https:\/\/megapets.eu\/da\/snegle\/archachatina-marginata-ovum-xxl-udvaelgelse-af-et-ubeslaegtet-par\/","name":"Archachatina marginata ovum XXL Udv\u00e6lgelse af et ubesl\u00e6gtet par | MegaPets","isPartOf":{"@id":"https:\/\/megapets.eu\/da\/#website"},"primaryImageOfPage":{"@id":"https:\/\/megapets.eu\/da\/snegle\/archachatina-marginata-ovum-xxl-udvaelgelse-af-et-ubeslaegtet-par\/#primaryimage"},"image":{"@id":"https:\/\/megapets.eu\/da\/snegle\/archachatina-marginata-ovum-xxl-udvaelgelse-af-et-ubeslaegtet-par\/#primaryimage"},"thumbnailUrl":"https:\/\/megapets.eu\/wp-content\/uploads\/2025\/06\/1107212.jpg","datePublished":"2025-06-16T09:42:27+00:00","breadcrumb":{"@id":"https:\/\/megapets.eu\/da\/snegle\/archachatina-marginata-ovum-xxl-udvaelgelse-af-et-ubeslaegtet-par\/#breadcrumb"},"inLanguage":"da-DK","potentialAction":[{"@type":"ReadAction","target":["https:\/\/megapets.eu\/da\/snegle\/archachatina-marginata-ovum-xxl-udvaelgelse-af-et-ubeslaegtet-par\/"]}]},{"@type":"ImageObject","inLanguage":"da-DK","@id":"https:\/\/megapets.eu\/da\/snegle\/archachatina-marginata-ovum-xxl-udvaelgelse-af-et-ubeslaegtet-par\/#primaryimage","url":"https:\/\/megapets.eu\/wp-content\/uploads\/2025\/06\/1107212.jpg","contentUrl":"https:\/\/megapets.eu\/wp-content\/uploads\/2025\/06\/1107212.jpg","width":1206,"height":800,"caption":"rrem"},{"@type":"BreadcrumbList","@id":"https:\/\/megapets.eu\/da\/snegle\/archachatina-marginata-ovum-xxl-udvaelgelse-af-et-ubeslaegtet-par\/#breadcrumb","itemListElement":[{"@type":"ListItem","position":1,"name":"Strona g\u0142\u00f3wna","item":"https:\/\/megapets.eu\/da\/"},{"@type":"ListItem","position":2,"name":"Butik","item":"https:\/\/megapets.eu\/butik\/"},{"@type":"ListItem","position":3,"name":"Archachatina marginata ovum XXL Udv\u00e6lgelse af et ubesl\u00e6gtet par"}]},{"@type":"WebSite","@id":"https:\/\/megapets.eu\/da\/#website","url":"https:\/\/megapets.eu\/da\/","name":"Mega Pets","description":"Jedna z najwi\u0119kszych hodowli \u015blimak\u00f3w w Europie","publisher":{"@id":"https:\/\/megapets.eu\/da\/#organization"},"alternateName":"Mega Pets","potentialAction":[{"@type":"SearchAction","target":{"@type":"EntryPoint","urlTemplate":"https:\/\/megapets.eu\/da\/?s={search_term_string}"},"query-input":{"@type":"PropertyValueSpecification","valueRequired":true,"valueName":"search_term_string"}}],"inLanguage":"da-DK"},{"@type":"Organization","@id":"https:\/\/megapets.eu\/da\/#organization","name":"Mega Pets","url":"https:\/\/megapets.eu\/da\/","logo":{"@type":"ImageObject","inLanguage":"da-DK","@id":"https:\/\/megapets.eu\/da\/#\/schema\/logo\/image\/","url":"https:\/\/megapets.eu\/wp-content\/uploads\/2025\/04\/megapets_eu-logo.png","contentUrl":"https:\/\/megapets.eu\/wp-content\/uploads\/2025\/04\/megapets_eu-logo.png","width":2362,"height":2362,"caption":"Mega Pets"},"image":{"@id":"https:\/\/megapets.eu\/da\/#\/schema\/logo\/image\/"},"sameAs":["https:\/\/www.facebook.com\/MegaPets.eu\/"]}]}},"_links":{"self":[{"href":"https:\/\/megapets.eu\/da\/wp-json\/wp\/v2\/product\/8706","targetHints":{"allow":["GET"]}}],"collection":[{"href":"https:\/\/megapets.eu\/da\/wp-json\/wp\/v2\/product"}],"about":[{"href":"https:\/\/megapets.eu\/da\/wp-json\/wp\/v2\/types\/product"}],"wp:featuredmedia":[{"embeddable":true,"href":"https:\/\/megapets.eu\/da\/wp-json\/wp\/v2\/media\/8707"}],"wp:attachment":[{"href":"https:\/\/megapets.eu\/da\/wp-json\/wp\/v2\/media?parent=8706"}],"wp:term":[{"taxonomy":"product_cat","embeddable":true,"href":"https:\/\/megapets.eu\/da\/wp-json\/wp\/v2\/product_cat?post=8706"},{"taxonomy":"product_tag","embeddable":true,"href":"https:\/\/megapets.eu\/da\/wp-json\/wp\/v2\/product_tag?post=8706"}],"curies":[{"name":"wp","href":"https:\/\/api.w.org\/{rel}","templated":true}]}}