{"id":8709,"date":"2025-06-03T09:14:02","date_gmt":"2025-06-03T09:14:02","guid":{"rendered":"https:\/\/megapets.eu\/Ikke kategoriseret\/archachatina-marginata-ovumalbino-krop-par-p14\/"},"modified":"2025-06-03T09:14:02","modified_gmt":"2025-06-03T09:14:02","slug":"archachatina-marginata-ovumalbino-krop-par-p14","status":"publish","type":"product","link":"https:\/\/megapets.eu\/da\/snegle\/archachatina-marginata-ovumalbino-krop-par-p14\/","title":{"rendered":"Archachatina marginata ovum<br \/>albino krop \/ par P14"},"content":{"rendered":"<p style=\"text-align: left;\"><span style=\"font-size: 15px;\"><strong><span style=\"color: #000000;\"><em>Art: <\/em><\/span><\/strong><span style=\"color: #000000;\"><em>Archachatina marginata ovum (L. Pfeiffer, 1858).<\/em><\/span><strong><span style=\"color: #000000;\"><em><br \/>\nFarvevariant:<\/em><\/span><\/strong><span style=\"color: #000000;\"><em> albino-krop<\/em><\/span><\/span><\/p>\n<p style=\"text-align: left;\"><span style=\"font-size: 15px;\"><strong><span style=\"color: #000000;\"><em><span style=\"color: #008000;\"><span style=\"color: #424242;\"><img decoding=\"async\" src=\"https:\/\/static.xx.fbcdn.net\/images\/emoji.php\/v9\/tb4\/1\/16\/2b50.png\" alt=\"\u2b50\ufe0f\" \/> <\/span><\/span><\/em><\/span><\/strong><span style=\"color: #000000;\"><em>Tilb\u00f8d unger fra et ubesl\u00e6gtet P14-for\u00e6ldrepar. Takket v\u00e6re den l\u00f8bende udv\u00e6lgelse af egnede partnere og oprettelsen af par fra den ene generation til den n\u00e6ste er det lykkedes at opretholde ubesl\u00e6gtede, stamtavlebaserede avlslinjer af smukke k\u00e6mpealbinoer.<\/em><\/span><\/span><\/p>\n<p style=\"text-align: left;\"><span style=\"font-size: 15px;\"><span style=\"color: #000000;\"><em><span style=\"color: #008000;\"><span style=\"color: #424242;\"><img decoding=\"async\" src=\"https:\/\/static.xx.fbcdn.net\/images\/emoji.php\/v9\/t6c\/1\/16\/2764.png\" alt=\"\u2764\" \/> Blandt farvevarianterne af arten Archachatina marginata ovum er snegle med en fuldst\u00e6ndig albinokrop s\u00e6rligt karakteristiske og i\u00f8jnefaldende i deres delikate sk\u00f8nhed. Eksemplarer med albinokrop er mindre almindelige end de brune snegle og anses for at v\u00e6re en af de mest attraktive og v\u00e6rdifulde varianter.<\/span><\/span><\/em><\/span><\/span><\/p>\n<p style=\"text-align: left;\"><span style=\"color: #000000; font-size: 15px;\"><em><span class=\"x1xsqp64 xiy17q3 x1o6pynw x19co3pv xdj266r xcwd3tp xat24cr x39eecv x2b8uid\" data-testid=\"emoji\"><span class=\"xexx8yu xn5pp95 x18d9i69 x2fxd7x x3jgonx x1bhl96m\"><img loading=\"lazy\" decoding=\"async\" class=\"\" src=\"https:\/\/static.xx.fbcdn.net\/images\/emoji.php\/v9\/t66\/1\/32\/1f4cc.png\" alt=\"\ud83d\udccc\" width=\"18\" height=\"18\" \/> Normalt n\u00e5r artens skalst\u00f8rrelse en betydelig st\u00f8rrelse, omkring 12-15 cm.<\/span><\/span><\/em><\/span><\/p>\n<p style=\"text-align: left;\"><span style=\"color: #000000; font-size: 15px;\"><em><img loading=\"lazy\" decoding=\"async\" class=\"xz74otr\" src=\"https:\/\/static.xx.fbcdn.net\/images\/emoji.php\/v9\/t1e\/1\/16\/1f33f.png\" alt=\"\ud83c\udf3f\" width=\"18\" height=\"18\" \/> <span style=\"color: #008000;\">Albino-kropssnegle kan nemt holdes hjemme af enhver, der elsker denne smukke farvevariant. Albinotiske eksemplarer er ikke kr\u00e6vende og vokser til enorme st\u00f8rrelser under grundl\u00e6ggende vedligeholdelsesforhold.<\/span><\/em><\/span><\/p>\n","protected":false},"excerpt":{"rendered":"<ul>\n<li>M\u00e5l skalst\u00f8rrelse:\n<ul>\n<li>ca. 12-15 cm<\/li>\n<\/ul>\n<\/li>\n<li>Fra et ubesl\u00e6gtet par:\n<ul>\n<li>P14<\/li>\n<\/ul>\n<\/li>\n<li>Tilbydes ungdyr:\n<ul>\n<li>ca. 4-5 cm<\/li>\n<\/ul>\n<\/li>\n<li>Prisen er for:\n<ul>\n<li>1 stk.<\/li>\n<\/ul>\n<\/li>\n<\/ul>\n","protected":false},"featured_media":8710,"template":"","meta":{"_acf_changed":false,"_links_to":"","_links_to_target":""},"product_cat":[210],"product_tag":[],"class_list":{"0":"post-8709","1":"product","2":"type-product","3":"status-publish","4":"has-post-thumbnail","6":"product_cat-snegle","8":"first","9":"outofstock","10":"shipping-taxable","11":"purchasable","12":"product-type-simple"},"acf":[],"yoast_head":"<!-- This site is optimized with the Yoast SEO plugin v24.9 - https:\/\/yoast.com\/wordpress\/plugins\/seo\/ -->\n<title>Archachatina marginata ovumalbino krop \/ par P14 | MegaPets<\/title>\n<meta name=\"robots\" content=\"index, follow, max-snippet:-1, max-image-preview:large, max-video-preview:-1\" \/>\n<link rel=\"canonical\" href=\"https:\/\/megapets.eu\/da\/snegle\/archachatina-marginata-ovumalbino-krop-par-p14\/\" \/>\n<meta property=\"og:locale\" content=\"da_DK\" \/>\n<meta property=\"og:type\" content=\"article\" \/>\n<meta property=\"og:title\" content=\"Archachatina marginata ovumalbino krop \/ par P14 | MegaPets\" \/>\n<meta property=\"og:description\" content=\"M\u00e5l skalst\u00f8rrelse:  ca. 12-15 cm   Fra et ubesl\u00e6gtet par:  P14   Tilbydes ungdyr:  ca. 4-5 cm   Prisen er for:  1 stk.\" \/>\n<meta property=\"og:url\" content=\"https:\/\/megapets.eu\/da\/snegle\/archachatina-marginata-ovumalbino-krop-par-p14\/\" \/>\n<meta property=\"og:site_name\" content=\"MegaPets\" \/>\n<meta property=\"article:publisher\" content=\"https:\/\/www.facebook.com\/MegaPets.eu\/\" \/>\n<meta property=\"og:image\" content=\"https:\/\/megapets.eu\/wp-content\/uploads\/2025\/06\/P14-Lancelot-exc.png\" \/>\n\t<meta property=\"og:image:width\" content=\"1047\" \/>\n\t<meta property=\"og:image:height\" content=\"694\" \/>\n\t<meta property=\"og:image:type\" content=\"image\/png\" \/>\n<meta name=\"twitter:card\" content=\"summary_large_image\" \/>\n<meta name=\"twitter:label1\" content=\"Estimeret l\u00e6setid\" \/>\n\t<meta name=\"twitter:data1\" content=\"1 minut\" \/>\n<script type=\"application\/ld+json\" class=\"yoast-schema-graph\">{\"@context\":\"https:\/\/schema.org\",\"@graph\":[{\"@type\":\"WebPage\",\"@id\":\"https:\/\/megapets.eu\/da\/snegle\/archachatina-marginata-ovumalbino-krop-par-p14\/\",\"url\":\"https:\/\/megapets.eu\/da\/snegle\/archachatina-marginata-ovumalbino-krop-par-p14\/\",\"name\":\"Archachatina marginata ovum albino krop \/ par P14 | MegaPets\",\"isPartOf\":{\"@id\":\"https:\/\/megapets.eu\/da\/#website\"},\"primaryImageOfPage\":{\"@id\":\"https:\/\/megapets.eu\/da\/snegle\/archachatina-marginata-ovumalbino-krop-par-p14\/#primaryimage\"},\"image\":{\"@id\":\"https:\/\/megapets.eu\/da\/snegle\/archachatina-marginata-ovumalbino-krop-par-p14\/#primaryimage\"},\"thumbnailUrl\":\"https:\/\/megapets.eu\/wp-content\/uploads\/2025\/06\/P14-Lancelot-exc.png\",\"datePublished\":\"2025-06-03T09:14:02+00:00\",\"breadcrumb\":{\"@id\":\"https:\/\/megapets.eu\/da\/snegle\/archachatina-marginata-ovumalbino-krop-par-p14\/#breadcrumb\"},\"inLanguage\":\"da-DK\",\"potentialAction\":[{\"@type\":\"ReadAction\",\"target\":[\"https:\/\/megapets.eu\/da\/snegle\/archachatina-marginata-ovumalbino-krop-par-p14\/\"]}]},{\"@type\":\"ImageObject\",\"inLanguage\":\"da-DK\",\"@id\":\"https:\/\/megapets.eu\/da\/snegle\/archachatina-marginata-ovumalbino-krop-par-p14\/#primaryimage\",\"url\":\"https:\/\/megapets.eu\/wp-content\/uploads\/2025\/06\/P14-Lancelot-exc.png\",\"contentUrl\":\"https:\/\/megapets.eu\/wp-content\/uploads\/2025\/06\/P14-Lancelot-exc.png\",\"width\":1047,\"height\":694},{\"@type\":\"BreadcrumbList\",\"@id\":\"https:\/\/megapets.eu\/da\/snegle\/archachatina-marginata-ovumalbino-krop-par-p14\/#breadcrumb\",\"itemListElement\":[{\"@type\":\"ListItem\",\"position\":1,\"name\":\"Strona g\u0142\u00f3wna\",\"item\":\"https:\/\/megapets.eu\/da\/\"},{\"@type\":\"ListItem\",\"position\":2,\"name\":\"Butik\",\"item\":\"https:\/\/megapets.eu\/butik\/\"},{\"@type\":\"ListItem\",\"position\":3,\"name\":\"Archachatina marginata ovumalbino krop \/ par P14\"}]},{\"@type\":\"WebSite\",\"@id\":\"https:\/\/megapets.eu\/da\/#website\",\"url\":\"https:\/\/megapets.eu\/da\/\",\"name\":\"Mega Pets\",\"description\":\"Jedna z najwi\u0119kszych hodowli \u015blimak\u00f3w w Europie\",\"publisher\":{\"@id\":\"https:\/\/megapets.eu\/da\/#organization\"},\"alternateName\":\"Mega Pets\",\"potentialAction\":[{\"@type\":\"SearchAction\",\"target\":{\"@type\":\"EntryPoint\",\"urlTemplate\":\"https:\/\/megapets.eu\/da\/?s={search_term_string}\"},\"query-input\":{\"@type\":\"PropertyValueSpecification\",\"valueRequired\":true,\"valueName\":\"search_term_string\"}}],\"inLanguage\":\"da-DK\"},{\"@type\":\"Organization\",\"@id\":\"https:\/\/megapets.eu\/da\/#organization\",\"name\":\"Mega Pets\",\"url\":\"https:\/\/megapets.eu\/da\/\",\"logo\":{\"@type\":\"ImageObject\",\"inLanguage\":\"da-DK\",\"@id\":\"https:\/\/megapets.eu\/da\/#\/schema\/logo\/image\/\",\"url\":\"https:\/\/megapets.eu\/wp-content\/uploads\/2025\/04\/megapets_eu-logo.png\",\"contentUrl\":\"https:\/\/megapets.eu\/wp-content\/uploads\/2025\/04\/megapets_eu-logo.png\",\"width\":2362,\"height\":2362,\"caption\":\"Mega Pets\"},\"image\":{\"@id\":\"https:\/\/megapets.eu\/da\/#\/schema\/logo\/image\/\"},\"sameAs\":[\"https:\/\/www.facebook.com\/MegaPets.eu\/\"]}]}<\/script>\n<!-- \/ Yoast SEO plugin. -->","yoast_head_json":{"title":"Archachatina marginata ovumalbino krop \/ par P14 | MegaPets","robots":{"index":"index","follow":"follow","max-snippet":"max-snippet:-1","max-image-preview":"max-image-preview:large","max-video-preview":"max-video-preview:-1"},"canonical":"https:\/\/megapets.eu\/da\/snegle\/archachatina-marginata-ovumalbino-krop-par-p14\/","og_locale":"da_DK","og_type":"article","og_title":"Archachatina marginata ovumalbino krop \/ par P14 | MegaPets","og_description":"M\u00e5l skalst\u00f8rrelse:  ca. 12-15 cm   Fra et ubesl\u00e6gtet par:  P14   Tilbydes ungdyr:  ca. 4-5 cm   Prisen er for:  1 stk.","og_url":"https:\/\/megapets.eu\/da\/snegle\/archachatina-marginata-ovumalbino-krop-par-p14\/","og_site_name":"MegaPets","article_publisher":"https:\/\/www.facebook.com\/MegaPets.eu\/","og_image":[{"width":1047,"height":694,"url":"https:\/\/megapets.eu\/wp-content\/uploads\/2025\/06\/P14-Lancelot-exc.png","type":"image\/png"}],"twitter_card":"summary_large_image","twitter_misc":{"Estimeret l\u00e6setid":"1 minut"},"schema":{"@context":"https:\/\/schema.org","@graph":[{"@type":"WebPage","@id":"https:\/\/megapets.eu\/da\/snegle\/archachatina-marginata-ovumalbino-krop-par-p14\/","url":"https:\/\/megapets.eu\/da\/snegle\/archachatina-marginata-ovumalbino-krop-par-p14\/","name":"Archachatina marginata ovum albino krop \/ par P14 | MegaPets","isPartOf":{"@id":"https:\/\/megapets.eu\/da\/#website"},"primaryImageOfPage":{"@id":"https:\/\/megapets.eu\/da\/snegle\/archachatina-marginata-ovumalbino-krop-par-p14\/#primaryimage"},"image":{"@id":"https:\/\/megapets.eu\/da\/snegle\/archachatina-marginata-ovumalbino-krop-par-p14\/#primaryimage"},"thumbnailUrl":"https:\/\/megapets.eu\/wp-content\/uploads\/2025\/06\/P14-Lancelot-exc.png","datePublished":"2025-06-03T09:14:02+00:00","breadcrumb":{"@id":"https:\/\/megapets.eu\/da\/snegle\/archachatina-marginata-ovumalbino-krop-par-p14\/#breadcrumb"},"inLanguage":"da-DK","potentialAction":[{"@type":"ReadAction","target":["https:\/\/megapets.eu\/da\/snegle\/archachatina-marginata-ovumalbino-krop-par-p14\/"]}]},{"@type":"ImageObject","inLanguage":"da-DK","@id":"https:\/\/megapets.eu\/da\/snegle\/archachatina-marginata-ovumalbino-krop-par-p14\/#primaryimage","url":"https:\/\/megapets.eu\/wp-content\/uploads\/2025\/06\/P14-Lancelot-exc.png","contentUrl":"https:\/\/megapets.eu\/wp-content\/uploads\/2025\/06\/P14-Lancelot-exc.png","width":1047,"height":694},{"@type":"BreadcrumbList","@id":"https:\/\/megapets.eu\/da\/snegle\/archachatina-marginata-ovumalbino-krop-par-p14\/#breadcrumb","itemListElement":[{"@type":"ListItem","position":1,"name":"Strona g\u0142\u00f3wna","item":"https:\/\/megapets.eu\/da\/"},{"@type":"ListItem","position":2,"name":"Butik","item":"https:\/\/megapets.eu\/butik\/"},{"@type":"ListItem","position":3,"name":"Archachatina marginata ovumalbino krop \/ par P14"}]},{"@type":"WebSite","@id":"https:\/\/megapets.eu\/da\/#website","url":"https:\/\/megapets.eu\/da\/","name":"Mega Pets","description":"Jedna z najwi\u0119kszych hodowli \u015blimak\u00f3w w Europie","publisher":{"@id":"https:\/\/megapets.eu\/da\/#organization"},"alternateName":"Mega Pets","potentialAction":[{"@type":"SearchAction","target":{"@type":"EntryPoint","urlTemplate":"https:\/\/megapets.eu\/da\/?s={search_term_string}"},"query-input":{"@type":"PropertyValueSpecification","valueRequired":true,"valueName":"search_term_string"}}],"inLanguage":"da-DK"},{"@type":"Organization","@id":"https:\/\/megapets.eu\/da\/#organization","name":"Mega Pets","url":"https:\/\/megapets.eu\/da\/","logo":{"@type":"ImageObject","inLanguage":"da-DK","@id":"https:\/\/megapets.eu\/da\/#\/schema\/logo\/image\/","url":"https:\/\/megapets.eu\/wp-content\/uploads\/2025\/04\/megapets_eu-logo.png","contentUrl":"https:\/\/megapets.eu\/wp-content\/uploads\/2025\/04\/megapets_eu-logo.png","width":2362,"height":2362,"caption":"Mega Pets"},"image":{"@id":"https:\/\/megapets.eu\/da\/#\/schema\/logo\/image\/"},"sameAs":["https:\/\/www.facebook.com\/MegaPets.eu\/"]}]}},"_links":{"self":[{"href":"https:\/\/megapets.eu\/da\/wp-json\/wp\/v2\/product\/8709","targetHints":{"allow":["GET"]}}],"collection":[{"href":"https:\/\/megapets.eu\/da\/wp-json\/wp\/v2\/product"}],"about":[{"href":"https:\/\/megapets.eu\/da\/wp-json\/wp\/v2\/types\/product"}],"wp:featuredmedia":[{"embeddable":true,"href":"https:\/\/megapets.eu\/da\/wp-json\/wp\/v2\/media\/8710"}],"wp:attachment":[{"href":"https:\/\/megapets.eu\/da\/wp-json\/wp\/v2\/media?parent=8709"}],"wp:term":[{"taxonomy":"product_cat","embeddable":true,"href":"https:\/\/megapets.eu\/da\/wp-json\/wp\/v2\/product_cat?post=8709"},{"taxonomy":"product_tag","embeddable":true,"href":"https:\/\/megapets.eu\/da\/wp-json\/wp\/v2\/product_tag?post=8709"}],"curies":[{"name":"wp","href":"https:\/\/api.w.org\/{rel}","templated":true}]}}