{"id":8730,"date":"2025-06-10T12:06:18","date_gmt":"2025-06-10T12:06:18","guid":{"rendered":"https:\/\/megapets.eu\/Ikke kategoriseret\/saet-med-5-stk-1-gratis-til-eksotiske-snegle\/"},"modified":"2026-04-17T11:53:45","modified_gmt":"2026-04-17T11:53:45","slug":"saet-med-5-stk-1-gratis-til-eksotiske-snegle","status":"publish","type":"product","link":"https:\/\/megapets.eu\/da\/tilbehor\/saet-med-5-stk-1-gratis-til-eksotiske-snegle\/","title":{"rendered":"S\u00e6t med 5 stk + 1 GRATIS! <br \/> til eksotiske snegle"},"content":{"rendered":"<p><em><b>&#8220;S\u00e6t med 5 stk + 1 GRATIS!&quot; <\/b>til eksotiske snegle:<\/em><\/p>\n<p><em><b>Prisen vedr\u00f8rer: <\/b>&#8220;S\u00e6t med 5 stk + 1 GRATIS!&quot; til opdr\u00e6t af eksotiske\/afrikanske snegle&quot;.<\/em><\/p>\n<p><em>Starts\u00e6ttet indeholder:<\/em><\/p>\n<p><em><b>1 stk x Calcium 200g. <\/b>I<b> <\/b>m\u00e5 en snegls daglige kost ikke mangle den grundl\u00e6ggende byggesten til en smuk og sund skal. Calcium-pakken indeholder 100 % \u00e6ggeskalspulver.<\/em><\/p>\n<p><em><b>1 x Protein &amp; Vitamin 120 g. <\/b>Protein &amp; Vitamin&quot;-pakken indeholder en blanding af korn, fuld af v\u00e6rdifulde n\u00e6ringsstoffer til korrekt udvikling af k\u00e6ledyrene, det er en gavnlig tilf\u00f8jelse til sneglenes basiskost.<\/em><\/p>\n<p><em><b>1 x Exotic mix herbs 100g. <\/b>&#8216;Exotic mix herbal&#8217;-pakken indeholder omhyggeligt udvalgte urter, et v\u00e6rdifuldt og naturligt supplement, der hj\u00e6lper med at berige eksotiske snegles kost baseret p\u00e5 deres vitamin- og mineralbehov, ingredienser, der er afg\u00f8rende for k\u00e6ledyrenes sundhed.<\/em><\/p>\n<p><em><b>1 stk. x Calcium mix 180g.<\/b> Pakken &#8216;Calcium mix&#8217; indeholder pulver fra \u00e6ggeskaller og sepia.<\/em><\/p>\n<p><em><b>1stk x Gammarus 60g. <\/b>Malet Gammarus er en t\u00f8rret kim, rig p\u00e5 makro- og mikroelementer, en naturlig kilde til animalsk protein og kitin.<\/em><\/p>\n<p><em><b>1 stk x Blomstermix 25g. (GRATIS!) <\/b>Blomsterblandingspakken indeholder naturlige, t\u00f8rrede blomsterblade.<\/em><\/p>\n<p><em>Det anbefales, at kosttilskuddene bruges skiftevis, s\u00e5 sneglens kost forbliver varieret og komplet. Vores kosttilskud er udviklet med k\u00e6rlighed til snegle og er baseret p\u00e5 mange \u00e5rs avlserfaring, s\u00e5 vi kan garantere deres kvalitet og effektivitet!<\/em><\/p>\n<p><em>\u2b50 Vi anbefaler kosttilskud, der er i stand til at opfylde behovene for v\u00e6rdifulde n\u00e6ringsstoffer hos selv de mest kr\u00e6vende arter: &#8220;Protein &amp; Vitamin&quot;, &#8220;Exotic herb mix&quot;, &#8220;Gammarus&quot; ground, &#8220;Flower mix&quot;. Det anbefales, at kosttilskuddene bruges skiftevis, s\u00e5 dit k\u00e6ledyrs kost forbliver varieret og komplet.<\/em><\/p>\n<p><em>\u2b50 De grundl\u00e6ggende byggesten til et smukt og sundt hus m\u00e5 ikke mangle i en snegls daglige kost: &#8220;Calcium&quot;, &#8220;Calcium mix&quot;.<\/em><\/p>\n","protected":false},"excerpt":{"rendered":"<ul class=\"product_attributes\">\n<li><span style=\"color: #555555;\">Inkluderer:<\/span><\/li>\n<li><span style=\"color: #555555;\">S\u00e6t:<\/span> 5 stk + 1 GRATIS!<\/li>\n<li><span style=\"color: #555555;\">Prisen vedr\u00f8rer:<\/span> 1 compl.<\/li>\n<\/ul>\n","protected":false},"featured_media":8731,"template":"","meta":{"_acf_changed":false,"_links_to":"","_links_to_target":""},"product_cat":[212],"product_tag":[215,214,216,213],"class_list":{"0":"post-8730","1":"product","2":"type-product","3":"status-publish","4":"has-post-thumbnail","6":"product_cat-tilbehor","7":"product_tag-for-isopoder","8":"product_tag-til-hvirvlerne","9":"product_tag-til-kakerlakker","10":"product_tag-til-snegle","12":"first","13":"instock","14":"shipping-taxable","15":"purchasable","16":"product-type-simple"},"acf":[],"yoast_head":"<!-- This site is optimized with the Yoast SEO plugin v24.9 - https:\/\/yoast.com\/wordpress\/plugins\/seo\/ -->\n<title>S\u00e6t med 5 stk + 1 GRATIS!  til eksotiske snegle | MegaPets<\/title>\n<meta name=\"robots\" content=\"index, follow, max-snippet:-1, max-image-preview:large, max-video-preview:-1\" \/>\n<link rel=\"canonical\" href=\"https:\/\/megapets.eu\/da\/tilbehor\/saet-med-5-stk-1-gratis-til-eksotiske-snegle\/\" \/>\n<meta property=\"og:locale\" content=\"da_DK\" \/>\n<meta property=\"og:type\" content=\"article\" \/>\n<meta property=\"og:title\" content=\"S\u00e6t med 5 stk + 1 GRATIS!  til eksotiske snegle | MegaPets\" \/>\n<meta property=\"og:description\" content=\"Inkluderer:  S\u00e6t: 5 stk + 1 GRATIS!  Prisen vedr\u00f8rer: 1 compl.\" \/>\n<meta property=\"og:url\" content=\"https:\/\/megapets.eu\/da\/tilbehor\/saet-med-5-stk-1-gratis-til-eksotiske-snegle\/\" \/>\n<meta property=\"og:site_name\" content=\"MegaPets\" \/>\n<meta property=\"article:publisher\" content=\"https:\/\/www.facebook.com\/MegaPets.eu\/\" \/>\n<meta property=\"article:modified_time\" content=\"2026-04-17T11:53:45+00:00\" \/>\n<meta property=\"og:image\" content=\"https:\/\/megapets.eu\/wp-content\/uploads\/2025\/06\/Zestaw-5-szt-1-gratis.png\" \/>\n\t<meta property=\"og:image:width\" content=\"1052\" \/>\n\t<meta property=\"og:image:height\" content=\"692\" \/>\n\t<meta property=\"og:image:type\" content=\"image\/png\" \/>\n<meta name=\"twitter:card\" content=\"summary_large_image\" \/>\n<meta name=\"twitter:label1\" content=\"Estimeret l\u00e6setid\" \/>\n\t<meta name=\"twitter:data1\" content=\"1 minut\" \/>\n<script type=\"application\/ld+json\" class=\"yoast-schema-graph\">{\"@context\":\"https:\/\/schema.org\",\"@graph\":[{\"@type\":\"WebPage\",\"@id\":\"https:\/\/megapets.eu\/da\/tilbehor\/saet-med-5-stk-1-gratis-til-eksotiske-snegle\/\",\"url\":\"https:\/\/megapets.eu\/da\/tilbehor\/saet-med-5-stk-1-gratis-til-eksotiske-snegle\/\",\"name\":\"S\u00e6t med 5 stk + 1 GRATIS! til eksotiske snegle | MegaPets\",\"isPartOf\":{\"@id\":\"https:\/\/megapets.eu\/da\/#website\"},\"primaryImageOfPage\":{\"@id\":\"https:\/\/megapets.eu\/da\/tilbehor\/saet-med-5-stk-1-gratis-til-eksotiske-snegle\/#primaryimage\"},\"image\":{\"@id\":\"https:\/\/megapets.eu\/da\/tilbehor\/saet-med-5-stk-1-gratis-til-eksotiske-snegle\/#primaryimage\"},\"thumbnailUrl\":\"https:\/\/megapets.eu\/wp-content\/uploads\/2025\/06\/Zestaw-5-szt-1-gratis.png\",\"datePublished\":\"2025-06-10T12:06:18+00:00\",\"dateModified\":\"2026-04-17T11:53:45+00:00\",\"breadcrumb\":{\"@id\":\"https:\/\/megapets.eu\/da\/tilbehor\/saet-med-5-stk-1-gratis-til-eksotiske-snegle\/#breadcrumb\"},\"inLanguage\":\"da-DK\",\"potentialAction\":[{\"@type\":\"ReadAction\",\"target\":[\"https:\/\/megapets.eu\/da\/tilbehor\/saet-med-5-stk-1-gratis-til-eksotiske-snegle\/\"]}]},{\"@type\":\"ImageObject\",\"inLanguage\":\"da-DK\",\"@id\":\"https:\/\/megapets.eu\/da\/tilbehor\/saet-med-5-stk-1-gratis-til-eksotiske-snegle\/#primaryimage\",\"url\":\"https:\/\/megapets.eu\/wp-content\/uploads\/2025\/06\/Zestaw-5-szt-1-gratis.png\",\"contentUrl\":\"https:\/\/megapets.eu\/wp-content\/uploads\/2025\/06\/Zestaw-5-szt-1-gratis.png\",\"width\":1052,\"height\":692},{\"@type\":\"BreadcrumbList\",\"@id\":\"https:\/\/megapets.eu\/da\/tilbehor\/saet-med-5-stk-1-gratis-til-eksotiske-snegle\/#breadcrumb\",\"itemListElement\":[{\"@type\":\"ListItem\",\"position\":1,\"name\":\"Strona g\u0142\u00f3wna\",\"item\":\"https:\/\/megapets.eu\/da\/\"},{\"@type\":\"ListItem\",\"position\":2,\"name\":\"Butik\",\"item\":\"https:\/\/megapets.eu\/butik\/\"},{\"@type\":\"ListItem\",\"position\":3,\"name\":\"S\u00e6t med 5 stk + 1 GRATIS! til eksotiske snegle\"}]},{\"@type\":\"WebSite\",\"@id\":\"https:\/\/megapets.eu\/da\/#website\",\"url\":\"https:\/\/megapets.eu\/da\/\",\"name\":\"Mega Pets\",\"description\":\"Jedna z najwi\u0119kszych hodowli \u015blimak\u00f3w w Europie\",\"publisher\":{\"@id\":\"https:\/\/megapets.eu\/da\/#organization\"},\"alternateName\":\"Mega Pets\",\"potentialAction\":[{\"@type\":\"SearchAction\",\"target\":{\"@type\":\"EntryPoint\",\"urlTemplate\":\"https:\/\/megapets.eu\/da\/?s={search_term_string}\"},\"query-input\":{\"@type\":\"PropertyValueSpecification\",\"valueRequired\":true,\"valueName\":\"search_term_string\"}}],\"inLanguage\":\"da-DK\"},{\"@type\":\"Organization\",\"@id\":\"https:\/\/megapets.eu\/da\/#organization\",\"name\":\"Mega Pets\",\"url\":\"https:\/\/megapets.eu\/da\/\",\"logo\":{\"@type\":\"ImageObject\",\"inLanguage\":\"da-DK\",\"@id\":\"https:\/\/megapets.eu\/da\/#\/schema\/logo\/image\/\",\"url\":\"https:\/\/megapets.eu\/wp-content\/uploads\/2025\/04\/megapets_eu-logo.png\",\"contentUrl\":\"https:\/\/megapets.eu\/wp-content\/uploads\/2025\/04\/megapets_eu-logo.png\",\"width\":2362,\"height\":2362,\"caption\":\"Mega Pets\"},\"image\":{\"@id\":\"https:\/\/megapets.eu\/da\/#\/schema\/logo\/image\/\"},\"sameAs\":[\"https:\/\/www.facebook.com\/MegaPets.eu\/\"]}]}<\/script>\n<!-- \/ Yoast SEO plugin. -->","yoast_head_json":{"title":"S\u00e6t med 5 stk + 1 GRATIS!  til eksotiske snegle | MegaPets","robots":{"index":"index","follow":"follow","max-snippet":"max-snippet:-1","max-image-preview":"max-image-preview:large","max-video-preview":"max-video-preview:-1"},"canonical":"https:\/\/megapets.eu\/da\/tilbehor\/saet-med-5-stk-1-gratis-til-eksotiske-snegle\/","og_locale":"da_DK","og_type":"article","og_title":"S\u00e6t med 5 stk + 1 GRATIS!  til eksotiske snegle | MegaPets","og_description":"Inkluderer:  S\u00e6t: 5 stk + 1 GRATIS!  Prisen vedr\u00f8rer: 1 compl.","og_url":"https:\/\/megapets.eu\/da\/tilbehor\/saet-med-5-stk-1-gratis-til-eksotiske-snegle\/","og_site_name":"MegaPets","article_publisher":"https:\/\/www.facebook.com\/MegaPets.eu\/","article_modified_time":"2026-04-17T11:53:45+00:00","og_image":[{"width":1052,"height":692,"url":"https:\/\/megapets.eu\/wp-content\/uploads\/2025\/06\/Zestaw-5-szt-1-gratis.png","type":"image\/png"}],"twitter_card":"summary_large_image","twitter_misc":{"Estimeret l\u00e6setid":"1 minut"},"schema":{"@context":"https:\/\/schema.org","@graph":[{"@type":"WebPage","@id":"https:\/\/megapets.eu\/da\/tilbehor\/saet-med-5-stk-1-gratis-til-eksotiske-snegle\/","url":"https:\/\/megapets.eu\/da\/tilbehor\/saet-med-5-stk-1-gratis-til-eksotiske-snegle\/","name":"S\u00e6t med 5 stk + 1 GRATIS! til eksotiske snegle | MegaPets","isPartOf":{"@id":"https:\/\/megapets.eu\/da\/#website"},"primaryImageOfPage":{"@id":"https:\/\/megapets.eu\/da\/tilbehor\/saet-med-5-stk-1-gratis-til-eksotiske-snegle\/#primaryimage"},"image":{"@id":"https:\/\/megapets.eu\/da\/tilbehor\/saet-med-5-stk-1-gratis-til-eksotiske-snegle\/#primaryimage"},"thumbnailUrl":"https:\/\/megapets.eu\/wp-content\/uploads\/2025\/06\/Zestaw-5-szt-1-gratis.png","datePublished":"2025-06-10T12:06:18+00:00","dateModified":"2026-04-17T11:53:45+00:00","breadcrumb":{"@id":"https:\/\/megapets.eu\/da\/tilbehor\/saet-med-5-stk-1-gratis-til-eksotiske-snegle\/#breadcrumb"},"inLanguage":"da-DK","potentialAction":[{"@type":"ReadAction","target":["https:\/\/megapets.eu\/da\/tilbehor\/saet-med-5-stk-1-gratis-til-eksotiske-snegle\/"]}]},{"@type":"ImageObject","inLanguage":"da-DK","@id":"https:\/\/megapets.eu\/da\/tilbehor\/saet-med-5-stk-1-gratis-til-eksotiske-snegle\/#primaryimage","url":"https:\/\/megapets.eu\/wp-content\/uploads\/2025\/06\/Zestaw-5-szt-1-gratis.png","contentUrl":"https:\/\/megapets.eu\/wp-content\/uploads\/2025\/06\/Zestaw-5-szt-1-gratis.png","width":1052,"height":692},{"@type":"BreadcrumbList","@id":"https:\/\/megapets.eu\/da\/tilbehor\/saet-med-5-stk-1-gratis-til-eksotiske-snegle\/#breadcrumb","itemListElement":[{"@type":"ListItem","position":1,"name":"Strona g\u0142\u00f3wna","item":"https:\/\/megapets.eu\/da\/"},{"@type":"ListItem","position":2,"name":"Butik","item":"https:\/\/megapets.eu\/butik\/"},{"@type":"ListItem","position":3,"name":"S\u00e6t med 5 stk + 1 GRATIS! til eksotiske snegle"}]},{"@type":"WebSite","@id":"https:\/\/megapets.eu\/da\/#website","url":"https:\/\/megapets.eu\/da\/","name":"Mega Pets","description":"Jedna z najwi\u0119kszych hodowli \u015blimak\u00f3w w Europie","publisher":{"@id":"https:\/\/megapets.eu\/da\/#organization"},"alternateName":"Mega Pets","potentialAction":[{"@type":"SearchAction","target":{"@type":"EntryPoint","urlTemplate":"https:\/\/megapets.eu\/da\/?s={search_term_string}"},"query-input":{"@type":"PropertyValueSpecification","valueRequired":true,"valueName":"search_term_string"}}],"inLanguage":"da-DK"},{"@type":"Organization","@id":"https:\/\/megapets.eu\/da\/#organization","name":"Mega Pets","url":"https:\/\/megapets.eu\/da\/","logo":{"@type":"ImageObject","inLanguage":"da-DK","@id":"https:\/\/megapets.eu\/da\/#\/schema\/logo\/image\/","url":"https:\/\/megapets.eu\/wp-content\/uploads\/2025\/04\/megapets_eu-logo.png","contentUrl":"https:\/\/megapets.eu\/wp-content\/uploads\/2025\/04\/megapets_eu-logo.png","width":2362,"height":2362,"caption":"Mega Pets"},"image":{"@id":"https:\/\/megapets.eu\/da\/#\/schema\/logo\/image\/"},"sameAs":["https:\/\/www.facebook.com\/MegaPets.eu\/"]}]}},"_links":{"self":[{"href":"https:\/\/megapets.eu\/da\/wp-json\/wp\/v2\/product\/8730","targetHints":{"allow":["GET"]}}],"collection":[{"href":"https:\/\/megapets.eu\/da\/wp-json\/wp\/v2\/product"}],"about":[{"href":"https:\/\/megapets.eu\/da\/wp-json\/wp\/v2\/types\/product"}],"wp:featuredmedia":[{"embeddable":true,"href":"https:\/\/megapets.eu\/da\/wp-json\/wp\/v2\/media\/8731"}],"wp:attachment":[{"href":"https:\/\/megapets.eu\/da\/wp-json\/wp\/v2\/media?parent=8730"}],"wp:term":[{"taxonomy":"product_cat","embeddable":true,"href":"https:\/\/megapets.eu\/da\/wp-json\/wp\/v2\/product_cat?post=8730"},{"taxonomy":"product_tag","embeddable":true,"href":"https:\/\/megapets.eu\/da\/wp-json\/wp\/v2\/product_tag?post=8730"}],"curies":[{"name":"wp","href":"https:\/\/api.w.org\/{rel}","templated":true}]}}